{"id":42184,"date":"2023-07-17T16:18:28","date_gmt":"2023-07-17T14:18:28","guid":{"rendered":"https:\/\/naturalpoland.com\/produkty\/uncategorized\/%ec%9e%ac%ec%8a%a4%eb%af%bc-%eb%b2%84%ed%84%b0\/"},"modified":"2025-07-21T13:59:41","modified_gmt":"2025-07-21T11:59:41","slug":"%ec%9e%ac%ec%8a%a4%eb%af%bc-%eb%b2%84%ed%84%b0","status":"publish","type":"product","link":"https:\/\/naturalpoland.com\/ko\/je-pum\/hwa-jang-pum-won-ryo\/hwa-jang-pum-beo-teo\/%ec%9e%ac%ec%8a%a4%eb%af%bc-%eb%b2%84%ed%84%b0\/","title":{"rendered":"\uc7ac\uc2a4\ubbfc \ubc84\ud130"},"content":{"rendered":"<h2>\uc7ac\uc2a4\ubbfc \ubc84\ud130 \uc131\ubd84:<\/h2>\n<p><strong><a href=\"https:\/\/naturalpoland.com\/produkty\/produkty-dla-przemyslu-kosmetycznego\/oleje-kosmetyczne\/olej-migdalowy\/\">\uc2a4\uc704\ud2b8 \uc544\ubaac\ub4dc \uc624\uc77c<\/a><\/strong>\uc740 \uc800\ud76c \ubc84\ud130\uc758 \ubca0\uc774\uc2a4\ub97c \uc774\ub8e8\uba70, \uac15\ub825\ud55c \ubcf4\uc2b5 \ud2b9\uc131\uc73c\ub85c \ub192\uc774 \ud3c9\uac00\ub429\ub2c8\ub2e4. \ube44\ud0c0\ubbfc A\uc640 E, \ub9c8\uadf8\ub124\uc298, \uadf8\ub9ac\uace0 \uac74\uac15\ud55c \uc9c0\ubc29\uc774 \ud48d\ubd80\ud558\uc5ec \ud53c\ubd80\ub97c \ubd80\ub4dc\ub7fd\uace0 \ucd09\ucd09\ud558\uba70 \uac74\uac15\ud558\uac8c \uc720\uc9c0\ud558\ub294 \ub370 \ub3c4\uc6c0\uc744 \uc90d\ub2c8\ub2e4. <strong>\uacbd\ud654 \uc2dd\ubb3c\uc131 \uc624\uc77c<\/strong>\uc740 \ubc84\ud130\uc5d0 \ud06c\ub9bc \uac19\uace0 \uc27d\uac8c \ud3b4 \ubc1c\ub9ac\ub294 \uc9c8\uac10\uc744 \ub354\ud574\uc8fc\uba70, \uc774\ub294 \ud53c\ubd80\uc5d0 \ube60\ub974\uac8c \ud761\uc218\ub418\uc5b4 \ud544\uc218 \uc601\uc591\ubd84\uc744 \uacf5\uae09\ud569\ub2c8\ub2e4. <\/p>\n<p>\ud558\uc9c0\ub9cc \uc774 \uc81c\ud488\uc758 \uac00\uc7a5 \ud070 \uc7a5\uc810\uc740 \ud568\uc720\ub41c <strong>\uc7ac\uc2a4\ubbfc \uc624\uc77c<\/strong>\uc785\ub2c8\ub2e4. \uac15\ub82c\ud558\uace0 \uc774\uad6d\uc801\uc778 \ud5a5\uc740 \uc77c\uc0c1\uc801\uc778 \ud53c\ubd80 \uad00\ub9ac\ub97c \ud2b9\ubcc4\ud55c \uacbd\ud5d8\uc73c\ub85c \ubcc0\ud654\uc2dc\ud0b5\ub2c8\ub2e4. \uc7ac\uc2a4\ubbfc\uc740 \ub610\ud55c \uc0b4\uade0 \ubc0f \ud56d\uc0b0\ud654 \ud2b9\uc131\uc73c\ub85c\ub3c4 \uc54c\ub824\uc838 \uc788\uc73c\uba70, \uc774\ub294 \uc678\ubd80 \uc694\uc778\uc758 \uc720\ud574\ud55c \uc601\ud5a5\uc73c\ub85c\ubd80\ud130 \ud53c\ubd80\ub97c \ubcf4\ud638\ud558\ub294 \ub370 \ub3c4\uc6c0\uc744 \uc90d\ub2c8\ub2e4.  <\/p>\n<h2>\uc7ac\uc2a4\ubbfc \ubc84\ud130 \uc0ac\uc6a9 \ubc29\ubc95?<\/h2>\n<p>\uc7ac\uc2a4\ubbfc \ubc84\ud130\ub294 \ubaa8\ub4e0 \ud53c\ubd80 \ud0c0\uc785 \uad00\ub9ac\uc5d0 \ud0c1\uc6d4\ud558\uc9c0\ub9cc, \ud2b9\ud788 \uac74\uc131, \uc131\uc219\uc131, \ubbfc\uac10\uc131 \ud53c\ubd80\uc5d0 \uad8c\uc7a5\ub429\ub2c8\ub2e4. \ubab8, \uc5bc\uad74, \uc2ec\uc9c0\uc5b4 \uba38\ub9ac\uce74\ub77d \uad00\ub9ac\uc5d0\ub3c4 \uc0ac\uc6a9\ud560 \uc218 \uc788\uc2b5\ub2c8\ub2e4. \ud648\uba54\uc774\ub4dc \ud654\uc7a5\ud488\uc758 \uc131\ubd84\uc73c\ub85c\ub3c4 \ud6cc\ub96d\ud558\uac8c \ud65c\uc6a9\ub420 \uc218 \uc788\uc2b5\ub2c8\ub2e4 \u2013 \uc608\ub97c \ub4e4\uc5b4, \ubc24, \ub9c8\uc2a4\ud06c\ud329, \ub610\ub294 \ud06c\ub9bc\uc5d0 \uc0ac\uc6a9\ub429\ub2c8\ub2e4.  <\/p>\n","protected":false},"excerpt":{"rendered":"<p>\uc7ac\uc2a4\ubbfc \ubc84\ud130\ub294 \uc2a4\uc704\ud2b8 \uc544\ubaac\ub4dc \uc624\uc77c(<em>Prunus Amygdalus Dulcis Oil<\/em>), \uacbd\ud654 \uc2dd\ubb3c\uc131 \uc624\uc77c(<em>Hydrogenated Vegetable Oil<\/em>), \uadf8\ub9ac\uace0 \uc7ac\uc2a4\ubbfc \uaf43 \uc624\uc77c(<em>Jasminum Officinale Oil<\/em>)\uc758 \ud6a8\ub2a5\uc744 \uacb0\ud569\ud569\ub2c8\ub2e4.<\/p>\n","protected":false},"featured_media":42186,"template":"","meta":{"_acf_changed":false},"product_brand":[],"product_cat":[8153],"product_tag":[],"class_list":{"0":"post-42184","1":"product","2":"type-product","3":"status-publish","4":"has-post-thumbnail","6":"product_cat-hwa-jang-pum-beo-teo","8":"first","9":"instock","10":"shipping-taxable","11":"product-type-simple"},"acf":[],"yoast_head":"<!-- This site is optimized with the Yoast SEO plugin v27.4 - https:\/\/yoast.com\/product\/yoast-seo-wordpress\/ -->\n<title>\uc7ac\uc2a4\ubbfc \ubc84\ud130 - Hurtowy Dystrybutor<\/title>\n<meta name=\"description\" content=\"\uc7ac\uc2a4\ubbfc \ubc84\ud130\ub294 \uc2a4\uc704\ud2b8 \uc544\ubaac\ub4dc \uc624\uc77c, \uacbd\ud654 \uc2dd\ubb3c\uc131 \uc624\uc77c, \uc7ac\uc2a4\ubbfc \uaf43 \uc624\uc77c\uc758 \ud6a8\ub2a5\uc744 \uacb0\ud569\ud569\ub2c8\ub2e4.\" \/>\n<meta name=\"robots\" content=\"index, follow, max-snippet:-1, max-image-preview:large, max-video-preview:-1\" \/>\n<link rel=\"canonical\" href=\"https:\/\/naturalpoland.com\/ko\/je-pum\/hwa-jang-pum-won-ryo\/hwa-jang-pum-beo-teo\/%ec%9e%ac%ec%8a%a4%eb%af%bc-%eb%b2%84%ed%84%b0\/\" \/>\n<meta property=\"og:locale\" content=\"ko_KR\" \/>\n<meta property=\"og:type\" content=\"article\" \/>\n<meta property=\"og:title\" content=\"\uc7ac\uc2a4\ubbfc \ubc84\ud130 - Hurtowy Dystrybutor\" \/>\n<meta property=\"og:description\" content=\"\uc7ac\uc2a4\ubbfc \ubc84\ud130\ub294 \uc2a4\uc704\ud2b8 \uc544\ubaac\ub4dc \uc624\uc77c, \uacbd\ud654 \uc2dd\ubb3c\uc131 \uc624\uc77c, \uc7ac\uc2a4\ubbfc \uaf43 \uc624\uc77c\uc758 \ud6a8\ub2a5\uc744 \uacb0\ud569\ud569\ub2c8\ub2e4.\" \/>\n<meta property=\"og:url\" content=\"https:\/\/naturalpoland.com\/ko\/je-pum\/hwa-jang-pum-won-ryo\/hwa-jang-pum-beo-teo\/%ec%9e%ac%ec%8a%a4%eb%af%bc-%eb%b2%84%ed%84%b0\/\" \/>\n<meta property=\"og:site_name\" content=\"NATURAL POLAND - Hurtowy Dystrybutor Surowc\u00f3w\" \/>\n<meta property=\"article:publisher\" content=\"https:\/\/www.facebook.com\/naturalpoland.b2b\" \/>\n<meta property=\"article:modified_time\" content=\"2025-07-21T11:59:41+00:00\" \/>\n<meta property=\"og:image\" content=\"https:\/\/naturalpoland.com\/wp-content\/uploads\/jasmin_butter.png\" \/>\n\t<meta property=\"og:image:width\" content=\"597\" \/>\n\t<meta property=\"og:image:height\" content=\"597\" \/>\n\t<meta property=\"og:image:type\" content=\"image\/png\" \/>\n<script type=\"application\/ld+json\" class=\"yoast-schema-graph\">{\"@context\":\"https:\\\/\\\/schema.org\",\"@graph\":[{\"@type\":\"WebPage\",\"@id\":\"https:\\\/\\\/naturalpoland.com\\\/ko\\\/je-pum\\\/hwa-jang-pum-won-ryo\\\/hwa-jang-pum-beo-teo\\\/%ec%9e%ac%ec%8a%a4%eb%af%bc-%eb%b2%84%ed%84%b0\\\/\",\"url\":\"https:\\\/\\\/naturalpoland.com\\\/ko\\\/je-pum\\\/hwa-jang-pum-won-ryo\\\/hwa-jang-pum-beo-teo\\\/%ec%9e%ac%ec%8a%a4%eb%af%bc-%eb%b2%84%ed%84%b0\\\/\",\"name\":\"\uc7ac\uc2a4\ubbfc \ubc84\ud130 - Hurtowy Dystrybutor\",\"isPartOf\":{\"@id\":\"https:\\\/\\\/naturalpoland.com\\\/ko\\\/#website\"},\"primaryImageOfPage\":{\"@id\":\"https:\\\/\\\/naturalpoland.com\\\/ko\\\/je-pum\\\/hwa-jang-pum-won-ryo\\\/hwa-jang-pum-beo-teo\\\/%ec%9e%ac%ec%8a%a4%eb%af%bc-%eb%b2%84%ed%84%b0\\\/#primaryimage\"},\"image\":{\"@id\":\"https:\\\/\\\/naturalpoland.com\\\/ko\\\/je-pum\\\/hwa-jang-pum-won-ryo\\\/hwa-jang-pum-beo-teo\\\/%ec%9e%ac%ec%8a%a4%eb%af%bc-%eb%b2%84%ed%84%b0\\\/#primaryimage\"},\"thumbnailUrl\":\"https:\\\/\\\/naturalpoland.com\\\/wp-content\\\/uploads\\\/jasmin_butter.png\",\"datePublished\":\"2023-07-17T14:18:28+00:00\",\"dateModified\":\"2025-07-21T11:59:41+00:00\",\"description\":\"\uc7ac\uc2a4\ubbfc \ubc84\ud130\ub294 \uc2a4\uc704\ud2b8 \uc544\ubaac\ub4dc \uc624\uc77c, \uacbd\ud654 \uc2dd\ubb3c\uc131 \uc624\uc77c, \uc7ac\uc2a4\ubbfc \uaf43 \uc624\uc77c\uc758 \ud6a8\ub2a5\uc744 \uacb0\ud569\ud569\ub2c8\ub2e4.\",\"breadcrumb\":{\"@id\":\"https:\\\/\\\/naturalpoland.com\\\/ko\\\/je-pum\\\/hwa-jang-pum-won-ryo\\\/hwa-jang-pum-beo-teo\\\/%ec%9e%ac%ec%8a%a4%eb%af%bc-%eb%b2%84%ed%84%b0\\\/#breadcrumb\"},\"inLanguage\":\"ko-KR\",\"potentialAction\":[{\"@type\":\"ReadAction\",\"target\":[\"https:\\\/\\\/naturalpoland.com\\\/ko\\\/je-pum\\\/hwa-jang-pum-won-ryo\\\/hwa-jang-pum-beo-teo\\\/%ec%9e%ac%ec%8a%a4%eb%af%bc-%eb%b2%84%ed%84%b0\\\/\"]}]},{\"@type\":\"ImageObject\",\"inLanguage\":\"ko-KR\",\"@id\":\"https:\\\/\\\/naturalpoland.com\\\/ko\\\/je-pum\\\/hwa-jang-pum-won-ryo\\\/hwa-jang-pum-beo-teo\\\/%ec%9e%ac%ec%8a%a4%eb%af%bc-%eb%b2%84%ed%84%b0\\\/#primaryimage\",\"url\":\"https:\\\/\\\/naturalpoland.com\\\/wp-content\\\/uploads\\\/jasmin_butter.png\",\"contentUrl\":\"https:\\\/\\\/naturalpoland.com\\\/wp-content\\\/uploads\\\/jasmin_butter.png\",\"width\":597,\"height\":597,\"caption\":\"mas\u0142o ja\u015bminowe\"},{\"@type\":\"BreadcrumbList\",\"@id\":\"https:\\\/\\\/naturalpoland.com\\\/ko\\\/je-pum\\\/hwa-jang-pum-won-ryo\\\/hwa-jang-pum-beo-teo\\\/%ec%9e%ac%ec%8a%a4%eb%af%bc-%eb%b2%84%ed%84%b0\\\/#breadcrumb\",\"itemListElement\":[{\"@type\":\"ListItem\",\"position\":1,\"name\":\"\ud648\",\"item\":\"https:\\\/\\\/naturalpoland.com\\\/ko\\\/\"},{\"@type\":\"ListItem\",\"position\":2,\"name\":\"\uc81c\ud488\",\"item\":\"https:\\\/\\\/naturalpoland.com\\\/ko\\\/%ec%a0%9c%ed%92%88\\\/\"},{\"@type\":\"ListItem\",\"position\":3,\"name\":\"\uc7ac\uc2a4\ubbfc \ubc84\ud130\"}]},{\"@type\":\"WebSite\",\"@id\":\"https:\\\/\\\/naturalpoland.com\\\/ko\\\/#website\",\"url\":\"https:\\\/\\\/naturalpoland.com\\\/ko\\\/\",\"name\":\"NATURAL POLAND - Hurtowy Dystrybutor Surowc\u00f3w\",\"description\":\"Surowce dla przemys\u0142u spo\u017cywczego, kosmetycznego i farmaceutycznego\",\"publisher\":{\"@id\":\"https:\\\/\\\/naturalpoland.com\\\/ko\\\/#organization\"},\"potentialAction\":[{\"@type\":\"SearchAction\",\"target\":{\"@type\":\"EntryPoint\",\"urlTemplate\":\"https:\\\/\\\/naturalpoland.com\\\/ko\\\/?s={search_term_string}\"},\"query-input\":{\"@type\":\"PropertyValueSpecification\",\"valueRequired\":true,\"valueName\":\"search_term_string\"}}],\"inLanguage\":\"ko-KR\"},{\"@type\":\"Organization\",\"@id\":\"https:\\\/\\\/naturalpoland.com\\\/ko\\\/#organization\",\"name\":\"Natural Poland\",\"url\":\"https:\\\/\\\/naturalpoland.com\\\/ko\\\/\",\"logo\":{\"@type\":\"ImageObject\",\"inLanguage\":\"ko-KR\",\"@id\":\"https:\\\/\\\/naturalpoland.com\\\/ko\\\/#\\\/schema\\\/logo\\\/image\\\/\",\"url\":\"https:\\\/\\\/naturalpoland.com\\\/wp-content\\\/uploads\\\/2021\\\/05\\\/natural-poland-icon.png\",\"contentUrl\":\"https:\\\/\\\/naturalpoland.com\\\/wp-content\\\/uploads\\\/2021\\\/05\\\/natural-poland-icon.png\",\"width\":512,\"height\":512,\"caption\":\"Natural Poland\"},\"image\":{\"@id\":\"https:\\\/\\\/naturalpoland.com\\\/ko\\\/#\\\/schema\\\/logo\\\/image\\\/\"},\"sameAs\":[\"https:\\\/\\\/www.facebook.com\\\/naturalpoland.b2b\",\"https:\\\/\\\/pl.linkedin.com\\\/company\\\/natural-poland\",\"https:\\\/\\\/www.youtube.com\\\/channel\\\/UCgeGGkvOMahZo-xu_MSEWxg\"]}]}<\/script>\n<!-- \/ Yoast SEO plugin. -->","yoast_head_json":{"title":"\uc7ac\uc2a4\ubbfc \ubc84\ud130 - Hurtowy Dystrybutor","description":"\uc7ac\uc2a4\ubbfc \ubc84\ud130\ub294 \uc2a4\uc704\ud2b8 \uc544\ubaac\ub4dc \uc624\uc77c, \uacbd\ud654 \uc2dd\ubb3c\uc131 \uc624\uc77c, \uc7ac\uc2a4\ubbfc \uaf43 \uc624\uc77c\uc758 \ud6a8\ub2a5\uc744 \uacb0\ud569\ud569\ub2c8\ub2e4.","robots":{"index":"index","follow":"follow","max-snippet":"max-snippet:-1","max-image-preview":"max-image-preview:large","max-video-preview":"max-video-preview:-1"},"canonical":"https:\/\/naturalpoland.com\/ko\/je-pum\/hwa-jang-pum-won-ryo\/hwa-jang-pum-beo-teo\/%ec%9e%ac%ec%8a%a4%eb%af%bc-%eb%b2%84%ed%84%b0\/","og_locale":"ko_KR","og_type":"article","og_title":"\uc7ac\uc2a4\ubbfc \ubc84\ud130 - Hurtowy Dystrybutor","og_description":"\uc7ac\uc2a4\ubbfc \ubc84\ud130\ub294 \uc2a4\uc704\ud2b8 \uc544\ubaac\ub4dc \uc624\uc77c, \uacbd\ud654 \uc2dd\ubb3c\uc131 \uc624\uc77c, \uc7ac\uc2a4\ubbfc \uaf43 \uc624\uc77c\uc758 \ud6a8\ub2a5\uc744 \uacb0\ud569\ud569\ub2c8\ub2e4.","og_url":"https:\/\/naturalpoland.com\/ko\/je-pum\/hwa-jang-pum-won-ryo\/hwa-jang-pum-beo-teo\/%ec%9e%ac%ec%8a%a4%eb%af%bc-%eb%b2%84%ed%84%b0\/","og_site_name":"NATURAL POLAND - Hurtowy Dystrybutor Surowc\u00f3w","article_publisher":"https:\/\/www.facebook.com\/naturalpoland.b2b","article_modified_time":"2025-07-21T11:59:41+00:00","og_image":[{"width":597,"height":597,"url":"https:\/\/naturalpoland.com\/wp-content\/uploads\/jasmin_butter.png","type":"image\/png"}],"schema":{"@context":"https:\/\/schema.org","@graph":[{"@type":"WebPage","@id":"https:\/\/naturalpoland.com\/ko\/je-pum\/hwa-jang-pum-won-ryo\/hwa-jang-pum-beo-teo\/%ec%9e%ac%ec%8a%a4%eb%af%bc-%eb%b2%84%ed%84%b0\/","url":"https:\/\/naturalpoland.com\/ko\/je-pum\/hwa-jang-pum-won-ryo\/hwa-jang-pum-beo-teo\/%ec%9e%ac%ec%8a%a4%eb%af%bc-%eb%b2%84%ed%84%b0\/","name":"\uc7ac\uc2a4\ubbfc \ubc84\ud130 - Hurtowy Dystrybutor","isPartOf":{"@id":"https:\/\/naturalpoland.com\/ko\/#website"},"primaryImageOfPage":{"@id":"https:\/\/naturalpoland.com\/ko\/je-pum\/hwa-jang-pum-won-ryo\/hwa-jang-pum-beo-teo\/%ec%9e%ac%ec%8a%a4%eb%af%bc-%eb%b2%84%ed%84%b0\/#primaryimage"},"image":{"@id":"https:\/\/naturalpoland.com\/ko\/je-pum\/hwa-jang-pum-won-ryo\/hwa-jang-pum-beo-teo\/%ec%9e%ac%ec%8a%a4%eb%af%bc-%eb%b2%84%ed%84%b0\/#primaryimage"},"thumbnailUrl":"https:\/\/naturalpoland.com\/wp-content\/uploads\/jasmin_butter.png","datePublished":"2023-07-17T14:18:28+00:00","dateModified":"2025-07-21T11:59:41+00:00","description":"\uc7ac\uc2a4\ubbfc \ubc84\ud130\ub294 \uc2a4\uc704\ud2b8 \uc544\ubaac\ub4dc \uc624\uc77c, \uacbd\ud654 \uc2dd\ubb3c\uc131 \uc624\uc77c, \uc7ac\uc2a4\ubbfc \uaf43 \uc624\uc77c\uc758 \ud6a8\ub2a5\uc744 \uacb0\ud569\ud569\ub2c8\ub2e4.","breadcrumb":{"@id":"https:\/\/naturalpoland.com\/ko\/je-pum\/hwa-jang-pum-won-ryo\/hwa-jang-pum-beo-teo\/%ec%9e%ac%ec%8a%a4%eb%af%bc-%eb%b2%84%ed%84%b0\/#breadcrumb"},"inLanguage":"ko-KR","potentialAction":[{"@type":"ReadAction","target":["https:\/\/naturalpoland.com\/ko\/je-pum\/hwa-jang-pum-won-ryo\/hwa-jang-pum-beo-teo\/%ec%9e%ac%ec%8a%a4%eb%af%bc-%eb%b2%84%ed%84%b0\/"]}]},{"@type":"ImageObject","inLanguage":"ko-KR","@id":"https:\/\/naturalpoland.com\/ko\/je-pum\/hwa-jang-pum-won-ryo\/hwa-jang-pum-beo-teo\/%ec%9e%ac%ec%8a%a4%eb%af%bc-%eb%b2%84%ed%84%b0\/#primaryimage","url":"https:\/\/naturalpoland.com\/wp-content\/uploads\/jasmin_butter.png","contentUrl":"https:\/\/naturalpoland.com\/wp-content\/uploads\/jasmin_butter.png","width":597,"height":597,"caption":"mas\u0142o ja\u015bminowe"},{"@type":"BreadcrumbList","@id":"https:\/\/naturalpoland.com\/ko\/je-pum\/hwa-jang-pum-won-ryo\/hwa-jang-pum-beo-teo\/%ec%9e%ac%ec%8a%a4%eb%af%bc-%eb%b2%84%ed%84%b0\/#breadcrumb","itemListElement":[{"@type":"ListItem","position":1,"name":"\ud648","item":"https:\/\/naturalpoland.com\/ko\/"},{"@type":"ListItem","position":2,"name":"\uc81c\ud488","item":"https:\/\/naturalpoland.com\/ko\/%ec%a0%9c%ed%92%88\/"},{"@type":"ListItem","position":3,"name":"\uc7ac\uc2a4\ubbfc \ubc84\ud130"}]},{"@type":"WebSite","@id":"https:\/\/naturalpoland.com\/ko\/#website","url":"https:\/\/naturalpoland.com\/ko\/","name":"NATURAL POLAND - Hurtowy Dystrybutor Surowc\u00f3w","description":"Surowce dla przemys\u0142u spo\u017cywczego, kosmetycznego i farmaceutycznego","publisher":{"@id":"https:\/\/naturalpoland.com\/ko\/#organization"},"potentialAction":[{"@type":"SearchAction","target":{"@type":"EntryPoint","urlTemplate":"https:\/\/naturalpoland.com\/ko\/?s={search_term_string}"},"query-input":{"@type":"PropertyValueSpecification","valueRequired":true,"valueName":"search_term_string"}}],"inLanguage":"ko-KR"},{"@type":"Organization","@id":"https:\/\/naturalpoland.com\/ko\/#organization","name":"Natural Poland","url":"https:\/\/naturalpoland.com\/ko\/","logo":{"@type":"ImageObject","inLanguage":"ko-KR","@id":"https:\/\/naturalpoland.com\/ko\/#\/schema\/logo\/image\/","url":"https:\/\/naturalpoland.com\/wp-content\/uploads\/2021\/05\/natural-poland-icon.png","contentUrl":"https:\/\/naturalpoland.com\/wp-content\/uploads\/2021\/05\/natural-poland-icon.png","width":512,"height":512,"caption":"Natural Poland"},"image":{"@id":"https:\/\/naturalpoland.com\/ko\/#\/schema\/logo\/image\/"},"sameAs":["https:\/\/www.facebook.com\/naturalpoland.b2b","https:\/\/pl.linkedin.com\/company\/natural-poland","https:\/\/www.youtube.com\/channel\/UCgeGGkvOMahZo-xu_MSEWxg"]}]}},"_links":{"self":[{"href":"https:\/\/naturalpoland.com\/ko\/wp-json\/wp\/v2\/product\/42184","targetHints":{"allow":["GET"]}}],"collection":[{"href":"https:\/\/naturalpoland.com\/ko\/wp-json\/wp\/v2\/product"}],"about":[{"href":"https:\/\/naturalpoland.com\/ko\/wp-json\/wp\/v2\/types\/product"}],"wp:featuredmedia":[{"embeddable":true,"href":"https:\/\/naturalpoland.com\/ko\/wp-json\/wp\/v2\/media\/42186"}],"wp:attachment":[{"href":"https:\/\/naturalpoland.com\/ko\/wp-json\/wp\/v2\/media?parent=42184"}],"wp:term":[{"taxonomy":"product_brand","embeddable":true,"href":"https:\/\/naturalpoland.com\/ko\/wp-json\/wp\/v2\/product_brand?post=42184"},{"taxonomy":"product_cat","embeddable":true,"href":"https:\/\/naturalpoland.com\/ko\/wp-json\/wp\/v2\/product_cat?post=42184"},{"taxonomy":"product_tag","embeddable":true,"href":"https:\/\/naturalpoland.com\/ko\/wp-json\/wp\/v2\/product_tag?post=42184"}],"curies":[{"name":"wp","href":"https:\/\/api.w.org\/{rel}","templated":true}]}}