{"id":42185,"date":"2021-05-11T13:47:23","date_gmt":"2021-05-11T11:47:23","guid":{"rendered":"https:\/\/naturalpoland.com\/produkty\/uncategorized\/%ec%8b%9c%ec%96%b4-%eb%b2%84%ed%84%b0-%ec%b9%b4%eb%a6%ac%ed%85%8c-%eb%b2%84%ed%84%b0\/"},"modified":"2025-07-21T13:59:42","modified_gmt":"2025-07-21T11:59:42","slug":"%ec%8b%9c%ec%96%b4-%eb%b2%84%ed%84%b0-%ec%b9%b4%eb%a6%ac%ed%85%8c-%eb%b2%84%ed%84%b0","status":"publish","type":"product","link":"https:\/\/naturalpoland.com\/ko\/je-pum\/hwa-jang-pum-won-ryo\/hwa-jang-pum-beo-teo\/%ec%8b%9c%ec%96%b4-%eb%b2%84%ed%84%b0-%ec%b9%b4%eb%a6%ac%ed%85%8c-%eb%b2%84%ed%84%b0\/","title":{"rendered":"\uc2dc\uc5b4 \ubc84\ud130 (\uce74\ub9ac\ud14c \ubc84\ud130)"},"content":{"rendered":"<p><strong>\uc2dc\uc5b4 \ubc84\ud130 (\uce74\ub9ac\ud14c \ubc84\ud130)<\/strong>\ub294 \uad11\ubc94\uc704\ud558\uac8c \uc0ac\uc6a9\ub429\ub2c8\ub2e4. \uadf8 \uc911 \ud558\ub098\ub294 \uc720\ud574\ud55c \uae30\uc0c1 \uc870\uac74\uc73c\ub85c\ubd80\ud130 \ud53c\ubd80\ub97c \ubcf4\ud638\ud558\uace0 \uc790\uadf9\uc744 \uc644\ud654\ud558\ub294 \uac83\uc785\ub2c8\ub2e4. <\/p>\n<p>\uc2dc\uc5b4 \ubc84\ud130\ub294 \uc5bc\uad74 \ub610\ub294 \ubc14\ub514 \ud654\uc7a5\ud488, \uc785\uc220 \ubcf4\ud638 \ubc0f \ubcf4\uc2b5 \ud654\uc7a5\ud488, \ud5e4\uc5b4 \uc81c\ud488\uc758 \uc131\ubd84\uc73c\ub85c \uc0ac\uc6a9\ub420 \uc218 \uc788\uc2b5\ub2c8\ub2e4. \uc774 \uc81c\ud488\uc740 \ub9e4\uc6b0 \ubbfc\uac10\ud55c \ud53c\ubd80\ub97c \uc704\ud55c \ud074\ub80c\uc9d5 \ud06c\ub9bc \uc0dd\uc0b0\uc5d0\ub3c4 \uc0ac\uc6a9\ub429\ub2c8\ub2e4. <\/p>\n<h3>\uc9c0\ubc29\uc0b0 \ud568\ub7c9<\/h3>\n<p>&nbsp;<\/p>\n<table>\n<tbody>\n<tr>\n<th>\uc0b0 \uc774\ub984<\/th>\n<th>C-CHAIN<\/th>\n<th>\ubc94\uc704 (%)<\/th>\n<\/tr>\n<tr>\n<td>\ud314\ubbf8\ud2b8\uc0b0<\/td>\n<td>C16:0<\/td>\n<td>2.0 \u2013 6.0<\/td>\n<\/tr>\n<tr>\n<td>\uc2a4\ud14c\uc544\ub974\uc0b0<\/td>\n<td>C18:0<\/td>\n<td>38.0 \u2013 47.0<\/td>\n<\/tr>\n<tr>\n<td>\uc62c\ub808\uc0b0<\/td>\n<td>C18:1<\/td>\n<td>42.0 \u2013 49.0<\/td>\n<\/tr>\n<tr>\n<td>\ub9ac\ub180\ub808\uc0b0<\/td>\n<td>C18:2<\/td>\n<td>4.0 \u2013 8.0<\/td>\n<\/tr>\n<tr>\n<td>\ub9ac\ub180\ub80c\uc0b0<\/td>\n<td>C18:3<\/td>\n<td>&lt;1.0<\/td>\n<\/tr>\n<tr>\n<td>\uc544\ub77c\ud0a4\ub4dc\uc0b0<\/td>\n<td>C20:0<\/td>\n<td>1.0 \u2013 2.0<\/td>\n<\/tr>\n<tr>\n<td>\uac00\ub3cc\ub808\uc0b0<\/td>\n<td>C20:1<\/td>\n<td>&lt;1.0<\/td>\n<\/tr>\n<tr>\n<td>\ubca0\ud5e8\uc0b0<\/td>\n<td>C22:0<\/td>\n<td>&lt;1.0<\/td>\n<\/tr>\n<tr>\n<td>\ub9ac\uadf8\ub178\uc138\ub974\uc0b0<\/td>\n<td>C24:0<\/td>\n<td>&lt;1.0<\/td>\n<\/tr>\n<\/tbody>\n<\/table>\n","protected":false},"excerpt":{"rendered":"<p>\ud654\uc7a5\ud488\uc6a9\uc73c\ub85c \uc0ac\uc6a9\ub418\ub294 \uc21c\uc218\ud558\uace0 \uc644\uc804\ud55c \uc2dc\uc5b4 \ubc84\ud130\uc785\ub2c8\ub2e4. <strong>\uc2e0\uc120\ud558\uace0<\/strong> <strong>\uc6d0\ub798\uc758 \uc131\ubd84<\/strong>\uc744 \uac00\uc9c0\uace0 \uc788\uc5b4 \ud53c\ubd80 \ub178\ud654 \uacfc\uc815\uc744 \uc9c0\uc5f0\uc2dc\ud0a4\ub294 \ube44\ud0c0\ubbfc A\uc640 E\uc758 \ub192\uc740 \ud568\ub7c9\uc744 \ubcf4\uc7a5\ud569\ub2c8\ub2e4. \ub2f9\uc0ac\uc5d0\uc11c \uc81c\uacf5\ud558\ub294 \uc2dc\uc5b4 \ubc84\ud130\ub294 <strong>\ub2e4\ub978 \uc624\uc77c\ub85c \ud76c\uc11d\ub418\uc9c0 \uc54a\uc558\uae30<\/strong> \ub54c\ubb38\uc5d0 \uc801\uc808\ud55c \ud5a5, \uc0c9\uc0c1 \ubc0f \uc9c8\uac10\uc744 \uac00\uc9c0\uace0 \uc788\uc2b5\ub2c8\ub2e4.  <\/p>\n","protected":false},"featured_media":42189,"template":"","meta":{"_acf_changed":false},"product_brand":[],"product_cat":[8153],"product_tag":[],"class_list":{"0":"post-42185","1":"product","2":"type-product","3":"status-publish","4":"has-post-thumbnail","6":"product_cat-hwa-jang-pum-beo-teo","7":"pa_grupa-substancji-8193","8":"pa_metoda-pozyskiwania-8762","10":"first","11":"instock","12":"shipping-taxable","13":"product-type-simple"},"acf":[],"yoast_head":"<!-- This site is optimized with the Yoast SEO plugin v27.4 - https:\/\/yoast.com\/product\/yoast-seo-wordpress\/ -->\n<title>\uc2dc\uc5b4 \ubc84\ud130 (\uce74\ub9ac\ud14c \ubc84\ud130) - Hurtowy Dystrybutor<\/title>\n<meta name=\"description\" content=\"\ud654\uc7a5\ud488\uc6a9\uc73c\ub85c \uc0ac\uc6a9\ub418\ub294 \uc21c\uc218\ud558\uace0 \uc644\uc804\ud55c \uc2dc\uc5b4 \ubc84\ud130\uc785\ub2c8\ub2e4. \uc2e0\uc120\ud568\uc774 \ube44\ud0c0\ubbfc A\uc640 E\uc758 \ub192\uc740 \ud568\ub7c9\uc744 \ubcf4\uc7a5\ud569\ub2c8\ub2e4.\" \/>\n<meta name=\"robots\" content=\"index, follow, max-snippet:-1, max-image-preview:large, max-video-preview:-1\" \/>\n<link rel=\"canonical\" href=\"https:\/\/naturalpoland.com\/ko\/je-pum\/hwa-jang-pum-won-ryo\/hwa-jang-pum-beo-teo\/%ec%8b%9c%ec%96%b4-%eb%b2%84%ed%84%b0-%ec%b9%b4%eb%a6%ac%ed%85%8c-%eb%b2%84%ed%84%b0\/\" \/>\n<meta property=\"og:locale\" content=\"ko_KR\" \/>\n<meta property=\"og:type\" content=\"article\" \/>\n<meta property=\"og:title\" content=\"\uc2dc\uc5b4 \ubc84\ud130 (\uce74\ub9ac\ud14c \ubc84\ud130) - Hurtowy Dystrybutor\" \/>\n<meta property=\"og:description\" content=\"\ud654\uc7a5\ud488\uc6a9\uc73c\ub85c \uc0ac\uc6a9\ub418\ub294 \uc21c\uc218\ud558\uace0 \uc644\uc804\ud55c \uc2dc\uc5b4 \ubc84\ud130\uc785\ub2c8\ub2e4. \uc2e0\uc120\ud568\uc774 \ube44\ud0c0\ubbfc A\uc640 E\uc758 \ub192\uc740 \ud568\ub7c9\uc744 \ubcf4\uc7a5\ud569\ub2c8\ub2e4.\" \/>\n<meta property=\"og:url\" content=\"https:\/\/naturalpoland.com\/ko\/je-pum\/hwa-jang-pum-won-ryo\/hwa-jang-pum-beo-teo\/%ec%8b%9c%ec%96%b4-%eb%b2%84%ed%84%b0-%ec%b9%b4%eb%a6%ac%ed%85%8c-%eb%b2%84%ed%84%b0\/\" \/>\n<meta property=\"og:site_name\" content=\"NATURAL POLAND - Hurtowy Dystrybutor Surowc\u00f3w\" \/>\n<meta property=\"article:publisher\" content=\"https:\/\/www.facebook.com\/naturalpoland.b2b\" \/>\n<meta property=\"article:modified_time\" content=\"2025-07-21T11:59:42+00:00\" \/>\n<meta property=\"og:image\" content=\"https:\/\/naturalpoland.com\/wp-content\/uploads\/maslo-shea.jpg\" \/>\n\t<meta property=\"og:image:width\" content=\"650\" \/>\n\t<meta property=\"og:image:height\" content=\"650\" \/>\n\t<meta property=\"og:image:type\" content=\"image\/jpeg\" \/>\n<script type=\"application\/ld+json\" class=\"yoast-schema-graph\">{\"@context\":\"https:\\\/\\\/schema.org\",\"@graph\":[{\"@type\":\"WebPage\",\"@id\":\"https:\\\/\\\/naturalpoland.com\\\/ko\\\/je-pum\\\/hwa-jang-pum-won-ryo\\\/hwa-jang-pum-beo-teo\\\/%ec%8b%9c%ec%96%b4-%eb%b2%84%ed%84%b0-%ec%b9%b4%eb%a6%ac%ed%85%8c-%eb%b2%84%ed%84%b0\\\/\",\"url\":\"https:\\\/\\\/naturalpoland.com\\\/ko\\\/je-pum\\\/hwa-jang-pum-won-ryo\\\/hwa-jang-pum-beo-teo\\\/%ec%8b%9c%ec%96%b4-%eb%b2%84%ed%84%b0-%ec%b9%b4%eb%a6%ac%ed%85%8c-%eb%b2%84%ed%84%b0\\\/\",\"name\":\"\uc2dc\uc5b4 \ubc84\ud130 (\uce74\ub9ac\ud14c \ubc84\ud130) - Hurtowy Dystrybutor\",\"isPartOf\":{\"@id\":\"https:\\\/\\\/naturalpoland.com\\\/ko\\\/#website\"},\"primaryImageOfPage\":{\"@id\":\"https:\\\/\\\/naturalpoland.com\\\/ko\\\/je-pum\\\/hwa-jang-pum-won-ryo\\\/hwa-jang-pum-beo-teo\\\/%ec%8b%9c%ec%96%b4-%eb%b2%84%ed%84%b0-%ec%b9%b4%eb%a6%ac%ed%85%8c-%eb%b2%84%ed%84%b0\\\/#primaryimage\"},\"image\":{\"@id\":\"https:\\\/\\\/naturalpoland.com\\\/ko\\\/je-pum\\\/hwa-jang-pum-won-ryo\\\/hwa-jang-pum-beo-teo\\\/%ec%8b%9c%ec%96%b4-%eb%b2%84%ed%84%b0-%ec%b9%b4%eb%a6%ac%ed%85%8c-%eb%b2%84%ed%84%b0\\\/#primaryimage\"},\"thumbnailUrl\":\"https:\\\/\\\/naturalpoland.com\\\/wp-content\\\/uploads\\\/maslo-shea.jpg\",\"datePublished\":\"2021-05-11T11:47:23+00:00\",\"dateModified\":\"2025-07-21T11:59:42+00:00\",\"description\":\"\ud654\uc7a5\ud488\uc6a9\uc73c\ub85c \uc0ac\uc6a9\ub418\ub294 \uc21c\uc218\ud558\uace0 \uc644\uc804\ud55c \uc2dc\uc5b4 \ubc84\ud130\uc785\ub2c8\ub2e4. \uc2e0\uc120\ud568\uc774 \ube44\ud0c0\ubbfc A\uc640 E\uc758 \ub192\uc740 \ud568\ub7c9\uc744 \ubcf4\uc7a5\ud569\ub2c8\ub2e4.\",\"breadcrumb\":{\"@id\":\"https:\\\/\\\/naturalpoland.com\\\/ko\\\/je-pum\\\/hwa-jang-pum-won-ryo\\\/hwa-jang-pum-beo-teo\\\/%ec%8b%9c%ec%96%b4-%eb%b2%84%ed%84%b0-%ec%b9%b4%eb%a6%ac%ed%85%8c-%eb%b2%84%ed%84%b0\\\/#breadcrumb\"},\"inLanguage\":\"ko-KR\",\"potentialAction\":[{\"@type\":\"ReadAction\",\"target\":[\"https:\\\/\\\/naturalpoland.com\\\/ko\\\/je-pum\\\/hwa-jang-pum-won-ryo\\\/hwa-jang-pum-beo-teo\\\/%ec%8b%9c%ec%96%b4-%eb%b2%84%ed%84%b0-%ec%b9%b4%eb%a6%ac%ed%85%8c-%eb%b2%84%ed%84%b0\\\/\"]}]},{\"@type\":\"ImageObject\",\"inLanguage\":\"ko-KR\",\"@id\":\"https:\\\/\\\/naturalpoland.com\\\/ko\\\/je-pum\\\/hwa-jang-pum-won-ryo\\\/hwa-jang-pum-beo-teo\\\/%ec%8b%9c%ec%96%b4-%eb%b2%84%ed%84%b0-%ec%b9%b4%eb%a6%ac%ed%85%8c-%eb%b2%84%ed%84%b0\\\/#primaryimage\",\"url\":\"https:\\\/\\\/naturalpoland.com\\\/wp-content\\\/uploads\\\/maslo-shea.jpg\",\"contentUrl\":\"https:\\\/\\\/naturalpoland.com\\\/wp-content\\\/uploads\\\/maslo-shea.jpg\",\"width\":650,\"height\":650,\"caption\":\"mas\u0142o shea\"},{\"@type\":\"BreadcrumbList\",\"@id\":\"https:\\\/\\\/naturalpoland.com\\\/ko\\\/je-pum\\\/hwa-jang-pum-won-ryo\\\/hwa-jang-pum-beo-teo\\\/%ec%8b%9c%ec%96%b4-%eb%b2%84%ed%84%b0-%ec%b9%b4%eb%a6%ac%ed%85%8c-%eb%b2%84%ed%84%b0\\\/#breadcrumb\",\"itemListElement\":[{\"@type\":\"ListItem\",\"position\":1,\"name\":\"\ud648\",\"item\":\"https:\\\/\\\/naturalpoland.com\\\/ko\\\/\"},{\"@type\":\"ListItem\",\"position\":2,\"name\":\"\uc81c\ud488\",\"item\":\"https:\\\/\\\/naturalpoland.com\\\/ko\\\/%ec%a0%9c%ed%92%88\\\/\"},{\"@type\":\"ListItem\",\"position\":3,\"name\":\"\uc2dc\uc5b4 \ubc84\ud130 (\uce74\ub9ac\ud14c \ubc84\ud130)\"}]},{\"@type\":\"WebSite\",\"@id\":\"https:\\\/\\\/naturalpoland.com\\\/ko\\\/#website\",\"url\":\"https:\\\/\\\/naturalpoland.com\\\/ko\\\/\",\"name\":\"NATURAL POLAND - Hurtowy Dystrybutor Surowc\u00f3w\",\"description\":\"Surowce dla przemys\u0142u spo\u017cywczego, kosmetycznego i farmaceutycznego\",\"publisher\":{\"@id\":\"https:\\\/\\\/naturalpoland.com\\\/ko\\\/#organization\"},\"potentialAction\":[{\"@type\":\"SearchAction\",\"target\":{\"@type\":\"EntryPoint\",\"urlTemplate\":\"https:\\\/\\\/naturalpoland.com\\\/ko\\\/?s={search_term_string}\"},\"query-input\":{\"@type\":\"PropertyValueSpecification\",\"valueRequired\":true,\"valueName\":\"search_term_string\"}}],\"inLanguage\":\"ko-KR\"},{\"@type\":\"Organization\",\"@id\":\"https:\\\/\\\/naturalpoland.com\\\/ko\\\/#organization\",\"name\":\"Natural Poland\",\"url\":\"https:\\\/\\\/naturalpoland.com\\\/ko\\\/\",\"logo\":{\"@type\":\"ImageObject\",\"inLanguage\":\"ko-KR\",\"@id\":\"https:\\\/\\\/naturalpoland.com\\\/ko\\\/#\\\/schema\\\/logo\\\/image\\\/\",\"url\":\"https:\\\/\\\/naturalpoland.com\\\/wp-content\\\/uploads\\\/2021\\\/05\\\/natural-poland-icon.png\",\"contentUrl\":\"https:\\\/\\\/naturalpoland.com\\\/wp-content\\\/uploads\\\/2021\\\/05\\\/natural-poland-icon.png\",\"width\":512,\"height\":512,\"caption\":\"Natural Poland\"},\"image\":{\"@id\":\"https:\\\/\\\/naturalpoland.com\\\/ko\\\/#\\\/schema\\\/logo\\\/image\\\/\"},\"sameAs\":[\"https:\\\/\\\/www.facebook.com\\\/naturalpoland.b2b\",\"https:\\\/\\\/pl.linkedin.com\\\/company\\\/natural-poland\",\"https:\\\/\\\/www.youtube.com\\\/channel\\\/UCgeGGkvOMahZo-xu_MSEWxg\"]}]}<\/script>\n<!-- \/ Yoast SEO plugin. -->","yoast_head_json":{"title":"\uc2dc\uc5b4 \ubc84\ud130 (\uce74\ub9ac\ud14c \ubc84\ud130) - Hurtowy Dystrybutor","description":"\ud654\uc7a5\ud488\uc6a9\uc73c\ub85c \uc0ac\uc6a9\ub418\ub294 \uc21c\uc218\ud558\uace0 \uc644\uc804\ud55c \uc2dc\uc5b4 \ubc84\ud130\uc785\ub2c8\ub2e4. \uc2e0\uc120\ud568\uc774 \ube44\ud0c0\ubbfc A\uc640 E\uc758 \ub192\uc740 \ud568\ub7c9\uc744 \ubcf4\uc7a5\ud569\ub2c8\ub2e4.","robots":{"index":"index","follow":"follow","max-snippet":"max-snippet:-1","max-image-preview":"max-image-preview:large","max-video-preview":"max-video-preview:-1"},"canonical":"https:\/\/naturalpoland.com\/ko\/je-pum\/hwa-jang-pum-won-ryo\/hwa-jang-pum-beo-teo\/%ec%8b%9c%ec%96%b4-%eb%b2%84%ed%84%b0-%ec%b9%b4%eb%a6%ac%ed%85%8c-%eb%b2%84%ed%84%b0\/","og_locale":"ko_KR","og_type":"article","og_title":"\uc2dc\uc5b4 \ubc84\ud130 (\uce74\ub9ac\ud14c \ubc84\ud130) - Hurtowy Dystrybutor","og_description":"\ud654\uc7a5\ud488\uc6a9\uc73c\ub85c \uc0ac\uc6a9\ub418\ub294 \uc21c\uc218\ud558\uace0 \uc644\uc804\ud55c \uc2dc\uc5b4 \ubc84\ud130\uc785\ub2c8\ub2e4. \uc2e0\uc120\ud568\uc774 \ube44\ud0c0\ubbfc A\uc640 E\uc758 \ub192\uc740 \ud568\ub7c9\uc744 \ubcf4\uc7a5\ud569\ub2c8\ub2e4.","og_url":"https:\/\/naturalpoland.com\/ko\/je-pum\/hwa-jang-pum-won-ryo\/hwa-jang-pum-beo-teo\/%ec%8b%9c%ec%96%b4-%eb%b2%84%ed%84%b0-%ec%b9%b4%eb%a6%ac%ed%85%8c-%eb%b2%84%ed%84%b0\/","og_site_name":"NATURAL POLAND - Hurtowy Dystrybutor Surowc\u00f3w","article_publisher":"https:\/\/www.facebook.com\/naturalpoland.b2b","article_modified_time":"2025-07-21T11:59:42+00:00","og_image":[{"width":650,"height":650,"url":"https:\/\/naturalpoland.com\/wp-content\/uploads\/maslo-shea.jpg","type":"image\/jpeg"}],"schema":{"@context":"https:\/\/schema.org","@graph":[{"@type":"WebPage","@id":"https:\/\/naturalpoland.com\/ko\/je-pum\/hwa-jang-pum-won-ryo\/hwa-jang-pum-beo-teo\/%ec%8b%9c%ec%96%b4-%eb%b2%84%ed%84%b0-%ec%b9%b4%eb%a6%ac%ed%85%8c-%eb%b2%84%ed%84%b0\/","url":"https:\/\/naturalpoland.com\/ko\/je-pum\/hwa-jang-pum-won-ryo\/hwa-jang-pum-beo-teo\/%ec%8b%9c%ec%96%b4-%eb%b2%84%ed%84%b0-%ec%b9%b4%eb%a6%ac%ed%85%8c-%eb%b2%84%ed%84%b0\/","name":"\uc2dc\uc5b4 \ubc84\ud130 (\uce74\ub9ac\ud14c \ubc84\ud130) - Hurtowy Dystrybutor","isPartOf":{"@id":"https:\/\/naturalpoland.com\/ko\/#website"},"primaryImageOfPage":{"@id":"https:\/\/naturalpoland.com\/ko\/je-pum\/hwa-jang-pum-won-ryo\/hwa-jang-pum-beo-teo\/%ec%8b%9c%ec%96%b4-%eb%b2%84%ed%84%b0-%ec%b9%b4%eb%a6%ac%ed%85%8c-%eb%b2%84%ed%84%b0\/#primaryimage"},"image":{"@id":"https:\/\/naturalpoland.com\/ko\/je-pum\/hwa-jang-pum-won-ryo\/hwa-jang-pum-beo-teo\/%ec%8b%9c%ec%96%b4-%eb%b2%84%ed%84%b0-%ec%b9%b4%eb%a6%ac%ed%85%8c-%eb%b2%84%ed%84%b0\/#primaryimage"},"thumbnailUrl":"https:\/\/naturalpoland.com\/wp-content\/uploads\/maslo-shea.jpg","datePublished":"2021-05-11T11:47:23+00:00","dateModified":"2025-07-21T11:59:42+00:00","description":"\ud654\uc7a5\ud488\uc6a9\uc73c\ub85c \uc0ac\uc6a9\ub418\ub294 \uc21c\uc218\ud558\uace0 \uc644\uc804\ud55c \uc2dc\uc5b4 \ubc84\ud130\uc785\ub2c8\ub2e4. \uc2e0\uc120\ud568\uc774 \ube44\ud0c0\ubbfc A\uc640 E\uc758 \ub192\uc740 \ud568\ub7c9\uc744 \ubcf4\uc7a5\ud569\ub2c8\ub2e4.","breadcrumb":{"@id":"https:\/\/naturalpoland.com\/ko\/je-pum\/hwa-jang-pum-won-ryo\/hwa-jang-pum-beo-teo\/%ec%8b%9c%ec%96%b4-%eb%b2%84%ed%84%b0-%ec%b9%b4%eb%a6%ac%ed%85%8c-%eb%b2%84%ed%84%b0\/#breadcrumb"},"inLanguage":"ko-KR","potentialAction":[{"@type":"ReadAction","target":["https:\/\/naturalpoland.com\/ko\/je-pum\/hwa-jang-pum-won-ryo\/hwa-jang-pum-beo-teo\/%ec%8b%9c%ec%96%b4-%eb%b2%84%ed%84%b0-%ec%b9%b4%eb%a6%ac%ed%85%8c-%eb%b2%84%ed%84%b0\/"]}]},{"@type":"ImageObject","inLanguage":"ko-KR","@id":"https:\/\/naturalpoland.com\/ko\/je-pum\/hwa-jang-pum-won-ryo\/hwa-jang-pum-beo-teo\/%ec%8b%9c%ec%96%b4-%eb%b2%84%ed%84%b0-%ec%b9%b4%eb%a6%ac%ed%85%8c-%eb%b2%84%ed%84%b0\/#primaryimage","url":"https:\/\/naturalpoland.com\/wp-content\/uploads\/maslo-shea.jpg","contentUrl":"https:\/\/naturalpoland.com\/wp-content\/uploads\/maslo-shea.jpg","width":650,"height":650,"caption":"mas\u0142o shea"},{"@type":"BreadcrumbList","@id":"https:\/\/naturalpoland.com\/ko\/je-pum\/hwa-jang-pum-won-ryo\/hwa-jang-pum-beo-teo\/%ec%8b%9c%ec%96%b4-%eb%b2%84%ed%84%b0-%ec%b9%b4%eb%a6%ac%ed%85%8c-%eb%b2%84%ed%84%b0\/#breadcrumb","itemListElement":[{"@type":"ListItem","position":1,"name":"\ud648","item":"https:\/\/naturalpoland.com\/ko\/"},{"@type":"ListItem","position":2,"name":"\uc81c\ud488","item":"https:\/\/naturalpoland.com\/ko\/%ec%a0%9c%ed%92%88\/"},{"@type":"ListItem","position":3,"name":"\uc2dc\uc5b4 \ubc84\ud130 (\uce74\ub9ac\ud14c \ubc84\ud130)"}]},{"@type":"WebSite","@id":"https:\/\/naturalpoland.com\/ko\/#website","url":"https:\/\/naturalpoland.com\/ko\/","name":"NATURAL POLAND - Hurtowy Dystrybutor Surowc\u00f3w","description":"Surowce dla przemys\u0142u spo\u017cywczego, kosmetycznego i farmaceutycznego","publisher":{"@id":"https:\/\/naturalpoland.com\/ko\/#organization"},"potentialAction":[{"@type":"SearchAction","target":{"@type":"EntryPoint","urlTemplate":"https:\/\/naturalpoland.com\/ko\/?s={search_term_string}"},"query-input":{"@type":"PropertyValueSpecification","valueRequired":true,"valueName":"search_term_string"}}],"inLanguage":"ko-KR"},{"@type":"Organization","@id":"https:\/\/naturalpoland.com\/ko\/#organization","name":"Natural Poland","url":"https:\/\/naturalpoland.com\/ko\/","logo":{"@type":"ImageObject","inLanguage":"ko-KR","@id":"https:\/\/naturalpoland.com\/ko\/#\/schema\/logo\/image\/","url":"https:\/\/naturalpoland.com\/wp-content\/uploads\/2021\/05\/natural-poland-icon.png","contentUrl":"https:\/\/naturalpoland.com\/wp-content\/uploads\/2021\/05\/natural-poland-icon.png","width":512,"height":512,"caption":"Natural Poland"},"image":{"@id":"https:\/\/naturalpoland.com\/ko\/#\/schema\/logo\/image\/"},"sameAs":["https:\/\/www.facebook.com\/naturalpoland.b2b","https:\/\/pl.linkedin.com\/company\/natural-poland","https:\/\/www.youtube.com\/channel\/UCgeGGkvOMahZo-xu_MSEWxg"]}]}},"_links":{"self":[{"href":"https:\/\/naturalpoland.com\/ko\/wp-json\/wp\/v2\/product\/42185","targetHints":{"allow":["GET"]}}],"collection":[{"href":"https:\/\/naturalpoland.com\/ko\/wp-json\/wp\/v2\/product"}],"about":[{"href":"https:\/\/naturalpoland.com\/ko\/wp-json\/wp\/v2\/types\/product"}],"wp:featuredmedia":[{"embeddable":true,"href":"https:\/\/naturalpoland.com\/ko\/wp-json\/wp\/v2\/media\/42189"}],"wp:attachment":[{"href":"https:\/\/naturalpoland.com\/ko\/wp-json\/wp\/v2\/media?parent=42185"}],"wp:term":[{"taxonomy":"product_brand","embeddable":true,"href":"https:\/\/naturalpoland.com\/ko\/wp-json\/wp\/v2\/product_brand?post=42185"},{"taxonomy":"product_cat","embeddable":true,"href":"https:\/\/naturalpoland.com\/ko\/wp-json\/wp\/v2\/product_cat?post=42185"},{"taxonomy":"product_tag","embeddable":true,"href":"https:\/\/naturalpoland.com\/ko\/wp-json\/wp\/v2\/product_tag?post=42185"}],"curies":[{"name":"wp","href":"https:\/\/api.w.org\/{rel}","templated":true}]}}