{"id":42187,"date":"2023-07-18T10:49:57","date_gmt":"2023-07-18T08:49:57","guid":{"rendered":"https:\/\/naturalpoland.com\/produkty\/uncategorized\/%ed%94%bc%ec%8a%a4%ed%83%80%ec%b9%98%ec%98%a4-%eb%b2%84%ed%84%b0\/"},"modified":"2025-07-21T13:59:45","modified_gmt":"2025-07-21T11:59:45","slug":"%ed%94%bc%ec%8a%a4%ed%83%80%ec%b9%98%ec%98%a4-%eb%b2%84%ed%84%b0","status":"publish","type":"product","link":"https:\/\/naturalpoland.com\/ko\/je-pum\/hwa-jang-pum-won-ryo\/hwa-jang-pum-beo-teo\/%ed%94%bc%ec%8a%a4%ed%83%80%ec%b9%98%ec%98%a4-%eb%b2%84%ed%84%b0\/","title":{"rendered":"\ud53c\uc2a4\ud0c0\uce58\uc624 \ubc84\ud130"},"content":{"rendered":"<h2>\ud53c\uc2a4\ud0c0\uce58\uc624 \ubc84\ud130 \uc131\ubd84<\/h2>\n<p>\ud53c\uc2a4\ud0c0\uce58\uc624 \ubc84\ud130\ub294 \ud53c\uc2a4\ud0c0\uce58\uc624 \uc528 \uc624\uc77c\uacfc \uacbd\ud654 \uc2dd\ubb3c\uc131 \uc624\uc77c\ub85c \uad6c\uc131\ub418\uc5b4 \uc788\uc2b5\ub2c8\ub2e4.<\/p>\n<p><strong><a href=\"https:\/\/naturalpoland.com\/produkty\/oleje-spozywcze-i-kosmetyczne\/olej-pistacjowy\/\">\ud53c\uc2a4\ud0c0\uce58\uc624 \uc528 \uc624\uc77c<\/a><\/strong>\uc740 \uc9c4\uc815\ud55c \uc601\uc591\uc758 \ubcf4\uace0\uc785\ub2c8\ub2e4. \ud56d\uc0b0\ud654 \ud2b9\uc131\uc73c\ub85c \uc54c\ub824\uc9c4 <strong><a href=\"https:\/\/naturalpoland.com\/ko\/je-pum\/ui-yak-pum-won-ryo\/bi-ta-min\/bitamin-e-tokoperil-aseteiteu\/\">\ube44\ud0c0\ubbfc E<\/a><\/strong>\uac00 \ud48d\ubd80\ud558\uc5ec \uc720\ud574\ud55c \ud658\uacbd \uc694\uc778\uc73c\ub85c\ubd80\ud130 \ud53c\ubd80\ub97c \ubcf4\ud638\ud558\ub294 \ub370 \ub3c4\uc6c0\uc744 \uc90d\ub2c8\ub2e4. \ub610\ud55c \ud53c\ubd80\uc758 \uc801\uc808\ud55c \uc218\ubd84 \uacf5\uae09\uc744 \uc720\uc9c0\ud558\uace0 \uc790\uc5f0 \ubcf4\ud638 \uc7a5\ubcbd\uc744 \ubcf4\uc874\ud558\ub294 \ub370 \ub3c4\uc6c0\uc774 \ub418\ub294 \ubd88\ud3ec\ud654 \uc9c0\ubc29\uc0b0\uc744 \ud568\uc720\ud558\uace0 \uc788\uc2b5\ub2c8\ub2e4.  <\/p>\n<p><strong>\uacbd\ud654 \uc2dd\ubb3c\uc131 \uc624\uc77c<\/strong>\uc740 \ud53c\uc2a4\ud0c0\uce58\uc624 \ubc84\ud130\uc5d0 \ud53c\ubd80\uc5d0 \uc27d\uac8c \ud3b4 \ubc1c\ub9ac\uace0 \ube60\ub974\uac8c \ud761\uc218\ub418\ub294 \ubd80\ub4dc\ub7fd\uace0 \ud06c\ub9ac\ubbf8\ud55c \uc9c8\uac10\uc744 \ubd80\uc5ec\ud569\ub2c8\ub2e4. \uc774\ub85c \uc778\ud574 \uc774 \ud654\uc7a5\ud488\uc740 \uc0ac\uc6a9\ud558\uae30 \ub9e4\uc6b0 \uc990\uac70\uc6b0\uba70 \ud53c\ubd80\uc5d0 \ud544\uc694\ud55c \ubaa8\ub4e0 \uc601\uc591\ubd84\uc744 \ud6a8\uacfc\uc801\uc73c\ub85c \uc804\ub2ec\ud569\ub2c8\ub2e4. <\/p>\n<p>\uc774\ub294 \ud53c\ubd80\uc5d0 \ud544\uc218 \uc601\uc591\ubd84\uc744 \uacf5\uae09\ud558\uace0 \ud0c1\uc6d4\ud55c \ubd80\ub4dc\ub7ec\uc6c0\uacfc \ub9e4\ub044\ub7ec\uc6c0\uc744 \uc120\uc0ac\ud558\ub294 \uc774\uc0c1\uc801\uc778 \uc131\ubd84 \uc870\ud569\uc785\ub2c8\ub2e4.<\/p>\n<h2>\ud53c\uc2a4\ud0c0\uce58\uc624 \ubc84\ud130\uc758 \ud65c\uc6a9<\/h2>\n<p>\ud53c\uc2a4\ud0c0\uce58\uc624 \ubc84\ud130\ub294 \ubaa8\ub4e0 \ud53c\ubd80 \ud0c0\uc785\uc5d0 \ud6cc\ub96d\ud55c \uc120\ud0dd\uc774\uc9c0\ub9cc, \ud2b9\ud788 \uac74\uc131 \ubc0f \uc131\uc219\ud55c \ud53c\ubd80\uc5d0 \uad8c\uc7a5\ub429\ub2c8\ub2e4. \ubc14\ub514, \uc5bc\uad74, \ud5e4\uc5b4 \uad00\ub9ac\uc5d0 \uc0ac\uc6a9\ud560 \uc218 \uc788\uc2b5\ub2c8\ub2e4. \ub2e8\ub3c5\uc73c\ub85c \uc0ac\uc6a9\ud558\uac70\ub098 \ub9c8\uc2a4\ud06c, \ubc24, \ud06c\ub9bc\uacfc \uac19\uc740 \ud648\uba54\uc774\ub4dc \ud654\uc7a5\ud488\uc758 \uc131\ubd84\uc73c\ub85c \uc0ac\uc6a9\ud560 \uc218 \uc788\uc2b5\ub2c8\ub2e4.  <\/p>\n","protected":false},"excerpt":{"rendered":"<p>\ud53c\uc2a4\ud0c0\uce58\uc624 \ubc84\ud130\ub294 \ud53c\uc2a4\ud0c0\uce58\uc624 \uc528 \uc624\uc77c(<em>Pistacia Vera Seed Oil<\/em>)\uacfc \uacbd\ud654 \uc2dd\ubb3c\uc131 \uc624\uc77c(<em>Hydrogenated Vegetable Oil<\/em>)\uc744 \uacb0\ud569\ud55c \ub3c5\ud2b9\ud55c \ud654\uc7a5\ud488\uc785\ub2c8\ub2e4.<\/p>\n","protected":false},"featured_media":42190,"template":"","meta":{"_acf_changed":false},"product_brand":[],"product_cat":[8153],"product_tag":[],"class_list":{"0":"post-42187","1":"product","2":"type-product","3":"status-publish","4":"has-post-thumbnail","6":"product_cat-hwa-jang-pum-beo-teo","8":"first","9":"instock","10":"shipping-taxable","11":"product-type-simple"},"acf":[],"yoast_head":"<!-- This site is optimized with the Yoast SEO plugin v27.4 - https:\/\/yoast.com\/product\/yoast-seo-wordpress\/ -->\n<title>\ud53c\uc2a4\ud0c0\uce58\uc624 \ubc84\ud130 - Hurtowy Dystrybutor<\/title>\n<meta name=\"description\" content=\"\ud53c\uc2a4\ud0c0\uce58\uc624 \ubc84\ud130\ub294 \ud53c\uc2a4\ud0c0\uce58\uc624 \uc528 \uc624\uc77c(Pistacia Vera Seed Oil)\uacfc \uacbd\ud654 \uc2dd\ubb3c\uc131 \uc624\uc77c\uc744 \uacb0\ud569\ud55c \ub3c5\ud2b9\ud55c \ud654\uc7a5\ud488\uc785\ub2c8\ub2e4.\" \/>\n<meta name=\"robots\" content=\"index, follow, max-snippet:-1, max-image-preview:large, max-video-preview:-1\" \/>\n<link rel=\"canonical\" href=\"https:\/\/naturalpoland.com\/ko\/je-pum\/hwa-jang-pum-won-ryo\/hwa-jang-pum-beo-teo\/%ed%94%bc%ec%8a%a4%ed%83%80%ec%b9%98%ec%98%a4-%eb%b2%84%ed%84%b0\/\" \/>\n<meta property=\"og:locale\" content=\"ko_KR\" \/>\n<meta property=\"og:type\" content=\"article\" \/>\n<meta property=\"og:title\" content=\"\ud53c\uc2a4\ud0c0\uce58\uc624 \ubc84\ud130 - Hurtowy Dystrybutor\" \/>\n<meta property=\"og:description\" content=\"\ud53c\uc2a4\ud0c0\uce58\uc624 \ubc84\ud130\ub294 \ud53c\uc2a4\ud0c0\uce58\uc624 \uc528 \uc624\uc77c(Pistacia Vera Seed Oil)\uacfc \uacbd\ud654 \uc2dd\ubb3c\uc131 \uc624\uc77c\uc744 \uacb0\ud569\ud55c \ub3c5\ud2b9\ud55c \ud654\uc7a5\ud488\uc785\ub2c8\ub2e4.\" \/>\n<meta property=\"og:url\" content=\"https:\/\/naturalpoland.com\/ko\/je-pum\/hwa-jang-pum-won-ryo\/hwa-jang-pum-beo-teo\/%ed%94%bc%ec%8a%a4%ed%83%80%ec%b9%98%ec%98%a4-%eb%b2%84%ed%84%b0\/\" \/>\n<meta property=\"og:site_name\" content=\"NATURAL POLAND - Hurtowy Dystrybutor Surowc\u00f3w\" \/>\n<meta property=\"article:publisher\" content=\"https:\/\/www.facebook.com\/naturalpoland.b2b\" \/>\n<meta property=\"article:modified_time\" content=\"2025-07-21T11:59:45+00:00\" \/>\n<meta property=\"og:image\" content=\"https:\/\/naturalpoland.com\/wp-content\/uploads\/pistachio-butter.png\" \/>\n\t<meta property=\"og:image:width\" content=\"583\" \/>\n\t<meta property=\"og:image:height\" content=\"583\" \/>\n\t<meta property=\"og:image:type\" content=\"image\/png\" \/>\n<script type=\"application\/ld+json\" class=\"yoast-schema-graph\">{\"@context\":\"https:\\\/\\\/schema.org\",\"@graph\":[{\"@type\":\"WebPage\",\"@id\":\"https:\\\/\\\/naturalpoland.com\\\/ko\\\/je-pum\\\/hwa-jang-pum-won-ryo\\\/hwa-jang-pum-beo-teo\\\/%ed%94%bc%ec%8a%a4%ed%83%80%ec%b9%98%ec%98%a4-%eb%b2%84%ed%84%b0\\\/\",\"url\":\"https:\\\/\\\/naturalpoland.com\\\/ko\\\/je-pum\\\/hwa-jang-pum-won-ryo\\\/hwa-jang-pum-beo-teo\\\/%ed%94%bc%ec%8a%a4%ed%83%80%ec%b9%98%ec%98%a4-%eb%b2%84%ed%84%b0\\\/\",\"name\":\"\ud53c\uc2a4\ud0c0\uce58\uc624 \ubc84\ud130 - Hurtowy Dystrybutor\",\"isPartOf\":{\"@id\":\"https:\\\/\\\/naturalpoland.com\\\/ko\\\/#website\"},\"primaryImageOfPage\":{\"@id\":\"https:\\\/\\\/naturalpoland.com\\\/ko\\\/je-pum\\\/hwa-jang-pum-won-ryo\\\/hwa-jang-pum-beo-teo\\\/%ed%94%bc%ec%8a%a4%ed%83%80%ec%b9%98%ec%98%a4-%eb%b2%84%ed%84%b0\\\/#primaryimage\"},\"image\":{\"@id\":\"https:\\\/\\\/naturalpoland.com\\\/ko\\\/je-pum\\\/hwa-jang-pum-won-ryo\\\/hwa-jang-pum-beo-teo\\\/%ed%94%bc%ec%8a%a4%ed%83%80%ec%b9%98%ec%98%a4-%eb%b2%84%ed%84%b0\\\/#primaryimage\"},\"thumbnailUrl\":\"https:\\\/\\\/naturalpoland.com\\\/wp-content\\\/uploads\\\/pistachio-butter.png\",\"datePublished\":\"2023-07-18T08:49:57+00:00\",\"dateModified\":\"2025-07-21T11:59:45+00:00\",\"description\":\"\ud53c\uc2a4\ud0c0\uce58\uc624 \ubc84\ud130\ub294 \ud53c\uc2a4\ud0c0\uce58\uc624 \uc528 \uc624\uc77c(Pistacia Vera Seed Oil)\uacfc \uacbd\ud654 \uc2dd\ubb3c\uc131 \uc624\uc77c\uc744 \uacb0\ud569\ud55c \ub3c5\ud2b9\ud55c \ud654\uc7a5\ud488\uc785\ub2c8\ub2e4.\",\"breadcrumb\":{\"@id\":\"https:\\\/\\\/naturalpoland.com\\\/ko\\\/je-pum\\\/hwa-jang-pum-won-ryo\\\/hwa-jang-pum-beo-teo\\\/%ed%94%bc%ec%8a%a4%ed%83%80%ec%b9%98%ec%98%a4-%eb%b2%84%ed%84%b0\\\/#breadcrumb\"},\"inLanguage\":\"ko-KR\",\"potentialAction\":[{\"@type\":\"ReadAction\",\"target\":[\"https:\\\/\\\/naturalpoland.com\\\/ko\\\/je-pum\\\/hwa-jang-pum-won-ryo\\\/hwa-jang-pum-beo-teo\\\/%ed%94%bc%ec%8a%a4%ed%83%80%ec%b9%98%ec%98%a4-%eb%b2%84%ed%84%b0\\\/\"]}]},{\"@type\":\"ImageObject\",\"inLanguage\":\"ko-KR\",\"@id\":\"https:\\\/\\\/naturalpoland.com\\\/ko\\\/je-pum\\\/hwa-jang-pum-won-ryo\\\/hwa-jang-pum-beo-teo\\\/%ed%94%bc%ec%8a%a4%ed%83%80%ec%b9%98%ec%98%a4-%eb%b2%84%ed%84%b0\\\/#primaryimage\",\"url\":\"https:\\\/\\\/naturalpoland.com\\\/wp-content\\\/uploads\\\/pistachio-butter.png\",\"contentUrl\":\"https:\\\/\\\/naturalpoland.com\\\/wp-content\\\/uploads\\\/pistachio-butter.png\",\"width\":583,\"height\":583,\"caption\":\"mas\u0142o pistacjowe\"},{\"@type\":\"BreadcrumbList\",\"@id\":\"https:\\\/\\\/naturalpoland.com\\\/ko\\\/je-pum\\\/hwa-jang-pum-won-ryo\\\/hwa-jang-pum-beo-teo\\\/%ed%94%bc%ec%8a%a4%ed%83%80%ec%b9%98%ec%98%a4-%eb%b2%84%ed%84%b0\\\/#breadcrumb\",\"itemListElement\":[{\"@type\":\"ListItem\",\"position\":1,\"name\":\"\ud648\",\"item\":\"https:\\\/\\\/naturalpoland.com\\\/ko\\\/\"},{\"@type\":\"ListItem\",\"position\":2,\"name\":\"\uc81c\ud488\",\"item\":\"https:\\\/\\\/naturalpoland.com\\\/ko\\\/%ec%a0%9c%ed%92%88\\\/\"},{\"@type\":\"ListItem\",\"position\":3,\"name\":\"\ud53c\uc2a4\ud0c0\uce58\uc624 \ubc84\ud130\"}]},{\"@type\":\"WebSite\",\"@id\":\"https:\\\/\\\/naturalpoland.com\\\/ko\\\/#website\",\"url\":\"https:\\\/\\\/naturalpoland.com\\\/ko\\\/\",\"name\":\"NATURAL POLAND - Hurtowy Dystrybutor Surowc\u00f3w\",\"description\":\"Surowce dla przemys\u0142u spo\u017cywczego, kosmetycznego i farmaceutycznego\",\"publisher\":{\"@id\":\"https:\\\/\\\/naturalpoland.com\\\/ko\\\/#organization\"},\"potentialAction\":[{\"@type\":\"SearchAction\",\"target\":{\"@type\":\"EntryPoint\",\"urlTemplate\":\"https:\\\/\\\/naturalpoland.com\\\/ko\\\/?s={search_term_string}\"},\"query-input\":{\"@type\":\"PropertyValueSpecification\",\"valueRequired\":true,\"valueName\":\"search_term_string\"}}],\"inLanguage\":\"ko-KR\"},{\"@type\":\"Organization\",\"@id\":\"https:\\\/\\\/naturalpoland.com\\\/ko\\\/#organization\",\"name\":\"Natural Poland\",\"url\":\"https:\\\/\\\/naturalpoland.com\\\/ko\\\/\",\"logo\":{\"@type\":\"ImageObject\",\"inLanguage\":\"ko-KR\",\"@id\":\"https:\\\/\\\/naturalpoland.com\\\/ko\\\/#\\\/schema\\\/logo\\\/image\\\/\",\"url\":\"https:\\\/\\\/naturalpoland.com\\\/wp-content\\\/uploads\\\/2021\\\/05\\\/natural-poland-icon.png\",\"contentUrl\":\"https:\\\/\\\/naturalpoland.com\\\/wp-content\\\/uploads\\\/2021\\\/05\\\/natural-poland-icon.png\",\"width\":512,\"height\":512,\"caption\":\"Natural Poland\"},\"image\":{\"@id\":\"https:\\\/\\\/naturalpoland.com\\\/ko\\\/#\\\/schema\\\/logo\\\/image\\\/\"},\"sameAs\":[\"https:\\\/\\\/www.facebook.com\\\/naturalpoland.b2b\",\"https:\\\/\\\/pl.linkedin.com\\\/company\\\/natural-poland\",\"https:\\\/\\\/www.youtube.com\\\/channel\\\/UCgeGGkvOMahZo-xu_MSEWxg\"]}]}<\/script>\n<!-- \/ Yoast SEO plugin. -->","yoast_head_json":{"title":"\ud53c\uc2a4\ud0c0\uce58\uc624 \ubc84\ud130 - Hurtowy Dystrybutor","description":"\ud53c\uc2a4\ud0c0\uce58\uc624 \ubc84\ud130\ub294 \ud53c\uc2a4\ud0c0\uce58\uc624 \uc528 \uc624\uc77c(Pistacia Vera Seed Oil)\uacfc \uacbd\ud654 \uc2dd\ubb3c\uc131 \uc624\uc77c\uc744 \uacb0\ud569\ud55c \ub3c5\ud2b9\ud55c \ud654\uc7a5\ud488\uc785\ub2c8\ub2e4.","robots":{"index":"index","follow":"follow","max-snippet":"max-snippet:-1","max-image-preview":"max-image-preview:large","max-video-preview":"max-video-preview:-1"},"canonical":"https:\/\/naturalpoland.com\/ko\/je-pum\/hwa-jang-pum-won-ryo\/hwa-jang-pum-beo-teo\/%ed%94%bc%ec%8a%a4%ed%83%80%ec%b9%98%ec%98%a4-%eb%b2%84%ed%84%b0\/","og_locale":"ko_KR","og_type":"article","og_title":"\ud53c\uc2a4\ud0c0\uce58\uc624 \ubc84\ud130 - Hurtowy Dystrybutor","og_description":"\ud53c\uc2a4\ud0c0\uce58\uc624 \ubc84\ud130\ub294 \ud53c\uc2a4\ud0c0\uce58\uc624 \uc528 \uc624\uc77c(Pistacia Vera Seed Oil)\uacfc \uacbd\ud654 \uc2dd\ubb3c\uc131 \uc624\uc77c\uc744 \uacb0\ud569\ud55c \ub3c5\ud2b9\ud55c \ud654\uc7a5\ud488\uc785\ub2c8\ub2e4.","og_url":"https:\/\/naturalpoland.com\/ko\/je-pum\/hwa-jang-pum-won-ryo\/hwa-jang-pum-beo-teo\/%ed%94%bc%ec%8a%a4%ed%83%80%ec%b9%98%ec%98%a4-%eb%b2%84%ed%84%b0\/","og_site_name":"NATURAL POLAND - Hurtowy Dystrybutor Surowc\u00f3w","article_publisher":"https:\/\/www.facebook.com\/naturalpoland.b2b","article_modified_time":"2025-07-21T11:59:45+00:00","og_image":[{"width":583,"height":583,"url":"https:\/\/naturalpoland.com\/wp-content\/uploads\/pistachio-butter.png","type":"image\/png"}],"schema":{"@context":"https:\/\/schema.org","@graph":[{"@type":"WebPage","@id":"https:\/\/naturalpoland.com\/ko\/je-pum\/hwa-jang-pum-won-ryo\/hwa-jang-pum-beo-teo\/%ed%94%bc%ec%8a%a4%ed%83%80%ec%b9%98%ec%98%a4-%eb%b2%84%ed%84%b0\/","url":"https:\/\/naturalpoland.com\/ko\/je-pum\/hwa-jang-pum-won-ryo\/hwa-jang-pum-beo-teo\/%ed%94%bc%ec%8a%a4%ed%83%80%ec%b9%98%ec%98%a4-%eb%b2%84%ed%84%b0\/","name":"\ud53c\uc2a4\ud0c0\uce58\uc624 \ubc84\ud130 - Hurtowy Dystrybutor","isPartOf":{"@id":"https:\/\/naturalpoland.com\/ko\/#website"},"primaryImageOfPage":{"@id":"https:\/\/naturalpoland.com\/ko\/je-pum\/hwa-jang-pum-won-ryo\/hwa-jang-pum-beo-teo\/%ed%94%bc%ec%8a%a4%ed%83%80%ec%b9%98%ec%98%a4-%eb%b2%84%ed%84%b0\/#primaryimage"},"image":{"@id":"https:\/\/naturalpoland.com\/ko\/je-pum\/hwa-jang-pum-won-ryo\/hwa-jang-pum-beo-teo\/%ed%94%bc%ec%8a%a4%ed%83%80%ec%b9%98%ec%98%a4-%eb%b2%84%ed%84%b0\/#primaryimage"},"thumbnailUrl":"https:\/\/naturalpoland.com\/wp-content\/uploads\/pistachio-butter.png","datePublished":"2023-07-18T08:49:57+00:00","dateModified":"2025-07-21T11:59:45+00:00","description":"\ud53c\uc2a4\ud0c0\uce58\uc624 \ubc84\ud130\ub294 \ud53c\uc2a4\ud0c0\uce58\uc624 \uc528 \uc624\uc77c(Pistacia Vera Seed Oil)\uacfc \uacbd\ud654 \uc2dd\ubb3c\uc131 \uc624\uc77c\uc744 \uacb0\ud569\ud55c \ub3c5\ud2b9\ud55c \ud654\uc7a5\ud488\uc785\ub2c8\ub2e4.","breadcrumb":{"@id":"https:\/\/naturalpoland.com\/ko\/je-pum\/hwa-jang-pum-won-ryo\/hwa-jang-pum-beo-teo\/%ed%94%bc%ec%8a%a4%ed%83%80%ec%b9%98%ec%98%a4-%eb%b2%84%ed%84%b0\/#breadcrumb"},"inLanguage":"ko-KR","potentialAction":[{"@type":"ReadAction","target":["https:\/\/naturalpoland.com\/ko\/je-pum\/hwa-jang-pum-won-ryo\/hwa-jang-pum-beo-teo\/%ed%94%bc%ec%8a%a4%ed%83%80%ec%b9%98%ec%98%a4-%eb%b2%84%ed%84%b0\/"]}]},{"@type":"ImageObject","inLanguage":"ko-KR","@id":"https:\/\/naturalpoland.com\/ko\/je-pum\/hwa-jang-pum-won-ryo\/hwa-jang-pum-beo-teo\/%ed%94%bc%ec%8a%a4%ed%83%80%ec%b9%98%ec%98%a4-%eb%b2%84%ed%84%b0\/#primaryimage","url":"https:\/\/naturalpoland.com\/wp-content\/uploads\/pistachio-butter.png","contentUrl":"https:\/\/naturalpoland.com\/wp-content\/uploads\/pistachio-butter.png","width":583,"height":583,"caption":"mas\u0142o pistacjowe"},{"@type":"BreadcrumbList","@id":"https:\/\/naturalpoland.com\/ko\/je-pum\/hwa-jang-pum-won-ryo\/hwa-jang-pum-beo-teo\/%ed%94%bc%ec%8a%a4%ed%83%80%ec%b9%98%ec%98%a4-%eb%b2%84%ed%84%b0\/#breadcrumb","itemListElement":[{"@type":"ListItem","position":1,"name":"\ud648","item":"https:\/\/naturalpoland.com\/ko\/"},{"@type":"ListItem","position":2,"name":"\uc81c\ud488","item":"https:\/\/naturalpoland.com\/ko\/%ec%a0%9c%ed%92%88\/"},{"@type":"ListItem","position":3,"name":"\ud53c\uc2a4\ud0c0\uce58\uc624 \ubc84\ud130"}]},{"@type":"WebSite","@id":"https:\/\/naturalpoland.com\/ko\/#website","url":"https:\/\/naturalpoland.com\/ko\/","name":"NATURAL POLAND - Hurtowy Dystrybutor Surowc\u00f3w","description":"Surowce dla przemys\u0142u spo\u017cywczego, kosmetycznego i farmaceutycznego","publisher":{"@id":"https:\/\/naturalpoland.com\/ko\/#organization"},"potentialAction":[{"@type":"SearchAction","target":{"@type":"EntryPoint","urlTemplate":"https:\/\/naturalpoland.com\/ko\/?s={search_term_string}"},"query-input":{"@type":"PropertyValueSpecification","valueRequired":true,"valueName":"search_term_string"}}],"inLanguage":"ko-KR"},{"@type":"Organization","@id":"https:\/\/naturalpoland.com\/ko\/#organization","name":"Natural Poland","url":"https:\/\/naturalpoland.com\/ko\/","logo":{"@type":"ImageObject","inLanguage":"ko-KR","@id":"https:\/\/naturalpoland.com\/ko\/#\/schema\/logo\/image\/","url":"https:\/\/naturalpoland.com\/wp-content\/uploads\/2021\/05\/natural-poland-icon.png","contentUrl":"https:\/\/naturalpoland.com\/wp-content\/uploads\/2021\/05\/natural-poland-icon.png","width":512,"height":512,"caption":"Natural Poland"},"image":{"@id":"https:\/\/naturalpoland.com\/ko\/#\/schema\/logo\/image\/"},"sameAs":["https:\/\/www.facebook.com\/naturalpoland.b2b","https:\/\/pl.linkedin.com\/company\/natural-poland","https:\/\/www.youtube.com\/channel\/UCgeGGkvOMahZo-xu_MSEWxg"]}]}},"_links":{"self":[{"href":"https:\/\/naturalpoland.com\/ko\/wp-json\/wp\/v2\/product\/42187","targetHints":{"allow":["GET"]}}],"collection":[{"href":"https:\/\/naturalpoland.com\/ko\/wp-json\/wp\/v2\/product"}],"about":[{"href":"https:\/\/naturalpoland.com\/ko\/wp-json\/wp\/v2\/types\/product"}],"wp:featuredmedia":[{"embeddable":true,"href":"https:\/\/naturalpoland.com\/ko\/wp-json\/wp\/v2\/media\/42190"}],"wp:attachment":[{"href":"https:\/\/naturalpoland.com\/ko\/wp-json\/wp\/v2\/media?parent=42187"}],"wp:term":[{"taxonomy":"product_brand","embeddable":true,"href":"https:\/\/naturalpoland.com\/ko\/wp-json\/wp\/v2\/product_brand?post=42187"},{"taxonomy":"product_cat","embeddable":true,"href":"https:\/\/naturalpoland.com\/ko\/wp-json\/wp\/v2\/product_cat?post=42187"},{"taxonomy":"product_tag","embeddable":true,"href":"https:\/\/naturalpoland.com\/ko\/wp-json\/wp\/v2\/product_tag?post=42187"}],"curies":[{"name":"wp","href":"https:\/\/api.w.org\/{rel}","templated":true}]}}