{"id":42195,"date":"2021-05-11T13:47:45","date_gmt":"2021-05-11T11:47:45","guid":{"rendered":"https:\/\/naturalpoland.com\/produkty\/uncategorized\/%ec%96%91%ea%b7%80%eb%b9%84%ec%94%a8-%eb%b2%84%ed%84%b0\/"},"modified":"2025-07-21T13:59:49","modified_gmt":"2025-07-21T11:59:49","slug":"%ec%96%91%ea%b7%80%eb%b9%84%ec%94%a8-%eb%b2%84%ed%84%b0","status":"publish","type":"product","link":"https:\/\/naturalpoland.com\/ko\/je-pum\/hwa-jang-pum-won-ryo\/hwa-jang-pum-beo-teo\/%ec%96%91%ea%b7%80%eb%b9%84%ec%94%a8-%eb%b2%84%ed%84%b0\/","title":{"rendered":"\uc591\uadc0\ube44\uc528 \ubc84\ud130"},"content":{"rendered":"<p>\uc591\uadc0\ube44\uc528 \ubc84\ud130\ub294 \uc140\ub8f0\ub77c\uc774\ud2b8 \ubc29\uc9c0 \ud654\uc7a5\ud488 \uc0dd\uc0b0\uc5d0 \ud65c\uc6a9\ub420 \uc218 \uc788\uc2b5\ub2c8\ub2e4. \uc774\ub294 \ud53c\ubd80 \ud608\uc561 \uc21c\ud658\uc744 \uac1c\uc120\ud558\uace0 \uc140\ub8f0\ub77c\uc774\ud2b8\uc640 \uc791\uc740 \ud749\ud130\uc758 \uac00\uc2dc\uc131\uc744 \uc904\uc774\ub294 \ub370 \ub3c4\uc6c0\uc774 \ub429\ub2c8\ub2e4. \uc591\uadc0\ube44\uc5d0 \ud568\uc720\ub41c \uc131\ubd84\uc740 \ud53c\ubd80\ub97c \ud0c4\ub825 \uc788\uac8c \ud558\uace0, \ud53c\ubd80 \uc7a5\ub825\uc744 \uac1c\uc120\ud558\uba70, \uc720\uc5f0\uc131\uc744 \ub192\uc774\ub294 \ub370 \uae30\uc5ec\ud569\ub2c8\ub2e4. \ub610\ud55c, \ud53c\ubd80\ub97c \ubd80\ub4dc\ub7fd\uace0 \ub9e4\ub044\ub7fd\uac8c \ub9cc\ub4ed\ub2c8\ub2e4. \uc774 \ubc84\ud130\ub294 \ubaa8\ubc1c \ubc0f \uc190\ud1b1 \uad00\ub9ac\uc5d0\ub3c4 \uc0ac\uc6a9\ud560 \uc218 \uc788\uc2b5\ub2c8\ub2e4.    <\/p>\n<p>&nbsp;<\/p>\n","protected":false},"excerpt":{"rendered":"<p><strong>\uc591\uadc0\ube44\uc528 \ubc84\ud130<\/strong>\ub294 \ube44\ud0c0\ubbfc A, D, C, E\ub97c \ud568\uc720\ud558\uace0 \uc788\uc2b5\ub2c8\ub2e4. \ub9e4\uc6b0 \uac00\ubccd\uace0 \ud53c\ubd80\uc5d0 \uc798 \ud761\uc218\ub429\ub2c8\ub2e4. \ud53c\ubd80\uc5d0 \uacfc\ub3c4\ud55c \uc218\ubd84 \uc190\uc2e4\uc744 \ubc29\uc9c0\ud558\ub294 \ub9c9\uc744 \ud615\uc131\ud569\ub2c8\ub2e4. \uc0c1\ucc98 \uce58\uc720\ub97c \ucd09\uc9c4\ud558\ub294 \ud2b9\uc131\uc774 \uc788\uc2b5\ub2c8\ub2e4. \uc21c\ud558\uba70 \ubbfc\uac10\uc131 \ud53c\ubd80\uc640 \uc54c\ub808\ub974\uae30\uc131 \ud53c\ubd80 \uad00\ub9ac\uc5d0 \uc801\ud569\ud569\ub2c8\ub2e4.   <\/p>\n","protected":false},"featured_media":42197,"template":"","meta":{"_acf_changed":false},"product_brand":[],"product_cat":[8153],"product_tag":[],"class_list":{"0":"post-42195","1":"product","2":"type-product","3":"status-publish","4":"has-post-thumbnail","6":"product_cat-hwa-jang-pum-beo-teo","8":"first","9":"instock","10":"shipping-taxable","11":"product-type-simple"},"acf":[],"yoast_head":"<!-- This site is optimized with the Yoast SEO plugin v27.4 - https:\/\/yoast.com\/product\/yoast-seo-wordpress\/ -->\n<title>\uc591\uadc0\ube44\uc528 \ubc84\ud130 - Hurtowy Dystrybutor<\/title>\n<meta name=\"robots\" content=\"index, follow, max-snippet:-1, max-image-preview:large, max-video-preview:-1\" \/>\n<link rel=\"canonical\" href=\"https:\/\/naturalpoland.com\/ko\/je-pum\/hwa-jang-pum-won-ryo\/hwa-jang-pum-beo-teo\/%ec%96%91%ea%b7%80%eb%b9%84%ec%94%a8-%eb%b2%84%ed%84%b0\/\" \/>\n<meta property=\"og:locale\" content=\"ko_KR\" \/>\n<meta property=\"og:type\" content=\"article\" \/>\n<meta property=\"og:title\" content=\"\uc591\uadc0\ube44\uc528 \ubc84\ud130 - Hurtowy Dystrybutor\" \/>\n<meta property=\"og:description\" content=\"\uc591\uadc0\ube44\uc528 \ubc84\ud130\ub294 \ube44\ud0c0\ubbfc A, D, C, E\ub97c \ud568\uc720\ud558\uace0 \uc788\uc2b5\ub2c8\ub2e4. \ub9e4\uc6b0 \uac00\ubccd\uace0 \ud53c\ubd80\uc5d0 \uc798 \ud761\uc218\ub429\ub2c8\ub2e4. \ud53c\ubd80\uc5d0 \uacfc\ub3c4\ud55c \uc218\ubd84 \uc190\uc2e4\uc744 \ubc29\uc9c0\ud558\ub294 \ub9c9\uc744 \ud615\uc131\ud569\ub2c8\ub2e4. \uc0c1\ucc98 \uce58\uc720\ub97c \ucd09\uc9c4\ud558\ub294 \ud2b9\uc131\uc774 \uc788\uc2b5\ub2c8\ub2e4. \uc21c\ud558\uba70 \ubbfc\uac10\uc131 \ud53c\ubd80\uc640 \uc54c\ub808\ub974\uae30\uc131 \ud53c\ubd80 \uad00\ub9ac\uc5d0 \uc801\ud569\ud569\ub2c8\ub2e4.\" \/>\n<meta property=\"og:url\" content=\"https:\/\/naturalpoland.com\/ko\/je-pum\/hwa-jang-pum-won-ryo\/hwa-jang-pum-beo-teo\/%ec%96%91%ea%b7%80%eb%b9%84%ec%94%a8-%eb%b2%84%ed%84%b0\/\" \/>\n<meta property=\"og:site_name\" content=\"NATURAL POLAND - Hurtowy Dystrybutor Surowc\u00f3w\" \/>\n<meta property=\"article:publisher\" content=\"https:\/\/www.facebook.com\/naturalpoland.b2b\" \/>\n<meta property=\"article:modified_time\" content=\"2025-07-21T11:59:49+00:00\" \/>\n<meta property=\"og:image\" content=\"https:\/\/naturalpoland.com\/wp-content\/uploads\/maslo-z-maku.jpg\" \/>\n\t<meta property=\"og:image:width\" content=\"650\" \/>\n\t<meta property=\"og:image:height\" content=\"650\" \/>\n\t<meta property=\"og:image:type\" content=\"image\/jpeg\" \/>\n<script type=\"application\/ld+json\" class=\"yoast-schema-graph\">{\"@context\":\"https:\\\/\\\/schema.org\",\"@graph\":[{\"@type\":\"WebPage\",\"@id\":\"https:\\\/\\\/naturalpoland.com\\\/ko\\\/je-pum\\\/hwa-jang-pum-won-ryo\\\/hwa-jang-pum-beo-teo\\\/%ec%96%91%ea%b7%80%eb%b9%84%ec%94%a8-%eb%b2%84%ed%84%b0\\\/\",\"url\":\"https:\\\/\\\/naturalpoland.com\\\/ko\\\/je-pum\\\/hwa-jang-pum-won-ryo\\\/hwa-jang-pum-beo-teo\\\/%ec%96%91%ea%b7%80%eb%b9%84%ec%94%a8-%eb%b2%84%ed%84%b0\\\/\",\"name\":\"\uc591\uadc0\ube44\uc528 \ubc84\ud130 - Hurtowy Dystrybutor\",\"isPartOf\":{\"@id\":\"https:\\\/\\\/naturalpoland.com\\\/ko\\\/#website\"},\"primaryImageOfPage\":{\"@id\":\"https:\\\/\\\/naturalpoland.com\\\/ko\\\/je-pum\\\/hwa-jang-pum-won-ryo\\\/hwa-jang-pum-beo-teo\\\/%ec%96%91%ea%b7%80%eb%b9%84%ec%94%a8-%eb%b2%84%ed%84%b0\\\/#primaryimage\"},\"image\":{\"@id\":\"https:\\\/\\\/naturalpoland.com\\\/ko\\\/je-pum\\\/hwa-jang-pum-won-ryo\\\/hwa-jang-pum-beo-teo\\\/%ec%96%91%ea%b7%80%eb%b9%84%ec%94%a8-%eb%b2%84%ed%84%b0\\\/#primaryimage\"},\"thumbnailUrl\":\"https:\\\/\\\/naturalpoland.com\\\/wp-content\\\/uploads\\\/maslo-z-maku.jpg\",\"datePublished\":\"2021-05-11T11:47:45+00:00\",\"dateModified\":\"2025-07-21T11:59:49+00:00\",\"breadcrumb\":{\"@id\":\"https:\\\/\\\/naturalpoland.com\\\/ko\\\/je-pum\\\/hwa-jang-pum-won-ryo\\\/hwa-jang-pum-beo-teo\\\/%ec%96%91%ea%b7%80%eb%b9%84%ec%94%a8-%eb%b2%84%ed%84%b0\\\/#breadcrumb\"},\"inLanguage\":\"ko-KR\",\"potentialAction\":[{\"@type\":\"ReadAction\",\"target\":[\"https:\\\/\\\/naturalpoland.com\\\/ko\\\/je-pum\\\/hwa-jang-pum-won-ryo\\\/hwa-jang-pum-beo-teo\\\/%ec%96%91%ea%b7%80%eb%b9%84%ec%94%a8-%eb%b2%84%ed%84%b0\\\/\"]}]},{\"@type\":\"ImageObject\",\"inLanguage\":\"ko-KR\",\"@id\":\"https:\\\/\\\/naturalpoland.com\\\/ko\\\/je-pum\\\/hwa-jang-pum-won-ryo\\\/hwa-jang-pum-beo-teo\\\/%ec%96%91%ea%b7%80%eb%b9%84%ec%94%a8-%eb%b2%84%ed%84%b0\\\/#primaryimage\",\"url\":\"https:\\\/\\\/naturalpoland.com\\\/wp-content\\\/uploads\\\/maslo-z-maku.jpg\",\"contentUrl\":\"https:\\\/\\\/naturalpoland.com\\\/wp-content\\\/uploads\\\/maslo-z-maku.jpg\",\"width\":650,\"height\":650,\"caption\":\"mas\u0142o z maku\"},{\"@type\":\"BreadcrumbList\",\"@id\":\"https:\\\/\\\/naturalpoland.com\\\/ko\\\/je-pum\\\/hwa-jang-pum-won-ryo\\\/hwa-jang-pum-beo-teo\\\/%ec%96%91%ea%b7%80%eb%b9%84%ec%94%a8-%eb%b2%84%ed%84%b0\\\/#breadcrumb\",\"itemListElement\":[{\"@type\":\"ListItem\",\"position\":1,\"name\":\"\ud648\",\"item\":\"https:\\\/\\\/naturalpoland.com\\\/ko\\\/\"},{\"@type\":\"ListItem\",\"position\":2,\"name\":\"\uc81c\ud488\",\"item\":\"https:\\\/\\\/naturalpoland.com\\\/ko\\\/%ec%a0%9c%ed%92%88\\\/\"},{\"@type\":\"ListItem\",\"position\":3,\"name\":\"\uc591\uadc0\ube44\uc528 \ubc84\ud130\"}]},{\"@type\":\"WebSite\",\"@id\":\"https:\\\/\\\/naturalpoland.com\\\/ko\\\/#website\",\"url\":\"https:\\\/\\\/naturalpoland.com\\\/ko\\\/\",\"name\":\"NATURAL POLAND - Hurtowy Dystrybutor Surowc\u00f3w\",\"description\":\"Surowce dla przemys\u0142u spo\u017cywczego, kosmetycznego i farmaceutycznego\",\"publisher\":{\"@id\":\"https:\\\/\\\/naturalpoland.com\\\/ko\\\/#organization\"},\"potentialAction\":[{\"@type\":\"SearchAction\",\"target\":{\"@type\":\"EntryPoint\",\"urlTemplate\":\"https:\\\/\\\/naturalpoland.com\\\/ko\\\/?s={search_term_string}\"},\"query-input\":{\"@type\":\"PropertyValueSpecification\",\"valueRequired\":true,\"valueName\":\"search_term_string\"}}],\"inLanguage\":\"ko-KR\"},{\"@type\":\"Organization\",\"@id\":\"https:\\\/\\\/naturalpoland.com\\\/ko\\\/#organization\",\"name\":\"Natural Poland\",\"url\":\"https:\\\/\\\/naturalpoland.com\\\/ko\\\/\",\"logo\":{\"@type\":\"ImageObject\",\"inLanguage\":\"ko-KR\",\"@id\":\"https:\\\/\\\/naturalpoland.com\\\/ko\\\/#\\\/schema\\\/logo\\\/image\\\/\",\"url\":\"https:\\\/\\\/naturalpoland.com\\\/wp-content\\\/uploads\\\/2021\\\/05\\\/natural-poland-icon.png\",\"contentUrl\":\"https:\\\/\\\/naturalpoland.com\\\/wp-content\\\/uploads\\\/2021\\\/05\\\/natural-poland-icon.png\",\"width\":512,\"height\":512,\"caption\":\"Natural Poland\"},\"image\":{\"@id\":\"https:\\\/\\\/naturalpoland.com\\\/ko\\\/#\\\/schema\\\/logo\\\/image\\\/\"},\"sameAs\":[\"https:\\\/\\\/www.facebook.com\\\/naturalpoland.b2b\",\"https:\\\/\\\/pl.linkedin.com\\\/company\\\/natural-poland\",\"https:\\\/\\\/www.youtube.com\\\/channel\\\/UCgeGGkvOMahZo-xu_MSEWxg\"]}]}<\/script>\n<!-- \/ Yoast SEO plugin. -->","yoast_head_json":{"title":"\uc591\uadc0\ube44\uc528 \ubc84\ud130 - Hurtowy Dystrybutor","robots":{"index":"index","follow":"follow","max-snippet":"max-snippet:-1","max-image-preview":"max-image-preview:large","max-video-preview":"max-video-preview:-1"},"canonical":"https:\/\/naturalpoland.com\/ko\/je-pum\/hwa-jang-pum-won-ryo\/hwa-jang-pum-beo-teo\/%ec%96%91%ea%b7%80%eb%b9%84%ec%94%a8-%eb%b2%84%ed%84%b0\/","og_locale":"ko_KR","og_type":"article","og_title":"\uc591\uadc0\ube44\uc528 \ubc84\ud130 - Hurtowy Dystrybutor","og_description":"\uc591\uadc0\ube44\uc528 \ubc84\ud130\ub294 \ube44\ud0c0\ubbfc A, D, C, E\ub97c \ud568\uc720\ud558\uace0 \uc788\uc2b5\ub2c8\ub2e4. \ub9e4\uc6b0 \uac00\ubccd\uace0 \ud53c\ubd80\uc5d0 \uc798 \ud761\uc218\ub429\ub2c8\ub2e4. \ud53c\ubd80\uc5d0 \uacfc\ub3c4\ud55c \uc218\ubd84 \uc190\uc2e4\uc744 \ubc29\uc9c0\ud558\ub294 \ub9c9\uc744 \ud615\uc131\ud569\ub2c8\ub2e4. \uc0c1\ucc98 \uce58\uc720\ub97c \ucd09\uc9c4\ud558\ub294 \ud2b9\uc131\uc774 \uc788\uc2b5\ub2c8\ub2e4. \uc21c\ud558\uba70 \ubbfc\uac10\uc131 \ud53c\ubd80\uc640 \uc54c\ub808\ub974\uae30\uc131 \ud53c\ubd80 \uad00\ub9ac\uc5d0 \uc801\ud569\ud569\ub2c8\ub2e4.","og_url":"https:\/\/naturalpoland.com\/ko\/je-pum\/hwa-jang-pum-won-ryo\/hwa-jang-pum-beo-teo\/%ec%96%91%ea%b7%80%eb%b9%84%ec%94%a8-%eb%b2%84%ed%84%b0\/","og_site_name":"NATURAL POLAND - Hurtowy Dystrybutor Surowc\u00f3w","article_publisher":"https:\/\/www.facebook.com\/naturalpoland.b2b","article_modified_time":"2025-07-21T11:59:49+00:00","og_image":[{"width":650,"height":650,"url":"https:\/\/naturalpoland.com\/wp-content\/uploads\/maslo-z-maku.jpg","type":"image\/jpeg"}],"schema":{"@context":"https:\/\/schema.org","@graph":[{"@type":"WebPage","@id":"https:\/\/naturalpoland.com\/ko\/je-pum\/hwa-jang-pum-won-ryo\/hwa-jang-pum-beo-teo\/%ec%96%91%ea%b7%80%eb%b9%84%ec%94%a8-%eb%b2%84%ed%84%b0\/","url":"https:\/\/naturalpoland.com\/ko\/je-pum\/hwa-jang-pum-won-ryo\/hwa-jang-pum-beo-teo\/%ec%96%91%ea%b7%80%eb%b9%84%ec%94%a8-%eb%b2%84%ed%84%b0\/","name":"\uc591\uadc0\ube44\uc528 \ubc84\ud130 - Hurtowy Dystrybutor","isPartOf":{"@id":"https:\/\/naturalpoland.com\/ko\/#website"},"primaryImageOfPage":{"@id":"https:\/\/naturalpoland.com\/ko\/je-pum\/hwa-jang-pum-won-ryo\/hwa-jang-pum-beo-teo\/%ec%96%91%ea%b7%80%eb%b9%84%ec%94%a8-%eb%b2%84%ed%84%b0\/#primaryimage"},"image":{"@id":"https:\/\/naturalpoland.com\/ko\/je-pum\/hwa-jang-pum-won-ryo\/hwa-jang-pum-beo-teo\/%ec%96%91%ea%b7%80%eb%b9%84%ec%94%a8-%eb%b2%84%ed%84%b0\/#primaryimage"},"thumbnailUrl":"https:\/\/naturalpoland.com\/wp-content\/uploads\/maslo-z-maku.jpg","datePublished":"2021-05-11T11:47:45+00:00","dateModified":"2025-07-21T11:59:49+00:00","breadcrumb":{"@id":"https:\/\/naturalpoland.com\/ko\/je-pum\/hwa-jang-pum-won-ryo\/hwa-jang-pum-beo-teo\/%ec%96%91%ea%b7%80%eb%b9%84%ec%94%a8-%eb%b2%84%ed%84%b0\/#breadcrumb"},"inLanguage":"ko-KR","potentialAction":[{"@type":"ReadAction","target":["https:\/\/naturalpoland.com\/ko\/je-pum\/hwa-jang-pum-won-ryo\/hwa-jang-pum-beo-teo\/%ec%96%91%ea%b7%80%eb%b9%84%ec%94%a8-%eb%b2%84%ed%84%b0\/"]}]},{"@type":"ImageObject","inLanguage":"ko-KR","@id":"https:\/\/naturalpoland.com\/ko\/je-pum\/hwa-jang-pum-won-ryo\/hwa-jang-pum-beo-teo\/%ec%96%91%ea%b7%80%eb%b9%84%ec%94%a8-%eb%b2%84%ed%84%b0\/#primaryimage","url":"https:\/\/naturalpoland.com\/wp-content\/uploads\/maslo-z-maku.jpg","contentUrl":"https:\/\/naturalpoland.com\/wp-content\/uploads\/maslo-z-maku.jpg","width":650,"height":650,"caption":"mas\u0142o z maku"},{"@type":"BreadcrumbList","@id":"https:\/\/naturalpoland.com\/ko\/je-pum\/hwa-jang-pum-won-ryo\/hwa-jang-pum-beo-teo\/%ec%96%91%ea%b7%80%eb%b9%84%ec%94%a8-%eb%b2%84%ed%84%b0\/#breadcrumb","itemListElement":[{"@type":"ListItem","position":1,"name":"\ud648","item":"https:\/\/naturalpoland.com\/ko\/"},{"@type":"ListItem","position":2,"name":"\uc81c\ud488","item":"https:\/\/naturalpoland.com\/ko\/%ec%a0%9c%ed%92%88\/"},{"@type":"ListItem","position":3,"name":"\uc591\uadc0\ube44\uc528 \ubc84\ud130"}]},{"@type":"WebSite","@id":"https:\/\/naturalpoland.com\/ko\/#website","url":"https:\/\/naturalpoland.com\/ko\/","name":"NATURAL POLAND - Hurtowy Dystrybutor Surowc\u00f3w","description":"Surowce dla przemys\u0142u spo\u017cywczego, kosmetycznego i farmaceutycznego","publisher":{"@id":"https:\/\/naturalpoland.com\/ko\/#organization"},"potentialAction":[{"@type":"SearchAction","target":{"@type":"EntryPoint","urlTemplate":"https:\/\/naturalpoland.com\/ko\/?s={search_term_string}"},"query-input":{"@type":"PropertyValueSpecification","valueRequired":true,"valueName":"search_term_string"}}],"inLanguage":"ko-KR"},{"@type":"Organization","@id":"https:\/\/naturalpoland.com\/ko\/#organization","name":"Natural Poland","url":"https:\/\/naturalpoland.com\/ko\/","logo":{"@type":"ImageObject","inLanguage":"ko-KR","@id":"https:\/\/naturalpoland.com\/ko\/#\/schema\/logo\/image\/","url":"https:\/\/naturalpoland.com\/wp-content\/uploads\/2021\/05\/natural-poland-icon.png","contentUrl":"https:\/\/naturalpoland.com\/wp-content\/uploads\/2021\/05\/natural-poland-icon.png","width":512,"height":512,"caption":"Natural Poland"},"image":{"@id":"https:\/\/naturalpoland.com\/ko\/#\/schema\/logo\/image\/"},"sameAs":["https:\/\/www.facebook.com\/naturalpoland.b2b","https:\/\/pl.linkedin.com\/company\/natural-poland","https:\/\/www.youtube.com\/channel\/UCgeGGkvOMahZo-xu_MSEWxg"]}]}},"_links":{"self":[{"href":"https:\/\/naturalpoland.com\/ko\/wp-json\/wp\/v2\/product\/42195","targetHints":{"allow":["GET"]}}],"collection":[{"href":"https:\/\/naturalpoland.com\/ko\/wp-json\/wp\/v2\/product"}],"about":[{"href":"https:\/\/naturalpoland.com\/ko\/wp-json\/wp\/v2\/types\/product"}],"wp:featuredmedia":[{"embeddable":true,"href":"https:\/\/naturalpoland.com\/ko\/wp-json\/wp\/v2\/media\/42197"}],"wp:attachment":[{"href":"https:\/\/naturalpoland.com\/ko\/wp-json\/wp\/v2\/media?parent=42195"}],"wp:term":[{"taxonomy":"product_brand","embeddable":true,"href":"https:\/\/naturalpoland.com\/ko\/wp-json\/wp\/v2\/product_brand?post=42195"},{"taxonomy":"product_cat","embeddable":true,"href":"https:\/\/naturalpoland.com\/ko\/wp-json\/wp\/v2\/product_cat?post=42195"},{"taxonomy":"product_tag","embeddable":true,"href":"https:\/\/naturalpoland.com\/ko\/wp-json\/wp\/v2\/product_tag?post=42195"}],"curies":[{"name":"wp","href":"https:\/\/api.w.org\/{rel}","templated":true}]}}