{"id":42199,"date":"2021-05-11T13:46:59","date_gmt":"2021-05-11T11:46:59","guid":{"rendered":"https:\/\/naturalpoland.com\/produkty\/uncategorized\/%eb%b0%94%ec%bf%a0%eb%a6%ac-%eb%b2%84%ed%84%b0\/"},"modified":"2025-07-21T14:11:21","modified_gmt":"2025-07-21T12:11:21","slug":"bakuri-beoteo","status":"publish","type":"product","link":"https:\/\/naturalpoland.com\/ko\/je-pum\/hwa-jang-pum-won-ryo\/hwa-jang-pum-beo-teo\/bakuri-beoteo\/","title":{"rendered":"\ubc14\ucfe0\ub9ac \ubc84\ud130"},"content":{"rendered":"<p>\ubc14\ucfe0\ub9ac \ubc84\ud130\ub294 \uc0c9\uc18c \uce68\ucc29\uacfc \uc2f8\uc6b0\uace0 \ud53c\ubd80 \ud1a4\uc744 \ud6a8\uacfc\uc801\uc73c\ub85c \uade0\uc77c\ud558\uac8c \ud558\uba70 \ud669\uae08\ube5b \uc0c9\uc870\ub97c \ubd80\uc5ec\ud569\ub2c8\ub2e4. \uc0ac\uc6a9 \ud6c4 \ud53c\ubd80\ub294 \uae4a\uc774 \ubcf4\uc2b5\ub418\uace0 \ubca8\ubcb3\ucc98\ub7fc \ubd80\ub4dc\ub7ec\uc6cc\uc9d1\ub2c8\ub2e4.<\/p>\n<p>\ubc14\ucfe0\ub9ac \ubc84\ud130\ub294 \ud48d\ubd80\ud55c \uc131\ubd84\uc744 \uac00\uc9c0\uace0 \uc788\uc2b5\ub2c8\ub2e4. \ube44\ud0c0\ubbfc A, D, E, \ud53c\ud1a0\uc2a4\ud14c\ub864, \uc778, \ucca0, \ub958\uc2e0, \uce74\ub85c\ud2f0\ub178\uc774\ub4dc, \uadf8\ub9ac\uace0 \ub9ac\ub180\ub808\uc0b0, \uc62c\ub808\uc0b0, \ud314\ubbf8\ud2b8\uc0b0\uacfc \uac19\uc740 \uc9c0\ubc29\uc0b0\uc744 \ud568\uc720\ud558\uace0 \uc788\uc2b5\ub2c8\ub2e4. \ubc14\ub85c \uc774\ub7ec\ud55c \uc131\ubd84\ub4e4 \ub355\ubd84\uc5d0 \uc774 \ubc84\ud130\ub294 \uc778\uae30\ub97c \uc5bb\uace0 \ud658\uc0c1\uc801\uc778 \ud6a8\uacfc\ub97c \uc81c\uacf5\ud569\ub2c8\ub2e4.<\/p>\n","protected":false},"excerpt":{"rendered":"<p>\ubc14\ucfe0\ub9ac \ubc84\ud130\ub294 \ub2e4\uc591\ud55c \uc6a9\ub3c4\ub85c \uc0ac\uc6a9\ub418\ub294 \uc81c\ud488\uc785\ub2c8\ub2e4. \ubb34\uc5c7\ubcf4\ub2e4\ub3c4 \uc601\uc591 \uacf5\uae09 \ubc0f \uc7ac\uc0dd \ud6a8\uacfc\uac00 \uc788\uc2b5\ub2c8\ub2e4. \ud749\ud130 \ubc0f \ubcd1\ubcc0\uc774 \uc788\ub294 \ud53c\ubd80\uc5d0 \uc0ac\uc6a9\ud558\uae30 \uc801\ud569\ud569\ub2c8\ub2e4. \uc774 \ubc84\ud130\ub294 \ud749\ud130\uc758 \uac00\uc2dc\uc131\uc744 \uc904\uc774\uace0 \ud2bc\uc0b4\uacfc \ud749\ud130\uc758 \uce58\uc720\ub97c \ub3d5\uc2b5\ub2c8\ub2e4.<\/p>\n","protected":false},"featured_media":42200,"template":"","meta":{"_acf_changed":false},"product_brand":[],"product_cat":[8153],"product_tag":[8531],"class_list":{"0":"post-42199","1":"product","2":"type-product","3":"status-publish","4":"has-post-thumbnail","6":"product_cat-hwa-jang-pum-beo-teo","7":"product_tag-8531","9":"first","10":"instock","11":"shipping-taxable","12":"product-type-simple"},"acf":[],"yoast_head":"<!-- This site is optimized with the Yoast SEO plugin v27.4 - https:\/\/yoast.com\/product\/yoast-seo-wordpress\/ -->\n<title>\ubc14\ucfe0\ub9ac \ubc84\ud130 - Hurtowy Dystrybutor<\/title>\n<meta name=\"robots\" content=\"index, follow, max-snippet:-1, max-image-preview:large, max-video-preview:-1\" \/>\n<link rel=\"canonical\" href=\"https:\/\/naturalpoland.com\/ko\/je-pum\/hwa-jang-pum-won-ryo\/hwa-jang-pum-beo-teo\/bakuri-beoteo\/\" \/>\n<meta property=\"og:locale\" content=\"ko_KR\" \/>\n<meta property=\"og:type\" content=\"article\" \/>\n<meta property=\"og:title\" content=\"\ubc14\ucfe0\ub9ac \ubc84\ud130 - Hurtowy Dystrybutor\" \/>\n<meta property=\"og:description\" content=\"\ubc14\ucfe0\ub9ac \ubc84\ud130\ub294 \ub2e4\uc591\ud55c \uc6a9\ub3c4\ub85c \uc0ac\uc6a9\ub418\ub294 \uc81c\ud488\uc785\ub2c8\ub2e4. \ubb34\uc5c7\ubcf4\ub2e4\ub3c4 \uc601\uc591 \uacf5\uae09 \ubc0f \uc7ac\uc0dd \ud6a8\uacfc\uac00 \uc788\uc2b5\ub2c8\ub2e4. \ud749\ud130 \ubc0f \ubcd1\ubcc0\uc774 \uc788\ub294 \ud53c\ubd80\uc5d0 \uc0ac\uc6a9\ud558\uae30 \uc801\ud569\ud569\ub2c8\ub2e4. \uc774 \ubc84\ud130\ub294 \ud749\ud130\uc758 \uac00\uc2dc\uc131\uc744 \uc904\uc774\uace0 \ud2bc\uc0b4\uacfc \ud749\ud130\uc758 \uce58\uc720\ub97c \ub3d5\uc2b5\ub2c8\ub2e4.\" \/>\n<meta property=\"og:url\" content=\"https:\/\/naturalpoland.com\/ko\/je-pum\/hwa-jang-pum-won-ryo\/hwa-jang-pum-beo-teo\/bakuri-beoteo\/\" \/>\n<meta property=\"og:site_name\" content=\"NATURAL POLAND - Hurtowy Dystrybutor Surowc\u00f3w\" \/>\n<meta property=\"article:publisher\" content=\"https:\/\/www.facebook.com\/naturalpoland.b2b\" \/>\n<meta property=\"article:modified_time\" content=\"2025-07-21T12:11:21+00:00\" \/>\n<meta property=\"og:image\" content=\"https:\/\/naturalpoland.com\/wp-content\/uploads\/2021\/05\/bacuri-butter.jpg\" \/>\n\t<meta property=\"og:image:width\" content=\"400\" \/>\n\t<meta property=\"og:image:height\" content=\"250\" \/>\n\t<meta property=\"og:image:type\" content=\"image\/jpeg\" \/>\n<script type=\"application\/ld+json\" class=\"yoast-schema-graph\">{\"@context\":\"https:\\\/\\\/schema.org\",\"@graph\":[{\"@type\":\"WebPage\",\"@id\":\"https:\\\/\\\/naturalpoland.com\\\/ko\\\/je-pum\\\/hwa-jang-pum-won-ryo\\\/hwa-jang-pum-beo-teo\\\/bakuri-beoteo\\\/\",\"url\":\"https:\\\/\\\/naturalpoland.com\\\/ko\\\/je-pum\\\/hwa-jang-pum-won-ryo\\\/hwa-jang-pum-beo-teo\\\/bakuri-beoteo\\\/\",\"name\":\"\ubc14\ucfe0\ub9ac \ubc84\ud130 - Hurtowy Dystrybutor\",\"isPartOf\":{\"@id\":\"https:\\\/\\\/naturalpoland.com\\\/ko\\\/#website\"},\"primaryImageOfPage\":{\"@id\":\"https:\\\/\\\/naturalpoland.com\\\/ko\\\/je-pum\\\/hwa-jang-pum-won-ryo\\\/hwa-jang-pum-beo-teo\\\/bakuri-beoteo\\\/#primaryimage\"},\"image\":{\"@id\":\"https:\\\/\\\/naturalpoland.com\\\/ko\\\/je-pum\\\/hwa-jang-pum-won-ryo\\\/hwa-jang-pum-beo-teo\\\/bakuri-beoteo\\\/#primaryimage\"},\"thumbnailUrl\":\"https:\\\/\\\/naturalpoland.com\\\/wp-content\\\/uploads\\\/2021\\\/05\\\/bacuri-butter.jpg\",\"datePublished\":\"2021-05-11T11:46:59+00:00\",\"dateModified\":\"2025-07-21T12:11:21+00:00\",\"breadcrumb\":{\"@id\":\"https:\\\/\\\/naturalpoland.com\\\/ko\\\/je-pum\\\/hwa-jang-pum-won-ryo\\\/hwa-jang-pum-beo-teo\\\/bakuri-beoteo\\\/#breadcrumb\"},\"inLanguage\":\"ko-KR\",\"potentialAction\":[{\"@type\":\"ReadAction\",\"target\":[\"https:\\\/\\\/naturalpoland.com\\\/ko\\\/je-pum\\\/hwa-jang-pum-won-ryo\\\/hwa-jang-pum-beo-teo\\\/bakuri-beoteo\\\/\"]}]},{\"@type\":\"ImageObject\",\"inLanguage\":\"ko-KR\",\"@id\":\"https:\\\/\\\/naturalpoland.com\\\/ko\\\/je-pum\\\/hwa-jang-pum-won-ryo\\\/hwa-jang-pum-beo-teo\\\/bakuri-beoteo\\\/#primaryimage\",\"url\":\"https:\\\/\\\/naturalpoland.com\\\/wp-content\\\/uploads\\\/2021\\\/05\\\/bacuri-butter.jpg\",\"contentUrl\":\"https:\\\/\\\/naturalpoland.com\\\/wp-content\\\/uploads\\\/2021\\\/05\\\/bacuri-butter.jpg\",\"width\":400,\"height\":250,\"caption\":\"Mas\u0142o Bacuri\"},{\"@type\":\"BreadcrumbList\",\"@id\":\"https:\\\/\\\/naturalpoland.com\\\/ko\\\/je-pum\\\/hwa-jang-pum-won-ryo\\\/hwa-jang-pum-beo-teo\\\/bakuri-beoteo\\\/#breadcrumb\",\"itemListElement\":[{\"@type\":\"ListItem\",\"position\":1,\"name\":\"\ud648\",\"item\":\"https:\\\/\\\/naturalpoland.com\\\/ko\\\/\"},{\"@type\":\"ListItem\",\"position\":2,\"name\":\"\uc81c\ud488\",\"item\":\"https:\\\/\\\/naturalpoland.com\\\/ko\\\/%ec%a0%9c%ed%92%88\\\/\"},{\"@type\":\"ListItem\",\"position\":3,\"name\":\"\ubc14\ucfe0\ub9ac \ubc84\ud130\"}]},{\"@type\":\"WebSite\",\"@id\":\"https:\\\/\\\/naturalpoland.com\\\/ko\\\/#website\",\"url\":\"https:\\\/\\\/naturalpoland.com\\\/ko\\\/\",\"name\":\"NATURAL POLAND - Hurtowy Dystrybutor Surowc\u00f3w\",\"description\":\"Surowce dla przemys\u0142u spo\u017cywczego, kosmetycznego i farmaceutycznego\",\"publisher\":{\"@id\":\"https:\\\/\\\/naturalpoland.com\\\/ko\\\/#organization\"},\"potentialAction\":[{\"@type\":\"SearchAction\",\"target\":{\"@type\":\"EntryPoint\",\"urlTemplate\":\"https:\\\/\\\/naturalpoland.com\\\/ko\\\/?s={search_term_string}\"},\"query-input\":{\"@type\":\"PropertyValueSpecification\",\"valueRequired\":true,\"valueName\":\"search_term_string\"}}],\"inLanguage\":\"ko-KR\"},{\"@type\":\"Organization\",\"@id\":\"https:\\\/\\\/naturalpoland.com\\\/ko\\\/#organization\",\"name\":\"Natural Poland\",\"url\":\"https:\\\/\\\/naturalpoland.com\\\/ko\\\/\",\"logo\":{\"@type\":\"ImageObject\",\"inLanguage\":\"ko-KR\",\"@id\":\"https:\\\/\\\/naturalpoland.com\\\/ko\\\/#\\\/schema\\\/logo\\\/image\\\/\",\"url\":\"https:\\\/\\\/naturalpoland.com\\\/wp-content\\\/uploads\\\/2021\\\/05\\\/natural-poland-icon.png\",\"contentUrl\":\"https:\\\/\\\/naturalpoland.com\\\/wp-content\\\/uploads\\\/2021\\\/05\\\/natural-poland-icon.png\",\"width\":512,\"height\":512,\"caption\":\"Natural Poland\"},\"image\":{\"@id\":\"https:\\\/\\\/naturalpoland.com\\\/ko\\\/#\\\/schema\\\/logo\\\/image\\\/\"},\"sameAs\":[\"https:\\\/\\\/www.facebook.com\\\/naturalpoland.b2b\",\"https:\\\/\\\/pl.linkedin.com\\\/company\\\/natural-poland\",\"https:\\\/\\\/www.youtube.com\\\/channel\\\/UCgeGGkvOMahZo-xu_MSEWxg\"]}]}<\/script>\n<!-- \/ Yoast SEO plugin. -->","yoast_head_json":{"title":"\ubc14\ucfe0\ub9ac \ubc84\ud130 - Hurtowy Dystrybutor","robots":{"index":"index","follow":"follow","max-snippet":"max-snippet:-1","max-image-preview":"max-image-preview:large","max-video-preview":"max-video-preview:-1"},"canonical":"https:\/\/naturalpoland.com\/ko\/je-pum\/hwa-jang-pum-won-ryo\/hwa-jang-pum-beo-teo\/bakuri-beoteo\/","og_locale":"ko_KR","og_type":"article","og_title":"\ubc14\ucfe0\ub9ac \ubc84\ud130 - Hurtowy Dystrybutor","og_description":"\ubc14\ucfe0\ub9ac \ubc84\ud130\ub294 \ub2e4\uc591\ud55c \uc6a9\ub3c4\ub85c \uc0ac\uc6a9\ub418\ub294 \uc81c\ud488\uc785\ub2c8\ub2e4. \ubb34\uc5c7\ubcf4\ub2e4\ub3c4 \uc601\uc591 \uacf5\uae09 \ubc0f \uc7ac\uc0dd \ud6a8\uacfc\uac00 \uc788\uc2b5\ub2c8\ub2e4. \ud749\ud130 \ubc0f \ubcd1\ubcc0\uc774 \uc788\ub294 \ud53c\ubd80\uc5d0 \uc0ac\uc6a9\ud558\uae30 \uc801\ud569\ud569\ub2c8\ub2e4. \uc774 \ubc84\ud130\ub294 \ud749\ud130\uc758 \uac00\uc2dc\uc131\uc744 \uc904\uc774\uace0 \ud2bc\uc0b4\uacfc \ud749\ud130\uc758 \uce58\uc720\ub97c \ub3d5\uc2b5\ub2c8\ub2e4.","og_url":"https:\/\/naturalpoland.com\/ko\/je-pum\/hwa-jang-pum-won-ryo\/hwa-jang-pum-beo-teo\/bakuri-beoteo\/","og_site_name":"NATURAL POLAND - Hurtowy Dystrybutor Surowc\u00f3w","article_publisher":"https:\/\/www.facebook.com\/naturalpoland.b2b","article_modified_time":"2025-07-21T12:11:21+00:00","og_image":[{"width":400,"height":250,"url":"https:\/\/naturalpoland.com\/wp-content\/uploads\/2021\/05\/bacuri-butter.jpg","type":"image\/jpeg"}],"schema":{"@context":"https:\/\/schema.org","@graph":[{"@type":"WebPage","@id":"https:\/\/naturalpoland.com\/ko\/je-pum\/hwa-jang-pum-won-ryo\/hwa-jang-pum-beo-teo\/bakuri-beoteo\/","url":"https:\/\/naturalpoland.com\/ko\/je-pum\/hwa-jang-pum-won-ryo\/hwa-jang-pum-beo-teo\/bakuri-beoteo\/","name":"\ubc14\ucfe0\ub9ac \ubc84\ud130 - Hurtowy Dystrybutor","isPartOf":{"@id":"https:\/\/naturalpoland.com\/ko\/#website"},"primaryImageOfPage":{"@id":"https:\/\/naturalpoland.com\/ko\/je-pum\/hwa-jang-pum-won-ryo\/hwa-jang-pum-beo-teo\/bakuri-beoteo\/#primaryimage"},"image":{"@id":"https:\/\/naturalpoland.com\/ko\/je-pum\/hwa-jang-pum-won-ryo\/hwa-jang-pum-beo-teo\/bakuri-beoteo\/#primaryimage"},"thumbnailUrl":"https:\/\/naturalpoland.com\/wp-content\/uploads\/2021\/05\/bacuri-butter.jpg","datePublished":"2021-05-11T11:46:59+00:00","dateModified":"2025-07-21T12:11:21+00:00","breadcrumb":{"@id":"https:\/\/naturalpoland.com\/ko\/je-pum\/hwa-jang-pum-won-ryo\/hwa-jang-pum-beo-teo\/bakuri-beoteo\/#breadcrumb"},"inLanguage":"ko-KR","potentialAction":[{"@type":"ReadAction","target":["https:\/\/naturalpoland.com\/ko\/je-pum\/hwa-jang-pum-won-ryo\/hwa-jang-pum-beo-teo\/bakuri-beoteo\/"]}]},{"@type":"ImageObject","inLanguage":"ko-KR","@id":"https:\/\/naturalpoland.com\/ko\/je-pum\/hwa-jang-pum-won-ryo\/hwa-jang-pum-beo-teo\/bakuri-beoteo\/#primaryimage","url":"https:\/\/naturalpoland.com\/wp-content\/uploads\/2021\/05\/bacuri-butter.jpg","contentUrl":"https:\/\/naturalpoland.com\/wp-content\/uploads\/2021\/05\/bacuri-butter.jpg","width":400,"height":250,"caption":"Mas\u0142o Bacuri"},{"@type":"BreadcrumbList","@id":"https:\/\/naturalpoland.com\/ko\/je-pum\/hwa-jang-pum-won-ryo\/hwa-jang-pum-beo-teo\/bakuri-beoteo\/#breadcrumb","itemListElement":[{"@type":"ListItem","position":1,"name":"\ud648","item":"https:\/\/naturalpoland.com\/ko\/"},{"@type":"ListItem","position":2,"name":"\uc81c\ud488","item":"https:\/\/naturalpoland.com\/ko\/%ec%a0%9c%ed%92%88\/"},{"@type":"ListItem","position":3,"name":"\ubc14\ucfe0\ub9ac \ubc84\ud130"}]},{"@type":"WebSite","@id":"https:\/\/naturalpoland.com\/ko\/#website","url":"https:\/\/naturalpoland.com\/ko\/","name":"NATURAL POLAND - Hurtowy Dystrybutor Surowc\u00f3w","description":"Surowce dla przemys\u0142u spo\u017cywczego, kosmetycznego i farmaceutycznego","publisher":{"@id":"https:\/\/naturalpoland.com\/ko\/#organization"},"potentialAction":[{"@type":"SearchAction","target":{"@type":"EntryPoint","urlTemplate":"https:\/\/naturalpoland.com\/ko\/?s={search_term_string}"},"query-input":{"@type":"PropertyValueSpecification","valueRequired":true,"valueName":"search_term_string"}}],"inLanguage":"ko-KR"},{"@type":"Organization","@id":"https:\/\/naturalpoland.com\/ko\/#organization","name":"Natural Poland","url":"https:\/\/naturalpoland.com\/ko\/","logo":{"@type":"ImageObject","inLanguage":"ko-KR","@id":"https:\/\/naturalpoland.com\/ko\/#\/schema\/logo\/image\/","url":"https:\/\/naturalpoland.com\/wp-content\/uploads\/2021\/05\/natural-poland-icon.png","contentUrl":"https:\/\/naturalpoland.com\/wp-content\/uploads\/2021\/05\/natural-poland-icon.png","width":512,"height":512,"caption":"Natural Poland"},"image":{"@id":"https:\/\/naturalpoland.com\/ko\/#\/schema\/logo\/image\/"},"sameAs":["https:\/\/www.facebook.com\/naturalpoland.b2b","https:\/\/pl.linkedin.com\/company\/natural-poland","https:\/\/www.youtube.com\/channel\/UCgeGGkvOMahZo-xu_MSEWxg"]}]}},"_links":{"self":[{"href":"https:\/\/naturalpoland.com\/ko\/wp-json\/wp\/v2\/product\/42199","targetHints":{"allow":["GET"]}}],"collection":[{"href":"https:\/\/naturalpoland.com\/ko\/wp-json\/wp\/v2\/product"}],"about":[{"href":"https:\/\/naturalpoland.com\/ko\/wp-json\/wp\/v2\/types\/product"}],"wp:featuredmedia":[{"embeddable":true,"href":"https:\/\/naturalpoland.com\/ko\/wp-json\/wp\/v2\/media\/42200"}],"wp:attachment":[{"href":"https:\/\/naturalpoland.com\/ko\/wp-json\/wp\/v2\/media?parent=42199"}],"wp:term":[{"taxonomy":"product_brand","embeddable":true,"href":"https:\/\/naturalpoland.com\/ko\/wp-json\/wp\/v2\/product_brand?post=42199"},{"taxonomy":"product_cat","embeddable":true,"href":"https:\/\/naturalpoland.com\/ko\/wp-json\/wp\/v2\/product_cat?post=42199"},{"taxonomy":"product_tag","embeddable":true,"href":"https:\/\/naturalpoland.com\/ko\/wp-json\/wp\/v2\/product_tag?post=42199"}],"curies":[{"name":"wp","href":"https:\/\/api.w.org\/{rel}","templated":true}]}}