{"id":42201,"date":"2021-05-11T13:47:00","date_gmt":"2021-05-11T11:47:00","guid":{"rendered":"https:\/\/naturalpoland.com\/produkty\/uncategorized\/%ec%bb%a4%ed%94%bc-%eb%b2%84%ed%84%b0\/"},"modified":"2025-07-21T14:11:04","modified_gmt":"2025-07-21T12:11:04","slug":"keopi-beoteo","status":"publish","type":"product","link":"https:\/\/naturalpoland.com\/ko\/je-pum\/hwa-jang-pum-won-ryo\/hwa-jang-pum-beo-teo\/keopi-beoteo\/","title":{"rendered":"\ucee4\ud53c \ubc84\ud130"},"content":{"rendered":"<p>\ucee4\ud53c \ubc84\ud130\ub294 \uce74\ud398\uc778 \ud568\ub7c9\uc774 \ub192\uc544 \ud45c\ud53c\uc758 \ud608\uc561 \uc21c\ud658\uc744 \ucd09\uc9c4\ud569\ub2c8\ub2e4. \uc774\ub7ec\ud55c \uc774\uc720\ub85c \uc140\ub8f0\ub77c\uc774\ud2b8 \ubc29\uc9c0 \ud654\uc7a5\ud488 \ubc0f \ub208 \ubc11 \ud06c\ub9bc\uc758 \uc131\ubd84\uc73c\ub85c \ud0c1\uc6d4\ud569\ub2c8\ub2e4. \ud6c4\uc790\uc758 \uacbd\uc6b0 \ub178\ud654 \uc9c0\uc5f0 \ud6a8\uacfc\uc640 \ud53c\ubd80 \ud1a4\uc744 \uade0\uc77c\ud558\uac8c \ud558\uace0 \ubcc0\uc0c9\uc744 \uc228\uae30\ub294 \ub2a5\ub825\ub3c4 \uc911\uc694\ud569\ub2c8\ub2e4.<\/p>\n","protected":false},"excerpt":{"rendered":"<p>\ucee4\ud53c \ubc84\ud130\ub294 \ucee4\ud53c \uc6d0\ub450\ub97c \uc555\ucc29\ud558\uc5ec \uc5bb\uc2b5\ub2c8\ub2e4. \ub9e4\uc6b0 \ud5a5\uae30\ub85c\uc6b4 \ud654\uc7a5\ud488\uc744 \ub9cc\ub4dc\ub294 \ub370 \uc0ac\uc6a9\ub429\ub2c8\ub2e4. \uadf8\ub7ec\ub098 \uc774 \ubc84\ud130\ub294 \uc544\ub984\ub2e4\uc6b4 \ud5a5\uae30 \uc678\uc5d0\ub3c4 \ub354 \ub9ce\uc740 \uc774\uc810\uc744 \uac00\uc9c0\uace0 \uc788\uc2b5\ub2c8\ub2e4. \uc5f0\ud654, \ud56d\uc5fc, \ud0c4\ub825 \uac15\ud654 \ubc0f \uac15\ub825\ud55c \ubcf4\uc2b5 \ud6a8\uacfc\uac00 \uc788\uc2b5\ub2c8\ub2e4. \uc790\uc678\uc120 \ubc0f \uc720\ud574\ud55c \uc790\uc720 \ub77c\ub514\uce7c\ub85c\ubd80\ud130 \ubcf4\ud638\ud569\ub2c8\ub2e4.<\/p>\n","protected":false},"featured_media":45961,"template":"","meta":{"_acf_changed":false},"product_brand":[],"product_cat":[8153],"product_tag":[],"class_list":{"0":"post-42201","1":"product","2":"type-product","3":"status-publish","4":"has-post-thumbnail","6":"product_cat-hwa-jang-pum-beo-teo","7":"pa_metoda-pozyskiwania-suso-cheomga","9":"first","10":"instock","11":"shipping-taxable","12":"product-type-simple"},"acf":[],"yoast_head":"<!-- This site is optimized with the Yoast SEO plugin v27.5 - https:\/\/yoast.com\/product\/yoast-seo-wordpress\/ -->\n<title>\ucee4\ud53c \ubc84\ud130 - Hurtowy Dystrybutor<\/title>\n<meta name=\"description\" content=\"\ucee4\ud53c \ubc84\ud130\ub294 \ucee4\ud53c \uc6d0\ub450\ub97c \uc555\ucc29\ud558\uc5ec \uc5bb\uc2b5\ub2c8\ub2e4. \ub9e4\uc6b0 \ud5a5\uae30\ub85c\uc6b4 \ud654\uc7a5\ud488\uc744 \ub9cc\ub4dc\ub294 \ub370 \uc0ac\uc6a9\ub429\ub2c8\ub2e4.\" \/>\n<meta name=\"robots\" content=\"index, follow, max-snippet:-1, max-image-preview:large, max-video-preview:-1\" \/>\n<link rel=\"canonical\" href=\"https:\/\/naturalpoland.com\/ko\/je-pum\/hwa-jang-pum-won-ryo\/hwa-jang-pum-beo-teo\/keopi-beoteo\/\" \/>\n<meta property=\"og:locale\" content=\"ko_KR\" \/>\n<meta property=\"og:type\" content=\"article\" \/>\n<meta property=\"og:title\" content=\"\ucee4\ud53c \ubc84\ud130 - Hurtowy Dystrybutor\" \/>\n<meta property=\"og:description\" content=\"\ucee4\ud53c \ubc84\ud130\ub294 \ucee4\ud53c \uc6d0\ub450\ub97c \uc555\ucc29\ud558\uc5ec \uc5bb\uc2b5\ub2c8\ub2e4. \ub9e4\uc6b0 \ud5a5\uae30\ub85c\uc6b4 \ud654\uc7a5\ud488\uc744 \ub9cc\ub4dc\ub294 \ub370 \uc0ac\uc6a9\ub429\ub2c8\ub2e4.\" \/>\n<meta property=\"og:url\" content=\"https:\/\/naturalpoland.com\/ko\/je-pum\/hwa-jang-pum-won-ryo\/hwa-jang-pum-beo-teo\/keopi-beoteo\/\" \/>\n<meta property=\"og:site_name\" content=\"NATURAL POLAND - Hurtowy Dystrybutor Surowc\u00f3w\" \/>\n<meta property=\"article:publisher\" content=\"https:\/\/www.facebook.com\/naturalpoland.b2b\" \/>\n<meta property=\"article:modified_time\" content=\"2025-07-21T12:11:04+00:00\" \/>\n<meta property=\"og:image\" content=\"https:\/\/naturalpoland.com\/wp-content\/uploads\/2021\/05\/coffee-butter.jpg\" \/>\n\t<meta property=\"og:image:width\" content=\"480\" \/>\n\t<meta property=\"og:image:height\" content=\"360\" \/>\n\t<meta property=\"og:image:type\" content=\"image\/jpeg\" \/>\n<script type=\"application\/ld+json\" class=\"yoast-schema-graph\">{\"@context\":\"https:\\\/\\\/schema.org\",\"@graph\":[{\"@type\":\"WebPage\",\"@id\":\"https:\\\/\\\/naturalpoland.com\\\/ko\\\/je-pum\\\/hwa-jang-pum-won-ryo\\\/hwa-jang-pum-beo-teo\\\/keopi-beoteo\\\/\",\"url\":\"https:\\\/\\\/naturalpoland.com\\\/ko\\\/je-pum\\\/hwa-jang-pum-won-ryo\\\/hwa-jang-pum-beo-teo\\\/keopi-beoteo\\\/\",\"name\":\"\ucee4\ud53c \ubc84\ud130 - Hurtowy Dystrybutor\",\"isPartOf\":{\"@id\":\"https:\\\/\\\/naturalpoland.com\\\/ko\\\/#website\"},\"primaryImageOfPage\":{\"@id\":\"https:\\\/\\\/naturalpoland.com\\\/ko\\\/je-pum\\\/hwa-jang-pum-won-ryo\\\/hwa-jang-pum-beo-teo\\\/keopi-beoteo\\\/#primaryimage\"},\"image\":{\"@id\":\"https:\\\/\\\/naturalpoland.com\\\/ko\\\/je-pum\\\/hwa-jang-pum-won-ryo\\\/hwa-jang-pum-beo-teo\\\/keopi-beoteo\\\/#primaryimage\"},\"thumbnailUrl\":\"https:\\\/\\\/naturalpoland.com\\\/wp-content\\\/uploads\\\/maslo-kawowe.webp\",\"datePublished\":\"2021-05-11T11:47:00+00:00\",\"dateModified\":\"2025-07-21T12:11:04+00:00\",\"description\":\"\ucee4\ud53c \ubc84\ud130\ub294 \ucee4\ud53c \uc6d0\ub450\ub97c \uc555\ucc29\ud558\uc5ec \uc5bb\uc2b5\ub2c8\ub2e4. \ub9e4\uc6b0 \ud5a5\uae30\ub85c\uc6b4 \ud654\uc7a5\ud488\uc744 \ub9cc\ub4dc\ub294 \ub370 \uc0ac\uc6a9\ub429\ub2c8\ub2e4.\",\"breadcrumb\":{\"@id\":\"https:\\\/\\\/naturalpoland.com\\\/ko\\\/je-pum\\\/hwa-jang-pum-won-ryo\\\/hwa-jang-pum-beo-teo\\\/keopi-beoteo\\\/#breadcrumb\"},\"inLanguage\":\"ko-KR\",\"potentialAction\":[{\"@type\":\"ReadAction\",\"target\":[\"https:\\\/\\\/naturalpoland.com\\\/ko\\\/je-pum\\\/hwa-jang-pum-won-ryo\\\/hwa-jang-pum-beo-teo\\\/keopi-beoteo\\\/\"]}]},{\"@type\":\"ImageObject\",\"inLanguage\":\"ko-KR\",\"@id\":\"https:\\\/\\\/naturalpoland.com\\\/ko\\\/je-pum\\\/hwa-jang-pum-won-ryo\\\/hwa-jang-pum-beo-teo\\\/keopi-beoteo\\\/#primaryimage\",\"url\":\"https:\\\/\\\/naturalpoland.com\\\/wp-content\\\/uploads\\\/maslo-kawowe.webp\",\"contentUrl\":\"https:\\\/\\\/naturalpoland.com\\\/wp-content\\\/uploads\\\/maslo-kawowe.webp\",\"width\":1024,\"height\":1024,\"caption\":\"mas\u0142o kawowe\"},{\"@type\":\"BreadcrumbList\",\"@id\":\"https:\\\/\\\/naturalpoland.com\\\/ko\\\/je-pum\\\/hwa-jang-pum-won-ryo\\\/hwa-jang-pum-beo-teo\\\/keopi-beoteo\\\/#breadcrumb\",\"itemListElement\":[{\"@type\":\"ListItem\",\"position\":1,\"name\":\"\ud648\",\"item\":\"https:\\\/\\\/naturalpoland.com\\\/ko\\\/\"},{\"@type\":\"ListItem\",\"position\":2,\"name\":\"\uc81c\ud488\",\"item\":\"https:\\\/\\\/naturalpoland.com\\\/ko\\\/%ec%a0%9c%ed%92%88\\\/\"},{\"@type\":\"ListItem\",\"position\":3,\"name\":\"\ucee4\ud53c \ubc84\ud130\"}]},{\"@type\":\"WebSite\",\"@id\":\"https:\\\/\\\/naturalpoland.com\\\/ko\\\/#website\",\"url\":\"https:\\\/\\\/naturalpoland.com\\\/ko\\\/\",\"name\":\"NATURAL POLAND - Hurtowy Dystrybutor Surowc\u00f3w\",\"description\":\"Surowce dla przemys\u0142u spo\u017cywczego, kosmetycznego i farmaceutycznego\",\"publisher\":{\"@id\":\"https:\\\/\\\/naturalpoland.com\\\/ko\\\/#organization\"},\"potentialAction\":[{\"@type\":\"SearchAction\",\"target\":{\"@type\":\"EntryPoint\",\"urlTemplate\":\"https:\\\/\\\/naturalpoland.com\\\/ko\\\/?s={search_term_string}\"},\"query-input\":{\"@type\":\"PropertyValueSpecification\",\"valueRequired\":true,\"valueName\":\"search_term_string\"}}],\"inLanguage\":\"ko-KR\"},{\"@type\":\"Organization\",\"@id\":\"https:\\\/\\\/naturalpoland.com\\\/ko\\\/#organization\",\"name\":\"Natural Poland\",\"url\":\"https:\\\/\\\/naturalpoland.com\\\/ko\\\/\",\"logo\":{\"@type\":\"ImageObject\",\"inLanguage\":\"ko-KR\",\"@id\":\"https:\\\/\\\/naturalpoland.com\\\/ko\\\/#\\\/schema\\\/logo\\\/image\\\/\",\"url\":\"https:\\\/\\\/naturalpoland.com\\\/wp-content\\\/uploads\\\/2021\\\/05\\\/natural-poland-icon.png\",\"contentUrl\":\"https:\\\/\\\/naturalpoland.com\\\/wp-content\\\/uploads\\\/2021\\\/05\\\/natural-poland-icon.png\",\"width\":512,\"height\":512,\"caption\":\"Natural Poland\"},\"image\":{\"@id\":\"https:\\\/\\\/naturalpoland.com\\\/ko\\\/#\\\/schema\\\/logo\\\/image\\\/\"},\"sameAs\":[\"https:\\\/\\\/www.facebook.com\\\/naturalpoland.b2b\",\"https:\\\/\\\/pl.linkedin.com\\\/company\\\/natural-poland\",\"https:\\\/\\\/www.youtube.com\\\/channel\\\/UCgeGGkvOMahZo-xu_MSEWxg\"]}]}<\/script>\n<!-- \/ Yoast SEO plugin. -->","yoast_head_json":{"title":"\ucee4\ud53c \ubc84\ud130 - Hurtowy Dystrybutor","description":"\ucee4\ud53c \ubc84\ud130\ub294 \ucee4\ud53c \uc6d0\ub450\ub97c \uc555\ucc29\ud558\uc5ec \uc5bb\uc2b5\ub2c8\ub2e4. \ub9e4\uc6b0 \ud5a5\uae30\ub85c\uc6b4 \ud654\uc7a5\ud488\uc744 \ub9cc\ub4dc\ub294 \ub370 \uc0ac\uc6a9\ub429\ub2c8\ub2e4.","robots":{"index":"index","follow":"follow","max-snippet":"max-snippet:-1","max-image-preview":"max-image-preview:large","max-video-preview":"max-video-preview:-1"},"canonical":"https:\/\/naturalpoland.com\/ko\/je-pum\/hwa-jang-pum-won-ryo\/hwa-jang-pum-beo-teo\/keopi-beoteo\/","og_locale":"ko_KR","og_type":"article","og_title":"\ucee4\ud53c \ubc84\ud130 - Hurtowy Dystrybutor","og_description":"\ucee4\ud53c \ubc84\ud130\ub294 \ucee4\ud53c \uc6d0\ub450\ub97c \uc555\ucc29\ud558\uc5ec \uc5bb\uc2b5\ub2c8\ub2e4. \ub9e4\uc6b0 \ud5a5\uae30\ub85c\uc6b4 \ud654\uc7a5\ud488\uc744 \ub9cc\ub4dc\ub294 \ub370 \uc0ac\uc6a9\ub429\ub2c8\ub2e4.","og_url":"https:\/\/naturalpoland.com\/ko\/je-pum\/hwa-jang-pum-won-ryo\/hwa-jang-pum-beo-teo\/keopi-beoteo\/","og_site_name":"NATURAL POLAND - Hurtowy Dystrybutor Surowc\u00f3w","article_publisher":"https:\/\/www.facebook.com\/naturalpoland.b2b","article_modified_time":"2025-07-21T12:11:04+00:00","og_image":[{"width":480,"height":360,"url":"https:\/\/naturalpoland.com\/wp-content\/uploads\/2021\/05\/coffee-butter.jpg","type":"image\/jpeg"}],"schema":{"@context":"https:\/\/schema.org","@graph":[{"@type":"WebPage","@id":"https:\/\/naturalpoland.com\/ko\/je-pum\/hwa-jang-pum-won-ryo\/hwa-jang-pum-beo-teo\/keopi-beoteo\/","url":"https:\/\/naturalpoland.com\/ko\/je-pum\/hwa-jang-pum-won-ryo\/hwa-jang-pum-beo-teo\/keopi-beoteo\/","name":"\ucee4\ud53c \ubc84\ud130 - Hurtowy Dystrybutor","isPartOf":{"@id":"https:\/\/naturalpoland.com\/ko\/#website"},"primaryImageOfPage":{"@id":"https:\/\/naturalpoland.com\/ko\/je-pum\/hwa-jang-pum-won-ryo\/hwa-jang-pum-beo-teo\/keopi-beoteo\/#primaryimage"},"image":{"@id":"https:\/\/naturalpoland.com\/ko\/je-pum\/hwa-jang-pum-won-ryo\/hwa-jang-pum-beo-teo\/keopi-beoteo\/#primaryimage"},"thumbnailUrl":"https:\/\/naturalpoland.com\/wp-content\/uploads\/maslo-kawowe.webp","datePublished":"2021-05-11T11:47:00+00:00","dateModified":"2025-07-21T12:11:04+00:00","description":"\ucee4\ud53c \ubc84\ud130\ub294 \ucee4\ud53c \uc6d0\ub450\ub97c \uc555\ucc29\ud558\uc5ec \uc5bb\uc2b5\ub2c8\ub2e4. \ub9e4\uc6b0 \ud5a5\uae30\ub85c\uc6b4 \ud654\uc7a5\ud488\uc744 \ub9cc\ub4dc\ub294 \ub370 \uc0ac\uc6a9\ub429\ub2c8\ub2e4.","breadcrumb":{"@id":"https:\/\/naturalpoland.com\/ko\/je-pum\/hwa-jang-pum-won-ryo\/hwa-jang-pum-beo-teo\/keopi-beoteo\/#breadcrumb"},"inLanguage":"ko-KR","potentialAction":[{"@type":"ReadAction","target":["https:\/\/naturalpoland.com\/ko\/je-pum\/hwa-jang-pum-won-ryo\/hwa-jang-pum-beo-teo\/keopi-beoteo\/"]}]},{"@type":"ImageObject","inLanguage":"ko-KR","@id":"https:\/\/naturalpoland.com\/ko\/je-pum\/hwa-jang-pum-won-ryo\/hwa-jang-pum-beo-teo\/keopi-beoteo\/#primaryimage","url":"https:\/\/naturalpoland.com\/wp-content\/uploads\/maslo-kawowe.webp","contentUrl":"https:\/\/naturalpoland.com\/wp-content\/uploads\/maslo-kawowe.webp","width":1024,"height":1024,"caption":"mas\u0142o kawowe"},{"@type":"BreadcrumbList","@id":"https:\/\/naturalpoland.com\/ko\/je-pum\/hwa-jang-pum-won-ryo\/hwa-jang-pum-beo-teo\/keopi-beoteo\/#breadcrumb","itemListElement":[{"@type":"ListItem","position":1,"name":"\ud648","item":"https:\/\/naturalpoland.com\/ko\/"},{"@type":"ListItem","position":2,"name":"\uc81c\ud488","item":"https:\/\/naturalpoland.com\/ko\/%ec%a0%9c%ed%92%88\/"},{"@type":"ListItem","position":3,"name":"\ucee4\ud53c \ubc84\ud130"}]},{"@type":"WebSite","@id":"https:\/\/naturalpoland.com\/ko\/#website","url":"https:\/\/naturalpoland.com\/ko\/","name":"NATURAL POLAND - Hurtowy Dystrybutor Surowc\u00f3w","description":"Surowce dla przemys\u0142u spo\u017cywczego, kosmetycznego i farmaceutycznego","publisher":{"@id":"https:\/\/naturalpoland.com\/ko\/#organization"},"potentialAction":[{"@type":"SearchAction","target":{"@type":"EntryPoint","urlTemplate":"https:\/\/naturalpoland.com\/ko\/?s={search_term_string}"},"query-input":{"@type":"PropertyValueSpecification","valueRequired":true,"valueName":"search_term_string"}}],"inLanguage":"ko-KR"},{"@type":"Organization","@id":"https:\/\/naturalpoland.com\/ko\/#organization","name":"Natural Poland","url":"https:\/\/naturalpoland.com\/ko\/","logo":{"@type":"ImageObject","inLanguage":"ko-KR","@id":"https:\/\/naturalpoland.com\/ko\/#\/schema\/logo\/image\/","url":"https:\/\/naturalpoland.com\/wp-content\/uploads\/2021\/05\/natural-poland-icon.png","contentUrl":"https:\/\/naturalpoland.com\/wp-content\/uploads\/2021\/05\/natural-poland-icon.png","width":512,"height":512,"caption":"Natural Poland"},"image":{"@id":"https:\/\/naturalpoland.com\/ko\/#\/schema\/logo\/image\/"},"sameAs":["https:\/\/www.facebook.com\/naturalpoland.b2b","https:\/\/pl.linkedin.com\/company\/natural-poland","https:\/\/www.youtube.com\/channel\/UCgeGGkvOMahZo-xu_MSEWxg"]}]}},"_links":{"self":[{"href":"https:\/\/naturalpoland.com\/ko\/wp-json\/wp\/v2\/product\/42201","targetHints":{"allow":["GET"]}}],"collection":[{"href":"https:\/\/naturalpoland.com\/ko\/wp-json\/wp\/v2\/product"}],"about":[{"href":"https:\/\/naturalpoland.com\/ko\/wp-json\/wp\/v2\/types\/product"}],"wp:featuredmedia":[{"embeddable":true,"href":"https:\/\/naturalpoland.com\/ko\/wp-json\/wp\/v2\/media\/45961"}],"wp:attachment":[{"href":"https:\/\/naturalpoland.com\/ko\/wp-json\/wp\/v2\/media?parent=42201"}],"wp:term":[{"taxonomy":"product_brand","embeddable":true,"href":"https:\/\/naturalpoland.com\/ko\/wp-json\/wp\/v2\/product_brand?post=42201"},{"taxonomy":"product_cat","embeddable":true,"href":"https:\/\/naturalpoland.com\/ko\/wp-json\/wp\/v2\/product_cat?post=42201"},{"taxonomy":"product_tag","embeddable":true,"href":"https:\/\/naturalpoland.com\/ko\/wp-json\/wp\/v2\/product_tag?post=42201"}],"curies":[{"name":"wp","href":"https:\/\/api.w.org\/{rel}","templated":true}]}}