{"id":42203,"date":"2021-05-11T13:46:59","date_gmt":"2021-05-11T11:46:59","guid":{"rendered":"https:\/\/naturalpoland.com\/produkty\/uncategorized\/%ec%95%8c%eb%a1%9c%ec%97%90-%eb%b2%84%ed%84%b0\/"},"modified":"2025-07-21T14:11:13","modified_gmt":"2025-07-21T12:11:13","slug":"alloe-beoteo","status":"publish","type":"product","link":"https:\/\/naturalpoland.com\/ko\/je-pum\/hwa-jang-pum-won-ryo\/hwa-jang-pum-beo-teo\/alloe-beoteo\/","title":{"rendered":"\uc54c\ub85c\uc5d0 \ubc84\ud130"},"content":{"rendered":"<h3>\uc54c\ub85c\uc5d0 \ubc84\ud130 \uc131\ubd84:<\/h3>\n<ul>\n<li><strong>Aloe Barbadensis Leaf Extract<\/strong> (\uc54c\ub85c\uc5d0 \ucd94\ucd9c\ubb3c)\uc740 \ubcf4\uc2b5, \uc9c4\uc815 \ubc0f \uc7ac\uc0dd \ud6a8\uacfc\uac00 \uc788\uc2b5\ub2c8\ub2e4. \ud45c\ud53c \uc7ac\uc0dd\uc744 \ub3d5\uace0 \uce58\uc720\ub97c \ucd09\uc9c4\ud558\uba70 \uc5fc\uc99d\uc744 \uc644\ud654\ud558\ub294 \ub2e4\ub2f9\ub958\ub97c \ud568\uc720\ud558\uace0 \uc788\uc2b5\ub2c8\ub2e4.<\/li>\n<li><strong>Cocos Nucifera Oil<\/strong>\uc740 \ubcf4\uc2b5, \uc601\uc591 \ubc0f \ubcf4\ud638 \ud2b9\uc131\uc744 \uc9c0\ub2cc \ub0c9\uc555\ucc29 \ucf54\ucf54\ub11b \uc624\uc77c\uc785\ub2c8\ub2e4. \ud53c\ubd80\ub97c \ubd80\ub4dc\ub7fd\uac8c \ud558\uace0 \uc218\ubd84 \uc190\uc2e4\ub85c\ubd80\ud130 \ubcf4\ud638\ud558\uba70 \uc7ac\uc0dd\uc744 \ub3d5\ub294 \uc911\uc1c4 \ud2b8\ub9ac\uae00\ub9ac\uc138\ub9ac\ub4dc\uac00 \ud48d\ubd80\ud569\ub2c8\ub2e4.<\/li>\n<li><strong>Hydrogenated Vegetable Oil<\/strong> \u2013 \ubc84\ud130 \uc81c\ud615\uc744 \uc548\uc815\ud654\ud558\uc5ec \ud06c\ub9bc \uac19\uc740 \uc9c8\uac10\uacfc \ub354 \uae34 \uc720\ud1b5 \uae30\ud55c\uc744 \uc81c\uacf5\ud569\ub2c8\ub2e4.<\/li>\n<\/ul>\n<h3>\ud2b9\uc131 \ubc0f \uc801\uc6a9:<\/h3>\n<p>\uc54c\ub85c\uc5d0 \ubc84\ud130\ub294 \uac74\uc870\ud558\uace0 \ud0c8\uc218\ub41c \ud53c\ubd80\uc5d0 \uc218\ubd84\uc744 \uacf5\uae09\ud558\uace0 \uc7ac\uc0dd\uc744 \ub3d5\uc2b5\ub2c8\ub2e4. \uc81c\ubaa8 \ud6c4 \ubc1c\uc0dd\ud55c \uc790\uadf9\uacfc \ud587\ubcd5\uc5d0 \ud0c4 \ud53c\ubd80\ub97c \uc9c4\uc815\uc2dc\ud0b5\ub2c8\ub2e4. \ubaa8\ubc1c\uc5d0 \ubc14\ub974\uba74 \ubaa8\ubc1c\uc744 \ubd80\ub4dc\ub7fd\uac8c \ud558\uace0 \uc218\ubd84\uc744 \uacf5\uae09\ud558\uba70 \uac08\ub77c\uc9c4 \ub05d\uc744 \ubc29\uc9c0\ud558\ub294 \ub370 \ub3c4\uc6c0\uc774 \ub429\ub2c8\ub2e4. \ub450\ud53c\uc5d0\ub3c4 \uc9c4\uc815 \ud6a8\uacfc\uac00 \uc788\uc2b5\ub2c8\ub2e4.<\/p>\n<p>\uc54c\ub85c\uc5d0 \ubc84\ud130\ub294 \ub2e4\uc591\ud55c \ud615\ud0dc\ub85c \uc0ac\uc6a9\ud560 \uc218 \uc788\uc2b5\ub2c8\ub2e4:<\/p>\n<ul>\n<li><strong>\ud53c\ubd80\uc5d0 \uc9c1\uc811<\/strong> \u2013 \ud2b9\ud788 \ud314\uafc8\uce58, \ubc1c\ub4a4\uafc8\uce58, \uc190 \ub610\ub294 \ubb34\ub98e\uacfc \uac19\uc774 \uac74\uc870\ud55c \uc2e0\uccb4 \ubd80\uc704\uc5d0 \uc0ac\uc6a9\ud569\ub2c8\ub2e4.<\/li>\n<li><strong>\ud654\uc7a5\ud488 \ucca8\uac00\uc81c<\/strong> \u2013 \uc608\ub97c \ub4e4\uc5b4 \ud06c\ub9bc, \ub85c\uc158, \ud5e4\uc5b4 \ub9c8\uc2a4\ud06c, \ube44\ub204 \ub610\ub294 \ub9bd\ubc24\uc5d0 \uc0ac\uc6a9\ud569\ub2c8\ub2e4.<\/li>\n<li><strong>\ud5e4\uc5b4 \ub9c8\uc2a4\ud06c<\/strong>.<\/li>\n<\/ul>\n<h3><\/h3>\n","protected":false},"excerpt":{"rendered":"<p><strong>\uc54c\ub85c\uc5d0 \ubc84\ud130<\/strong>\ub294 \uc54c\ub85c\uc5d0 \uc78e \ucd94\ucd9c\ubb3c(<em>Aloe Barbadensis<\/em>)\uacfc \ucf54\ucf54\ub11b \uc624\uc77c(<em>Cocos Nucifera<\/em>)\uc758 \uc870\ud569\uc73c\ub85c \ub9cc\ub4e4\uc5b4\uc84c\uc2b5\ub2c8\ub2e4. \uc774 \uc81c\ud488\uc740 \ud53c\ubd80\uc640 \ubaa8\ubc1c \uad00\ub9ac\ub97c \ub3d5\ub294 \ub2e4\ub2f9\ub958, \ud2b8\ub9ac\uae00\ub9ac\uc138\ub9ac\ub4dc, \ud50c\ub77c\ubcf4\ub178\uc774\ub4dc, \ube44\ud0c0\ubbfc \ubc0f \ud558\uc774\ub4dc\ub85d\uc2e4\uc0b0\uacfc \uac19\uc740 \ud48d\ubd80\ud55c \uc601\uc591 \uc131\ubd84\uc744 \ud568\uc720\ud558\uace0 \uc788\uc2b5\ub2c8\ub2e4.<\/p>\n<h3><\/h3>\n","protected":false},"featured_media":42205,"template":"","meta":{"_acf_changed":false},"product_brand":[],"product_cat":[8153],"product_tag":[],"class_list":{"0":"post-42203","1":"product","2":"type-product","3":"status-publish","4":"has-post-thumbnail","6":"product_cat-hwa-jang-pum-beo-teo","8":"first","9":"instock","10":"shipping-taxable","11":"product-type-simple"},"acf":[],"yoast_head":"<!-- This site is optimized with the Yoast SEO plugin v27.4 - https:\/\/yoast.com\/product\/yoast-seo-wordpress\/ -->\n<title>\uc54c\ub85c\uc5d0 \ubc84\ud130 - NATURAL POLAND - Hurtowy Dystrybutor Surowc\u00f3w<\/title>\n<meta name=\"description\" content=\"\uc54c\ub85c\uc5d0 \ubc84\ud130\ub294 \uc54c\ub85c\uc5d0 \uc78e \ucd94\ucd9c\ubb3c(Aloe Barbadensis)\uacfc \ucf54\ucf54\ub11b \uc624\uc77c(Cocos Nucifera)\uc758 \uc870\ud569\uc73c\ub85c \ub9cc\ub4e4\uc5b4\uc9c4 \ub3c5\ud2b9\ud55c \uc81c\ud488\uc785\ub2c8\ub2e4.\" \/>\n<meta name=\"robots\" content=\"index, follow, max-snippet:-1, max-image-preview:large, max-video-preview:-1\" \/>\n<link rel=\"canonical\" href=\"https:\/\/naturalpoland.com\/ko\/je-pum\/hwa-jang-pum-won-ryo\/hwa-jang-pum-beo-teo\/alloe-beoteo\/\" \/>\n<meta property=\"og:locale\" content=\"ko_KR\" \/>\n<meta property=\"og:type\" content=\"article\" \/>\n<meta property=\"og:title\" content=\"\uc54c\ub85c\uc5d0 \ubc84\ud130 - NATURAL POLAND - Hurtowy Dystrybutor Surowc\u00f3w\" \/>\n<meta property=\"og:description\" content=\"\uc54c\ub85c\uc5d0 \ubc84\ud130\ub294 \uc54c\ub85c\uc5d0 \uc78e \ucd94\ucd9c\ubb3c(Aloe Barbadensis)\uacfc \ucf54\ucf54\ub11b \uc624\uc77c(Cocos Nucifera)\uc758 \uc870\ud569\uc73c\ub85c \ub9cc\ub4e4\uc5b4\uc9c4 \ub3c5\ud2b9\ud55c \uc81c\ud488\uc785\ub2c8\ub2e4.\" \/>\n<meta property=\"og:url\" content=\"https:\/\/naturalpoland.com\/ko\/je-pum\/hwa-jang-pum-won-ryo\/hwa-jang-pum-beo-teo\/alloe-beoteo\/\" \/>\n<meta property=\"og:site_name\" content=\"NATURAL POLAND - Hurtowy Dystrybutor Surowc\u00f3w\" \/>\n<meta property=\"article:publisher\" content=\"https:\/\/www.facebook.com\/naturalpoland.b2b\" \/>\n<meta property=\"article:modified_time\" content=\"2025-07-21T12:11:13+00:00\" \/>\n<meta property=\"og:image\" content=\"https:\/\/naturalpoland.com\/wp-content\/uploads\/aloe-vera-butter.jpg\" \/>\n\t<meta property=\"og:image:width\" content=\"1024\" \/>\n\t<meta property=\"og:image:height\" content=\"1024\" \/>\n\t<meta property=\"og:image:type\" content=\"image\/jpeg\" \/>\n<script type=\"application\/ld+json\" class=\"yoast-schema-graph\">{\"@context\":\"https:\\\/\\\/schema.org\",\"@graph\":[{\"@type\":\"WebPage\",\"@id\":\"https:\\\/\\\/naturalpoland.com\\\/ko\\\/je-pum\\\/hwa-jang-pum-won-ryo\\\/hwa-jang-pum-beo-teo\\\/alloe-beoteo\\\/\",\"url\":\"https:\\\/\\\/naturalpoland.com\\\/ko\\\/je-pum\\\/hwa-jang-pum-won-ryo\\\/hwa-jang-pum-beo-teo\\\/alloe-beoteo\\\/\",\"name\":\"\uc54c\ub85c\uc5d0 \ubc84\ud130 - NATURAL POLAND - Hurtowy Dystrybutor Surowc\u00f3w\",\"isPartOf\":{\"@id\":\"https:\\\/\\\/naturalpoland.com\\\/ko\\\/#website\"},\"primaryImageOfPage\":{\"@id\":\"https:\\\/\\\/naturalpoland.com\\\/ko\\\/je-pum\\\/hwa-jang-pum-won-ryo\\\/hwa-jang-pum-beo-teo\\\/alloe-beoteo\\\/#primaryimage\"},\"image\":{\"@id\":\"https:\\\/\\\/naturalpoland.com\\\/ko\\\/je-pum\\\/hwa-jang-pum-won-ryo\\\/hwa-jang-pum-beo-teo\\\/alloe-beoteo\\\/#primaryimage\"},\"thumbnailUrl\":\"https:\\\/\\\/naturalpoland.com\\\/wp-content\\\/uploads\\\/aloe-vera-butter.jpg\",\"datePublished\":\"2021-05-11T11:46:59+00:00\",\"dateModified\":\"2025-07-21T12:11:13+00:00\",\"description\":\"\uc54c\ub85c\uc5d0 \ubc84\ud130\ub294 \uc54c\ub85c\uc5d0 \uc78e \ucd94\ucd9c\ubb3c(Aloe Barbadensis)\uacfc \ucf54\ucf54\ub11b \uc624\uc77c(Cocos Nucifera)\uc758 \uc870\ud569\uc73c\ub85c \ub9cc\ub4e4\uc5b4\uc9c4 \ub3c5\ud2b9\ud55c \uc81c\ud488\uc785\ub2c8\ub2e4.\",\"breadcrumb\":{\"@id\":\"https:\\\/\\\/naturalpoland.com\\\/ko\\\/je-pum\\\/hwa-jang-pum-won-ryo\\\/hwa-jang-pum-beo-teo\\\/alloe-beoteo\\\/#breadcrumb\"},\"inLanguage\":\"ko-KR\",\"potentialAction\":[{\"@type\":\"ReadAction\",\"target\":[\"https:\\\/\\\/naturalpoland.com\\\/ko\\\/je-pum\\\/hwa-jang-pum-won-ryo\\\/hwa-jang-pum-beo-teo\\\/alloe-beoteo\\\/\"]}]},{\"@type\":\"ImageObject\",\"inLanguage\":\"ko-KR\",\"@id\":\"https:\\\/\\\/naturalpoland.com\\\/ko\\\/je-pum\\\/hwa-jang-pum-won-ryo\\\/hwa-jang-pum-beo-teo\\\/alloe-beoteo\\\/#primaryimage\",\"url\":\"https:\\\/\\\/naturalpoland.com\\\/wp-content\\\/uploads\\\/aloe-vera-butter.jpg\",\"contentUrl\":\"https:\\\/\\\/naturalpoland.com\\\/wp-content\\\/uploads\\\/aloe-vera-butter.jpg\",\"width\":1024,\"height\":1024,\"caption\":\"mas\u0142o aloesowe\"},{\"@type\":\"BreadcrumbList\",\"@id\":\"https:\\\/\\\/naturalpoland.com\\\/ko\\\/je-pum\\\/hwa-jang-pum-won-ryo\\\/hwa-jang-pum-beo-teo\\\/alloe-beoteo\\\/#breadcrumb\",\"itemListElement\":[{\"@type\":\"ListItem\",\"position\":1,\"name\":\"\ud648\",\"item\":\"https:\\\/\\\/naturalpoland.com\\\/ko\\\/\"},{\"@type\":\"ListItem\",\"position\":2,\"name\":\"\uc81c\ud488\",\"item\":\"https:\\\/\\\/naturalpoland.com\\\/ko\\\/%ec%a0%9c%ed%92%88\\\/\"},{\"@type\":\"ListItem\",\"position\":3,\"name\":\"\uc54c\ub85c\uc5d0 \ubc84\ud130\"}]},{\"@type\":\"WebSite\",\"@id\":\"https:\\\/\\\/naturalpoland.com\\\/ko\\\/#website\",\"url\":\"https:\\\/\\\/naturalpoland.com\\\/ko\\\/\",\"name\":\"NATURAL POLAND - Hurtowy Dystrybutor Surowc\u00f3w\",\"description\":\"Surowce dla przemys\u0142u spo\u017cywczego, kosmetycznego i farmaceutycznego\",\"publisher\":{\"@id\":\"https:\\\/\\\/naturalpoland.com\\\/ko\\\/#organization\"},\"potentialAction\":[{\"@type\":\"SearchAction\",\"target\":{\"@type\":\"EntryPoint\",\"urlTemplate\":\"https:\\\/\\\/naturalpoland.com\\\/ko\\\/?s={search_term_string}\"},\"query-input\":{\"@type\":\"PropertyValueSpecification\",\"valueRequired\":true,\"valueName\":\"search_term_string\"}}],\"inLanguage\":\"ko-KR\"},{\"@type\":\"Organization\",\"@id\":\"https:\\\/\\\/naturalpoland.com\\\/ko\\\/#organization\",\"name\":\"Natural Poland\",\"url\":\"https:\\\/\\\/naturalpoland.com\\\/ko\\\/\",\"logo\":{\"@type\":\"ImageObject\",\"inLanguage\":\"ko-KR\",\"@id\":\"https:\\\/\\\/naturalpoland.com\\\/ko\\\/#\\\/schema\\\/logo\\\/image\\\/\",\"url\":\"https:\\\/\\\/naturalpoland.com\\\/wp-content\\\/uploads\\\/2021\\\/05\\\/natural-poland-icon.png\",\"contentUrl\":\"https:\\\/\\\/naturalpoland.com\\\/wp-content\\\/uploads\\\/2021\\\/05\\\/natural-poland-icon.png\",\"width\":512,\"height\":512,\"caption\":\"Natural Poland\"},\"image\":{\"@id\":\"https:\\\/\\\/naturalpoland.com\\\/ko\\\/#\\\/schema\\\/logo\\\/image\\\/\"},\"sameAs\":[\"https:\\\/\\\/www.facebook.com\\\/naturalpoland.b2b\",\"https:\\\/\\\/pl.linkedin.com\\\/company\\\/natural-poland\",\"https:\\\/\\\/www.youtube.com\\\/channel\\\/UCgeGGkvOMahZo-xu_MSEWxg\"]}]}<\/script>\n<!-- \/ Yoast SEO plugin. -->","yoast_head_json":{"title":"\uc54c\ub85c\uc5d0 \ubc84\ud130 - NATURAL POLAND - Hurtowy Dystrybutor Surowc\u00f3w","description":"\uc54c\ub85c\uc5d0 \ubc84\ud130\ub294 \uc54c\ub85c\uc5d0 \uc78e \ucd94\ucd9c\ubb3c(Aloe Barbadensis)\uacfc \ucf54\ucf54\ub11b \uc624\uc77c(Cocos Nucifera)\uc758 \uc870\ud569\uc73c\ub85c \ub9cc\ub4e4\uc5b4\uc9c4 \ub3c5\ud2b9\ud55c \uc81c\ud488\uc785\ub2c8\ub2e4.","robots":{"index":"index","follow":"follow","max-snippet":"max-snippet:-1","max-image-preview":"max-image-preview:large","max-video-preview":"max-video-preview:-1"},"canonical":"https:\/\/naturalpoland.com\/ko\/je-pum\/hwa-jang-pum-won-ryo\/hwa-jang-pum-beo-teo\/alloe-beoteo\/","og_locale":"ko_KR","og_type":"article","og_title":"\uc54c\ub85c\uc5d0 \ubc84\ud130 - NATURAL POLAND - Hurtowy Dystrybutor Surowc\u00f3w","og_description":"\uc54c\ub85c\uc5d0 \ubc84\ud130\ub294 \uc54c\ub85c\uc5d0 \uc78e \ucd94\ucd9c\ubb3c(Aloe Barbadensis)\uacfc \ucf54\ucf54\ub11b \uc624\uc77c(Cocos Nucifera)\uc758 \uc870\ud569\uc73c\ub85c \ub9cc\ub4e4\uc5b4\uc9c4 \ub3c5\ud2b9\ud55c \uc81c\ud488\uc785\ub2c8\ub2e4.","og_url":"https:\/\/naturalpoland.com\/ko\/je-pum\/hwa-jang-pum-won-ryo\/hwa-jang-pum-beo-teo\/alloe-beoteo\/","og_site_name":"NATURAL POLAND - Hurtowy Dystrybutor Surowc\u00f3w","article_publisher":"https:\/\/www.facebook.com\/naturalpoland.b2b","article_modified_time":"2025-07-21T12:11:13+00:00","og_image":[{"width":1024,"height":1024,"url":"https:\/\/naturalpoland.com\/wp-content\/uploads\/aloe-vera-butter.jpg","type":"image\/jpeg"}],"schema":{"@context":"https:\/\/schema.org","@graph":[{"@type":"WebPage","@id":"https:\/\/naturalpoland.com\/ko\/je-pum\/hwa-jang-pum-won-ryo\/hwa-jang-pum-beo-teo\/alloe-beoteo\/","url":"https:\/\/naturalpoland.com\/ko\/je-pum\/hwa-jang-pum-won-ryo\/hwa-jang-pum-beo-teo\/alloe-beoteo\/","name":"\uc54c\ub85c\uc5d0 \ubc84\ud130 - NATURAL POLAND - Hurtowy Dystrybutor Surowc\u00f3w","isPartOf":{"@id":"https:\/\/naturalpoland.com\/ko\/#website"},"primaryImageOfPage":{"@id":"https:\/\/naturalpoland.com\/ko\/je-pum\/hwa-jang-pum-won-ryo\/hwa-jang-pum-beo-teo\/alloe-beoteo\/#primaryimage"},"image":{"@id":"https:\/\/naturalpoland.com\/ko\/je-pum\/hwa-jang-pum-won-ryo\/hwa-jang-pum-beo-teo\/alloe-beoteo\/#primaryimage"},"thumbnailUrl":"https:\/\/naturalpoland.com\/wp-content\/uploads\/aloe-vera-butter.jpg","datePublished":"2021-05-11T11:46:59+00:00","dateModified":"2025-07-21T12:11:13+00:00","description":"\uc54c\ub85c\uc5d0 \ubc84\ud130\ub294 \uc54c\ub85c\uc5d0 \uc78e \ucd94\ucd9c\ubb3c(Aloe Barbadensis)\uacfc \ucf54\ucf54\ub11b \uc624\uc77c(Cocos Nucifera)\uc758 \uc870\ud569\uc73c\ub85c \ub9cc\ub4e4\uc5b4\uc9c4 \ub3c5\ud2b9\ud55c \uc81c\ud488\uc785\ub2c8\ub2e4.","breadcrumb":{"@id":"https:\/\/naturalpoland.com\/ko\/je-pum\/hwa-jang-pum-won-ryo\/hwa-jang-pum-beo-teo\/alloe-beoteo\/#breadcrumb"},"inLanguage":"ko-KR","potentialAction":[{"@type":"ReadAction","target":["https:\/\/naturalpoland.com\/ko\/je-pum\/hwa-jang-pum-won-ryo\/hwa-jang-pum-beo-teo\/alloe-beoteo\/"]}]},{"@type":"ImageObject","inLanguage":"ko-KR","@id":"https:\/\/naturalpoland.com\/ko\/je-pum\/hwa-jang-pum-won-ryo\/hwa-jang-pum-beo-teo\/alloe-beoteo\/#primaryimage","url":"https:\/\/naturalpoland.com\/wp-content\/uploads\/aloe-vera-butter.jpg","contentUrl":"https:\/\/naturalpoland.com\/wp-content\/uploads\/aloe-vera-butter.jpg","width":1024,"height":1024,"caption":"mas\u0142o aloesowe"},{"@type":"BreadcrumbList","@id":"https:\/\/naturalpoland.com\/ko\/je-pum\/hwa-jang-pum-won-ryo\/hwa-jang-pum-beo-teo\/alloe-beoteo\/#breadcrumb","itemListElement":[{"@type":"ListItem","position":1,"name":"\ud648","item":"https:\/\/naturalpoland.com\/ko\/"},{"@type":"ListItem","position":2,"name":"\uc81c\ud488","item":"https:\/\/naturalpoland.com\/ko\/%ec%a0%9c%ed%92%88\/"},{"@type":"ListItem","position":3,"name":"\uc54c\ub85c\uc5d0 \ubc84\ud130"}]},{"@type":"WebSite","@id":"https:\/\/naturalpoland.com\/ko\/#website","url":"https:\/\/naturalpoland.com\/ko\/","name":"NATURAL POLAND - Hurtowy Dystrybutor Surowc\u00f3w","description":"Surowce dla przemys\u0142u spo\u017cywczego, kosmetycznego i farmaceutycznego","publisher":{"@id":"https:\/\/naturalpoland.com\/ko\/#organization"},"potentialAction":[{"@type":"SearchAction","target":{"@type":"EntryPoint","urlTemplate":"https:\/\/naturalpoland.com\/ko\/?s={search_term_string}"},"query-input":{"@type":"PropertyValueSpecification","valueRequired":true,"valueName":"search_term_string"}}],"inLanguage":"ko-KR"},{"@type":"Organization","@id":"https:\/\/naturalpoland.com\/ko\/#organization","name":"Natural Poland","url":"https:\/\/naturalpoland.com\/ko\/","logo":{"@type":"ImageObject","inLanguage":"ko-KR","@id":"https:\/\/naturalpoland.com\/ko\/#\/schema\/logo\/image\/","url":"https:\/\/naturalpoland.com\/wp-content\/uploads\/2021\/05\/natural-poland-icon.png","contentUrl":"https:\/\/naturalpoland.com\/wp-content\/uploads\/2021\/05\/natural-poland-icon.png","width":512,"height":512,"caption":"Natural Poland"},"image":{"@id":"https:\/\/naturalpoland.com\/ko\/#\/schema\/logo\/image\/"},"sameAs":["https:\/\/www.facebook.com\/naturalpoland.b2b","https:\/\/pl.linkedin.com\/company\/natural-poland","https:\/\/www.youtube.com\/channel\/UCgeGGkvOMahZo-xu_MSEWxg"]}]}},"_links":{"self":[{"href":"https:\/\/naturalpoland.com\/ko\/wp-json\/wp\/v2\/product\/42203","targetHints":{"allow":["GET"]}}],"collection":[{"href":"https:\/\/naturalpoland.com\/ko\/wp-json\/wp\/v2\/product"}],"about":[{"href":"https:\/\/naturalpoland.com\/ko\/wp-json\/wp\/v2\/types\/product"}],"wp:featuredmedia":[{"embeddable":true,"href":"https:\/\/naturalpoland.com\/ko\/wp-json\/wp\/v2\/media\/42205"}],"wp:attachment":[{"href":"https:\/\/naturalpoland.com\/ko\/wp-json\/wp\/v2\/media?parent=42203"}],"wp:term":[{"taxonomy":"product_brand","embeddable":true,"href":"https:\/\/naturalpoland.com\/ko\/wp-json\/wp\/v2\/product_brand?post=42203"},{"taxonomy":"product_cat","embeddable":true,"href":"https:\/\/naturalpoland.com\/ko\/wp-json\/wp\/v2\/product_cat?post=42203"},{"taxonomy":"product_tag","embeddable":true,"href":"https:\/\/naturalpoland.com\/ko\/wp-json\/wp\/v2\/product_tag?post=42203"}],"curies":[{"name":"wp","href":"https:\/\/api.w.org\/{rel}","templated":true}]}}