{"id":42342,"date":"2024-09-09T15:47:49","date_gmt":"2024-09-09T13:47:49","guid":{"rendered":"https:\/\/naturalpoland.com\/produkty\/uncategorized\/%eb%a1%9c%ec%a6%88%eb%a7%88%eb%a6%b0%ec%82%b0\/"},"modified":"2025-07-31T13:51:01","modified_gmt":"2025-07-31T11:51:01","slug":"rojeumarin-san","status":"publish","type":"product","link":"https:\/\/naturalpoland.com\/ko\/je-pum\/hwa-jang-pum-won-ryo\/san-ryu\/rojeumarin-san\/","title":{"rendered":"\ub85c\uc988\ub9c8\ub9b0\uc0b0"},"content":{"rendered":"<h2>\ub85c\uc988\ub9c8\ub9b0\uc0b0\uc758 \uc791\uc6a9<\/h2>\n<p>\uc784\uc0c1 \uc5f0\uad6c\uc5d0\uc11c \ub85c\uc988\ub9c8\ub9b0\uc0b0\uc740 \uc0ac\uc774\ud074\ub85c\uc625\uc2dc\uac8c\ub098\uc81c(COX) \ubc0f \ub9ac\ud3ed\uc2dc\uac8c\ub098\uc81c(LOX)\uc640 \uac19\uc740 \uc5fc\uc99d\uc744 \uc720\ubc1c\ud558\ub294 \ud6a8\uc18c\uc758 \ucc9c\uc5f0 \uc5b5\uc81c\uc81c \uc5ed\ud560\uc744 \ud558\ub294 \uac83\uc73c\ub85c \ub098\ud0c0\ub0ac\uc2b5\ub2c8\ub2e4. \uc5fc\uc99d \ub9e4\uac1c\uccb4\uc778 \ub958\ucf54\ud2b8\ub9ac\uc5d4\uacfc \ud504\ub85c\uc2a4\ud0c0\uae00\ub780\ub518\uc758 \uc0dd\uc131\uc744 \uac10\uc18c\uc2dc\ucf1c \ud6a8\uacfc\uc801\uc778 \ud56d\uc5fc\uc99d\uc81c\uc785\ub2c8\ub2e4. \ub610\ud55c \ud56d\uc99d\uc2dd\uc131, \ud56d\ubc14\uc774\ub7ec\uc2a4\uc131 \uc791\uc6a9\uc744 \ud558\uba70 <em>\ud3ec\ub3c4\uc0c1\uad6c\uade0<\/em> \ubc0f <em>\ub9ac\uc2a4\ud14c\ub9ac\uc544<\/em>\uc640 \uac19\uc740 \uadf8\ub78c \uc591\uc131\uade0\uc758 \uc131\uc7a5\uc744 \uc5b5\uc81c\ud569\ub2c8\ub2e4.<\/p>\n<h2>\ud654\uc7a5\ud488 \ubd84\uc57c\uc5d0\uc11c\uc758 \uc751\uc6a9<\/h2>\n<p>\ub85c\uc988\ub9c8\ub9b0\uc0b0\uc740 \ud654\uc7a5\ud488\uc5d0\uc11c \ud56d\uc5fc\uc99d, \ud56d\uc0b0\ud654 \ubc0f \uc790\uc678\uc120 \ucc28\ub2e8 \uc131\ubd84\uc73c\ub85c \uc0ac\uc6a9\ub429\ub2c8\ub2e4. \uc5ec\ub4dc\ub984\uc131 \ud53c\ubd80 \uad00\ub9ac \uc81c\ud488 \ubc0f \uc790\uc678\uc120 \ucc28\ub2e8 \ud654\uc7a5\ud488\uc5d0\uc11c \ucc3e\uc544\ubcfc \uc218 \uc788\uc2b5\ub2c8\ub2e4. \ub610\ud55c \uc18c\ub3c5 \ubc0f \ud56d\uade0 \uc791\uc6a9\uc744 \ud558\uc5ec \ud53c\ubd80 \uc5fc\uc99d\uc744 \uc904\uc5ec\uc90d\ub2c8\ub2e4. \uc774\ub7ec\ud55c \ud2b9\uc131 \ub355\ubd84\uc5d0 \ubaa8\ub0ad\uc744 \uc790\uadf9\ud558\uc5ec \ubaa8\ubc1c \uc0c1\ud0dc\ub97c \uac1c\uc120\ud569\ub2c8\ub2e4.<\/p>\n<h2>\ub2e4\ub978 \uc0b0\uc5c5 \ubd84\uc57c\uc5d0\uc11c\uc758 \uc751\uc6a9<\/h2>\n<p>\ub85c\uc988\ub9c8\ub9b0\uc0b0\uc740 \uc81c\uc57d \ubc0f \uc2dd\ud488 \uc0b0\uc5c5\uc5d0\uc11c\ub3c4 \uc0ac\uc6a9\ub418\uba70, \ud56d\uc0b0\ud654, \ud56d\uc5fc\uc99d \ubc0f \ud56d\ubc14\uc774\ub7ec\uc2a4 \uc791\uc6a9\uc774 \uac74\uac15 \ubcf4\uc870 \uc2dd\ud488 \ubc0f \uae30\ub2a5\uc131 \uc2dd\ud488 \uc131\ubd84\uc73c\ub85c \ud65c\uc6a9\ub429\ub2c8\ub2e4. \ub610\ud55c \uad6c\uc21c \ud3ec\uc9c4 \ubc0f \uae30\ud0c0 \ud53c\ubd80 \uc5fc\uc99d \uce58\ub8cc\uc5d0\ub3c4 \uc0ac\uc6a9\ub420 \uc218 \uc788\uc2b5\ub2c8\ub2e4.<\/p>\n<p>\uc774 \uc6d0\ub8cc\ub294 \ucc9c\uc2dd, \uc8fd\uc0c1\uacbd\ud654\uc99d, \uc18c\ud654\uc131 \uada4\uc591 \ubc0f \ud5c8\ud608\uc131 \uc2ec\uc7a5 \uc9c8\ud658\uacfc \uac19\uc740 \uc5fc\uc99d \uad00\ub828 \uc9c8\ubcd1\uc758 \uc608\ubc29 \ubc0f \uce58\ub8cc\uc5d0 \uc720\ub9dd\ud55c \uc131\ubd84\uc73c\ub85c \uac04\uc8fc\ub429\ub2c8\ub2e4.<\/p>\n","protected":false},"excerpt":{"rendered":"<p>\ub85c\uc988\ub9c8\ub9b0\uc0b0\uc740 \ub381\uc2dc\ub4dc \uadf8\ub8f9\uc5d0 \uc18d\ud558\ub294 \ud3f4\ub9ac\ud398\ub180\uc785\ub2c8\ub2e4. \ub85c\uc988\ub9c8\ub9ac \uc78e\uacfc \uba5c\ub9ac\uc0ac, \uc138\uc774\uc9c0, \ud0c0\uc784, \ubbfc\ud2b8\uc640 \uac19\uc740 <em>\uafc0\ud480\uacfc<\/em> \uc2dd\ubb3c\uc5d0\uc11c \ubc1c\uacac\ub429\ub2c8\ub2e4.<\/p>\n","protected":false},"featured_media":42343,"template":"","meta":{"_acf_changed":false},"product_brand":[],"product_cat":[8151],"product_tag":[],"class_list":{"0":"post-42342","1":"product","2":"type-product","3":"status-publish","4":"has-post-thumbnail","6":"product_cat-san-ryu","8":"first","9":"instock","10":"shipping-taxable","11":"product-type-simple"},"acf":[],"yoast_head":"<!-- This site is optimized with the Yoast SEO plugin v27.5 - https:\/\/yoast.com\/product\/yoast-seo-wordpress\/ -->\n<title>\ub85c\uc988\ub9c8\ub9b0\uc0b0 - NATURAL POLAND - Hurtowy Dystrybutor Surowc\u00f3w<\/title>\n<meta name=\"description\" content=\"\ub85c\uc988\ub9c8\ub9b0\uc0b0\uc740 \ub192\uc740 \uc0dd\uccb4 \uc774\uc6a9\ub960\uacfc \ub2e4\uc7ac\ub2e4\ub2a5\ud55c \uce58\ub8cc \ud2b9\uc131\uc73c\ub85c \uc778\ud574 \ud654\uc7a5\ud488 \ubc0f \uc81c\uc57d \uc0b0\uc5c5\uc5d0\uc11c \ud070 \uad00\uc2ec\uc744 \ubc1b\uace0 \uc788\uc2b5\ub2c8\ub2e4.\" \/>\n<meta name=\"robots\" content=\"index, follow, max-snippet:-1, max-image-preview:large, max-video-preview:-1\" \/>\n<link rel=\"canonical\" href=\"https:\/\/naturalpoland.com\/ko\/je-pum\/hwa-jang-pum-won-ryo\/san-ryu\/rojeumarin-san\/\" \/>\n<meta property=\"og:locale\" content=\"ko_KR\" \/>\n<meta property=\"og:type\" content=\"article\" \/>\n<meta property=\"og:title\" content=\"\ub85c\uc988\ub9c8\ub9b0\uc0b0 - NATURAL POLAND - Hurtowy Dystrybutor Surowc\u00f3w\" \/>\n<meta property=\"og:description\" content=\"\ub85c\uc988\ub9c8\ub9b0\uc0b0\uc740 \ub192\uc740 \uc0dd\uccb4 \uc774\uc6a9\ub960\uacfc \ub2e4\uc7ac\ub2e4\ub2a5\ud55c \uce58\ub8cc \ud2b9\uc131\uc73c\ub85c \uc778\ud574 \ud654\uc7a5\ud488 \ubc0f \uc81c\uc57d \uc0b0\uc5c5\uc5d0\uc11c \ud070 \uad00\uc2ec\uc744 \ubc1b\uace0 \uc788\uc2b5\ub2c8\ub2e4.\" \/>\n<meta property=\"og:url\" content=\"https:\/\/naturalpoland.com\/ko\/je-pum\/hwa-jang-pum-won-ryo\/san-ryu\/rojeumarin-san\/\" \/>\n<meta property=\"og:site_name\" content=\"NATURAL POLAND - Hurtowy Dystrybutor Surowc\u00f3w\" \/>\n<meta property=\"article:publisher\" content=\"https:\/\/www.facebook.com\/naturalpoland.b2b\" \/>\n<meta property=\"article:modified_time\" content=\"2025-07-31T11:51:01+00:00\" \/>\n<meta property=\"og:image\" content=\"https:\/\/naturalpoland.com\/wp-content\/uploads\/kwas-rozmarynowy.webp\" \/>\n\t<meta property=\"og:image:width\" content=\"615\" \/>\n\t<meta property=\"og:image:height\" content=\"615\" \/>\n\t<meta property=\"og:image:type\" content=\"image\/webp\" \/>\n<script type=\"application\/ld+json\" class=\"yoast-schema-graph\">{\"@context\":\"https:\\\/\\\/schema.org\",\"@graph\":[{\"@type\":\"WebPage\",\"@id\":\"https:\\\/\\\/naturalpoland.com\\\/ko\\\/je-pum\\\/hwa-jang-pum-won-ryo\\\/san-ryu\\\/rojeumarin-san\\\/\",\"url\":\"https:\\\/\\\/naturalpoland.com\\\/ko\\\/je-pum\\\/hwa-jang-pum-won-ryo\\\/san-ryu\\\/rojeumarin-san\\\/\",\"name\":\"\ub85c\uc988\ub9c8\ub9b0\uc0b0 - NATURAL POLAND - Hurtowy Dystrybutor Surowc\u00f3w\",\"isPartOf\":{\"@id\":\"https:\\\/\\\/naturalpoland.com\\\/ko\\\/#website\"},\"primaryImageOfPage\":{\"@id\":\"https:\\\/\\\/naturalpoland.com\\\/ko\\\/je-pum\\\/hwa-jang-pum-won-ryo\\\/san-ryu\\\/rojeumarin-san\\\/#primaryimage\"},\"image\":{\"@id\":\"https:\\\/\\\/naturalpoland.com\\\/ko\\\/je-pum\\\/hwa-jang-pum-won-ryo\\\/san-ryu\\\/rojeumarin-san\\\/#primaryimage\"},\"thumbnailUrl\":\"https:\\\/\\\/naturalpoland.com\\\/wp-content\\\/uploads\\\/kwas-rozmarynowy.webp\",\"datePublished\":\"2024-09-09T13:47:49+00:00\",\"dateModified\":\"2025-07-31T11:51:01+00:00\",\"description\":\"\ub85c\uc988\ub9c8\ub9b0\uc0b0\uc740 \ub192\uc740 \uc0dd\uccb4 \uc774\uc6a9\ub960\uacfc \ub2e4\uc7ac\ub2e4\ub2a5\ud55c \uce58\ub8cc \ud2b9\uc131\uc73c\ub85c \uc778\ud574 \ud654\uc7a5\ud488 \ubc0f \uc81c\uc57d \uc0b0\uc5c5\uc5d0\uc11c \ud070 \uad00\uc2ec\uc744 \ubc1b\uace0 \uc788\uc2b5\ub2c8\ub2e4.\",\"breadcrumb\":{\"@id\":\"https:\\\/\\\/naturalpoland.com\\\/ko\\\/je-pum\\\/hwa-jang-pum-won-ryo\\\/san-ryu\\\/rojeumarin-san\\\/#breadcrumb\"},\"inLanguage\":\"ko-KR\",\"potentialAction\":[{\"@type\":\"ReadAction\",\"target\":[\"https:\\\/\\\/naturalpoland.com\\\/ko\\\/je-pum\\\/hwa-jang-pum-won-ryo\\\/san-ryu\\\/rojeumarin-san\\\/\"]}]},{\"@type\":\"ImageObject\",\"inLanguage\":\"ko-KR\",\"@id\":\"https:\\\/\\\/naturalpoland.com\\\/ko\\\/je-pum\\\/hwa-jang-pum-won-ryo\\\/san-ryu\\\/rojeumarin-san\\\/#primaryimage\",\"url\":\"https:\\\/\\\/naturalpoland.com\\\/wp-content\\\/uploads\\\/kwas-rozmarynowy.webp\",\"contentUrl\":\"https:\\\/\\\/naturalpoland.com\\\/wp-content\\\/uploads\\\/kwas-rozmarynowy.webp\",\"width\":615,\"height\":615,\"caption\":\"kwas rozmarynowy\"},{\"@type\":\"BreadcrumbList\",\"@id\":\"https:\\\/\\\/naturalpoland.com\\\/ko\\\/je-pum\\\/hwa-jang-pum-won-ryo\\\/san-ryu\\\/rojeumarin-san\\\/#breadcrumb\",\"itemListElement\":[{\"@type\":\"ListItem\",\"position\":1,\"name\":\"\ud648\",\"item\":\"https:\\\/\\\/naturalpoland.com\\\/ko\\\/\"},{\"@type\":\"ListItem\",\"position\":2,\"name\":\"\uc81c\ud488\",\"item\":\"https:\\\/\\\/naturalpoland.com\\\/ko\\\/%ec%a0%9c%ed%92%88\\\/\"},{\"@type\":\"ListItem\",\"position\":3,\"name\":\"\ub85c\uc988\ub9c8\ub9b0\uc0b0\"}]},{\"@type\":\"WebSite\",\"@id\":\"https:\\\/\\\/naturalpoland.com\\\/ko\\\/#website\",\"url\":\"https:\\\/\\\/naturalpoland.com\\\/ko\\\/\",\"name\":\"NATURAL POLAND - Hurtowy Dystrybutor Surowc\u00f3w\",\"description\":\"Surowce dla przemys\u0142u spo\u017cywczego, kosmetycznego i farmaceutycznego\",\"publisher\":{\"@id\":\"https:\\\/\\\/naturalpoland.com\\\/ko\\\/#organization\"},\"potentialAction\":[{\"@type\":\"SearchAction\",\"target\":{\"@type\":\"EntryPoint\",\"urlTemplate\":\"https:\\\/\\\/naturalpoland.com\\\/ko\\\/?s={search_term_string}\"},\"query-input\":{\"@type\":\"PropertyValueSpecification\",\"valueRequired\":true,\"valueName\":\"search_term_string\"}}],\"inLanguage\":\"ko-KR\"},{\"@type\":\"Organization\",\"@id\":\"https:\\\/\\\/naturalpoland.com\\\/ko\\\/#organization\",\"name\":\"Natural Poland\",\"url\":\"https:\\\/\\\/naturalpoland.com\\\/ko\\\/\",\"logo\":{\"@type\":\"ImageObject\",\"inLanguage\":\"ko-KR\",\"@id\":\"https:\\\/\\\/naturalpoland.com\\\/ko\\\/#\\\/schema\\\/logo\\\/image\\\/\",\"url\":\"https:\\\/\\\/naturalpoland.com\\\/wp-content\\\/uploads\\\/2021\\\/05\\\/natural-poland-icon.png\",\"contentUrl\":\"https:\\\/\\\/naturalpoland.com\\\/wp-content\\\/uploads\\\/2021\\\/05\\\/natural-poland-icon.png\",\"width\":512,\"height\":512,\"caption\":\"Natural Poland\"},\"image\":{\"@id\":\"https:\\\/\\\/naturalpoland.com\\\/ko\\\/#\\\/schema\\\/logo\\\/image\\\/\"},\"sameAs\":[\"https:\\\/\\\/www.facebook.com\\\/naturalpoland.b2b\",\"https:\\\/\\\/pl.linkedin.com\\\/company\\\/natural-poland\",\"https:\\\/\\\/www.youtube.com\\\/channel\\\/UCgeGGkvOMahZo-xu_MSEWxg\"]}]}<\/script>\n<!-- \/ Yoast SEO plugin. -->","yoast_head_json":{"title":"\ub85c\uc988\ub9c8\ub9b0\uc0b0 - NATURAL POLAND - Hurtowy Dystrybutor Surowc\u00f3w","description":"\ub85c\uc988\ub9c8\ub9b0\uc0b0\uc740 \ub192\uc740 \uc0dd\uccb4 \uc774\uc6a9\ub960\uacfc \ub2e4\uc7ac\ub2e4\ub2a5\ud55c \uce58\ub8cc \ud2b9\uc131\uc73c\ub85c \uc778\ud574 \ud654\uc7a5\ud488 \ubc0f \uc81c\uc57d \uc0b0\uc5c5\uc5d0\uc11c \ud070 \uad00\uc2ec\uc744 \ubc1b\uace0 \uc788\uc2b5\ub2c8\ub2e4.","robots":{"index":"index","follow":"follow","max-snippet":"max-snippet:-1","max-image-preview":"max-image-preview:large","max-video-preview":"max-video-preview:-1"},"canonical":"https:\/\/naturalpoland.com\/ko\/je-pum\/hwa-jang-pum-won-ryo\/san-ryu\/rojeumarin-san\/","og_locale":"ko_KR","og_type":"article","og_title":"\ub85c\uc988\ub9c8\ub9b0\uc0b0 - NATURAL POLAND - Hurtowy Dystrybutor Surowc\u00f3w","og_description":"\ub85c\uc988\ub9c8\ub9b0\uc0b0\uc740 \ub192\uc740 \uc0dd\uccb4 \uc774\uc6a9\ub960\uacfc \ub2e4\uc7ac\ub2e4\ub2a5\ud55c \uce58\ub8cc \ud2b9\uc131\uc73c\ub85c \uc778\ud574 \ud654\uc7a5\ud488 \ubc0f \uc81c\uc57d \uc0b0\uc5c5\uc5d0\uc11c \ud070 \uad00\uc2ec\uc744 \ubc1b\uace0 \uc788\uc2b5\ub2c8\ub2e4.","og_url":"https:\/\/naturalpoland.com\/ko\/je-pum\/hwa-jang-pum-won-ryo\/san-ryu\/rojeumarin-san\/","og_site_name":"NATURAL POLAND - Hurtowy Dystrybutor Surowc\u00f3w","article_publisher":"https:\/\/www.facebook.com\/naturalpoland.b2b","article_modified_time":"2025-07-31T11:51:01+00:00","og_image":[{"width":615,"height":615,"url":"https:\/\/naturalpoland.com\/wp-content\/uploads\/kwas-rozmarynowy.webp","type":"image\/webp"}],"schema":{"@context":"https:\/\/schema.org","@graph":[{"@type":"WebPage","@id":"https:\/\/naturalpoland.com\/ko\/je-pum\/hwa-jang-pum-won-ryo\/san-ryu\/rojeumarin-san\/","url":"https:\/\/naturalpoland.com\/ko\/je-pum\/hwa-jang-pum-won-ryo\/san-ryu\/rojeumarin-san\/","name":"\ub85c\uc988\ub9c8\ub9b0\uc0b0 - NATURAL POLAND - Hurtowy Dystrybutor Surowc\u00f3w","isPartOf":{"@id":"https:\/\/naturalpoland.com\/ko\/#website"},"primaryImageOfPage":{"@id":"https:\/\/naturalpoland.com\/ko\/je-pum\/hwa-jang-pum-won-ryo\/san-ryu\/rojeumarin-san\/#primaryimage"},"image":{"@id":"https:\/\/naturalpoland.com\/ko\/je-pum\/hwa-jang-pum-won-ryo\/san-ryu\/rojeumarin-san\/#primaryimage"},"thumbnailUrl":"https:\/\/naturalpoland.com\/wp-content\/uploads\/kwas-rozmarynowy.webp","datePublished":"2024-09-09T13:47:49+00:00","dateModified":"2025-07-31T11:51:01+00:00","description":"\ub85c\uc988\ub9c8\ub9b0\uc0b0\uc740 \ub192\uc740 \uc0dd\uccb4 \uc774\uc6a9\ub960\uacfc \ub2e4\uc7ac\ub2e4\ub2a5\ud55c \uce58\ub8cc \ud2b9\uc131\uc73c\ub85c \uc778\ud574 \ud654\uc7a5\ud488 \ubc0f \uc81c\uc57d \uc0b0\uc5c5\uc5d0\uc11c \ud070 \uad00\uc2ec\uc744 \ubc1b\uace0 \uc788\uc2b5\ub2c8\ub2e4.","breadcrumb":{"@id":"https:\/\/naturalpoland.com\/ko\/je-pum\/hwa-jang-pum-won-ryo\/san-ryu\/rojeumarin-san\/#breadcrumb"},"inLanguage":"ko-KR","potentialAction":[{"@type":"ReadAction","target":["https:\/\/naturalpoland.com\/ko\/je-pum\/hwa-jang-pum-won-ryo\/san-ryu\/rojeumarin-san\/"]}]},{"@type":"ImageObject","inLanguage":"ko-KR","@id":"https:\/\/naturalpoland.com\/ko\/je-pum\/hwa-jang-pum-won-ryo\/san-ryu\/rojeumarin-san\/#primaryimage","url":"https:\/\/naturalpoland.com\/wp-content\/uploads\/kwas-rozmarynowy.webp","contentUrl":"https:\/\/naturalpoland.com\/wp-content\/uploads\/kwas-rozmarynowy.webp","width":615,"height":615,"caption":"kwas rozmarynowy"},{"@type":"BreadcrumbList","@id":"https:\/\/naturalpoland.com\/ko\/je-pum\/hwa-jang-pum-won-ryo\/san-ryu\/rojeumarin-san\/#breadcrumb","itemListElement":[{"@type":"ListItem","position":1,"name":"\ud648","item":"https:\/\/naturalpoland.com\/ko\/"},{"@type":"ListItem","position":2,"name":"\uc81c\ud488","item":"https:\/\/naturalpoland.com\/ko\/%ec%a0%9c%ed%92%88\/"},{"@type":"ListItem","position":3,"name":"\ub85c\uc988\ub9c8\ub9b0\uc0b0"}]},{"@type":"WebSite","@id":"https:\/\/naturalpoland.com\/ko\/#website","url":"https:\/\/naturalpoland.com\/ko\/","name":"NATURAL POLAND - Hurtowy Dystrybutor Surowc\u00f3w","description":"Surowce dla przemys\u0142u spo\u017cywczego, kosmetycznego i farmaceutycznego","publisher":{"@id":"https:\/\/naturalpoland.com\/ko\/#organization"},"potentialAction":[{"@type":"SearchAction","target":{"@type":"EntryPoint","urlTemplate":"https:\/\/naturalpoland.com\/ko\/?s={search_term_string}"},"query-input":{"@type":"PropertyValueSpecification","valueRequired":true,"valueName":"search_term_string"}}],"inLanguage":"ko-KR"},{"@type":"Organization","@id":"https:\/\/naturalpoland.com\/ko\/#organization","name":"Natural Poland","url":"https:\/\/naturalpoland.com\/ko\/","logo":{"@type":"ImageObject","inLanguage":"ko-KR","@id":"https:\/\/naturalpoland.com\/ko\/#\/schema\/logo\/image\/","url":"https:\/\/naturalpoland.com\/wp-content\/uploads\/2021\/05\/natural-poland-icon.png","contentUrl":"https:\/\/naturalpoland.com\/wp-content\/uploads\/2021\/05\/natural-poland-icon.png","width":512,"height":512,"caption":"Natural Poland"},"image":{"@id":"https:\/\/naturalpoland.com\/ko\/#\/schema\/logo\/image\/"},"sameAs":["https:\/\/www.facebook.com\/naturalpoland.b2b","https:\/\/pl.linkedin.com\/company\/natural-poland","https:\/\/www.youtube.com\/channel\/UCgeGGkvOMahZo-xu_MSEWxg"]}]}},"_links":{"self":[{"href":"https:\/\/naturalpoland.com\/ko\/wp-json\/wp\/v2\/product\/42342","targetHints":{"allow":["GET"]}}],"collection":[{"href":"https:\/\/naturalpoland.com\/ko\/wp-json\/wp\/v2\/product"}],"about":[{"href":"https:\/\/naturalpoland.com\/ko\/wp-json\/wp\/v2\/types\/product"}],"wp:featuredmedia":[{"embeddable":true,"href":"https:\/\/naturalpoland.com\/ko\/wp-json\/wp\/v2\/media\/42343"}],"wp:attachment":[{"href":"https:\/\/naturalpoland.com\/ko\/wp-json\/wp\/v2\/media?parent=42342"}],"wp:term":[{"taxonomy":"product_brand","embeddable":true,"href":"https:\/\/naturalpoland.com\/ko\/wp-json\/wp\/v2\/product_brand?post=42342"},{"taxonomy":"product_cat","embeddable":true,"href":"https:\/\/naturalpoland.com\/ko\/wp-json\/wp\/v2\/product_cat?post=42342"},{"taxonomy":"product_tag","embeddable":true,"href":"https:\/\/naturalpoland.com\/ko\/wp-json\/wp\/v2\/product_tag?post=42342"}],"curies":[{"name":"wp","href":"https:\/\/api.w.org\/{rel}","templated":true}]}}