{"id":42344,"date":"2024-09-10T11:38:47","date_gmt":"2024-09-10T09:38:47","guid":{"rendered":"https:\/\/naturalpoland.com\/produkty\/uncategorized\/%eb%a7%8c%eb%8d%b8%ec%82%b0\/"},"modified":"2025-07-31T13:51:53","modified_gmt":"2025-07-31T11:51:53","slug":"mandel-san","status":"publish","type":"product","link":"https:\/\/naturalpoland.com\/ko\/je-pum\/hwa-jang-pum-won-ryo\/san-ryu\/mandel-san\/","title":{"rendered":"\ub9cc\ub378\uc0b0"},"content":{"rendered":"<h2>\ub9cc\ub378\uc0b0\uc758 \ud2b9\uc131 \ubc0f \uc791\uc6a9:<\/h2>\n<p><strong>\uc0c9\uc18c\uce68\ucc29 \uac10\uc18c<\/strong> &#8211; \ub9cc\ub378\uc0b0\uc740 \ud587\ube5b(\uc77c\uad11 \ubc18\uc810), \ud638\ub974\ubaac \ubcc0\ud654, \uc5ec\ub4dc\ub984, \ub178\ud654 \uacfc\uc815\uc73c\ub85c \uc778\ud55c \ub2e4\uc591\ud55c \uc720\ud615\uc758 \uc0c9\uc18c\uce68\ucc29\uc744 \ubc1d\uac8c \ud569\ub2c8\ub2e4. \uadf8 \ubbf8\ubc31 \ud6a8\uacfc\ub294 \uba5c\ub77c\ub2cc \uc0dd\uc131(\uba5c\ub77c\ub2cc \ud615\uc131)\uc758 \ud575\uc2ec \ud6a8\uc18c\uc778 \ud2f0\ub85c\uc2dc\ub098\uc544\uc81c \ud65c\uc131\uc744 \uc5b5\uc81c\ud558\ub294 \ub370 \uc788\uc2b5\ub2c8\ub2e4.<\/p>\n<p><strong>\ud53c\ubd80\uacb0 \uac1c\uc120 \ud6a8\uacfc<\/strong> &#8211; \ub9cc\ub378\uc0b0\uc740 \uae00\ub9ac\ucf54\uc0ac\ubbf8\ub178\uae00\ub9ac\uce78(GAG) \ud569\uc131\uc744 \ucd09\uc9c4\ud558\uace0 \ucf5c\ub77c\uac90\uacfc \uc5d8\ub77c\uc2a4\ud2f4 \uc0dd\uc131\uc744 \ub3d5\ub294 \ub2a5\ub825\uc774 \uc788\uc2b5\ub2c8\ub2e4. \uc774\ub294 \uacb0\uacfc\uc801\uc73c\ub85c \ud53c\ubd80\ub97c \ub9e4\ub044\ub7fd\uac8c \ud558\uace0 \uc8fc\ub984\uc758 \uac00\uc2dc\uc131\uc744 \uc904\uc785\ub2c8\ub2e4.<\/p>\n<p><strong>\ud53c\ubd80 \uac01\uc9c8 \uc81c\uac70<\/strong> &#8211; \ub9cc\ub378\uc0b0\uc740 AHA \uadf8\ub8f9\uc5d0 \uc18d\ud558\ubbc0\ub85c \uac01\uc9c8 \uc6a9\ud574 \uc791\uc6a9\uc744 \ud569\ub2c8\ub2e4. \uc989, \uc8fd\uc740 \ud45c\ud53c \uc138\ud3ec\ub97c \uac01\uc9c8 \uc81c\uac70\ud558\uace0 \uc138\ud3ec \uac04 \uacb0\ud569\uacfc \uc138\ud3ec \uac04 \uc2dc\uba58\ud2b8\ub97c \ub290\uc2a8\ud558\uac8c \ud569\ub2c8\ub2e4. \uc774 \uacfc\uc815\uc740 \uc138\ud3ec \uc7ac\uc0dd\uc744 \ucd09\uc9c4\ud558\uace0 \ud53c\uc9c0\uc120\uc758 \uc785\uad6c\ub97c \ub9c9\uc544 \uc5ec\ub4dc\ub984\uacfc \uc5fc\uc99d \ud615\uc131\uc744 \ubc29\uc9c0\ud569\ub2c8\ub2e4. \ud070 \ubd84\uc790 \ub355\ubd84\uc5d0 \ud53c\ubd80\uc5d0 \uc810\uc9c4\uc801\uc73c\ub85c \uce68\ud22c\ud558\uc5ec \ub2e4\ub978 AHA \uc0b0\ubcf4\ub2e4 \ubd80\ub4dc\ub7fd\uac8c \uc791\uc6a9\ud558\ubbc0\ub85c \ubbfc\uac10\ud55c \ud53c\ubd80\uc5d0\ub3c4 \uc801\ud569\ud569\ub2c8\ub2e4.<\/p>\n<p><strong>\ud53c\ubd80\ud1a4 \uade0\uc77c\ud654<\/strong> &#8211; \ud45c\ud53c\uc758 \ubd80\ub4dc\ub7ec\uc6b4 \uac01\uc9c8 \uc81c\uac70\ub294 \uace0\ub974\uc9c0 \ubabb\ud55c \ud53c\ubd80\ud1a4\uc758 \uc6d0\uc778\uc774 \ub420 \uc218 \uc788\ub294 \uc8fd\uc740 \uc138\ud3ec\ub97c \uc81c\uac70\ud569\ub2c8\ub2e4. \ub9cc\ub378\uc0b0\uc744 \uafb8\uc900\ud788 \uc0ac\uc6a9\ud558\uba74 \uc5fc\uc99d \ud6c4 \uc0c9\uc18c\uce68\ucc29, \uc8fc\uadfc\uae68, \uae30\ubbf8\uc758 \uacbd\uc6b0 \ud53c\ubd80\ud1a4\uc774 \uade0\uc77c\ud574\uc9d1\ub2c8\ub2e4.<\/p>\n<h2>\uc801\uc6a9<\/h2>\n<p>\ub9cc\ub378\uc0b0 \ud568\uc720 \uc81c\ud488\uc740 \ubb38\uc81c\uc131 \ud53c\ubd80, \uc9c0\uc131, \ubcf5\ud569\uc131, \uc5ec\ub4dc\ub984\uc131 \ud53c\ubd80\ubfd0\ub9cc \uc544\ub2c8\ub77c \uc131\uc219\ud558\uace0 \uac74\uc870\ud558\uba70 \ud53c\ub85c\ud55c \ud53c\ubd80\uc5d0\ub3c4 \ud2b9\ud788 \uad8c\uc7a5\ub429\ub2c8\ub2e4. \uc21c\ud55c \uc0b0\uc73c\ub85c \ubbfc\uac10\ud55c \ud53c\ubd80, \ud608\uad00\uc131 \ud53c\ubd80\ub97c \uac00\uc9c4 \uc0ac\ub78c\ubfd0\ub9cc \uc544\ub2c8\ub77c \uc784\uc0b0\ubd80\ub3c4 \uc0b0 \ub18d\ub3c4\uac00 10-15%\ub97c \ucd08\uacfc\ud558\uc9c0 \uc54a\ub294 \ud55c \uc0ac\uc6a9\ud560 \uc218 \uc788\uc2b5\ub2c8\ub2e4.<\/p>\n<p>\ub9cc\ub378\uc0b0\uc740 \uad11\uacfc\ubbfc\uc131 \ud2b9\uc131 \ub54c\ubb38\uc5d0 \ud53c\ubd80\ub97c \ucca0\uc800\ud788 \ud074\ub80c\uc9d5\ud55c \ud6c4 \uc800\ub141\uc5d0 \uc0ac\uc6a9\ud558\ub294 \uac83\uc774 \uc88b\uc2b5\ub2c8\ub2e4. \ub0ae \ub3d9\uc548\uc5d0\ub294 \ub192\uc740 \uc790\uc678\uc120 \ucc28\ub2e8 \uc9c0\uc218\uac00 \uc788\ub294 \uc120\ud06c\ub9bc\uc744 \uc0ac\uc6a9\ud558\uc5ec \ud53c\ubd80\ub97c \uc790\uc678\uc120\uc73c\ub85c\ubd80\ud130 \ubcf4\ud638\ud574\uc57c \ud569\ub2c8\ub2e4.<\/p>\n<p>\ub9cc\ub378\uc0b0\uc740 \uc21c\ud55c AHA \uc0b0 \uc911 \ud558\ub098\uc774\uc9c0\ub9cc, \ubbfc\uac10\ud55c \ud53c\ubd80\ub97c \uac00\uc9c4 \uc0ac\ub78c\uc774\ub098 \ubd80\uc801\uc808\ud558\uac8c \uc0ac\uc6a9\ud560 \uacbd\uc6b0 \uc790\uadf9\uc744 \uc720\ubc1c\ud560 \uc218 \uc788\uc2b5\ub2c8\ub2e4.<\/p>\n","protected":false},"excerpt":{"rendered":"<p><strong>\ub9cc\ub378\uc0b0<\/strong>(CAS: 90-64-2)\uc740 <em><strong>Mandelic Acid<\/strong><\/em>\ub77c\uace0\ub3c4 \uc54c\ub824\uc838 \uc788\uc73c\uba70, \uc54c\ud30c-\ud558\uc774\ub4dc\ub85d\uc2dc\uc0b0(AHA) \uadf8\ub8f9\uc5d0 \uc18d\ud558\ub294 \uc720\uae30 \ud654\ud569\ubb3c\uc785\ub2c8\ub2e4. C\u2088H\u2088O\u2083 \uad6c\uc870\ub97c \ud2b9\uc9d5\uc73c\ub85c \ud558\uba70 \uc21c\uc218\ud55c \ud615\ud0dc\ub85c\ub294 \ud770\uc0c9 \uacb0\uc815\uc131 \ud50c\ub808\uc774\ud06c\ub85c \uc874\uc7ac\ud569\ub2c8\ub2e4. \ub9cc\ub378\uc0b0\uc740 \uc4f4 \uc544\ubaac\ub4dc\uc5d0\uc11c \uc790\uc5f0\uc801\uc73c\ub85c \ucd94\ucd9c\ub429\ub2c8\ub2e4.<\/p>\n","protected":false},"featured_media":42345,"template":"","meta":{"_acf_changed":false},"product_brand":[],"product_cat":[8151],"product_tag":[],"class_list":{"0":"post-42344","1":"product","2":"type-product","3":"status-publish","4":"has-post-thumbnail","6":"product_cat-san-ryu","8":"first","9":"instock","10":"shipping-taxable","11":"product-type-simple"},"acf":[],"yoast_head":"<!-- This site is optimized with the Yoast SEO plugin v27.5 - https:\/\/yoast.com\/product\/yoast-seo-wordpress\/ -->\n<title>\ub9cc\ub378\uc0b0 - NATURAL POLAND - Hurtowy Dystrybutor Surowc\u00f3w<\/title>\n<meta name=\"description\" content=\"\ub9cc\ub378\uc0b0\uc740 \uc0c9\uc18c\uce68\ucc29 \uac10\uc18c, \ud53c\ubd80\uacb0 \uac1c\uc120, \uac01\uc9c8 \uc81c\uac70, \ud53c\ubd80\ud1a4 \uade0\uc77c\ud654\uc5d0 \ud6a8\uacfc\uc801\uc785\ub2c8\ub2e4.\" \/>\n<meta name=\"robots\" content=\"index, follow, max-snippet:-1, max-image-preview:large, max-video-preview:-1\" \/>\n<link rel=\"canonical\" href=\"https:\/\/naturalpoland.com\/ko\/je-pum\/hwa-jang-pum-won-ryo\/san-ryu\/mandel-san\/\" \/>\n<meta property=\"og:locale\" content=\"ko_KR\" \/>\n<meta property=\"og:type\" content=\"article\" \/>\n<meta property=\"og:title\" content=\"\ub9cc\ub378\uc0b0 - NATURAL POLAND - Hurtowy Dystrybutor Surowc\u00f3w\" \/>\n<meta property=\"og:description\" content=\"\ub9cc\ub378\uc0b0\uc740 \uc0c9\uc18c\uce68\ucc29 \uac10\uc18c, \ud53c\ubd80\uacb0 \uac1c\uc120, \uac01\uc9c8 \uc81c\uac70, \ud53c\ubd80\ud1a4 \uade0\uc77c\ud654\uc5d0 \ud6a8\uacfc\uc801\uc785\ub2c8\ub2e4.\" \/>\n<meta property=\"og:url\" content=\"https:\/\/naturalpoland.com\/ko\/je-pum\/hwa-jang-pum-won-ryo\/san-ryu\/mandel-san\/\" \/>\n<meta property=\"og:site_name\" content=\"NATURAL POLAND - Hurtowy Dystrybutor Surowc\u00f3w\" \/>\n<meta property=\"article:publisher\" content=\"https:\/\/www.facebook.com\/naturalpoland.b2b\" \/>\n<meta property=\"article:modified_time\" content=\"2025-07-31T11:51:53+00:00\" \/>\n<meta property=\"og:image\" content=\"https:\/\/naturalpoland.com\/wp-content\/uploads\/kwas-migdalowy.webp\" \/>\n\t<meta property=\"og:image:width\" content=\"615\" \/>\n\t<meta property=\"og:image:height\" content=\"615\" \/>\n\t<meta property=\"og:image:type\" content=\"image\/webp\" \/>\n<script type=\"application\/ld+json\" class=\"yoast-schema-graph\">{\"@context\":\"https:\\\/\\\/schema.org\",\"@graph\":[{\"@type\":\"WebPage\",\"@id\":\"https:\\\/\\\/naturalpoland.com\\\/ko\\\/je-pum\\\/hwa-jang-pum-won-ryo\\\/san-ryu\\\/mandel-san\\\/\",\"url\":\"https:\\\/\\\/naturalpoland.com\\\/ko\\\/je-pum\\\/hwa-jang-pum-won-ryo\\\/san-ryu\\\/mandel-san\\\/\",\"name\":\"\ub9cc\ub378\uc0b0 - NATURAL POLAND - Hurtowy Dystrybutor Surowc\u00f3w\",\"isPartOf\":{\"@id\":\"https:\\\/\\\/naturalpoland.com\\\/ko\\\/#website\"},\"primaryImageOfPage\":{\"@id\":\"https:\\\/\\\/naturalpoland.com\\\/ko\\\/je-pum\\\/hwa-jang-pum-won-ryo\\\/san-ryu\\\/mandel-san\\\/#primaryimage\"},\"image\":{\"@id\":\"https:\\\/\\\/naturalpoland.com\\\/ko\\\/je-pum\\\/hwa-jang-pum-won-ryo\\\/san-ryu\\\/mandel-san\\\/#primaryimage\"},\"thumbnailUrl\":\"https:\\\/\\\/naturalpoland.com\\\/wp-content\\\/uploads\\\/kwas-migdalowy.webp\",\"datePublished\":\"2024-09-10T09:38:47+00:00\",\"dateModified\":\"2025-07-31T11:51:53+00:00\",\"description\":\"\ub9cc\ub378\uc0b0\uc740 \uc0c9\uc18c\uce68\ucc29 \uac10\uc18c, \ud53c\ubd80\uacb0 \uac1c\uc120, \uac01\uc9c8 \uc81c\uac70, \ud53c\ubd80\ud1a4 \uade0\uc77c\ud654\uc5d0 \ud6a8\uacfc\uc801\uc785\ub2c8\ub2e4.\",\"breadcrumb\":{\"@id\":\"https:\\\/\\\/naturalpoland.com\\\/ko\\\/je-pum\\\/hwa-jang-pum-won-ryo\\\/san-ryu\\\/mandel-san\\\/#breadcrumb\"},\"inLanguage\":\"ko-KR\",\"potentialAction\":[{\"@type\":\"ReadAction\",\"target\":[\"https:\\\/\\\/naturalpoland.com\\\/ko\\\/je-pum\\\/hwa-jang-pum-won-ryo\\\/san-ryu\\\/mandel-san\\\/\"]}]},{\"@type\":\"ImageObject\",\"inLanguage\":\"ko-KR\",\"@id\":\"https:\\\/\\\/naturalpoland.com\\\/ko\\\/je-pum\\\/hwa-jang-pum-won-ryo\\\/san-ryu\\\/mandel-san\\\/#primaryimage\",\"url\":\"https:\\\/\\\/naturalpoland.com\\\/wp-content\\\/uploads\\\/kwas-migdalowy.webp\",\"contentUrl\":\"https:\\\/\\\/naturalpoland.com\\\/wp-content\\\/uploads\\\/kwas-migdalowy.webp\",\"width\":615,\"height\":615,\"caption\":\"kwas migda\u0142owy\"},{\"@type\":\"BreadcrumbList\",\"@id\":\"https:\\\/\\\/naturalpoland.com\\\/ko\\\/je-pum\\\/hwa-jang-pum-won-ryo\\\/san-ryu\\\/mandel-san\\\/#breadcrumb\",\"itemListElement\":[{\"@type\":\"ListItem\",\"position\":1,\"name\":\"\ud648\",\"item\":\"https:\\\/\\\/naturalpoland.com\\\/ko\\\/\"},{\"@type\":\"ListItem\",\"position\":2,\"name\":\"\uc81c\ud488\",\"item\":\"https:\\\/\\\/naturalpoland.com\\\/ko\\\/%ec%a0%9c%ed%92%88\\\/\"},{\"@type\":\"ListItem\",\"position\":3,\"name\":\"\ub9cc\ub378\uc0b0\"}]},{\"@type\":\"WebSite\",\"@id\":\"https:\\\/\\\/naturalpoland.com\\\/ko\\\/#website\",\"url\":\"https:\\\/\\\/naturalpoland.com\\\/ko\\\/\",\"name\":\"NATURAL POLAND - Hurtowy Dystrybutor Surowc\u00f3w\",\"description\":\"Surowce dla przemys\u0142u spo\u017cywczego, kosmetycznego i farmaceutycznego\",\"publisher\":{\"@id\":\"https:\\\/\\\/naturalpoland.com\\\/ko\\\/#organization\"},\"potentialAction\":[{\"@type\":\"SearchAction\",\"target\":{\"@type\":\"EntryPoint\",\"urlTemplate\":\"https:\\\/\\\/naturalpoland.com\\\/ko\\\/?s={search_term_string}\"},\"query-input\":{\"@type\":\"PropertyValueSpecification\",\"valueRequired\":true,\"valueName\":\"search_term_string\"}}],\"inLanguage\":\"ko-KR\"},{\"@type\":\"Organization\",\"@id\":\"https:\\\/\\\/naturalpoland.com\\\/ko\\\/#organization\",\"name\":\"Natural Poland\",\"url\":\"https:\\\/\\\/naturalpoland.com\\\/ko\\\/\",\"logo\":{\"@type\":\"ImageObject\",\"inLanguage\":\"ko-KR\",\"@id\":\"https:\\\/\\\/naturalpoland.com\\\/ko\\\/#\\\/schema\\\/logo\\\/image\\\/\",\"url\":\"https:\\\/\\\/naturalpoland.com\\\/wp-content\\\/uploads\\\/2021\\\/05\\\/natural-poland-icon.png\",\"contentUrl\":\"https:\\\/\\\/naturalpoland.com\\\/wp-content\\\/uploads\\\/2021\\\/05\\\/natural-poland-icon.png\",\"width\":512,\"height\":512,\"caption\":\"Natural Poland\"},\"image\":{\"@id\":\"https:\\\/\\\/naturalpoland.com\\\/ko\\\/#\\\/schema\\\/logo\\\/image\\\/\"},\"sameAs\":[\"https:\\\/\\\/www.facebook.com\\\/naturalpoland.b2b\",\"https:\\\/\\\/pl.linkedin.com\\\/company\\\/natural-poland\",\"https:\\\/\\\/www.youtube.com\\\/channel\\\/UCgeGGkvOMahZo-xu_MSEWxg\"]}]}<\/script>\n<!-- \/ Yoast SEO plugin. -->","yoast_head_json":{"title":"\ub9cc\ub378\uc0b0 - NATURAL POLAND - Hurtowy Dystrybutor Surowc\u00f3w","description":"\ub9cc\ub378\uc0b0\uc740 \uc0c9\uc18c\uce68\ucc29 \uac10\uc18c, \ud53c\ubd80\uacb0 \uac1c\uc120, \uac01\uc9c8 \uc81c\uac70, \ud53c\ubd80\ud1a4 \uade0\uc77c\ud654\uc5d0 \ud6a8\uacfc\uc801\uc785\ub2c8\ub2e4.","robots":{"index":"index","follow":"follow","max-snippet":"max-snippet:-1","max-image-preview":"max-image-preview:large","max-video-preview":"max-video-preview:-1"},"canonical":"https:\/\/naturalpoland.com\/ko\/je-pum\/hwa-jang-pum-won-ryo\/san-ryu\/mandel-san\/","og_locale":"ko_KR","og_type":"article","og_title":"\ub9cc\ub378\uc0b0 - NATURAL POLAND - Hurtowy Dystrybutor Surowc\u00f3w","og_description":"\ub9cc\ub378\uc0b0\uc740 \uc0c9\uc18c\uce68\ucc29 \uac10\uc18c, \ud53c\ubd80\uacb0 \uac1c\uc120, \uac01\uc9c8 \uc81c\uac70, \ud53c\ubd80\ud1a4 \uade0\uc77c\ud654\uc5d0 \ud6a8\uacfc\uc801\uc785\ub2c8\ub2e4.","og_url":"https:\/\/naturalpoland.com\/ko\/je-pum\/hwa-jang-pum-won-ryo\/san-ryu\/mandel-san\/","og_site_name":"NATURAL POLAND - Hurtowy Dystrybutor Surowc\u00f3w","article_publisher":"https:\/\/www.facebook.com\/naturalpoland.b2b","article_modified_time":"2025-07-31T11:51:53+00:00","og_image":[{"width":615,"height":615,"url":"https:\/\/naturalpoland.com\/wp-content\/uploads\/kwas-migdalowy.webp","type":"image\/webp"}],"schema":{"@context":"https:\/\/schema.org","@graph":[{"@type":"WebPage","@id":"https:\/\/naturalpoland.com\/ko\/je-pum\/hwa-jang-pum-won-ryo\/san-ryu\/mandel-san\/","url":"https:\/\/naturalpoland.com\/ko\/je-pum\/hwa-jang-pum-won-ryo\/san-ryu\/mandel-san\/","name":"\ub9cc\ub378\uc0b0 - NATURAL POLAND - Hurtowy Dystrybutor Surowc\u00f3w","isPartOf":{"@id":"https:\/\/naturalpoland.com\/ko\/#website"},"primaryImageOfPage":{"@id":"https:\/\/naturalpoland.com\/ko\/je-pum\/hwa-jang-pum-won-ryo\/san-ryu\/mandel-san\/#primaryimage"},"image":{"@id":"https:\/\/naturalpoland.com\/ko\/je-pum\/hwa-jang-pum-won-ryo\/san-ryu\/mandel-san\/#primaryimage"},"thumbnailUrl":"https:\/\/naturalpoland.com\/wp-content\/uploads\/kwas-migdalowy.webp","datePublished":"2024-09-10T09:38:47+00:00","dateModified":"2025-07-31T11:51:53+00:00","description":"\ub9cc\ub378\uc0b0\uc740 \uc0c9\uc18c\uce68\ucc29 \uac10\uc18c, \ud53c\ubd80\uacb0 \uac1c\uc120, \uac01\uc9c8 \uc81c\uac70, \ud53c\ubd80\ud1a4 \uade0\uc77c\ud654\uc5d0 \ud6a8\uacfc\uc801\uc785\ub2c8\ub2e4.","breadcrumb":{"@id":"https:\/\/naturalpoland.com\/ko\/je-pum\/hwa-jang-pum-won-ryo\/san-ryu\/mandel-san\/#breadcrumb"},"inLanguage":"ko-KR","potentialAction":[{"@type":"ReadAction","target":["https:\/\/naturalpoland.com\/ko\/je-pum\/hwa-jang-pum-won-ryo\/san-ryu\/mandel-san\/"]}]},{"@type":"ImageObject","inLanguage":"ko-KR","@id":"https:\/\/naturalpoland.com\/ko\/je-pum\/hwa-jang-pum-won-ryo\/san-ryu\/mandel-san\/#primaryimage","url":"https:\/\/naturalpoland.com\/wp-content\/uploads\/kwas-migdalowy.webp","contentUrl":"https:\/\/naturalpoland.com\/wp-content\/uploads\/kwas-migdalowy.webp","width":615,"height":615,"caption":"kwas migda\u0142owy"},{"@type":"BreadcrumbList","@id":"https:\/\/naturalpoland.com\/ko\/je-pum\/hwa-jang-pum-won-ryo\/san-ryu\/mandel-san\/#breadcrumb","itemListElement":[{"@type":"ListItem","position":1,"name":"\ud648","item":"https:\/\/naturalpoland.com\/ko\/"},{"@type":"ListItem","position":2,"name":"\uc81c\ud488","item":"https:\/\/naturalpoland.com\/ko\/%ec%a0%9c%ed%92%88\/"},{"@type":"ListItem","position":3,"name":"\ub9cc\ub378\uc0b0"}]},{"@type":"WebSite","@id":"https:\/\/naturalpoland.com\/ko\/#website","url":"https:\/\/naturalpoland.com\/ko\/","name":"NATURAL POLAND - Hurtowy Dystrybutor Surowc\u00f3w","description":"Surowce dla przemys\u0142u spo\u017cywczego, kosmetycznego i farmaceutycznego","publisher":{"@id":"https:\/\/naturalpoland.com\/ko\/#organization"},"potentialAction":[{"@type":"SearchAction","target":{"@type":"EntryPoint","urlTemplate":"https:\/\/naturalpoland.com\/ko\/?s={search_term_string}"},"query-input":{"@type":"PropertyValueSpecification","valueRequired":true,"valueName":"search_term_string"}}],"inLanguage":"ko-KR"},{"@type":"Organization","@id":"https:\/\/naturalpoland.com\/ko\/#organization","name":"Natural Poland","url":"https:\/\/naturalpoland.com\/ko\/","logo":{"@type":"ImageObject","inLanguage":"ko-KR","@id":"https:\/\/naturalpoland.com\/ko\/#\/schema\/logo\/image\/","url":"https:\/\/naturalpoland.com\/wp-content\/uploads\/2021\/05\/natural-poland-icon.png","contentUrl":"https:\/\/naturalpoland.com\/wp-content\/uploads\/2021\/05\/natural-poland-icon.png","width":512,"height":512,"caption":"Natural Poland"},"image":{"@id":"https:\/\/naturalpoland.com\/ko\/#\/schema\/logo\/image\/"},"sameAs":["https:\/\/www.facebook.com\/naturalpoland.b2b","https:\/\/pl.linkedin.com\/company\/natural-poland","https:\/\/www.youtube.com\/channel\/UCgeGGkvOMahZo-xu_MSEWxg"]}]}},"_links":{"self":[{"href":"https:\/\/naturalpoland.com\/ko\/wp-json\/wp\/v2\/product\/42344","targetHints":{"allow":["GET"]}}],"collection":[{"href":"https:\/\/naturalpoland.com\/ko\/wp-json\/wp\/v2\/product"}],"about":[{"href":"https:\/\/naturalpoland.com\/ko\/wp-json\/wp\/v2\/types\/product"}],"wp:featuredmedia":[{"embeddable":true,"href":"https:\/\/naturalpoland.com\/ko\/wp-json\/wp\/v2\/media\/42345"}],"wp:attachment":[{"href":"https:\/\/naturalpoland.com\/ko\/wp-json\/wp\/v2\/media?parent=42344"}],"wp:term":[{"taxonomy":"product_brand","embeddable":true,"href":"https:\/\/naturalpoland.com\/ko\/wp-json\/wp\/v2\/product_brand?post=42344"},{"taxonomy":"product_cat","embeddable":true,"href":"https:\/\/naturalpoland.com\/ko\/wp-json\/wp\/v2\/product_cat?post=42344"},{"taxonomy":"product_tag","embeddable":true,"href":"https:\/\/naturalpoland.com\/ko\/wp-json\/wp\/v2\/product_tag?post=42344"}],"curies":[{"name":"wp","href":"https:\/\/api.w.org\/{rel}","templated":true}]}}