{"id":42346,"date":"2024-09-10T12:25:17","date_gmt":"2024-09-10T10:25:17","guid":{"rendered":"https:\/\/naturalpoland.com\/produkty\/uncategorized\/%ed%8e%98%eb%a3%b0%ec%82%b0\/"},"modified":"2025-07-31T13:52:13","modified_gmt":"2025-07-31T11:52:13","slug":"perul-san","status":"publish","type":"product","link":"https:\/\/naturalpoland.com\/ko\/je-pum\/hwa-jang-pum-won-ryo\/san-ryu\/perul-san\/","title":{"rendered":"\ud398\ub8f0\uc0b0"},"content":{"rendered":"<h2>\ud398\ub8f0\uc0b0\uc758 \ud2b9\uc131 \ubc0f \ud6a8\ub2a5:<\/h2>\n<p><strong>\uc790\uc678\uc120 \ucc28\ub2e8<\/strong> &#8211; \ud398\ub8f0\uc0b0\uc740 UVA\uc640 UVB\ub97c \ud3ec\ud568\ud55c \uc790\uc678\uc120\uc744 \ud761\uc218\ud558\ub294 \ub2a5\ub825\uc774 \uc788\uc2b5\ub2c8\ub2e4. \uc774\ub97c \ud1b5\ud574 \ucc9c\uc5f0 \uc790\uc678\uc120 \ucc28\ub2e8\uc81c \uc5ed\ud560\uc744 \ud558\uc5ec \ud53c\ubd80\ub97c \uc790\uc678\uc120\uc758 \uc720\ud574\ud55c \uc601\ud5a5\uc73c\ub85c\ubd80\ud130 \ubcf4\ud638\ud569\ub2c8\ub2e4.<\/p>\n<p><strong>\uad11\ub178\ud654 \ubc29\uc9c0<\/strong> &#8211; \uc774 \uc81c\ud488\uc740 \uc790\uc678\uc120 \ubc0f \uae30\ud0c0 \uc678\ubd80 \uc694\uc778(\uc608: \ub300\uae30 \uc624\uc5fc)\uc758 \uc601\ud5a5\uc73c\ub85c \ubc1c\uc0dd\ud558\ub294 \ud65c\uc131 \uc0b0\uc18c\ub97c \uc911\ud654\uc2dc\ud0a4\ub294 \uac15\ub825\ud55c \ud56d\uc0b0\ud654\uc81c\uc785\ub2c8\ub2e4.<\/p>\n<p><strong>\ud65c\uc131 \uc0b0\uc18c \uc911\ud654<\/strong> &#8211; \ud65c\uc131 \uc0b0\uc18c\ub294 \ud53c\ubd80 \uc138\ud3ec\ub97c \uc190\uc0c1\uc2dc\ucf1c \ub178\ud654 \uacfc\uc815\uc744 \uac00\uc18d\ud654\ud558\ub294 \ubc18\uc751\uc131 \uc0b0\uc18c \ud615\ud0dc\uc774\uba70, \ud398\ub8f0\uc0b0\uc740 \uc774\ub7ec\ud55c \uc190\uc0c1\uc744 \ud6a8\uacfc\uc801\uc73c\ub85c \ub9c9\uc544 \ud53c\ubd80\uc758 \uc790\uc5f0\uc801\uc778 \uc7ac\uc0dd \uacfc\uc815\uc744 \uc9c0\uc6d0\ud569\ub2c8\ub2e4.<\/p>\n<h2>\ud398\ub8f0\uc0b0 \uc0ac\uc6a9 \ud6a8\uacfc:<\/h2>\n<ol>\n<li>\ud53c\ubd80 \uc190\uc0c1\uc73c\ub85c\ubd80\ud130 \ubcf4\ud638<\/li>\n<li>\ud53c\ubd80 \ud0c4\ub825 \ubc0f \uacac\uace0\uc131 \uac1c\uc120<\/li>\n<li>\ud53c\ubd80 \ud1a4 \uac1c\uc120 \ubc0f \uade0\uc77c\ud654<\/li>\n<\/ol>\n<h2>\ud398\ub8f0\uc0b0 \uc0ac\uc6a9\ubc95<\/h2>\n<p>\ud654\uc7a5\ud488\uc5d0\uc11c \ud398\ub8f0\uc0b0\uc740 \ucd5c\ub300 1%\uc758 \ub18d\ub3c4\ub85c \uc0ac\uc6a9\ub429\ub2c8\ub2e4. \ube44\ud0c0\ubbfc C \ubc0f E\uc640 \ud568\uaed8 \uc0ac\uc6a9\ub418\ub294 \uacbd\uc6b0\uac00 \ub9ce\uc73c\uba70, \uc774\ub294 \ud56d\uc0b0\ud654 \ud6a8\uacfc\ub97c \uac15\ud654\ud558\uae30 \ub54c\ubb38\uc785\ub2c8\ub2e4. \uc774 \uc870\ud569\uc740 \ub0ae \ub3d9\uc548 \uc678\ubd80 \uc694\uc778\uc73c\ub85c\ubd80\ud130 \ud53c\ubd80\ub97c \ucd5c\uc801\uc73c\ub85c \ubcf4\ud638\ud558\uae30 \uc704\ud574 \uc544\uce68 \uc2a4\ud0a8\ucf00\uc5b4 \uc81c\ud488\uc5d0 \ud2b9\ud788 \uad8c\uc7a5\ub429\ub2c8\ub2e4.<\/p>\n<p><strong>\ud398\ub8f0\uc0b0\uacfc \ub808\ud2f0\ub180 \ubc0f \uadf8 \uc720\ub3c4\uccb4\ub294 \ud568\uaed8 \uc0ac\uc6a9\ud558\uc9c0 \uc54a\ub294 \uac83\uc774 \uc88b\uc2b5\ub2c8\ub2e4.<\/strong> \ud2b9\ud788 \ubbfc\uac10\uc131 \ud53c\ubd80\ub97c \uac00\uc9c4 \uc0ac\ub78c\ub4e4\uc758 \uacbd\uc6b0 \ud53c\ubd80 \uc790\uadf9 \uc704\ud5d8\uc744 \ub192\uc77c \uc218 \uc788\uae30 \ub54c\ubb38\uc785\ub2c8\ub2e4.<\/p>\n<p>&nbsp;<\/p>\n<p>&nbsp;<\/p>\n","protected":false},"excerpt":{"rendered":"<p><strong>\ud398\ub8f0\uc0b0<\/strong> (CAS: 1135-24-6)\uc740 \ud558\uc774\ub4dc\ub85d\uc2dc\uc2e0\ub0a8\uc0b0 \ud3f4\ub9ac\ud398\ub180 \uadf8\ub8f9\uc5d0 \uc18d\ud558\ub294 \uc720\uae30 \ud654\ud569\ubb3c\uc785\ub2c8\ub2e4. \uacc4\ud53c\uc0b0\uc758 \uc720\ub3c4\uccb4\ub85c\uc11c \uace1\ubb3c(\uc300, \ubc00, \uadc0\ub9ac), \uacfc\uc77c(\uc0ac\uacfc, \uc624\ub80c\uc9c0), \ucc44\uc18c(\uc2dc\uae08\uce58, \ud30c\uc2ac\ub9ac) \ub4f1 \ub9ce\uc740 \uc2dd\ubb3c\uc5d0 \uc790\uc5f0\uc801\uc73c\ub85c \uc874\uc7ac\ud569\ub2c8\ub2e4.<\/p>\n<h3><\/h3>\n","protected":false},"featured_media":42347,"template":"","meta":{"_acf_changed":false},"product_brand":[],"product_cat":[8151],"product_tag":[],"class_list":{"0":"post-42346","1":"product","2":"type-product","3":"status-publish","4":"has-post-thumbnail","6":"product_cat-san-ryu","8":"first","9":"instock","10":"shipping-taxable","11":"product-type-simple"},"acf":[],"yoast_head":"<!-- This site is optimized with the Yoast SEO plugin v27.5 - https:\/\/yoast.com\/product\/yoast-seo-wordpress\/ -->\n<title>\ud398\ub8f0\uc0b0 - NATURAL POLAND - Hurtowy Dystrybutor Surowc\u00f3w<\/title>\n<meta name=\"description\" content=\"\ud398\ub8f0\uc0b0\uc740 \uad11\ubc94\uc704\ud55c \ubcf4\ud638 \ubc0f \ub178\ud654 \ubc29\uc9c0 \ud6a8\uacfc\ub85c \uc778\ud574 \ub9e4\uc6b0 \uadc0\uc911\ud55c \ud654\uc7a5\ud488 \uc131\ubd84\uc785\ub2c8\ub2e4.\" \/>\n<meta name=\"robots\" content=\"index, follow, max-snippet:-1, max-image-preview:large, max-video-preview:-1\" \/>\n<link rel=\"canonical\" href=\"https:\/\/naturalpoland.com\/ko\/je-pum\/hwa-jang-pum-won-ryo\/san-ryu\/perul-san\/\" \/>\n<meta property=\"og:locale\" content=\"ko_KR\" \/>\n<meta property=\"og:type\" content=\"article\" \/>\n<meta property=\"og:title\" content=\"\ud398\ub8f0\uc0b0 - NATURAL POLAND - Hurtowy Dystrybutor Surowc\u00f3w\" \/>\n<meta property=\"og:description\" content=\"\ud398\ub8f0\uc0b0\uc740 \uad11\ubc94\uc704\ud55c \ubcf4\ud638 \ubc0f \ub178\ud654 \ubc29\uc9c0 \ud6a8\uacfc\ub85c \uc778\ud574 \ub9e4\uc6b0 \uadc0\uc911\ud55c \ud654\uc7a5\ud488 \uc131\ubd84\uc785\ub2c8\ub2e4.\" \/>\n<meta property=\"og:url\" content=\"https:\/\/naturalpoland.com\/ko\/je-pum\/hwa-jang-pum-won-ryo\/san-ryu\/perul-san\/\" \/>\n<meta property=\"og:site_name\" content=\"NATURAL POLAND - Hurtowy Dystrybutor Surowc\u00f3w\" \/>\n<meta property=\"article:publisher\" content=\"https:\/\/www.facebook.com\/naturalpoland.b2b\" \/>\n<meta property=\"article:modified_time\" content=\"2025-07-31T11:52:13+00:00\" \/>\n<meta property=\"og:image\" content=\"https:\/\/naturalpoland.com\/wp-content\/uploads\/kwas-ferulowy.webp\" \/>\n\t<meta property=\"og:image:width\" content=\"350\" \/>\n\t<meta property=\"og:image:height\" content=\"350\" \/>\n\t<meta property=\"og:image:type\" content=\"image\/webp\" \/>\n<script type=\"application\/ld+json\" class=\"yoast-schema-graph\">{\"@context\":\"https:\\\/\\\/schema.org\",\"@graph\":[{\"@type\":\"WebPage\",\"@id\":\"https:\\\/\\\/naturalpoland.com\\\/ko\\\/je-pum\\\/hwa-jang-pum-won-ryo\\\/san-ryu\\\/perul-san\\\/\",\"url\":\"https:\\\/\\\/naturalpoland.com\\\/ko\\\/je-pum\\\/hwa-jang-pum-won-ryo\\\/san-ryu\\\/perul-san\\\/\",\"name\":\"\ud398\ub8f0\uc0b0 - NATURAL POLAND - Hurtowy Dystrybutor Surowc\u00f3w\",\"isPartOf\":{\"@id\":\"https:\\\/\\\/naturalpoland.com\\\/ko\\\/#website\"},\"primaryImageOfPage\":{\"@id\":\"https:\\\/\\\/naturalpoland.com\\\/ko\\\/je-pum\\\/hwa-jang-pum-won-ryo\\\/san-ryu\\\/perul-san\\\/#primaryimage\"},\"image\":{\"@id\":\"https:\\\/\\\/naturalpoland.com\\\/ko\\\/je-pum\\\/hwa-jang-pum-won-ryo\\\/san-ryu\\\/perul-san\\\/#primaryimage\"},\"thumbnailUrl\":\"https:\\\/\\\/naturalpoland.com\\\/wp-content\\\/uploads\\\/kwas-ferulowy.webp\",\"datePublished\":\"2024-09-10T10:25:17+00:00\",\"dateModified\":\"2025-07-31T11:52:13+00:00\",\"description\":\"\ud398\ub8f0\uc0b0\uc740 \uad11\ubc94\uc704\ud55c \ubcf4\ud638 \ubc0f \ub178\ud654 \ubc29\uc9c0 \ud6a8\uacfc\ub85c \uc778\ud574 \ub9e4\uc6b0 \uadc0\uc911\ud55c \ud654\uc7a5\ud488 \uc131\ubd84\uc785\ub2c8\ub2e4.\",\"breadcrumb\":{\"@id\":\"https:\\\/\\\/naturalpoland.com\\\/ko\\\/je-pum\\\/hwa-jang-pum-won-ryo\\\/san-ryu\\\/perul-san\\\/#breadcrumb\"},\"inLanguage\":\"ko-KR\",\"potentialAction\":[{\"@type\":\"ReadAction\",\"target\":[\"https:\\\/\\\/naturalpoland.com\\\/ko\\\/je-pum\\\/hwa-jang-pum-won-ryo\\\/san-ryu\\\/perul-san\\\/\"]}]},{\"@type\":\"ImageObject\",\"inLanguage\":\"ko-KR\",\"@id\":\"https:\\\/\\\/naturalpoland.com\\\/ko\\\/je-pum\\\/hwa-jang-pum-won-ryo\\\/san-ryu\\\/perul-san\\\/#primaryimage\",\"url\":\"https:\\\/\\\/naturalpoland.com\\\/wp-content\\\/uploads\\\/kwas-ferulowy.webp\",\"contentUrl\":\"https:\\\/\\\/naturalpoland.com\\\/wp-content\\\/uploads\\\/kwas-ferulowy.webp\",\"width\":350,\"height\":350,\"caption\":\"kwas ferulowy\"},{\"@type\":\"BreadcrumbList\",\"@id\":\"https:\\\/\\\/naturalpoland.com\\\/ko\\\/je-pum\\\/hwa-jang-pum-won-ryo\\\/san-ryu\\\/perul-san\\\/#breadcrumb\",\"itemListElement\":[{\"@type\":\"ListItem\",\"position\":1,\"name\":\"\ud648\",\"item\":\"https:\\\/\\\/naturalpoland.com\\\/ko\\\/\"},{\"@type\":\"ListItem\",\"position\":2,\"name\":\"\uc81c\ud488\",\"item\":\"https:\\\/\\\/naturalpoland.com\\\/ko\\\/%ec%a0%9c%ed%92%88\\\/\"},{\"@type\":\"ListItem\",\"position\":3,\"name\":\"\ud398\ub8f0\uc0b0\"}]},{\"@type\":\"WebSite\",\"@id\":\"https:\\\/\\\/naturalpoland.com\\\/ko\\\/#website\",\"url\":\"https:\\\/\\\/naturalpoland.com\\\/ko\\\/\",\"name\":\"NATURAL POLAND - Hurtowy Dystrybutor Surowc\u00f3w\",\"description\":\"Surowce dla przemys\u0142u spo\u017cywczego, kosmetycznego i farmaceutycznego\",\"publisher\":{\"@id\":\"https:\\\/\\\/naturalpoland.com\\\/ko\\\/#organization\"},\"potentialAction\":[{\"@type\":\"SearchAction\",\"target\":{\"@type\":\"EntryPoint\",\"urlTemplate\":\"https:\\\/\\\/naturalpoland.com\\\/ko\\\/?s={search_term_string}\"},\"query-input\":{\"@type\":\"PropertyValueSpecification\",\"valueRequired\":true,\"valueName\":\"search_term_string\"}}],\"inLanguage\":\"ko-KR\"},{\"@type\":\"Organization\",\"@id\":\"https:\\\/\\\/naturalpoland.com\\\/ko\\\/#organization\",\"name\":\"Natural Poland\",\"url\":\"https:\\\/\\\/naturalpoland.com\\\/ko\\\/\",\"logo\":{\"@type\":\"ImageObject\",\"inLanguage\":\"ko-KR\",\"@id\":\"https:\\\/\\\/naturalpoland.com\\\/ko\\\/#\\\/schema\\\/logo\\\/image\\\/\",\"url\":\"https:\\\/\\\/naturalpoland.com\\\/wp-content\\\/uploads\\\/2021\\\/05\\\/natural-poland-icon.png\",\"contentUrl\":\"https:\\\/\\\/naturalpoland.com\\\/wp-content\\\/uploads\\\/2021\\\/05\\\/natural-poland-icon.png\",\"width\":512,\"height\":512,\"caption\":\"Natural Poland\"},\"image\":{\"@id\":\"https:\\\/\\\/naturalpoland.com\\\/ko\\\/#\\\/schema\\\/logo\\\/image\\\/\"},\"sameAs\":[\"https:\\\/\\\/www.facebook.com\\\/naturalpoland.b2b\",\"https:\\\/\\\/pl.linkedin.com\\\/company\\\/natural-poland\",\"https:\\\/\\\/www.youtube.com\\\/channel\\\/UCgeGGkvOMahZo-xu_MSEWxg\"]}]}<\/script>\n<!-- \/ Yoast SEO plugin. -->","yoast_head_json":{"title":"\ud398\ub8f0\uc0b0 - NATURAL POLAND - Hurtowy Dystrybutor Surowc\u00f3w","description":"\ud398\ub8f0\uc0b0\uc740 \uad11\ubc94\uc704\ud55c \ubcf4\ud638 \ubc0f \ub178\ud654 \ubc29\uc9c0 \ud6a8\uacfc\ub85c \uc778\ud574 \ub9e4\uc6b0 \uadc0\uc911\ud55c \ud654\uc7a5\ud488 \uc131\ubd84\uc785\ub2c8\ub2e4.","robots":{"index":"index","follow":"follow","max-snippet":"max-snippet:-1","max-image-preview":"max-image-preview:large","max-video-preview":"max-video-preview:-1"},"canonical":"https:\/\/naturalpoland.com\/ko\/je-pum\/hwa-jang-pum-won-ryo\/san-ryu\/perul-san\/","og_locale":"ko_KR","og_type":"article","og_title":"\ud398\ub8f0\uc0b0 - NATURAL POLAND - Hurtowy Dystrybutor Surowc\u00f3w","og_description":"\ud398\ub8f0\uc0b0\uc740 \uad11\ubc94\uc704\ud55c \ubcf4\ud638 \ubc0f \ub178\ud654 \ubc29\uc9c0 \ud6a8\uacfc\ub85c \uc778\ud574 \ub9e4\uc6b0 \uadc0\uc911\ud55c \ud654\uc7a5\ud488 \uc131\ubd84\uc785\ub2c8\ub2e4.","og_url":"https:\/\/naturalpoland.com\/ko\/je-pum\/hwa-jang-pum-won-ryo\/san-ryu\/perul-san\/","og_site_name":"NATURAL POLAND - Hurtowy Dystrybutor Surowc\u00f3w","article_publisher":"https:\/\/www.facebook.com\/naturalpoland.b2b","article_modified_time":"2025-07-31T11:52:13+00:00","og_image":[{"width":350,"height":350,"url":"https:\/\/naturalpoland.com\/wp-content\/uploads\/kwas-ferulowy.webp","type":"image\/webp"}],"schema":{"@context":"https:\/\/schema.org","@graph":[{"@type":"WebPage","@id":"https:\/\/naturalpoland.com\/ko\/je-pum\/hwa-jang-pum-won-ryo\/san-ryu\/perul-san\/","url":"https:\/\/naturalpoland.com\/ko\/je-pum\/hwa-jang-pum-won-ryo\/san-ryu\/perul-san\/","name":"\ud398\ub8f0\uc0b0 - NATURAL POLAND - Hurtowy Dystrybutor Surowc\u00f3w","isPartOf":{"@id":"https:\/\/naturalpoland.com\/ko\/#website"},"primaryImageOfPage":{"@id":"https:\/\/naturalpoland.com\/ko\/je-pum\/hwa-jang-pum-won-ryo\/san-ryu\/perul-san\/#primaryimage"},"image":{"@id":"https:\/\/naturalpoland.com\/ko\/je-pum\/hwa-jang-pum-won-ryo\/san-ryu\/perul-san\/#primaryimage"},"thumbnailUrl":"https:\/\/naturalpoland.com\/wp-content\/uploads\/kwas-ferulowy.webp","datePublished":"2024-09-10T10:25:17+00:00","dateModified":"2025-07-31T11:52:13+00:00","description":"\ud398\ub8f0\uc0b0\uc740 \uad11\ubc94\uc704\ud55c \ubcf4\ud638 \ubc0f \ub178\ud654 \ubc29\uc9c0 \ud6a8\uacfc\ub85c \uc778\ud574 \ub9e4\uc6b0 \uadc0\uc911\ud55c \ud654\uc7a5\ud488 \uc131\ubd84\uc785\ub2c8\ub2e4.","breadcrumb":{"@id":"https:\/\/naturalpoland.com\/ko\/je-pum\/hwa-jang-pum-won-ryo\/san-ryu\/perul-san\/#breadcrumb"},"inLanguage":"ko-KR","potentialAction":[{"@type":"ReadAction","target":["https:\/\/naturalpoland.com\/ko\/je-pum\/hwa-jang-pum-won-ryo\/san-ryu\/perul-san\/"]}]},{"@type":"ImageObject","inLanguage":"ko-KR","@id":"https:\/\/naturalpoland.com\/ko\/je-pum\/hwa-jang-pum-won-ryo\/san-ryu\/perul-san\/#primaryimage","url":"https:\/\/naturalpoland.com\/wp-content\/uploads\/kwas-ferulowy.webp","contentUrl":"https:\/\/naturalpoland.com\/wp-content\/uploads\/kwas-ferulowy.webp","width":350,"height":350,"caption":"kwas ferulowy"},{"@type":"BreadcrumbList","@id":"https:\/\/naturalpoland.com\/ko\/je-pum\/hwa-jang-pum-won-ryo\/san-ryu\/perul-san\/#breadcrumb","itemListElement":[{"@type":"ListItem","position":1,"name":"\ud648","item":"https:\/\/naturalpoland.com\/ko\/"},{"@type":"ListItem","position":2,"name":"\uc81c\ud488","item":"https:\/\/naturalpoland.com\/ko\/%ec%a0%9c%ed%92%88\/"},{"@type":"ListItem","position":3,"name":"\ud398\ub8f0\uc0b0"}]},{"@type":"WebSite","@id":"https:\/\/naturalpoland.com\/ko\/#website","url":"https:\/\/naturalpoland.com\/ko\/","name":"NATURAL POLAND - Hurtowy Dystrybutor Surowc\u00f3w","description":"Surowce dla przemys\u0142u spo\u017cywczego, kosmetycznego i farmaceutycznego","publisher":{"@id":"https:\/\/naturalpoland.com\/ko\/#organization"},"potentialAction":[{"@type":"SearchAction","target":{"@type":"EntryPoint","urlTemplate":"https:\/\/naturalpoland.com\/ko\/?s={search_term_string}"},"query-input":{"@type":"PropertyValueSpecification","valueRequired":true,"valueName":"search_term_string"}}],"inLanguage":"ko-KR"},{"@type":"Organization","@id":"https:\/\/naturalpoland.com\/ko\/#organization","name":"Natural Poland","url":"https:\/\/naturalpoland.com\/ko\/","logo":{"@type":"ImageObject","inLanguage":"ko-KR","@id":"https:\/\/naturalpoland.com\/ko\/#\/schema\/logo\/image\/","url":"https:\/\/naturalpoland.com\/wp-content\/uploads\/2021\/05\/natural-poland-icon.png","contentUrl":"https:\/\/naturalpoland.com\/wp-content\/uploads\/2021\/05\/natural-poland-icon.png","width":512,"height":512,"caption":"Natural Poland"},"image":{"@id":"https:\/\/naturalpoland.com\/ko\/#\/schema\/logo\/image\/"},"sameAs":["https:\/\/www.facebook.com\/naturalpoland.b2b","https:\/\/pl.linkedin.com\/company\/natural-poland","https:\/\/www.youtube.com\/channel\/UCgeGGkvOMahZo-xu_MSEWxg"]}]}},"_links":{"self":[{"href":"https:\/\/naturalpoland.com\/ko\/wp-json\/wp\/v2\/product\/42346","targetHints":{"allow":["GET"]}}],"collection":[{"href":"https:\/\/naturalpoland.com\/ko\/wp-json\/wp\/v2\/product"}],"about":[{"href":"https:\/\/naturalpoland.com\/ko\/wp-json\/wp\/v2\/types\/product"}],"wp:featuredmedia":[{"embeddable":true,"href":"https:\/\/naturalpoland.com\/ko\/wp-json\/wp\/v2\/media\/42347"}],"wp:attachment":[{"href":"https:\/\/naturalpoland.com\/ko\/wp-json\/wp\/v2\/media?parent=42346"}],"wp:term":[{"taxonomy":"product_brand","embeddable":true,"href":"https:\/\/naturalpoland.com\/ko\/wp-json\/wp\/v2\/product_brand?post=42346"},{"taxonomy":"product_cat","embeddable":true,"href":"https:\/\/naturalpoland.com\/ko\/wp-json\/wp\/v2\/product_cat?post=42346"},{"taxonomy":"product_tag","embeddable":true,"href":"https:\/\/naturalpoland.com\/ko\/wp-json\/wp\/v2\/product_tag?post=42346"}],"curies":[{"name":"wp","href":"https:\/\/api.w.org\/{rel}","templated":true}]}}