{"id":42348,"date":"2021-05-21T10:52:44","date_gmt":"2021-05-21T08:52:44","guid":{"rendered":"https:\/\/naturalpoland.com\/produkty\/uncategorized\/%ec%95%84%ec%a0%a4%eb%9d%bc%ec%82%b0\/"},"modified":"2025-07-31T13:51:01","modified_gmt":"2025-07-31T11:51:01","slug":"ajelraksan","status":"publish","type":"product","link":"https:\/\/naturalpoland.com\/ko\/je-pum\/hwa-jang-pum-won-ryo\/san-ryu\/ajelraksan\/","title":{"rendered":"\uc544\uc824\ub77c\uc0b0"},"content":{"rendered":"<p>\uc544\uc824\ub77c\uc0b0\uc740 \ud0c4\uc18c, \uc218\uc18c, \uc0b0\uc18c \uc6d0\uc790\ub85c\ub9cc \uad6c\uc131\ub41c \ub2e8\uc21c\ud55c \uad6c\uc870\ub97c \uac00\uc9c0\uace0 \uc788\uc2b5\ub2c8\ub2e4. \ubc00, \ud638\ubc00, \ubcf4\ub9ac \ub4f1 \uace1\ubb3c\uc5d0\uc11c \uc790\uc5f0\uc801\uc73c\ub85c \ubc1c\uacac\ub418\uba70, \uc0ac\ub78c \ud53c\ubd80\uc758 \uc790\uc5f0 \ubbf8\uc0dd\ubb3c\ucd1d\uc758 \uc77c\ubd80\uc778 \ub9d0\ub77c\uc138\uc9c0\uc544 \ud478\ub974\ud478\ub974 \ud6a8\ubaa8\uc5d0 \uc758\ud574 \uc0dd\uc131\ub418\uae30\ub3c4 \ud569\ub2c8\ub2e4.<\/p>\n<h2>\uc544\uc824\ub77c\uc0b0\uc758 \ud2b9\uc131 \ubc0f \uc791\uc6a9<\/h2>\n<p>\uc544\uc824\ub77c\uc0b0\uc740 \ud53c\ubd80\uacfc \ubc0f \ud654\uc7a5\ud488 \ubd84\uc57c\uc5d0\uc11c \uad11\ubc94\uc704\ud55c \uc791\uc6a9\uc744 \ud558\ub294 \uc131\ubd84\uc785\ub2c8\ub2e4.<\/p>\n<ul>\n<li><strong>\ud56d\uc5fc\uc99d \uc791\uc6a9<\/strong> \u2013 \ud53c\ubd80 \uc5fc\uc99d\uc744 \uc644\ud654\ud558\uace0 \ubc1c\uc801\uacfc \ubd80\uae30\ub97c \uc904\uc5ec\uc8fc\uc5b4 \uc8fc\uc0ac\ube44 \ubc0f \uae30\ud0c0 \ud53c\ubd80 \uc5fc\uc99d \uce58\ub8cc\uc5d0 \ud6a8\uacfc\uc801\uc778 \uc131\ubd84\uc785\ub2c8\ub2e4. \ub610\ud55c \ud638\ub974\ubaac\uc131 \uc5ec\ub4dc\ub984 \uc99d\uc0c1\uc774 \uc788\ub294 \ud53c\ubd80\ub97c \uc9c4\uc815\uc2dc\ucf1c \uac00\ub824\uc6c0\uc99d\uacfc \uc791\uc5f4\uac10\uacfc \uac19\uc740 \ubd88\ucf8c\ud55c \uc99d\uc0c1\uc744 \uc904\uc5ec\uc90d\ub2c8\ub2e4.<\/li>\n<li><strong>\ud56d\uade0 \uc791\uc6a9<\/strong> \u2013 <em>\ud504\ub85c\ud53c\uc624\ub2c8\ubc15\ud14c\ub9ac\uc6c0 \uc544\ud06c\ub124\uc2a4<\/em>\uc640 \uac19\uc740 \ud610\uae30\uc131 \ubc15\ud14c\ub9ac\uc544\uc640 <em>\uc2a4\ud0c0\ud544\ub85c\ucf54\ucfe0\uc2a4 \uc5d0\ud53c\ub354\ubbf8\ub514\uc2a4<\/em>\uc640 \uac19\uc740 \ud638\uae30\uc131 \ubc15\ud14c\ub9ac\uc544\uc758 \uc131\uc7a5\uc744 \uc5b5\uc81c\ud558\uc5ec \ud53c\ubd80 \uc5fc\uc99d\uacfc \uc5ec\ub4dc\ub984 \ubc1c\uc0dd\uc758 \uc6d0\uc778\uc774 \ub418\ub294 \ubc15\ud14c\ub9ac\uc544\ub97c \ud6a8\uacfc\uc801\uc73c\ub85c \uc904\uc5ec\uc90d\ub2c8\ub2e4. \uc774\ub97c \ud1b5\ud574 \uc5ec\ub4dc\ub984\uacfc \ube14\ub799\ud5e4\ub4dc \ud615\uc131\uc744 \ud6a8\uacfc\uc801\uc73c\ub85c \uc5b5\uc81c\ud569\ub2c8\ub2e4.<\/li>\n<li><strong>\uac01\uc9c8 \uc6a9\ud574 \ubc0f \uba74\ud3ec \uc6a9\ud574 \uc791\uc6a9<\/strong> \u2013 \uac01\uc9c8 \uc81c\uac70 \ud2b9\uc131\uc774 \uc788\uc5b4 \uc8fd\uc740 \ud53c\ubd80 \uc138\ud3ec\ub97c \ubd80\ub4dc\ub7fd\uac8c \uc81c\uac70\ud558\uace0 \uc138\ud3ec \uc7ac\uc0dd \uacfc\uc815\uc744 \uac00\uc18d\ud654\ud569\ub2c8\ub2e4. \uac01\uc9c8 \uc6a9\ud574 \uc791\uc6a9\uc740 \ubaa8\uacf5 \ub9c9\ud798\uacfc \ube14\ub799\ud5e4\ub4dc \ud615\uc131\uc744 \uc608\ubc29\ud558\ub294 \ub370 \ub3c4\uc6c0\uc774 \ub418\uba70, \uac01\uc9c8\ud654 \uacfc\uc815\uc744 \uc815\uc0c1\ud654\ud558\uc5ec \ube14\ub799\ud5e4\ub4dc\uc640 \uc5ec\ub4dc\ub984 \uc218\ub97c \uc904\uc5ec\uc90d\ub2c8\ub2e4.<\/li>\n<li><strong>\ubbf8\ubc31 \uc791\uc6a9<\/strong> \u2013 \uba5c\ub77c\ub2cc \uc0dd\uc131\uc744 \ub2f4\ub2f9\ud558\ub294 \ud6a8\uc18c\uc778 \ud2f0\ub85c\uc2dc\ub098\uc544\uc81c\ub97c \uc5b5\uc81c\ud558\uc5ec \uba5c\ub77c\ub2cc \uc138\ud3ec\uc758 \ud65c\ub3d9\uc744 \uac10\uc18c\uc2dc\ud0b5\ub2c8\ub2e4. \uc774\ub97c \ud1b5\ud574 \uc5fc\uc99d \ud6c4 \uc0c9\uc18c \uce68\ucc29, \ud587\ube5b \ub610\ub294 \ud638\ub974\ubaac \ubcc0\ud654\ub85c \uc778\ud55c \uc0c9\uc18c \uce68\ucc29\uc744 \ud6a8\uacfc\uc801\uc73c\ub85c \ubc1d\uac8c \ud558\uace0 \uae30\uc874 \uc0c9\uc18c \ubc18\uc810\uc758 \uac00\uc2dc\uc131\uc744 \uc904\uc5ec\uc90d\ub2c8\ub2e4.<\/li>\n<li><strong>\ud56d\uc0b0\ud654 \uc791\uc6a9<\/strong> \u2013 \uac15\ub825\ud55c \ud56d\uc0b0\ud654\uc81c\ub85c\uc11c \uc870\uae30 \ud53c\ubd80 \ub178\ud654 \ubc0f \uc5fc\uc99d\uc744 \uc720\ubc1c\ud558\ub294 \uc790\uc720 \ub77c\ub514\uce7c\uc744 \uc911\ud654\ud569\ub2c8\ub2e4. \ub610\ud55c \ud53c\ubd80 \ubcf4\ud638 \uc7a5\ubcbd\uc744 \uac15\ud654\ud558\uc5ec \uc678\ubd80 \uc694\uc778\uc758 \uc720\ud574\ud55c \uc601\ud5a5\uc5d0 \ub300\uc751\ud569\ub2c8\ub2e4.<\/li>\n<li><strong>\ud53c\uc9c0 \uc870\uc808 \uc791\uc6a9<\/strong> \u2013 \ud53c\uc9c0\uc120\uc758 \ud53c\uc9c0 \uc0dd\uc131\uc744 \uc870\uc808\ud558\uc5ec \uacfc\ub3c4\ud55c \ud53c\uc9c0 \ubd84\ube44\ub97c \ubc29\uc9c0\ud558\uace0 \ube14\ub799\ud5e4\ub4dc \ud615\uc131 \uc704\ud5d8\uc744 \uc904\uc785\ub2c8\ub2e4.<\/li>\n<\/ul>\n<h2>\uc544\uc824\ub77c\uc0b0\uc758 \uc801\uc6a9<\/h2>\n<p>\uc544\uc824\ub77c\uc0b0\uc740 \ud53c\ubd80\uacfc \ubc0f \ud654\uc7a5\ud488 \ubd84\uc57c\uc5d0\uc11c \uad11\ubc94\uc704\ud558\uac8c \uc0ac\uc6a9\ub429\ub2c8\ub2e4. \uc9c0\uc131, \uc5ec\ub4dc\ub984\uc131, \ubbfc\uac10\uc131, \ud608\uad00\uc131 \ud53c\ubd80\ub97c \ud3ec\ud568\ud55c \ub2e4\uc591\ud55c \ud53c\ubd80 \ud0c0\uc785\uacfc \ucd08\uae30 \ub178\ud654 \uc9d5\ud6c4\uac00 \uc788\ub294 \ud53c\ubd80\uc5d0\ub3c4 \uc801\ud569\ud569\ub2c8\ub2e4. \uad11\uacfc\ubbfc\uc131\uc774 \uc5c6\uc73c\ubbc0\ub85c \uc77c\ub144 \ub0b4\ub0b4 \uc0ac\uc6a9\ud560 \uc218 \uc788\uc2b5\ub2c8\ub2e4. \uc5ec\ub4dc\ub984 \uce58\ub8cc\uc81c, \ubbf8\ubc31\uc81c, \ud53c\uc9c0 \uc870\uc808\uc81c, \ud56d\uc0b0\ud654 \ubc0f \ud56d\uc5fc\uc99d\uc81c\ub85c \uc0ac\uc6a9\ub429\ub2c8\ub2e4.<\/p>\n<p>\uc544\uc824\ub77c\uc0b0\uc740 \uc548\uc804\ud55c \uc131\ubd84\uc73c\ub85c \uac04\uc8fc\ub418\uc9c0\ub9cc, \uc791\uc5f4\uac10, \ubc1c\uc801, \uac74\uc870\ud568, \uc790\uadf9, \ud53c\ubd80 \ubc97\uaca8\uc9d0 \ub610\ub294 \uac00\ub824\uc6c0\uc99d\uacfc \uac19\uc740 \ubd80\uc791\uc6a9\uc744 \uc720\ubc1c\ud560 \uc218 \uc788\uc2b5\ub2c8\ub2e4. \ud65c\uc131 \ud53c\ubd80 \uac10\uc5fc, \uc131\ubd84\uc5d0 \ub300\ud55c \uacfc\ubbfc\uc99d, \ube44\ud0c0\ubbfc A \uc720\ub3c4\uccb4 \uce58\ub8cc \uc911\uc5d0\ub294 \uc0ac\uc6a9\ud558\uc9c0 \uc54a\ub294 \uac83\uc774 \uc88b\uc2b5\ub2c8\ub2e4.<\/p>\n","protected":false},"excerpt":{"rendered":"<p><strong>\uc544\uc824\ub77c\uc0b0(Azelaic acid)<\/strong>\uc740 \ubaa8\ub4e0 \ud53c\ubd80 \ud0c0\uc785\uc5d0 \uc0ac\uc6a9\ud558\ub3c4\ub85d \uace0\uc548\ub41c \ud3ec\ud654 \ub514\uce74\ub974\ubcf5\uc2e4\uc0b0 \uadf8\ub8f9\uc5d0 \uc18d\ud558\ub294 \uc720\uae30 \ud654\ud569\ubb3c\uc785\ub2c8\ub2e4. \ud2b9\ud788 \uc8fc\uc0ac\ube44, \ud64d\ubc18 \ub610\ub294 \uc0c9\uc18c \uce68\ucc29\uc774 \uc788\ub294 \uacbd\uc6b0\uc5d0 \uad8c\uc7a5\ub429\ub2c8\ub2e4.<\/p>\n","protected":false},"featured_media":42349,"template":"","meta":{"_acf_changed":false},"product_brand":[],"product_cat":[8151],"product_tag":[],"class_list":{"0":"post-42348","1":"product","2":"type-product","3":"status-publish","4":"has-post-thumbnail","6":"product_cat-san-ryu","8":"first","9":"instock","10":"shipping-taxable","11":"product-type-simple"},"acf":[],"yoast_head":"<!-- This site is optimized with the Yoast SEO plugin v27.5 - https:\/\/yoast.com\/product\/yoast-seo-wordpress\/ -->\n<title>\uc544\uc824\ub77c\uc0b0 - NATURAL POLAND - Hurtowy Dystrybutor Surowc\u00f3w<\/title>\n<meta name=\"description\" content=\"\uc544\uc824\ub77c\uc0b0\uc740 \ub2e4\uc591\ud55c \ud654\uc7a5\ud488 \ubc0f \ud53c\ubd80\uacfc \uc81c\uc81c\uc5d0 \uc0ac\uc6a9\ub418\ub294 \ub2e4\uc6a9\ub3c4 \uc131\ubd84\uc785\ub2c8\ub2e4.\" \/>\n<meta name=\"robots\" content=\"index, follow, max-snippet:-1, max-image-preview:large, max-video-preview:-1\" \/>\n<link rel=\"canonical\" href=\"https:\/\/naturalpoland.com\/ko\/je-pum\/hwa-jang-pum-won-ryo\/san-ryu\/ajelraksan\/\" \/>\n<meta property=\"og:locale\" content=\"ko_KR\" \/>\n<meta property=\"og:type\" content=\"article\" \/>\n<meta property=\"og:title\" content=\"\uc544\uc824\ub77c\uc0b0 - NATURAL POLAND - Hurtowy Dystrybutor Surowc\u00f3w\" \/>\n<meta property=\"og:description\" content=\"\uc544\uc824\ub77c\uc0b0\uc740 \ub2e4\uc591\ud55c \ud654\uc7a5\ud488 \ubc0f \ud53c\ubd80\uacfc \uc81c\uc81c\uc5d0 \uc0ac\uc6a9\ub418\ub294 \ub2e4\uc6a9\ub3c4 \uc131\ubd84\uc785\ub2c8\ub2e4.\" \/>\n<meta property=\"og:url\" content=\"https:\/\/naturalpoland.com\/ko\/je-pum\/hwa-jang-pum-won-ryo\/san-ryu\/ajelraksan\/\" \/>\n<meta property=\"og:site_name\" content=\"NATURAL POLAND - Hurtowy Dystrybutor Surowc\u00f3w\" \/>\n<meta property=\"article:publisher\" content=\"https:\/\/www.facebook.com\/naturalpoland.b2b\" \/>\n<meta property=\"article:modified_time\" content=\"2025-07-31T11:51:01+00:00\" \/>\n<meta property=\"og:image\" content=\"https:\/\/naturalpoland.com\/wp-content\/uploads\/Kwas-azelainowy.jpg\" \/>\n\t<meta property=\"og:image:width\" content=\"650\" \/>\n\t<meta property=\"og:image:height\" content=\"650\" \/>\n\t<meta property=\"og:image:type\" content=\"image\/jpeg\" \/>\n<script type=\"application\/ld+json\" class=\"yoast-schema-graph\">{\"@context\":\"https:\\\/\\\/schema.org\",\"@graph\":[{\"@type\":\"WebPage\",\"@id\":\"https:\\\/\\\/naturalpoland.com\\\/ko\\\/je-pum\\\/hwa-jang-pum-won-ryo\\\/san-ryu\\\/ajelraksan\\\/\",\"url\":\"https:\\\/\\\/naturalpoland.com\\\/ko\\\/je-pum\\\/hwa-jang-pum-won-ryo\\\/san-ryu\\\/ajelraksan\\\/\",\"name\":\"\uc544\uc824\ub77c\uc0b0 - NATURAL POLAND - Hurtowy Dystrybutor Surowc\u00f3w\",\"isPartOf\":{\"@id\":\"https:\\\/\\\/naturalpoland.com\\\/ko\\\/#website\"},\"primaryImageOfPage\":{\"@id\":\"https:\\\/\\\/naturalpoland.com\\\/ko\\\/je-pum\\\/hwa-jang-pum-won-ryo\\\/san-ryu\\\/ajelraksan\\\/#primaryimage\"},\"image\":{\"@id\":\"https:\\\/\\\/naturalpoland.com\\\/ko\\\/je-pum\\\/hwa-jang-pum-won-ryo\\\/san-ryu\\\/ajelraksan\\\/#primaryimage\"},\"thumbnailUrl\":\"https:\\\/\\\/naturalpoland.com\\\/wp-content\\\/uploads\\\/Kwas-azelainowy.jpg\",\"datePublished\":\"2021-05-21T08:52:44+00:00\",\"dateModified\":\"2025-07-31T11:51:01+00:00\",\"description\":\"\uc544\uc824\ub77c\uc0b0\uc740 \ub2e4\uc591\ud55c \ud654\uc7a5\ud488 \ubc0f \ud53c\ubd80\uacfc \uc81c\uc81c\uc5d0 \uc0ac\uc6a9\ub418\ub294 \ub2e4\uc6a9\ub3c4 \uc131\ubd84\uc785\ub2c8\ub2e4.\",\"breadcrumb\":{\"@id\":\"https:\\\/\\\/naturalpoland.com\\\/ko\\\/je-pum\\\/hwa-jang-pum-won-ryo\\\/san-ryu\\\/ajelraksan\\\/#breadcrumb\"},\"inLanguage\":\"ko-KR\",\"potentialAction\":[{\"@type\":\"ReadAction\",\"target\":[\"https:\\\/\\\/naturalpoland.com\\\/ko\\\/je-pum\\\/hwa-jang-pum-won-ryo\\\/san-ryu\\\/ajelraksan\\\/\"]}]},{\"@type\":\"ImageObject\",\"inLanguage\":\"ko-KR\",\"@id\":\"https:\\\/\\\/naturalpoland.com\\\/ko\\\/je-pum\\\/hwa-jang-pum-won-ryo\\\/san-ryu\\\/ajelraksan\\\/#primaryimage\",\"url\":\"https:\\\/\\\/naturalpoland.com\\\/wp-content\\\/uploads\\\/Kwas-azelainowy.jpg\",\"contentUrl\":\"https:\\\/\\\/naturalpoland.com\\\/wp-content\\\/uploads\\\/Kwas-azelainowy.jpg\",\"width\":650,\"height\":650,\"caption\":\"kwas azelainowy\"},{\"@type\":\"BreadcrumbList\",\"@id\":\"https:\\\/\\\/naturalpoland.com\\\/ko\\\/je-pum\\\/hwa-jang-pum-won-ryo\\\/san-ryu\\\/ajelraksan\\\/#breadcrumb\",\"itemListElement\":[{\"@type\":\"ListItem\",\"position\":1,\"name\":\"\ud648\",\"item\":\"https:\\\/\\\/naturalpoland.com\\\/ko\\\/\"},{\"@type\":\"ListItem\",\"position\":2,\"name\":\"\uc81c\ud488\",\"item\":\"https:\\\/\\\/naturalpoland.com\\\/ko\\\/%ec%a0%9c%ed%92%88\\\/\"},{\"@type\":\"ListItem\",\"position\":3,\"name\":\"\uc544\uc824\ub77c\uc0b0\"}]},{\"@type\":\"WebSite\",\"@id\":\"https:\\\/\\\/naturalpoland.com\\\/ko\\\/#website\",\"url\":\"https:\\\/\\\/naturalpoland.com\\\/ko\\\/\",\"name\":\"NATURAL POLAND - Hurtowy Dystrybutor Surowc\u00f3w\",\"description\":\"Surowce dla przemys\u0142u spo\u017cywczego, kosmetycznego i farmaceutycznego\",\"publisher\":{\"@id\":\"https:\\\/\\\/naturalpoland.com\\\/ko\\\/#organization\"},\"potentialAction\":[{\"@type\":\"SearchAction\",\"target\":{\"@type\":\"EntryPoint\",\"urlTemplate\":\"https:\\\/\\\/naturalpoland.com\\\/ko\\\/?s={search_term_string}\"},\"query-input\":{\"@type\":\"PropertyValueSpecification\",\"valueRequired\":true,\"valueName\":\"search_term_string\"}}],\"inLanguage\":\"ko-KR\"},{\"@type\":\"Organization\",\"@id\":\"https:\\\/\\\/naturalpoland.com\\\/ko\\\/#organization\",\"name\":\"Natural Poland\",\"url\":\"https:\\\/\\\/naturalpoland.com\\\/ko\\\/\",\"logo\":{\"@type\":\"ImageObject\",\"inLanguage\":\"ko-KR\",\"@id\":\"https:\\\/\\\/naturalpoland.com\\\/ko\\\/#\\\/schema\\\/logo\\\/image\\\/\",\"url\":\"https:\\\/\\\/naturalpoland.com\\\/wp-content\\\/uploads\\\/2021\\\/05\\\/natural-poland-icon.png\",\"contentUrl\":\"https:\\\/\\\/naturalpoland.com\\\/wp-content\\\/uploads\\\/2021\\\/05\\\/natural-poland-icon.png\",\"width\":512,\"height\":512,\"caption\":\"Natural Poland\"},\"image\":{\"@id\":\"https:\\\/\\\/naturalpoland.com\\\/ko\\\/#\\\/schema\\\/logo\\\/image\\\/\"},\"sameAs\":[\"https:\\\/\\\/www.facebook.com\\\/naturalpoland.b2b\",\"https:\\\/\\\/pl.linkedin.com\\\/company\\\/natural-poland\",\"https:\\\/\\\/www.youtube.com\\\/channel\\\/UCgeGGkvOMahZo-xu_MSEWxg\"]}]}<\/script>\n<!-- \/ Yoast SEO plugin. -->","yoast_head_json":{"title":"\uc544\uc824\ub77c\uc0b0 - NATURAL POLAND - Hurtowy Dystrybutor Surowc\u00f3w","description":"\uc544\uc824\ub77c\uc0b0\uc740 \ub2e4\uc591\ud55c \ud654\uc7a5\ud488 \ubc0f \ud53c\ubd80\uacfc \uc81c\uc81c\uc5d0 \uc0ac\uc6a9\ub418\ub294 \ub2e4\uc6a9\ub3c4 \uc131\ubd84\uc785\ub2c8\ub2e4.","robots":{"index":"index","follow":"follow","max-snippet":"max-snippet:-1","max-image-preview":"max-image-preview:large","max-video-preview":"max-video-preview:-1"},"canonical":"https:\/\/naturalpoland.com\/ko\/je-pum\/hwa-jang-pum-won-ryo\/san-ryu\/ajelraksan\/","og_locale":"ko_KR","og_type":"article","og_title":"\uc544\uc824\ub77c\uc0b0 - NATURAL POLAND - Hurtowy Dystrybutor Surowc\u00f3w","og_description":"\uc544\uc824\ub77c\uc0b0\uc740 \ub2e4\uc591\ud55c \ud654\uc7a5\ud488 \ubc0f \ud53c\ubd80\uacfc \uc81c\uc81c\uc5d0 \uc0ac\uc6a9\ub418\ub294 \ub2e4\uc6a9\ub3c4 \uc131\ubd84\uc785\ub2c8\ub2e4.","og_url":"https:\/\/naturalpoland.com\/ko\/je-pum\/hwa-jang-pum-won-ryo\/san-ryu\/ajelraksan\/","og_site_name":"NATURAL POLAND - Hurtowy Dystrybutor Surowc\u00f3w","article_publisher":"https:\/\/www.facebook.com\/naturalpoland.b2b","article_modified_time":"2025-07-31T11:51:01+00:00","og_image":[{"width":650,"height":650,"url":"https:\/\/naturalpoland.com\/wp-content\/uploads\/Kwas-azelainowy.jpg","type":"image\/jpeg"}],"schema":{"@context":"https:\/\/schema.org","@graph":[{"@type":"WebPage","@id":"https:\/\/naturalpoland.com\/ko\/je-pum\/hwa-jang-pum-won-ryo\/san-ryu\/ajelraksan\/","url":"https:\/\/naturalpoland.com\/ko\/je-pum\/hwa-jang-pum-won-ryo\/san-ryu\/ajelraksan\/","name":"\uc544\uc824\ub77c\uc0b0 - NATURAL POLAND - Hurtowy Dystrybutor Surowc\u00f3w","isPartOf":{"@id":"https:\/\/naturalpoland.com\/ko\/#website"},"primaryImageOfPage":{"@id":"https:\/\/naturalpoland.com\/ko\/je-pum\/hwa-jang-pum-won-ryo\/san-ryu\/ajelraksan\/#primaryimage"},"image":{"@id":"https:\/\/naturalpoland.com\/ko\/je-pum\/hwa-jang-pum-won-ryo\/san-ryu\/ajelraksan\/#primaryimage"},"thumbnailUrl":"https:\/\/naturalpoland.com\/wp-content\/uploads\/Kwas-azelainowy.jpg","datePublished":"2021-05-21T08:52:44+00:00","dateModified":"2025-07-31T11:51:01+00:00","description":"\uc544\uc824\ub77c\uc0b0\uc740 \ub2e4\uc591\ud55c \ud654\uc7a5\ud488 \ubc0f \ud53c\ubd80\uacfc \uc81c\uc81c\uc5d0 \uc0ac\uc6a9\ub418\ub294 \ub2e4\uc6a9\ub3c4 \uc131\ubd84\uc785\ub2c8\ub2e4.","breadcrumb":{"@id":"https:\/\/naturalpoland.com\/ko\/je-pum\/hwa-jang-pum-won-ryo\/san-ryu\/ajelraksan\/#breadcrumb"},"inLanguage":"ko-KR","potentialAction":[{"@type":"ReadAction","target":["https:\/\/naturalpoland.com\/ko\/je-pum\/hwa-jang-pum-won-ryo\/san-ryu\/ajelraksan\/"]}]},{"@type":"ImageObject","inLanguage":"ko-KR","@id":"https:\/\/naturalpoland.com\/ko\/je-pum\/hwa-jang-pum-won-ryo\/san-ryu\/ajelraksan\/#primaryimage","url":"https:\/\/naturalpoland.com\/wp-content\/uploads\/Kwas-azelainowy.jpg","contentUrl":"https:\/\/naturalpoland.com\/wp-content\/uploads\/Kwas-azelainowy.jpg","width":650,"height":650,"caption":"kwas azelainowy"},{"@type":"BreadcrumbList","@id":"https:\/\/naturalpoland.com\/ko\/je-pum\/hwa-jang-pum-won-ryo\/san-ryu\/ajelraksan\/#breadcrumb","itemListElement":[{"@type":"ListItem","position":1,"name":"\ud648","item":"https:\/\/naturalpoland.com\/ko\/"},{"@type":"ListItem","position":2,"name":"\uc81c\ud488","item":"https:\/\/naturalpoland.com\/ko\/%ec%a0%9c%ed%92%88\/"},{"@type":"ListItem","position":3,"name":"\uc544\uc824\ub77c\uc0b0"}]},{"@type":"WebSite","@id":"https:\/\/naturalpoland.com\/ko\/#website","url":"https:\/\/naturalpoland.com\/ko\/","name":"NATURAL POLAND - Hurtowy Dystrybutor Surowc\u00f3w","description":"Surowce dla przemys\u0142u spo\u017cywczego, kosmetycznego i farmaceutycznego","publisher":{"@id":"https:\/\/naturalpoland.com\/ko\/#organization"},"potentialAction":[{"@type":"SearchAction","target":{"@type":"EntryPoint","urlTemplate":"https:\/\/naturalpoland.com\/ko\/?s={search_term_string}"},"query-input":{"@type":"PropertyValueSpecification","valueRequired":true,"valueName":"search_term_string"}}],"inLanguage":"ko-KR"},{"@type":"Organization","@id":"https:\/\/naturalpoland.com\/ko\/#organization","name":"Natural Poland","url":"https:\/\/naturalpoland.com\/ko\/","logo":{"@type":"ImageObject","inLanguage":"ko-KR","@id":"https:\/\/naturalpoland.com\/ko\/#\/schema\/logo\/image\/","url":"https:\/\/naturalpoland.com\/wp-content\/uploads\/2021\/05\/natural-poland-icon.png","contentUrl":"https:\/\/naturalpoland.com\/wp-content\/uploads\/2021\/05\/natural-poland-icon.png","width":512,"height":512,"caption":"Natural Poland"},"image":{"@id":"https:\/\/naturalpoland.com\/ko\/#\/schema\/logo\/image\/"},"sameAs":["https:\/\/www.facebook.com\/naturalpoland.b2b","https:\/\/pl.linkedin.com\/company\/natural-poland","https:\/\/www.youtube.com\/channel\/UCgeGGkvOMahZo-xu_MSEWxg"]}]}},"_links":{"self":[{"href":"https:\/\/naturalpoland.com\/ko\/wp-json\/wp\/v2\/product\/42348","targetHints":{"allow":["GET"]}}],"collection":[{"href":"https:\/\/naturalpoland.com\/ko\/wp-json\/wp\/v2\/product"}],"about":[{"href":"https:\/\/naturalpoland.com\/ko\/wp-json\/wp\/v2\/types\/product"}],"wp:featuredmedia":[{"embeddable":true,"href":"https:\/\/naturalpoland.com\/ko\/wp-json\/wp\/v2\/media\/42349"}],"wp:attachment":[{"href":"https:\/\/naturalpoland.com\/ko\/wp-json\/wp\/v2\/media?parent=42348"}],"wp:term":[{"taxonomy":"product_brand","embeddable":true,"href":"https:\/\/naturalpoland.com\/ko\/wp-json\/wp\/v2\/product_brand?post=42348"},{"taxonomy":"product_cat","embeddable":true,"href":"https:\/\/naturalpoland.com\/ko\/wp-json\/wp\/v2\/product_cat?post=42348"},{"taxonomy":"product_tag","embeddable":true,"href":"https:\/\/naturalpoland.com\/ko\/wp-json\/wp\/v2\/product_tag?post=42348"}],"curies":[{"name":"wp","href":"https:\/\/api.w.org\/{rel}","templated":true}]}}