{"id":42350,"date":"2024-09-09T15:29:52","date_gmt":"2024-09-09T13:29:52","guid":{"rendered":"https:\/\/naturalpoland.com\/produkty\/uncategorized\/%eb%9d%bd%ed%86%a0%eb%b0%94%ec%9d%b4%ec%98%a4%eb%8b%89%ec%82%b0\/"},"modified":"2025-07-31T13:50:48","modified_gmt":"2025-07-31T11:50:48","slug":"raktobaionik-san","status":"publish","type":"product","link":"https:\/\/naturalpoland.com\/ko\/je-pum\/hwa-jang-pum-won-ryo\/san-ryu\/raktobaionik-san\/","title":{"rendered":"\ub77d\ud1a0\ubc14\uc774\uc624\ub2c9\uc0b0"},"content":{"rendered":"<h2>\ub77d\ud1a0\ubc14\uc774\uc624\ub2c9\uc0b0\uc758 \ud2b9\uc131<\/h2>\n<p>\uc774 \uc81c\ud488\uc740 \ubb34\ud5a5\uc758 \ud770\uc0c9 \ubd84\ub9d0 \ud615\ud0dc\ub85c \uc81c\uacf5\ub429\ub2c8\ub2e4. \ucf5c\ub77c\uac90\uacfc \uc5d8\ub77c\uc2a4\ud2f4 \uc0dd\uc131\uc744 \ucd09\uc9c4\ud558\ub294 \ud2b9\uc131\uc774 \uc788\uc2b5\ub2c8\ub2e4. \ubb3c\uc744 \uacb0\ud569\ud558\ub294 \ub2a5\ub825 \ub355\ubd84\uc5d0 \uac15\ub825\ud55c \ubcf4\uc2b5 \ud2b9\uc131\uc744 \uc9c0\ub2d9\ub2c8\ub2e4.<\/p>\n<h2>\ud654\uc7a5\ud488\uc5d0\uc11c\uc758 \ud65c\uc6a9<\/h2>\n<p>\ub77d\ud1a0\ubc14\uc774\uc624\ub2c9\uc0b0\uc740 \uac74\uc131, \ubbfc\uac10\uc131, \ud64d\uc870 \ud53c\ubd80\uc6a9 \ud654\uc7a5\ud488\uc5d0 \uc0ac\uc6a9\ub429\ub2c8\ub2e4. \uc8fc\uc0ac\ube44 \ud53c\ubd80\uc6a9 \uc81c\uc81c\uc5d0\uc11c\ub3c4 \ucc3e\uc544\ubcfc \uc218 \uc788\uc2b5\ub2c8\ub2e4.<\/p>\n<p>\uadf8 \uc678 \ud65c\uc6a9\uc73c\ub85c\ub294 \uc8fc\ub984 \uac1c\uc120 \ud06c\ub9bc, \uc5fc\uc99d \uc644\ud654, \uc0c9\uc18c\uce68\ucc29 \uc644\ud654, \ubbf8\uc6a9 \uc2dc\uc220 \ud6c4 \ud53c\ubd80 \uce58\uc720 \ucd09\uc9c4 \ub4f1\uc774 \uc788\uc2b5\ub2c8\ub2e4.<\/p>\n<p>\uac00\uc815\uc6a9 \ud654\uc7a5\ud488\uc5d0\ub294 \ucd5c\ub300 10%\uc758 \ub18d\ub3c4\ub85c \uc0ac\uc6a9\ub418\uba70, \uc804\ubb38\uc801\uc778 \uc2dc\uc220\uc5d0\ub294 \ucd5c\ub300 50%\uae4c\uc9c0 \uc0ac\uc6a9\ub420 \uc218 \uc788\uc2b5\ub2c8\ub2e4.<\/p>\n<p>\ub77d\ud1a0\ubc14\uc774\uc624\ub2c9\uc0b0\uc740 \uc790\uadf9\uc744 \uac70\uc758 \uc720\ubc1c\ud558\uc9c0 \uc54a\uc73c\uba70 \uc77c\ub144 \ub0b4\ub0b4 \uc0ac\uc6a9\ud560 \uc218 \uc788\uc2b5\ub2c8\ub2e4. \uadf8\ub7ec\ub098 \uc54c\ub808\ub974\uae30 \ubc18\uc751\uc744 \ubc30\uc81c\ud558\uae30 \uc704\ud574 \ud53c\ubd80 \ud14c\uc2a4\ud2b8\ub97c \uc2e4\uc2dc\ud558\ub294 \uac83\uc774 \uc88b\uc2b5\ub2c8\ub2e4. \ub610\ud55c \uc5ec\ub984\ucca0\uc5d0\ub294 \ub77d\ud1a0\ubc14\uc774\uc624\ub2c9\uc0b0\uacfc \ud568\uaed8 \uc790\uc678\uc120 \ucc28\ub2e8 \ud654\uc7a5\ud488\uc744 \ucd94\uac00\ub85c \uc0ac\uc6a9\ud558\ub294 \uac83\uc774 \uc88b\uc2b5\ub2c8\ub2e4.<\/p>\n","protected":false},"excerpt":{"rendered":"<p>\ub77d\ud1a0\ubc14\uc774\uc624\ub2c9\uc0b0\uc740 \uc720\ub2f9 \uc0b0\ud654\ub97c \ud1b5\ud574 \uc5bb\uc5b4\uc9c0\ub294 \ud3f4\ub9ac\ud558\uc774\ub4dc\ub85d\uc2dc\uc0b0(PHA)\uc785\ub2c8\ub2e4.<\/p>\n","protected":false},"featured_media":42351,"template":"","meta":{"_acf_changed":false},"product_brand":[],"product_cat":[8151],"product_tag":[],"class_list":{"0":"post-42350","1":"product","2":"type-product","3":"status-publish","4":"has-post-thumbnail","6":"product_cat-san-ryu","8":"first","9":"instock","10":"shipping-taxable","11":"product-type-simple"},"acf":[],"yoast_head":"<!-- This site is optimized with the Yoast SEO plugin v27.5 - https:\/\/yoast.com\/product\/yoast-seo-wordpress\/ -->\n<title>\ub77d\ud1a0\ubc14\uc774\uc624\ub2c9\uc0b0 - NATURAL POLAND - Hurtowy Dystrybutor Surowc\u00f3w<\/title>\n<meta name=\"description\" content=\"\ub77d\ud1a0\ubc14\uc774\uc624\ub2c9\uc0b0\uc740 \ud53c\ubd80 \uc0c1\ud0dc\ub97c \uac1c\uc120\ud558\uace0, \uc0c9\uc18c\uce68\ucc29\uc744 \ubc1d\uac8c \ud558\uba70, \ubcf4\uc2b5\uacfc \uc7ac\uc0dd\uc744 \ub3d5\uace0, \uc548\ud2f0\uc5d0\uc774\uc9d5 \ud6a8\uacfc\uac00 \uc788\uc2b5\ub2c8\ub2e4.\" \/>\n<meta name=\"robots\" content=\"index, follow, max-snippet:-1, max-image-preview:large, max-video-preview:-1\" \/>\n<link rel=\"canonical\" href=\"https:\/\/naturalpoland.com\/ko\/je-pum\/hwa-jang-pum-won-ryo\/san-ryu\/raktobaionik-san\/\" \/>\n<meta property=\"og:locale\" content=\"ko_KR\" \/>\n<meta property=\"og:type\" content=\"article\" \/>\n<meta property=\"og:title\" content=\"\ub77d\ud1a0\ubc14\uc774\uc624\ub2c9\uc0b0 - NATURAL POLAND - Hurtowy Dystrybutor Surowc\u00f3w\" \/>\n<meta property=\"og:description\" content=\"\ub77d\ud1a0\ubc14\uc774\uc624\ub2c9\uc0b0\uc740 \ud53c\ubd80 \uc0c1\ud0dc\ub97c \uac1c\uc120\ud558\uace0, \uc0c9\uc18c\uce68\ucc29\uc744 \ubc1d\uac8c \ud558\uba70, \ubcf4\uc2b5\uacfc \uc7ac\uc0dd\uc744 \ub3d5\uace0, \uc548\ud2f0\uc5d0\uc774\uc9d5 \ud6a8\uacfc\uac00 \uc788\uc2b5\ub2c8\ub2e4.\" \/>\n<meta property=\"og:url\" content=\"https:\/\/naturalpoland.com\/ko\/je-pum\/hwa-jang-pum-won-ryo\/san-ryu\/raktobaionik-san\/\" \/>\n<meta property=\"og:site_name\" content=\"NATURAL POLAND - Hurtowy Dystrybutor Surowc\u00f3w\" \/>\n<meta property=\"article:publisher\" content=\"https:\/\/www.facebook.com\/naturalpoland.b2b\" \/>\n<meta property=\"article:modified_time\" content=\"2025-07-31T11:50:48+00:00\" \/>\n<meta property=\"og:image\" content=\"https:\/\/naturalpoland.com\/wp-content\/uploads\/kwas-laktobionowy.webp\" \/>\n\t<meta property=\"og:image:width\" content=\"618\" \/>\n\t<meta property=\"og:image:height\" content=\"618\" \/>\n\t<meta property=\"og:image:type\" content=\"image\/webp\" \/>\n<script type=\"application\/ld+json\" class=\"yoast-schema-graph\">{\"@context\":\"https:\\\/\\\/schema.org\",\"@graph\":[{\"@type\":\"WebPage\",\"@id\":\"https:\\\/\\\/naturalpoland.com\\\/ko\\\/je-pum\\\/hwa-jang-pum-won-ryo\\\/san-ryu\\\/raktobaionik-san\\\/\",\"url\":\"https:\\\/\\\/naturalpoland.com\\\/ko\\\/je-pum\\\/hwa-jang-pum-won-ryo\\\/san-ryu\\\/raktobaionik-san\\\/\",\"name\":\"\ub77d\ud1a0\ubc14\uc774\uc624\ub2c9\uc0b0 - NATURAL POLAND - Hurtowy Dystrybutor Surowc\u00f3w\",\"isPartOf\":{\"@id\":\"https:\\\/\\\/naturalpoland.com\\\/ko\\\/#website\"},\"primaryImageOfPage\":{\"@id\":\"https:\\\/\\\/naturalpoland.com\\\/ko\\\/je-pum\\\/hwa-jang-pum-won-ryo\\\/san-ryu\\\/raktobaionik-san\\\/#primaryimage\"},\"image\":{\"@id\":\"https:\\\/\\\/naturalpoland.com\\\/ko\\\/je-pum\\\/hwa-jang-pum-won-ryo\\\/san-ryu\\\/raktobaionik-san\\\/#primaryimage\"},\"thumbnailUrl\":\"https:\\\/\\\/naturalpoland.com\\\/wp-content\\\/uploads\\\/kwas-laktobionowy.webp\",\"datePublished\":\"2024-09-09T13:29:52+00:00\",\"dateModified\":\"2025-07-31T11:50:48+00:00\",\"description\":\"\ub77d\ud1a0\ubc14\uc774\uc624\ub2c9\uc0b0\uc740 \ud53c\ubd80 \uc0c1\ud0dc\ub97c \uac1c\uc120\ud558\uace0, \uc0c9\uc18c\uce68\ucc29\uc744 \ubc1d\uac8c \ud558\uba70, \ubcf4\uc2b5\uacfc \uc7ac\uc0dd\uc744 \ub3d5\uace0, \uc548\ud2f0\uc5d0\uc774\uc9d5 \ud6a8\uacfc\uac00 \uc788\uc2b5\ub2c8\ub2e4.\",\"breadcrumb\":{\"@id\":\"https:\\\/\\\/naturalpoland.com\\\/ko\\\/je-pum\\\/hwa-jang-pum-won-ryo\\\/san-ryu\\\/raktobaionik-san\\\/#breadcrumb\"},\"inLanguage\":\"ko-KR\",\"potentialAction\":[{\"@type\":\"ReadAction\",\"target\":[\"https:\\\/\\\/naturalpoland.com\\\/ko\\\/je-pum\\\/hwa-jang-pum-won-ryo\\\/san-ryu\\\/raktobaionik-san\\\/\"]}]},{\"@type\":\"ImageObject\",\"inLanguage\":\"ko-KR\",\"@id\":\"https:\\\/\\\/naturalpoland.com\\\/ko\\\/je-pum\\\/hwa-jang-pum-won-ryo\\\/san-ryu\\\/raktobaionik-san\\\/#primaryimage\",\"url\":\"https:\\\/\\\/naturalpoland.com\\\/wp-content\\\/uploads\\\/kwas-laktobionowy.webp\",\"contentUrl\":\"https:\\\/\\\/naturalpoland.com\\\/wp-content\\\/uploads\\\/kwas-laktobionowy.webp\",\"width\":618,\"height\":618,\"caption\":\"Kwas laktobionowy\"},{\"@type\":\"BreadcrumbList\",\"@id\":\"https:\\\/\\\/naturalpoland.com\\\/ko\\\/je-pum\\\/hwa-jang-pum-won-ryo\\\/san-ryu\\\/raktobaionik-san\\\/#breadcrumb\",\"itemListElement\":[{\"@type\":\"ListItem\",\"position\":1,\"name\":\"\ud648\",\"item\":\"https:\\\/\\\/naturalpoland.com\\\/ko\\\/\"},{\"@type\":\"ListItem\",\"position\":2,\"name\":\"\uc81c\ud488\",\"item\":\"https:\\\/\\\/naturalpoland.com\\\/ko\\\/%ec%a0%9c%ed%92%88\\\/\"},{\"@type\":\"ListItem\",\"position\":3,\"name\":\"\ub77d\ud1a0\ubc14\uc774\uc624\ub2c9\uc0b0\"}]},{\"@type\":\"WebSite\",\"@id\":\"https:\\\/\\\/naturalpoland.com\\\/ko\\\/#website\",\"url\":\"https:\\\/\\\/naturalpoland.com\\\/ko\\\/\",\"name\":\"NATURAL POLAND - Hurtowy Dystrybutor Surowc\u00f3w\",\"description\":\"Surowce dla przemys\u0142u spo\u017cywczego, kosmetycznego i farmaceutycznego\",\"publisher\":{\"@id\":\"https:\\\/\\\/naturalpoland.com\\\/ko\\\/#organization\"},\"potentialAction\":[{\"@type\":\"SearchAction\",\"target\":{\"@type\":\"EntryPoint\",\"urlTemplate\":\"https:\\\/\\\/naturalpoland.com\\\/ko\\\/?s={search_term_string}\"},\"query-input\":{\"@type\":\"PropertyValueSpecification\",\"valueRequired\":true,\"valueName\":\"search_term_string\"}}],\"inLanguage\":\"ko-KR\"},{\"@type\":\"Organization\",\"@id\":\"https:\\\/\\\/naturalpoland.com\\\/ko\\\/#organization\",\"name\":\"Natural Poland\",\"url\":\"https:\\\/\\\/naturalpoland.com\\\/ko\\\/\",\"logo\":{\"@type\":\"ImageObject\",\"inLanguage\":\"ko-KR\",\"@id\":\"https:\\\/\\\/naturalpoland.com\\\/ko\\\/#\\\/schema\\\/logo\\\/image\\\/\",\"url\":\"https:\\\/\\\/naturalpoland.com\\\/wp-content\\\/uploads\\\/2021\\\/05\\\/natural-poland-icon.png\",\"contentUrl\":\"https:\\\/\\\/naturalpoland.com\\\/wp-content\\\/uploads\\\/2021\\\/05\\\/natural-poland-icon.png\",\"width\":512,\"height\":512,\"caption\":\"Natural Poland\"},\"image\":{\"@id\":\"https:\\\/\\\/naturalpoland.com\\\/ko\\\/#\\\/schema\\\/logo\\\/image\\\/\"},\"sameAs\":[\"https:\\\/\\\/www.facebook.com\\\/naturalpoland.b2b\",\"https:\\\/\\\/pl.linkedin.com\\\/company\\\/natural-poland\",\"https:\\\/\\\/www.youtube.com\\\/channel\\\/UCgeGGkvOMahZo-xu_MSEWxg\"]}]}<\/script>\n<!-- \/ Yoast SEO plugin. -->","yoast_head_json":{"title":"\ub77d\ud1a0\ubc14\uc774\uc624\ub2c9\uc0b0 - NATURAL POLAND - Hurtowy Dystrybutor Surowc\u00f3w","description":"\ub77d\ud1a0\ubc14\uc774\uc624\ub2c9\uc0b0\uc740 \ud53c\ubd80 \uc0c1\ud0dc\ub97c \uac1c\uc120\ud558\uace0, \uc0c9\uc18c\uce68\ucc29\uc744 \ubc1d\uac8c \ud558\uba70, \ubcf4\uc2b5\uacfc \uc7ac\uc0dd\uc744 \ub3d5\uace0, \uc548\ud2f0\uc5d0\uc774\uc9d5 \ud6a8\uacfc\uac00 \uc788\uc2b5\ub2c8\ub2e4.","robots":{"index":"index","follow":"follow","max-snippet":"max-snippet:-1","max-image-preview":"max-image-preview:large","max-video-preview":"max-video-preview:-1"},"canonical":"https:\/\/naturalpoland.com\/ko\/je-pum\/hwa-jang-pum-won-ryo\/san-ryu\/raktobaionik-san\/","og_locale":"ko_KR","og_type":"article","og_title":"\ub77d\ud1a0\ubc14\uc774\uc624\ub2c9\uc0b0 - NATURAL POLAND - Hurtowy Dystrybutor Surowc\u00f3w","og_description":"\ub77d\ud1a0\ubc14\uc774\uc624\ub2c9\uc0b0\uc740 \ud53c\ubd80 \uc0c1\ud0dc\ub97c \uac1c\uc120\ud558\uace0, \uc0c9\uc18c\uce68\ucc29\uc744 \ubc1d\uac8c \ud558\uba70, \ubcf4\uc2b5\uacfc \uc7ac\uc0dd\uc744 \ub3d5\uace0, \uc548\ud2f0\uc5d0\uc774\uc9d5 \ud6a8\uacfc\uac00 \uc788\uc2b5\ub2c8\ub2e4.","og_url":"https:\/\/naturalpoland.com\/ko\/je-pum\/hwa-jang-pum-won-ryo\/san-ryu\/raktobaionik-san\/","og_site_name":"NATURAL POLAND - Hurtowy Dystrybutor Surowc\u00f3w","article_publisher":"https:\/\/www.facebook.com\/naturalpoland.b2b","article_modified_time":"2025-07-31T11:50:48+00:00","og_image":[{"width":618,"height":618,"url":"https:\/\/naturalpoland.com\/wp-content\/uploads\/kwas-laktobionowy.webp","type":"image\/webp"}],"schema":{"@context":"https:\/\/schema.org","@graph":[{"@type":"WebPage","@id":"https:\/\/naturalpoland.com\/ko\/je-pum\/hwa-jang-pum-won-ryo\/san-ryu\/raktobaionik-san\/","url":"https:\/\/naturalpoland.com\/ko\/je-pum\/hwa-jang-pum-won-ryo\/san-ryu\/raktobaionik-san\/","name":"\ub77d\ud1a0\ubc14\uc774\uc624\ub2c9\uc0b0 - NATURAL POLAND - Hurtowy Dystrybutor Surowc\u00f3w","isPartOf":{"@id":"https:\/\/naturalpoland.com\/ko\/#website"},"primaryImageOfPage":{"@id":"https:\/\/naturalpoland.com\/ko\/je-pum\/hwa-jang-pum-won-ryo\/san-ryu\/raktobaionik-san\/#primaryimage"},"image":{"@id":"https:\/\/naturalpoland.com\/ko\/je-pum\/hwa-jang-pum-won-ryo\/san-ryu\/raktobaionik-san\/#primaryimage"},"thumbnailUrl":"https:\/\/naturalpoland.com\/wp-content\/uploads\/kwas-laktobionowy.webp","datePublished":"2024-09-09T13:29:52+00:00","dateModified":"2025-07-31T11:50:48+00:00","description":"\ub77d\ud1a0\ubc14\uc774\uc624\ub2c9\uc0b0\uc740 \ud53c\ubd80 \uc0c1\ud0dc\ub97c \uac1c\uc120\ud558\uace0, \uc0c9\uc18c\uce68\ucc29\uc744 \ubc1d\uac8c \ud558\uba70, \ubcf4\uc2b5\uacfc \uc7ac\uc0dd\uc744 \ub3d5\uace0, \uc548\ud2f0\uc5d0\uc774\uc9d5 \ud6a8\uacfc\uac00 \uc788\uc2b5\ub2c8\ub2e4.","breadcrumb":{"@id":"https:\/\/naturalpoland.com\/ko\/je-pum\/hwa-jang-pum-won-ryo\/san-ryu\/raktobaionik-san\/#breadcrumb"},"inLanguage":"ko-KR","potentialAction":[{"@type":"ReadAction","target":["https:\/\/naturalpoland.com\/ko\/je-pum\/hwa-jang-pum-won-ryo\/san-ryu\/raktobaionik-san\/"]}]},{"@type":"ImageObject","inLanguage":"ko-KR","@id":"https:\/\/naturalpoland.com\/ko\/je-pum\/hwa-jang-pum-won-ryo\/san-ryu\/raktobaionik-san\/#primaryimage","url":"https:\/\/naturalpoland.com\/wp-content\/uploads\/kwas-laktobionowy.webp","contentUrl":"https:\/\/naturalpoland.com\/wp-content\/uploads\/kwas-laktobionowy.webp","width":618,"height":618,"caption":"Kwas laktobionowy"},{"@type":"BreadcrumbList","@id":"https:\/\/naturalpoland.com\/ko\/je-pum\/hwa-jang-pum-won-ryo\/san-ryu\/raktobaionik-san\/#breadcrumb","itemListElement":[{"@type":"ListItem","position":1,"name":"\ud648","item":"https:\/\/naturalpoland.com\/ko\/"},{"@type":"ListItem","position":2,"name":"\uc81c\ud488","item":"https:\/\/naturalpoland.com\/ko\/%ec%a0%9c%ed%92%88\/"},{"@type":"ListItem","position":3,"name":"\ub77d\ud1a0\ubc14\uc774\uc624\ub2c9\uc0b0"}]},{"@type":"WebSite","@id":"https:\/\/naturalpoland.com\/ko\/#website","url":"https:\/\/naturalpoland.com\/ko\/","name":"NATURAL POLAND - Hurtowy Dystrybutor Surowc\u00f3w","description":"Surowce dla przemys\u0142u spo\u017cywczego, kosmetycznego i farmaceutycznego","publisher":{"@id":"https:\/\/naturalpoland.com\/ko\/#organization"},"potentialAction":[{"@type":"SearchAction","target":{"@type":"EntryPoint","urlTemplate":"https:\/\/naturalpoland.com\/ko\/?s={search_term_string}"},"query-input":{"@type":"PropertyValueSpecification","valueRequired":true,"valueName":"search_term_string"}}],"inLanguage":"ko-KR"},{"@type":"Organization","@id":"https:\/\/naturalpoland.com\/ko\/#organization","name":"Natural Poland","url":"https:\/\/naturalpoland.com\/ko\/","logo":{"@type":"ImageObject","inLanguage":"ko-KR","@id":"https:\/\/naturalpoland.com\/ko\/#\/schema\/logo\/image\/","url":"https:\/\/naturalpoland.com\/wp-content\/uploads\/2021\/05\/natural-poland-icon.png","contentUrl":"https:\/\/naturalpoland.com\/wp-content\/uploads\/2021\/05\/natural-poland-icon.png","width":512,"height":512,"caption":"Natural Poland"},"image":{"@id":"https:\/\/naturalpoland.com\/ko\/#\/schema\/logo\/image\/"},"sameAs":["https:\/\/www.facebook.com\/naturalpoland.b2b","https:\/\/pl.linkedin.com\/company\/natural-poland","https:\/\/www.youtube.com\/channel\/UCgeGGkvOMahZo-xu_MSEWxg"]}]}},"_links":{"self":[{"href":"https:\/\/naturalpoland.com\/ko\/wp-json\/wp\/v2\/product\/42350","targetHints":{"allow":["GET"]}}],"collection":[{"href":"https:\/\/naturalpoland.com\/ko\/wp-json\/wp\/v2\/product"}],"about":[{"href":"https:\/\/naturalpoland.com\/ko\/wp-json\/wp\/v2\/types\/product"}],"wp:featuredmedia":[{"embeddable":true,"href":"https:\/\/naturalpoland.com\/ko\/wp-json\/wp\/v2\/media\/42351"}],"wp:attachment":[{"href":"https:\/\/naturalpoland.com\/ko\/wp-json\/wp\/v2\/media?parent=42350"}],"wp:term":[{"taxonomy":"product_brand","embeddable":true,"href":"https:\/\/naturalpoland.com\/ko\/wp-json\/wp\/v2\/product_brand?post=42350"},{"taxonomy":"product_cat","embeddable":true,"href":"https:\/\/naturalpoland.com\/ko\/wp-json\/wp\/v2\/product_cat?post=42350"},{"taxonomy":"product_tag","embeddable":true,"href":"https:\/\/naturalpoland.com\/ko\/wp-json\/wp\/v2\/product_tag?post=42350"}],"curies":[{"name":"wp","href":"https:\/\/api.w.org\/{rel}","templated":true}]}}