{"id":42352,"date":"2025-04-15T11:22:27","date_gmt":"2025-04-15T09:22:27","guid":{"rendered":"https:\/\/naturalpoland.com\/produkty\/uncategorized\/%ed%98%b8%eb%b0%95%ec%82%b0\/"},"modified":"2025-07-31T13:52:38","modified_gmt":"2025-07-31T11:52:38","slug":"hobak-san","status":"publish","type":"product","link":"https:\/\/naturalpoland.com\/ko\/je-pum\/hwa-jang-pum-won-ryo\/san-ryu\/hobak-san\/","title":{"rendered":"\ud638\ubc15\uc0b0"},"content":{"rendered":"<p class=\"\" data-start=\"0\" data-end=\"319\"><strong data-start=\"53\" data-end=\"92\">\ud638\ubc15\uc0b0<\/strong>\uc758 \uac00\uc7a5 \uc77c\ubc18\uc801\uc774\uace0 \ud45c\uc900\uc801\uc778 \uc6a9\ub3c4\ub294 \uc2dd\uc774 \ubcf4\ucda9\uc81c\uc5d0\uc11c <strong data-start=\"122\" data-end=\"138\">pH \uc870\uc808\uc81c<\/strong> \ubc0f <strong data-start=\"141\" data-end=\"185\">\uc138\ud3ec \ub300\uc0ac \ucd09\uc9c4\uc81c<\/strong>\ub85c, \uadf8\ub9ac\uace0 \ubb38\uc81c\uc131 \ud53c\ubd80\uc6a9 \ud654\uc7a5\ud488\uc5d0\uc11c <strong data-start=\"212\" data-end=\"279\">\ud56d\uc5fc \ubc0f \ud56d\uade0 \ud65c\uc131 \uc131\ubd84<\/strong>\uc73c\ub85c \uc0ac\uc6a9\ub418\ub294 \uac83\uc785\ub2c8\ub2e4.<\/p>\n<p class=\"\" data-start=\"321\" data-end=\"332\">\uc2e4\uc81c \uc801\uc6a9:<\/p>\n<ul data-start=\"334\" data-end=\"866\">\n<li class=\"\" data-start=\"334\" data-end=\"505\">\n<p class=\"\" data-start=\"336\" data-end=\"505\"><strong data-start=\"338\" data-end=\"360\">\uc2dd\uc774 \ubcf4\ucda9\uc81c<\/strong>\uc5d0\uc11c \ud06c\ub819\uc2a4 \ud68c\ub85c\ub97c \uc9c0\uc6d0\ud558\uace0 \uc138\ud3ec \ub0b4 \uc0b0\uc18c \ubc0f \uc5d0\ub108\uc9c0 \ud65c\uc6a9\uc744 \uac1c\uc120\ud558\uc5ec \ud65c\ub825 \uc99d\uc9c4\uacfc \uc0b0\ud654 \uc2a4\ud2b8\ub808\uc2a4\uc5d0 \ub300\ud55c \uc800\ud56d\ub825 \ud5a5\uc0c1\uc73c\ub85c \uc774\uc5b4\uc9d1\ub2c8\ub2e4.<\/p>\n<\/li>\n<li class=\"\" data-start=\"506\" data-end=\"718\">\n<p class=\"\" data-start=\"508\" data-end=\"718\"><strong data-start=\"510\" data-end=\"525\">\ud654\uc7a5\ud488<\/strong>, \ud2b9\ud788 \uc5ec\ub4dc\ub984\uc131, \uc9c0\uc131 \ub610\ub294 \uc131\uc219 \ud53c\ubd80\uc6a9\uc73c\ub85c, \uc5fc\uc99d\uc744 \uc904\uc774\ub294 \ub370 \ub3c4\uc6c0\uc744 \uc8fc\uace0 \ud53c\ubd80 \uc7ac\uc0dd\uc744 \ub3d5\uace0 \uac01\uc9c8 \uc81c\uac70 \ud6a8\uacfc\uac00 \uc788\uc5b4 \ud53c\ubd80 \uad6c\uc870\uc640 \ud1a4\uc744 \uac1c\uc120\ud569\ub2c8\ub2e4.<\/p>\n<\/li>\n<li class=\"\" data-start=\"719\" data-end=\"866\">\n<p class=\"\" data-start=\"721\" data-end=\"866\">\ub610\ud55c <strong data-start=\"730\" data-end=\"778\">\uc21c\ud55c \ubc29\ubd80\uc81c \ubc0f \uc644\ucda9\uc81c<\/strong>\uc774\ubbc0\ub85c \uc81c\ud615\uc758 \ub0b4\uad6c\uc131\uacfc \uc548\uc815\uc131\uc744 \uc9c0\uc6d0\ud558\ub294 \uc131\ubd84\uc73c\ub85c \uc790\uc8fc \uc0ac\uc6a9\ub429\ub2c8\ub2e4.<\/p>\n<\/li>\n<\/ul>\n","protected":false},"excerpt":{"rendered":"<p><strong data-start=\"0\" data-end=\"36\">\ud638\ubc15\uc0b0 <\/strong>(<em>Succinic acid<\/em>)\uc740 \ub514\uce74\ub974\ubcf5\uc2e4\uc0b0 \uadf8\ub8f9\uc5d0 \uc18d\ud558\ub294 \uc720\uae30 \ud654\ud569\ubb3c\ub85c, \ud06c\ub819\uc2a4 \ud68c\ub85c\uc758 \uad6c\uc131 \uc694\uc18c\ub85c \uc0dd\uccb4 \ub0b4\uc5d0 \uc790\uc5f0\uc801\uc73c\ub85c \uc874\uc7ac\ud569\ub2c8\ub2e4. \uace0\uc21c\ub3c4\uc758 \ubc31\uc0c9 \uacb0\uc815\uc131 \ubd84\ub9d0\uc774\uba70, \ubb3c\uc5d0 \uc798 \ub179\uace0 \ubb34\ub3c5\uc131\uc774\uba70 \uc0ac\uc6a9\ud558\uae30\uc5d0 \uc548\uc804\ud569\ub2c8\ub2e4.<\/p>\n","protected":false},"featured_media":42353,"template":"","meta":{"_acf_changed":false},"product_brand":[],"product_cat":[8151,8143],"product_tag":[],"class_list":{"0":"post-42352","1":"product","2":"type-product","3":"status-publish","4":"has-post-thumbnail","6":"product_cat-san-ryu","7":"product_cat-geon-gang-gi-neung-sig-pum-cheom-ga-mul","9":"first","10":"instock","11":"shipping-taxable","12":"product-type-simple"},"acf":[],"yoast_head":"<!-- This site is optimized with the Yoast SEO plugin v27.5 - https:\/\/yoast.com\/product\/yoast-seo-wordpress\/ -->\n<title>\ud638\ubc15\uc0b0 - Hurtowy Dystrybutor<\/title>\n<meta name=\"description\" content=\"\ud638\ubc15\uc0b0\uc740 \uc2dd\uc774 \ubcf4\ucda9\uc81c, \uc758\uc57d\ud488 \ubc0f \ud654\uc7a5\ud488 \uc0b0\uc5c5\uc5d0\uc11c \ub110\ub9ac \uc0ac\uc6a9\ub418\ub294 \uace0\uc21c\ub3c4 \ubc31\uc0c9 \ubd84\ub9d0\uc785\ub2c8\ub2e4.\" \/>\n<meta name=\"robots\" content=\"index, follow, max-snippet:-1, max-image-preview:large, max-video-preview:-1\" \/>\n<link rel=\"canonical\" href=\"https:\/\/naturalpoland.com\/ko\/je-pum\/hwa-jang-pum-won-ryo\/san-ryu\/hobak-san\/\" \/>\n<meta property=\"og:locale\" content=\"ko_KR\" \/>\n<meta property=\"og:type\" content=\"article\" \/>\n<meta property=\"og:title\" content=\"\ud638\ubc15\uc0b0 - Hurtowy Dystrybutor\" \/>\n<meta property=\"og:description\" content=\"\ud638\ubc15\uc0b0\uc740 \uc2dd\uc774 \ubcf4\ucda9\uc81c, \uc758\uc57d\ud488 \ubc0f \ud654\uc7a5\ud488 \uc0b0\uc5c5\uc5d0\uc11c \ub110\ub9ac \uc0ac\uc6a9\ub418\ub294 \uace0\uc21c\ub3c4 \ubc31\uc0c9 \ubd84\ub9d0\uc785\ub2c8\ub2e4.\" \/>\n<meta property=\"og:url\" content=\"https:\/\/naturalpoland.com\/ko\/je-pum\/hwa-jang-pum-won-ryo\/san-ryu\/hobak-san\/\" \/>\n<meta property=\"og:site_name\" content=\"NATURAL POLAND - Hurtowy Dystrybutor Surowc\u00f3w\" \/>\n<meta property=\"article:publisher\" content=\"https:\/\/www.facebook.com\/naturalpoland.b2b\" \/>\n<meta property=\"article:modified_time\" content=\"2025-07-31T11:52:38+00:00\" \/>\n<meta property=\"og:image\" content=\"https:\/\/naturalpoland.com\/wp-content\/uploads\/kwas-bursztynowy.webp\" \/>\n\t<meta property=\"og:image:width\" content=\"1024\" \/>\n\t<meta property=\"og:image:height\" content=\"1024\" \/>\n\t<meta property=\"og:image:type\" content=\"image\/webp\" \/>\n<script type=\"application\/ld+json\" class=\"yoast-schema-graph\">{\"@context\":\"https:\\\/\\\/schema.org\",\"@graph\":[{\"@type\":\"WebPage\",\"@id\":\"https:\\\/\\\/naturalpoland.com\\\/ko\\\/je-pum\\\/hwa-jang-pum-won-ryo\\\/san-ryu\\\/hobak-san\\\/\",\"url\":\"https:\\\/\\\/naturalpoland.com\\\/ko\\\/je-pum\\\/hwa-jang-pum-won-ryo\\\/san-ryu\\\/hobak-san\\\/\",\"name\":\"\ud638\ubc15\uc0b0 - Hurtowy Dystrybutor\",\"isPartOf\":{\"@id\":\"https:\\\/\\\/naturalpoland.com\\\/ko\\\/#website\"},\"primaryImageOfPage\":{\"@id\":\"https:\\\/\\\/naturalpoland.com\\\/ko\\\/je-pum\\\/hwa-jang-pum-won-ryo\\\/san-ryu\\\/hobak-san\\\/#primaryimage\"},\"image\":{\"@id\":\"https:\\\/\\\/naturalpoland.com\\\/ko\\\/je-pum\\\/hwa-jang-pum-won-ryo\\\/san-ryu\\\/hobak-san\\\/#primaryimage\"},\"thumbnailUrl\":\"https:\\\/\\\/naturalpoland.com\\\/wp-content\\\/uploads\\\/kwas-bursztynowy.webp\",\"datePublished\":\"2025-04-15T09:22:27+00:00\",\"dateModified\":\"2025-07-31T11:52:38+00:00\",\"description\":\"\ud638\ubc15\uc0b0\uc740 \uc2dd\uc774 \ubcf4\ucda9\uc81c, \uc758\uc57d\ud488 \ubc0f \ud654\uc7a5\ud488 \uc0b0\uc5c5\uc5d0\uc11c \ub110\ub9ac \uc0ac\uc6a9\ub418\ub294 \uace0\uc21c\ub3c4 \ubc31\uc0c9 \ubd84\ub9d0\uc785\ub2c8\ub2e4.\",\"breadcrumb\":{\"@id\":\"https:\\\/\\\/naturalpoland.com\\\/ko\\\/je-pum\\\/hwa-jang-pum-won-ryo\\\/san-ryu\\\/hobak-san\\\/#breadcrumb\"},\"inLanguage\":\"ko-KR\",\"potentialAction\":[{\"@type\":\"ReadAction\",\"target\":[\"https:\\\/\\\/naturalpoland.com\\\/ko\\\/je-pum\\\/hwa-jang-pum-won-ryo\\\/san-ryu\\\/hobak-san\\\/\"]}]},{\"@type\":\"ImageObject\",\"inLanguage\":\"ko-KR\",\"@id\":\"https:\\\/\\\/naturalpoland.com\\\/ko\\\/je-pum\\\/hwa-jang-pum-won-ryo\\\/san-ryu\\\/hobak-san\\\/#primaryimage\",\"url\":\"https:\\\/\\\/naturalpoland.com\\\/wp-content\\\/uploads\\\/kwas-bursztynowy.webp\",\"contentUrl\":\"https:\\\/\\\/naturalpoland.com\\\/wp-content\\\/uploads\\\/kwas-bursztynowy.webp\",\"width\":1024,\"height\":1024,\"caption\":\"kwas bursztynowy\"},{\"@type\":\"BreadcrumbList\",\"@id\":\"https:\\\/\\\/naturalpoland.com\\\/ko\\\/je-pum\\\/hwa-jang-pum-won-ryo\\\/san-ryu\\\/hobak-san\\\/#breadcrumb\",\"itemListElement\":[{\"@type\":\"ListItem\",\"position\":1,\"name\":\"\ud648\",\"item\":\"https:\\\/\\\/naturalpoland.com\\\/ko\\\/\"},{\"@type\":\"ListItem\",\"position\":2,\"name\":\"\uc81c\ud488\",\"item\":\"https:\\\/\\\/naturalpoland.com\\\/ko\\\/%ec%a0%9c%ed%92%88\\\/\"},{\"@type\":\"ListItem\",\"position\":3,\"name\":\"\ud638\ubc15\uc0b0\"}]},{\"@type\":\"WebSite\",\"@id\":\"https:\\\/\\\/naturalpoland.com\\\/ko\\\/#website\",\"url\":\"https:\\\/\\\/naturalpoland.com\\\/ko\\\/\",\"name\":\"NATURAL POLAND - Hurtowy Dystrybutor Surowc\u00f3w\",\"description\":\"Surowce dla przemys\u0142u spo\u017cywczego, kosmetycznego i farmaceutycznego\",\"publisher\":{\"@id\":\"https:\\\/\\\/naturalpoland.com\\\/ko\\\/#organization\"},\"potentialAction\":[{\"@type\":\"SearchAction\",\"target\":{\"@type\":\"EntryPoint\",\"urlTemplate\":\"https:\\\/\\\/naturalpoland.com\\\/ko\\\/?s={search_term_string}\"},\"query-input\":{\"@type\":\"PropertyValueSpecification\",\"valueRequired\":true,\"valueName\":\"search_term_string\"}}],\"inLanguage\":\"ko-KR\"},{\"@type\":\"Organization\",\"@id\":\"https:\\\/\\\/naturalpoland.com\\\/ko\\\/#organization\",\"name\":\"Natural Poland\",\"url\":\"https:\\\/\\\/naturalpoland.com\\\/ko\\\/\",\"logo\":{\"@type\":\"ImageObject\",\"inLanguage\":\"ko-KR\",\"@id\":\"https:\\\/\\\/naturalpoland.com\\\/ko\\\/#\\\/schema\\\/logo\\\/image\\\/\",\"url\":\"https:\\\/\\\/naturalpoland.com\\\/wp-content\\\/uploads\\\/2021\\\/05\\\/natural-poland-icon.png\",\"contentUrl\":\"https:\\\/\\\/naturalpoland.com\\\/wp-content\\\/uploads\\\/2021\\\/05\\\/natural-poland-icon.png\",\"width\":512,\"height\":512,\"caption\":\"Natural Poland\"},\"image\":{\"@id\":\"https:\\\/\\\/naturalpoland.com\\\/ko\\\/#\\\/schema\\\/logo\\\/image\\\/\"},\"sameAs\":[\"https:\\\/\\\/www.facebook.com\\\/naturalpoland.b2b\",\"https:\\\/\\\/pl.linkedin.com\\\/company\\\/natural-poland\",\"https:\\\/\\\/www.youtube.com\\\/channel\\\/UCgeGGkvOMahZo-xu_MSEWxg\"]}]}<\/script>\n<!-- \/ Yoast SEO plugin. -->","yoast_head_json":{"title":"\ud638\ubc15\uc0b0 - Hurtowy Dystrybutor","description":"\ud638\ubc15\uc0b0\uc740 \uc2dd\uc774 \ubcf4\ucda9\uc81c, \uc758\uc57d\ud488 \ubc0f \ud654\uc7a5\ud488 \uc0b0\uc5c5\uc5d0\uc11c \ub110\ub9ac \uc0ac\uc6a9\ub418\ub294 \uace0\uc21c\ub3c4 \ubc31\uc0c9 \ubd84\ub9d0\uc785\ub2c8\ub2e4.","robots":{"index":"index","follow":"follow","max-snippet":"max-snippet:-1","max-image-preview":"max-image-preview:large","max-video-preview":"max-video-preview:-1"},"canonical":"https:\/\/naturalpoland.com\/ko\/je-pum\/hwa-jang-pum-won-ryo\/san-ryu\/hobak-san\/","og_locale":"ko_KR","og_type":"article","og_title":"\ud638\ubc15\uc0b0 - Hurtowy Dystrybutor","og_description":"\ud638\ubc15\uc0b0\uc740 \uc2dd\uc774 \ubcf4\ucda9\uc81c, \uc758\uc57d\ud488 \ubc0f \ud654\uc7a5\ud488 \uc0b0\uc5c5\uc5d0\uc11c \ub110\ub9ac \uc0ac\uc6a9\ub418\ub294 \uace0\uc21c\ub3c4 \ubc31\uc0c9 \ubd84\ub9d0\uc785\ub2c8\ub2e4.","og_url":"https:\/\/naturalpoland.com\/ko\/je-pum\/hwa-jang-pum-won-ryo\/san-ryu\/hobak-san\/","og_site_name":"NATURAL POLAND - Hurtowy Dystrybutor Surowc\u00f3w","article_publisher":"https:\/\/www.facebook.com\/naturalpoland.b2b","article_modified_time":"2025-07-31T11:52:38+00:00","og_image":[{"width":1024,"height":1024,"url":"https:\/\/naturalpoland.com\/wp-content\/uploads\/kwas-bursztynowy.webp","type":"image\/webp"}],"schema":{"@context":"https:\/\/schema.org","@graph":[{"@type":"WebPage","@id":"https:\/\/naturalpoland.com\/ko\/je-pum\/hwa-jang-pum-won-ryo\/san-ryu\/hobak-san\/","url":"https:\/\/naturalpoland.com\/ko\/je-pum\/hwa-jang-pum-won-ryo\/san-ryu\/hobak-san\/","name":"\ud638\ubc15\uc0b0 - Hurtowy Dystrybutor","isPartOf":{"@id":"https:\/\/naturalpoland.com\/ko\/#website"},"primaryImageOfPage":{"@id":"https:\/\/naturalpoland.com\/ko\/je-pum\/hwa-jang-pum-won-ryo\/san-ryu\/hobak-san\/#primaryimage"},"image":{"@id":"https:\/\/naturalpoland.com\/ko\/je-pum\/hwa-jang-pum-won-ryo\/san-ryu\/hobak-san\/#primaryimage"},"thumbnailUrl":"https:\/\/naturalpoland.com\/wp-content\/uploads\/kwas-bursztynowy.webp","datePublished":"2025-04-15T09:22:27+00:00","dateModified":"2025-07-31T11:52:38+00:00","description":"\ud638\ubc15\uc0b0\uc740 \uc2dd\uc774 \ubcf4\ucda9\uc81c, \uc758\uc57d\ud488 \ubc0f \ud654\uc7a5\ud488 \uc0b0\uc5c5\uc5d0\uc11c \ub110\ub9ac \uc0ac\uc6a9\ub418\ub294 \uace0\uc21c\ub3c4 \ubc31\uc0c9 \ubd84\ub9d0\uc785\ub2c8\ub2e4.","breadcrumb":{"@id":"https:\/\/naturalpoland.com\/ko\/je-pum\/hwa-jang-pum-won-ryo\/san-ryu\/hobak-san\/#breadcrumb"},"inLanguage":"ko-KR","potentialAction":[{"@type":"ReadAction","target":["https:\/\/naturalpoland.com\/ko\/je-pum\/hwa-jang-pum-won-ryo\/san-ryu\/hobak-san\/"]}]},{"@type":"ImageObject","inLanguage":"ko-KR","@id":"https:\/\/naturalpoland.com\/ko\/je-pum\/hwa-jang-pum-won-ryo\/san-ryu\/hobak-san\/#primaryimage","url":"https:\/\/naturalpoland.com\/wp-content\/uploads\/kwas-bursztynowy.webp","contentUrl":"https:\/\/naturalpoland.com\/wp-content\/uploads\/kwas-bursztynowy.webp","width":1024,"height":1024,"caption":"kwas bursztynowy"},{"@type":"BreadcrumbList","@id":"https:\/\/naturalpoland.com\/ko\/je-pum\/hwa-jang-pum-won-ryo\/san-ryu\/hobak-san\/#breadcrumb","itemListElement":[{"@type":"ListItem","position":1,"name":"\ud648","item":"https:\/\/naturalpoland.com\/ko\/"},{"@type":"ListItem","position":2,"name":"\uc81c\ud488","item":"https:\/\/naturalpoland.com\/ko\/%ec%a0%9c%ed%92%88\/"},{"@type":"ListItem","position":3,"name":"\ud638\ubc15\uc0b0"}]},{"@type":"WebSite","@id":"https:\/\/naturalpoland.com\/ko\/#website","url":"https:\/\/naturalpoland.com\/ko\/","name":"NATURAL POLAND - Hurtowy Dystrybutor Surowc\u00f3w","description":"Surowce dla przemys\u0142u spo\u017cywczego, kosmetycznego i farmaceutycznego","publisher":{"@id":"https:\/\/naturalpoland.com\/ko\/#organization"},"potentialAction":[{"@type":"SearchAction","target":{"@type":"EntryPoint","urlTemplate":"https:\/\/naturalpoland.com\/ko\/?s={search_term_string}"},"query-input":{"@type":"PropertyValueSpecification","valueRequired":true,"valueName":"search_term_string"}}],"inLanguage":"ko-KR"},{"@type":"Organization","@id":"https:\/\/naturalpoland.com\/ko\/#organization","name":"Natural Poland","url":"https:\/\/naturalpoland.com\/ko\/","logo":{"@type":"ImageObject","inLanguage":"ko-KR","@id":"https:\/\/naturalpoland.com\/ko\/#\/schema\/logo\/image\/","url":"https:\/\/naturalpoland.com\/wp-content\/uploads\/2021\/05\/natural-poland-icon.png","contentUrl":"https:\/\/naturalpoland.com\/wp-content\/uploads\/2021\/05\/natural-poland-icon.png","width":512,"height":512,"caption":"Natural Poland"},"image":{"@id":"https:\/\/naturalpoland.com\/ko\/#\/schema\/logo\/image\/"},"sameAs":["https:\/\/www.facebook.com\/naturalpoland.b2b","https:\/\/pl.linkedin.com\/company\/natural-poland","https:\/\/www.youtube.com\/channel\/UCgeGGkvOMahZo-xu_MSEWxg"]}]}},"_links":{"self":[{"href":"https:\/\/naturalpoland.com\/ko\/wp-json\/wp\/v2\/product\/42352","targetHints":{"allow":["GET"]}}],"collection":[{"href":"https:\/\/naturalpoland.com\/ko\/wp-json\/wp\/v2\/product"}],"about":[{"href":"https:\/\/naturalpoland.com\/ko\/wp-json\/wp\/v2\/types\/product"}],"wp:featuredmedia":[{"embeddable":true,"href":"https:\/\/naturalpoland.com\/ko\/wp-json\/wp\/v2\/media\/42353"}],"wp:attachment":[{"href":"https:\/\/naturalpoland.com\/ko\/wp-json\/wp\/v2\/media?parent=42352"}],"wp:term":[{"taxonomy":"product_brand","embeddable":true,"href":"https:\/\/naturalpoland.com\/ko\/wp-json\/wp\/v2\/product_brand?post=42352"},{"taxonomy":"product_cat","embeddable":true,"href":"https:\/\/naturalpoland.com\/ko\/wp-json\/wp\/v2\/product_cat?post=42352"},{"taxonomy":"product_tag","embeddable":true,"href":"https:\/\/naturalpoland.com\/ko\/wp-json\/wp\/v2\/product_tag?post=42352"}],"curies":[{"name":"wp","href":"https:\/\/api.w.org\/{rel}","templated":true}]}}