{"id":42354,"date":"2024-09-09T16:09:46","date_gmt":"2024-09-09T14:09:46","guid":{"rendered":"https:\/\/naturalpoland.com\/produkty\/uncategorized\/%ed%94%bc%eb%a3%a8%eb%b8%8c%ec%82%b0\/"},"modified":"2025-07-31T13:51:43","modified_gmt":"2025-07-31T11:51:43","slug":"pirubeu-san","status":"publish","type":"product","link":"https:\/\/naturalpoland.com\/ko\/je-pum\/hwa-jang-pum-won-ryo\/san-ryu\/pirubeu-san\/","title":{"rendered":"\ud53c\ub8e8\ube0c\uc0b0"},"content":{"rendered":"<p>\ud53c\ub8e8\ube0c\uc0b0\uc740 \uc0ac\uacfc, \uafc0, \uc2dd\ucd08\uc640 \uac19\uc740 \ub9ce\uc740 \uc2dd\ud488\ubfd0\ub9cc \uc544\ub2c8\ub77c \ubc1c\ud6a8 \uacfc\uc77c, \ub2e4\ud06c \uc640\uc778, \ub9e5\uc8fc\uc5d0\ub3c4 \uc790\uc5f0\uc801\uc73c\ub85c \uc874\uc7ac\ud569\ub2c8\ub2e4. \uc0b4\uc544\uc788\ub294 \uc720\uae30\uccb4\uc5d0\uc11c \ud53c\ub8e8\ube0c\uc0b0\uc740 \uae00\ub9ac\ucf5c\ub9ac\uc2dc\uc2a4 \uacfc\uc815(\ud3ec\ub3c4\ub2f9\uc744 \uc5d0\ub108\uc9c0\ub85c \uc804\ud658\ud558\ub294 \uacfc\uc815)\uc758 \ud575\uc2ec \ub300\uc0ac \uc0b0\ubb3c\uc774\uba70, \ud0c4\uc218\ud654\ubb3c\uc758 \uc54c\ucf54\uc62c \ubc1c\ud6a8\uc5d0\uc11c \uc911\uac04 \ub2e8\uacc4\ub97c \ud615\uc131\ud569\ub2c8\ub2e4.<\/p>\n<h2>\ud53c\ub8e8\ube0c\uc0b0\uc758 \ud2b9\uc131<\/h2>\n<p>\ud53c\ub8e8\ube0c\uc0b0\uc740 \ubd84\uc790 \ud06c\uae30\uac00 \uc791\uc544 \ud53c\ubd80\uc5d0 \uae4a\uc774 \uce68\ud22c\ud560 \uc218 \uc788\uc2b5\ub2c8\ub2e4. \uce74\ub974\ubcf5\uc2e4\uae30\uc640 \uce74\ub974\ubcf4\ub2d0\uae30\ub97c \ubaa8\ub450 \uac00\uc9c0\uace0 \uc788\uc5b4 \uc816\uc0b0\uacfc \uac19\uc740 \ub2e4\ub978 \uc0b0\ubcf4\ub2e4 \uac15\ub825\ud569\ub2c8\ub2e4. 50% \uc774\uc0c1\uc758 \ub18d\ub3c4\uc5d0\uc11c\ub294 \ud53c\ubd80\uc5d0 \ube60\ub974\uace0 \uae4a\uc774 \uce68\ud22c\ud558\uc5ec \uac01\uc9c8\uc744 \uc81c\uac70\ud558\uace0 \uc138\ud3ec\ub97c \uc790\uadf9\ud560 \uc218 \uc788\uc2b5\ub2c8\ub2e4.<\/p>\n<p><strong>\ud53c\ub8e8\ube0c\uc0b0\uc758 \uc791\uc6a9:<\/strong><\/p>\n<ul>\n<li>\uac15\ub825\ud55c \uac01\uc9c8 \uc81c\uac70 \ud6a8\uacfc \u2013 \uc8fd\uc740 \ud53c\ubd80 \uc138\ud3ec\ub97c \ubc97\uaca8\ub0c5\ub2c8\ub2e4.<\/li>\n<li>\ud53c\uc9c0 \uc870\uc808 \uc791\uc6a9 \u2013 \ud53c\uc9c0 \ubd84\ube44\ub97c \uc904\uc785\ub2c8\ub2e4.<\/li>\n<li>\uc12c\uc720\uc544\uc138\ud3ec\ub97c \uc790\uadf9\ud558\ub294 \ub2a5\ub825 \u2013 \ucf5c\ub77c\uac90\uacfc \uc5d8\ub77c\uc2a4\ud2f4 \uc0dd\uc131\uc744 \ucd09\uc9c4\ud569\ub2c8\ub2e4.<\/li>\n<li>\ud56d\uade0 \ubc0f \ud56d\uc5fc \uc791\uc6a9\uc744 \ud569\ub2c8\ub2e4.<\/li>\n<li>\ubbf8\ubc31 \ud2b9\uc131\uc744 \uac00\uc9c0\uace0 \uc788\uc2b5\ub2c8\ub2e4.<\/li>\n<li>\uc0ac\uc774\ud074\ub85c\uc625\uc2dc\uac8c\ub098\uc81c(COX) \ubc0f \ub9ac\ud3ed\uc2dc\uac8c\ub098\uc81c(LOX)\uc640 \uac19\uc740 \uc5fc\uc99d \uad00\ub828 \ud6a8\uc18c\uc758 \ucc9c\uc5f0 \uc5b5\uc81c\uc81c\uc785\ub2c8\ub2e4. \uc774\ub294 \ud504\ub85c\uc2a4\ud0c0\uae00\ub780\ub518 \ubc0f \ub958\ucf54\ud2b8\ub9ac\uc5d4\uacfc \uac19\uc740 \uc5fc\uc99d \ub9e4\uac1c\uccb4\uc758 \ud569\uc131\uc744 \uac10\uc18c\uc2dc\ucf1c \uc5fc\uc99d\uacfc \uc790\uadf9\uc744 \uc904\uc785\ub2c8\ub2e4.<\/li>\n<li>\ud56d\uc0b0\ud654 \ud2b9\uc131\uc744 \uac00\uc9c0\uace0 \uc788\uc2b5\ub2c8\ub2e4.<\/li>\n<\/ul>\n<h2>\uc801\uc6a9<\/h2>\n<p>\ud53c\ub8e8\ube0c\uc0b0\uc740 \ud53c\ubd80\uacfc\uc5d0\uc11c \uc5ec\ub4dc\ub984, \ud2b9\ud788 \uc9c0\uc131 \ud53c\ubd80 \ubc0f \ube14\ub799\ud5e4\ub4dc \uacbd\ud5a5\uc774 \uc788\ub294 \uc0ac\ub78c\ub4e4\uc758 \uce58\ub8cc\uc5d0 \uc0ac\uc6a9\ub429\ub2c8\ub2e4. \ud53c\ub8e8\ube0c\uc0b0 \ud544\ub9c1\uc740 \ud45c\uba74\uc801\uc778 \uc5ec\ub4dc\ub984 \ud749\ud130 \ubc0f \uc8fc\ub984\uc744 \uc904\uc774\ub294 \ub370\uc5d0\ub3c4 \uc0ac\uc6a9\ub420 \uc218 \uc788\uc2b5\ub2c8\ub2e4. \uc774 \uc0b0\uc740 \ub610\ud55c \ub178\ud654 \ubc29\uc9c0 \uc2dc\uc220\uc5d0\ub3c4 \uc0ac\uc6a9\ub429\ub2c8\ub2e4.<\/p>\n<p>\uac15\ub825\ud55c \uc791\uc6a9\uc73c\ub85c \uc778\ud574 \uace0\ub18d\ub3c4(50% \uc774\uc0c1)\uc758 \ud53c\ub8e8\ube0c\uc0b0\uc740 \uc790\uaca9\uc744 \uac16\ucd98 \uc804\ubb38\uac00\ub9cc \uc0ac\uc6a9\ud574\uc57c \ud569\ub2c8\ub2e4. \uc800\ub18d\ub3c4\uc758 \uacbd\uc6b0 \uac00\uc815\uc5d0\uc11c \uc0ac\uc6a9\ud560 \uc218 \uc788\uc9c0\ub9cc \ud56d\uc0c1 \uc804\ubb38\uac00\uc758 \uac10\ub3c5\ud558\uc5d0 \uc0ac\uc6a9\ud574\uc57c \ud569\ub2c8\ub2e4.<\/p>\n","protected":false},"excerpt":{"rendered":"<p>\ud53c\ub8e8\ube0c\uc0b0(CAS: 127-17-3)\uc740 \uc54c\ud30c-\ucf00\ud1a0\uc0b0 \uadf8\ub8f9\uc5d0 \uc18d\ud558\ub294 \uc720\uae30 \ud654\ud569\ubb3c\uc785\ub2c8\ub2e4.<\/p>\n","protected":false},"featured_media":42355,"template":"","meta":{"_acf_changed":false},"product_brand":[],"product_cat":[8151],"product_tag":[],"class_list":{"0":"post-42354","1":"product","2":"type-product","3":"status-publish","4":"has-post-thumbnail","6":"product_cat-san-ryu","8":"first","9":"instock","10":"shipping-taxable","11":"product-type-simple"},"acf":[],"yoast_head":"<!-- This site is optimized with the Yoast SEO plugin v27.5 - https:\/\/yoast.com\/product\/yoast-seo-wordpress\/ -->\n<title>\ud53c\ub8e8\ube0c\uc0b0 - NATURAL POLAND - Hurtowy Dystrybutor Surowc\u00f3w<\/title>\n<meta name=\"description\" content=\"\ud53c\ub8e8\ube0c\uc0b0\uc740 \ub2e4\uc591\ud55c \ud53c\ubd80\uacfc \ubc0f \ubbf8\uc6a9 \uc2dc\uc220\uc5d0 \uc0ac\uc6a9\ub418\ub294 \ub2e4\uc7ac\ub2e4\ub2a5\ud55c \ud65c\uc131 \uc131\ubd84\uc785\ub2c8\ub2e4.\" \/>\n<meta name=\"robots\" content=\"index, follow, max-snippet:-1, max-image-preview:large, max-video-preview:-1\" \/>\n<link rel=\"canonical\" href=\"https:\/\/naturalpoland.com\/ko\/je-pum\/hwa-jang-pum-won-ryo\/san-ryu\/pirubeu-san\/\" \/>\n<meta property=\"og:locale\" content=\"ko_KR\" \/>\n<meta property=\"og:type\" content=\"article\" \/>\n<meta property=\"og:title\" content=\"\ud53c\ub8e8\ube0c\uc0b0 - NATURAL POLAND - Hurtowy Dystrybutor Surowc\u00f3w\" \/>\n<meta property=\"og:description\" content=\"\ud53c\ub8e8\ube0c\uc0b0\uc740 \ub2e4\uc591\ud55c \ud53c\ubd80\uacfc \ubc0f \ubbf8\uc6a9 \uc2dc\uc220\uc5d0 \uc0ac\uc6a9\ub418\ub294 \ub2e4\uc7ac\ub2e4\ub2a5\ud55c \ud65c\uc131 \uc131\ubd84\uc785\ub2c8\ub2e4.\" \/>\n<meta property=\"og:url\" content=\"https:\/\/naturalpoland.com\/ko\/je-pum\/hwa-jang-pum-won-ryo\/san-ryu\/pirubeu-san\/\" \/>\n<meta property=\"og:site_name\" content=\"NATURAL POLAND - Hurtowy Dystrybutor Surowc\u00f3w\" \/>\n<meta property=\"article:publisher\" content=\"https:\/\/www.facebook.com\/naturalpoland.b2b\" \/>\n<meta property=\"article:modified_time\" content=\"2025-07-31T11:51:43+00:00\" \/>\n<meta property=\"og:image\" content=\"https:\/\/naturalpoland.com\/wp-content\/uploads\/kwas-pirogronowy.webp\" \/>\n\t<meta property=\"og:image:width\" content=\"615\" \/>\n\t<meta property=\"og:image:height\" content=\"615\" \/>\n\t<meta property=\"og:image:type\" content=\"image\/webp\" \/>\n<script type=\"application\/ld+json\" class=\"yoast-schema-graph\">{\"@context\":\"https:\\\/\\\/schema.org\",\"@graph\":[{\"@type\":\"WebPage\",\"@id\":\"https:\\\/\\\/naturalpoland.com\\\/ko\\\/je-pum\\\/hwa-jang-pum-won-ryo\\\/san-ryu\\\/pirubeu-san\\\/\",\"url\":\"https:\\\/\\\/naturalpoland.com\\\/ko\\\/je-pum\\\/hwa-jang-pum-won-ryo\\\/san-ryu\\\/pirubeu-san\\\/\",\"name\":\"\ud53c\ub8e8\ube0c\uc0b0 - NATURAL POLAND - Hurtowy Dystrybutor Surowc\u00f3w\",\"isPartOf\":{\"@id\":\"https:\\\/\\\/naturalpoland.com\\\/ko\\\/#website\"},\"primaryImageOfPage\":{\"@id\":\"https:\\\/\\\/naturalpoland.com\\\/ko\\\/je-pum\\\/hwa-jang-pum-won-ryo\\\/san-ryu\\\/pirubeu-san\\\/#primaryimage\"},\"image\":{\"@id\":\"https:\\\/\\\/naturalpoland.com\\\/ko\\\/je-pum\\\/hwa-jang-pum-won-ryo\\\/san-ryu\\\/pirubeu-san\\\/#primaryimage\"},\"thumbnailUrl\":\"https:\\\/\\\/naturalpoland.com\\\/wp-content\\\/uploads\\\/kwas-pirogronowy.webp\",\"datePublished\":\"2024-09-09T14:09:46+00:00\",\"dateModified\":\"2025-07-31T11:51:43+00:00\",\"description\":\"\ud53c\ub8e8\ube0c\uc0b0\uc740 \ub2e4\uc591\ud55c \ud53c\ubd80\uacfc \ubc0f \ubbf8\uc6a9 \uc2dc\uc220\uc5d0 \uc0ac\uc6a9\ub418\ub294 \ub2e4\uc7ac\ub2e4\ub2a5\ud55c \ud65c\uc131 \uc131\ubd84\uc785\ub2c8\ub2e4.\",\"breadcrumb\":{\"@id\":\"https:\\\/\\\/naturalpoland.com\\\/ko\\\/je-pum\\\/hwa-jang-pum-won-ryo\\\/san-ryu\\\/pirubeu-san\\\/#breadcrumb\"},\"inLanguage\":\"ko-KR\",\"potentialAction\":[{\"@type\":\"ReadAction\",\"target\":[\"https:\\\/\\\/naturalpoland.com\\\/ko\\\/je-pum\\\/hwa-jang-pum-won-ryo\\\/san-ryu\\\/pirubeu-san\\\/\"]}]},{\"@type\":\"ImageObject\",\"inLanguage\":\"ko-KR\",\"@id\":\"https:\\\/\\\/naturalpoland.com\\\/ko\\\/je-pum\\\/hwa-jang-pum-won-ryo\\\/san-ryu\\\/pirubeu-san\\\/#primaryimage\",\"url\":\"https:\\\/\\\/naturalpoland.com\\\/wp-content\\\/uploads\\\/kwas-pirogronowy.webp\",\"contentUrl\":\"https:\\\/\\\/naturalpoland.com\\\/wp-content\\\/uploads\\\/kwas-pirogronowy.webp\",\"width\":615,\"height\":615,\"caption\":\"kwas pirogronowy\"},{\"@type\":\"BreadcrumbList\",\"@id\":\"https:\\\/\\\/naturalpoland.com\\\/ko\\\/je-pum\\\/hwa-jang-pum-won-ryo\\\/san-ryu\\\/pirubeu-san\\\/#breadcrumb\",\"itemListElement\":[{\"@type\":\"ListItem\",\"position\":1,\"name\":\"\ud648\",\"item\":\"https:\\\/\\\/naturalpoland.com\\\/ko\\\/\"},{\"@type\":\"ListItem\",\"position\":2,\"name\":\"\uc81c\ud488\",\"item\":\"https:\\\/\\\/naturalpoland.com\\\/ko\\\/%ec%a0%9c%ed%92%88\\\/\"},{\"@type\":\"ListItem\",\"position\":3,\"name\":\"\ud53c\ub8e8\ube0c\uc0b0\"}]},{\"@type\":\"WebSite\",\"@id\":\"https:\\\/\\\/naturalpoland.com\\\/ko\\\/#website\",\"url\":\"https:\\\/\\\/naturalpoland.com\\\/ko\\\/\",\"name\":\"NATURAL POLAND - Hurtowy Dystrybutor Surowc\u00f3w\",\"description\":\"Surowce dla przemys\u0142u spo\u017cywczego, kosmetycznego i farmaceutycznego\",\"publisher\":{\"@id\":\"https:\\\/\\\/naturalpoland.com\\\/ko\\\/#organization\"},\"potentialAction\":[{\"@type\":\"SearchAction\",\"target\":{\"@type\":\"EntryPoint\",\"urlTemplate\":\"https:\\\/\\\/naturalpoland.com\\\/ko\\\/?s={search_term_string}\"},\"query-input\":{\"@type\":\"PropertyValueSpecification\",\"valueRequired\":true,\"valueName\":\"search_term_string\"}}],\"inLanguage\":\"ko-KR\"},{\"@type\":\"Organization\",\"@id\":\"https:\\\/\\\/naturalpoland.com\\\/ko\\\/#organization\",\"name\":\"Natural Poland\",\"url\":\"https:\\\/\\\/naturalpoland.com\\\/ko\\\/\",\"logo\":{\"@type\":\"ImageObject\",\"inLanguage\":\"ko-KR\",\"@id\":\"https:\\\/\\\/naturalpoland.com\\\/ko\\\/#\\\/schema\\\/logo\\\/image\\\/\",\"url\":\"https:\\\/\\\/naturalpoland.com\\\/wp-content\\\/uploads\\\/2021\\\/05\\\/natural-poland-icon.png\",\"contentUrl\":\"https:\\\/\\\/naturalpoland.com\\\/wp-content\\\/uploads\\\/2021\\\/05\\\/natural-poland-icon.png\",\"width\":512,\"height\":512,\"caption\":\"Natural Poland\"},\"image\":{\"@id\":\"https:\\\/\\\/naturalpoland.com\\\/ko\\\/#\\\/schema\\\/logo\\\/image\\\/\"},\"sameAs\":[\"https:\\\/\\\/www.facebook.com\\\/naturalpoland.b2b\",\"https:\\\/\\\/pl.linkedin.com\\\/company\\\/natural-poland\",\"https:\\\/\\\/www.youtube.com\\\/channel\\\/UCgeGGkvOMahZo-xu_MSEWxg\"]}]}<\/script>\n<!-- \/ Yoast SEO plugin. -->","yoast_head_json":{"title":"\ud53c\ub8e8\ube0c\uc0b0 - NATURAL POLAND - Hurtowy Dystrybutor Surowc\u00f3w","description":"\ud53c\ub8e8\ube0c\uc0b0\uc740 \ub2e4\uc591\ud55c \ud53c\ubd80\uacfc \ubc0f \ubbf8\uc6a9 \uc2dc\uc220\uc5d0 \uc0ac\uc6a9\ub418\ub294 \ub2e4\uc7ac\ub2e4\ub2a5\ud55c \ud65c\uc131 \uc131\ubd84\uc785\ub2c8\ub2e4.","robots":{"index":"index","follow":"follow","max-snippet":"max-snippet:-1","max-image-preview":"max-image-preview:large","max-video-preview":"max-video-preview:-1"},"canonical":"https:\/\/naturalpoland.com\/ko\/je-pum\/hwa-jang-pum-won-ryo\/san-ryu\/pirubeu-san\/","og_locale":"ko_KR","og_type":"article","og_title":"\ud53c\ub8e8\ube0c\uc0b0 - NATURAL POLAND - Hurtowy Dystrybutor Surowc\u00f3w","og_description":"\ud53c\ub8e8\ube0c\uc0b0\uc740 \ub2e4\uc591\ud55c \ud53c\ubd80\uacfc \ubc0f \ubbf8\uc6a9 \uc2dc\uc220\uc5d0 \uc0ac\uc6a9\ub418\ub294 \ub2e4\uc7ac\ub2e4\ub2a5\ud55c \ud65c\uc131 \uc131\ubd84\uc785\ub2c8\ub2e4.","og_url":"https:\/\/naturalpoland.com\/ko\/je-pum\/hwa-jang-pum-won-ryo\/san-ryu\/pirubeu-san\/","og_site_name":"NATURAL POLAND - Hurtowy Dystrybutor Surowc\u00f3w","article_publisher":"https:\/\/www.facebook.com\/naturalpoland.b2b","article_modified_time":"2025-07-31T11:51:43+00:00","og_image":[{"width":615,"height":615,"url":"https:\/\/naturalpoland.com\/wp-content\/uploads\/kwas-pirogronowy.webp","type":"image\/webp"}],"schema":{"@context":"https:\/\/schema.org","@graph":[{"@type":"WebPage","@id":"https:\/\/naturalpoland.com\/ko\/je-pum\/hwa-jang-pum-won-ryo\/san-ryu\/pirubeu-san\/","url":"https:\/\/naturalpoland.com\/ko\/je-pum\/hwa-jang-pum-won-ryo\/san-ryu\/pirubeu-san\/","name":"\ud53c\ub8e8\ube0c\uc0b0 - NATURAL POLAND - Hurtowy Dystrybutor Surowc\u00f3w","isPartOf":{"@id":"https:\/\/naturalpoland.com\/ko\/#website"},"primaryImageOfPage":{"@id":"https:\/\/naturalpoland.com\/ko\/je-pum\/hwa-jang-pum-won-ryo\/san-ryu\/pirubeu-san\/#primaryimage"},"image":{"@id":"https:\/\/naturalpoland.com\/ko\/je-pum\/hwa-jang-pum-won-ryo\/san-ryu\/pirubeu-san\/#primaryimage"},"thumbnailUrl":"https:\/\/naturalpoland.com\/wp-content\/uploads\/kwas-pirogronowy.webp","datePublished":"2024-09-09T14:09:46+00:00","dateModified":"2025-07-31T11:51:43+00:00","description":"\ud53c\ub8e8\ube0c\uc0b0\uc740 \ub2e4\uc591\ud55c \ud53c\ubd80\uacfc \ubc0f \ubbf8\uc6a9 \uc2dc\uc220\uc5d0 \uc0ac\uc6a9\ub418\ub294 \ub2e4\uc7ac\ub2e4\ub2a5\ud55c \ud65c\uc131 \uc131\ubd84\uc785\ub2c8\ub2e4.","breadcrumb":{"@id":"https:\/\/naturalpoland.com\/ko\/je-pum\/hwa-jang-pum-won-ryo\/san-ryu\/pirubeu-san\/#breadcrumb"},"inLanguage":"ko-KR","potentialAction":[{"@type":"ReadAction","target":["https:\/\/naturalpoland.com\/ko\/je-pum\/hwa-jang-pum-won-ryo\/san-ryu\/pirubeu-san\/"]}]},{"@type":"ImageObject","inLanguage":"ko-KR","@id":"https:\/\/naturalpoland.com\/ko\/je-pum\/hwa-jang-pum-won-ryo\/san-ryu\/pirubeu-san\/#primaryimage","url":"https:\/\/naturalpoland.com\/wp-content\/uploads\/kwas-pirogronowy.webp","contentUrl":"https:\/\/naturalpoland.com\/wp-content\/uploads\/kwas-pirogronowy.webp","width":615,"height":615,"caption":"kwas pirogronowy"},{"@type":"BreadcrumbList","@id":"https:\/\/naturalpoland.com\/ko\/je-pum\/hwa-jang-pum-won-ryo\/san-ryu\/pirubeu-san\/#breadcrumb","itemListElement":[{"@type":"ListItem","position":1,"name":"\ud648","item":"https:\/\/naturalpoland.com\/ko\/"},{"@type":"ListItem","position":2,"name":"\uc81c\ud488","item":"https:\/\/naturalpoland.com\/ko\/%ec%a0%9c%ed%92%88\/"},{"@type":"ListItem","position":3,"name":"\ud53c\ub8e8\ube0c\uc0b0"}]},{"@type":"WebSite","@id":"https:\/\/naturalpoland.com\/ko\/#website","url":"https:\/\/naturalpoland.com\/ko\/","name":"NATURAL POLAND - Hurtowy Dystrybutor Surowc\u00f3w","description":"Surowce dla przemys\u0142u spo\u017cywczego, kosmetycznego i farmaceutycznego","publisher":{"@id":"https:\/\/naturalpoland.com\/ko\/#organization"},"potentialAction":[{"@type":"SearchAction","target":{"@type":"EntryPoint","urlTemplate":"https:\/\/naturalpoland.com\/ko\/?s={search_term_string}"},"query-input":{"@type":"PropertyValueSpecification","valueRequired":true,"valueName":"search_term_string"}}],"inLanguage":"ko-KR"},{"@type":"Organization","@id":"https:\/\/naturalpoland.com\/ko\/#organization","name":"Natural Poland","url":"https:\/\/naturalpoland.com\/ko\/","logo":{"@type":"ImageObject","inLanguage":"ko-KR","@id":"https:\/\/naturalpoland.com\/ko\/#\/schema\/logo\/image\/","url":"https:\/\/naturalpoland.com\/wp-content\/uploads\/2021\/05\/natural-poland-icon.png","contentUrl":"https:\/\/naturalpoland.com\/wp-content\/uploads\/2021\/05\/natural-poland-icon.png","width":512,"height":512,"caption":"Natural Poland"},"image":{"@id":"https:\/\/naturalpoland.com\/ko\/#\/schema\/logo\/image\/"},"sameAs":["https:\/\/www.facebook.com\/naturalpoland.b2b","https:\/\/pl.linkedin.com\/company\/natural-poland","https:\/\/www.youtube.com\/channel\/UCgeGGkvOMahZo-xu_MSEWxg"]}]}},"_links":{"self":[{"href":"https:\/\/naturalpoland.com\/ko\/wp-json\/wp\/v2\/product\/42354","targetHints":{"allow":["GET"]}}],"collection":[{"href":"https:\/\/naturalpoland.com\/ko\/wp-json\/wp\/v2\/product"}],"about":[{"href":"https:\/\/naturalpoland.com\/ko\/wp-json\/wp\/v2\/types\/product"}],"wp:featuredmedia":[{"embeddable":true,"href":"https:\/\/naturalpoland.com\/ko\/wp-json\/wp\/v2\/media\/42355"}],"wp:attachment":[{"href":"https:\/\/naturalpoland.com\/ko\/wp-json\/wp\/v2\/media?parent=42354"}],"wp:term":[{"taxonomy":"product_brand","embeddable":true,"href":"https:\/\/naturalpoland.com\/ko\/wp-json\/wp\/v2\/product_brand?post=42354"},{"taxonomy":"product_cat","embeddable":true,"href":"https:\/\/naturalpoland.com\/ko\/wp-json\/wp\/v2\/product_cat?post=42354"},{"taxonomy":"product_tag","embeddable":true,"href":"https:\/\/naturalpoland.com\/ko\/wp-json\/wp\/v2\/product_tag?post=42354"}],"curies":[{"name":"wp","href":"https:\/\/api.w.org\/{rel}","templated":true}]}}