{"id":42356,"date":"2024-09-10T12:10:10","date_gmt":"2024-09-10T10:10:10","guid":{"rendered":"https:\/\/naturalpoland.com\/produkty\/uncategorized\/%ec%8b%9c%ed%82%a4%eb%af%b9%ec%82%b0\/"},"modified":"2025-07-31T13:52:02","modified_gmt":"2025-07-31T11:52:02","slug":"sikimik-san","status":"publish","type":"product","link":"https:\/\/naturalpoland.com\/ko\/je-pum\/hwa-jang-pum-won-ryo\/san-ryu\/sikimik-san\/","title":{"rendered":"\uc2dc\ud0a4\ubbf9\uc0b0"},"content":{"rendered":"<h2>\uc2dc\ud0a4\ubbf9\uc0b0\uc758 \ud2b9\uc131 \ubc0f \ud6a8\ub2a5<\/h2>\n<p><strong>\ud53c\ubd80\uacb0 \uac1c\uc120 \ud6a8\ub2a5<\/strong> &#8211; \uc2dc\ud0a4\ubbf9\uc0b0\uc740 \uc8fd\uc740 \ud53c\ubd80 \uc138\ud3ec\ub97c \ubd80\ub4dc\ub7fd\uac8c \uac01\uc9c8 \uc81c\uac70\ud558\uc5ec \ud53c\ubd80\ub97c \ub9e4\ub044\ub7fd\uace0 \ubd80\ub4dc\ub7fd\uac8c \ub9cc\ub4e4\uace0 \ub2e4\ub978 \ud65c\uc131 \uc131\ubd84\uc744 \ud761\uc218\ud560 \uc900\ube44\ub97c \uc2dc\ud0b5\ub2c8\ub2e4.<\/p>\n<p><strong>\ud53c\ubd80 \ud0c4\ub825 \uac1c\uc120<\/strong> &#8211; \uc774 \uc81c\ud488\uc740 \ucf5c\ub77c\uac90\uacfc \uc5d8\ub77c\uc2a4\ud2f4 \ud569\uc131\uc744 \ucd09\uc9c4\ud558\uc5ec \ud53c\ubd80 \ud0c4\ub825\uc744 \ud5a5\uc0c1\uc2dc\ud0b5\ub2c8\ub2e4. \uac15\ud654 \uc791\uc6a9\uc73c\ub85c \ud53c\ubd80\uac00 \ub354 \uc80a\uace0 \uac74\uac15\ud574 \ubcf4\uc774\uba70, \uc5bc\uad74 \uc724\uacfd\uc774 \ub208\uc5d0 \ub744\uac8c \uac1c\uc120\ub429\ub2c8\ub2e4.<\/p>\n<p><strong>\uc5ec\ub4dc\ub984 \uc644\ud654 \ud6a8\ub2a5<\/strong> &#8211; \uc2dc\ud0a4\ubbf9\uc0b0\uc740 \ud56d\uade0 \uc791\uc6a9\uc744 \ud558\uc5ec \ud53c\ubd80 \uc5fc\uc99d\uc744 \uc720\ubc1c\ud558\ub294 \ubc15\ud14c\ub9ac\uc544\uc758 \uc131\uc7a5\uc744 \uc5b5\uc81c\ud558\uace0, \ud53c\uc9c0 \ubd84\ube44\ub97c \uc870\uc808\ud558\uc5ec \ubaa8\uacf5 \ub9c9\ud798\uc758 \uc704\ud5d8\uc744 \uc904\uc785\ub2c8\ub2e4.<\/p>\n<p><strong>\ud53c\ubd80 \ubbf8\ubc31 \ud6a8\ub2a5<\/strong> &#8211; \uc774 \uc0b0\uc740 \uba5c\ub77c\ub2cc \uc0dd\uc131\uc744 \ub2f4\ub2f9\ud558\ub294 \ud6a8\uc18c\uc778 \ud2f0\ub85c\uc2dc\ub098\uc544\uc81c\uc758 \ud65c\uc131\uc744 \uc5b5\uc81c\ud558\ub294 \ub2a5\ub825\uc774 \uc788\uc2b5\ub2c8\ub2e4.<\/p>\n<h2>\uc0ac\uc6a9\ubc95<\/h2>\n<p>\uc2dc\ud0a4\ubbf9\uc0b0\uc740 \ubbfc\uac10\uc131, \uc9c0\uc131, \ubcf5\ud569\uc131, \uc5ec\ub4dc\ub984\uc131 \ud53c\ubd80\ub97c \ud3ec\ud568\ud55c \ubaa8\ub4e0 \ud53c\ubd80 \ud0c0\uc785\uc5d0 \uc801\ud569\ud569\ub2c8\ub2e4. \uc77c\uc0c1\uc801\uc778 \uc2a4\ud0a8\ucf00\uc5b4\ubfd0\ub9cc \uc544\ub2c8\ub77c \uace0\ub18d\ub3c4 \uc0b0\uc744 \ud544\uc694\ub85c \ud558\ub294 \uc804\ubb38\uc801\uc778 \ubbf8\uc6a9 \uc2dc\uc220\uc5d0\ub3c4 \uc0ac\uc6a9\ud560 \uc218 \uc788\uc2b5\ub2c8\ub2e4.<\/p>\n<p>\uc2dc\ud0a4\ubbf9\uc0b0\uc758 \uc0ac\uc6a9\uc740 \ud654\uc7a5\ud488\uc758 \ud615\ud0dc\uc640 \uc131\ubd84 \ub18d\ub3c4\uc5d0 \ub530\ub77c \ub2ec\ub77c\uc9d1\ub2c8\ub2e4. \uc800\ub18d\ub3c4(2-5% \uc774\ud558) \uc81c\ud488\uc740 \ub9e4\uc77c \uc0ac\uc6a9\ud558\ub3c4\ub85d \uace0\uc548\ub418\uc5c8\uc73c\uba70, \uace0\ub18d\ub3c4 \uc81c\ud488\uc740 \uc804\ubb38\uc801\uc778 \ubbf8\uc6a9 \uc2dc\uc220\uc5d0 \uad8c\uc7a5\ub429\ub2c8\ub2e4. \uc2dc\ud0a4\ubbf9\uc0b0\uc740 \uc544\uce68\uacfc \uc800\ub141 \ubaa8\ub450 \uc0ac\uc6a9\ud560 \uc218 \uc788\uc9c0\ub9cc, \ub0ae\uc5d0\ub294 \uc790\uc678\uc120\uc73c\ub85c\ubd80\ud130 \ud53c\ubd80\ub97c \ubcf4\ud638\ud558\uae30 \uc704\ud574 SPF \ud06c\ub9bc\uc744 \uc0ac\uc6a9\ud558\ub294 \uac83\uc774 \ud544\uc218\uc801\uc785\ub2c8\ub2e4.<\/p>\n<p>\uc2dc\ud0a4\ubbf9\uc0b0 \uc0ac\uc6a9 \uae08\uae30 \uc0ac\ud56d\uc73c\ub85c\ub294 \uc784\uc2e0, \uc218\uc720\uae30, \ud65c\uc131 \ud53c\ubd80 \uac10\uc5fc, \ud587\ubcd5\uc5d0 \uc758\ud55c \ud654\uc0c1, \ud56d\uc0dd\uc81c \uce58\ub8cc, \uac74\uc120\uc774\ub098 \uc2b5\uc9c4\uacfc \uac19\uc740 \ud53c\ubd80 \uc9c8\ud658 \ub4f1\uc774 \uc788\uc2b5\ub2c8\ub2e4.<\/p>\n","protected":false},"excerpt":{"rendered":"<p><strong>\uc2dc\ud0a4\ubbf9\uc0b0<\/strong> (CAS: 138-59-0)\uc740 \uc2a4\ud0c0\uc544\ub2c8\uc2a4(\uc2dc\ud0b4)\uc5d0\uc11c \ucd94\ucd9c\ud55c \uc54c\ud30c-\ud558\uc774\ub4dc\ub85d\uc2dc\uc0b0(AHA) \uacc4\uc5f4\uc758 \ucc9c\uc5f0 \ud654\ud559 \ud654\ud569\ubb3c\uc785\ub2c8\ub2e4.<\/p>\n","protected":false},"featured_media":42357,"template":"","meta":{"_acf_changed":false},"product_brand":[],"product_cat":[8151],"product_tag":[],"class_list":{"0":"post-42356","1":"product","2":"type-product","3":"status-publish","4":"has-post-thumbnail","6":"product_cat-san-ryu","8":"first","9":"instock","10":"shipping-taxable","11":"product-type-simple"},"acf":[],"yoast_head":"<!-- This site is optimized with the Yoast SEO plugin v27.5 - https:\/\/yoast.com\/product\/yoast-seo-wordpress\/ -->\n<title>\uc2dc\ud0a4\ubbf9\uc0b0 - NATURAL POLAND - Hurtowy Dystrybutor Surowc\u00f3w<\/title>\n<meta name=\"description\" content=\"\uc2dc\ud0a4\ubbf9\uc0b0\uc740 \ud53c\ubd80\ub97c \ub9e4\ub044\ub7fd\uac8c \ud558\uace0, \ud0c4\ub825\uc744 \uc8fc\uba70, \ubc1d\uac8c \ud558\uace0, \uc5ec\ub4dc\ub984\uc744 \uc644\ud654\ud558\ub294 \ud6a8\ub2a5\uc774 \uc788\uc2b5\ub2c8\ub2e4.\" \/>\n<meta name=\"robots\" content=\"index, follow, max-snippet:-1, max-image-preview:large, max-video-preview:-1\" \/>\n<link rel=\"canonical\" href=\"https:\/\/naturalpoland.com\/ko\/je-pum\/hwa-jang-pum-won-ryo\/san-ryu\/sikimik-san\/\" \/>\n<meta property=\"og:locale\" content=\"ko_KR\" \/>\n<meta property=\"og:type\" content=\"article\" \/>\n<meta property=\"og:title\" content=\"\uc2dc\ud0a4\ubbf9\uc0b0 - NATURAL POLAND - Hurtowy Dystrybutor Surowc\u00f3w\" \/>\n<meta property=\"og:description\" content=\"\uc2dc\ud0a4\ubbf9\uc0b0\uc740 \ud53c\ubd80\ub97c \ub9e4\ub044\ub7fd\uac8c \ud558\uace0, \ud0c4\ub825\uc744 \uc8fc\uba70, \ubc1d\uac8c \ud558\uace0, \uc5ec\ub4dc\ub984\uc744 \uc644\ud654\ud558\ub294 \ud6a8\ub2a5\uc774 \uc788\uc2b5\ub2c8\ub2e4.\" \/>\n<meta property=\"og:url\" content=\"https:\/\/naturalpoland.com\/ko\/je-pum\/hwa-jang-pum-won-ryo\/san-ryu\/sikimik-san\/\" \/>\n<meta property=\"og:site_name\" content=\"NATURAL POLAND - Hurtowy Dystrybutor Surowc\u00f3w\" \/>\n<meta property=\"article:publisher\" content=\"https:\/\/www.facebook.com\/naturalpoland.b2b\" \/>\n<meta property=\"article:modified_time\" content=\"2025-07-31T11:52:02+00:00\" \/>\n<meta property=\"og:image\" content=\"https:\/\/naturalpoland.com\/wp-content\/uploads\/kwas-szikimowy.webp\" \/>\n\t<meta property=\"og:image:width\" content=\"615\" \/>\n\t<meta property=\"og:image:height\" content=\"615\" \/>\n\t<meta property=\"og:image:type\" content=\"image\/webp\" \/>\n<script type=\"application\/ld+json\" class=\"yoast-schema-graph\">{\"@context\":\"https:\\\/\\\/schema.org\",\"@graph\":[{\"@type\":\"WebPage\",\"@id\":\"https:\\\/\\\/naturalpoland.com\\\/ko\\\/je-pum\\\/hwa-jang-pum-won-ryo\\\/san-ryu\\\/sikimik-san\\\/\",\"url\":\"https:\\\/\\\/naturalpoland.com\\\/ko\\\/je-pum\\\/hwa-jang-pum-won-ryo\\\/san-ryu\\\/sikimik-san\\\/\",\"name\":\"\uc2dc\ud0a4\ubbf9\uc0b0 - NATURAL POLAND - Hurtowy Dystrybutor Surowc\u00f3w\",\"isPartOf\":{\"@id\":\"https:\\\/\\\/naturalpoland.com\\\/ko\\\/#website\"},\"primaryImageOfPage\":{\"@id\":\"https:\\\/\\\/naturalpoland.com\\\/ko\\\/je-pum\\\/hwa-jang-pum-won-ryo\\\/san-ryu\\\/sikimik-san\\\/#primaryimage\"},\"image\":{\"@id\":\"https:\\\/\\\/naturalpoland.com\\\/ko\\\/je-pum\\\/hwa-jang-pum-won-ryo\\\/san-ryu\\\/sikimik-san\\\/#primaryimage\"},\"thumbnailUrl\":\"https:\\\/\\\/naturalpoland.com\\\/wp-content\\\/uploads\\\/kwas-szikimowy.webp\",\"datePublished\":\"2024-09-10T10:10:10+00:00\",\"dateModified\":\"2025-07-31T11:52:02+00:00\",\"description\":\"\uc2dc\ud0a4\ubbf9\uc0b0\uc740 \ud53c\ubd80\ub97c \ub9e4\ub044\ub7fd\uac8c \ud558\uace0, \ud0c4\ub825\uc744 \uc8fc\uba70, \ubc1d\uac8c \ud558\uace0, \uc5ec\ub4dc\ub984\uc744 \uc644\ud654\ud558\ub294 \ud6a8\ub2a5\uc774 \uc788\uc2b5\ub2c8\ub2e4.\",\"breadcrumb\":{\"@id\":\"https:\\\/\\\/naturalpoland.com\\\/ko\\\/je-pum\\\/hwa-jang-pum-won-ryo\\\/san-ryu\\\/sikimik-san\\\/#breadcrumb\"},\"inLanguage\":\"ko-KR\",\"potentialAction\":[{\"@type\":\"ReadAction\",\"target\":[\"https:\\\/\\\/naturalpoland.com\\\/ko\\\/je-pum\\\/hwa-jang-pum-won-ryo\\\/san-ryu\\\/sikimik-san\\\/\"]}]},{\"@type\":\"ImageObject\",\"inLanguage\":\"ko-KR\",\"@id\":\"https:\\\/\\\/naturalpoland.com\\\/ko\\\/je-pum\\\/hwa-jang-pum-won-ryo\\\/san-ryu\\\/sikimik-san\\\/#primaryimage\",\"url\":\"https:\\\/\\\/naturalpoland.com\\\/wp-content\\\/uploads\\\/kwas-szikimowy.webp\",\"contentUrl\":\"https:\\\/\\\/naturalpoland.com\\\/wp-content\\\/uploads\\\/kwas-szikimowy.webp\",\"width\":615,\"height\":615,\"caption\":\"kwas szikimowy\"},{\"@type\":\"BreadcrumbList\",\"@id\":\"https:\\\/\\\/naturalpoland.com\\\/ko\\\/je-pum\\\/hwa-jang-pum-won-ryo\\\/san-ryu\\\/sikimik-san\\\/#breadcrumb\",\"itemListElement\":[{\"@type\":\"ListItem\",\"position\":1,\"name\":\"\ud648\",\"item\":\"https:\\\/\\\/naturalpoland.com\\\/ko\\\/\"},{\"@type\":\"ListItem\",\"position\":2,\"name\":\"\uc81c\ud488\",\"item\":\"https:\\\/\\\/naturalpoland.com\\\/ko\\\/%ec%a0%9c%ed%92%88\\\/\"},{\"@type\":\"ListItem\",\"position\":3,\"name\":\"\uc2dc\ud0a4\ubbf9\uc0b0\"}]},{\"@type\":\"WebSite\",\"@id\":\"https:\\\/\\\/naturalpoland.com\\\/ko\\\/#website\",\"url\":\"https:\\\/\\\/naturalpoland.com\\\/ko\\\/\",\"name\":\"NATURAL POLAND - Hurtowy Dystrybutor Surowc\u00f3w\",\"description\":\"Surowce dla przemys\u0142u spo\u017cywczego, kosmetycznego i farmaceutycznego\",\"publisher\":{\"@id\":\"https:\\\/\\\/naturalpoland.com\\\/ko\\\/#organization\"},\"potentialAction\":[{\"@type\":\"SearchAction\",\"target\":{\"@type\":\"EntryPoint\",\"urlTemplate\":\"https:\\\/\\\/naturalpoland.com\\\/ko\\\/?s={search_term_string}\"},\"query-input\":{\"@type\":\"PropertyValueSpecification\",\"valueRequired\":true,\"valueName\":\"search_term_string\"}}],\"inLanguage\":\"ko-KR\"},{\"@type\":\"Organization\",\"@id\":\"https:\\\/\\\/naturalpoland.com\\\/ko\\\/#organization\",\"name\":\"Natural Poland\",\"url\":\"https:\\\/\\\/naturalpoland.com\\\/ko\\\/\",\"logo\":{\"@type\":\"ImageObject\",\"inLanguage\":\"ko-KR\",\"@id\":\"https:\\\/\\\/naturalpoland.com\\\/ko\\\/#\\\/schema\\\/logo\\\/image\\\/\",\"url\":\"https:\\\/\\\/naturalpoland.com\\\/wp-content\\\/uploads\\\/2021\\\/05\\\/natural-poland-icon.png\",\"contentUrl\":\"https:\\\/\\\/naturalpoland.com\\\/wp-content\\\/uploads\\\/2021\\\/05\\\/natural-poland-icon.png\",\"width\":512,\"height\":512,\"caption\":\"Natural Poland\"},\"image\":{\"@id\":\"https:\\\/\\\/naturalpoland.com\\\/ko\\\/#\\\/schema\\\/logo\\\/image\\\/\"},\"sameAs\":[\"https:\\\/\\\/www.facebook.com\\\/naturalpoland.b2b\",\"https:\\\/\\\/pl.linkedin.com\\\/company\\\/natural-poland\",\"https:\\\/\\\/www.youtube.com\\\/channel\\\/UCgeGGkvOMahZo-xu_MSEWxg\"]}]}<\/script>\n<!-- \/ Yoast SEO plugin. -->","yoast_head_json":{"title":"\uc2dc\ud0a4\ubbf9\uc0b0 - NATURAL POLAND - Hurtowy Dystrybutor Surowc\u00f3w","description":"\uc2dc\ud0a4\ubbf9\uc0b0\uc740 \ud53c\ubd80\ub97c \ub9e4\ub044\ub7fd\uac8c \ud558\uace0, \ud0c4\ub825\uc744 \uc8fc\uba70, \ubc1d\uac8c \ud558\uace0, \uc5ec\ub4dc\ub984\uc744 \uc644\ud654\ud558\ub294 \ud6a8\ub2a5\uc774 \uc788\uc2b5\ub2c8\ub2e4.","robots":{"index":"index","follow":"follow","max-snippet":"max-snippet:-1","max-image-preview":"max-image-preview:large","max-video-preview":"max-video-preview:-1"},"canonical":"https:\/\/naturalpoland.com\/ko\/je-pum\/hwa-jang-pum-won-ryo\/san-ryu\/sikimik-san\/","og_locale":"ko_KR","og_type":"article","og_title":"\uc2dc\ud0a4\ubbf9\uc0b0 - NATURAL POLAND - Hurtowy Dystrybutor Surowc\u00f3w","og_description":"\uc2dc\ud0a4\ubbf9\uc0b0\uc740 \ud53c\ubd80\ub97c \ub9e4\ub044\ub7fd\uac8c \ud558\uace0, \ud0c4\ub825\uc744 \uc8fc\uba70, \ubc1d\uac8c \ud558\uace0, \uc5ec\ub4dc\ub984\uc744 \uc644\ud654\ud558\ub294 \ud6a8\ub2a5\uc774 \uc788\uc2b5\ub2c8\ub2e4.","og_url":"https:\/\/naturalpoland.com\/ko\/je-pum\/hwa-jang-pum-won-ryo\/san-ryu\/sikimik-san\/","og_site_name":"NATURAL POLAND - Hurtowy Dystrybutor Surowc\u00f3w","article_publisher":"https:\/\/www.facebook.com\/naturalpoland.b2b","article_modified_time":"2025-07-31T11:52:02+00:00","og_image":[{"width":615,"height":615,"url":"https:\/\/naturalpoland.com\/wp-content\/uploads\/kwas-szikimowy.webp","type":"image\/webp"}],"schema":{"@context":"https:\/\/schema.org","@graph":[{"@type":"WebPage","@id":"https:\/\/naturalpoland.com\/ko\/je-pum\/hwa-jang-pum-won-ryo\/san-ryu\/sikimik-san\/","url":"https:\/\/naturalpoland.com\/ko\/je-pum\/hwa-jang-pum-won-ryo\/san-ryu\/sikimik-san\/","name":"\uc2dc\ud0a4\ubbf9\uc0b0 - NATURAL POLAND - Hurtowy Dystrybutor Surowc\u00f3w","isPartOf":{"@id":"https:\/\/naturalpoland.com\/ko\/#website"},"primaryImageOfPage":{"@id":"https:\/\/naturalpoland.com\/ko\/je-pum\/hwa-jang-pum-won-ryo\/san-ryu\/sikimik-san\/#primaryimage"},"image":{"@id":"https:\/\/naturalpoland.com\/ko\/je-pum\/hwa-jang-pum-won-ryo\/san-ryu\/sikimik-san\/#primaryimage"},"thumbnailUrl":"https:\/\/naturalpoland.com\/wp-content\/uploads\/kwas-szikimowy.webp","datePublished":"2024-09-10T10:10:10+00:00","dateModified":"2025-07-31T11:52:02+00:00","description":"\uc2dc\ud0a4\ubbf9\uc0b0\uc740 \ud53c\ubd80\ub97c \ub9e4\ub044\ub7fd\uac8c \ud558\uace0, \ud0c4\ub825\uc744 \uc8fc\uba70, \ubc1d\uac8c \ud558\uace0, \uc5ec\ub4dc\ub984\uc744 \uc644\ud654\ud558\ub294 \ud6a8\ub2a5\uc774 \uc788\uc2b5\ub2c8\ub2e4.","breadcrumb":{"@id":"https:\/\/naturalpoland.com\/ko\/je-pum\/hwa-jang-pum-won-ryo\/san-ryu\/sikimik-san\/#breadcrumb"},"inLanguage":"ko-KR","potentialAction":[{"@type":"ReadAction","target":["https:\/\/naturalpoland.com\/ko\/je-pum\/hwa-jang-pum-won-ryo\/san-ryu\/sikimik-san\/"]}]},{"@type":"ImageObject","inLanguage":"ko-KR","@id":"https:\/\/naturalpoland.com\/ko\/je-pum\/hwa-jang-pum-won-ryo\/san-ryu\/sikimik-san\/#primaryimage","url":"https:\/\/naturalpoland.com\/wp-content\/uploads\/kwas-szikimowy.webp","contentUrl":"https:\/\/naturalpoland.com\/wp-content\/uploads\/kwas-szikimowy.webp","width":615,"height":615,"caption":"kwas szikimowy"},{"@type":"BreadcrumbList","@id":"https:\/\/naturalpoland.com\/ko\/je-pum\/hwa-jang-pum-won-ryo\/san-ryu\/sikimik-san\/#breadcrumb","itemListElement":[{"@type":"ListItem","position":1,"name":"\ud648","item":"https:\/\/naturalpoland.com\/ko\/"},{"@type":"ListItem","position":2,"name":"\uc81c\ud488","item":"https:\/\/naturalpoland.com\/ko\/%ec%a0%9c%ed%92%88\/"},{"@type":"ListItem","position":3,"name":"\uc2dc\ud0a4\ubbf9\uc0b0"}]},{"@type":"WebSite","@id":"https:\/\/naturalpoland.com\/ko\/#website","url":"https:\/\/naturalpoland.com\/ko\/","name":"NATURAL POLAND - Hurtowy Dystrybutor Surowc\u00f3w","description":"Surowce dla przemys\u0142u spo\u017cywczego, kosmetycznego i farmaceutycznego","publisher":{"@id":"https:\/\/naturalpoland.com\/ko\/#organization"},"potentialAction":[{"@type":"SearchAction","target":{"@type":"EntryPoint","urlTemplate":"https:\/\/naturalpoland.com\/ko\/?s={search_term_string}"},"query-input":{"@type":"PropertyValueSpecification","valueRequired":true,"valueName":"search_term_string"}}],"inLanguage":"ko-KR"},{"@type":"Organization","@id":"https:\/\/naturalpoland.com\/ko\/#organization","name":"Natural Poland","url":"https:\/\/naturalpoland.com\/ko\/","logo":{"@type":"ImageObject","inLanguage":"ko-KR","@id":"https:\/\/naturalpoland.com\/ko\/#\/schema\/logo\/image\/","url":"https:\/\/naturalpoland.com\/wp-content\/uploads\/2021\/05\/natural-poland-icon.png","contentUrl":"https:\/\/naturalpoland.com\/wp-content\/uploads\/2021\/05\/natural-poland-icon.png","width":512,"height":512,"caption":"Natural Poland"},"image":{"@id":"https:\/\/naturalpoland.com\/ko\/#\/schema\/logo\/image\/"},"sameAs":["https:\/\/www.facebook.com\/naturalpoland.b2b","https:\/\/pl.linkedin.com\/company\/natural-poland","https:\/\/www.youtube.com\/channel\/UCgeGGkvOMahZo-xu_MSEWxg"]}]}},"_links":{"self":[{"href":"https:\/\/naturalpoland.com\/ko\/wp-json\/wp\/v2\/product\/42356","targetHints":{"allow":["GET"]}}],"collection":[{"href":"https:\/\/naturalpoland.com\/ko\/wp-json\/wp\/v2\/product"}],"about":[{"href":"https:\/\/naturalpoland.com\/ko\/wp-json\/wp\/v2\/types\/product"}],"wp:featuredmedia":[{"embeddable":true,"href":"https:\/\/naturalpoland.com\/ko\/wp-json\/wp\/v2\/media\/42357"}],"wp:attachment":[{"href":"https:\/\/naturalpoland.com\/ko\/wp-json\/wp\/v2\/media?parent=42356"}],"wp:term":[{"taxonomy":"product_brand","embeddable":true,"href":"https:\/\/naturalpoland.com\/ko\/wp-json\/wp\/v2\/product_brand?post=42356"},{"taxonomy":"product_cat","embeddable":true,"href":"https:\/\/naturalpoland.com\/ko\/wp-json\/wp\/v2\/product_cat?post=42356"},{"taxonomy":"product_tag","embeddable":true,"href":"https:\/\/naturalpoland.com\/ko\/wp-json\/wp\/v2\/product_tag?post=42356"}],"curies":[{"name":"wp","href":"https:\/\/api.w.org\/{rel}","templated":true}]}}