{"id":42591,"date":"2025-08-07T14:33:47","date_gmt":"2025-08-07T12:33:47","guid":{"rendered":"https:\/\/naturalpoland.com\/produkty\/uncategorized\/%eb%a7%90%ec%9d%84-%ec%9c%84%ed%95%9c-%ec%8b%9d%eb%ac%bc%ec%84%b1-%ec%9b%90%eb%a3%8c\/"},"modified":"2025-08-07T14:33:49","modified_gmt":"2025-08-07T12:33:49","slug":"%eb%a7%90%ec%9d%84-%ec%9c%84%ed%95%9c-%ec%8b%9d%eb%ac%bc%ec%84%b1-%ec%9b%90%eb%a3%8c","status":"publish","type":"product","link":"https:\/\/naturalpoland.com\/ko\/je-pum\/dong-mul-yong-won-ryo\/%eb%a7%90%ec%9d%84-%ec%9c%84%ed%95%9c-%ec%8b%9d%eb%ac%bc%ec%84%b1-%ec%9b%90%eb%a3%8c\/","title":{"rendered":"\ub9d0\uc744 \uc704\ud55c \uc2dd\ubb3c\uc131 \uc6d0\ub8cc"},"content":{"rendered":"<h2>\uac74\uc870 \uc57c\ucc44:<\/h2>\n<div class=\"row\"  id=\"row-508582526\">\n\n\t<div id=\"col-976373562\" class=\"col medium-1\/2 large-6\"  >\n\t\t\t\t<div class=\"col-inner\"  >\n\t\t\t\n\t\t\t\n<ul>\n<li>\ucf69 \ud50c\ub808\uc774\ud06c<\/li>\n<li>\ube0c\ub85c\ucf5c\ub9ac \ubc0f \uc644\ub450\ucf69 \ud50c\ub808\uc774\ud06c<\/li>\n<li>\uc624\uc774 \uc2ac\ub77c\uc774\uc2a4<\/li>\n<li>\uce90\ub86d \uaf2c\ud22c\ub9ac<\/li>\n<li>\ub2f9\uadfc \ud050\ube0c 10x10x2 mm<\/li>\n<li>\ub2f9\uadfc \uc2ac\ub77c\uc774\uc2a4<\/li>\n<li>\uac10\uc790 \ud050\ube0c<\/li>\n<li>\uac10\uc790 \ud50c\ub808\uc774\ud06c<\/li>\n<li>\ud638\ubc15 \ud50c\ub808\uc774\ud06c<\/li>\n<li>\ub9ac\ud06c \ud50c\ub808\uc774\ud06c<\/li>\n<li>\ubd89\uc740 \ud53c\ub9dd<\/li>\n<\/ul>\n\t\t<\/div>\n\t\t\t\t\t<\/div>\n\n\t\n\n\t<div id=\"col-1642686615\" class=\"col medium-1\/2 large-6\"  >\n\t\t\t\t<div class=\"col-inner\"  >\n\t\t\t\n\t\t\t\n<ul>\n<li>\ub179\uc0c9 \ud53c\ub9dd<\/li>\n<li>\ud30c\uc2a4\ub2d9<\/li>\n<li>\ud30c\uc2ac\ub9ac \ubfcc\ub9ac 10x10x3 mm<\/li>\n<li>\ube44\ud2b8<\/li>\n<li>\uc140\ub7ec\ub9ac \ud50c\ub808\uc774\ud06c<\/li>\n<li>\uace0\uad6c\ub9c8<\/li>\n<li>\ud1a0\ub9c8\ud1a0 \ud50c\ub808\uc774\ud06c<\/li>\n<li>\ub3fc\uc9c0\uac10\uc790<\/li>\n<li>\uc591\ubc30\ucd94 \ud50c\ub808\uc774\ud06c<\/li>\n<li>\uc8fc\ud0a4\ub2c8 \uc2ac\ub77c\uc774\uc2a4<\/li>\n<li>\uc8fc\ud0a4\ub2c8 \ud050\ube0c<\/li>\n<\/ul>\n\t\t<\/div>\n\t\t\t\t\t<\/div>\n\n\t\n<\/div>\n<h2>\uac74\uc870 \ubc0f \ub3d9\uacb0 \uac74\uc870 \uacfc\uc77c<\/h2>\n<div class=\"row\"  id=\"row-1493968910\">\n\n\t<div id=\"col-1866157327\" class=\"col medium-1\/2 large-6\"  >\n\t\t\t\t<div class=\"col-inner\"  >\n\t\t\t\n\t\t\t\n<ul>\n<li>\uc0ac\uacfc \uce69, 1\/4 \uc2ac\ub77c\uc774\uc2a4<\/li>\n<li>\uc0ac\uacfc \ud050\ube0c 10&#215;10 mm<\/li>\n<li>\ubd80\uc11c\uc9c4 \uc0ac\uacfc \uce69<\/li>\n<li>\ud30c\uc778\uc560\ud50c \ud050\ube0c<\/li>\n<li>\ubc14\ub098\ub098 \uce69 (\ubd80\uc11c\uc9c4, \ubb34\uc124\ud0d5)<\/li>\n<li>\ubc14\ub098\ub098 \uce69 (\ud1b5\uc9f8\ub85c, \ubb34\uc124\ud0d5)<\/li>\n<li>\ubc30 \ud050\ube0c<\/li>\n<li>\ub3d9\uacb0 \uac74\uc870 \ub538\uae30<\/li>\n<\/ul>\n\t\t<\/div>\n\t\t\t\t\t<\/div>\n\n\t\n\n\t<div id=\"col-1255183783\" class=\"col medium-1\/2 large-6\"  >\n\t\t\t\t<div class=\"col-inner\"  >\n\t\t\t\n\t\t\t\n<ul>\n<li>\ub4e4\uc7a5\ubbf8<\/li>\n<li>\ub4e4\uc7a5\ubbf8 \uaecd\uc9c8<\/li>\n<li>\ub4e4\uc7a5\ubbf8 \uaecd\uc9c8 \uac00\ub8e8<\/li>\n<li>\ub3d9\uacb0 \uac74\uc870 \ub77c\uc988\ubca0\ub9ac<\/li>\n<li>\ucf54\ucf54\ub11b \uce69<\/li>\n<li>\ucf54\ucf54\ub11b \uac00\ub8e8<\/li>\n<li>\ub9dd\uace0 \ud050\ube0c<\/li>\n<li>\ud30c\ud30c\uc57c \ud050\ube0c<\/li>\n<\/ul>\n\t\t<\/div>\n\t\t\t\t\t<\/div>\n\n\t\n<\/div>\n<h2>\ubca0\ub9ac \ubc0f \uacfc\uc77c<\/h2>\n<div class=\"row\"  id=\"row-1932116663\">\n\n\t<div id=\"col-1762541036\" class=\"col medium-1\/2 large-6\"  >\n\t\t\t\t<div class=\"col-inner\"  >\n\t\t\t\n\t\t\t\n<ul>\n<li>\uc544\ub85c\ub2c8\uc544 \ubca0\ub9ac<\/li>\n<li>\ub9c8\uac00\ubaa9<\/li>\n<li>\ube14\ub799\ucee4\ub7f0\ud2b8<\/li>\n<li>\uace0\uc9c0 \ubca0\ub9ac<\/li>\n<\/ul>\n\t\t<\/div>\n\t\t\t\t\t<\/div>\n\n\t\n\n\t<div id=\"col-800961251\" class=\"col medium-1\/2 large-6\"  >\n\t\t\t\t<div class=\"col-inner\"  >\n\t\t\t\n\t\t\t\n<ul>\n<li>\ud06c\ub79c\ubca0\ub9ac<\/li>\n<li>\uc8fc\ub2c8\ud37c \ubca0\ub9ac<\/li>\n<li>\uc0b0\uc0ac\ub098\ubb34 \uc5f4\ub9e4<\/li>\n<li>\uc5d8\ub354\ubca0\ub9ac<\/li>\n<\/ul>\n\t\t<\/div>\n\t\t\t\t\t<\/div>\n\n\t\n<\/div>\n<h2>\ud5c8\ube0c<\/h2>\n<div class=\"row\"  id=\"row-1313460509\">\n\n\t<div id=\"col-1990013248\" class=\"col medium-1\/3 large-4\"  >\n\t\t\t\t<div class=\"col-inner\"  >\n\t\t\t\n\t\t\t\n<ul>\n<li>\uc54c\ud314\ud30c<\/li>\n<li>\uc0ac\uacfc \uc78e<\/li>\n<li>\uc0b4\uad6c \uc78e<\/li>\n<li>\uc544\ud2f0\ucd08\ud06c \uc78e (\uc798\uac8c \uc36c)<\/li>\n<li>\uc790\uc791\ub098\ubb34 \uc78e<\/li>\n<li>\ubc30 \uc78e<\/li>\n<li>\uc9c8\uacbd\uc774<\/li>\n<li>\uc410\uae30\ud480 \uc78e<\/li>\n<li>\ube14\ub799\ubca0\ub9ac \uc78e<\/li>\n<li>\ub51c \uc904\uae30<\/li>\n<li>\uc720\uce7c\ub9bd\ud22c\uc2a4 \uc78e<\/li>\n<li>\uc720\uce7c\ub9bd\ud22c\uc2a4 \uc78e (\uc798\uac8c \uc36c)<\/li>\n<li>\uac00\ubb38\ube44\ub098\ubb34 \ubc14\ub298<\/li>\n<li>\uc740\ud589\ub098\ubb34 \uc78e (\uc740\ud589\ub098\ubb34)<\/li>\n<li>\uace8\ub4e0\ub85c\ub4dc (\uc798\uac8c \uc36c)<\/li>\n<li>\ub179\uc0c9 \uc2a4\ud3a0\ud2b8<\/li>\n<li>\ub179\uc0c9 \uadc0\ub9ac<\/li>\n<li>\ub179\uc0c9 \ubc00<\/li>\n<li>\uac1c\uc554\ub098\ubb34 \uc78e<\/li>\n<li>\ub77c\uc988\ubca0\ub9ac \uc78e<\/li>\n<\/ul>\n\t\t<\/div>\n\t\t\t\t\t<\/div>\n\n\t\n\n\t<div id=\"col-1102564941\" class=\"col medium-1\/3 large-4\"  >\n\t\t\t\t<div class=\"col-inner\"  >\n\t\t\t\n\t\t\t\n<ul>\n<li>\ucf5c\uce20\ud48b \uc78e<\/li>\n<li>\ucf5c\uce20\ud48b \uc78e (\uc798\uac8c \uc36c)<\/li>\n<li>\uc544\uc774\uc2ac\ub780\ub4dc \uc774\ub07c<\/li>\n<li>\uc544\uc774\uc2ac\ub780\ub4dc \uc774\ub07c (\uc798\uac8c \uc36c)<\/li>\n<li>\ube14\ub799\ucee4\ub7f0\ud2b8 \uc78e<\/li>\n<li>\ucc98\ube4c \uc904\uae30<\/li>\n<li>\uccb4\ub9ac \uc78e<\/li>\n<li>\uac08\ub968 (\uc798\uac8c \uc36c)<\/li>\n<li>\uace0\uc218 \uc904\uae30<\/li>\n<li>\ub77c\uc784 \uc78e<\/li>\n<li>\ubbfc\ub4e4\ub808 \uc78e \u2013 1\ub4f1\uae09 <\/li>\n<li>\ubbfc\ub4e4\ub808 \uc78e (\uc7ac\ubc30)<\/li>\n<li>\ubbfc\ub4e4\ub808 \uc78e (\uc798\uac8c \uc36c)<\/li>\n<li>\uba54\ub3c4\uc6b0\uc2a4\uc704\ud2b8 (\uc798\uac8c \uc36c)<\/li>\n<li>\ubc00\ud06c \uc2dc\uc2ac<\/li>\n<li>\ubf55\ub098\ubb34 \uc78e<\/li>\n<li>\ub808\ubaac\ubc24<\/li>\n<li>\ud398\ud37c\ubbfc\ud2b8 \uc78e<\/li>\n<li>\ubcf5\uc22d\uc544 \uc78e<\/li>\n<\/ul>\n\t\t<\/div>\n\t\t\t\t\t<\/div>\n\n\t\n\n\t<div id=\"col-1062631029\" class=\"col medium-1\/3 large-4\"  >\n\t\t\t\t<div class=\"col-inner\"  >\n\t\t\t\n\t\t\t\n<ul>\n<li>\uc790\ub450 \uc78e<\/li>\n<li>\ud30c\uc2ac\ub9ac \uc904\uae30<\/li>\n<li>\ubd89\uc740 \ud074\ub85c\ubc84 \uc904\uae30<\/li>\n<li>\uc138\uc774\uc9c0 \uc78e<\/li>\n<li>\uc138\uc774\uc9c0 \uc78e (\uc798\uac8c \uc36c)<\/li>\n<li>\uc11c\uc591\ud1b1\ud480 (\uc798\uac8c \uc36c)<\/li>\n<li>\uc140\ub7ec\ub9ac \uc904\uae30<\/li>\n<li>\uc5d0\ud0a4\ub124\uc2dc\uc544<\/li>\n<li>\uc5d0\ud0a4\ub124\uc2dc\uc544 \uc78e<\/li>\n<li>\uc2dc\uae08\uce58 \uc78e<\/li>\n<li>\uc2dc\uae08\uce58 \uac00\ub8e8<\/li>\n<li>\uc2dc\uae08\uce58 \uc904\uae30<\/li>\n<li>\uc9c8\uacbd\uc774<\/li>\n<li>\uc2a4\ud53c\uc5b4\ubbfc\ud2b8<\/li>\n<li>\ubc31\ub9ac\ud5a5 (\uc73c\uae6c)<\/li>\n<li>\ud638\ub450 \uc78e<\/li>\n<li>\uc0b0\uc0ac\ub098\ubb34 \uc78e\uacfc \uaf43<\/li>\n<li>\uc0b0\uc0ac\ub098\ubb34 \uc78e\uacfc \uaf43 (\uc798\uac8c \uc36c)<\/li>\n<li>\uc1e0\ub728\uae30<\/li>\n<\/ul>\n\t\t<\/div>\n\t\t\t\t\t<\/div>\n\n\t\n<\/div>\n<h2>\ubfcc\ub9ac<\/h2>\n<div class=\"row\"  id=\"row-389765343\">\n\n\t<div id=\"col-1230436373\" class=\"col medium-1\/2 large-6\"  >\n\t\t\t\t<div class=\"col-inner\"  >\n\t\t\t\n\t\t\t\n<ul>\n<li>\uc950\uc624\uc90c\ud480 \ubfcc\ub9ac (\uc798\uac8c \uc36c)<\/li>\n<li>\ub9c8\uc2dc\uba5c\ub85c \ubfcc\ub9ac (\uc798\uac8c \uc36c)<\/li>\n<li>\ucc3d\ud3ec \ubfcc\ub9ac<\/li>\n<li>\uc6b0\uc5c9 \ubfcc\ub9ac (\uc798\uac8c \uc36c)<\/li>\n<li>\ubbfc\ub4e4\ub808 \ubfcc\ub9ac<\/li>\n<\/ul>\n\t\t<\/div>\n\t\t\t\t\t<\/div>\n\n\t\n\n\t<div id=\"col-537532698\" class=\"col medium-1\/2 large-6\"  >\n\t\t\t\t<div class=\"col-inner\"  >\n\t\t\t\n\t\t\t\n<ul>\n<li>\uac10\ucd08 \ubfcc\ub9ac \uac00\ub8e8<\/li>\n<li>\uac10\ucd08 \ubfcc\ub9ac (\uc798\uac8c \uc36c)<\/li>\n<li>\uc545\ub9c8\uc758 \ubc1c\ud1b1 (\uc798\uac8c \uc36c)<\/li>\n<li>\uce58\ucee4\ub9ac (\uc798\uac8c \uc36c)<\/li>\n<li>\ubc84\ub4dc\ub098\ubb34 \uaecd\uc9c8 (\uc798\uac8c \uc36c)<\/li>\n<\/ul>\n\t\t<\/div>\n\t\t\t\t\t<\/div>\n\n\t\n<\/div>\n<h2>\ubd84\ub9d0 \uc6d0\ub8cc<\/h2>\n<div class=\"row\"  id=\"row-409565206\">\n\n\t<div id=\"col-379231523\" class=\"col medium-1\/2 large-6\"  >\n\t\t\t\t<div class=\"col-inner\"  >\n\t\t\t\n\t\t\t\n<ul>\n<li>\uc2a4\ud53c\ub8e8\ub9ac\ub098<\/li>\n<li>\uc544\uc2a4\ucf54\ud544\ub8f8 (\ud574\uc870\ub958) \uac00\ub8e8<\/li>\n<\/ul>\n\t\t<\/div>\n\t\t\t\t\t<\/div>\n\n\t\n\n\t<div id=\"col-1278121796\" class=\"col medium-1\/2 large-6\"  >\n\t\t\t\t<div class=\"col-inner\"  >\n\t\t\t\n\t\t\t\n<ul>\n<li>MSM \uac00\ub8e8<\/li>\n<li>\uacc4\ub780 (\uaecd\uc9c8) \uac00\ub8e8<\/li>\n<\/ul>\n\t\t<\/div>\n\t\t\t\t\t<\/div>\n\n\t\n<\/div>\n<h2>\uc624\uc77c<\/h2>\n<ul>\n<li>\uc544\ub9c8\uc528 \uc624\uc77c<\/li>\n<li>\ub300\ub9c8\uc528 \uc624\uc77c<\/li>\n<li>\ube14\ub799 \ucee4\ubbfc \uc528 \uc624\uc77c<\/li>\n<\/ul>\n","protected":false},"excerpt":{"rendered":"<p>\ucc9c\uc5f0 \uc131\ubd84\uc740 \uc0ac\ub8cc \ucca8\uac00\uc81c, \ud5c8\ube0c \ud63c\ud569\ubb3c\uc758 \uad6c\uc131 \uc694\uc18c, \ub3d9\ubb3c\uc758 \uac74\uac15\uacfc \uc0c1\ud0dc\ub97c \uc704\ud55c \ucc9c\uc5f0 \ubcf4\uc870\uc81c\ub85c \uc0ac\uc6a9\ub429\ub2c8\ub2e4. \ub2f9\uc0ac\uc758 \uc81c\ud488\uc740 \uc2a4\ud3ec\uce20 \ub9d0, \ub808\ud06c\ub9ac\uc5d0\uc774\uc158 \ub9d0, \ub178\ub839 \ub9d0 \ub610\ub294 \ud2b9\ubcc4\ud55c \uc601\uc591\uc744 \ud544\uc694\ub85c \ud558\ub294 \ub9d0\uc744 \uc0ac\uc721\ud558\ub294 \uc0ac\ub78c\ub4e4\uc744 \ub300\uc0c1\uc73c\ub85c \ud569\ub2c8\ub2e4. <\/p>\n","protected":false},"featured_media":42105,"template":"","meta":{"_acf_changed":false},"product_brand":[],"product_cat":[8139],"product_tag":[],"class_list":{"0":"post-42591","1":"product","2":"type-product","3":"status-publish","4":"has-post-thumbnail","6":"product_cat-dong-mul-yong-won-ryo","8":"first","9":"instock","10":"shipping-taxable","11":"product-type-simple"},"acf":[],"yoast_head":"<!-- This site is optimized with the Yoast SEO plugin v27.5 - https:\/\/yoast.com\/product\/yoast-seo-wordpress\/ -->\n<title>\ub9d0\uc744 \uc704\ud55c \uc2dd\ubb3c\uc131 \uc6d0\ub8cc - Hurtowy Dystrybutor<\/title>\n<meta name=\"description\" content=\"\ub9d0\uc744 \uc704\ud55c \uc2dd\ubb3c\uc131 \uc6d0\ub8cc\ub294 \uc0ac\ub8cc \ucca8\uac00\uc81c, \ud5c8\ube0c \ud63c\ud569\ubb3c\uc758 \uad6c\uc131 \uc694\uc18c, \ub3d9\ubb3c\uc758 \uac74\uac15\uacfc \uc0c1\ud0dc\ub97c \uc704\ud55c \ucc9c\uc5f0 \ubcf4\uc870\uc81c\ub85c \uc0ac\uc6a9\ub429\ub2c8\ub2e4.\" \/>\n<meta name=\"robots\" content=\"index, follow, max-snippet:-1, max-image-preview:large, max-video-preview:-1\" \/>\n<link rel=\"canonical\" href=\"https:\/\/naturalpoland.com\/ko\/je-pum\/dong-mul-yong-won-ryo\/%eb%a7%90%ec%9d%84-%ec%9c%84%ed%95%9c-%ec%8b%9d%eb%ac%bc%ec%84%b1-%ec%9b%90%eb%a3%8c\/\" \/>\n<meta property=\"og:locale\" content=\"ko_KR\" \/>\n<meta property=\"og:type\" content=\"article\" \/>\n<meta property=\"og:title\" content=\"\ub9d0\uc744 \uc704\ud55c \uc2dd\ubb3c\uc131 \uc6d0\ub8cc - Hurtowy Dystrybutor\" \/>\n<meta property=\"og:description\" content=\"\ub9d0\uc744 \uc704\ud55c \uc2dd\ubb3c\uc131 \uc6d0\ub8cc\ub294 \uc0ac\ub8cc \ucca8\uac00\uc81c, \ud5c8\ube0c \ud63c\ud569\ubb3c\uc758 \uad6c\uc131 \uc694\uc18c, \ub3d9\ubb3c\uc758 \uac74\uac15\uacfc \uc0c1\ud0dc\ub97c \uc704\ud55c \ucc9c\uc5f0 \ubcf4\uc870\uc81c\ub85c \uc0ac\uc6a9\ub429\ub2c8\ub2e4.\" \/>\n<meta property=\"og:url\" content=\"https:\/\/naturalpoland.com\/ko\/je-pum\/dong-mul-yong-won-ryo\/%eb%a7%90%ec%9d%84-%ec%9c%84%ed%95%9c-%ec%8b%9d%eb%ac%bc%ec%84%b1-%ec%9b%90%eb%a3%8c\/\" \/>\n<meta property=\"og:site_name\" content=\"NATURAL POLAND - Hurtowy Dystrybutor Surowc\u00f3w\" \/>\n<meta property=\"article:publisher\" content=\"https:\/\/www.facebook.com\/naturalpoland.b2b\" \/>\n<meta property=\"article:modified_time\" content=\"2025-08-07T12:33:49+00:00\" \/>\n<meta property=\"og:image\" content=\"https:\/\/naturalpoland.com\/wp-content\/uploads\/surowce-roslinne-dla-koni.webp\" \/>\n\t<meta property=\"og:image:width\" content=\"1024\" \/>\n\t<meta property=\"og:image:height\" content=\"1024\" \/>\n\t<meta property=\"og:image:type\" content=\"image\/webp\" \/>\n<script type=\"application\/ld+json\" class=\"yoast-schema-graph\">{\"@context\":\"https:\\\/\\\/schema.org\",\"@graph\":[{\"@type\":\"WebPage\",\"@id\":\"https:\\\/\\\/naturalpoland.com\\\/ko\\\/je-pum\\\/dong-mul-yong-won-ryo\\\/%eb%a7%90%ec%9d%84-%ec%9c%84%ed%95%9c-%ec%8b%9d%eb%ac%bc%ec%84%b1-%ec%9b%90%eb%a3%8c\\\/\",\"url\":\"https:\\\/\\\/naturalpoland.com\\\/ko\\\/je-pum\\\/dong-mul-yong-won-ryo\\\/%eb%a7%90%ec%9d%84-%ec%9c%84%ed%95%9c-%ec%8b%9d%eb%ac%bc%ec%84%b1-%ec%9b%90%eb%a3%8c\\\/\",\"name\":\"\ub9d0\uc744 \uc704\ud55c \uc2dd\ubb3c\uc131 \uc6d0\ub8cc - Hurtowy Dystrybutor\",\"isPartOf\":{\"@id\":\"https:\\\/\\\/naturalpoland.com\\\/ko\\\/#website\"},\"primaryImageOfPage\":{\"@id\":\"https:\\\/\\\/naturalpoland.com\\\/ko\\\/je-pum\\\/dong-mul-yong-won-ryo\\\/%eb%a7%90%ec%9d%84-%ec%9c%84%ed%95%9c-%ec%8b%9d%eb%ac%bc%ec%84%b1-%ec%9b%90%eb%a3%8c\\\/#primaryimage\"},\"image\":{\"@id\":\"https:\\\/\\\/naturalpoland.com\\\/ko\\\/je-pum\\\/dong-mul-yong-won-ryo\\\/%eb%a7%90%ec%9d%84-%ec%9c%84%ed%95%9c-%ec%8b%9d%eb%ac%bc%ec%84%b1-%ec%9b%90%eb%a3%8c\\\/#primaryimage\"},\"thumbnailUrl\":\"https:\\\/\\\/naturalpoland.com\\\/wp-content\\\/uploads\\\/surowce-roslinne-dla-koni.webp\",\"datePublished\":\"2025-08-07T12:33:47+00:00\",\"dateModified\":\"2025-08-07T12:33:49+00:00\",\"description\":\"\ub9d0\uc744 \uc704\ud55c \uc2dd\ubb3c\uc131 \uc6d0\ub8cc\ub294 \uc0ac\ub8cc \ucca8\uac00\uc81c, \ud5c8\ube0c \ud63c\ud569\ubb3c\uc758 \uad6c\uc131 \uc694\uc18c, \ub3d9\ubb3c\uc758 \uac74\uac15\uacfc \uc0c1\ud0dc\ub97c \uc704\ud55c \ucc9c\uc5f0 \ubcf4\uc870\uc81c\ub85c \uc0ac\uc6a9\ub429\ub2c8\ub2e4.\",\"breadcrumb\":{\"@id\":\"https:\\\/\\\/naturalpoland.com\\\/ko\\\/je-pum\\\/dong-mul-yong-won-ryo\\\/%eb%a7%90%ec%9d%84-%ec%9c%84%ed%95%9c-%ec%8b%9d%eb%ac%bc%ec%84%b1-%ec%9b%90%eb%a3%8c\\\/#breadcrumb\"},\"inLanguage\":\"ko-KR\",\"potentialAction\":[{\"@type\":\"ReadAction\",\"target\":[\"https:\\\/\\\/naturalpoland.com\\\/ko\\\/je-pum\\\/dong-mul-yong-won-ryo\\\/%eb%a7%90%ec%9d%84-%ec%9c%84%ed%95%9c-%ec%8b%9d%eb%ac%bc%ec%84%b1-%ec%9b%90%eb%a3%8c\\\/\"]}]},{\"@type\":\"ImageObject\",\"inLanguage\":\"ko-KR\",\"@id\":\"https:\\\/\\\/naturalpoland.com\\\/ko\\\/je-pum\\\/dong-mul-yong-won-ryo\\\/%eb%a7%90%ec%9d%84-%ec%9c%84%ed%95%9c-%ec%8b%9d%eb%ac%bc%ec%84%b1-%ec%9b%90%eb%a3%8c\\\/#primaryimage\",\"url\":\"https:\\\/\\\/naturalpoland.com\\\/wp-content\\\/uploads\\\/surowce-roslinne-dla-koni.webp\",\"contentUrl\":\"https:\\\/\\\/naturalpoland.com\\\/wp-content\\\/uploads\\\/surowce-roslinne-dla-koni.webp\",\"width\":1024,\"height\":1024,\"caption\":\"surowce ro\u015blinne dla koni\"},{\"@type\":\"BreadcrumbList\",\"@id\":\"https:\\\/\\\/naturalpoland.com\\\/ko\\\/je-pum\\\/dong-mul-yong-won-ryo\\\/%eb%a7%90%ec%9d%84-%ec%9c%84%ed%95%9c-%ec%8b%9d%eb%ac%bc%ec%84%b1-%ec%9b%90%eb%a3%8c\\\/#breadcrumb\",\"itemListElement\":[{\"@type\":\"ListItem\",\"position\":1,\"name\":\"\ud648\",\"item\":\"https:\\\/\\\/naturalpoland.com\\\/ko\\\/\"},{\"@type\":\"ListItem\",\"position\":2,\"name\":\"\uc81c\ud488\",\"item\":\"https:\\\/\\\/naturalpoland.com\\\/ko\\\/%ec%a0%9c%ed%92%88\\\/\"},{\"@type\":\"ListItem\",\"position\":3,\"name\":\"\ub9d0\uc744 \uc704\ud55c \uc2dd\ubb3c\uc131 \uc6d0\ub8cc\"}]},{\"@type\":\"WebSite\",\"@id\":\"https:\\\/\\\/naturalpoland.com\\\/ko\\\/#website\",\"url\":\"https:\\\/\\\/naturalpoland.com\\\/ko\\\/\",\"name\":\"NATURAL POLAND - Hurtowy Dystrybutor Surowc\u00f3w\",\"description\":\"Surowce dla przemys\u0142u spo\u017cywczego, kosmetycznego i farmaceutycznego\",\"publisher\":{\"@id\":\"https:\\\/\\\/naturalpoland.com\\\/ko\\\/#organization\"},\"potentialAction\":[{\"@type\":\"SearchAction\",\"target\":{\"@type\":\"EntryPoint\",\"urlTemplate\":\"https:\\\/\\\/naturalpoland.com\\\/ko\\\/?s={search_term_string}\"},\"query-input\":{\"@type\":\"PropertyValueSpecification\",\"valueRequired\":true,\"valueName\":\"search_term_string\"}}],\"inLanguage\":\"ko-KR\"},{\"@type\":\"Organization\",\"@id\":\"https:\\\/\\\/naturalpoland.com\\\/ko\\\/#organization\",\"name\":\"Natural Poland\",\"url\":\"https:\\\/\\\/naturalpoland.com\\\/ko\\\/\",\"logo\":{\"@type\":\"ImageObject\",\"inLanguage\":\"ko-KR\",\"@id\":\"https:\\\/\\\/naturalpoland.com\\\/ko\\\/#\\\/schema\\\/logo\\\/image\\\/\",\"url\":\"https:\\\/\\\/naturalpoland.com\\\/wp-content\\\/uploads\\\/2021\\\/05\\\/natural-poland-icon.png\",\"contentUrl\":\"https:\\\/\\\/naturalpoland.com\\\/wp-content\\\/uploads\\\/2021\\\/05\\\/natural-poland-icon.png\",\"width\":512,\"height\":512,\"caption\":\"Natural Poland\"},\"image\":{\"@id\":\"https:\\\/\\\/naturalpoland.com\\\/ko\\\/#\\\/schema\\\/logo\\\/image\\\/\"},\"sameAs\":[\"https:\\\/\\\/www.facebook.com\\\/naturalpoland.b2b\",\"https:\\\/\\\/pl.linkedin.com\\\/company\\\/natural-poland\",\"https:\\\/\\\/www.youtube.com\\\/channel\\\/UCgeGGkvOMahZo-xu_MSEWxg\"]}]}<\/script>\n<!-- \/ Yoast SEO plugin. -->","yoast_head_json":{"title":"\ub9d0\uc744 \uc704\ud55c \uc2dd\ubb3c\uc131 \uc6d0\ub8cc - Hurtowy Dystrybutor","description":"\ub9d0\uc744 \uc704\ud55c \uc2dd\ubb3c\uc131 \uc6d0\ub8cc\ub294 \uc0ac\ub8cc \ucca8\uac00\uc81c, \ud5c8\ube0c \ud63c\ud569\ubb3c\uc758 \uad6c\uc131 \uc694\uc18c, \ub3d9\ubb3c\uc758 \uac74\uac15\uacfc \uc0c1\ud0dc\ub97c \uc704\ud55c \ucc9c\uc5f0 \ubcf4\uc870\uc81c\ub85c \uc0ac\uc6a9\ub429\ub2c8\ub2e4.","robots":{"index":"index","follow":"follow","max-snippet":"max-snippet:-1","max-image-preview":"max-image-preview:large","max-video-preview":"max-video-preview:-1"},"canonical":"https:\/\/naturalpoland.com\/ko\/je-pum\/dong-mul-yong-won-ryo\/%eb%a7%90%ec%9d%84-%ec%9c%84%ed%95%9c-%ec%8b%9d%eb%ac%bc%ec%84%b1-%ec%9b%90%eb%a3%8c\/","og_locale":"ko_KR","og_type":"article","og_title":"\ub9d0\uc744 \uc704\ud55c \uc2dd\ubb3c\uc131 \uc6d0\ub8cc - Hurtowy Dystrybutor","og_description":"\ub9d0\uc744 \uc704\ud55c \uc2dd\ubb3c\uc131 \uc6d0\ub8cc\ub294 \uc0ac\ub8cc \ucca8\uac00\uc81c, \ud5c8\ube0c \ud63c\ud569\ubb3c\uc758 \uad6c\uc131 \uc694\uc18c, \ub3d9\ubb3c\uc758 \uac74\uac15\uacfc \uc0c1\ud0dc\ub97c \uc704\ud55c \ucc9c\uc5f0 \ubcf4\uc870\uc81c\ub85c \uc0ac\uc6a9\ub429\ub2c8\ub2e4.","og_url":"https:\/\/naturalpoland.com\/ko\/je-pum\/dong-mul-yong-won-ryo\/%eb%a7%90%ec%9d%84-%ec%9c%84%ed%95%9c-%ec%8b%9d%eb%ac%bc%ec%84%b1-%ec%9b%90%eb%a3%8c\/","og_site_name":"NATURAL POLAND - Hurtowy Dystrybutor Surowc\u00f3w","article_publisher":"https:\/\/www.facebook.com\/naturalpoland.b2b","article_modified_time":"2025-08-07T12:33:49+00:00","og_image":[{"width":1024,"height":1024,"url":"https:\/\/naturalpoland.com\/wp-content\/uploads\/surowce-roslinne-dla-koni.webp","type":"image\/webp"}],"schema":{"@context":"https:\/\/schema.org","@graph":[{"@type":"WebPage","@id":"https:\/\/naturalpoland.com\/ko\/je-pum\/dong-mul-yong-won-ryo\/%eb%a7%90%ec%9d%84-%ec%9c%84%ed%95%9c-%ec%8b%9d%eb%ac%bc%ec%84%b1-%ec%9b%90%eb%a3%8c\/","url":"https:\/\/naturalpoland.com\/ko\/je-pum\/dong-mul-yong-won-ryo\/%eb%a7%90%ec%9d%84-%ec%9c%84%ed%95%9c-%ec%8b%9d%eb%ac%bc%ec%84%b1-%ec%9b%90%eb%a3%8c\/","name":"\ub9d0\uc744 \uc704\ud55c \uc2dd\ubb3c\uc131 \uc6d0\ub8cc - Hurtowy Dystrybutor","isPartOf":{"@id":"https:\/\/naturalpoland.com\/ko\/#website"},"primaryImageOfPage":{"@id":"https:\/\/naturalpoland.com\/ko\/je-pum\/dong-mul-yong-won-ryo\/%eb%a7%90%ec%9d%84-%ec%9c%84%ed%95%9c-%ec%8b%9d%eb%ac%bc%ec%84%b1-%ec%9b%90%eb%a3%8c\/#primaryimage"},"image":{"@id":"https:\/\/naturalpoland.com\/ko\/je-pum\/dong-mul-yong-won-ryo\/%eb%a7%90%ec%9d%84-%ec%9c%84%ed%95%9c-%ec%8b%9d%eb%ac%bc%ec%84%b1-%ec%9b%90%eb%a3%8c\/#primaryimage"},"thumbnailUrl":"https:\/\/naturalpoland.com\/wp-content\/uploads\/surowce-roslinne-dla-koni.webp","datePublished":"2025-08-07T12:33:47+00:00","dateModified":"2025-08-07T12:33:49+00:00","description":"\ub9d0\uc744 \uc704\ud55c \uc2dd\ubb3c\uc131 \uc6d0\ub8cc\ub294 \uc0ac\ub8cc \ucca8\uac00\uc81c, \ud5c8\ube0c \ud63c\ud569\ubb3c\uc758 \uad6c\uc131 \uc694\uc18c, \ub3d9\ubb3c\uc758 \uac74\uac15\uacfc \uc0c1\ud0dc\ub97c \uc704\ud55c \ucc9c\uc5f0 \ubcf4\uc870\uc81c\ub85c \uc0ac\uc6a9\ub429\ub2c8\ub2e4.","breadcrumb":{"@id":"https:\/\/naturalpoland.com\/ko\/je-pum\/dong-mul-yong-won-ryo\/%eb%a7%90%ec%9d%84-%ec%9c%84%ed%95%9c-%ec%8b%9d%eb%ac%bc%ec%84%b1-%ec%9b%90%eb%a3%8c\/#breadcrumb"},"inLanguage":"ko-KR","potentialAction":[{"@type":"ReadAction","target":["https:\/\/naturalpoland.com\/ko\/je-pum\/dong-mul-yong-won-ryo\/%eb%a7%90%ec%9d%84-%ec%9c%84%ed%95%9c-%ec%8b%9d%eb%ac%bc%ec%84%b1-%ec%9b%90%eb%a3%8c\/"]}]},{"@type":"ImageObject","inLanguage":"ko-KR","@id":"https:\/\/naturalpoland.com\/ko\/je-pum\/dong-mul-yong-won-ryo\/%eb%a7%90%ec%9d%84-%ec%9c%84%ed%95%9c-%ec%8b%9d%eb%ac%bc%ec%84%b1-%ec%9b%90%eb%a3%8c\/#primaryimage","url":"https:\/\/naturalpoland.com\/wp-content\/uploads\/surowce-roslinne-dla-koni.webp","contentUrl":"https:\/\/naturalpoland.com\/wp-content\/uploads\/surowce-roslinne-dla-koni.webp","width":1024,"height":1024,"caption":"surowce ro\u015blinne dla koni"},{"@type":"BreadcrumbList","@id":"https:\/\/naturalpoland.com\/ko\/je-pum\/dong-mul-yong-won-ryo\/%eb%a7%90%ec%9d%84-%ec%9c%84%ed%95%9c-%ec%8b%9d%eb%ac%bc%ec%84%b1-%ec%9b%90%eb%a3%8c\/#breadcrumb","itemListElement":[{"@type":"ListItem","position":1,"name":"\ud648","item":"https:\/\/naturalpoland.com\/ko\/"},{"@type":"ListItem","position":2,"name":"\uc81c\ud488","item":"https:\/\/naturalpoland.com\/ko\/%ec%a0%9c%ed%92%88\/"},{"@type":"ListItem","position":3,"name":"\ub9d0\uc744 \uc704\ud55c \uc2dd\ubb3c\uc131 \uc6d0\ub8cc"}]},{"@type":"WebSite","@id":"https:\/\/naturalpoland.com\/ko\/#website","url":"https:\/\/naturalpoland.com\/ko\/","name":"NATURAL POLAND - Hurtowy Dystrybutor Surowc\u00f3w","description":"Surowce dla przemys\u0142u spo\u017cywczego, kosmetycznego i farmaceutycznego","publisher":{"@id":"https:\/\/naturalpoland.com\/ko\/#organization"},"potentialAction":[{"@type":"SearchAction","target":{"@type":"EntryPoint","urlTemplate":"https:\/\/naturalpoland.com\/ko\/?s={search_term_string}"},"query-input":{"@type":"PropertyValueSpecification","valueRequired":true,"valueName":"search_term_string"}}],"inLanguage":"ko-KR"},{"@type":"Organization","@id":"https:\/\/naturalpoland.com\/ko\/#organization","name":"Natural Poland","url":"https:\/\/naturalpoland.com\/ko\/","logo":{"@type":"ImageObject","inLanguage":"ko-KR","@id":"https:\/\/naturalpoland.com\/ko\/#\/schema\/logo\/image\/","url":"https:\/\/naturalpoland.com\/wp-content\/uploads\/2021\/05\/natural-poland-icon.png","contentUrl":"https:\/\/naturalpoland.com\/wp-content\/uploads\/2021\/05\/natural-poland-icon.png","width":512,"height":512,"caption":"Natural Poland"},"image":{"@id":"https:\/\/naturalpoland.com\/ko\/#\/schema\/logo\/image\/"},"sameAs":["https:\/\/www.facebook.com\/naturalpoland.b2b","https:\/\/pl.linkedin.com\/company\/natural-poland","https:\/\/www.youtube.com\/channel\/UCgeGGkvOMahZo-xu_MSEWxg"]}]}},"_links":{"self":[{"href":"https:\/\/naturalpoland.com\/ko\/wp-json\/wp\/v2\/product\/42591","targetHints":{"allow":["GET"]}}],"collection":[{"href":"https:\/\/naturalpoland.com\/ko\/wp-json\/wp\/v2\/product"}],"about":[{"href":"https:\/\/naturalpoland.com\/ko\/wp-json\/wp\/v2\/types\/product"}],"wp:featuredmedia":[{"embeddable":true,"href":"https:\/\/naturalpoland.com\/ko\/wp-json\/wp\/v2\/media\/42105"}],"wp:attachment":[{"href":"https:\/\/naturalpoland.com\/ko\/wp-json\/wp\/v2\/media?parent=42591"}],"wp:term":[{"taxonomy":"product_brand","embeddable":true,"href":"https:\/\/naturalpoland.com\/ko\/wp-json\/wp\/v2\/product_brand?post=42591"},{"taxonomy":"product_cat","embeddable":true,"href":"https:\/\/naturalpoland.com\/ko\/wp-json\/wp\/v2\/product_cat?post=42591"},{"taxonomy":"product_tag","embeddable":true,"href":"https:\/\/naturalpoland.com\/ko\/wp-json\/wp\/v2\/product_tag?post=42591"}],"curies":[{"name":"wp","href":"https:\/\/api.w.org\/{rel}","templated":true}]}}