{"id":42599,"date":"2025-07-29T15:58:37","date_gmt":"2025-07-29T13:58:37","guid":{"rendered":"https:\/\/naturalpoland.com\/produkty\/uncategorized\/%ec%9e%90%ec%9e%91%eb%82%98%eb%ac%b4-%ec%9e%8e-%ec%b6%94%ec%b6%9c%eb%ac%bc\/"},"modified":"2025-08-07T14:35:36","modified_gmt":"2025-08-07T12:35:36","slug":"%ec%9e%90%ec%9e%91%eb%82%98%eb%ac%b4-%ec%9e%8e-%ec%b6%94%ec%b6%9c%eb%ac%bc","status":"publish","type":"product","link":"https:\/\/naturalpoland.com\/ko\/je-pum\/sig-mul-chu-chul-mul\/%ec%9e%90%ec%9e%91%eb%82%98%eb%ac%b4-%ec%9e%8e-%ec%b6%94%ec%b6%9c%eb%ac%bc\/","title":{"rendered":"\uc790\uc791\ub098\ubb34 \uc78e \ucd94\ucd9c\ubb3c"},"content":{"rendered":"<p>\uc790\uc791\ub098\ubb34 \uc78e \ucd94\ucd9c\ubb3c\uc740 \ud22c\uba85\ud55c \uc0c1\uc544\uc0c9\uacfc \uc790\uc5f0\uc2a4\ub7ec\uc6b4 \ud2b9\uc720\uc758 \ud5a5\uc774 \ud2b9\uc9d5\uc785\ub2c8\ub2e4. \uc774 \uc81c\ud488\uc740 \ubb3c\uc5d0 \uc6a9\ud574\ub418\uba70 \uc54c\ucf54\uc62c\uc5d0 \ubd80\ubd84\uc801\uc73c\ub85c \uc6a9\ud574\ub418\uace0 \uad11\ubb3c\uc720\uc5d0\ub294 \uc6a9\ud574\ub418\uc9c0 \uc54a\uc2b5\ub2c8\ub2e4. <\/p>\n<h2>\uc790\uc791\ub098\ubb34 \uc78e \ucd94\ucd9c\ubb3c\uc758 \ud2b9\uc131 \ubc0f \uc6a9\ub3c4<\/h2>\n<p>\uc774 \ucd94\ucd9c\ubb3c\uc740 \uc815\ud654, \ud574\ub3c5 \ubc0f \ube44\ub1e8\uae30\uacc4 \uc9c0\uc6d0 \ud2b9\uc131\uc744 \uac00\uc9c0\uace0 \uc788\uc2b5\ub2c8\ub2e4. \uc2e0\uc7a5 \ubc0f \uac04 \uae30\ub2a5\uc744 \uc9c0\uc6d0\ud558\uace0 \uc2e0\uccb4\uc5d0\uc11c \ub3c5\uc18c \uc81c\uac70\ub97c \uac00\uc18d\ud654\ud558\uba70 \uc5fc\uc99d\uc744 \uc644\ud654\ud558\ub294 \uc81c\uc81c\uc5d0 \uc804\ud1b5\uc801\uc73c\ub85c \uc0ac\uc6a9\ub429\ub2c8\ub2e4. <\/p>\n<p>\ud654\uc7a5\ud488\uc5d0\uc11c\ub294 \uc815\ud654, \ud1a0\ub2dd \ubc0f \uc218\ub834 \uc81c\uc81c\uc758 \uc131\ubd84\uc73c\ub85c \uc0ac\uc6a9\ub429\ub2c8\ub2e4. \uc9c0\uc131 \ubc0f \ubb38\uc81c\uc131 \ud53c\ubd80\uc758 \uc0c1\ud0dc\ub97c \uac1c\uc120\ud558\ub294 \ub370 \ub3c4\uc6c0\uc774 \ub418\uba70 \ud56d\uade0 \ubc0f \ud56d\uc5fc \uc791\uc6a9\uc744 \ud569\ub2c8\ub2e4. \uc790\uc791\ub098\ubb34 \ucd94\ucd9c\ubb3c\uc740 \ub610\ud55c \ubbf8\uc138 \uc21c\ud658\uc744 \uc9c0\uc6d0\ud558\uc5ec \ud53c\ubd80 \ud0c4\ub825\uacfc \uc601\uc591 \uac1c\uc120\uc5d0 \uae30\uc5ec\ud560 \uc218 \uc788\uc2b5\ub2c8\ub2e4. \ucc9c\uc5f0 \uc720\ub798 \ubc0f \uc628\ud654\ud55c \ubbf8\uc0dd\ubb3c \ud504\ub85c\ud544 \ub355\ubd84\uc5d0 \uc774 \uc6d0\ub8cc\ub294 \ubbfc\uac10\ud558\uace0 \uc790\uadf9\ubc1b\uae30 \uc26c\uc6b4 \ud53c\ubd80\ub97c \uc704\ud55c \uc81c\ud488\uc5d0\ub3c4 \uc801\ud569\ud569\ub2c8\ub2e4.   <\/p>\n","protected":false},"excerpt":{"rendered":"<p><strong>\uc790\uc791\ub098\ubb34 \uc78e \ucd94\ucd9c\ubb3c<\/strong>\uc740 \ubc29\uc0ac\uc120\uc774\ub098 \uc5d0\ud2f8\ub80c \uc625\uc0ac\uc774\ub4dc \uc5c6\uc774 \ubb3c-\uae00\ub9ac\uc138\ub9b0 \uc6a9\uc561\uc744 \uc0ac\uc6a9\ud558\uc5ec <em>Betula pubescens<\/em> \uc2dd\ubb3c\uc758 \uac74\uc870\ub41c \uc78e\uc744 \ubd80\ub4dc\ub7fd\uac8c \ucd94\ucd9c\ud558\uc5ec \uc5bb\uc2b5\ub2c8\ub2e4.<\/p>\n","protected":false},"featured_media":42305,"template":"","meta":[],"product_brand":[],"product_cat":[8134],"product_tag":[],"class_list":{"0":"post-42599","1":"product","2":"type-product","3":"status-publish","4":"has-post-thumbnail","6":"product_cat-sig-mul-chu-chul-mul","7":"pa_czesc-rosliny-8186","8":"pa_metoda-pozyskiwania-8897","10":"first","11":"instock","12":"shipping-taxable","13":"product-type-simple"},"yoast_head":"<!-- This site is optimized with the Yoast SEO plugin v27.3 - https:\/\/yoast.com\/product\/yoast-seo-wordpress\/ -->\n<title>\uc790\uc791\ub098\ubb34 \uc78e \ucd94\ucd9c\ubb3c - Hurtowy Dystrybutor<\/title>\n<meta name=\"description\" content=\"\uc790\uc791\ub098\ubb34 \uc78e \ucd94\ucd9c\ubb3c\uc740 \uac74\uc870\ub41c \uc78e\uc744 \ubb3c-\uae00\ub9ac\uc138\ub9b0 \uc6a9\uc561\uc73c\ub85c \ubd80\ub4dc\ub7fd\uac8c \ucd94\ucd9c\ud558\uc5ec \uc5bb\uc740 \uc2dd\ubb3c\uc131 \uc6d0\ub8cc\uc785\ub2c8\ub2e4.\" \/>\n<meta name=\"robots\" content=\"index, follow, max-snippet:-1, max-image-preview:large, max-video-preview:-1\" \/>\n<link rel=\"canonical\" href=\"https:\/\/naturalpoland.com\/ko\/je-pum\/sig-mul-chu-chul-mul\/%ec%9e%90%ec%9e%91%eb%82%98%eb%ac%b4-%ec%9e%8e-%ec%b6%94%ec%b6%9c%eb%ac%bc\/\" \/>\n<meta property=\"og:locale\" content=\"ko_KR\" \/>\n<meta property=\"og:type\" content=\"article\" \/>\n<meta property=\"og:title\" content=\"\uc790\uc791\ub098\ubb34 \uc78e \ucd94\ucd9c\ubb3c - Hurtowy Dystrybutor\" \/>\n<meta property=\"og:description\" content=\"\uc790\uc791\ub098\ubb34 \uc78e \ucd94\ucd9c\ubb3c\uc740 \uac74\uc870\ub41c \uc78e\uc744 \ubb3c-\uae00\ub9ac\uc138\ub9b0 \uc6a9\uc561\uc73c\ub85c \ubd80\ub4dc\ub7fd\uac8c \ucd94\ucd9c\ud558\uc5ec \uc5bb\uc740 \uc2dd\ubb3c\uc131 \uc6d0\ub8cc\uc785\ub2c8\ub2e4.\" \/>\n<meta property=\"og:url\" content=\"https:\/\/naturalpoland.com\/ko\/je-pum\/sig-mul-chu-chul-mul\/%ec%9e%90%ec%9e%91%eb%82%98%eb%ac%b4-%ec%9e%8e-%ec%b6%94%ec%b6%9c%eb%ac%bc\/\" \/>\n<meta property=\"og:site_name\" content=\"NATURAL POLAND - Hurtowy Dystrybutor Surowc\u00f3w\" \/>\n<meta property=\"article:publisher\" content=\"https:\/\/www.facebook.com\/naturalpoland.b2b\" \/>\n<meta property=\"article:modified_time\" content=\"2025-08-07T12:35:36+00:00\" \/>\n<meta property=\"og:image\" content=\"https:\/\/naturalpoland.com\/wp-content\/uploads\/ekstrakt-z-lisci-brzozy.webp\" \/>\n\t<meta property=\"og:image:width\" content=\"1024\" \/>\n\t<meta property=\"og:image:height\" content=\"1024\" \/>\n\t<meta property=\"og:image:type\" content=\"image\/webp\" \/>\n<script type=\"application\/ld+json\" class=\"yoast-schema-graph\">{\"@context\":\"https:\\\/\\\/schema.org\",\"@graph\":[{\"@type\":\"WebPage\",\"@id\":\"https:\\\/\\\/naturalpoland.com\\\/ko\\\/je-pum\\\/sig-mul-chu-chul-mul\\\/%ec%9e%90%ec%9e%91%eb%82%98%eb%ac%b4-%ec%9e%8e-%ec%b6%94%ec%b6%9c%eb%ac%bc\\\/\",\"url\":\"https:\\\/\\\/naturalpoland.com\\\/ko\\\/je-pum\\\/sig-mul-chu-chul-mul\\\/%ec%9e%90%ec%9e%91%eb%82%98%eb%ac%b4-%ec%9e%8e-%ec%b6%94%ec%b6%9c%eb%ac%bc\\\/\",\"name\":\"\uc790\uc791\ub098\ubb34 \uc78e \ucd94\ucd9c\ubb3c - Hurtowy Dystrybutor\",\"isPartOf\":{\"@id\":\"https:\\\/\\\/naturalpoland.com\\\/ko\\\/#website\"},\"primaryImageOfPage\":{\"@id\":\"https:\\\/\\\/naturalpoland.com\\\/ko\\\/je-pum\\\/sig-mul-chu-chul-mul\\\/%ec%9e%90%ec%9e%91%eb%82%98%eb%ac%b4-%ec%9e%8e-%ec%b6%94%ec%b6%9c%eb%ac%bc\\\/#primaryimage\"},\"image\":{\"@id\":\"https:\\\/\\\/naturalpoland.com\\\/ko\\\/je-pum\\\/sig-mul-chu-chul-mul\\\/%ec%9e%90%ec%9e%91%eb%82%98%eb%ac%b4-%ec%9e%8e-%ec%b6%94%ec%b6%9c%eb%ac%bc\\\/#primaryimage\"},\"thumbnailUrl\":\"https:\\\/\\\/naturalpoland.com\\\/wp-content\\\/uploads\\\/ekstrakt-z-lisci-brzozy.webp\",\"datePublished\":\"2025-07-29T13:58:37+00:00\",\"dateModified\":\"2025-08-07T12:35:36+00:00\",\"description\":\"\uc790\uc791\ub098\ubb34 \uc78e \ucd94\ucd9c\ubb3c\uc740 \uac74\uc870\ub41c \uc78e\uc744 \ubb3c-\uae00\ub9ac\uc138\ub9b0 \uc6a9\uc561\uc73c\ub85c \ubd80\ub4dc\ub7fd\uac8c \ucd94\ucd9c\ud558\uc5ec \uc5bb\uc740 \uc2dd\ubb3c\uc131 \uc6d0\ub8cc\uc785\ub2c8\ub2e4.\",\"breadcrumb\":{\"@id\":\"https:\\\/\\\/naturalpoland.com\\\/ko\\\/je-pum\\\/sig-mul-chu-chul-mul\\\/%ec%9e%90%ec%9e%91%eb%82%98%eb%ac%b4-%ec%9e%8e-%ec%b6%94%ec%b6%9c%eb%ac%bc\\\/#breadcrumb\"},\"inLanguage\":\"ko-KR\",\"potentialAction\":[{\"@type\":\"ReadAction\",\"target\":[\"https:\\\/\\\/naturalpoland.com\\\/ko\\\/je-pum\\\/sig-mul-chu-chul-mul\\\/%ec%9e%90%ec%9e%91%eb%82%98%eb%ac%b4-%ec%9e%8e-%ec%b6%94%ec%b6%9c%eb%ac%bc\\\/\"]}]},{\"@type\":\"ImageObject\",\"inLanguage\":\"ko-KR\",\"@id\":\"https:\\\/\\\/naturalpoland.com\\\/ko\\\/je-pum\\\/sig-mul-chu-chul-mul\\\/%ec%9e%90%ec%9e%91%eb%82%98%eb%ac%b4-%ec%9e%8e-%ec%b6%94%ec%b6%9c%eb%ac%bc\\\/#primaryimage\",\"url\":\"https:\\\/\\\/naturalpoland.com\\\/wp-content\\\/uploads\\\/ekstrakt-z-lisci-brzozy.webp\",\"contentUrl\":\"https:\\\/\\\/naturalpoland.com\\\/wp-content\\\/uploads\\\/ekstrakt-z-lisci-brzozy.webp\",\"width\":1024,\"height\":1024,\"caption\":\"ekstrakt z li\u015bci brzozy w formie p\u0142ynnej\"},{\"@type\":\"BreadcrumbList\",\"@id\":\"https:\\\/\\\/naturalpoland.com\\\/ko\\\/je-pum\\\/sig-mul-chu-chul-mul\\\/%ec%9e%90%ec%9e%91%eb%82%98%eb%ac%b4-%ec%9e%8e-%ec%b6%94%ec%b6%9c%eb%ac%bc\\\/#breadcrumb\",\"itemListElement\":[{\"@type\":\"ListItem\",\"position\":1,\"name\":\"\ud648\",\"item\":\"https:\\\/\\\/naturalpoland.com\\\/ko\\\/\"},{\"@type\":\"ListItem\",\"position\":2,\"name\":\"\uc81c\ud488\",\"item\":\"https:\\\/\\\/naturalpoland.com\\\/ko\\\/%ec%a0%9c%ed%92%88\\\/\"},{\"@type\":\"ListItem\",\"position\":3,\"name\":\"\uc790\uc791\ub098\ubb34 \uc78e \ucd94\ucd9c\ubb3c\"}]},{\"@type\":\"WebSite\",\"@id\":\"https:\\\/\\\/naturalpoland.com\\\/ko\\\/#website\",\"url\":\"https:\\\/\\\/naturalpoland.com\\\/ko\\\/\",\"name\":\"NATURAL POLAND - Hurtowy Dystrybutor Surowc\u00f3w\",\"description\":\"Surowce dla przemys\u0142u spo\u017cywczego, kosmetycznego i farmaceutycznego\",\"publisher\":{\"@id\":\"https:\\\/\\\/naturalpoland.com\\\/ko\\\/#organization\"},\"potentialAction\":[{\"@type\":\"SearchAction\",\"target\":{\"@type\":\"EntryPoint\",\"urlTemplate\":\"https:\\\/\\\/naturalpoland.com\\\/ko\\\/?s={search_term_string}\"},\"query-input\":{\"@type\":\"PropertyValueSpecification\",\"valueRequired\":true,\"valueName\":\"search_term_string\"}}],\"inLanguage\":\"ko-KR\"},{\"@type\":\"Organization\",\"@id\":\"https:\\\/\\\/naturalpoland.com\\\/ko\\\/#organization\",\"name\":\"Natural Poland\",\"url\":\"https:\\\/\\\/naturalpoland.com\\\/ko\\\/\",\"logo\":{\"@type\":\"ImageObject\",\"inLanguage\":\"ko-KR\",\"@id\":\"https:\\\/\\\/naturalpoland.com\\\/ko\\\/#\\\/schema\\\/logo\\\/image\\\/\",\"url\":\"https:\\\/\\\/naturalpoland.com\\\/wp-content\\\/uploads\\\/2021\\\/05\\\/natural-poland-icon.png\",\"contentUrl\":\"https:\\\/\\\/naturalpoland.com\\\/wp-content\\\/uploads\\\/2021\\\/05\\\/natural-poland-icon.png\",\"width\":512,\"height\":512,\"caption\":\"Natural Poland\"},\"image\":{\"@id\":\"https:\\\/\\\/naturalpoland.com\\\/ko\\\/#\\\/schema\\\/logo\\\/image\\\/\"},\"sameAs\":[\"https:\\\/\\\/www.facebook.com\\\/naturalpoland.b2b\",\"https:\\\/\\\/pl.linkedin.com\\\/company\\\/natural-poland\",\"https:\\\/\\\/www.youtube.com\\\/channel\\\/UCgeGGkvOMahZo-xu_MSEWxg\"]}]}<\/script>\n<!-- \/ Yoast SEO plugin. -->","yoast_head_json":{"title":"\uc790\uc791\ub098\ubb34 \uc78e \ucd94\ucd9c\ubb3c - Hurtowy Dystrybutor","description":"\uc790\uc791\ub098\ubb34 \uc78e \ucd94\ucd9c\ubb3c\uc740 \uac74\uc870\ub41c \uc78e\uc744 \ubb3c-\uae00\ub9ac\uc138\ub9b0 \uc6a9\uc561\uc73c\ub85c \ubd80\ub4dc\ub7fd\uac8c \ucd94\ucd9c\ud558\uc5ec \uc5bb\uc740 \uc2dd\ubb3c\uc131 \uc6d0\ub8cc\uc785\ub2c8\ub2e4.","robots":{"index":"index","follow":"follow","max-snippet":"max-snippet:-1","max-image-preview":"max-image-preview:large","max-video-preview":"max-video-preview:-1"},"canonical":"https:\/\/naturalpoland.com\/ko\/je-pum\/sig-mul-chu-chul-mul\/%ec%9e%90%ec%9e%91%eb%82%98%eb%ac%b4-%ec%9e%8e-%ec%b6%94%ec%b6%9c%eb%ac%bc\/","og_locale":"ko_KR","og_type":"article","og_title":"\uc790\uc791\ub098\ubb34 \uc78e \ucd94\ucd9c\ubb3c - Hurtowy Dystrybutor","og_description":"\uc790\uc791\ub098\ubb34 \uc78e \ucd94\ucd9c\ubb3c\uc740 \uac74\uc870\ub41c \uc78e\uc744 \ubb3c-\uae00\ub9ac\uc138\ub9b0 \uc6a9\uc561\uc73c\ub85c \ubd80\ub4dc\ub7fd\uac8c \ucd94\ucd9c\ud558\uc5ec \uc5bb\uc740 \uc2dd\ubb3c\uc131 \uc6d0\ub8cc\uc785\ub2c8\ub2e4.","og_url":"https:\/\/naturalpoland.com\/ko\/je-pum\/sig-mul-chu-chul-mul\/%ec%9e%90%ec%9e%91%eb%82%98%eb%ac%b4-%ec%9e%8e-%ec%b6%94%ec%b6%9c%eb%ac%bc\/","og_site_name":"NATURAL POLAND - Hurtowy Dystrybutor Surowc\u00f3w","article_publisher":"https:\/\/www.facebook.com\/naturalpoland.b2b","article_modified_time":"2025-08-07T12:35:36+00:00","og_image":[{"width":1024,"height":1024,"url":"https:\/\/naturalpoland.com\/wp-content\/uploads\/ekstrakt-z-lisci-brzozy.webp","type":"image\/webp"}],"schema":{"@context":"https:\/\/schema.org","@graph":[{"@type":"WebPage","@id":"https:\/\/naturalpoland.com\/ko\/je-pum\/sig-mul-chu-chul-mul\/%ec%9e%90%ec%9e%91%eb%82%98%eb%ac%b4-%ec%9e%8e-%ec%b6%94%ec%b6%9c%eb%ac%bc\/","url":"https:\/\/naturalpoland.com\/ko\/je-pum\/sig-mul-chu-chul-mul\/%ec%9e%90%ec%9e%91%eb%82%98%eb%ac%b4-%ec%9e%8e-%ec%b6%94%ec%b6%9c%eb%ac%bc\/","name":"\uc790\uc791\ub098\ubb34 \uc78e \ucd94\ucd9c\ubb3c - Hurtowy Dystrybutor","isPartOf":{"@id":"https:\/\/naturalpoland.com\/ko\/#website"},"primaryImageOfPage":{"@id":"https:\/\/naturalpoland.com\/ko\/je-pum\/sig-mul-chu-chul-mul\/%ec%9e%90%ec%9e%91%eb%82%98%eb%ac%b4-%ec%9e%8e-%ec%b6%94%ec%b6%9c%eb%ac%bc\/#primaryimage"},"image":{"@id":"https:\/\/naturalpoland.com\/ko\/je-pum\/sig-mul-chu-chul-mul\/%ec%9e%90%ec%9e%91%eb%82%98%eb%ac%b4-%ec%9e%8e-%ec%b6%94%ec%b6%9c%eb%ac%bc\/#primaryimage"},"thumbnailUrl":"https:\/\/naturalpoland.com\/wp-content\/uploads\/ekstrakt-z-lisci-brzozy.webp","datePublished":"2025-07-29T13:58:37+00:00","dateModified":"2025-08-07T12:35:36+00:00","description":"\uc790\uc791\ub098\ubb34 \uc78e \ucd94\ucd9c\ubb3c\uc740 \uac74\uc870\ub41c \uc78e\uc744 \ubb3c-\uae00\ub9ac\uc138\ub9b0 \uc6a9\uc561\uc73c\ub85c \ubd80\ub4dc\ub7fd\uac8c \ucd94\ucd9c\ud558\uc5ec \uc5bb\uc740 \uc2dd\ubb3c\uc131 \uc6d0\ub8cc\uc785\ub2c8\ub2e4.","breadcrumb":{"@id":"https:\/\/naturalpoland.com\/ko\/je-pum\/sig-mul-chu-chul-mul\/%ec%9e%90%ec%9e%91%eb%82%98%eb%ac%b4-%ec%9e%8e-%ec%b6%94%ec%b6%9c%eb%ac%bc\/#breadcrumb"},"inLanguage":"ko-KR","potentialAction":[{"@type":"ReadAction","target":["https:\/\/naturalpoland.com\/ko\/je-pum\/sig-mul-chu-chul-mul\/%ec%9e%90%ec%9e%91%eb%82%98%eb%ac%b4-%ec%9e%8e-%ec%b6%94%ec%b6%9c%eb%ac%bc\/"]}]},{"@type":"ImageObject","inLanguage":"ko-KR","@id":"https:\/\/naturalpoland.com\/ko\/je-pum\/sig-mul-chu-chul-mul\/%ec%9e%90%ec%9e%91%eb%82%98%eb%ac%b4-%ec%9e%8e-%ec%b6%94%ec%b6%9c%eb%ac%bc\/#primaryimage","url":"https:\/\/naturalpoland.com\/wp-content\/uploads\/ekstrakt-z-lisci-brzozy.webp","contentUrl":"https:\/\/naturalpoland.com\/wp-content\/uploads\/ekstrakt-z-lisci-brzozy.webp","width":1024,"height":1024,"caption":"ekstrakt z li\u015bci brzozy w formie p\u0142ynnej"},{"@type":"BreadcrumbList","@id":"https:\/\/naturalpoland.com\/ko\/je-pum\/sig-mul-chu-chul-mul\/%ec%9e%90%ec%9e%91%eb%82%98%eb%ac%b4-%ec%9e%8e-%ec%b6%94%ec%b6%9c%eb%ac%bc\/#breadcrumb","itemListElement":[{"@type":"ListItem","position":1,"name":"\ud648","item":"https:\/\/naturalpoland.com\/ko\/"},{"@type":"ListItem","position":2,"name":"\uc81c\ud488","item":"https:\/\/naturalpoland.com\/ko\/%ec%a0%9c%ed%92%88\/"},{"@type":"ListItem","position":3,"name":"\uc790\uc791\ub098\ubb34 \uc78e \ucd94\ucd9c\ubb3c"}]},{"@type":"WebSite","@id":"https:\/\/naturalpoland.com\/ko\/#website","url":"https:\/\/naturalpoland.com\/ko\/","name":"NATURAL POLAND - Hurtowy Dystrybutor Surowc\u00f3w","description":"Surowce dla przemys\u0142u spo\u017cywczego, kosmetycznego i farmaceutycznego","publisher":{"@id":"https:\/\/naturalpoland.com\/ko\/#organization"},"potentialAction":[{"@type":"SearchAction","target":{"@type":"EntryPoint","urlTemplate":"https:\/\/naturalpoland.com\/ko\/?s={search_term_string}"},"query-input":{"@type":"PropertyValueSpecification","valueRequired":true,"valueName":"search_term_string"}}],"inLanguage":"ko-KR"},{"@type":"Organization","@id":"https:\/\/naturalpoland.com\/ko\/#organization","name":"Natural Poland","url":"https:\/\/naturalpoland.com\/ko\/","logo":{"@type":"ImageObject","inLanguage":"ko-KR","@id":"https:\/\/naturalpoland.com\/ko\/#\/schema\/logo\/image\/","url":"https:\/\/naturalpoland.com\/wp-content\/uploads\/2021\/05\/natural-poland-icon.png","contentUrl":"https:\/\/naturalpoland.com\/wp-content\/uploads\/2021\/05\/natural-poland-icon.png","width":512,"height":512,"caption":"Natural Poland"},"image":{"@id":"https:\/\/naturalpoland.com\/ko\/#\/schema\/logo\/image\/"},"sameAs":["https:\/\/www.facebook.com\/naturalpoland.b2b","https:\/\/pl.linkedin.com\/company\/natural-poland","https:\/\/www.youtube.com\/channel\/UCgeGGkvOMahZo-xu_MSEWxg"]}]}},"_links":{"self":[{"href":"https:\/\/naturalpoland.com\/ko\/wp-json\/wp\/v2\/product\/42599","targetHints":{"allow":["GET"]}}],"collection":[{"href":"https:\/\/naturalpoland.com\/ko\/wp-json\/wp\/v2\/product"}],"about":[{"href":"https:\/\/naturalpoland.com\/ko\/wp-json\/wp\/v2\/types\/product"}],"wp:featuredmedia":[{"embeddable":true,"href":"https:\/\/naturalpoland.com\/ko\/wp-json\/wp\/v2\/media\/42305"}],"wp:attachment":[{"href":"https:\/\/naturalpoland.com\/ko\/wp-json\/wp\/v2\/media?parent=42599"}],"wp:term":[{"taxonomy":"product_brand","embeddable":true,"href":"https:\/\/naturalpoland.com\/ko\/wp-json\/wp\/v2\/product_brand?post=42599"},{"taxonomy":"product_cat","embeddable":true,"href":"https:\/\/naturalpoland.com\/ko\/wp-json\/wp\/v2\/product_cat?post=42599"},{"taxonomy":"product_tag","embeddable":true,"href":"https:\/\/naturalpoland.com\/ko\/wp-json\/wp\/v2\/product_tag?post=42599"}],"curies":[{"name":"wp","href":"https:\/\/api.w.org\/{rel}","templated":true}]}}