{"id":42625,"date":"2025-08-05T12:45:55","date_gmt":"2025-08-05T10:45:55","guid":{"rendered":"https:\/\/naturalpoland.com\/produkty\/uncategorized\/%ed%81%ac%eb%a6%bc-%ed%96%a5%eb%a3%8c\/"},"modified":"2025-08-07T14:46:54","modified_gmt":"2025-08-07T12:46:54","slug":"%ed%81%ac%eb%a6%bc-%ed%96%a5%eb%a3%8c","status":"publish","type":"product","link":"https:\/\/naturalpoland.com\/ko\/je-pum\/sig-pum-won-ryo\/hyang-ryo\/di-jeo-teu-hyang\/%ed%81%ac%eb%a6%bc-%ed%96%a5%eb%a3%8c\/","title":{"rendered":"\ud06c\ub9bc \ud5a5\ub8cc"},"content":{"rendered":"<h2>\ud06c\ub9bc \ud5a5\ub8cc\uc758 \uc885\ub958<\/h2>\n<p><strong>\ucc9c\uc5f0 \ud06c\ub9bc \ud5a5\ub8cc<\/strong>\ub294 \uc6b0\uc720 \ud5a5\uc774 \uac00\ubbf8\ub41c \ud06c\ub9bc\uc758 \uc9c4\uc815\ud55c \ub2ec\ucf64\ud55c \ud2b9\uc131\uc744 \uc804\ub2ec\ud558\uba70, \uace0\uc628\uc5d0 \ub300\ud55c \uc800\ud56d\ub825\uc744 \uc720\uc9c0\ud569\ub2c8\ub2e4. \ubca0\uc774\ud0b9\uc774\ub098 \ubcf4\ucda9\uc81c \uc0dd\uc0b0\uacfc \uac19\uc774 \uc5f4\ucc98\ub9ac\uac00 \ud544\uc694\ud55c \uc6a9\ub3c4\uc5d0 \uc801\ud569\ud569\ub2c8\ub2e4. <\/p>\n<p><strong>\uc561\uc0c1 \ud06c\ub9bc \ud5a5\ub8cc<\/strong>\ub294 \uafc0\uacfc \uc544\ubaac\ub4dc \ud5a5\uc774 \uac00\ubbf8\ub41c \ud5a5\uae0b\ud558\uace0 \uc124\ud0d5\uc5d0 \uc808\uc778 \ud06c\ub9bc\uc758 \uace0\uc804\uc801\uc778 \ud45c\ud604\uc744 \ud3ec\ud568\ud558\uc5ec \ub2e4\uc591\ud55c \ud504\ub85c\ud544\uc744 \ud3ec\uad04\ud558\uba70, \ubc14\ub2d0\ub77c \uce58\uc988\uc640 \uc6b0\uc720 \uc544\uc774\uc2a4\ud06c\ub9bc \uc2a4\ud0c0\uc77c\uc758 \ub2ec\ucf64\ud55c \ubc14\ub2d0\ub77c\uc640 \uc0ac\uc6cc \ud06c\ub9bc\uc744 \uacb0\ud569\ud55c &#8220;\ud06c\ub818 \ub4dc \ub77c \ud06c\ub818&#8221;\uacfc \uac19\uc740 \ub354 \ubcf5\uc7a1\ud55c \uad6c\uc131\ub3c4 \ud3ec\ud568\ud569\ub2c8\ub2e4. &#8220;\ucf58\uc6d4 \ud06c\ub9bc&#8221; \ub610\ub294 &#8220;\uc81c\uacfc\uc6a9 \ud06c\ub9bc&#8221;\uacfc \uac19\uc740 \ubcc0\ud615\uc740 \ud06c\ub9bc \ubc14\ub2d0\ub77c, \uc2dc\ud2b8\ub7ec\uc2a4, \uc2a4\ud380\uc9c0\ucf00\uc774\ud06c \ud5a5\uc744 \ub3c4\uc785\ud558\uc5ec \ub514\uc800\ud2b8, \ud06c\ub9bc \ubc0f \uc544\uc774\uc2a4\ud06c\ub9bc \uc81c\ud488\uc5d0 \uc774\uc0c1\uc801\uc785\ub2c8\ub2e4.  <\/p>\n<p>\ub610\ud55c, \ub2ec\ucf64\ud558\uace0 \uc2e0\ub9db\uc774 \ub098\ub294 \ud504\ub85c\ud544\uacfc \ud06c\ub9bc \uac19\uc740 \uae4a\uc774(&#8220;\ubca0\uc774\ud0b9\uc6a9 \ud06c\ub9bc&#8221;, &#8220;\ud06c\ub9bc \ud06c\ub9bc&#8221;)\ub97c \ud2b9\uc9d5\uc73c\ub85c \ud558\ub294 \ubca0\uc774\ud0b9\uc6a9 <strong>\ud2b9\uc218 \ubc84\uc804<\/strong>\ub3c4 \uc788\uc2b5\ub2c8\ub2e4. \ub18d\ucd95\ub41c \ubcc0\ud615\uc740 \ub354 \uc801\uc740 \uc591\uc73c\ub85c\ub3c4 \uac15\ub82c\ud55c \ud6a8\uacfc\ub97c \uc5bb\uc744 \uc218 \uc788\uc2b5\ub2c8\ub2e4. <\/p>\n<p><strong>\ubd84\ub9d0 \ud5a5\ub8cc<\/strong>\ub294 \ub192\uc740 \uc548\uc815\uc131\uacfc \uc778\uc2a4\ud134\ud2b8 \ubd84\ub9d0, \uac74\uac15 \ubcf4\uc870 \uc2dd\ud488 \ubc0f \uae30\ub2a5\uc131 \ud63c\ud569\ubb3c\uc5d0 \uad11\ubc94\uc704\ud558\uac8c \uc801\uc6a9\ud560 \uc218 \uc788\ub294 \uac00\ub2a5\uc131\uc744 \uc81c\uacf5\ud569\ub2c8\ub2e4. \uc124\ud0d5\uc5d0 \uc808\uc778 \uafc0-\uc544\ubaac\ub4dc \ud06c\ub9bc \ub610\ub294 \uac15\ub82c\ud55c \uc6b0\uc720 \ud504\ub85c\ud544\uc758 \uc0ac\uc6cc \ud06c\ub9bc\uc758 \ud2b9\uc131\uc744 \uc7ac\ud604\ud569\ub2c8\ub2e4. <\/p>\n<p>\ud5a5\ub8cc \ubcc0\ud615\uc740 \uae00\ub9ac\ucf5c \ubc0f \ud2b8\ub9ac\uc544\uc138\ud2f4\uacfc \uac19\uc740 \uc6b4\ubc18\uccb4\ub85c \uc81c\uacf5\ub429\ub2c8\ub2e4.<\/p>\n","protected":false},"excerpt":{"rendered":"<p>\ud06c\ub9bc \ud5a5\ub8cc\ub294 \uc720\uc81c\ud488, \ub514\uc800\ud2b8, \uac74\uac15 \ubcf4\uc870 \uc2dd\ud488 \ubc0f \ubca0\uc774\ud0b9 \uc81c\ud488\uacfc \uac19\uc740 \uc2dd\ud488 \uc81c\ud488\uc5d0 \uc0ac\uc6a9\ub429\ub2c8\ub2e4.<\/p>\n","protected":false},"featured_media":42513,"template":"","meta":{"_acf_changed":false},"product_brand":[],"product_cat":[8164],"product_tag":[],"class_list":{"0":"post-42625","1":"product","2":"type-product","3":"status-publish","4":"has-post-thumbnail","6":"product_cat-di-jeo-teu-hyang","8":"first","9":"instock","10":"shipping-taxable","11":"product-type-simple"},"acf":[],"yoast_head":"<!-- This site is optimized with the Yoast SEO plugin v27.5 - https:\/\/yoast.com\/product\/yoast-seo-wordpress\/ -->\n<title>\ud06c\ub9bc \ud5a5\ub8cc - Hurtowy Dystrybutor<\/title>\n<meta name=\"description\" content=\"\ud06c\ub9bc \ud5a5\ub8cc\ub294 \ub9e4\uc6b0 \ud48d\ubd80\ud558\uace0 \ub2e4\uc7ac\ub2e4\ub2a5\ud55c \ub9db\uacfc \ud5a5 \ud504\ub85c\ud544\ub85c, \ub2e4\uc591\ud55c \uc2dd\ud488 \uc81c\ud488\uc5d0 \uc0ac\uc6a9\ub429\ub2c8\ub2e4.\" \/>\n<meta name=\"robots\" content=\"index, follow, max-snippet:-1, max-image-preview:large, max-video-preview:-1\" \/>\n<link rel=\"canonical\" href=\"https:\/\/naturalpoland.com\/ko\/je-pum\/sig-pum-won-ryo\/hyang-ryo\/di-jeo-teu-hyang\/%ed%81%ac%eb%a6%bc-%ed%96%a5%eb%a3%8c\/\" \/>\n<meta property=\"og:locale\" content=\"ko_KR\" \/>\n<meta property=\"og:type\" content=\"article\" \/>\n<meta property=\"og:title\" content=\"\ud06c\ub9bc \ud5a5\ub8cc - Hurtowy Dystrybutor\" \/>\n<meta property=\"og:description\" content=\"\ud06c\ub9bc \ud5a5\ub8cc\ub294 \ub9e4\uc6b0 \ud48d\ubd80\ud558\uace0 \ub2e4\uc7ac\ub2e4\ub2a5\ud55c \ub9db\uacfc \ud5a5 \ud504\ub85c\ud544\ub85c, \ub2e4\uc591\ud55c \uc2dd\ud488 \uc81c\ud488\uc5d0 \uc0ac\uc6a9\ub429\ub2c8\ub2e4.\" \/>\n<meta property=\"og:url\" content=\"https:\/\/naturalpoland.com\/ko\/je-pum\/sig-pum-won-ryo\/hyang-ryo\/di-jeo-teu-hyang\/%ed%81%ac%eb%a6%bc-%ed%96%a5%eb%a3%8c\/\" \/>\n<meta property=\"og:site_name\" content=\"NATURAL POLAND - Hurtowy Dystrybutor Surowc\u00f3w\" \/>\n<meta property=\"article:publisher\" content=\"https:\/\/www.facebook.com\/naturalpoland.b2b\" \/>\n<meta property=\"article:modified_time\" content=\"2025-08-07T12:46:54+00:00\" \/>\n<meta property=\"og:image\" content=\"https:\/\/naturalpoland.com\/wp-content\/uploads\/aromay-smietankowy.webp\" \/>\n\t<meta property=\"og:image:width\" content=\"1024\" \/>\n\t<meta property=\"og:image:height\" content=\"1024\" \/>\n\t<meta property=\"og:image:type\" content=\"image\/webp\" \/>\n<script type=\"application\/ld+json\" class=\"yoast-schema-graph\">{\"@context\":\"https:\\\/\\\/schema.org\",\"@graph\":[{\"@type\":\"WebPage\",\"@id\":\"https:\\\/\\\/naturalpoland.com\\\/ko\\\/je-pum\\\/sig-pum-won-ryo\\\/hyang-ryo\\\/di-jeo-teu-hyang\\\/%ed%81%ac%eb%a6%bc-%ed%96%a5%eb%a3%8c\\\/\",\"url\":\"https:\\\/\\\/naturalpoland.com\\\/ko\\\/je-pum\\\/sig-pum-won-ryo\\\/hyang-ryo\\\/di-jeo-teu-hyang\\\/%ed%81%ac%eb%a6%bc-%ed%96%a5%eb%a3%8c\\\/\",\"name\":\"\ud06c\ub9bc \ud5a5\ub8cc - Hurtowy Dystrybutor\",\"isPartOf\":{\"@id\":\"https:\\\/\\\/naturalpoland.com\\\/ko\\\/#website\"},\"primaryImageOfPage\":{\"@id\":\"https:\\\/\\\/naturalpoland.com\\\/ko\\\/je-pum\\\/sig-pum-won-ryo\\\/hyang-ryo\\\/di-jeo-teu-hyang\\\/%ed%81%ac%eb%a6%bc-%ed%96%a5%eb%a3%8c\\\/#primaryimage\"},\"image\":{\"@id\":\"https:\\\/\\\/naturalpoland.com\\\/ko\\\/je-pum\\\/sig-pum-won-ryo\\\/hyang-ryo\\\/di-jeo-teu-hyang\\\/%ed%81%ac%eb%a6%bc-%ed%96%a5%eb%a3%8c\\\/#primaryimage\"},\"thumbnailUrl\":\"https:\\\/\\\/naturalpoland.com\\\/wp-content\\\/uploads\\\/aromay-smietankowy.webp\",\"datePublished\":\"2025-08-05T10:45:55+00:00\",\"dateModified\":\"2025-08-07T12:46:54+00:00\",\"description\":\"\ud06c\ub9bc \ud5a5\ub8cc\ub294 \ub9e4\uc6b0 \ud48d\ubd80\ud558\uace0 \ub2e4\uc7ac\ub2e4\ub2a5\ud55c \ub9db\uacfc \ud5a5 \ud504\ub85c\ud544\ub85c, \ub2e4\uc591\ud55c \uc2dd\ud488 \uc81c\ud488\uc5d0 \uc0ac\uc6a9\ub429\ub2c8\ub2e4.\",\"breadcrumb\":{\"@id\":\"https:\\\/\\\/naturalpoland.com\\\/ko\\\/je-pum\\\/sig-pum-won-ryo\\\/hyang-ryo\\\/di-jeo-teu-hyang\\\/%ed%81%ac%eb%a6%bc-%ed%96%a5%eb%a3%8c\\\/#breadcrumb\"},\"inLanguage\":\"ko-KR\",\"potentialAction\":[{\"@type\":\"ReadAction\",\"target\":[\"https:\\\/\\\/naturalpoland.com\\\/ko\\\/je-pum\\\/sig-pum-won-ryo\\\/hyang-ryo\\\/di-jeo-teu-hyang\\\/%ed%81%ac%eb%a6%bc-%ed%96%a5%eb%a3%8c\\\/\"]}]},{\"@type\":\"ImageObject\",\"inLanguage\":\"ko-KR\",\"@id\":\"https:\\\/\\\/naturalpoland.com\\\/ko\\\/je-pum\\\/sig-pum-won-ryo\\\/hyang-ryo\\\/di-jeo-teu-hyang\\\/%ed%81%ac%eb%a6%bc-%ed%96%a5%eb%a3%8c\\\/#primaryimage\",\"url\":\"https:\\\/\\\/naturalpoland.com\\\/wp-content\\\/uploads\\\/aromay-smietankowy.webp\",\"contentUrl\":\"https:\\\/\\\/naturalpoland.com\\\/wp-content\\\/uploads\\\/aromay-smietankowy.webp\",\"width\":1024,\"height\":1024,\"caption\":\"aromat \u015bmietankowy\"},{\"@type\":\"BreadcrumbList\",\"@id\":\"https:\\\/\\\/naturalpoland.com\\\/ko\\\/je-pum\\\/sig-pum-won-ryo\\\/hyang-ryo\\\/di-jeo-teu-hyang\\\/%ed%81%ac%eb%a6%bc-%ed%96%a5%eb%a3%8c\\\/#breadcrumb\",\"itemListElement\":[{\"@type\":\"ListItem\",\"position\":1,\"name\":\"\ud648\",\"item\":\"https:\\\/\\\/naturalpoland.com\\\/ko\\\/\"},{\"@type\":\"ListItem\",\"position\":2,\"name\":\"\uc81c\ud488\",\"item\":\"https:\\\/\\\/naturalpoland.com\\\/ko\\\/%ec%a0%9c%ed%92%88\\\/\"},{\"@type\":\"ListItem\",\"position\":3,\"name\":\"\ud06c\ub9bc \ud5a5\ub8cc\"}]},{\"@type\":\"WebSite\",\"@id\":\"https:\\\/\\\/naturalpoland.com\\\/ko\\\/#website\",\"url\":\"https:\\\/\\\/naturalpoland.com\\\/ko\\\/\",\"name\":\"NATURAL POLAND - Hurtowy Dystrybutor Surowc\u00f3w\",\"description\":\"Surowce dla przemys\u0142u spo\u017cywczego, kosmetycznego i farmaceutycznego\",\"publisher\":{\"@id\":\"https:\\\/\\\/naturalpoland.com\\\/ko\\\/#organization\"},\"potentialAction\":[{\"@type\":\"SearchAction\",\"target\":{\"@type\":\"EntryPoint\",\"urlTemplate\":\"https:\\\/\\\/naturalpoland.com\\\/ko\\\/?s={search_term_string}\"},\"query-input\":{\"@type\":\"PropertyValueSpecification\",\"valueRequired\":true,\"valueName\":\"search_term_string\"}}],\"inLanguage\":\"ko-KR\"},{\"@type\":\"Organization\",\"@id\":\"https:\\\/\\\/naturalpoland.com\\\/ko\\\/#organization\",\"name\":\"Natural Poland\",\"url\":\"https:\\\/\\\/naturalpoland.com\\\/ko\\\/\",\"logo\":{\"@type\":\"ImageObject\",\"inLanguage\":\"ko-KR\",\"@id\":\"https:\\\/\\\/naturalpoland.com\\\/ko\\\/#\\\/schema\\\/logo\\\/image\\\/\",\"url\":\"https:\\\/\\\/naturalpoland.com\\\/wp-content\\\/uploads\\\/2021\\\/05\\\/natural-poland-icon.png\",\"contentUrl\":\"https:\\\/\\\/naturalpoland.com\\\/wp-content\\\/uploads\\\/2021\\\/05\\\/natural-poland-icon.png\",\"width\":512,\"height\":512,\"caption\":\"Natural Poland\"},\"image\":{\"@id\":\"https:\\\/\\\/naturalpoland.com\\\/ko\\\/#\\\/schema\\\/logo\\\/image\\\/\"},\"sameAs\":[\"https:\\\/\\\/www.facebook.com\\\/naturalpoland.b2b\",\"https:\\\/\\\/pl.linkedin.com\\\/company\\\/natural-poland\",\"https:\\\/\\\/www.youtube.com\\\/channel\\\/UCgeGGkvOMahZo-xu_MSEWxg\"]}]}<\/script>\n<!-- \/ Yoast SEO plugin. -->","yoast_head_json":{"title":"\ud06c\ub9bc \ud5a5\ub8cc - Hurtowy Dystrybutor","description":"\ud06c\ub9bc \ud5a5\ub8cc\ub294 \ub9e4\uc6b0 \ud48d\ubd80\ud558\uace0 \ub2e4\uc7ac\ub2e4\ub2a5\ud55c \ub9db\uacfc \ud5a5 \ud504\ub85c\ud544\ub85c, \ub2e4\uc591\ud55c \uc2dd\ud488 \uc81c\ud488\uc5d0 \uc0ac\uc6a9\ub429\ub2c8\ub2e4.","robots":{"index":"index","follow":"follow","max-snippet":"max-snippet:-1","max-image-preview":"max-image-preview:large","max-video-preview":"max-video-preview:-1"},"canonical":"https:\/\/naturalpoland.com\/ko\/je-pum\/sig-pum-won-ryo\/hyang-ryo\/di-jeo-teu-hyang\/%ed%81%ac%eb%a6%bc-%ed%96%a5%eb%a3%8c\/","og_locale":"ko_KR","og_type":"article","og_title":"\ud06c\ub9bc \ud5a5\ub8cc - Hurtowy Dystrybutor","og_description":"\ud06c\ub9bc \ud5a5\ub8cc\ub294 \ub9e4\uc6b0 \ud48d\ubd80\ud558\uace0 \ub2e4\uc7ac\ub2e4\ub2a5\ud55c \ub9db\uacfc \ud5a5 \ud504\ub85c\ud544\ub85c, \ub2e4\uc591\ud55c \uc2dd\ud488 \uc81c\ud488\uc5d0 \uc0ac\uc6a9\ub429\ub2c8\ub2e4.","og_url":"https:\/\/naturalpoland.com\/ko\/je-pum\/sig-pum-won-ryo\/hyang-ryo\/di-jeo-teu-hyang\/%ed%81%ac%eb%a6%bc-%ed%96%a5%eb%a3%8c\/","og_site_name":"NATURAL POLAND - Hurtowy Dystrybutor Surowc\u00f3w","article_publisher":"https:\/\/www.facebook.com\/naturalpoland.b2b","article_modified_time":"2025-08-07T12:46:54+00:00","og_image":[{"width":1024,"height":1024,"url":"https:\/\/naturalpoland.com\/wp-content\/uploads\/aromay-smietankowy.webp","type":"image\/webp"}],"schema":{"@context":"https:\/\/schema.org","@graph":[{"@type":"WebPage","@id":"https:\/\/naturalpoland.com\/ko\/je-pum\/sig-pum-won-ryo\/hyang-ryo\/di-jeo-teu-hyang\/%ed%81%ac%eb%a6%bc-%ed%96%a5%eb%a3%8c\/","url":"https:\/\/naturalpoland.com\/ko\/je-pum\/sig-pum-won-ryo\/hyang-ryo\/di-jeo-teu-hyang\/%ed%81%ac%eb%a6%bc-%ed%96%a5%eb%a3%8c\/","name":"\ud06c\ub9bc \ud5a5\ub8cc - Hurtowy Dystrybutor","isPartOf":{"@id":"https:\/\/naturalpoland.com\/ko\/#website"},"primaryImageOfPage":{"@id":"https:\/\/naturalpoland.com\/ko\/je-pum\/sig-pum-won-ryo\/hyang-ryo\/di-jeo-teu-hyang\/%ed%81%ac%eb%a6%bc-%ed%96%a5%eb%a3%8c\/#primaryimage"},"image":{"@id":"https:\/\/naturalpoland.com\/ko\/je-pum\/sig-pum-won-ryo\/hyang-ryo\/di-jeo-teu-hyang\/%ed%81%ac%eb%a6%bc-%ed%96%a5%eb%a3%8c\/#primaryimage"},"thumbnailUrl":"https:\/\/naturalpoland.com\/wp-content\/uploads\/aromay-smietankowy.webp","datePublished":"2025-08-05T10:45:55+00:00","dateModified":"2025-08-07T12:46:54+00:00","description":"\ud06c\ub9bc \ud5a5\ub8cc\ub294 \ub9e4\uc6b0 \ud48d\ubd80\ud558\uace0 \ub2e4\uc7ac\ub2e4\ub2a5\ud55c \ub9db\uacfc \ud5a5 \ud504\ub85c\ud544\ub85c, \ub2e4\uc591\ud55c \uc2dd\ud488 \uc81c\ud488\uc5d0 \uc0ac\uc6a9\ub429\ub2c8\ub2e4.","breadcrumb":{"@id":"https:\/\/naturalpoland.com\/ko\/je-pum\/sig-pum-won-ryo\/hyang-ryo\/di-jeo-teu-hyang\/%ed%81%ac%eb%a6%bc-%ed%96%a5%eb%a3%8c\/#breadcrumb"},"inLanguage":"ko-KR","potentialAction":[{"@type":"ReadAction","target":["https:\/\/naturalpoland.com\/ko\/je-pum\/sig-pum-won-ryo\/hyang-ryo\/di-jeo-teu-hyang\/%ed%81%ac%eb%a6%bc-%ed%96%a5%eb%a3%8c\/"]}]},{"@type":"ImageObject","inLanguage":"ko-KR","@id":"https:\/\/naturalpoland.com\/ko\/je-pum\/sig-pum-won-ryo\/hyang-ryo\/di-jeo-teu-hyang\/%ed%81%ac%eb%a6%bc-%ed%96%a5%eb%a3%8c\/#primaryimage","url":"https:\/\/naturalpoland.com\/wp-content\/uploads\/aromay-smietankowy.webp","contentUrl":"https:\/\/naturalpoland.com\/wp-content\/uploads\/aromay-smietankowy.webp","width":1024,"height":1024,"caption":"aromat \u015bmietankowy"},{"@type":"BreadcrumbList","@id":"https:\/\/naturalpoland.com\/ko\/je-pum\/sig-pum-won-ryo\/hyang-ryo\/di-jeo-teu-hyang\/%ed%81%ac%eb%a6%bc-%ed%96%a5%eb%a3%8c\/#breadcrumb","itemListElement":[{"@type":"ListItem","position":1,"name":"\ud648","item":"https:\/\/naturalpoland.com\/ko\/"},{"@type":"ListItem","position":2,"name":"\uc81c\ud488","item":"https:\/\/naturalpoland.com\/ko\/%ec%a0%9c%ed%92%88\/"},{"@type":"ListItem","position":3,"name":"\ud06c\ub9bc \ud5a5\ub8cc"}]},{"@type":"WebSite","@id":"https:\/\/naturalpoland.com\/ko\/#website","url":"https:\/\/naturalpoland.com\/ko\/","name":"NATURAL POLAND - Hurtowy Dystrybutor Surowc\u00f3w","description":"Surowce dla przemys\u0142u spo\u017cywczego, kosmetycznego i farmaceutycznego","publisher":{"@id":"https:\/\/naturalpoland.com\/ko\/#organization"},"potentialAction":[{"@type":"SearchAction","target":{"@type":"EntryPoint","urlTemplate":"https:\/\/naturalpoland.com\/ko\/?s={search_term_string}"},"query-input":{"@type":"PropertyValueSpecification","valueRequired":true,"valueName":"search_term_string"}}],"inLanguage":"ko-KR"},{"@type":"Organization","@id":"https:\/\/naturalpoland.com\/ko\/#organization","name":"Natural Poland","url":"https:\/\/naturalpoland.com\/ko\/","logo":{"@type":"ImageObject","inLanguage":"ko-KR","@id":"https:\/\/naturalpoland.com\/ko\/#\/schema\/logo\/image\/","url":"https:\/\/naturalpoland.com\/wp-content\/uploads\/2021\/05\/natural-poland-icon.png","contentUrl":"https:\/\/naturalpoland.com\/wp-content\/uploads\/2021\/05\/natural-poland-icon.png","width":512,"height":512,"caption":"Natural Poland"},"image":{"@id":"https:\/\/naturalpoland.com\/ko\/#\/schema\/logo\/image\/"},"sameAs":["https:\/\/www.facebook.com\/naturalpoland.b2b","https:\/\/pl.linkedin.com\/company\/natural-poland","https:\/\/www.youtube.com\/channel\/UCgeGGkvOMahZo-xu_MSEWxg"]}]}},"_links":{"self":[{"href":"https:\/\/naturalpoland.com\/ko\/wp-json\/wp\/v2\/product\/42625","targetHints":{"allow":["GET"]}}],"collection":[{"href":"https:\/\/naturalpoland.com\/ko\/wp-json\/wp\/v2\/product"}],"about":[{"href":"https:\/\/naturalpoland.com\/ko\/wp-json\/wp\/v2\/types\/product"}],"wp:featuredmedia":[{"embeddable":true,"href":"https:\/\/naturalpoland.com\/ko\/wp-json\/wp\/v2\/media\/42513"}],"wp:attachment":[{"href":"https:\/\/naturalpoland.com\/ko\/wp-json\/wp\/v2\/media?parent=42625"}],"wp:term":[{"taxonomy":"product_brand","embeddable":true,"href":"https:\/\/naturalpoland.com\/ko\/wp-json\/wp\/v2\/product_brand?post=42625"},{"taxonomy":"product_cat","embeddable":true,"href":"https:\/\/naturalpoland.com\/ko\/wp-json\/wp\/v2\/product_cat?post=42625"},{"taxonomy":"product_tag","embeddable":true,"href":"https:\/\/naturalpoland.com\/ko\/wp-json\/wp\/v2\/product_tag?post=42625"}],"curies":[{"name":"wp","href":"https:\/\/api.w.org\/{rel}","templated":true}]}}