{"id":42647,"date":"2024-11-21T15:09:09","date_gmt":"2024-11-21T14:09:09","guid":{"rendered":"https:\/\/naturalpoland.com\/produkty\/uncategorized\/%ec%84%9d%ec%86%a1-%ec%b6%94%ec%b6%9c%eb%ac%bc\/"},"modified":"2025-08-07T16:05:36","modified_gmt":"2025-08-07T14:05:36","slug":"%ec%84%9d%ec%86%a1-%ec%b6%94%ec%b6%9c%eb%ac%bc","status":"publish","type":"product","link":"https:\/\/naturalpoland.com\/ko\/je-pum\/ui-yak-pum-won-ryo\/geon-gang-gi-neung-sig-pum-cheom-ga-mul\/%ec%84%9d%ec%86%a1-%ec%b6%94%ec%b6%9c%eb%ac%bc\/","title":{"rendered":"\uc11d\uc1a1 \ucd94\ucd9c\ubb3c"},"content":{"rendered":"<h2>\ud2b9\uc131 \ubc0f \uc791\uc6a9<\/h2>\n<p><strong>\ud6c4\ud37c\uc9c4 A<\/strong>\ub294 \uc9d1\uc911\ub825, \uae30\uc5b5\ub825, \ub3d9\uae30 \ubd80\uc5ec\ub97c \uc9c0\uc6d0\ud558\ub294 \ub1cc \uae30\ub2a5 \uac1c\uc120\uc81c\ub85c \uc54c\ub824\uc838 \uc788\uc2b5\ub2c8\ub2e4. \uc774 \uc54c\uce7c\ub85c\uc774\ub4dc\ub294 \uc544\uc138\ud2f8\ucf5c\ub9b0\uc5d0\uc2a4\ud14c\ub77c\uc81c \uc5b5\uc81c\uc81c\ub85c \uc791\uc6a9\ud558\uc5ec \uae30\uc5b5\uacfc \ud559\uc2b5\uc5d0 \uc911\uc694\ud55c \uc2e0\uacbd\uc804\ub2ec\ubb3c\uc9c8\uc778 <strong>\ub1cc\uc758 \uc544\uc138\ud2f8\ucf5c\ub9b0 \uc218\uce58\ub97c \uc99d\uac00\uc2dc\ud0b5\ub2c8\ub2e4<\/strong>. \uc804\ud1b5 \uc911\uad6d \uc758\ud559\uc5d0\uc11c Huperzia serrata\ub294 \uc815\uc2e0 \uae30\ub2a5 \uac1c\uc120\uacfc \uc815\uc2e0\uc801 \ud53c\ub85c \ubc0f \uce58\ub9e4 \uc99d\uc0c1 \uc644\ud654\uc5d0 \uc0ac\uc6a9\ub418\uc5c8\uc2b5\ub2c8\ub2e4.  <\/p>\n<p>\uc774 \ucd94\ucd9c\ubb3c\uc740 \uc54c\uce20\ud558\uc774\uba38\ubcd1\uacfc \uac19\uc740 \uc2e0\uacbd\ud1f4\ud589\uc131 \uc9c8\ud658 \uce58\ub8cc\uc5d0 \uc7a0\uc7ac\uc801\uc73c\ub85c \uc0ac\uc6a9\ub420 \uc218 \uc788\ub294\uc9c0 \uc5f0\uad6c\ub418\uace0 \uc788\uc2b5\ub2c8\ub2e4.<\/p>\n<h2>\uc801\uc6a9<\/h2>\n<p>\uc11d\uc1a1 \ucd94\ucd9c\ubb3c\uc740 \uc8fc\ub85c \uae30\uc5b5\ub825, \uc9d1\uc911\ub825 \ubc0f \uc778\uc9c0 \uacfc\uc815\uc744 \uc9c0\uc6d0\ud558\ub294 \uc2dd\uc774 \ubcf4\ucda9\uc81c\uc640 \uc2e0\uacbd\ud1f4\ud589\uc131 \uce58\ub8cc \ubcf4\uc870\uc81c\ub85c \uc0ac\uc6a9\ub429\ub2c8\ub2e4. <\/p>\n","protected":false},"excerpt":{"rendered":"<p><strong>\uc11d\uc1a1 \ucd94\ucd9c\ubb3c<\/strong>\uc740 <strong><em>Huperzia serrata<\/em><\/strong> \uc2dd\ubb3c \uc804\uccb4\uc5d0\uc11c \ucd94\ucd9c\ub429\ub2c8\ub2e4. \uc778\uc9c0 \ubc0f \uc2e0\uacbd \uae30\ub2a5\uc744 \uc9c0\uc6d0\ud558\ub294 \ud2b9\uc131\uc73c\ub85c \uc54c\ub824\uc9c4 \uc54c\uce7c\ub85c\uc774\ub4dc\uc778 <strong>\ud6c4\ud37c\uc9c4 A<\/strong>\uac00 \ud48d\ubd80\ud558\uac8c \ud568\uc720\ub418\uc5b4 \uc788\uc2b5\ub2c8\ub2e4. <\/p>\n","protected":false},"featured_media":42648,"template":"","meta":{"_acf_changed":false},"product_brand":[],"product_cat":[8134,8143],"product_tag":[],"class_list":{"0":"post-42647","1":"product","2":"type-product","3":"status-publish","4":"has-post-thumbnail","6":"product_cat-sig-mul-chu-chul-mul","7":"product_cat-geon-gang-gi-neung-sig-pum-cheom-ga-mul","8":"pa_czesc-rosliny-8912","9":"pa_skladnik-aktywny--a","11":"first","12":"instock","13":"shipping-taxable","14":"product-type-simple"},"acf":[],"yoast_head":"<!-- This site is optimized with the Yoast SEO plugin v27.6 - https:\/\/yoast.com\/product\/yoast-seo-wordpress\/ -->\n<title>\uc11d\uc1a1 \ucd94\ucd9c\ubb3c - \uc6d0\uc790\uc7ac \ub3c4\ub9e4 \uc720\ud1b5\uc5c5\uccb4<\/title>\n<meta name=\"description\" content=\"\ud6c4\ud37c\uc9c4 A \ud568\ub7c9\uc774 \ub192\uc740 \uc11d\uc1a1 \ucd94\ucd9c\ubb3c\uc740 \uc815\uc2e0 \uae30\ub2a5\uc744 \uc9c0\uc6d0\ud558\ub294 \ud604\ub300\uc801\uc778 \uc81c\uc81c\uc758 \uc131\ubd84\uc785\ub2c8\ub2e4.\" \/>\n<meta name=\"robots\" content=\"index, follow, max-snippet:-1, max-image-preview:large, max-video-preview:-1\" \/>\n<link rel=\"canonical\" href=\"https:\/\/naturalpoland.com\/ko\/je-pum\/ui-yak-pum-won-ryo\/geon-gang-gi-neung-sig-pum-cheom-ga-mul\/%ec%84%9d%ec%86%a1-%ec%b6%94%ec%b6%9c%eb%ac%bc\/\" \/>\n<meta property=\"og:locale\" content=\"ko_KR\" \/>\n<meta property=\"og:type\" content=\"article\" \/>\n<meta property=\"og:title\" content=\"\uc11d\uc1a1 \ucd94\ucd9c\ubb3c - \uc6d0\uc790\uc7ac \ub3c4\ub9e4 \uc720\ud1b5\uc5c5\uccb4\" \/>\n<meta property=\"og:description\" content=\"\ud6c4\ud37c\uc9c4 A \ud568\ub7c9\uc774 \ub192\uc740 \uc11d\uc1a1 \ucd94\ucd9c\ubb3c\uc740 \uc815\uc2e0 \uae30\ub2a5\uc744 \uc9c0\uc6d0\ud558\ub294 \ud604\ub300\uc801\uc778 \uc81c\uc81c\uc758 \uc131\ubd84\uc785\ub2c8\ub2e4.\" \/>\n<meta property=\"og:url\" content=\"https:\/\/naturalpoland.com\/ko\/je-pum\/ui-yak-pum-won-ryo\/geon-gang-gi-neung-sig-pum-cheom-ga-mul\/%ec%84%9d%ec%86%a1-%ec%b6%94%ec%b6%9c%eb%ac%bc\/\" \/>\n<meta property=\"og:site_name\" content=\"NATURAL POLAND - Hurtowy Dystrybutor Surowc\u00f3w\" \/>\n<meta property=\"article:publisher\" content=\"https:\/\/www.facebook.com\/naturalpoland.b2b\" \/>\n<meta property=\"article:modified_time\" content=\"2025-08-07T14:05:36+00:00\" \/>\n<meta property=\"og:image\" content=\"https:\/\/naturalpoland.com\/wp-content\/uploads\/ekstrakt-z-widlaka-gozdzistego.webp\" \/>\n\t<meta property=\"og:image:width\" content=\"614\" \/>\n\t<meta property=\"og:image:height\" content=\"614\" \/>\n\t<meta property=\"og:image:type\" content=\"image\/webp\" \/>\n<script type=\"application\/ld+json\" class=\"yoast-schema-graph\">{\"@context\":\"https:\\\/\\\/schema.org\",\"@graph\":[{\"@type\":\"WebPage\",\"@id\":\"https:\\\/\\\/naturalpoland.com\\\/ko\\\/je-pum\\\/ui-yak-pum-won-ryo\\\/geon-gang-gi-neung-sig-pum-cheom-ga-mul\\\/%ec%84%9d%ec%86%a1-%ec%b6%94%ec%b6%9c%eb%ac%bc\\\/\",\"url\":\"https:\\\/\\\/naturalpoland.com\\\/ko\\\/je-pum\\\/ui-yak-pum-won-ryo\\\/geon-gang-gi-neung-sig-pum-cheom-ga-mul\\\/%ec%84%9d%ec%86%a1-%ec%b6%94%ec%b6%9c%eb%ac%bc\\\/\",\"name\":\"\uc11d\uc1a1 \ucd94\ucd9c\ubb3c - \uc6d0\uc790\uc7ac \ub3c4\ub9e4 \uc720\ud1b5\uc5c5\uccb4\",\"isPartOf\":{\"@id\":\"https:\\\/\\\/naturalpoland.com\\\/ko\\\/#website\"},\"primaryImageOfPage\":{\"@id\":\"https:\\\/\\\/naturalpoland.com\\\/ko\\\/je-pum\\\/ui-yak-pum-won-ryo\\\/geon-gang-gi-neung-sig-pum-cheom-ga-mul\\\/%ec%84%9d%ec%86%a1-%ec%b6%94%ec%b6%9c%eb%ac%bc\\\/#primaryimage\"},\"image\":{\"@id\":\"https:\\\/\\\/naturalpoland.com\\\/ko\\\/je-pum\\\/ui-yak-pum-won-ryo\\\/geon-gang-gi-neung-sig-pum-cheom-ga-mul\\\/%ec%84%9d%ec%86%a1-%ec%b6%94%ec%b6%9c%eb%ac%bc\\\/#primaryimage\"},\"thumbnailUrl\":\"https:\\\/\\\/naturalpoland.com\\\/wp-content\\\/uploads\\\/ekstrakt-z-widlaka-gozdzistego.webp\",\"datePublished\":\"2024-11-21T14:09:09+00:00\",\"dateModified\":\"2025-08-07T14:05:36+00:00\",\"description\":\"\ud6c4\ud37c\uc9c4 A \ud568\ub7c9\uc774 \ub192\uc740 \uc11d\uc1a1 \ucd94\ucd9c\ubb3c\uc740 \uc815\uc2e0 \uae30\ub2a5\uc744 \uc9c0\uc6d0\ud558\ub294 \ud604\ub300\uc801\uc778 \uc81c\uc81c\uc758 \uc131\ubd84\uc785\ub2c8\ub2e4.\",\"breadcrumb\":{\"@id\":\"https:\\\/\\\/naturalpoland.com\\\/ko\\\/je-pum\\\/ui-yak-pum-won-ryo\\\/geon-gang-gi-neung-sig-pum-cheom-ga-mul\\\/%ec%84%9d%ec%86%a1-%ec%b6%94%ec%b6%9c%eb%ac%bc\\\/#breadcrumb\"},\"inLanguage\":\"ko-KR\",\"potentialAction\":[{\"@type\":\"ReadAction\",\"target\":[\"https:\\\/\\\/naturalpoland.com\\\/ko\\\/je-pum\\\/ui-yak-pum-won-ryo\\\/geon-gang-gi-neung-sig-pum-cheom-ga-mul\\\/%ec%84%9d%ec%86%a1-%ec%b6%94%ec%b6%9c%eb%ac%bc\\\/\"]}]},{\"@type\":\"ImageObject\",\"inLanguage\":\"ko-KR\",\"@id\":\"https:\\\/\\\/naturalpoland.com\\\/ko\\\/je-pum\\\/ui-yak-pum-won-ryo\\\/geon-gang-gi-neung-sig-pum-cheom-ga-mul\\\/%ec%84%9d%ec%86%a1-%ec%b6%94%ec%b6%9c%eb%ac%bc\\\/#primaryimage\",\"url\":\"https:\\\/\\\/naturalpoland.com\\\/wp-content\\\/uploads\\\/ekstrakt-z-widlaka-gozdzistego.webp\",\"contentUrl\":\"https:\\\/\\\/naturalpoland.com\\\/wp-content\\\/uploads\\\/ekstrakt-z-widlaka-gozdzistego.webp\",\"width\":614,\"height\":614,\"caption\":\"Ekstrakt z wid\u0142aka go\u017adzistego\"},{\"@type\":\"BreadcrumbList\",\"@id\":\"https:\\\/\\\/naturalpoland.com\\\/ko\\\/je-pum\\\/ui-yak-pum-won-ryo\\\/geon-gang-gi-neung-sig-pum-cheom-ga-mul\\\/%ec%84%9d%ec%86%a1-%ec%b6%94%ec%b6%9c%eb%ac%bc\\\/#breadcrumb\",\"itemListElement\":[{\"@type\":\"ListItem\",\"position\":1,\"name\":\"\ud648\",\"item\":\"https:\\\/\\\/naturalpoland.com\\\/ko\\\/\"},{\"@type\":\"ListItem\",\"position\":2,\"name\":\"\uc81c\ud488\",\"item\":\"https:\\\/\\\/naturalpoland.com\\\/ko\\\/%ec%a0%9c%ed%92%88\\\/\"},{\"@type\":\"ListItem\",\"position\":3,\"name\":\"\uc11d\uc1a1 \ucd94\ucd9c\ubb3c\"}]},{\"@type\":\"WebSite\",\"@id\":\"https:\\\/\\\/naturalpoland.com\\\/ko\\\/#website\",\"url\":\"https:\\\/\\\/naturalpoland.com\\\/ko\\\/\",\"name\":\"NATURAL POLAND - Hurtowy Dystrybutor Surowc\u00f3w\",\"description\":\"Surowce dla przemys\u0142u spo\u017cywczego, kosmetycznego i farmaceutycznego\",\"publisher\":{\"@id\":\"https:\\\/\\\/naturalpoland.com\\\/ko\\\/#organization\"},\"potentialAction\":[{\"@type\":\"SearchAction\",\"target\":{\"@type\":\"EntryPoint\",\"urlTemplate\":\"https:\\\/\\\/naturalpoland.com\\\/ko\\\/?s={search_term_string}\"},\"query-input\":{\"@type\":\"PropertyValueSpecification\",\"valueRequired\":true,\"valueName\":\"search_term_string\"}}],\"inLanguage\":\"ko-KR\"},{\"@type\":\"Organization\",\"@id\":\"https:\\\/\\\/naturalpoland.com\\\/ko\\\/#organization\",\"name\":\"Natural Poland\",\"url\":\"https:\\\/\\\/naturalpoland.com\\\/ko\\\/\",\"logo\":{\"@type\":\"ImageObject\",\"inLanguage\":\"ko-KR\",\"@id\":\"https:\\\/\\\/naturalpoland.com\\\/ko\\\/#\\\/schema\\\/logo\\\/image\\\/\",\"url\":\"https:\\\/\\\/naturalpoland.com\\\/wp-content\\\/uploads\\\/2021\\\/05\\\/natural-poland-icon.png\",\"contentUrl\":\"https:\\\/\\\/naturalpoland.com\\\/wp-content\\\/uploads\\\/2021\\\/05\\\/natural-poland-icon.png\",\"width\":512,\"height\":512,\"caption\":\"Natural Poland\"},\"image\":{\"@id\":\"https:\\\/\\\/naturalpoland.com\\\/ko\\\/#\\\/schema\\\/logo\\\/image\\\/\"},\"sameAs\":[\"https:\\\/\\\/www.facebook.com\\\/naturalpoland.b2b\",\"https:\\\/\\\/pl.linkedin.com\\\/company\\\/natural-poland\",\"https:\\\/\\\/www.youtube.com\\\/channel\\\/UCgeGGkvOMahZo-xu_MSEWxg\"]}]}<\/script>\n<!-- \/ Yoast SEO plugin. -->","yoast_head_json":{"title":"\uc11d\uc1a1 \ucd94\ucd9c\ubb3c - \uc6d0\uc790\uc7ac \ub3c4\ub9e4 \uc720\ud1b5\uc5c5\uccb4","description":"\ud6c4\ud37c\uc9c4 A \ud568\ub7c9\uc774 \ub192\uc740 \uc11d\uc1a1 \ucd94\ucd9c\ubb3c\uc740 \uc815\uc2e0 \uae30\ub2a5\uc744 \uc9c0\uc6d0\ud558\ub294 \ud604\ub300\uc801\uc778 \uc81c\uc81c\uc758 \uc131\ubd84\uc785\ub2c8\ub2e4.","robots":{"index":"index","follow":"follow","max-snippet":"max-snippet:-1","max-image-preview":"max-image-preview:large","max-video-preview":"max-video-preview:-1"},"canonical":"https:\/\/naturalpoland.com\/ko\/je-pum\/ui-yak-pum-won-ryo\/geon-gang-gi-neung-sig-pum-cheom-ga-mul\/%ec%84%9d%ec%86%a1-%ec%b6%94%ec%b6%9c%eb%ac%bc\/","og_locale":"ko_KR","og_type":"article","og_title":"\uc11d\uc1a1 \ucd94\ucd9c\ubb3c - \uc6d0\uc790\uc7ac \ub3c4\ub9e4 \uc720\ud1b5\uc5c5\uccb4","og_description":"\ud6c4\ud37c\uc9c4 A \ud568\ub7c9\uc774 \ub192\uc740 \uc11d\uc1a1 \ucd94\ucd9c\ubb3c\uc740 \uc815\uc2e0 \uae30\ub2a5\uc744 \uc9c0\uc6d0\ud558\ub294 \ud604\ub300\uc801\uc778 \uc81c\uc81c\uc758 \uc131\ubd84\uc785\ub2c8\ub2e4.","og_url":"https:\/\/naturalpoland.com\/ko\/je-pum\/ui-yak-pum-won-ryo\/geon-gang-gi-neung-sig-pum-cheom-ga-mul\/%ec%84%9d%ec%86%a1-%ec%b6%94%ec%b6%9c%eb%ac%bc\/","og_site_name":"NATURAL POLAND - Hurtowy Dystrybutor Surowc\u00f3w","article_publisher":"https:\/\/www.facebook.com\/naturalpoland.b2b","article_modified_time":"2025-08-07T14:05:36+00:00","og_image":[{"width":614,"height":614,"url":"https:\/\/naturalpoland.com\/wp-content\/uploads\/ekstrakt-z-widlaka-gozdzistego.webp","type":"image\/webp"}],"schema":{"@context":"https:\/\/schema.org","@graph":[{"@type":"WebPage","@id":"https:\/\/naturalpoland.com\/ko\/je-pum\/ui-yak-pum-won-ryo\/geon-gang-gi-neung-sig-pum-cheom-ga-mul\/%ec%84%9d%ec%86%a1-%ec%b6%94%ec%b6%9c%eb%ac%bc\/","url":"https:\/\/naturalpoland.com\/ko\/je-pum\/ui-yak-pum-won-ryo\/geon-gang-gi-neung-sig-pum-cheom-ga-mul\/%ec%84%9d%ec%86%a1-%ec%b6%94%ec%b6%9c%eb%ac%bc\/","name":"\uc11d\uc1a1 \ucd94\ucd9c\ubb3c - \uc6d0\uc790\uc7ac \ub3c4\ub9e4 \uc720\ud1b5\uc5c5\uccb4","isPartOf":{"@id":"https:\/\/naturalpoland.com\/ko\/#website"},"primaryImageOfPage":{"@id":"https:\/\/naturalpoland.com\/ko\/je-pum\/ui-yak-pum-won-ryo\/geon-gang-gi-neung-sig-pum-cheom-ga-mul\/%ec%84%9d%ec%86%a1-%ec%b6%94%ec%b6%9c%eb%ac%bc\/#primaryimage"},"image":{"@id":"https:\/\/naturalpoland.com\/ko\/je-pum\/ui-yak-pum-won-ryo\/geon-gang-gi-neung-sig-pum-cheom-ga-mul\/%ec%84%9d%ec%86%a1-%ec%b6%94%ec%b6%9c%eb%ac%bc\/#primaryimage"},"thumbnailUrl":"https:\/\/naturalpoland.com\/wp-content\/uploads\/ekstrakt-z-widlaka-gozdzistego.webp","datePublished":"2024-11-21T14:09:09+00:00","dateModified":"2025-08-07T14:05:36+00:00","description":"\ud6c4\ud37c\uc9c4 A \ud568\ub7c9\uc774 \ub192\uc740 \uc11d\uc1a1 \ucd94\ucd9c\ubb3c\uc740 \uc815\uc2e0 \uae30\ub2a5\uc744 \uc9c0\uc6d0\ud558\ub294 \ud604\ub300\uc801\uc778 \uc81c\uc81c\uc758 \uc131\ubd84\uc785\ub2c8\ub2e4.","breadcrumb":{"@id":"https:\/\/naturalpoland.com\/ko\/je-pum\/ui-yak-pum-won-ryo\/geon-gang-gi-neung-sig-pum-cheom-ga-mul\/%ec%84%9d%ec%86%a1-%ec%b6%94%ec%b6%9c%eb%ac%bc\/#breadcrumb"},"inLanguage":"ko-KR","potentialAction":[{"@type":"ReadAction","target":["https:\/\/naturalpoland.com\/ko\/je-pum\/ui-yak-pum-won-ryo\/geon-gang-gi-neung-sig-pum-cheom-ga-mul\/%ec%84%9d%ec%86%a1-%ec%b6%94%ec%b6%9c%eb%ac%bc\/"]}]},{"@type":"ImageObject","inLanguage":"ko-KR","@id":"https:\/\/naturalpoland.com\/ko\/je-pum\/ui-yak-pum-won-ryo\/geon-gang-gi-neung-sig-pum-cheom-ga-mul\/%ec%84%9d%ec%86%a1-%ec%b6%94%ec%b6%9c%eb%ac%bc\/#primaryimage","url":"https:\/\/naturalpoland.com\/wp-content\/uploads\/ekstrakt-z-widlaka-gozdzistego.webp","contentUrl":"https:\/\/naturalpoland.com\/wp-content\/uploads\/ekstrakt-z-widlaka-gozdzistego.webp","width":614,"height":614,"caption":"Ekstrakt z wid\u0142aka go\u017adzistego"},{"@type":"BreadcrumbList","@id":"https:\/\/naturalpoland.com\/ko\/je-pum\/ui-yak-pum-won-ryo\/geon-gang-gi-neung-sig-pum-cheom-ga-mul\/%ec%84%9d%ec%86%a1-%ec%b6%94%ec%b6%9c%eb%ac%bc\/#breadcrumb","itemListElement":[{"@type":"ListItem","position":1,"name":"\ud648","item":"https:\/\/naturalpoland.com\/ko\/"},{"@type":"ListItem","position":2,"name":"\uc81c\ud488","item":"https:\/\/naturalpoland.com\/ko\/%ec%a0%9c%ed%92%88\/"},{"@type":"ListItem","position":3,"name":"\uc11d\uc1a1 \ucd94\ucd9c\ubb3c"}]},{"@type":"WebSite","@id":"https:\/\/naturalpoland.com\/ko\/#website","url":"https:\/\/naturalpoland.com\/ko\/","name":"NATURAL POLAND - Hurtowy Dystrybutor Surowc\u00f3w","description":"Surowce dla przemys\u0142u spo\u017cywczego, kosmetycznego i farmaceutycznego","publisher":{"@id":"https:\/\/naturalpoland.com\/ko\/#organization"},"potentialAction":[{"@type":"SearchAction","target":{"@type":"EntryPoint","urlTemplate":"https:\/\/naturalpoland.com\/ko\/?s={search_term_string}"},"query-input":{"@type":"PropertyValueSpecification","valueRequired":true,"valueName":"search_term_string"}}],"inLanguage":"ko-KR"},{"@type":"Organization","@id":"https:\/\/naturalpoland.com\/ko\/#organization","name":"Natural Poland","url":"https:\/\/naturalpoland.com\/ko\/","logo":{"@type":"ImageObject","inLanguage":"ko-KR","@id":"https:\/\/naturalpoland.com\/ko\/#\/schema\/logo\/image\/","url":"https:\/\/naturalpoland.com\/wp-content\/uploads\/2021\/05\/natural-poland-icon.png","contentUrl":"https:\/\/naturalpoland.com\/wp-content\/uploads\/2021\/05\/natural-poland-icon.png","width":512,"height":512,"caption":"Natural Poland"},"image":{"@id":"https:\/\/naturalpoland.com\/ko\/#\/schema\/logo\/image\/"},"sameAs":["https:\/\/www.facebook.com\/naturalpoland.b2b","https:\/\/pl.linkedin.com\/company\/natural-poland","https:\/\/www.youtube.com\/channel\/UCgeGGkvOMahZo-xu_MSEWxg"]}]}},"_links":{"self":[{"href":"https:\/\/naturalpoland.com\/ko\/wp-json\/wp\/v2\/product\/42647","targetHints":{"allow":["GET"]}}],"collection":[{"href":"https:\/\/naturalpoland.com\/ko\/wp-json\/wp\/v2\/product"}],"about":[{"href":"https:\/\/naturalpoland.com\/ko\/wp-json\/wp\/v2\/types\/product"}],"wp:featuredmedia":[{"embeddable":true,"href":"https:\/\/naturalpoland.com\/ko\/wp-json\/wp\/v2\/media\/42648"}],"wp:attachment":[{"href":"https:\/\/naturalpoland.com\/ko\/wp-json\/wp\/v2\/media?parent=42647"}],"wp:term":[{"taxonomy":"product_brand","embeddable":true,"href":"https:\/\/naturalpoland.com\/ko\/wp-json\/wp\/v2\/product_brand?post=42647"},{"taxonomy":"product_cat","embeddable":true,"href":"https:\/\/naturalpoland.com\/ko\/wp-json\/wp\/v2\/product_cat?post=42647"},{"taxonomy":"product_tag","embeddable":true,"href":"https:\/\/naturalpoland.com\/ko\/wp-json\/wp\/v2\/product_tag?post=42647"}],"curies":[{"name":"wp","href":"https:\/\/api.w.org\/{rel}","templated":true}]}}