{"id":42649,"date":"2025-04-15T09:51:27","date_gmt":"2025-04-15T07:51:27","guid":{"rendered":"https:\/\/naturalpoland.com\/produkty\/uncategorized\/%ec%95%8c%eb%a1%9c%ec%97%90-%eb%b2%a0%eb%9d%bc-%ec%a0%a4-%ed%8c%8c%ec%9a%b0%eb%8d%94\/"},"modified":"2025-08-07T16:05:42","modified_gmt":"2025-08-07T14:05:42","slug":"%ec%95%8c%eb%a1%9c%ec%97%90-%eb%b2%a0%eb%9d%bc-%ec%a0%a4-%ed%8c%8c%ec%9a%b0%eb%8d%94","status":"publish","type":"product","link":"https:\/\/naturalpoland.com\/ko\/je-pum\/ui-yak-pum-won-ryo\/geon-gang-gi-neung-sig-pum-cheom-ga-mul\/%ec%95%8c%eb%a1%9c%ec%97%90-%eb%b2%a0%eb%9d%bc-%ec%a0%a4-%ed%8c%8c%ec%9a%b0%eb%8d%94\/","title":{"rendered":"\uc54c\ub85c\uc5d0 \ubca0\ub77c \uc824 \ud30c\uc6b0\ub354"},"content":{"rendered":"<p><strong>\ub3d9\uacb0 \uac74\uc870<\/strong>(\ub0c9\ub3d9 \uac74\uc870 \ubc29\uc2dd)\ub97c \ud1b5\ud574 \ud2b9\uc720\uc758 \ud5a5\uacfc \ub9db\uc744 \uc9c0\ub2cc \uc12c\uc138\ud55c \ud770\uc0c9 \ub610\ub294 \uc57d\uac04 \ud06c\ub9bc\uc0c9\uc758 \ud30c\uc6b0\ub354\ub97c \uc5bb\uc744 \uc218 \uc788\uc73c\uba70, \ud65c\uc131 \uc2dd\ubb3c \uc131\ubd84\uc744 \ucd5c\ub300\ud55c \ubcf4\uc874\ud569\ub2c8\ub2e4. \ub2f9\uc0ac\uc5d0\uc11c \uc81c\uacf5\ud558\ub294 \ucd94\ucd9c\ubb3c\uc740 \ub192\uc740 \ub18d\ucd95 \uacc4\uc218\uc640 <strong>\ub2e4\ub2f9\ub958<\/strong> \ubc0f <strong>O-\uc544\uc138\ud2f8 \uadf8\ub8f9<\/strong> \ud568\ub7c9\uc5d0 \ub300\ud55c \ud45c\uc900\ud654\ub97c \uac00\uc9c0\uace0 \uc788\uc2b5\ub2c8\ub2e4. <\/p>\n<h3>\ud2b9\uc131<\/h3>\n<p>\uc54c\ub85c\uc5d0 \ubca0\ub77c \uc824 \ud30c\uc6b0\ub354\uc758 \ud2b9\uc131\uc740 \uc0dd\uccb4 \ud65c\uc131 \ub2e4\ub2f9\ub958\uc640 O-\uc544\uc138\ud2f8 \uadf8\ub8f9\uc758 \ub192\uc740 \ud568\ub7c9\uc5d0\uc11c \ube44\ub86f\ub429\ub2c8\ub2e4. \uc774\ub4e4\uc740 \uc774 \uc6d0\ub8cc\uac00 \ud56d\uc5fc\uc99d, \uba74\uc5ed \uc870\uc808 \ubc0f \ud574\ub3c5 \uc791\uc6a9\uc744 \ud558\ub3c4\ub85d \ud569\ub2c8\ub2e4. \uc18c\ud654\uad00 \uc790\uadf9 \uc644\ud654\uc5d0 \ub3c4\uc6c0\uc744 \uc8fc\uace0, \uc7a5 \uae30\ub2a5\uc744 \uc9c0\uc6d0\ud558\uba70, \uc7a5\ub0b4 \ubbf8\uc0dd\ubb3c \uade0\ud615 \uc720\uc9c0\uc5d0 \ub3c4\uc6c0\uc744 \uc90d\ub2c8\ub2e4.  <\/p>\n<h3>\uc801\uc6a9<\/h3>\n<p>\uc774 \uc6d0\ub8cc\ub294 \ucea1\uc290, \uc815\uc81c, \uc74c\ub8cc\uc6a9 \ud30c\uc6b0\ub354 \ubc0f \uae30\ub2a5\uc131 \uc0f7 \ud615\ud0dc\uc758 \uac74\uac15 \ubcf4\uc870 \uc2dd\ud488 \uc0dd\uc0b0\uc5d0 \uc0ac\uc6a9\ub429\ub2c8\ub2e4. \uc774 \uc81c\ud488\uc740 \uba74\uc5ed\ub825\uc774 \uc57d\ud558\uac70\ub098 \uc18c\ud654\uae30 \ubb38\uc81c, \uc5fc\uc99d\uc131 \uc9c8\ud658\uc774 \uc788\ub294 \uc0ac\ub78c\ubfd0\ub9cc \uc544\ub2c8\ub77c \ubbfc\uac10\ud55c \uc18c\ud654\uad00\uc744 \uac00\uc9c0\uace0 \uc788\uac70\ub098 \ud65c\ub3d9\uc801\uc778 \uc0dd\ud65c \ubc29\uc2dd\uc744 \uac00\uc9c4 \uc0ac\ub78c\ub4e4\uc744 \uc704\ud574 \uace0\uc548\ub418\uc5c8\uc2b5\ub2c8\ub2e4. <\/p>\n","protected":false},"excerpt":{"rendered":"<p><strong data-start=\"0\" data-end=\"82\">\ub3d9\uacb0 \uac74\uc870 \uc54c\ub85c\uc5d0 \ubca0\ub77c \uc824 \ud30c\uc6b0\ub354<\/strong>(Aloe Vera Gel Freeze Dried Powder)\ub294 <em>\uc54c\ub85c\uc5d0 \ubc14\ub974\ubc14\ub374\uc2dc\uc2a4 \ubc00\ub7ec<\/em> \uc78e\uc758 \ub0b4\ubd80\uc5d0\uc11c \ucd94\ucd9c\ud55c \uace0\ub18d\ucd95 \uc2dd\ubb3c\uc131 \uc6d0\ub8cc\uc785\ub2c8\ub2e4.<\/p>\n","protected":false},"featured_media":42650,"template":"","meta":{"_acf_changed":false},"product_brand":[],"product_cat":[8143],"product_tag":[],"class_list":{"0":"post-42649","1":"product","2":"type-product","3":"status-publish","4":"has-post-thumbnail","6":"product_cat-geon-gang-gi-neung-sig-pum-cheom-ga-mul","7":"pa_czesc-rosliny-8916","9":"first","10":"instock","11":"shipping-taxable","12":"product-type-simple"},"acf":[],"yoast_head":"<!-- This site is optimized with the Yoast SEO plugin v27.6 - https:\/\/yoast.com\/product\/yoast-seo-wordpress\/ -->\n<title>\uc54c\ub85c\uc5d0 \ubca0\ub77c \uc824 \ud30c\uc6b0\ub354 - Hurtowy Dystrybutor<\/title>\n<meta name=\"description\" content=\"\uc54c\ub85c\uc5d0 \ubca0\ub77c \uc824 \ud30c\uc6b0\ub354\ub294 \uc18c\ud654\uae30 \ubc0f \uba74\uc5ed \uccb4\uacc4\ub97c \uc9c0\uc6d0\ud558\ub294 \uac74\uac15 \ubcf4\uc870 \uc2dd\ud488 \ubc0f \uae30\ub2a5\uc131 \uc81c\ud488\uc5d0 \uadc0\uc911\ud55c \uc131\ubd84\uc785\ub2c8\ub2e4.\" \/>\n<meta name=\"robots\" content=\"index, follow, max-snippet:-1, max-image-preview:large, max-video-preview:-1\" \/>\n<link rel=\"canonical\" href=\"https:\/\/naturalpoland.com\/ko\/je-pum\/ui-yak-pum-won-ryo\/geon-gang-gi-neung-sig-pum-cheom-ga-mul\/%ec%95%8c%eb%a1%9c%ec%97%90-%eb%b2%a0%eb%9d%bc-%ec%a0%a4-%ed%8c%8c%ec%9a%b0%eb%8d%94\/\" \/>\n<meta property=\"og:locale\" content=\"ko_KR\" \/>\n<meta property=\"og:type\" content=\"article\" \/>\n<meta property=\"og:title\" content=\"\uc54c\ub85c\uc5d0 \ubca0\ub77c \uc824 \ud30c\uc6b0\ub354 - Hurtowy Dystrybutor\" \/>\n<meta property=\"og:description\" content=\"\uc54c\ub85c\uc5d0 \ubca0\ub77c \uc824 \ud30c\uc6b0\ub354\ub294 \uc18c\ud654\uae30 \ubc0f \uba74\uc5ed \uccb4\uacc4\ub97c \uc9c0\uc6d0\ud558\ub294 \uac74\uac15 \ubcf4\uc870 \uc2dd\ud488 \ubc0f \uae30\ub2a5\uc131 \uc81c\ud488\uc5d0 \uadc0\uc911\ud55c \uc131\ubd84\uc785\ub2c8\ub2e4.\" \/>\n<meta property=\"og:url\" content=\"https:\/\/naturalpoland.com\/ko\/je-pum\/ui-yak-pum-won-ryo\/geon-gang-gi-neung-sig-pum-cheom-ga-mul\/%ec%95%8c%eb%a1%9c%ec%97%90-%eb%b2%a0%eb%9d%bc-%ec%a0%a4-%ed%8c%8c%ec%9a%b0%eb%8d%94\/\" \/>\n<meta property=\"og:site_name\" content=\"NATURAL POLAND - Hurtowy Dystrybutor Surowc\u00f3w\" \/>\n<meta property=\"article:publisher\" content=\"https:\/\/www.facebook.com\/naturalpoland.b2b\" \/>\n<meta property=\"article:modified_time\" content=\"2025-08-07T14:05:42+00:00\" \/>\n<meta property=\"og:image\" content=\"https:\/\/naturalpoland.com\/wp-content\/uploads\/aloesowy-zel-w-proszku.webp\" \/>\n\t<meta property=\"og:image:width\" content=\"1024\" \/>\n\t<meta property=\"og:image:height\" content=\"1024\" \/>\n\t<meta property=\"og:image:type\" content=\"image\/webp\" \/>\n<script type=\"application\/ld+json\" class=\"yoast-schema-graph\">{\"@context\":\"https:\\\/\\\/schema.org\",\"@graph\":[{\"@type\":\"WebPage\",\"@id\":\"https:\\\/\\\/naturalpoland.com\\\/ko\\\/je-pum\\\/ui-yak-pum-won-ryo\\\/geon-gang-gi-neung-sig-pum-cheom-ga-mul\\\/%ec%95%8c%eb%a1%9c%ec%97%90-%eb%b2%a0%eb%9d%bc-%ec%a0%a4-%ed%8c%8c%ec%9a%b0%eb%8d%94\\\/\",\"url\":\"https:\\\/\\\/naturalpoland.com\\\/ko\\\/je-pum\\\/ui-yak-pum-won-ryo\\\/geon-gang-gi-neung-sig-pum-cheom-ga-mul\\\/%ec%95%8c%eb%a1%9c%ec%97%90-%eb%b2%a0%eb%9d%bc-%ec%a0%a4-%ed%8c%8c%ec%9a%b0%eb%8d%94\\\/\",\"name\":\"\uc54c\ub85c\uc5d0 \ubca0\ub77c \uc824 \ud30c\uc6b0\ub354 - Hurtowy Dystrybutor\",\"isPartOf\":{\"@id\":\"https:\\\/\\\/naturalpoland.com\\\/ko\\\/#website\"},\"primaryImageOfPage\":{\"@id\":\"https:\\\/\\\/naturalpoland.com\\\/ko\\\/je-pum\\\/ui-yak-pum-won-ryo\\\/geon-gang-gi-neung-sig-pum-cheom-ga-mul\\\/%ec%95%8c%eb%a1%9c%ec%97%90-%eb%b2%a0%eb%9d%bc-%ec%a0%a4-%ed%8c%8c%ec%9a%b0%eb%8d%94\\\/#primaryimage\"},\"image\":{\"@id\":\"https:\\\/\\\/naturalpoland.com\\\/ko\\\/je-pum\\\/ui-yak-pum-won-ryo\\\/geon-gang-gi-neung-sig-pum-cheom-ga-mul\\\/%ec%95%8c%eb%a1%9c%ec%97%90-%eb%b2%a0%eb%9d%bc-%ec%a0%a4-%ed%8c%8c%ec%9a%b0%eb%8d%94\\\/#primaryimage\"},\"thumbnailUrl\":\"https:\\\/\\\/naturalpoland.com\\\/wp-content\\\/uploads\\\/aloesowy-zel-w-proszku.webp\",\"datePublished\":\"2025-04-15T07:51:27+00:00\",\"dateModified\":\"2025-08-07T14:05:42+00:00\",\"description\":\"\uc54c\ub85c\uc5d0 \ubca0\ub77c \uc824 \ud30c\uc6b0\ub354\ub294 \uc18c\ud654\uae30 \ubc0f \uba74\uc5ed \uccb4\uacc4\ub97c \uc9c0\uc6d0\ud558\ub294 \uac74\uac15 \ubcf4\uc870 \uc2dd\ud488 \ubc0f \uae30\ub2a5\uc131 \uc81c\ud488\uc5d0 \uadc0\uc911\ud55c \uc131\ubd84\uc785\ub2c8\ub2e4.\",\"breadcrumb\":{\"@id\":\"https:\\\/\\\/naturalpoland.com\\\/ko\\\/je-pum\\\/ui-yak-pum-won-ryo\\\/geon-gang-gi-neung-sig-pum-cheom-ga-mul\\\/%ec%95%8c%eb%a1%9c%ec%97%90-%eb%b2%a0%eb%9d%bc-%ec%a0%a4-%ed%8c%8c%ec%9a%b0%eb%8d%94\\\/#breadcrumb\"},\"inLanguage\":\"ko-KR\",\"potentialAction\":[{\"@type\":\"ReadAction\",\"target\":[\"https:\\\/\\\/naturalpoland.com\\\/ko\\\/je-pum\\\/ui-yak-pum-won-ryo\\\/geon-gang-gi-neung-sig-pum-cheom-ga-mul\\\/%ec%95%8c%eb%a1%9c%ec%97%90-%eb%b2%a0%eb%9d%bc-%ec%a0%a4-%ed%8c%8c%ec%9a%b0%eb%8d%94\\\/\"]}]},{\"@type\":\"ImageObject\",\"inLanguage\":\"ko-KR\",\"@id\":\"https:\\\/\\\/naturalpoland.com\\\/ko\\\/je-pum\\\/ui-yak-pum-won-ryo\\\/geon-gang-gi-neung-sig-pum-cheom-ga-mul\\\/%ec%95%8c%eb%a1%9c%ec%97%90-%eb%b2%a0%eb%9d%bc-%ec%a0%a4-%ed%8c%8c%ec%9a%b0%eb%8d%94\\\/#primaryimage\",\"url\":\"https:\\\/\\\/naturalpoland.com\\\/wp-content\\\/uploads\\\/aloesowy-zel-w-proszku.webp\",\"contentUrl\":\"https:\\\/\\\/naturalpoland.com\\\/wp-content\\\/uploads\\\/aloesowy-zel-w-proszku.webp\",\"width\":1024,\"height\":1024,\"caption\":\"\u017bel aloesowy w proszku\"},{\"@type\":\"BreadcrumbList\",\"@id\":\"https:\\\/\\\/naturalpoland.com\\\/ko\\\/je-pum\\\/ui-yak-pum-won-ryo\\\/geon-gang-gi-neung-sig-pum-cheom-ga-mul\\\/%ec%95%8c%eb%a1%9c%ec%97%90-%eb%b2%a0%eb%9d%bc-%ec%a0%a4-%ed%8c%8c%ec%9a%b0%eb%8d%94\\\/#breadcrumb\",\"itemListElement\":[{\"@type\":\"ListItem\",\"position\":1,\"name\":\"\ud648\",\"item\":\"https:\\\/\\\/naturalpoland.com\\\/ko\\\/\"},{\"@type\":\"ListItem\",\"position\":2,\"name\":\"\uc81c\ud488\",\"item\":\"https:\\\/\\\/naturalpoland.com\\\/ko\\\/%ec%a0%9c%ed%92%88\\\/\"},{\"@type\":\"ListItem\",\"position\":3,\"name\":\"\uc54c\ub85c\uc5d0 \ubca0\ub77c \uc824 \ud30c\uc6b0\ub354\"}]},{\"@type\":\"WebSite\",\"@id\":\"https:\\\/\\\/naturalpoland.com\\\/ko\\\/#website\",\"url\":\"https:\\\/\\\/naturalpoland.com\\\/ko\\\/\",\"name\":\"NATURAL POLAND - Hurtowy Dystrybutor Surowc\u00f3w\",\"description\":\"Surowce dla przemys\u0142u spo\u017cywczego, kosmetycznego i farmaceutycznego\",\"publisher\":{\"@id\":\"https:\\\/\\\/naturalpoland.com\\\/ko\\\/#organization\"},\"potentialAction\":[{\"@type\":\"SearchAction\",\"target\":{\"@type\":\"EntryPoint\",\"urlTemplate\":\"https:\\\/\\\/naturalpoland.com\\\/ko\\\/?s={search_term_string}\"},\"query-input\":{\"@type\":\"PropertyValueSpecification\",\"valueRequired\":true,\"valueName\":\"search_term_string\"}}],\"inLanguage\":\"ko-KR\"},{\"@type\":\"Organization\",\"@id\":\"https:\\\/\\\/naturalpoland.com\\\/ko\\\/#organization\",\"name\":\"Natural Poland\",\"url\":\"https:\\\/\\\/naturalpoland.com\\\/ko\\\/\",\"logo\":{\"@type\":\"ImageObject\",\"inLanguage\":\"ko-KR\",\"@id\":\"https:\\\/\\\/naturalpoland.com\\\/ko\\\/#\\\/schema\\\/logo\\\/image\\\/\",\"url\":\"https:\\\/\\\/naturalpoland.com\\\/wp-content\\\/uploads\\\/2021\\\/05\\\/natural-poland-icon.png\",\"contentUrl\":\"https:\\\/\\\/naturalpoland.com\\\/wp-content\\\/uploads\\\/2021\\\/05\\\/natural-poland-icon.png\",\"width\":512,\"height\":512,\"caption\":\"Natural Poland\"},\"image\":{\"@id\":\"https:\\\/\\\/naturalpoland.com\\\/ko\\\/#\\\/schema\\\/logo\\\/image\\\/\"},\"sameAs\":[\"https:\\\/\\\/www.facebook.com\\\/naturalpoland.b2b\",\"https:\\\/\\\/pl.linkedin.com\\\/company\\\/natural-poland\",\"https:\\\/\\\/www.youtube.com\\\/channel\\\/UCgeGGkvOMahZo-xu_MSEWxg\"]}]}<\/script>\n<!-- \/ Yoast SEO plugin. -->","yoast_head_json":{"title":"\uc54c\ub85c\uc5d0 \ubca0\ub77c \uc824 \ud30c\uc6b0\ub354 - Hurtowy Dystrybutor","description":"\uc54c\ub85c\uc5d0 \ubca0\ub77c \uc824 \ud30c\uc6b0\ub354\ub294 \uc18c\ud654\uae30 \ubc0f \uba74\uc5ed \uccb4\uacc4\ub97c \uc9c0\uc6d0\ud558\ub294 \uac74\uac15 \ubcf4\uc870 \uc2dd\ud488 \ubc0f \uae30\ub2a5\uc131 \uc81c\ud488\uc5d0 \uadc0\uc911\ud55c \uc131\ubd84\uc785\ub2c8\ub2e4.","robots":{"index":"index","follow":"follow","max-snippet":"max-snippet:-1","max-image-preview":"max-image-preview:large","max-video-preview":"max-video-preview:-1"},"canonical":"https:\/\/naturalpoland.com\/ko\/je-pum\/ui-yak-pum-won-ryo\/geon-gang-gi-neung-sig-pum-cheom-ga-mul\/%ec%95%8c%eb%a1%9c%ec%97%90-%eb%b2%a0%eb%9d%bc-%ec%a0%a4-%ed%8c%8c%ec%9a%b0%eb%8d%94\/","og_locale":"ko_KR","og_type":"article","og_title":"\uc54c\ub85c\uc5d0 \ubca0\ub77c \uc824 \ud30c\uc6b0\ub354 - Hurtowy Dystrybutor","og_description":"\uc54c\ub85c\uc5d0 \ubca0\ub77c \uc824 \ud30c\uc6b0\ub354\ub294 \uc18c\ud654\uae30 \ubc0f \uba74\uc5ed \uccb4\uacc4\ub97c \uc9c0\uc6d0\ud558\ub294 \uac74\uac15 \ubcf4\uc870 \uc2dd\ud488 \ubc0f \uae30\ub2a5\uc131 \uc81c\ud488\uc5d0 \uadc0\uc911\ud55c \uc131\ubd84\uc785\ub2c8\ub2e4.","og_url":"https:\/\/naturalpoland.com\/ko\/je-pum\/ui-yak-pum-won-ryo\/geon-gang-gi-neung-sig-pum-cheom-ga-mul\/%ec%95%8c%eb%a1%9c%ec%97%90-%eb%b2%a0%eb%9d%bc-%ec%a0%a4-%ed%8c%8c%ec%9a%b0%eb%8d%94\/","og_site_name":"NATURAL POLAND - Hurtowy Dystrybutor Surowc\u00f3w","article_publisher":"https:\/\/www.facebook.com\/naturalpoland.b2b","article_modified_time":"2025-08-07T14:05:42+00:00","og_image":[{"width":1024,"height":1024,"url":"https:\/\/naturalpoland.com\/wp-content\/uploads\/aloesowy-zel-w-proszku.webp","type":"image\/webp"}],"schema":{"@context":"https:\/\/schema.org","@graph":[{"@type":"WebPage","@id":"https:\/\/naturalpoland.com\/ko\/je-pum\/ui-yak-pum-won-ryo\/geon-gang-gi-neung-sig-pum-cheom-ga-mul\/%ec%95%8c%eb%a1%9c%ec%97%90-%eb%b2%a0%eb%9d%bc-%ec%a0%a4-%ed%8c%8c%ec%9a%b0%eb%8d%94\/","url":"https:\/\/naturalpoland.com\/ko\/je-pum\/ui-yak-pum-won-ryo\/geon-gang-gi-neung-sig-pum-cheom-ga-mul\/%ec%95%8c%eb%a1%9c%ec%97%90-%eb%b2%a0%eb%9d%bc-%ec%a0%a4-%ed%8c%8c%ec%9a%b0%eb%8d%94\/","name":"\uc54c\ub85c\uc5d0 \ubca0\ub77c \uc824 \ud30c\uc6b0\ub354 - Hurtowy Dystrybutor","isPartOf":{"@id":"https:\/\/naturalpoland.com\/ko\/#website"},"primaryImageOfPage":{"@id":"https:\/\/naturalpoland.com\/ko\/je-pum\/ui-yak-pum-won-ryo\/geon-gang-gi-neung-sig-pum-cheom-ga-mul\/%ec%95%8c%eb%a1%9c%ec%97%90-%eb%b2%a0%eb%9d%bc-%ec%a0%a4-%ed%8c%8c%ec%9a%b0%eb%8d%94\/#primaryimage"},"image":{"@id":"https:\/\/naturalpoland.com\/ko\/je-pum\/ui-yak-pum-won-ryo\/geon-gang-gi-neung-sig-pum-cheom-ga-mul\/%ec%95%8c%eb%a1%9c%ec%97%90-%eb%b2%a0%eb%9d%bc-%ec%a0%a4-%ed%8c%8c%ec%9a%b0%eb%8d%94\/#primaryimage"},"thumbnailUrl":"https:\/\/naturalpoland.com\/wp-content\/uploads\/aloesowy-zel-w-proszku.webp","datePublished":"2025-04-15T07:51:27+00:00","dateModified":"2025-08-07T14:05:42+00:00","description":"\uc54c\ub85c\uc5d0 \ubca0\ub77c \uc824 \ud30c\uc6b0\ub354\ub294 \uc18c\ud654\uae30 \ubc0f \uba74\uc5ed \uccb4\uacc4\ub97c \uc9c0\uc6d0\ud558\ub294 \uac74\uac15 \ubcf4\uc870 \uc2dd\ud488 \ubc0f \uae30\ub2a5\uc131 \uc81c\ud488\uc5d0 \uadc0\uc911\ud55c \uc131\ubd84\uc785\ub2c8\ub2e4.","breadcrumb":{"@id":"https:\/\/naturalpoland.com\/ko\/je-pum\/ui-yak-pum-won-ryo\/geon-gang-gi-neung-sig-pum-cheom-ga-mul\/%ec%95%8c%eb%a1%9c%ec%97%90-%eb%b2%a0%eb%9d%bc-%ec%a0%a4-%ed%8c%8c%ec%9a%b0%eb%8d%94\/#breadcrumb"},"inLanguage":"ko-KR","potentialAction":[{"@type":"ReadAction","target":["https:\/\/naturalpoland.com\/ko\/je-pum\/ui-yak-pum-won-ryo\/geon-gang-gi-neung-sig-pum-cheom-ga-mul\/%ec%95%8c%eb%a1%9c%ec%97%90-%eb%b2%a0%eb%9d%bc-%ec%a0%a4-%ed%8c%8c%ec%9a%b0%eb%8d%94\/"]}]},{"@type":"ImageObject","inLanguage":"ko-KR","@id":"https:\/\/naturalpoland.com\/ko\/je-pum\/ui-yak-pum-won-ryo\/geon-gang-gi-neung-sig-pum-cheom-ga-mul\/%ec%95%8c%eb%a1%9c%ec%97%90-%eb%b2%a0%eb%9d%bc-%ec%a0%a4-%ed%8c%8c%ec%9a%b0%eb%8d%94\/#primaryimage","url":"https:\/\/naturalpoland.com\/wp-content\/uploads\/aloesowy-zel-w-proszku.webp","contentUrl":"https:\/\/naturalpoland.com\/wp-content\/uploads\/aloesowy-zel-w-proszku.webp","width":1024,"height":1024,"caption":"\u017bel aloesowy w proszku"},{"@type":"BreadcrumbList","@id":"https:\/\/naturalpoland.com\/ko\/je-pum\/ui-yak-pum-won-ryo\/geon-gang-gi-neung-sig-pum-cheom-ga-mul\/%ec%95%8c%eb%a1%9c%ec%97%90-%eb%b2%a0%eb%9d%bc-%ec%a0%a4-%ed%8c%8c%ec%9a%b0%eb%8d%94\/#breadcrumb","itemListElement":[{"@type":"ListItem","position":1,"name":"\ud648","item":"https:\/\/naturalpoland.com\/ko\/"},{"@type":"ListItem","position":2,"name":"\uc81c\ud488","item":"https:\/\/naturalpoland.com\/ko\/%ec%a0%9c%ed%92%88\/"},{"@type":"ListItem","position":3,"name":"\uc54c\ub85c\uc5d0 \ubca0\ub77c \uc824 \ud30c\uc6b0\ub354"}]},{"@type":"WebSite","@id":"https:\/\/naturalpoland.com\/ko\/#website","url":"https:\/\/naturalpoland.com\/ko\/","name":"NATURAL POLAND - Hurtowy Dystrybutor Surowc\u00f3w","description":"Surowce dla przemys\u0142u spo\u017cywczego, kosmetycznego i farmaceutycznego","publisher":{"@id":"https:\/\/naturalpoland.com\/ko\/#organization"},"potentialAction":[{"@type":"SearchAction","target":{"@type":"EntryPoint","urlTemplate":"https:\/\/naturalpoland.com\/ko\/?s={search_term_string}"},"query-input":{"@type":"PropertyValueSpecification","valueRequired":true,"valueName":"search_term_string"}}],"inLanguage":"ko-KR"},{"@type":"Organization","@id":"https:\/\/naturalpoland.com\/ko\/#organization","name":"Natural Poland","url":"https:\/\/naturalpoland.com\/ko\/","logo":{"@type":"ImageObject","inLanguage":"ko-KR","@id":"https:\/\/naturalpoland.com\/ko\/#\/schema\/logo\/image\/","url":"https:\/\/naturalpoland.com\/wp-content\/uploads\/2021\/05\/natural-poland-icon.png","contentUrl":"https:\/\/naturalpoland.com\/wp-content\/uploads\/2021\/05\/natural-poland-icon.png","width":512,"height":512,"caption":"Natural Poland"},"image":{"@id":"https:\/\/naturalpoland.com\/ko\/#\/schema\/logo\/image\/"},"sameAs":["https:\/\/www.facebook.com\/naturalpoland.b2b","https:\/\/pl.linkedin.com\/company\/natural-poland","https:\/\/www.youtube.com\/channel\/UCgeGGkvOMahZo-xu_MSEWxg"]}]}},"_links":{"self":[{"href":"https:\/\/naturalpoland.com\/ko\/wp-json\/wp\/v2\/product\/42649","targetHints":{"allow":["GET"]}}],"collection":[{"href":"https:\/\/naturalpoland.com\/ko\/wp-json\/wp\/v2\/product"}],"about":[{"href":"https:\/\/naturalpoland.com\/ko\/wp-json\/wp\/v2\/types\/product"}],"wp:featuredmedia":[{"embeddable":true,"href":"https:\/\/naturalpoland.com\/ko\/wp-json\/wp\/v2\/media\/42650"}],"wp:attachment":[{"href":"https:\/\/naturalpoland.com\/ko\/wp-json\/wp\/v2\/media?parent=42649"}],"wp:term":[{"taxonomy":"product_brand","embeddable":true,"href":"https:\/\/naturalpoland.com\/ko\/wp-json\/wp\/v2\/product_brand?post=42649"},{"taxonomy":"product_cat","embeddable":true,"href":"https:\/\/naturalpoland.com\/ko\/wp-json\/wp\/v2\/product_cat?post=42649"},{"taxonomy":"product_tag","embeddable":true,"href":"https:\/\/naturalpoland.com\/ko\/wp-json\/wp\/v2\/product_tag?post=42649"}],"curies":[{"name":"wp","href":"https:\/\/api.w.org\/{rel}","templated":true}]}}