{"id":42655,"date":"2024-11-21T14:34:56","date_gmt":"2024-11-21T13:34:56","guid":{"rendered":"https:\/\/naturalpoland.com\/produkty\/uncategorized\/l-%ec%85%80%eb%a0%88%eb%85%b8%eb%a9%94%ed%8b%b0%ec%98%a4%eb%8b%8c\/"},"modified":"2025-08-07T16:06:07","modified_gmt":"2025-08-07T14:06:07","slug":"l-%ec%85%80%eb%a0%88%eb%85%b8%eb%a9%94%ed%8b%b0%ec%98%a4%eb%8b%8c","status":"publish","type":"product","link":"https:\/\/naturalpoland.com\/ko\/je-pum\/ui-yak-pum-won-ryo\/geon-gang-gi-neung-sig-pum-cheom-ga-mul\/l-%ec%85%80%eb%a0%88%eb%85%b8%eb%a9%94%ed%8b%b0%ec%98%a4%eb%8b%8c\/","title":{"rendered":"L-\uc140\ub808\ub178\uba54\ud2f0\uc624\ub2cc"},"content":{"rendered":"<h2>\ud2b9\uc131<\/h2>\n<p>L-\uc140\ub808\ub178\uba54\ud2f0\uc624\ub2cc\uc740 \ub9e4\uc6b0 \ud6a8\uacfc\uc801\uc778 \uc140\ub808\ub284 \uacf5\uae09\uc6d0\uc785\ub2c8\ub2e4. \ubcf8 \uc81c\ud488\uc740 \uc218\uc6a9\uc131\uc774\ubbc0\ub85c \ub2e4\uc591\ud55c \ud615\ud0dc\uc758 \uc758\uc57d\ud488 \ubc0f \ubcf4\ucda9\uc81c \uc81c\ud615\uc5d0 \uc27d\uac8c \ucca8\uac00\ud560 \uc218 \uc788\uc2b5\ub2c8\ub2e4. \ubcf8 \uc81c\ud488\uc740 GMO\ub97c \ud3ec\ud568\ud558\uc9c0 \uc54a\uc2b5\ub2c8\ub2e4.  <\/p>\n<h2>\uc801\uc6a9<\/h2>\n<p>L-\uc140\ub808\ub178\uba54\ud2f0\uc624\ub2cc\uc740 \uc0dd\uccb4 \uc774\uc6a9\ub960\uc774 \ub192\uc740 \uc140\ub808\ub284\uc758 \ud6cc\ub96d\ud55c \uacf5\uae09\uc6d0\uc774\uba70, \uc774\ub294 <strong>\uac74\uac15 \ubcf4\uc870 \uc2dd\ud488<\/strong>\uc758 \uc774\uc0c1\uc801\uc778 \uc131\ubd84\uc785\ub2c8\ub2e4. \uba74\uc5ed \uccb4\uacc4 \uae30\ub2a5\uc744 \uc9c0\uc6d0\ud558\uace0, \ud56d\uc0b0\ud654 \uc791\uc6a9\uc744 \ud558\uba70, \uc0b0\ud654 \uc2a4\ud2b8\ub808\uc2a4\ub85c\ubd80\ud130 \uc138\ud3ec\ub97c \ubcf4\ud638\ud558\ub294 \ub370 \ub3c4\uc6c0\uc744 \uc90d\ub2c8\ub2e4. \ub610\ud55c \uc140\ub808\ub284 \uacb0\ud54d \uce58\ub8cc\uc5d0\ub3c4 \uc0ac\uc6a9\ub418\uba70, \uac11\uc0c1\uc120 \uae30\ub2a5\uacfc \uc2ec\ud608\uad00 \uc2dc\uc2a4\ud15c\uc758 \uc791\ub3d9\uc744 \uc9c0\uc6d0\ud569\ub2c8\ub2e4. \ubcf8 \uc81c\ud488\uc740 <strong>\uae30\ub2a5\uc131 \uc2dd\ud488<\/strong>\uc5d0\ub3c4 \uc0ac\uc6a9\ub420 \uc218 \uc788\uc73c\uba70, \uc2e0\uccb4\uc758 \uc815\uc0c1\uc801\uc778 \uae30\ub2a5\uc5d0 \ud544\uc218\uc801\uc778 \uc140\ub808\ub284\uc744 \uc2dd\ud488\uc5d0 \uac15\ud654\ud558\ub294 \uc5ed\ud560\uc744 \ud569\ub2c8\ub2e4.   <\/p>\n","protected":false},"excerpt":{"rendered":"<p>L-\uc140\ub808\ub178\uba54\ud2f0\uc624\ub2cc\uc740 \uc2dd\ubb3c\uc131 \ub2e8\ubc31\uc9c8\uc5d0\uc11c \ubc1c\uacac\ub418\ub294 \uc140\ub808\ub284\uc758 \ucc9c\uc5f0 \ud615\ud0dc\uc778 \uc720\uae30 \ud654\ud569\ubb3c\uc785\ub2c8\ub2e4. \uc774\ub294 \uac74\uac15 \ubcf4\uc870 \uc2dd\ud488, \uc758\uc57d\ud488, \uadf8\ub9ac\uace0 \uba74\uc5ed\ub825 \ubc0f \uac74\uac15 \uc99d\uc9c4 \uc81c\ud488\uc5d0 \ub110\ub9ac \uc0ac\uc6a9\ub429\ub2c8\ub2e4. \uc5f0\ud55c \ud669\ubc31\uc0c9 \ubd84\ub9d0 \ud615\ud0dc\uc758 \ubcf8 \uc81c\ud488\uc740 \ub192\uc740 \uc21c\ub3c4\uc640 \ud488\uc9c8\uc744 \ud2b9\uc9d5\uc73c\ub85c \ud558\uba70, \uc774\ub294 \uc0c1\uc138\ud55c \ubd84\uc11d \uc5f0\uad6c\ub97c \ud1b5\ud574 \uc785\uc99d\ub418\uc5c8\uc2b5\ub2c8\ub2e4.  <\/p>\n","protected":false},"featured_media":42656,"template":"","meta":{"_acf_changed":false},"product_brand":[],"product_cat":[8143],"product_tag":[],"class_list":{"0":"post-42655","1":"product","2":"type-product","3":"status-publish","4":"has-post-thumbnail","6":"product_cat-geon-gang-gi-neung-sig-pum-cheom-ga-mul","8":"first","9":"instock","10":"shipping-taxable","11":"product-type-simple"},"acf":[],"yoast_head":"<!-- This site is optimized with the Yoast SEO plugin v27.6 - https:\/\/yoast.com\/product\/yoast-seo-wordpress\/ -->\n<title>L-\uc140\ub808\ub178\uba54\ud2f0\uc624\ub2cc - \uc6d0\uc790\uc7ac \ub3c4\ub9e4 \uc720\ud1b5\uc5c5\uccb4<\/title>\n<meta name=\"description\" content=\"L-\uc140\ub808\ub178\uba54\ud2f0\uc624\ub2cc\uc740 \uc0dd\uccb4 \uc774\uc6a9\ub960\uc774 \ub192\uace0 \uc548\uc815\uc801\uc778 \uc140\ub808\ub284 \uacf5\uae09\uc6d0\uc73c\ub85c, \uc81c\uc57d \ubc0f \ubcf4\ucda9\uc81c \uc0b0\uc5c5\uc5d0\uc11c \uad11\ubc94\uc704\ud558\uac8c \uc0ac\uc6a9\ub429\ub2c8\ub2e4.\" \/>\n<meta name=\"robots\" content=\"index, follow, max-snippet:-1, max-image-preview:large, max-video-preview:-1\" \/>\n<link rel=\"canonical\" href=\"https:\/\/naturalpoland.com\/ko\/je-pum\/ui-yak-pum-won-ryo\/geon-gang-gi-neung-sig-pum-cheom-ga-mul\/l-%ec%85%80%eb%a0%88%eb%85%b8%eb%a9%94%ed%8b%b0%ec%98%a4%eb%8b%8c\/\" \/>\n<meta property=\"og:locale\" content=\"ko_KR\" \/>\n<meta property=\"og:type\" content=\"article\" \/>\n<meta property=\"og:title\" content=\"L-\uc140\ub808\ub178\uba54\ud2f0\uc624\ub2cc - \uc6d0\uc790\uc7ac \ub3c4\ub9e4 \uc720\ud1b5\uc5c5\uccb4\" \/>\n<meta property=\"og:description\" content=\"L-\uc140\ub808\ub178\uba54\ud2f0\uc624\ub2cc\uc740 \uc0dd\uccb4 \uc774\uc6a9\ub960\uc774 \ub192\uace0 \uc548\uc815\uc801\uc778 \uc140\ub808\ub284 \uacf5\uae09\uc6d0\uc73c\ub85c, \uc81c\uc57d \ubc0f \ubcf4\ucda9\uc81c \uc0b0\uc5c5\uc5d0\uc11c \uad11\ubc94\uc704\ud558\uac8c \uc0ac\uc6a9\ub429\ub2c8\ub2e4.\" \/>\n<meta property=\"og:url\" content=\"https:\/\/naturalpoland.com\/ko\/je-pum\/ui-yak-pum-won-ryo\/geon-gang-gi-neung-sig-pum-cheom-ga-mul\/l-%ec%85%80%eb%a0%88%eb%85%b8%eb%a9%94%ed%8b%b0%ec%98%a4%eb%8b%8c\/\" \/>\n<meta property=\"og:site_name\" content=\"NATURAL POLAND - Hurtowy Dystrybutor Surowc\u00f3w\" \/>\n<meta property=\"article:publisher\" content=\"https:\/\/www.facebook.com\/naturalpoland.b2b\" \/>\n<meta property=\"article:modified_time\" content=\"2025-08-07T14:06:07+00:00\" \/>\n<meta property=\"og:image\" content=\"https:\/\/naturalpoland.com\/wp-content\/uploads\/l-selenometionina.webp\" \/>\n\t<meta property=\"og:image:width\" content=\"614\" \/>\n\t<meta property=\"og:image:height\" content=\"614\" \/>\n\t<meta property=\"og:image:type\" content=\"image\/webp\" \/>\n<script type=\"application\/ld+json\" class=\"yoast-schema-graph\">{\"@context\":\"https:\\\/\\\/schema.org\",\"@graph\":[{\"@type\":\"WebPage\",\"@id\":\"https:\\\/\\\/naturalpoland.com\\\/ko\\\/je-pum\\\/ui-yak-pum-won-ryo\\\/geon-gang-gi-neung-sig-pum-cheom-ga-mul\\\/l-%ec%85%80%eb%a0%88%eb%85%b8%eb%a9%94%ed%8b%b0%ec%98%a4%eb%8b%8c\\\/\",\"url\":\"https:\\\/\\\/naturalpoland.com\\\/ko\\\/je-pum\\\/ui-yak-pum-won-ryo\\\/geon-gang-gi-neung-sig-pum-cheom-ga-mul\\\/l-%ec%85%80%eb%a0%88%eb%85%b8%eb%a9%94%ed%8b%b0%ec%98%a4%eb%8b%8c\\\/\",\"name\":\"L-\uc140\ub808\ub178\uba54\ud2f0\uc624\ub2cc - \uc6d0\uc790\uc7ac \ub3c4\ub9e4 \uc720\ud1b5\uc5c5\uccb4\",\"isPartOf\":{\"@id\":\"https:\\\/\\\/naturalpoland.com\\\/ko\\\/#website\"},\"primaryImageOfPage\":{\"@id\":\"https:\\\/\\\/naturalpoland.com\\\/ko\\\/je-pum\\\/ui-yak-pum-won-ryo\\\/geon-gang-gi-neung-sig-pum-cheom-ga-mul\\\/l-%ec%85%80%eb%a0%88%eb%85%b8%eb%a9%94%ed%8b%b0%ec%98%a4%eb%8b%8c\\\/#primaryimage\"},\"image\":{\"@id\":\"https:\\\/\\\/naturalpoland.com\\\/ko\\\/je-pum\\\/ui-yak-pum-won-ryo\\\/geon-gang-gi-neung-sig-pum-cheom-ga-mul\\\/l-%ec%85%80%eb%a0%88%eb%85%b8%eb%a9%94%ed%8b%b0%ec%98%a4%eb%8b%8c\\\/#primaryimage\"},\"thumbnailUrl\":\"https:\\\/\\\/naturalpoland.com\\\/wp-content\\\/uploads\\\/l-selenometionina.webp\",\"datePublished\":\"2024-11-21T13:34:56+00:00\",\"dateModified\":\"2025-08-07T14:06:07+00:00\",\"description\":\"L-\uc140\ub808\ub178\uba54\ud2f0\uc624\ub2cc\uc740 \uc0dd\uccb4 \uc774\uc6a9\ub960\uc774 \ub192\uace0 \uc548\uc815\uc801\uc778 \uc140\ub808\ub284 \uacf5\uae09\uc6d0\uc73c\ub85c, \uc81c\uc57d \ubc0f \ubcf4\ucda9\uc81c \uc0b0\uc5c5\uc5d0\uc11c \uad11\ubc94\uc704\ud558\uac8c \uc0ac\uc6a9\ub429\ub2c8\ub2e4.\",\"breadcrumb\":{\"@id\":\"https:\\\/\\\/naturalpoland.com\\\/ko\\\/je-pum\\\/ui-yak-pum-won-ryo\\\/geon-gang-gi-neung-sig-pum-cheom-ga-mul\\\/l-%ec%85%80%eb%a0%88%eb%85%b8%eb%a9%94%ed%8b%b0%ec%98%a4%eb%8b%8c\\\/#breadcrumb\"},\"inLanguage\":\"ko-KR\",\"potentialAction\":[{\"@type\":\"ReadAction\",\"target\":[\"https:\\\/\\\/naturalpoland.com\\\/ko\\\/je-pum\\\/ui-yak-pum-won-ryo\\\/geon-gang-gi-neung-sig-pum-cheom-ga-mul\\\/l-%ec%85%80%eb%a0%88%eb%85%b8%eb%a9%94%ed%8b%b0%ec%98%a4%eb%8b%8c\\\/\"]}]},{\"@type\":\"ImageObject\",\"inLanguage\":\"ko-KR\",\"@id\":\"https:\\\/\\\/naturalpoland.com\\\/ko\\\/je-pum\\\/ui-yak-pum-won-ryo\\\/geon-gang-gi-neung-sig-pum-cheom-ga-mul\\\/l-%ec%85%80%eb%a0%88%eb%85%b8%eb%a9%94%ed%8b%b0%ec%98%a4%eb%8b%8c\\\/#primaryimage\",\"url\":\"https:\\\/\\\/naturalpoland.com\\\/wp-content\\\/uploads\\\/l-selenometionina.webp\",\"contentUrl\":\"https:\\\/\\\/naturalpoland.com\\\/wp-content\\\/uploads\\\/l-selenometionina.webp\",\"width\":614,\"height\":614,\"caption\":\"L-Selenometionina\"},{\"@type\":\"BreadcrumbList\",\"@id\":\"https:\\\/\\\/naturalpoland.com\\\/ko\\\/je-pum\\\/ui-yak-pum-won-ryo\\\/geon-gang-gi-neung-sig-pum-cheom-ga-mul\\\/l-%ec%85%80%eb%a0%88%eb%85%b8%eb%a9%94%ed%8b%b0%ec%98%a4%eb%8b%8c\\\/#breadcrumb\",\"itemListElement\":[{\"@type\":\"ListItem\",\"position\":1,\"name\":\"\ud648\",\"item\":\"https:\\\/\\\/naturalpoland.com\\\/ko\\\/\"},{\"@type\":\"ListItem\",\"position\":2,\"name\":\"\uc81c\ud488\",\"item\":\"https:\\\/\\\/naturalpoland.com\\\/ko\\\/%ec%a0%9c%ed%92%88\\\/\"},{\"@type\":\"ListItem\",\"position\":3,\"name\":\"L-\uc140\ub808\ub178\uba54\ud2f0\uc624\ub2cc\"}]},{\"@type\":\"WebSite\",\"@id\":\"https:\\\/\\\/naturalpoland.com\\\/ko\\\/#website\",\"url\":\"https:\\\/\\\/naturalpoland.com\\\/ko\\\/\",\"name\":\"NATURAL POLAND - Hurtowy Dystrybutor Surowc\u00f3w\",\"description\":\"Surowce dla przemys\u0142u spo\u017cywczego, kosmetycznego i farmaceutycznego\",\"publisher\":{\"@id\":\"https:\\\/\\\/naturalpoland.com\\\/ko\\\/#organization\"},\"potentialAction\":[{\"@type\":\"SearchAction\",\"target\":{\"@type\":\"EntryPoint\",\"urlTemplate\":\"https:\\\/\\\/naturalpoland.com\\\/ko\\\/?s={search_term_string}\"},\"query-input\":{\"@type\":\"PropertyValueSpecification\",\"valueRequired\":true,\"valueName\":\"search_term_string\"}}],\"inLanguage\":\"ko-KR\"},{\"@type\":\"Organization\",\"@id\":\"https:\\\/\\\/naturalpoland.com\\\/ko\\\/#organization\",\"name\":\"Natural Poland\",\"url\":\"https:\\\/\\\/naturalpoland.com\\\/ko\\\/\",\"logo\":{\"@type\":\"ImageObject\",\"inLanguage\":\"ko-KR\",\"@id\":\"https:\\\/\\\/naturalpoland.com\\\/ko\\\/#\\\/schema\\\/logo\\\/image\\\/\",\"url\":\"https:\\\/\\\/naturalpoland.com\\\/wp-content\\\/uploads\\\/2021\\\/05\\\/natural-poland-icon.png\",\"contentUrl\":\"https:\\\/\\\/naturalpoland.com\\\/wp-content\\\/uploads\\\/2021\\\/05\\\/natural-poland-icon.png\",\"width\":512,\"height\":512,\"caption\":\"Natural Poland\"},\"image\":{\"@id\":\"https:\\\/\\\/naturalpoland.com\\\/ko\\\/#\\\/schema\\\/logo\\\/image\\\/\"},\"sameAs\":[\"https:\\\/\\\/www.facebook.com\\\/naturalpoland.b2b\",\"https:\\\/\\\/pl.linkedin.com\\\/company\\\/natural-poland\",\"https:\\\/\\\/www.youtube.com\\\/channel\\\/UCgeGGkvOMahZo-xu_MSEWxg\"]}]}<\/script>\n<!-- \/ Yoast SEO plugin. -->","yoast_head_json":{"title":"L-\uc140\ub808\ub178\uba54\ud2f0\uc624\ub2cc - \uc6d0\uc790\uc7ac \ub3c4\ub9e4 \uc720\ud1b5\uc5c5\uccb4","description":"L-\uc140\ub808\ub178\uba54\ud2f0\uc624\ub2cc\uc740 \uc0dd\uccb4 \uc774\uc6a9\ub960\uc774 \ub192\uace0 \uc548\uc815\uc801\uc778 \uc140\ub808\ub284 \uacf5\uae09\uc6d0\uc73c\ub85c, \uc81c\uc57d \ubc0f \ubcf4\ucda9\uc81c \uc0b0\uc5c5\uc5d0\uc11c \uad11\ubc94\uc704\ud558\uac8c \uc0ac\uc6a9\ub429\ub2c8\ub2e4.","robots":{"index":"index","follow":"follow","max-snippet":"max-snippet:-1","max-image-preview":"max-image-preview:large","max-video-preview":"max-video-preview:-1"},"canonical":"https:\/\/naturalpoland.com\/ko\/je-pum\/ui-yak-pum-won-ryo\/geon-gang-gi-neung-sig-pum-cheom-ga-mul\/l-%ec%85%80%eb%a0%88%eb%85%b8%eb%a9%94%ed%8b%b0%ec%98%a4%eb%8b%8c\/","og_locale":"ko_KR","og_type":"article","og_title":"L-\uc140\ub808\ub178\uba54\ud2f0\uc624\ub2cc - \uc6d0\uc790\uc7ac \ub3c4\ub9e4 \uc720\ud1b5\uc5c5\uccb4","og_description":"L-\uc140\ub808\ub178\uba54\ud2f0\uc624\ub2cc\uc740 \uc0dd\uccb4 \uc774\uc6a9\ub960\uc774 \ub192\uace0 \uc548\uc815\uc801\uc778 \uc140\ub808\ub284 \uacf5\uae09\uc6d0\uc73c\ub85c, \uc81c\uc57d \ubc0f \ubcf4\ucda9\uc81c \uc0b0\uc5c5\uc5d0\uc11c \uad11\ubc94\uc704\ud558\uac8c \uc0ac\uc6a9\ub429\ub2c8\ub2e4.","og_url":"https:\/\/naturalpoland.com\/ko\/je-pum\/ui-yak-pum-won-ryo\/geon-gang-gi-neung-sig-pum-cheom-ga-mul\/l-%ec%85%80%eb%a0%88%eb%85%b8%eb%a9%94%ed%8b%b0%ec%98%a4%eb%8b%8c\/","og_site_name":"NATURAL POLAND - Hurtowy Dystrybutor Surowc\u00f3w","article_publisher":"https:\/\/www.facebook.com\/naturalpoland.b2b","article_modified_time":"2025-08-07T14:06:07+00:00","og_image":[{"width":614,"height":614,"url":"https:\/\/naturalpoland.com\/wp-content\/uploads\/l-selenometionina.webp","type":"image\/webp"}],"schema":{"@context":"https:\/\/schema.org","@graph":[{"@type":"WebPage","@id":"https:\/\/naturalpoland.com\/ko\/je-pum\/ui-yak-pum-won-ryo\/geon-gang-gi-neung-sig-pum-cheom-ga-mul\/l-%ec%85%80%eb%a0%88%eb%85%b8%eb%a9%94%ed%8b%b0%ec%98%a4%eb%8b%8c\/","url":"https:\/\/naturalpoland.com\/ko\/je-pum\/ui-yak-pum-won-ryo\/geon-gang-gi-neung-sig-pum-cheom-ga-mul\/l-%ec%85%80%eb%a0%88%eb%85%b8%eb%a9%94%ed%8b%b0%ec%98%a4%eb%8b%8c\/","name":"L-\uc140\ub808\ub178\uba54\ud2f0\uc624\ub2cc - \uc6d0\uc790\uc7ac \ub3c4\ub9e4 \uc720\ud1b5\uc5c5\uccb4","isPartOf":{"@id":"https:\/\/naturalpoland.com\/ko\/#website"},"primaryImageOfPage":{"@id":"https:\/\/naturalpoland.com\/ko\/je-pum\/ui-yak-pum-won-ryo\/geon-gang-gi-neung-sig-pum-cheom-ga-mul\/l-%ec%85%80%eb%a0%88%eb%85%b8%eb%a9%94%ed%8b%b0%ec%98%a4%eb%8b%8c\/#primaryimage"},"image":{"@id":"https:\/\/naturalpoland.com\/ko\/je-pum\/ui-yak-pum-won-ryo\/geon-gang-gi-neung-sig-pum-cheom-ga-mul\/l-%ec%85%80%eb%a0%88%eb%85%b8%eb%a9%94%ed%8b%b0%ec%98%a4%eb%8b%8c\/#primaryimage"},"thumbnailUrl":"https:\/\/naturalpoland.com\/wp-content\/uploads\/l-selenometionina.webp","datePublished":"2024-11-21T13:34:56+00:00","dateModified":"2025-08-07T14:06:07+00:00","description":"L-\uc140\ub808\ub178\uba54\ud2f0\uc624\ub2cc\uc740 \uc0dd\uccb4 \uc774\uc6a9\ub960\uc774 \ub192\uace0 \uc548\uc815\uc801\uc778 \uc140\ub808\ub284 \uacf5\uae09\uc6d0\uc73c\ub85c, \uc81c\uc57d \ubc0f \ubcf4\ucda9\uc81c \uc0b0\uc5c5\uc5d0\uc11c \uad11\ubc94\uc704\ud558\uac8c \uc0ac\uc6a9\ub429\ub2c8\ub2e4.","breadcrumb":{"@id":"https:\/\/naturalpoland.com\/ko\/je-pum\/ui-yak-pum-won-ryo\/geon-gang-gi-neung-sig-pum-cheom-ga-mul\/l-%ec%85%80%eb%a0%88%eb%85%b8%eb%a9%94%ed%8b%b0%ec%98%a4%eb%8b%8c\/#breadcrumb"},"inLanguage":"ko-KR","potentialAction":[{"@type":"ReadAction","target":["https:\/\/naturalpoland.com\/ko\/je-pum\/ui-yak-pum-won-ryo\/geon-gang-gi-neung-sig-pum-cheom-ga-mul\/l-%ec%85%80%eb%a0%88%eb%85%b8%eb%a9%94%ed%8b%b0%ec%98%a4%eb%8b%8c\/"]}]},{"@type":"ImageObject","inLanguage":"ko-KR","@id":"https:\/\/naturalpoland.com\/ko\/je-pum\/ui-yak-pum-won-ryo\/geon-gang-gi-neung-sig-pum-cheom-ga-mul\/l-%ec%85%80%eb%a0%88%eb%85%b8%eb%a9%94%ed%8b%b0%ec%98%a4%eb%8b%8c\/#primaryimage","url":"https:\/\/naturalpoland.com\/wp-content\/uploads\/l-selenometionina.webp","contentUrl":"https:\/\/naturalpoland.com\/wp-content\/uploads\/l-selenometionina.webp","width":614,"height":614,"caption":"L-Selenometionina"},{"@type":"BreadcrumbList","@id":"https:\/\/naturalpoland.com\/ko\/je-pum\/ui-yak-pum-won-ryo\/geon-gang-gi-neung-sig-pum-cheom-ga-mul\/l-%ec%85%80%eb%a0%88%eb%85%b8%eb%a9%94%ed%8b%b0%ec%98%a4%eb%8b%8c\/#breadcrumb","itemListElement":[{"@type":"ListItem","position":1,"name":"\ud648","item":"https:\/\/naturalpoland.com\/ko\/"},{"@type":"ListItem","position":2,"name":"\uc81c\ud488","item":"https:\/\/naturalpoland.com\/ko\/%ec%a0%9c%ed%92%88\/"},{"@type":"ListItem","position":3,"name":"L-\uc140\ub808\ub178\uba54\ud2f0\uc624\ub2cc"}]},{"@type":"WebSite","@id":"https:\/\/naturalpoland.com\/ko\/#website","url":"https:\/\/naturalpoland.com\/ko\/","name":"NATURAL POLAND - Hurtowy Dystrybutor Surowc\u00f3w","description":"Surowce dla przemys\u0142u spo\u017cywczego, kosmetycznego i farmaceutycznego","publisher":{"@id":"https:\/\/naturalpoland.com\/ko\/#organization"},"potentialAction":[{"@type":"SearchAction","target":{"@type":"EntryPoint","urlTemplate":"https:\/\/naturalpoland.com\/ko\/?s={search_term_string}"},"query-input":{"@type":"PropertyValueSpecification","valueRequired":true,"valueName":"search_term_string"}}],"inLanguage":"ko-KR"},{"@type":"Organization","@id":"https:\/\/naturalpoland.com\/ko\/#organization","name":"Natural Poland","url":"https:\/\/naturalpoland.com\/ko\/","logo":{"@type":"ImageObject","inLanguage":"ko-KR","@id":"https:\/\/naturalpoland.com\/ko\/#\/schema\/logo\/image\/","url":"https:\/\/naturalpoland.com\/wp-content\/uploads\/2021\/05\/natural-poland-icon.png","contentUrl":"https:\/\/naturalpoland.com\/wp-content\/uploads\/2021\/05\/natural-poland-icon.png","width":512,"height":512,"caption":"Natural Poland"},"image":{"@id":"https:\/\/naturalpoland.com\/ko\/#\/schema\/logo\/image\/"},"sameAs":["https:\/\/www.facebook.com\/naturalpoland.b2b","https:\/\/pl.linkedin.com\/company\/natural-poland","https:\/\/www.youtube.com\/channel\/UCgeGGkvOMahZo-xu_MSEWxg"]}]}},"_links":{"self":[{"href":"https:\/\/naturalpoland.com\/ko\/wp-json\/wp\/v2\/product\/42655","targetHints":{"allow":["GET"]}}],"collection":[{"href":"https:\/\/naturalpoland.com\/ko\/wp-json\/wp\/v2\/product"}],"about":[{"href":"https:\/\/naturalpoland.com\/ko\/wp-json\/wp\/v2\/types\/product"}],"wp:featuredmedia":[{"embeddable":true,"href":"https:\/\/naturalpoland.com\/ko\/wp-json\/wp\/v2\/media\/42656"}],"wp:attachment":[{"href":"https:\/\/naturalpoland.com\/ko\/wp-json\/wp\/v2\/media?parent=42655"}],"wp:term":[{"taxonomy":"product_brand","embeddable":true,"href":"https:\/\/naturalpoland.com\/ko\/wp-json\/wp\/v2\/product_brand?post=42655"},{"taxonomy":"product_cat","embeddable":true,"href":"https:\/\/naturalpoland.com\/ko\/wp-json\/wp\/v2\/product_cat?post=42655"},{"taxonomy":"product_tag","embeddable":true,"href":"https:\/\/naturalpoland.com\/ko\/wp-json\/wp\/v2\/product_tag?post=42655"}],"curies":[{"name":"wp","href":"https:\/\/api.w.org\/{rel}","templated":true}]}}