{"id":42657,"date":"2024-12-13T13:37:06","date_gmt":"2024-12-13T12:37:06","guid":{"rendered":"https:\/\/naturalpoland.com\/produkty\/uncategorized\/%ed%8f%ac%ec%8a%a4%ed%8c%8c%ed%8b%b0%eb%94%9c%ec%84%b8%eb%a6%b0\/"},"modified":"2025-08-07T16:06:11","modified_gmt":"2025-08-07T14:06:11","slug":"%ed%8f%ac%ec%8a%a4%ed%8c%8c%ed%8b%b0%eb%94%9c%ec%84%b8%eb%a6%b0","status":"publish","type":"product","link":"https:\/\/naturalpoland.com\/ko\/je-pum\/ui-yak-pum-won-ryo\/geon-gang-gi-neung-sig-pum-cheom-ga-mul\/%ed%8f%ac%ec%8a%a4%ed%8c%8c%ed%8b%b0%eb%94%9c%ec%84%b8%eb%a6%b0\/","title":{"rendered":"\ud3ec\uc2a4\ud30c\ud2f0\ub51c\uc138\ub9b0"},"content":{"rendered":"<h3 data-pm-slice=\"1 1 []\"><strong>\ud6a8\ub2a5 \ubc0f \uac74\uac15\uc0c1\uc758 \uc774\uc810<\/strong><\/h3>\n<p>\ud3ec\uc2a4\ud30c\ud2f0\ub51c\uc138\ub9b0\uc740 \uc138\ud3ec\ub9c9, \ud2b9\ud788 \ub1cc\uc138\ud3ec\ub9c9\uc758 \ud575\uc2ec \uc778\uc9c0\uc9c8\uc785\ub2c8\ub2e4. \uc774 \uc131\ubd84\uc758 \ubcf4\ucda9\uc740 \uc2e0\uacbd \uac00\uc18c\uc131, \ub274\ub7f0 \uac74\uac15 \ubc0f \uc2e0\uacbd \uc2e0\ud638 \uc804\ub2ec\uc744 \uc9c0\uc6d0\ud558\uba70, \uc774\ub294 \uc801\uc808\ud55c <strong>\ub1cc \uae30\ub2a5<\/strong>\uc5d0 \ud544\uc218\uc801\uc785\ub2c8\ub2e4. \uc5f0\uad6c\uc5d0 \ub530\ub974\uba74 \ud3ec\uc2a4\ud30c\ud2f0\ub51c\uc138\ub9b0\uc744 \uafb8\uc900\ud788 \uc12d\ucde8\ud558\uba74 \uae30\uc5b5\ub825, \uc9d1\uc911\ub825 \ubc0f \ud559\uc2b5 \ub2a5\ub825\uc744 \ud5a5\uc0c1\uc2dc\ud0ac \uc218 \uc788\uc2b5\ub2c8\ub2e4. \uc774 \uc81c\ud488\uc740 \uc778\uc9c0 \uae30\ub2a5\uc774 \uc800\ud558\ub420 \uc218 \uc788\ub294 \ub178\ub144\uce35\uc5d0\uac8c \ud2b9\ud788 \uad8c\uc7a5\ub429\ub2c8\ub2e4.   <\/p>\n<p>\ub610\ud55c \ud3ec\uc2a4\ud30c\ud2f0\ub51c\uc138\ub9b0\uc740 \uc2a4\ud2b8\ub808\uc2a4 \ud638\ub974\ubaac\uc778 \ucf54\ub974\ud2f0\uc194 \uc218\uce58\ub97c \ub0ae\ucd94\ub294 \ub370 \ub3c4\uc6c0\uc744 \uc90d\ub2c8\ub2e4. \uc774\ub97c \uc12d\ucde8\ud558\uba74 <strong>\uae30\ubd84<\/strong>\uc774 \uc88b\uc544\uc9c0\uace0 \ub9cc\uc131 \uc2a4\ud2b8\ub808\uc2a4\uc640 \uad00\ub828\ub41c \uc99d\uc0c1\uc774 \uac10\uc18c\ud569\ub2c8\ub2e4. <\/p>\n<p>\uc6b4\ub3d9\uc120\uc218\uc758 \uacbd\uc6b0, \uc774 \uc81c\ud488\uc740 \uadfc\uc721 \uc190\uc0c1\uc744 \uc904\uc774\uace0 \uc9c0\uad6c\ub825\uc744 \ud5a5\uc0c1\uc2dc\ucf1c \uc2e0\uccb4 \ud65c\ub3d9 \ud6c4 \ud68c\ubcf5\uc744 \ub3d5\uc2b5\ub2c8\ub2e4. \uc6b4\ub3d9\uc120\uc218 \ubc0f \uc2e0\uccb4 \ud65c\ub3d9\uc774 \ud65c\ubc1c\ud55c \uc0ac\ub78c\ub4e4\uc5d0\uac8c \uad8c\uc7a5\ub429\ub2c8\ub2e4. <\/p>\n<h3><strong>\uc801\uc6a9<\/strong><\/h3>\n<ul data-spread=\"false\">\n<li>\uac74\uac15 \ubcf4\uc870 \uc2dd\ud488<\/li>\n<li>\uc758\uc57d\ud488<\/li>\n<li>\uae30\ub2a5\uc131 \uc2dd\ud488<\/li>\n<\/ul>\n","protected":false},"excerpt":{"rendered":"<p data-pm-slice=\"1 1 []\"><strong>\ud3ec\uc2a4\ud30c\ud2f0\ub51c\uc138\ub9b0<\/strong> (Phosphatidylserine)\uc740 \uc138\ud3ec\ub9c9\uc5d0 \uc790\uc5f0\uc801\uc73c\ub85c \uc874\uc7ac\ud558\ub294 \uc778\uc9c0\uc9c8\uc774\uba70, \uc774\ub97c \ubcf4\ucda9\ud558\uba74 \ud2b9\ud788 \ub1cc \uae30\ub2a5, \uae30\uc5b5\ub825 \ubc0f \uc9d1\uc911\ub825 \ubd84\uc57c\uc5d0\uc11c \uc5ec\ub7ec \uac00\uc9c0 \uac74\uac15\uc0c1\uc758 \uc774\uc810\uc744 \uac00\uc838\uc62c \uc218 \uc788\uc2b5\ub2c8\ub2e4.<\/p>\n","protected":false},"featured_media":42658,"template":"","meta":{"_acf_changed":false},"product_brand":[],"product_cat":[8143],"product_tag":[],"class_list":{"0":"post-42657","1":"product","2":"type-product","3":"status-publish","4":"has-post-thumbnail","6":"product_cat-geon-gang-gi-neung-sig-pum-cheom-ga-mul","8":"first","9":"instock","10":"shipping-taxable","11":"product-type-simple"},"acf":[],"yoast_head":"<!-- This site is optimized with the Yoast SEO plugin v27.6 - https:\/\/yoast.com\/product\/yoast-seo-wordpress\/ -->\n<title>\ud3ec\uc2a4\ud30c\ud2f0\ub51c\uc138\ub9b0 - \uc6d0\uc790\uc7ac \ub3c4\ub9e4 \uc720\ud1b5\uc5c5\uccb4 - NATURAL POLAND - Hurtowy Dystrybutor Surowc\u00f3w<\/title>\n<meta name=\"description\" content=\"\ud3ec\uc2a4\ud30c\ud2f0\ub51c\uc138\ub9b0\uc740 \ubcf4\ucda9\uc81c \ubc0f \ub1cc\uc640 \uc2e0\uacbd\uacc4 \uac74\uac15\uc744 \uc9c0\uc6d0\ud558\ub294 \uc81c\ud488\uc5d0 \uc0ac\uc6a9\ub418\ub294 \uace0\uae09 \uc6d0\ub8cc\uc785\ub2c8\ub2e4.\" \/>\n<meta name=\"robots\" content=\"index, follow, max-snippet:-1, max-image-preview:large, max-video-preview:-1\" \/>\n<link rel=\"canonical\" href=\"https:\/\/naturalpoland.com\/ko\/je-pum\/ui-yak-pum-won-ryo\/geon-gang-gi-neung-sig-pum-cheom-ga-mul\/%ed%8f%ac%ec%8a%a4%ed%8c%8c%ed%8b%b0%eb%94%9c%ec%84%b8%eb%a6%b0\/\" \/>\n<meta property=\"og:locale\" content=\"ko_KR\" \/>\n<meta property=\"og:type\" content=\"article\" \/>\n<meta property=\"og:title\" content=\"\ud3ec\uc2a4\ud30c\ud2f0\ub51c\uc138\ub9b0 - \uc6d0\uc790\uc7ac \ub3c4\ub9e4 \uc720\ud1b5\uc5c5\uccb4 - NATURAL POLAND - Hurtowy Dystrybutor Surowc\u00f3w\" \/>\n<meta property=\"og:description\" content=\"\ud3ec\uc2a4\ud30c\ud2f0\ub51c\uc138\ub9b0\uc740 \ubcf4\ucda9\uc81c \ubc0f \ub1cc\uc640 \uc2e0\uacbd\uacc4 \uac74\uac15\uc744 \uc9c0\uc6d0\ud558\ub294 \uc81c\ud488\uc5d0 \uc0ac\uc6a9\ub418\ub294 \uace0\uae09 \uc6d0\ub8cc\uc785\ub2c8\ub2e4.\" \/>\n<meta property=\"og:url\" content=\"https:\/\/naturalpoland.com\/ko\/je-pum\/ui-yak-pum-won-ryo\/geon-gang-gi-neung-sig-pum-cheom-ga-mul\/%ed%8f%ac%ec%8a%a4%ed%8c%8c%ed%8b%b0%eb%94%9c%ec%84%b8%eb%a6%b0\/\" \/>\n<meta property=\"og:site_name\" content=\"NATURAL POLAND - Hurtowy Dystrybutor Surowc\u00f3w\" \/>\n<meta property=\"article:publisher\" content=\"https:\/\/www.facebook.com\/naturalpoland.b2b\" \/>\n<meta property=\"article:modified_time\" content=\"2025-08-07T14:06:11+00:00\" \/>\n<meta property=\"og:image\" content=\"https:\/\/naturalpoland.com\/wp-content\/uploads\/fosfatydyloseryna.webp\" \/>\n\t<meta property=\"og:image:width\" content=\"619\" \/>\n\t<meta property=\"og:image:height\" content=\"619\" \/>\n\t<meta property=\"og:image:type\" content=\"image\/webp\" \/>\n<script type=\"application\/ld+json\" class=\"yoast-schema-graph\">{\"@context\":\"https:\\\/\\\/schema.org\",\"@graph\":[{\"@type\":\"WebPage\",\"@id\":\"https:\\\/\\\/naturalpoland.com\\\/ko\\\/je-pum\\\/ui-yak-pum-won-ryo\\\/geon-gang-gi-neung-sig-pum-cheom-ga-mul\\\/%ed%8f%ac%ec%8a%a4%ed%8c%8c%ed%8b%b0%eb%94%9c%ec%84%b8%eb%a6%b0\\\/\",\"url\":\"https:\\\/\\\/naturalpoland.com\\\/ko\\\/je-pum\\\/ui-yak-pum-won-ryo\\\/geon-gang-gi-neung-sig-pum-cheom-ga-mul\\\/%ed%8f%ac%ec%8a%a4%ed%8c%8c%ed%8b%b0%eb%94%9c%ec%84%b8%eb%a6%b0\\\/\",\"name\":\"\ud3ec\uc2a4\ud30c\ud2f0\ub51c\uc138\ub9b0 - \uc6d0\uc790\uc7ac \ub3c4\ub9e4 \uc720\ud1b5\uc5c5\uccb4 - NATURAL POLAND - Hurtowy Dystrybutor Surowc\u00f3w\",\"isPartOf\":{\"@id\":\"https:\\\/\\\/naturalpoland.com\\\/ko\\\/#website\"},\"primaryImageOfPage\":{\"@id\":\"https:\\\/\\\/naturalpoland.com\\\/ko\\\/je-pum\\\/ui-yak-pum-won-ryo\\\/geon-gang-gi-neung-sig-pum-cheom-ga-mul\\\/%ed%8f%ac%ec%8a%a4%ed%8c%8c%ed%8b%b0%eb%94%9c%ec%84%b8%eb%a6%b0\\\/#primaryimage\"},\"image\":{\"@id\":\"https:\\\/\\\/naturalpoland.com\\\/ko\\\/je-pum\\\/ui-yak-pum-won-ryo\\\/geon-gang-gi-neung-sig-pum-cheom-ga-mul\\\/%ed%8f%ac%ec%8a%a4%ed%8c%8c%ed%8b%b0%eb%94%9c%ec%84%b8%eb%a6%b0\\\/#primaryimage\"},\"thumbnailUrl\":\"https:\\\/\\\/naturalpoland.com\\\/wp-content\\\/uploads\\\/fosfatydyloseryna.webp\",\"datePublished\":\"2024-12-13T12:37:06+00:00\",\"dateModified\":\"2025-08-07T14:06:11+00:00\",\"description\":\"\ud3ec\uc2a4\ud30c\ud2f0\ub51c\uc138\ub9b0\uc740 \ubcf4\ucda9\uc81c \ubc0f \ub1cc\uc640 \uc2e0\uacbd\uacc4 \uac74\uac15\uc744 \uc9c0\uc6d0\ud558\ub294 \uc81c\ud488\uc5d0 \uc0ac\uc6a9\ub418\ub294 \uace0\uae09 \uc6d0\ub8cc\uc785\ub2c8\ub2e4.\",\"breadcrumb\":{\"@id\":\"https:\\\/\\\/naturalpoland.com\\\/ko\\\/je-pum\\\/ui-yak-pum-won-ryo\\\/geon-gang-gi-neung-sig-pum-cheom-ga-mul\\\/%ed%8f%ac%ec%8a%a4%ed%8c%8c%ed%8b%b0%eb%94%9c%ec%84%b8%eb%a6%b0\\\/#breadcrumb\"},\"inLanguage\":\"ko-KR\",\"potentialAction\":[{\"@type\":\"ReadAction\",\"target\":[\"https:\\\/\\\/naturalpoland.com\\\/ko\\\/je-pum\\\/ui-yak-pum-won-ryo\\\/geon-gang-gi-neung-sig-pum-cheom-ga-mul\\\/%ed%8f%ac%ec%8a%a4%ed%8c%8c%ed%8b%b0%eb%94%9c%ec%84%b8%eb%a6%b0\\\/\"]}]},{\"@type\":\"ImageObject\",\"inLanguage\":\"ko-KR\",\"@id\":\"https:\\\/\\\/naturalpoland.com\\\/ko\\\/je-pum\\\/ui-yak-pum-won-ryo\\\/geon-gang-gi-neung-sig-pum-cheom-ga-mul\\\/%ed%8f%ac%ec%8a%a4%ed%8c%8c%ed%8b%b0%eb%94%9c%ec%84%b8%eb%a6%b0\\\/#primaryimage\",\"url\":\"https:\\\/\\\/naturalpoland.com\\\/wp-content\\\/uploads\\\/fosfatydyloseryna.webp\",\"contentUrl\":\"https:\\\/\\\/naturalpoland.com\\\/wp-content\\\/uploads\\\/fosfatydyloseryna.webp\",\"width\":619,\"height\":619,\"caption\":\"Fosfatydyloseryna\"},{\"@type\":\"BreadcrumbList\",\"@id\":\"https:\\\/\\\/naturalpoland.com\\\/ko\\\/je-pum\\\/ui-yak-pum-won-ryo\\\/geon-gang-gi-neung-sig-pum-cheom-ga-mul\\\/%ed%8f%ac%ec%8a%a4%ed%8c%8c%ed%8b%b0%eb%94%9c%ec%84%b8%eb%a6%b0\\\/#breadcrumb\",\"itemListElement\":[{\"@type\":\"ListItem\",\"position\":1,\"name\":\"\ud648\",\"item\":\"https:\\\/\\\/naturalpoland.com\\\/ko\\\/\"},{\"@type\":\"ListItem\",\"position\":2,\"name\":\"\uc81c\ud488\",\"item\":\"https:\\\/\\\/naturalpoland.com\\\/ko\\\/%ec%a0%9c%ed%92%88\\\/\"},{\"@type\":\"ListItem\",\"position\":3,\"name\":\"\ud3ec\uc2a4\ud30c\ud2f0\ub51c\uc138\ub9b0\"}]},{\"@type\":\"WebSite\",\"@id\":\"https:\\\/\\\/naturalpoland.com\\\/ko\\\/#website\",\"url\":\"https:\\\/\\\/naturalpoland.com\\\/ko\\\/\",\"name\":\"NATURAL POLAND - Hurtowy Dystrybutor Surowc\u00f3w\",\"description\":\"Surowce dla przemys\u0142u spo\u017cywczego, kosmetycznego i farmaceutycznego\",\"publisher\":{\"@id\":\"https:\\\/\\\/naturalpoland.com\\\/ko\\\/#organization\"},\"potentialAction\":[{\"@type\":\"SearchAction\",\"target\":{\"@type\":\"EntryPoint\",\"urlTemplate\":\"https:\\\/\\\/naturalpoland.com\\\/ko\\\/?s={search_term_string}\"},\"query-input\":{\"@type\":\"PropertyValueSpecification\",\"valueRequired\":true,\"valueName\":\"search_term_string\"}}],\"inLanguage\":\"ko-KR\"},{\"@type\":\"Organization\",\"@id\":\"https:\\\/\\\/naturalpoland.com\\\/ko\\\/#organization\",\"name\":\"Natural Poland\",\"url\":\"https:\\\/\\\/naturalpoland.com\\\/ko\\\/\",\"logo\":{\"@type\":\"ImageObject\",\"inLanguage\":\"ko-KR\",\"@id\":\"https:\\\/\\\/naturalpoland.com\\\/ko\\\/#\\\/schema\\\/logo\\\/image\\\/\",\"url\":\"https:\\\/\\\/naturalpoland.com\\\/wp-content\\\/uploads\\\/2021\\\/05\\\/natural-poland-icon.png\",\"contentUrl\":\"https:\\\/\\\/naturalpoland.com\\\/wp-content\\\/uploads\\\/2021\\\/05\\\/natural-poland-icon.png\",\"width\":512,\"height\":512,\"caption\":\"Natural Poland\"},\"image\":{\"@id\":\"https:\\\/\\\/naturalpoland.com\\\/ko\\\/#\\\/schema\\\/logo\\\/image\\\/\"},\"sameAs\":[\"https:\\\/\\\/www.facebook.com\\\/naturalpoland.b2b\",\"https:\\\/\\\/pl.linkedin.com\\\/company\\\/natural-poland\",\"https:\\\/\\\/www.youtube.com\\\/channel\\\/UCgeGGkvOMahZo-xu_MSEWxg\"]}]}<\/script>\n<!-- \/ Yoast SEO plugin. -->","yoast_head_json":{"title":"\ud3ec\uc2a4\ud30c\ud2f0\ub51c\uc138\ub9b0 - \uc6d0\uc790\uc7ac \ub3c4\ub9e4 \uc720\ud1b5\uc5c5\uccb4 - NATURAL POLAND - Hurtowy Dystrybutor Surowc\u00f3w","description":"\ud3ec\uc2a4\ud30c\ud2f0\ub51c\uc138\ub9b0\uc740 \ubcf4\ucda9\uc81c \ubc0f \ub1cc\uc640 \uc2e0\uacbd\uacc4 \uac74\uac15\uc744 \uc9c0\uc6d0\ud558\ub294 \uc81c\ud488\uc5d0 \uc0ac\uc6a9\ub418\ub294 \uace0\uae09 \uc6d0\ub8cc\uc785\ub2c8\ub2e4.","robots":{"index":"index","follow":"follow","max-snippet":"max-snippet:-1","max-image-preview":"max-image-preview:large","max-video-preview":"max-video-preview:-1"},"canonical":"https:\/\/naturalpoland.com\/ko\/je-pum\/ui-yak-pum-won-ryo\/geon-gang-gi-neung-sig-pum-cheom-ga-mul\/%ed%8f%ac%ec%8a%a4%ed%8c%8c%ed%8b%b0%eb%94%9c%ec%84%b8%eb%a6%b0\/","og_locale":"ko_KR","og_type":"article","og_title":"\ud3ec\uc2a4\ud30c\ud2f0\ub51c\uc138\ub9b0 - \uc6d0\uc790\uc7ac \ub3c4\ub9e4 \uc720\ud1b5\uc5c5\uccb4 - NATURAL POLAND - Hurtowy Dystrybutor Surowc\u00f3w","og_description":"\ud3ec\uc2a4\ud30c\ud2f0\ub51c\uc138\ub9b0\uc740 \ubcf4\ucda9\uc81c \ubc0f \ub1cc\uc640 \uc2e0\uacbd\uacc4 \uac74\uac15\uc744 \uc9c0\uc6d0\ud558\ub294 \uc81c\ud488\uc5d0 \uc0ac\uc6a9\ub418\ub294 \uace0\uae09 \uc6d0\ub8cc\uc785\ub2c8\ub2e4.","og_url":"https:\/\/naturalpoland.com\/ko\/je-pum\/ui-yak-pum-won-ryo\/geon-gang-gi-neung-sig-pum-cheom-ga-mul\/%ed%8f%ac%ec%8a%a4%ed%8c%8c%ed%8b%b0%eb%94%9c%ec%84%b8%eb%a6%b0\/","og_site_name":"NATURAL POLAND - Hurtowy Dystrybutor Surowc\u00f3w","article_publisher":"https:\/\/www.facebook.com\/naturalpoland.b2b","article_modified_time":"2025-08-07T14:06:11+00:00","og_image":[{"width":619,"height":619,"url":"https:\/\/naturalpoland.com\/wp-content\/uploads\/fosfatydyloseryna.webp","type":"image\/webp"}],"schema":{"@context":"https:\/\/schema.org","@graph":[{"@type":"WebPage","@id":"https:\/\/naturalpoland.com\/ko\/je-pum\/ui-yak-pum-won-ryo\/geon-gang-gi-neung-sig-pum-cheom-ga-mul\/%ed%8f%ac%ec%8a%a4%ed%8c%8c%ed%8b%b0%eb%94%9c%ec%84%b8%eb%a6%b0\/","url":"https:\/\/naturalpoland.com\/ko\/je-pum\/ui-yak-pum-won-ryo\/geon-gang-gi-neung-sig-pum-cheom-ga-mul\/%ed%8f%ac%ec%8a%a4%ed%8c%8c%ed%8b%b0%eb%94%9c%ec%84%b8%eb%a6%b0\/","name":"\ud3ec\uc2a4\ud30c\ud2f0\ub51c\uc138\ub9b0 - \uc6d0\uc790\uc7ac \ub3c4\ub9e4 \uc720\ud1b5\uc5c5\uccb4 - NATURAL POLAND - Hurtowy Dystrybutor Surowc\u00f3w","isPartOf":{"@id":"https:\/\/naturalpoland.com\/ko\/#website"},"primaryImageOfPage":{"@id":"https:\/\/naturalpoland.com\/ko\/je-pum\/ui-yak-pum-won-ryo\/geon-gang-gi-neung-sig-pum-cheom-ga-mul\/%ed%8f%ac%ec%8a%a4%ed%8c%8c%ed%8b%b0%eb%94%9c%ec%84%b8%eb%a6%b0\/#primaryimage"},"image":{"@id":"https:\/\/naturalpoland.com\/ko\/je-pum\/ui-yak-pum-won-ryo\/geon-gang-gi-neung-sig-pum-cheom-ga-mul\/%ed%8f%ac%ec%8a%a4%ed%8c%8c%ed%8b%b0%eb%94%9c%ec%84%b8%eb%a6%b0\/#primaryimage"},"thumbnailUrl":"https:\/\/naturalpoland.com\/wp-content\/uploads\/fosfatydyloseryna.webp","datePublished":"2024-12-13T12:37:06+00:00","dateModified":"2025-08-07T14:06:11+00:00","description":"\ud3ec\uc2a4\ud30c\ud2f0\ub51c\uc138\ub9b0\uc740 \ubcf4\ucda9\uc81c \ubc0f \ub1cc\uc640 \uc2e0\uacbd\uacc4 \uac74\uac15\uc744 \uc9c0\uc6d0\ud558\ub294 \uc81c\ud488\uc5d0 \uc0ac\uc6a9\ub418\ub294 \uace0\uae09 \uc6d0\ub8cc\uc785\ub2c8\ub2e4.","breadcrumb":{"@id":"https:\/\/naturalpoland.com\/ko\/je-pum\/ui-yak-pum-won-ryo\/geon-gang-gi-neung-sig-pum-cheom-ga-mul\/%ed%8f%ac%ec%8a%a4%ed%8c%8c%ed%8b%b0%eb%94%9c%ec%84%b8%eb%a6%b0\/#breadcrumb"},"inLanguage":"ko-KR","potentialAction":[{"@type":"ReadAction","target":["https:\/\/naturalpoland.com\/ko\/je-pum\/ui-yak-pum-won-ryo\/geon-gang-gi-neung-sig-pum-cheom-ga-mul\/%ed%8f%ac%ec%8a%a4%ed%8c%8c%ed%8b%b0%eb%94%9c%ec%84%b8%eb%a6%b0\/"]}]},{"@type":"ImageObject","inLanguage":"ko-KR","@id":"https:\/\/naturalpoland.com\/ko\/je-pum\/ui-yak-pum-won-ryo\/geon-gang-gi-neung-sig-pum-cheom-ga-mul\/%ed%8f%ac%ec%8a%a4%ed%8c%8c%ed%8b%b0%eb%94%9c%ec%84%b8%eb%a6%b0\/#primaryimage","url":"https:\/\/naturalpoland.com\/wp-content\/uploads\/fosfatydyloseryna.webp","contentUrl":"https:\/\/naturalpoland.com\/wp-content\/uploads\/fosfatydyloseryna.webp","width":619,"height":619,"caption":"Fosfatydyloseryna"},{"@type":"BreadcrumbList","@id":"https:\/\/naturalpoland.com\/ko\/je-pum\/ui-yak-pum-won-ryo\/geon-gang-gi-neung-sig-pum-cheom-ga-mul\/%ed%8f%ac%ec%8a%a4%ed%8c%8c%ed%8b%b0%eb%94%9c%ec%84%b8%eb%a6%b0\/#breadcrumb","itemListElement":[{"@type":"ListItem","position":1,"name":"\ud648","item":"https:\/\/naturalpoland.com\/ko\/"},{"@type":"ListItem","position":2,"name":"\uc81c\ud488","item":"https:\/\/naturalpoland.com\/ko\/%ec%a0%9c%ed%92%88\/"},{"@type":"ListItem","position":3,"name":"\ud3ec\uc2a4\ud30c\ud2f0\ub51c\uc138\ub9b0"}]},{"@type":"WebSite","@id":"https:\/\/naturalpoland.com\/ko\/#website","url":"https:\/\/naturalpoland.com\/ko\/","name":"NATURAL POLAND - Hurtowy Dystrybutor Surowc\u00f3w","description":"Surowce dla przemys\u0142u spo\u017cywczego, kosmetycznego i farmaceutycznego","publisher":{"@id":"https:\/\/naturalpoland.com\/ko\/#organization"},"potentialAction":[{"@type":"SearchAction","target":{"@type":"EntryPoint","urlTemplate":"https:\/\/naturalpoland.com\/ko\/?s={search_term_string}"},"query-input":{"@type":"PropertyValueSpecification","valueRequired":true,"valueName":"search_term_string"}}],"inLanguage":"ko-KR"},{"@type":"Organization","@id":"https:\/\/naturalpoland.com\/ko\/#organization","name":"Natural Poland","url":"https:\/\/naturalpoland.com\/ko\/","logo":{"@type":"ImageObject","inLanguage":"ko-KR","@id":"https:\/\/naturalpoland.com\/ko\/#\/schema\/logo\/image\/","url":"https:\/\/naturalpoland.com\/wp-content\/uploads\/2021\/05\/natural-poland-icon.png","contentUrl":"https:\/\/naturalpoland.com\/wp-content\/uploads\/2021\/05\/natural-poland-icon.png","width":512,"height":512,"caption":"Natural Poland"},"image":{"@id":"https:\/\/naturalpoland.com\/ko\/#\/schema\/logo\/image\/"},"sameAs":["https:\/\/www.facebook.com\/naturalpoland.b2b","https:\/\/pl.linkedin.com\/company\/natural-poland","https:\/\/www.youtube.com\/channel\/UCgeGGkvOMahZo-xu_MSEWxg"]}]}},"_links":{"self":[{"href":"https:\/\/naturalpoland.com\/ko\/wp-json\/wp\/v2\/product\/42657","targetHints":{"allow":["GET"]}}],"collection":[{"href":"https:\/\/naturalpoland.com\/ko\/wp-json\/wp\/v2\/product"}],"about":[{"href":"https:\/\/naturalpoland.com\/ko\/wp-json\/wp\/v2\/types\/product"}],"wp:featuredmedia":[{"embeddable":true,"href":"https:\/\/naturalpoland.com\/ko\/wp-json\/wp\/v2\/media\/42658"}],"wp:attachment":[{"href":"https:\/\/naturalpoland.com\/ko\/wp-json\/wp\/v2\/media?parent=42657"}],"wp:term":[{"taxonomy":"product_brand","embeddable":true,"href":"https:\/\/naturalpoland.com\/ko\/wp-json\/wp\/v2\/product_brand?post=42657"},{"taxonomy":"product_cat","embeddable":true,"href":"https:\/\/naturalpoland.com\/ko\/wp-json\/wp\/v2\/product_cat?post=42657"},{"taxonomy":"product_tag","embeddable":true,"href":"https:\/\/naturalpoland.com\/ko\/wp-json\/wp\/v2\/product_tag?post=42657"}],"curies":[{"name":"wp","href":"https:\/\/api.w.org\/{rel}","templated":true}]}}