{"id":42663,"date":"2025-02-07T15:39:14","date_gmt":"2025-02-07T14:39:14","guid":{"rendered":"https:\/\/naturalpoland.com\/produkty\/uncategorized\/%eb%b8%8c%eb%a1%9c%eb%a9%9c%eb%9d%bc%ec%9d%b8\/"},"modified":"2025-08-07T16:06:36","modified_gmt":"2025-08-07T14:06:36","slug":"%eb%b8%8c%eb%a1%9c%eb%a9%9c%eb%9d%bc%ec%9d%b8","status":"publish","type":"product","link":"https:\/\/naturalpoland.com\/ko\/je-pum\/ui-yak-pum-won-ryo\/geon-gang-gi-neung-sig-pum-cheom-ga-mul\/%eb%b8%8c%eb%a1%9c%eb%a9%9c%eb%9d%bc%ec%9d%b8\/","title":{"rendered":"\ube0c\ub85c\uba5c\ub77c\uc778"},"content":{"rendered":"<h2>\ube0c\ub85c\uba5c\ub77c\uc778\uc758 \ud2b9\uc131 \ubc0f \ud6a8\ub2a5:<\/h2>\n<p>\ube0c\ub85c\uba5c\ub77c\uc778\uc740 \ud770\uc0c9 \ub610\ub294 \uc5f0\ud55c \ud06c\ub9bc\uc0c9\uc758 \ubbf8\uc138 \ubd84\ub9d0\uc774\uba70, \ud2b9\uc720\uc758 \ud5a5\uacfc \ub9db\uc744 \uc9c0\ub2c8\uace0 \ubb3c\uc5d0 \uc798 \ub179\uc2b5\ub2c8\ub2e4.<\/p>\n<p>\uac15\ub825\ud55c \ub2e8\ubc31\uc9c8 \ubd84\ud574 \ud6a8\uc18c\ub85c, \ub2e8\ubc31\uc9c8\uc744 \ub354 \uc791\uc740 \ud3a9\ud0c0\uc774\ub4dc\uc640 \uc544\ubbf8\ub178\uc0b0\uc73c\ub85c \ud6a8\uacfc\uc801\uc73c\ub85c \ubd84\ud574\ud569\ub2c8\ub2e4. \uac15\ub825\ud55c \ud56d\uc5fc\uc99d \ud2b9\uc131\uc744 \ubcf4\uc5ec \ud1b5\uc99d\uc744 \uc904\uc774\uace0 \uc870\uc9c1 \uc7ac\uc0dd\uc744 \ub3d5\uc2b5\ub2c8\ub2e4. \ub2e8\ubc31\uc9c8 \ubd84\ud574 \ub2a5\ub825 \ub355\ubd84\uc5d0 \uc18c\ud654\ub97c \ub3d5\uc2b5\ub2c8\ub2e4. \ub610\ud55c \uc601\uc591\uc18c \ud761\uc218\ub97c \ucd09\uc9c4\ud558\uace0 \uc18c\ud654 \ubd88\ub7c9\uc758 \uc704\ud5d8\uc744 \uc904\uc5ec\uc90d\ub2c8\ub2e4. \ub354\uc6b1\uc774, \uc5f0\uad6c\uc5d0 \ub530\ub974\uba74 \ube0c\ub85c\uba5c\ub77c\uc778\uc740 \ud56d\ud608\uc18c\ud310 \uc791\uc6a9\uc744 \ud1b5\ud574 \ud608\uc804 \uc704\ud5d8\uc744 \uc904\uc774\ub294 \ub370 \uae30\uc5ec\ud560 \uc218 \uc788\uc2b5\ub2c8\ub2e4.    <\/p>\n<p><span style=\"color: #333333; font-size: 14.4px;\">\uc774 \ud6a8\uc18c\ub294 \uc5fc\uc99d \uac10\uc18c\ub97c \ub3d5\uace0, \uc0c1\ucc98 \uce58\uc720\ub97c \ucd09\uc9c4\ud558\uba70, \uaca9\ub82c\ud55c \uc6b4\ub3d9 \ud6c4 \uadfc\uc721 \ud68c\ubcf5\uc5d0 \ub3c4\uc6c0\uc744 \uc8fc\uae30 \ub54c\ubb38\uc5d0 \uc6b4\ub3d9\uc120\uc218\uc6a9 \ubcf4\ucda9\uc81c\uc5d0 \uc790\uc8fc \uc0ac\uc6a9\ub429\ub2c8\ub2e4.<\/span><\/p>\n<h2>\ube0c\ub85c\uba5c\ub77c\uc778\uc758 \uc801\uc6a9 \ubd84\uc57c:<\/h2>\n<ul>\n<li><strong>\uac74\uac15 \ubcf4\uc870 \uc2dd\ud488<\/strong> \u2013 \uc18c\ud654 \ubc0f \uad00\uc808 \uac74\uac15\uc744 \ub3d5\ub294 \ucea1\uc290, \uc815\uc81c.<\/li>\n<li><strong>\uc2dd\ud488 \uc0b0\uc5c5<\/strong> \u2013 \uc721\ub958 \uc5f0\ud654\uc81c \ubc0f \ub2e8\ubc31\uc9c8 \ud761\uc218 \uac1c\uc120\uc81c\ub85c \uc0ac\uc6a9.<\/li>\n<li><strong>\ud654\uc7a5\ud488<\/strong> \u2013 \uac01\uc9c8 \uc81c\uac70\uc81c, \ud6a8\uc18c \ud544\ub9c1\uc81c.<\/li>\n<li><strong>\uc81c\uc57d \uc0b0\uc5c5<\/strong> \u2013 \uc5fc\uc99d \uce58\ub8cc \ubc0f \uba74\uc5ed \uccb4\uacc4 \uc9c0\uc6d0 \uc694\ubc95\uc5d0 \uc0ac\uc6a9.<\/li>\n<\/ul>\n","protected":false},"excerpt":{"rendered":"<p>\ube0c\ub85c\uba5c\ub77c\uc778\uc740 \ud30c\uc778\uc560\ud50c(<em>Ananas comosus<\/em>)\uc758 \uc904\uae30\uc640 \ubfcc\ub9ac\uc5d0\uc11c \ucd94\ucd9c\ub418\ub294 \ub2e8\ubc31\uc9c8 \ubd84\ud574 \ud6a8\uc18c\uc785\ub2c8\ub2e4. \uc774 \uc6d0\ub8cc\ub294 \uc21c\ub3c4, \ub192\uc740 \ud6a8\uc18c \ud65c\uc131 \ubc0f \uc2e4\ud5d8\uc2e4 \ud14c\uc2a4\ud2b8\ub85c \ud655\uc778\ub41c \uc6b0\uc218\ud55c \ud488\uc9c8\uc774 \ud2b9\uc9d5\uc785\ub2c8\ub2e4. <\/p>\n","protected":false},"featured_media":42664,"template":"","meta":{"_acf_changed":false},"product_brand":[],"product_cat":[8143],"product_tag":[],"class_list":{"0":"post-42663","1":"product","2":"type-product","3":"status-publish","4":"has-post-thumbnail","6":"product_cat-geon-gang-gi-neung-sig-pum-cheom-ga-mul","7":"pa_czesc-rosliny-root-ko","8":"pa_czesc-rosliny-8922","10":"first","11":"instock","12":"shipping-taxable","13":"product-type-simple"},"acf":[],"yoast_head":"<!-- This site is optimized with the Yoast SEO plugin v27.6 - https:\/\/yoast.com\/product\/yoast-seo-wordpress\/ -->\n<title>\ube0c\ub85c\uba5c\ub77c\uc778 - Hurtowy Dystrybutor<\/title>\n<meta name=\"description\" content=\"\ube0c\ub85c\uba5c\ub77c\uc778\uc740 \ud30c\uc778\uc560\ud50c(Ananas comosus)\uc758 \uc904\uae30\uc640 \ubfcc\ub9ac\uc5d0\uc11c \ucd94\ucd9c\ub418\ub294 \uad11\ubc94\uc704\ud558\uac8c \uc0ac\uc6a9\ub418\ub294 \uace0\ud488\uc9c8 \ub2e8\ubc31\uc9c8 \ubd84\ud574 \ud6a8\uc18c\uc785\ub2c8\ub2e4.\" \/>\n<meta name=\"robots\" content=\"index, follow, max-snippet:-1, max-image-preview:large, max-video-preview:-1\" \/>\n<link rel=\"canonical\" href=\"https:\/\/naturalpoland.com\/ko\/je-pum\/ui-yak-pum-won-ryo\/geon-gang-gi-neung-sig-pum-cheom-ga-mul\/%eb%b8%8c%eb%a1%9c%eb%a9%9c%eb%9d%bc%ec%9d%b8\/\" \/>\n<meta property=\"og:locale\" content=\"ko_KR\" \/>\n<meta property=\"og:type\" content=\"article\" \/>\n<meta property=\"og:title\" content=\"\ube0c\ub85c\uba5c\ub77c\uc778 - Hurtowy Dystrybutor\" \/>\n<meta property=\"og:description\" content=\"\ube0c\ub85c\uba5c\ub77c\uc778\uc740 \ud30c\uc778\uc560\ud50c(Ananas comosus)\uc758 \uc904\uae30\uc640 \ubfcc\ub9ac\uc5d0\uc11c \ucd94\ucd9c\ub418\ub294 \uad11\ubc94\uc704\ud558\uac8c \uc0ac\uc6a9\ub418\ub294 \uace0\ud488\uc9c8 \ub2e8\ubc31\uc9c8 \ubd84\ud574 \ud6a8\uc18c\uc785\ub2c8\ub2e4.\" \/>\n<meta property=\"og:url\" content=\"https:\/\/naturalpoland.com\/ko\/je-pum\/ui-yak-pum-won-ryo\/geon-gang-gi-neung-sig-pum-cheom-ga-mul\/%eb%b8%8c%eb%a1%9c%eb%a9%9c%eb%9d%bc%ec%9d%b8\/\" \/>\n<meta property=\"og:site_name\" content=\"NATURAL POLAND - Hurtowy Dystrybutor Surowc\u00f3w\" \/>\n<meta property=\"article:publisher\" content=\"https:\/\/www.facebook.com\/naturalpoland.b2b\" \/>\n<meta property=\"article:modified_time\" content=\"2025-08-07T14:06:36+00:00\" \/>\n<meta property=\"og:image\" content=\"https:\/\/naturalpoland.com\/wp-content\/uploads\/bromelanina.webp\" \/>\n\t<meta property=\"og:image:width\" content=\"592\" \/>\n\t<meta property=\"og:image:height\" content=\"592\" \/>\n\t<meta property=\"og:image:type\" content=\"image\/webp\" \/>\n<script type=\"application\/ld+json\" class=\"yoast-schema-graph\">{\"@context\":\"https:\\\/\\\/schema.org\",\"@graph\":[{\"@type\":\"WebPage\",\"@id\":\"https:\\\/\\\/naturalpoland.com\\\/ko\\\/je-pum\\\/ui-yak-pum-won-ryo\\\/geon-gang-gi-neung-sig-pum-cheom-ga-mul\\\/%eb%b8%8c%eb%a1%9c%eb%a9%9c%eb%9d%bc%ec%9d%b8\\\/\",\"url\":\"https:\\\/\\\/naturalpoland.com\\\/ko\\\/je-pum\\\/ui-yak-pum-won-ryo\\\/geon-gang-gi-neung-sig-pum-cheom-ga-mul\\\/%eb%b8%8c%eb%a1%9c%eb%a9%9c%eb%9d%bc%ec%9d%b8\\\/\",\"name\":\"\ube0c\ub85c\uba5c\ub77c\uc778 - Hurtowy Dystrybutor\",\"isPartOf\":{\"@id\":\"https:\\\/\\\/naturalpoland.com\\\/ko\\\/#website\"},\"primaryImageOfPage\":{\"@id\":\"https:\\\/\\\/naturalpoland.com\\\/ko\\\/je-pum\\\/ui-yak-pum-won-ryo\\\/geon-gang-gi-neung-sig-pum-cheom-ga-mul\\\/%eb%b8%8c%eb%a1%9c%eb%a9%9c%eb%9d%bc%ec%9d%b8\\\/#primaryimage\"},\"image\":{\"@id\":\"https:\\\/\\\/naturalpoland.com\\\/ko\\\/je-pum\\\/ui-yak-pum-won-ryo\\\/geon-gang-gi-neung-sig-pum-cheom-ga-mul\\\/%eb%b8%8c%eb%a1%9c%eb%a9%9c%eb%9d%bc%ec%9d%b8\\\/#primaryimage\"},\"thumbnailUrl\":\"https:\\\/\\\/naturalpoland.com\\\/wp-content\\\/uploads\\\/bromelanina.webp\",\"datePublished\":\"2025-02-07T14:39:14+00:00\",\"dateModified\":\"2025-08-07T14:06:36+00:00\",\"description\":\"\ube0c\ub85c\uba5c\ub77c\uc778\uc740 \ud30c\uc778\uc560\ud50c(Ananas comosus)\uc758 \uc904\uae30\uc640 \ubfcc\ub9ac\uc5d0\uc11c \ucd94\ucd9c\ub418\ub294 \uad11\ubc94\uc704\ud558\uac8c \uc0ac\uc6a9\ub418\ub294 \uace0\ud488\uc9c8 \ub2e8\ubc31\uc9c8 \ubd84\ud574 \ud6a8\uc18c\uc785\ub2c8\ub2e4.\",\"breadcrumb\":{\"@id\":\"https:\\\/\\\/naturalpoland.com\\\/ko\\\/je-pum\\\/ui-yak-pum-won-ryo\\\/geon-gang-gi-neung-sig-pum-cheom-ga-mul\\\/%eb%b8%8c%eb%a1%9c%eb%a9%9c%eb%9d%bc%ec%9d%b8\\\/#breadcrumb\"},\"inLanguage\":\"ko-KR\",\"potentialAction\":[{\"@type\":\"ReadAction\",\"target\":[\"https:\\\/\\\/naturalpoland.com\\\/ko\\\/je-pum\\\/ui-yak-pum-won-ryo\\\/geon-gang-gi-neung-sig-pum-cheom-ga-mul\\\/%eb%b8%8c%eb%a1%9c%eb%a9%9c%eb%9d%bc%ec%9d%b8\\\/\"]}]},{\"@type\":\"ImageObject\",\"inLanguage\":\"ko-KR\",\"@id\":\"https:\\\/\\\/naturalpoland.com\\\/ko\\\/je-pum\\\/ui-yak-pum-won-ryo\\\/geon-gang-gi-neung-sig-pum-cheom-ga-mul\\\/%eb%b8%8c%eb%a1%9c%eb%a9%9c%eb%9d%bc%ec%9d%b8\\\/#primaryimage\",\"url\":\"https:\\\/\\\/naturalpoland.com\\\/wp-content\\\/uploads\\\/bromelanina.webp\",\"contentUrl\":\"https:\\\/\\\/naturalpoland.com\\\/wp-content\\\/uploads\\\/bromelanina.webp\",\"width\":592,\"height\":592,\"caption\":\"bromelanina\"},{\"@type\":\"BreadcrumbList\",\"@id\":\"https:\\\/\\\/naturalpoland.com\\\/ko\\\/je-pum\\\/ui-yak-pum-won-ryo\\\/geon-gang-gi-neung-sig-pum-cheom-ga-mul\\\/%eb%b8%8c%eb%a1%9c%eb%a9%9c%eb%9d%bc%ec%9d%b8\\\/#breadcrumb\",\"itemListElement\":[{\"@type\":\"ListItem\",\"position\":1,\"name\":\"\ud648\",\"item\":\"https:\\\/\\\/naturalpoland.com\\\/ko\\\/\"},{\"@type\":\"ListItem\",\"position\":2,\"name\":\"\uc81c\ud488\",\"item\":\"https:\\\/\\\/naturalpoland.com\\\/ko\\\/%ec%a0%9c%ed%92%88\\\/\"},{\"@type\":\"ListItem\",\"position\":3,\"name\":\"\ube0c\ub85c\uba5c\ub77c\uc778\"}]},{\"@type\":\"WebSite\",\"@id\":\"https:\\\/\\\/naturalpoland.com\\\/ko\\\/#website\",\"url\":\"https:\\\/\\\/naturalpoland.com\\\/ko\\\/\",\"name\":\"NATURAL POLAND - Hurtowy Dystrybutor Surowc\u00f3w\",\"description\":\"Surowce dla przemys\u0142u spo\u017cywczego, kosmetycznego i farmaceutycznego\",\"publisher\":{\"@id\":\"https:\\\/\\\/naturalpoland.com\\\/ko\\\/#organization\"},\"potentialAction\":[{\"@type\":\"SearchAction\",\"target\":{\"@type\":\"EntryPoint\",\"urlTemplate\":\"https:\\\/\\\/naturalpoland.com\\\/ko\\\/?s={search_term_string}\"},\"query-input\":{\"@type\":\"PropertyValueSpecification\",\"valueRequired\":true,\"valueName\":\"search_term_string\"}}],\"inLanguage\":\"ko-KR\"},{\"@type\":\"Organization\",\"@id\":\"https:\\\/\\\/naturalpoland.com\\\/ko\\\/#organization\",\"name\":\"Natural Poland\",\"url\":\"https:\\\/\\\/naturalpoland.com\\\/ko\\\/\",\"logo\":{\"@type\":\"ImageObject\",\"inLanguage\":\"ko-KR\",\"@id\":\"https:\\\/\\\/naturalpoland.com\\\/ko\\\/#\\\/schema\\\/logo\\\/image\\\/\",\"url\":\"https:\\\/\\\/naturalpoland.com\\\/wp-content\\\/uploads\\\/2021\\\/05\\\/natural-poland-icon.png\",\"contentUrl\":\"https:\\\/\\\/naturalpoland.com\\\/wp-content\\\/uploads\\\/2021\\\/05\\\/natural-poland-icon.png\",\"width\":512,\"height\":512,\"caption\":\"Natural Poland\"},\"image\":{\"@id\":\"https:\\\/\\\/naturalpoland.com\\\/ko\\\/#\\\/schema\\\/logo\\\/image\\\/\"},\"sameAs\":[\"https:\\\/\\\/www.facebook.com\\\/naturalpoland.b2b\",\"https:\\\/\\\/pl.linkedin.com\\\/company\\\/natural-poland\",\"https:\\\/\\\/www.youtube.com\\\/channel\\\/UCgeGGkvOMahZo-xu_MSEWxg\"]}]}<\/script>\n<!-- \/ Yoast SEO plugin. -->","yoast_head_json":{"title":"\ube0c\ub85c\uba5c\ub77c\uc778 - Hurtowy Dystrybutor","description":"\ube0c\ub85c\uba5c\ub77c\uc778\uc740 \ud30c\uc778\uc560\ud50c(Ananas comosus)\uc758 \uc904\uae30\uc640 \ubfcc\ub9ac\uc5d0\uc11c \ucd94\ucd9c\ub418\ub294 \uad11\ubc94\uc704\ud558\uac8c \uc0ac\uc6a9\ub418\ub294 \uace0\ud488\uc9c8 \ub2e8\ubc31\uc9c8 \ubd84\ud574 \ud6a8\uc18c\uc785\ub2c8\ub2e4.","robots":{"index":"index","follow":"follow","max-snippet":"max-snippet:-1","max-image-preview":"max-image-preview:large","max-video-preview":"max-video-preview:-1"},"canonical":"https:\/\/naturalpoland.com\/ko\/je-pum\/ui-yak-pum-won-ryo\/geon-gang-gi-neung-sig-pum-cheom-ga-mul\/%eb%b8%8c%eb%a1%9c%eb%a9%9c%eb%9d%bc%ec%9d%b8\/","og_locale":"ko_KR","og_type":"article","og_title":"\ube0c\ub85c\uba5c\ub77c\uc778 - Hurtowy Dystrybutor","og_description":"\ube0c\ub85c\uba5c\ub77c\uc778\uc740 \ud30c\uc778\uc560\ud50c(Ananas comosus)\uc758 \uc904\uae30\uc640 \ubfcc\ub9ac\uc5d0\uc11c \ucd94\ucd9c\ub418\ub294 \uad11\ubc94\uc704\ud558\uac8c \uc0ac\uc6a9\ub418\ub294 \uace0\ud488\uc9c8 \ub2e8\ubc31\uc9c8 \ubd84\ud574 \ud6a8\uc18c\uc785\ub2c8\ub2e4.","og_url":"https:\/\/naturalpoland.com\/ko\/je-pum\/ui-yak-pum-won-ryo\/geon-gang-gi-neung-sig-pum-cheom-ga-mul\/%eb%b8%8c%eb%a1%9c%eb%a9%9c%eb%9d%bc%ec%9d%b8\/","og_site_name":"NATURAL POLAND - Hurtowy Dystrybutor Surowc\u00f3w","article_publisher":"https:\/\/www.facebook.com\/naturalpoland.b2b","article_modified_time":"2025-08-07T14:06:36+00:00","og_image":[{"width":592,"height":592,"url":"https:\/\/naturalpoland.com\/wp-content\/uploads\/bromelanina.webp","type":"image\/webp"}],"schema":{"@context":"https:\/\/schema.org","@graph":[{"@type":"WebPage","@id":"https:\/\/naturalpoland.com\/ko\/je-pum\/ui-yak-pum-won-ryo\/geon-gang-gi-neung-sig-pum-cheom-ga-mul\/%eb%b8%8c%eb%a1%9c%eb%a9%9c%eb%9d%bc%ec%9d%b8\/","url":"https:\/\/naturalpoland.com\/ko\/je-pum\/ui-yak-pum-won-ryo\/geon-gang-gi-neung-sig-pum-cheom-ga-mul\/%eb%b8%8c%eb%a1%9c%eb%a9%9c%eb%9d%bc%ec%9d%b8\/","name":"\ube0c\ub85c\uba5c\ub77c\uc778 - Hurtowy Dystrybutor","isPartOf":{"@id":"https:\/\/naturalpoland.com\/ko\/#website"},"primaryImageOfPage":{"@id":"https:\/\/naturalpoland.com\/ko\/je-pum\/ui-yak-pum-won-ryo\/geon-gang-gi-neung-sig-pum-cheom-ga-mul\/%eb%b8%8c%eb%a1%9c%eb%a9%9c%eb%9d%bc%ec%9d%b8\/#primaryimage"},"image":{"@id":"https:\/\/naturalpoland.com\/ko\/je-pum\/ui-yak-pum-won-ryo\/geon-gang-gi-neung-sig-pum-cheom-ga-mul\/%eb%b8%8c%eb%a1%9c%eb%a9%9c%eb%9d%bc%ec%9d%b8\/#primaryimage"},"thumbnailUrl":"https:\/\/naturalpoland.com\/wp-content\/uploads\/bromelanina.webp","datePublished":"2025-02-07T14:39:14+00:00","dateModified":"2025-08-07T14:06:36+00:00","description":"\ube0c\ub85c\uba5c\ub77c\uc778\uc740 \ud30c\uc778\uc560\ud50c(Ananas comosus)\uc758 \uc904\uae30\uc640 \ubfcc\ub9ac\uc5d0\uc11c \ucd94\ucd9c\ub418\ub294 \uad11\ubc94\uc704\ud558\uac8c \uc0ac\uc6a9\ub418\ub294 \uace0\ud488\uc9c8 \ub2e8\ubc31\uc9c8 \ubd84\ud574 \ud6a8\uc18c\uc785\ub2c8\ub2e4.","breadcrumb":{"@id":"https:\/\/naturalpoland.com\/ko\/je-pum\/ui-yak-pum-won-ryo\/geon-gang-gi-neung-sig-pum-cheom-ga-mul\/%eb%b8%8c%eb%a1%9c%eb%a9%9c%eb%9d%bc%ec%9d%b8\/#breadcrumb"},"inLanguage":"ko-KR","potentialAction":[{"@type":"ReadAction","target":["https:\/\/naturalpoland.com\/ko\/je-pum\/ui-yak-pum-won-ryo\/geon-gang-gi-neung-sig-pum-cheom-ga-mul\/%eb%b8%8c%eb%a1%9c%eb%a9%9c%eb%9d%bc%ec%9d%b8\/"]}]},{"@type":"ImageObject","inLanguage":"ko-KR","@id":"https:\/\/naturalpoland.com\/ko\/je-pum\/ui-yak-pum-won-ryo\/geon-gang-gi-neung-sig-pum-cheom-ga-mul\/%eb%b8%8c%eb%a1%9c%eb%a9%9c%eb%9d%bc%ec%9d%b8\/#primaryimage","url":"https:\/\/naturalpoland.com\/wp-content\/uploads\/bromelanina.webp","contentUrl":"https:\/\/naturalpoland.com\/wp-content\/uploads\/bromelanina.webp","width":592,"height":592,"caption":"bromelanina"},{"@type":"BreadcrumbList","@id":"https:\/\/naturalpoland.com\/ko\/je-pum\/ui-yak-pum-won-ryo\/geon-gang-gi-neung-sig-pum-cheom-ga-mul\/%eb%b8%8c%eb%a1%9c%eb%a9%9c%eb%9d%bc%ec%9d%b8\/#breadcrumb","itemListElement":[{"@type":"ListItem","position":1,"name":"\ud648","item":"https:\/\/naturalpoland.com\/ko\/"},{"@type":"ListItem","position":2,"name":"\uc81c\ud488","item":"https:\/\/naturalpoland.com\/ko\/%ec%a0%9c%ed%92%88\/"},{"@type":"ListItem","position":3,"name":"\ube0c\ub85c\uba5c\ub77c\uc778"}]},{"@type":"WebSite","@id":"https:\/\/naturalpoland.com\/ko\/#website","url":"https:\/\/naturalpoland.com\/ko\/","name":"NATURAL POLAND - Hurtowy Dystrybutor Surowc\u00f3w","description":"Surowce dla przemys\u0142u spo\u017cywczego, kosmetycznego i farmaceutycznego","publisher":{"@id":"https:\/\/naturalpoland.com\/ko\/#organization"},"potentialAction":[{"@type":"SearchAction","target":{"@type":"EntryPoint","urlTemplate":"https:\/\/naturalpoland.com\/ko\/?s={search_term_string}"},"query-input":{"@type":"PropertyValueSpecification","valueRequired":true,"valueName":"search_term_string"}}],"inLanguage":"ko-KR"},{"@type":"Organization","@id":"https:\/\/naturalpoland.com\/ko\/#organization","name":"Natural Poland","url":"https:\/\/naturalpoland.com\/ko\/","logo":{"@type":"ImageObject","inLanguage":"ko-KR","@id":"https:\/\/naturalpoland.com\/ko\/#\/schema\/logo\/image\/","url":"https:\/\/naturalpoland.com\/wp-content\/uploads\/2021\/05\/natural-poland-icon.png","contentUrl":"https:\/\/naturalpoland.com\/wp-content\/uploads\/2021\/05\/natural-poland-icon.png","width":512,"height":512,"caption":"Natural Poland"},"image":{"@id":"https:\/\/naturalpoland.com\/ko\/#\/schema\/logo\/image\/"},"sameAs":["https:\/\/www.facebook.com\/naturalpoland.b2b","https:\/\/pl.linkedin.com\/company\/natural-poland","https:\/\/www.youtube.com\/channel\/UCgeGGkvOMahZo-xu_MSEWxg"]}]}},"_links":{"self":[{"href":"https:\/\/naturalpoland.com\/ko\/wp-json\/wp\/v2\/product\/42663","targetHints":{"allow":["GET"]}}],"collection":[{"href":"https:\/\/naturalpoland.com\/ko\/wp-json\/wp\/v2\/product"}],"about":[{"href":"https:\/\/naturalpoland.com\/ko\/wp-json\/wp\/v2\/types\/product"}],"wp:featuredmedia":[{"embeddable":true,"href":"https:\/\/naturalpoland.com\/ko\/wp-json\/wp\/v2\/media\/42664"}],"wp:attachment":[{"href":"https:\/\/naturalpoland.com\/ko\/wp-json\/wp\/v2\/media?parent=42663"}],"wp:term":[{"taxonomy":"product_brand","embeddable":true,"href":"https:\/\/naturalpoland.com\/ko\/wp-json\/wp\/v2\/product_brand?post=42663"},{"taxonomy":"product_cat","embeddable":true,"href":"https:\/\/naturalpoland.com\/ko\/wp-json\/wp\/v2\/product_cat?post=42663"},{"taxonomy":"product_tag","embeddable":true,"href":"https:\/\/naturalpoland.com\/ko\/wp-json\/wp\/v2\/product_tag?post=42663"}],"curies":[{"name":"wp","href":"https:\/\/api.w.org\/{rel}","templated":true}]}}