{"id":42669,"date":"2024-08-29T13:49:40","date_gmt":"2024-08-29T11:49:40","guid":{"rendered":"https:\/\/naturalpoland.com\/produkty\/uncategorized\/%ec%95%84%eb%8d%b0%eb%85%b8%ec%8b%a0\/"},"modified":"2025-08-07T16:06:59","modified_gmt":"2025-08-07T14:06:59","slug":"%ec%95%84%eb%8d%b0%eb%85%b8%ec%8b%a0","status":"publish","type":"product","link":"https:\/\/naturalpoland.com\/ko\/je-pum\/ui-yak-pum-won-ryo\/geon-gang-gi-neung-sig-pum-cheom-ga-mul\/%ec%95%84%eb%8d%b0%eb%85%b8%ec%8b%a0\/","title":{"rendered":"\uc544\ub370\ub178\uc2e0"},"content":{"rendered":"<h2>\uc544\ub370\ub178\uc2e0\uc758 \ud2b9\uc131 \ubc0f \uc6a9\ub3c4:<\/h2>\n<p>\uc544\ub370\ub178\uc2e0\uc740 \uc138\ud3ec \uacfc\uc815\uc5d0\uc11c \uc911\uc694\ud55c \uc5ed\ud560\uc744 \ud558\uba70, \uc138\ud3ec \ub0b4 \uc5d0\ub108\uc9c0 \uc804\ub2ec\uc758 \uae30\ubcf8 \ub2e8\uc704\uc778 ATP(\uc544\ub370\ub178\uc2e0 \uc0bc\uc778\uc0b0)\uc758 \ud575\uc2ec \uad6c\uc131 \uc694\uc18c\uc785\ub2c8\ub2e4.<\/p>\n<p><strong>\ud654\uc7a5\ud488<\/strong>\uc5d0\uc11c\ub294 \uc7ac\uc0dd \ud2b9\uc131\uc73c\ub85c \ub192\uc774 \ud3c9\uac00\ub429\ub2c8\ub2e4. \uc8fc\ub984\uc744 \ubd80\ub4dc\ub7fd\uac8c \ud558\uace0 \ud53c\ubd80 \ud0c4\ub825\uc744 \uac1c\uc120\ud558\uba70 \uc138\ud3ec \uc7ac\uc0dd\uc744 \uc9c0\uc6d0\ud558\ub294 \uc2a4\ud0a8\ucf00\uc5b4 \uc81c\ud488\uc5d0 \uc0ac\uc6a9\ub429\ub2c8\ub2e4. <\/p>\n<p><strong>\uc758\uc57d\ud488<\/strong>\uc5d0\uc11c\ub294 \uc544\ub370\ub178\uc2e0\uc774 \uc2ec\uc7a5 \ub9ac\ub4ec \uc7a5\uc560 \uce58\ub8cc \ubc0f \uc77c\ubd80 \uc81c\uc81c\uc5d0\uc11c \uc9c4\uc815\uc81c\ub85c \uc0ac\uc6a9\ub429\ub2c8\ub2e4.<\/p>\n","protected":false},"excerpt":{"rendered":"<p><strong>\uc544\ub370\ub178\uc2e0<\/strong>\uc740 \ud654\uc7a5\ud488, \uc81c\uc57d \ubc0f \uc0dd\uba85 \uacf5\ud559 \uc0b0\uc5c5\uc5d0\uc11c \uad11\ubc94\uc704\ud558\uac8c \uc0ac\uc6a9\ub418\ub294 \uace0\ud488\uc9c8 \ud654\ud559 \ud654\ud569\ubb3c\uc785\ub2c8\ub2e4. \uc544\ub370\ub2cc\uacfc \ub9ac\ubcf4\uc2a4\ub85c \uad6c\uc131\ub41c \ucc9c\uc5f0 \ub274\ud074\ub808\uc624\uc0ac\uc774\ub4dc\ub85c, \uc0b4\uc544\uc788\ub294 \uc720\uae30\uccb4\uc758 \ub2e4\uc591\ud55c \uc0dd\ud654\ud559\uc801 \uacfc\uc815, \ud2b9\ud788 \uc138\ud3ec \uc5d0\ub108\uc9c0 \uc804\ub2ec \ubc0f \uc138\ud3ec \uac04 \uc2e0\ud638 \uc804\ub2ec\uc5d0\uc11c \uc911\uc694\ud55c \uc5ed\ud560\uc744 \ud569\ub2c8\ub2e4. <\/p>\n","protected":false},"featured_media":42670,"template":"","meta":{"_acf_changed":false},"product_brand":[],"product_cat":[8143],"product_tag":[],"class_list":{"0":"post-42669","1":"product","2":"type-product","3":"status-publish","4":"has-post-thumbnail","6":"product_cat-geon-gang-gi-neung-sig-pum-cheom-ga-mul","8":"first","9":"instock","10":"shipping-taxable","11":"product-type-simple"},"acf":[],"yoast_head":"<!-- This site is optimized with the Yoast SEO plugin v27.4 - https:\/\/yoast.com\/product\/yoast-seo-wordpress\/ -->\n<title>NATURAL POLAND &#8211; Hurtowy Dystrybutor Surowc\u00f3w<\/title>\n<meta name=\"description\" content=\"\uc544\ub370\ub178\uc2e0\uc740 \ud654\uc7a5\ud488\uacfc \uc758\uc57d\ud488 \ubaa8\ub450\uc5d0\uc11c \uad11\ubc94\uc704\ud558\uac8c \uc0ac\uc6a9\ub418\ub294 \ub2e4\uc7ac\ub2e4\ub2a5\ud558\uace0 \ub9e4\uc6b0 \uc911\uc694\ud55c \ud654\ud569\ubb3c\uc785\ub2c8\ub2e4.\" \/>\n<meta name=\"robots\" content=\"index, follow, max-snippet:-1, max-image-preview:large, max-video-preview:-1\" \/>\n<link rel=\"canonical\" href=\"https:\/\/naturalpoland.com\/ko\/je-pum\/ui-yak-pum-won-ryo\/geon-gang-gi-neung-sig-pum-cheom-ga-mul\/%ec%95%84%eb%8d%b0%eb%85%b8%ec%8b%a0\/\" \/>\n<meta property=\"og:locale\" content=\"ko_KR\" \/>\n<meta property=\"og:type\" content=\"article\" \/>\n<meta property=\"og:description\" content=\"\uc544\ub370\ub178\uc2e0\uc740 \ud654\uc7a5\ud488\uacfc \uc758\uc57d\ud488 \ubaa8\ub450\uc5d0\uc11c \uad11\ubc94\uc704\ud558\uac8c \uc0ac\uc6a9\ub418\ub294 \ub2e4\uc7ac\ub2e4\ub2a5\ud558\uace0 \ub9e4\uc6b0 \uc911\uc694\ud55c \ud654\ud569\ubb3c\uc785\ub2c8\ub2e4.\" \/>\n<meta property=\"og:url\" content=\"https:\/\/naturalpoland.com\/ko\/je-pum\/ui-yak-pum-won-ryo\/geon-gang-gi-neung-sig-pum-cheom-ga-mul\/%ec%95%84%eb%8d%b0%eb%85%b8%ec%8b%a0\/\" \/>\n<meta property=\"og:site_name\" content=\"NATURAL POLAND - Hurtowy Dystrybutor Surowc\u00f3w\" \/>\n<meta property=\"article:publisher\" content=\"https:\/\/www.facebook.com\/naturalpoland.b2b\" \/>\n<meta property=\"article:modified_time\" content=\"2025-08-07T14:06:59+00:00\" \/>\n<meta property=\"og:image\" content=\"https:\/\/naturalpoland.com\/wp-content\/uploads\/adenozyna.webp\" \/>\n\t<meta property=\"og:image:width\" content=\"350\" \/>\n\t<meta property=\"og:image:height\" content=\"350\" \/>\n\t<meta property=\"og:image:type\" content=\"image\/webp\" \/>\n<script type=\"application\/ld+json\" class=\"yoast-schema-graph\">{\"@context\":\"https:\\\/\\\/schema.org\",\"@graph\":[{\"@type\":\"WebPage\",\"@id\":\"https:\\\/\\\/naturalpoland.com\\\/ko\\\/je-pum\\\/ui-yak-pum-won-ryo\\\/geon-gang-gi-neung-sig-pum-cheom-ga-mul\\\/%ec%95%84%eb%8d%b0%eb%85%b8%ec%8b%a0\\\/\",\"url\":\"https:\\\/\\\/naturalpoland.com\\\/ko\\\/je-pum\\\/ui-yak-pum-won-ryo\\\/geon-gang-gi-neung-sig-pum-cheom-ga-mul\\\/%ec%95%84%eb%8d%b0%eb%85%b8%ec%8b%a0\\\/\",\"name\":\"\",\"isPartOf\":{\"@id\":\"https:\\\/\\\/naturalpoland.com\\\/ko\\\/#website\"},\"primaryImageOfPage\":{\"@id\":\"https:\\\/\\\/naturalpoland.com\\\/ko\\\/je-pum\\\/ui-yak-pum-won-ryo\\\/geon-gang-gi-neung-sig-pum-cheom-ga-mul\\\/%ec%95%84%eb%8d%b0%eb%85%b8%ec%8b%a0\\\/#primaryimage\"},\"image\":{\"@id\":\"https:\\\/\\\/naturalpoland.com\\\/ko\\\/je-pum\\\/ui-yak-pum-won-ryo\\\/geon-gang-gi-neung-sig-pum-cheom-ga-mul\\\/%ec%95%84%eb%8d%b0%eb%85%b8%ec%8b%a0\\\/#primaryimage\"},\"thumbnailUrl\":\"https:\\\/\\\/naturalpoland.com\\\/wp-content\\\/uploads\\\/adenozyna.webp\",\"datePublished\":\"2024-08-29T11:49:40+00:00\",\"dateModified\":\"2025-08-07T14:06:59+00:00\",\"description\":\"\uc544\ub370\ub178\uc2e0\uc740 \ud654\uc7a5\ud488\uacfc \uc758\uc57d\ud488 \ubaa8\ub450\uc5d0\uc11c \uad11\ubc94\uc704\ud558\uac8c \uc0ac\uc6a9\ub418\ub294 \ub2e4\uc7ac\ub2e4\ub2a5\ud558\uace0 \ub9e4\uc6b0 \uc911\uc694\ud55c \ud654\ud569\ubb3c\uc785\ub2c8\ub2e4.\",\"breadcrumb\":{\"@id\":\"https:\\\/\\\/naturalpoland.com\\\/ko\\\/je-pum\\\/ui-yak-pum-won-ryo\\\/geon-gang-gi-neung-sig-pum-cheom-ga-mul\\\/%ec%95%84%eb%8d%b0%eb%85%b8%ec%8b%a0\\\/#breadcrumb\"},\"inLanguage\":\"ko-KR\",\"potentialAction\":[{\"@type\":\"ReadAction\",\"target\":[\"https:\\\/\\\/naturalpoland.com\\\/ko\\\/je-pum\\\/ui-yak-pum-won-ryo\\\/geon-gang-gi-neung-sig-pum-cheom-ga-mul\\\/%ec%95%84%eb%8d%b0%eb%85%b8%ec%8b%a0\\\/\"]}]},{\"@type\":\"ImageObject\",\"inLanguage\":\"ko-KR\",\"@id\":\"https:\\\/\\\/naturalpoland.com\\\/ko\\\/je-pum\\\/ui-yak-pum-won-ryo\\\/geon-gang-gi-neung-sig-pum-cheom-ga-mul\\\/%ec%95%84%eb%8d%b0%eb%85%b8%ec%8b%a0\\\/#primaryimage\",\"url\":\"https:\\\/\\\/naturalpoland.com\\\/wp-content\\\/uploads\\\/adenozyna.webp\",\"contentUrl\":\"https:\\\/\\\/naturalpoland.com\\\/wp-content\\\/uploads\\\/adenozyna.webp\",\"width\":350,\"height\":350,\"caption\":\"adenozyna\"},{\"@type\":\"BreadcrumbList\",\"@id\":\"https:\\\/\\\/naturalpoland.com\\\/ko\\\/je-pum\\\/ui-yak-pum-won-ryo\\\/geon-gang-gi-neung-sig-pum-cheom-ga-mul\\\/%ec%95%84%eb%8d%b0%eb%85%b8%ec%8b%a0\\\/#breadcrumb\",\"itemListElement\":[{\"@type\":\"ListItem\",\"position\":1,\"name\":\"\ud648\",\"item\":\"https:\\\/\\\/naturalpoland.com\\\/ko\\\/\"},{\"@type\":\"ListItem\",\"position\":2,\"name\":\"\uc81c\ud488\",\"item\":\"https:\\\/\\\/naturalpoland.com\\\/ko\\\/%ec%a0%9c%ed%92%88\\\/\"},{\"@type\":\"ListItem\",\"position\":3,\"name\":\"\uc544\ub370\ub178\uc2e0\"}]},{\"@type\":\"WebSite\",\"@id\":\"https:\\\/\\\/naturalpoland.com\\\/ko\\\/#website\",\"url\":\"https:\\\/\\\/naturalpoland.com\\\/ko\\\/\",\"name\":\"NATURAL POLAND - Hurtowy Dystrybutor Surowc\u00f3w\",\"description\":\"Surowce dla przemys\u0142u spo\u017cywczego, kosmetycznego i farmaceutycznego\",\"publisher\":{\"@id\":\"https:\\\/\\\/naturalpoland.com\\\/ko\\\/#organization\"},\"potentialAction\":[{\"@type\":\"SearchAction\",\"target\":{\"@type\":\"EntryPoint\",\"urlTemplate\":\"https:\\\/\\\/naturalpoland.com\\\/ko\\\/?s={search_term_string}\"},\"query-input\":{\"@type\":\"PropertyValueSpecification\",\"valueRequired\":true,\"valueName\":\"search_term_string\"}}],\"inLanguage\":\"ko-KR\"},{\"@type\":\"Organization\",\"@id\":\"https:\\\/\\\/naturalpoland.com\\\/ko\\\/#organization\",\"name\":\"Natural Poland\",\"url\":\"https:\\\/\\\/naturalpoland.com\\\/ko\\\/\",\"logo\":{\"@type\":\"ImageObject\",\"inLanguage\":\"ko-KR\",\"@id\":\"https:\\\/\\\/naturalpoland.com\\\/ko\\\/#\\\/schema\\\/logo\\\/image\\\/\",\"url\":\"https:\\\/\\\/naturalpoland.com\\\/wp-content\\\/uploads\\\/2021\\\/05\\\/natural-poland-icon.png\",\"contentUrl\":\"https:\\\/\\\/naturalpoland.com\\\/wp-content\\\/uploads\\\/2021\\\/05\\\/natural-poland-icon.png\",\"width\":512,\"height\":512,\"caption\":\"Natural Poland\"},\"image\":{\"@id\":\"https:\\\/\\\/naturalpoland.com\\\/ko\\\/#\\\/schema\\\/logo\\\/image\\\/\"},\"sameAs\":[\"https:\\\/\\\/www.facebook.com\\\/naturalpoland.b2b\",\"https:\\\/\\\/pl.linkedin.com\\\/company\\\/natural-poland\",\"https:\\\/\\\/www.youtube.com\\\/channel\\\/UCgeGGkvOMahZo-xu_MSEWxg\"]}]}<\/script>\n<!-- \/ Yoast SEO plugin. -->","yoast_head_json":{"title":"NATURAL POLAND &#8211; Hurtowy Dystrybutor Surowc\u00f3w","description":"\uc544\ub370\ub178\uc2e0\uc740 \ud654\uc7a5\ud488\uacfc \uc758\uc57d\ud488 \ubaa8\ub450\uc5d0\uc11c \uad11\ubc94\uc704\ud558\uac8c \uc0ac\uc6a9\ub418\ub294 \ub2e4\uc7ac\ub2e4\ub2a5\ud558\uace0 \ub9e4\uc6b0 \uc911\uc694\ud55c \ud654\ud569\ubb3c\uc785\ub2c8\ub2e4.","robots":{"index":"index","follow":"follow","max-snippet":"max-snippet:-1","max-image-preview":"max-image-preview:large","max-video-preview":"max-video-preview:-1"},"canonical":"https:\/\/naturalpoland.com\/ko\/je-pum\/ui-yak-pum-won-ryo\/geon-gang-gi-neung-sig-pum-cheom-ga-mul\/%ec%95%84%eb%8d%b0%eb%85%b8%ec%8b%a0\/","og_locale":"ko_KR","og_type":"article","og_description":"\uc544\ub370\ub178\uc2e0\uc740 \ud654\uc7a5\ud488\uacfc \uc758\uc57d\ud488 \ubaa8\ub450\uc5d0\uc11c \uad11\ubc94\uc704\ud558\uac8c \uc0ac\uc6a9\ub418\ub294 \ub2e4\uc7ac\ub2e4\ub2a5\ud558\uace0 \ub9e4\uc6b0 \uc911\uc694\ud55c \ud654\ud569\ubb3c\uc785\ub2c8\ub2e4.","og_url":"https:\/\/naturalpoland.com\/ko\/je-pum\/ui-yak-pum-won-ryo\/geon-gang-gi-neung-sig-pum-cheom-ga-mul\/%ec%95%84%eb%8d%b0%eb%85%b8%ec%8b%a0\/","og_site_name":"NATURAL POLAND - Hurtowy Dystrybutor Surowc\u00f3w","article_publisher":"https:\/\/www.facebook.com\/naturalpoland.b2b","article_modified_time":"2025-08-07T14:06:59+00:00","og_image":[{"width":350,"height":350,"url":"https:\/\/naturalpoland.com\/wp-content\/uploads\/adenozyna.webp","type":"image\/webp"}],"schema":{"@context":"https:\/\/schema.org","@graph":[{"@type":"WebPage","@id":"https:\/\/naturalpoland.com\/ko\/je-pum\/ui-yak-pum-won-ryo\/geon-gang-gi-neung-sig-pum-cheom-ga-mul\/%ec%95%84%eb%8d%b0%eb%85%b8%ec%8b%a0\/","url":"https:\/\/naturalpoland.com\/ko\/je-pum\/ui-yak-pum-won-ryo\/geon-gang-gi-neung-sig-pum-cheom-ga-mul\/%ec%95%84%eb%8d%b0%eb%85%b8%ec%8b%a0\/","name":"","isPartOf":{"@id":"https:\/\/naturalpoland.com\/ko\/#website"},"primaryImageOfPage":{"@id":"https:\/\/naturalpoland.com\/ko\/je-pum\/ui-yak-pum-won-ryo\/geon-gang-gi-neung-sig-pum-cheom-ga-mul\/%ec%95%84%eb%8d%b0%eb%85%b8%ec%8b%a0\/#primaryimage"},"image":{"@id":"https:\/\/naturalpoland.com\/ko\/je-pum\/ui-yak-pum-won-ryo\/geon-gang-gi-neung-sig-pum-cheom-ga-mul\/%ec%95%84%eb%8d%b0%eb%85%b8%ec%8b%a0\/#primaryimage"},"thumbnailUrl":"https:\/\/naturalpoland.com\/wp-content\/uploads\/adenozyna.webp","datePublished":"2024-08-29T11:49:40+00:00","dateModified":"2025-08-07T14:06:59+00:00","description":"\uc544\ub370\ub178\uc2e0\uc740 \ud654\uc7a5\ud488\uacfc \uc758\uc57d\ud488 \ubaa8\ub450\uc5d0\uc11c \uad11\ubc94\uc704\ud558\uac8c \uc0ac\uc6a9\ub418\ub294 \ub2e4\uc7ac\ub2e4\ub2a5\ud558\uace0 \ub9e4\uc6b0 \uc911\uc694\ud55c \ud654\ud569\ubb3c\uc785\ub2c8\ub2e4.","breadcrumb":{"@id":"https:\/\/naturalpoland.com\/ko\/je-pum\/ui-yak-pum-won-ryo\/geon-gang-gi-neung-sig-pum-cheom-ga-mul\/%ec%95%84%eb%8d%b0%eb%85%b8%ec%8b%a0\/#breadcrumb"},"inLanguage":"ko-KR","potentialAction":[{"@type":"ReadAction","target":["https:\/\/naturalpoland.com\/ko\/je-pum\/ui-yak-pum-won-ryo\/geon-gang-gi-neung-sig-pum-cheom-ga-mul\/%ec%95%84%eb%8d%b0%eb%85%b8%ec%8b%a0\/"]}]},{"@type":"ImageObject","inLanguage":"ko-KR","@id":"https:\/\/naturalpoland.com\/ko\/je-pum\/ui-yak-pum-won-ryo\/geon-gang-gi-neung-sig-pum-cheom-ga-mul\/%ec%95%84%eb%8d%b0%eb%85%b8%ec%8b%a0\/#primaryimage","url":"https:\/\/naturalpoland.com\/wp-content\/uploads\/adenozyna.webp","contentUrl":"https:\/\/naturalpoland.com\/wp-content\/uploads\/adenozyna.webp","width":350,"height":350,"caption":"adenozyna"},{"@type":"BreadcrumbList","@id":"https:\/\/naturalpoland.com\/ko\/je-pum\/ui-yak-pum-won-ryo\/geon-gang-gi-neung-sig-pum-cheom-ga-mul\/%ec%95%84%eb%8d%b0%eb%85%b8%ec%8b%a0\/#breadcrumb","itemListElement":[{"@type":"ListItem","position":1,"name":"\ud648","item":"https:\/\/naturalpoland.com\/ko\/"},{"@type":"ListItem","position":2,"name":"\uc81c\ud488","item":"https:\/\/naturalpoland.com\/ko\/%ec%a0%9c%ed%92%88\/"},{"@type":"ListItem","position":3,"name":"\uc544\ub370\ub178\uc2e0"}]},{"@type":"WebSite","@id":"https:\/\/naturalpoland.com\/ko\/#website","url":"https:\/\/naturalpoland.com\/ko\/","name":"NATURAL POLAND - Hurtowy Dystrybutor Surowc\u00f3w","description":"Surowce dla przemys\u0142u spo\u017cywczego, kosmetycznego i farmaceutycznego","publisher":{"@id":"https:\/\/naturalpoland.com\/ko\/#organization"},"potentialAction":[{"@type":"SearchAction","target":{"@type":"EntryPoint","urlTemplate":"https:\/\/naturalpoland.com\/ko\/?s={search_term_string}"},"query-input":{"@type":"PropertyValueSpecification","valueRequired":true,"valueName":"search_term_string"}}],"inLanguage":"ko-KR"},{"@type":"Organization","@id":"https:\/\/naturalpoland.com\/ko\/#organization","name":"Natural Poland","url":"https:\/\/naturalpoland.com\/ko\/","logo":{"@type":"ImageObject","inLanguage":"ko-KR","@id":"https:\/\/naturalpoland.com\/ko\/#\/schema\/logo\/image\/","url":"https:\/\/naturalpoland.com\/wp-content\/uploads\/2021\/05\/natural-poland-icon.png","contentUrl":"https:\/\/naturalpoland.com\/wp-content\/uploads\/2021\/05\/natural-poland-icon.png","width":512,"height":512,"caption":"Natural Poland"},"image":{"@id":"https:\/\/naturalpoland.com\/ko\/#\/schema\/logo\/image\/"},"sameAs":["https:\/\/www.facebook.com\/naturalpoland.b2b","https:\/\/pl.linkedin.com\/company\/natural-poland","https:\/\/www.youtube.com\/channel\/UCgeGGkvOMahZo-xu_MSEWxg"]}]}},"_links":{"self":[{"href":"https:\/\/naturalpoland.com\/ko\/wp-json\/wp\/v2\/product\/42669","targetHints":{"allow":["GET"]}}],"collection":[{"href":"https:\/\/naturalpoland.com\/ko\/wp-json\/wp\/v2\/product"}],"about":[{"href":"https:\/\/naturalpoland.com\/ko\/wp-json\/wp\/v2\/types\/product"}],"wp:featuredmedia":[{"embeddable":true,"href":"https:\/\/naturalpoland.com\/ko\/wp-json\/wp\/v2\/media\/42670"}],"wp:attachment":[{"href":"https:\/\/naturalpoland.com\/ko\/wp-json\/wp\/v2\/media?parent=42669"}],"wp:term":[{"taxonomy":"product_brand","embeddable":true,"href":"https:\/\/naturalpoland.com\/ko\/wp-json\/wp\/v2\/product_brand?post=42669"},{"taxonomy":"product_cat","embeddable":true,"href":"https:\/\/naturalpoland.com\/ko\/wp-json\/wp\/v2\/product_cat?post=42669"},{"taxonomy":"product_tag","embeddable":true,"href":"https:\/\/naturalpoland.com\/ko\/wp-json\/wp\/v2\/product_tag?post=42669"}],"curies":[{"name":"wp","href":"https:\/\/api.w.org\/{rel}","templated":true}]}}