{"id":42673,"date":"2024-08-29T13:30:40","date_gmt":"2024-08-29T11:30:40","guid":{"rendered":"https:\/\/naturalpoland.com\/produkty\/uncategorized\/%ec%b2%a0-%eb%b9%84%ec%8a%a4%ea%b8%80%eb%a6%ac%ec%8b%9c%eb%84%a4%ec%9d%b4%ed%8a%b8\/"},"modified":"2025-08-07T16:07:21","modified_gmt":"2025-08-07T14:07:21","slug":"%ec%b2%a0-%eb%b9%84%ec%8a%a4%ea%b8%80%eb%a6%ac%ec%8b%9c%eb%84%a4%ec%9d%b4%ed%8a%b8","status":"publish","type":"product","link":"https:\/\/naturalpoland.com\/ko\/je-pum\/ui-yak-pum-won-ryo\/geon-gang-gi-neung-sig-pum-cheom-ga-mul\/%ec%b2%a0-%eb%b9%84%ec%8a%a4%ea%b8%80%eb%a6%ac%ec%8b%9c%eb%84%a4%ec%9d%b4%ed%8a%b8\/","title":{"rendered":"\ucca0 \ube44\uc2a4\uae00\ub9ac\uc2dc\ub124\uc774\ud2b8"},"content":{"rendered":"<h2>\ucca0 \ube44\uc2a4\uae00\ub9ac\uc2dc\ub124\uc774\ud2b8\uc758 \ud2b9\uc131 \ubc0f \uc6a9\ub3c4:<\/h2>\n<p>\ucca0 \ube44\uc2a4\uae00\ub9ac\uc2dc\ub124\uc774\ud2b8\ub294 \ucca0\ubd84 \ubcf4\ucda9\uc5d0 \uc0ac\uc6a9\ub418\uba70, \ud2b9\ud788 \ucca0\ubd84 \uacb0\ud54d\uc774 \uc788\ub294 \uc0ac\ub78c, \uc784\uc0b0\ubd80, \uc6b4\ub3d9\uc120\uc218, \ub178\uc778\uc5d0\uac8c \uc0ac\uc6a9\ub429\ub2c8\ub2e4. \ud0ac\ub808\uc774\ud2b8 \ud615\ud0dc \ub355\ubd84\uc5d0 \ucca0\ubd84\uc740 \uc2e0\uccb4\uc5d0 \ub354 \uc27d\uac8c \ud761\uc218\ub418\uc5b4 \uacb0\ud54d\uc744 \ubcf4\ub2e4 \ud6a8\uacfc\uc801\uc73c\ub85c \ubcf4\ucda9\ud560 \uc218 \uc788\uc2b5\ub2c8\ub2e4. <\/p>\n<p>\ubb34\uc5c7\ubcf4\ub2e4\ub3c4 \uc774 \uc81c\ud488\uc740 \ube48\ud608\uc5d0 \ub300\ud55c \ucca0\ubd84 \uc81c\uc81c\uc778 \uc2dd\uc774 \ubcf4\ucda9\uc81c\uc5d0 \uc0ac\uc6a9\ub429\ub2c8\ub2e4. \ud761\uc218\uc728\uc774 \ub6f0\uc5b4\ub098\uace0 \uc704\uc7a5 \uc7a5\uc560\ub97c \uc720\ubc1c\ud560 \uc704\ud5d8\uc774 \uc801\uc2b5\ub2c8\ub2e4. <\/p>\n<p>\ub610\ud55c, \ub192\uc740 \uc0dd\uccb4 \uc774\uc6a9\ub960 \ub355\ubd84\uc5d0 \ucca0 \ube44\uc2a4\uae00\ub9ac\uc2dc\ub124\uc774\ud2b8\ub294 \uc5b4\ub9b0\uc774, \uc784\uc0b0\ubd80, \ucc44\uc2dd\uc8fc\uc758\uc790 \ubc0f \ube44\uac74\uacfc \uac19\uc774 \ucca0\ubd84 \uacb0\ud54d \uc704\ud5d8\uc774 \uc788\ub294 \uadf8\ub8f9\uc744 \ub300\uc0c1\uc73c\ub85c \ud558\ub294 \uc2dd\ud488\uc744 \uac15\ud654\ud558\ub294 \ub370 \uc0ac\uc6a9\ub429\ub2c8\ub2e4.<\/p>\n<p>\ucca0 \ube44\uc2a4\uae00\ub9ac\uc2dc\ub124\uc774\ud2b8\ub294 \ud53c\ubd80\uc0c9\uc744 \uac1c\uc120\ud558\uace0 \ubaa8\ubc1c \ubc0f \uc190\ud1b1 \uac74\uac15\uc744 \uc9c0\uc6d0\ud558\uae30 \uc704\ud574 \ud654\uc7a5\ud488\uc5d0\ub3c4 \uc0ac\uc6a9\ud560 \uc218 \uc788\uc2b5\ub2c8\ub2e4.<\/p>\n<p>&nbsp;<\/p>\n","protected":false},"excerpt":{"rendered":"<p><strong>\ucca0 \ube44\uc2a4\uae00\ub9ac\uc2dc\ub124\uc774\ud2b8<\/strong>\ub294 \ucca0\ubd84 \ubcf4\ucda9\uc5d0 \uc788\uc5b4 \ub192\uc740 \uc0dd\uccb4 \uc774\uc6a9\ub960\uacfc \ud6a8\ub2a5\uc744 \ud2b9\uc9d5\uc73c\ub85c \ud558\ub294 \ud0ac\ub808\uc774\ud2b8 \ud654\ud569\ubb3c\uc785\ub2c8\ub2e4. \uc774 \uc81c\ud488\uc740 \ucca0\ubd84\uc744 <strong>\ube44\uc2a4\uae00\ub9ac\uc2dc\ub124\uc774\ud2b8<\/strong> \ud615\ud0dc\ub85c \ud568\uc720\ud558\uace0 \uc788\uc2b5\ub2c8\ub2e4. \uc774\ub294 \ucca0\ubd84\uc774 \uc544\ubbf8\ub178\uc0b0 \uae00\ub9ac\uc2e0\uacfc \uacb0\ud569\ub41c \ud615\ud0dc\uc785\ub2c8\ub2e4. \uc774\ub85c \uc778\ud574 \ud761\uc218\uc728\uc774 \ub354\uc6b1 \ud6a8\uacfc\uc801\uc774\uba70, \ub2e4\ub978 \ud615\ud0dc\uc758 \ucca0\ubd84\uc5d0\uc11c \ub098\ud0c0\ub098\ub294 \uc704\uc7a5 \uc790\uadf9 \ubc0f \uae30\ud0c0 \ubd80\uc791\uc6a9\uc758 \uc704\ud5d8\uc774 \ud06c\uac8c \uc904\uc5b4\ub4ed\ub2c8\ub2e4.  <\/p>\n","protected":false},"featured_media":42674,"template":"","meta":{"_acf_changed":false},"product_brand":[],"product_cat":[8143],"product_tag":[],"class_list":{"0":"post-42673","1":"product","2":"type-product","3":"status-publish","4":"has-post-thumbnail","6":"product_cat-geon-gang-gi-neung-sig-pum-cheom-ga-mul","7":"pa_grupa-substancji-8933","9":"first","10":"instock","11":"shipping-taxable","12":"product-type-simple"},"acf":[],"yoast_head":"<!-- This site is optimized with the Yoast SEO plugin v27.4 - https:\/\/yoast.com\/product\/yoast-seo-wordpress\/ -->\n<title>NATURAL POLAND &#8211; Hurtowy Dystrybutor Surowc\u00f3w<\/title>\n<meta name=\"description\" content=\"\ucca0 \ube44\uc2a4\uae00\ub9ac\uc2dc\ub124\uc774\ud2b8\ub294 \ud6a8\uacfc\uc801\uc774\uace0 \uc798 \ud761\uc218\ub418\ub294 \ucca0\ubd84 \ubcf4\ucda9\uc81c\ub85c, \ud0ac\ub808\uc774\ud2b8 \ud615\ud0dc \ub355\ubd84\uc5d0 \uc0dd\uccb4 \uc774\uc6a9\ub960\uc774 \ub192\uc2b5\ub2c8\ub2e4.\" \/>\n<meta name=\"robots\" content=\"index, follow, max-snippet:-1, max-image-preview:large, max-video-preview:-1\" \/>\n<link rel=\"canonical\" href=\"https:\/\/naturalpoland.com\/ko\/je-pum\/ui-yak-pum-won-ryo\/geon-gang-gi-neung-sig-pum-cheom-ga-mul\/%ec%b2%a0-%eb%b9%84%ec%8a%a4%ea%b8%80%eb%a6%ac%ec%8b%9c%eb%84%a4%ec%9d%b4%ed%8a%b8\/\" \/>\n<meta property=\"og:locale\" content=\"ko_KR\" \/>\n<meta property=\"og:type\" content=\"article\" \/>\n<meta property=\"og:description\" content=\"\ucca0 \ube44\uc2a4\uae00\ub9ac\uc2dc\ub124\uc774\ud2b8\ub294 \ud6a8\uacfc\uc801\uc774\uace0 \uc798 \ud761\uc218\ub418\ub294 \ucca0\ubd84 \ubcf4\ucda9\uc81c\ub85c, \ud0ac\ub808\uc774\ud2b8 \ud615\ud0dc \ub355\ubd84\uc5d0 \uc0dd\uccb4 \uc774\uc6a9\ub960\uc774 \ub192\uc2b5\ub2c8\ub2e4.\" \/>\n<meta property=\"og:url\" content=\"https:\/\/naturalpoland.com\/ko\/je-pum\/ui-yak-pum-won-ryo\/geon-gang-gi-neung-sig-pum-cheom-ga-mul\/%ec%b2%a0-%eb%b9%84%ec%8a%a4%ea%b8%80%eb%a6%ac%ec%8b%9c%eb%84%a4%ec%9d%b4%ed%8a%b8\/\" \/>\n<meta property=\"og:site_name\" content=\"NATURAL POLAND - Hurtowy Dystrybutor Surowc\u00f3w\" \/>\n<meta property=\"article:publisher\" content=\"https:\/\/www.facebook.com\/naturalpoland.b2b\" \/>\n<meta property=\"article:modified_time\" content=\"2025-08-07T14:07:21+00:00\" \/>\n<meta property=\"og:image\" content=\"https:\/\/naturalpoland.com\/wp-content\/uploads\/bisglicynian-zelaza.webp\" \/>\n\t<meta property=\"og:image:width\" content=\"618\" \/>\n\t<meta property=\"og:image:height\" content=\"618\" \/>\n\t<meta property=\"og:image:type\" content=\"image\/webp\" \/>\n<script type=\"application\/ld+json\" class=\"yoast-schema-graph\">{\"@context\":\"https:\\\/\\\/schema.org\",\"@graph\":[{\"@type\":\"WebPage\",\"@id\":\"https:\\\/\\\/naturalpoland.com\\\/ko\\\/je-pum\\\/ui-yak-pum-won-ryo\\\/geon-gang-gi-neung-sig-pum-cheom-ga-mul\\\/%ec%b2%a0-%eb%b9%84%ec%8a%a4%ea%b8%80%eb%a6%ac%ec%8b%9c%eb%84%a4%ec%9d%b4%ed%8a%b8\\\/\",\"url\":\"https:\\\/\\\/naturalpoland.com\\\/ko\\\/je-pum\\\/ui-yak-pum-won-ryo\\\/geon-gang-gi-neung-sig-pum-cheom-ga-mul\\\/%ec%b2%a0-%eb%b9%84%ec%8a%a4%ea%b8%80%eb%a6%ac%ec%8b%9c%eb%84%a4%ec%9d%b4%ed%8a%b8\\\/\",\"name\":\"\",\"isPartOf\":{\"@id\":\"https:\\\/\\\/naturalpoland.com\\\/ko\\\/#website\"},\"primaryImageOfPage\":{\"@id\":\"https:\\\/\\\/naturalpoland.com\\\/ko\\\/je-pum\\\/ui-yak-pum-won-ryo\\\/geon-gang-gi-neung-sig-pum-cheom-ga-mul\\\/%ec%b2%a0-%eb%b9%84%ec%8a%a4%ea%b8%80%eb%a6%ac%ec%8b%9c%eb%84%a4%ec%9d%b4%ed%8a%b8\\\/#primaryimage\"},\"image\":{\"@id\":\"https:\\\/\\\/naturalpoland.com\\\/ko\\\/je-pum\\\/ui-yak-pum-won-ryo\\\/geon-gang-gi-neung-sig-pum-cheom-ga-mul\\\/%ec%b2%a0-%eb%b9%84%ec%8a%a4%ea%b8%80%eb%a6%ac%ec%8b%9c%eb%84%a4%ec%9d%b4%ed%8a%b8\\\/#primaryimage\"},\"thumbnailUrl\":\"https:\\\/\\\/naturalpoland.com\\\/wp-content\\\/uploads\\\/bisglicynian-zelaza.webp\",\"datePublished\":\"2024-08-29T11:30:40+00:00\",\"dateModified\":\"2025-08-07T14:07:21+00:00\",\"description\":\"\ucca0 \ube44\uc2a4\uae00\ub9ac\uc2dc\ub124\uc774\ud2b8\ub294 \ud6a8\uacfc\uc801\uc774\uace0 \uc798 \ud761\uc218\ub418\ub294 \ucca0\ubd84 \ubcf4\ucda9\uc81c\ub85c, \ud0ac\ub808\uc774\ud2b8 \ud615\ud0dc \ub355\ubd84\uc5d0 \uc0dd\uccb4 \uc774\uc6a9\ub960\uc774 \ub192\uc2b5\ub2c8\ub2e4.\",\"breadcrumb\":{\"@id\":\"https:\\\/\\\/naturalpoland.com\\\/ko\\\/je-pum\\\/ui-yak-pum-won-ryo\\\/geon-gang-gi-neung-sig-pum-cheom-ga-mul\\\/%ec%b2%a0-%eb%b9%84%ec%8a%a4%ea%b8%80%eb%a6%ac%ec%8b%9c%eb%84%a4%ec%9d%b4%ed%8a%b8\\\/#breadcrumb\"},\"inLanguage\":\"ko-KR\",\"potentialAction\":[{\"@type\":\"ReadAction\",\"target\":[\"https:\\\/\\\/naturalpoland.com\\\/ko\\\/je-pum\\\/ui-yak-pum-won-ryo\\\/geon-gang-gi-neung-sig-pum-cheom-ga-mul\\\/%ec%b2%a0-%eb%b9%84%ec%8a%a4%ea%b8%80%eb%a6%ac%ec%8b%9c%eb%84%a4%ec%9d%b4%ed%8a%b8\\\/\"]}]},{\"@type\":\"ImageObject\",\"inLanguage\":\"ko-KR\",\"@id\":\"https:\\\/\\\/naturalpoland.com\\\/ko\\\/je-pum\\\/ui-yak-pum-won-ryo\\\/geon-gang-gi-neung-sig-pum-cheom-ga-mul\\\/%ec%b2%a0-%eb%b9%84%ec%8a%a4%ea%b8%80%eb%a6%ac%ec%8b%9c%eb%84%a4%ec%9d%b4%ed%8a%b8\\\/#primaryimage\",\"url\":\"https:\\\/\\\/naturalpoland.com\\\/wp-content\\\/uploads\\\/bisglicynian-zelaza.webp\",\"contentUrl\":\"https:\\\/\\\/naturalpoland.com\\\/wp-content\\\/uploads\\\/bisglicynian-zelaza.webp\",\"width\":618,\"height\":618,\"caption\":\"Bisglicynian \u017celaza\"},{\"@type\":\"BreadcrumbList\",\"@id\":\"https:\\\/\\\/naturalpoland.com\\\/ko\\\/je-pum\\\/ui-yak-pum-won-ryo\\\/geon-gang-gi-neung-sig-pum-cheom-ga-mul\\\/%ec%b2%a0-%eb%b9%84%ec%8a%a4%ea%b8%80%eb%a6%ac%ec%8b%9c%eb%84%a4%ec%9d%b4%ed%8a%b8\\\/#breadcrumb\",\"itemListElement\":[{\"@type\":\"ListItem\",\"position\":1,\"name\":\"\ud648\",\"item\":\"https:\\\/\\\/naturalpoland.com\\\/ko\\\/\"},{\"@type\":\"ListItem\",\"position\":2,\"name\":\"\uc81c\ud488\",\"item\":\"https:\\\/\\\/naturalpoland.com\\\/ko\\\/%ec%a0%9c%ed%92%88\\\/\"},{\"@type\":\"ListItem\",\"position\":3,\"name\":\"\ucca0 \ube44\uc2a4\uae00\ub9ac\uc2dc\ub124\uc774\ud2b8\"}]},{\"@type\":\"WebSite\",\"@id\":\"https:\\\/\\\/naturalpoland.com\\\/ko\\\/#website\",\"url\":\"https:\\\/\\\/naturalpoland.com\\\/ko\\\/\",\"name\":\"NATURAL POLAND - Hurtowy Dystrybutor Surowc\u00f3w\",\"description\":\"Surowce dla przemys\u0142u spo\u017cywczego, kosmetycznego i farmaceutycznego\",\"publisher\":{\"@id\":\"https:\\\/\\\/naturalpoland.com\\\/ko\\\/#organization\"},\"potentialAction\":[{\"@type\":\"SearchAction\",\"target\":{\"@type\":\"EntryPoint\",\"urlTemplate\":\"https:\\\/\\\/naturalpoland.com\\\/ko\\\/?s={search_term_string}\"},\"query-input\":{\"@type\":\"PropertyValueSpecification\",\"valueRequired\":true,\"valueName\":\"search_term_string\"}}],\"inLanguage\":\"ko-KR\"},{\"@type\":\"Organization\",\"@id\":\"https:\\\/\\\/naturalpoland.com\\\/ko\\\/#organization\",\"name\":\"Natural Poland\",\"url\":\"https:\\\/\\\/naturalpoland.com\\\/ko\\\/\",\"logo\":{\"@type\":\"ImageObject\",\"inLanguage\":\"ko-KR\",\"@id\":\"https:\\\/\\\/naturalpoland.com\\\/ko\\\/#\\\/schema\\\/logo\\\/image\\\/\",\"url\":\"https:\\\/\\\/naturalpoland.com\\\/wp-content\\\/uploads\\\/2021\\\/05\\\/natural-poland-icon.png\",\"contentUrl\":\"https:\\\/\\\/naturalpoland.com\\\/wp-content\\\/uploads\\\/2021\\\/05\\\/natural-poland-icon.png\",\"width\":512,\"height\":512,\"caption\":\"Natural Poland\"},\"image\":{\"@id\":\"https:\\\/\\\/naturalpoland.com\\\/ko\\\/#\\\/schema\\\/logo\\\/image\\\/\"},\"sameAs\":[\"https:\\\/\\\/www.facebook.com\\\/naturalpoland.b2b\",\"https:\\\/\\\/pl.linkedin.com\\\/company\\\/natural-poland\",\"https:\\\/\\\/www.youtube.com\\\/channel\\\/UCgeGGkvOMahZo-xu_MSEWxg\"]}]}<\/script>\n<!-- \/ Yoast SEO plugin. -->","yoast_head_json":{"title":"NATURAL POLAND &#8211; Hurtowy Dystrybutor Surowc\u00f3w","description":"\ucca0 \ube44\uc2a4\uae00\ub9ac\uc2dc\ub124\uc774\ud2b8\ub294 \ud6a8\uacfc\uc801\uc774\uace0 \uc798 \ud761\uc218\ub418\ub294 \ucca0\ubd84 \ubcf4\ucda9\uc81c\ub85c, \ud0ac\ub808\uc774\ud2b8 \ud615\ud0dc \ub355\ubd84\uc5d0 \uc0dd\uccb4 \uc774\uc6a9\ub960\uc774 \ub192\uc2b5\ub2c8\ub2e4.","robots":{"index":"index","follow":"follow","max-snippet":"max-snippet:-1","max-image-preview":"max-image-preview:large","max-video-preview":"max-video-preview:-1"},"canonical":"https:\/\/naturalpoland.com\/ko\/je-pum\/ui-yak-pum-won-ryo\/geon-gang-gi-neung-sig-pum-cheom-ga-mul\/%ec%b2%a0-%eb%b9%84%ec%8a%a4%ea%b8%80%eb%a6%ac%ec%8b%9c%eb%84%a4%ec%9d%b4%ed%8a%b8\/","og_locale":"ko_KR","og_type":"article","og_description":"\ucca0 \ube44\uc2a4\uae00\ub9ac\uc2dc\ub124\uc774\ud2b8\ub294 \ud6a8\uacfc\uc801\uc774\uace0 \uc798 \ud761\uc218\ub418\ub294 \ucca0\ubd84 \ubcf4\ucda9\uc81c\ub85c, \ud0ac\ub808\uc774\ud2b8 \ud615\ud0dc \ub355\ubd84\uc5d0 \uc0dd\uccb4 \uc774\uc6a9\ub960\uc774 \ub192\uc2b5\ub2c8\ub2e4.","og_url":"https:\/\/naturalpoland.com\/ko\/je-pum\/ui-yak-pum-won-ryo\/geon-gang-gi-neung-sig-pum-cheom-ga-mul\/%ec%b2%a0-%eb%b9%84%ec%8a%a4%ea%b8%80%eb%a6%ac%ec%8b%9c%eb%84%a4%ec%9d%b4%ed%8a%b8\/","og_site_name":"NATURAL POLAND - Hurtowy Dystrybutor Surowc\u00f3w","article_publisher":"https:\/\/www.facebook.com\/naturalpoland.b2b","article_modified_time":"2025-08-07T14:07:21+00:00","og_image":[{"width":618,"height":618,"url":"https:\/\/naturalpoland.com\/wp-content\/uploads\/bisglicynian-zelaza.webp","type":"image\/webp"}],"schema":{"@context":"https:\/\/schema.org","@graph":[{"@type":"WebPage","@id":"https:\/\/naturalpoland.com\/ko\/je-pum\/ui-yak-pum-won-ryo\/geon-gang-gi-neung-sig-pum-cheom-ga-mul\/%ec%b2%a0-%eb%b9%84%ec%8a%a4%ea%b8%80%eb%a6%ac%ec%8b%9c%eb%84%a4%ec%9d%b4%ed%8a%b8\/","url":"https:\/\/naturalpoland.com\/ko\/je-pum\/ui-yak-pum-won-ryo\/geon-gang-gi-neung-sig-pum-cheom-ga-mul\/%ec%b2%a0-%eb%b9%84%ec%8a%a4%ea%b8%80%eb%a6%ac%ec%8b%9c%eb%84%a4%ec%9d%b4%ed%8a%b8\/","name":"","isPartOf":{"@id":"https:\/\/naturalpoland.com\/ko\/#website"},"primaryImageOfPage":{"@id":"https:\/\/naturalpoland.com\/ko\/je-pum\/ui-yak-pum-won-ryo\/geon-gang-gi-neung-sig-pum-cheom-ga-mul\/%ec%b2%a0-%eb%b9%84%ec%8a%a4%ea%b8%80%eb%a6%ac%ec%8b%9c%eb%84%a4%ec%9d%b4%ed%8a%b8\/#primaryimage"},"image":{"@id":"https:\/\/naturalpoland.com\/ko\/je-pum\/ui-yak-pum-won-ryo\/geon-gang-gi-neung-sig-pum-cheom-ga-mul\/%ec%b2%a0-%eb%b9%84%ec%8a%a4%ea%b8%80%eb%a6%ac%ec%8b%9c%eb%84%a4%ec%9d%b4%ed%8a%b8\/#primaryimage"},"thumbnailUrl":"https:\/\/naturalpoland.com\/wp-content\/uploads\/bisglicynian-zelaza.webp","datePublished":"2024-08-29T11:30:40+00:00","dateModified":"2025-08-07T14:07:21+00:00","description":"\ucca0 \ube44\uc2a4\uae00\ub9ac\uc2dc\ub124\uc774\ud2b8\ub294 \ud6a8\uacfc\uc801\uc774\uace0 \uc798 \ud761\uc218\ub418\ub294 \ucca0\ubd84 \ubcf4\ucda9\uc81c\ub85c, \ud0ac\ub808\uc774\ud2b8 \ud615\ud0dc \ub355\ubd84\uc5d0 \uc0dd\uccb4 \uc774\uc6a9\ub960\uc774 \ub192\uc2b5\ub2c8\ub2e4.","breadcrumb":{"@id":"https:\/\/naturalpoland.com\/ko\/je-pum\/ui-yak-pum-won-ryo\/geon-gang-gi-neung-sig-pum-cheom-ga-mul\/%ec%b2%a0-%eb%b9%84%ec%8a%a4%ea%b8%80%eb%a6%ac%ec%8b%9c%eb%84%a4%ec%9d%b4%ed%8a%b8\/#breadcrumb"},"inLanguage":"ko-KR","potentialAction":[{"@type":"ReadAction","target":["https:\/\/naturalpoland.com\/ko\/je-pum\/ui-yak-pum-won-ryo\/geon-gang-gi-neung-sig-pum-cheom-ga-mul\/%ec%b2%a0-%eb%b9%84%ec%8a%a4%ea%b8%80%eb%a6%ac%ec%8b%9c%eb%84%a4%ec%9d%b4%ed%8a%b8\/"]}]},{"@type":"ImageObject","inLanguage":"ko-KR","@id":"https:\/\/naturalpoland.com\/ko\/je-pum\/ui-yak-pum-won-ryo\/geon-gang-gi-neung-sig-pum-cheom-ga-mul\/%ec%b2%a0-%eb%b9%84%ec%8a%a4%ea%b8%80%eb%a6%ac%ec%8b%9c%eb%84%a4%ec%9d%b4%ed%8a%b8\/#primaryimage","url":"https:\/\/naturalpoland.com\/wp-content\/uploads\/bisglicynian-zelaza.webp","contentUrl":"https:\/\/naturalpoland.com\/wp-content\/uploads\/bisglicynian-zelaza.webp","width":618,"height":618,"caption":"Bisglicynian \u017celaza"},{"@type":"BreadcrumbList","@id":"https:\/\/naturalpoland.com\/ko\/je-pum\/ui-yak-pum-won-ryo\/geon-gang-gi-neung-sig-pum-cheom-ga-mul\/%ec%b2%a0-%eb%b9%84%ec%8a%a4%ea%b8%80%eb%a6%ac%ec%8b%9c%eb%84%a4%ec%9d%b4%ed%8a%b8\/#breadcrumb","itemListElement":[{"@type":"ListItem","position":1,"name":"\ud648","item":"https:\/\/naturalpoland.com\/ko\/"},{"@type":"ListItem","position":2,"name":"\uc81c\ud488","item":"https:\/\/naturalpoland.com\/ko\/%ec%a0%9c%ed%92%88\/"},{"@type":"ListItem","position":3,"name":"\ucca0 \ube44\uc2a4\uae00\ub9ac\uc2dc\ub124\uc774\ud2b8"}]},{"@type":"WebSite","@id":"https:\/\/naturalpoland.com\/ko\/#website","url":"https:\/\/naturalpoland.com\/ko\/","name":"NATURAL POLAND - Hurtowy Dystrybutor Surowc\u00f3w","description":"Surowce dla przemys\u0142u spo\u017cywczego, kosmetycznego i farmaceutycznego","publisher":{"@id":"https:\/\/naturalpoland.com\/ko\/#organization"},"potentialAction":[{"@type":"SearchAction","target":{"@type":"EntryPoint","urlTemplate":"https:\/\/naturalpoland.com\/ko\/?s={search_term_string}"},"query-input":{"@type":"PropertyValueSpecification","valueRequired":true,"valueName":"search_term_string"}}],"inLanguage":"ko-KR"},{"@type":"Organization","@id":"https:\/\/naturalpoland.com\/ko\/#organization","name":"Natural Poland","url":"https:\/\/naturalpoland.com\/ko\/","logo":{"@type":"ImageObject","inLanguage":"ko-KR","@id":"https:\/\/naturalpoland.com\/ko\/#\/schema\/logo\/image\/","url":"https:\/\/naturalpoland.com\/wp-content\/uploads\/2021\/05\/natural-poland-icon.png","contentUrl":"https:\/\/naturalpoland.com\/wp-content\/uploads\/2021\/05\/natural-poland-icon.png","width":512,"height":512,"caption":"Natural Poland"},"image":{"@id":"https:\/\/naturalpoland.com\/ko\/#\/schema\/logo\/image\/"},"sameAs":["https:\/\/www.facebook.com\/naturalpoland.b2b","https:\/\/pl.linkedin.com\/company\/natural-poland","https:\/\/www.youtube.com\/channel\/UCgeGGkvOMahZo-xu_MSEWxg"]}]}},"_links":{"self":[{"href":"https:\/\/naturalpoland.com\/ko\/wp-json\/wp\/v2\/product\/42673","targetHints":{"allow":["GET"]}}],"collection":[{"href":"https:\/\/naturalpoland.com\/ko\/wp-json\/wp\/v2\/product"}],"about":[{"href":"https:\/\/naturalpoland.com\/ko\/wp-json\/wp\/v2\/types\/product"}],"wp:featuredmedia":[{"embeddable":true,"href":"https:\/\/naturalpoland.com\/ko\/wp-json\/wp\/v2\/media\/42674"}],"wp:attachment":[{"href":"https:\/\/naturalpoland.com\/ko\/wp-json\/wp\/v2\/media?parent=42673"}],"wp:term":[{"taxonomy":"product_brand","embeddable":true,"href":"https:\/\/naturalpoland.com\/ko\/wp-json\/wp\/v2\/product_brand?post=42673"},{"taxonomy":"product_cat","embeddable":true,"href":"https:\/\/naturalpoland.com\/ko\/wp-json\/wp\/v2\/product_cat?post=42673"},{"taxonomy":"product_tag","embeddable":true,"href":"https:\/\/naturalpoland.com\/ko\/wp-json\/wp\/v2\/product_tag?post=42673"}],"curies":[{"name":"wp","href":"https:\/\/api.w.org\/{rel}","templated":true}]}}