{"id":42675,"date":"2024-08-30T11:45:49","date_gmt":"2024-08-30T09:45:49","guid":{"rendered":"https:\/\/naturalpoland.com\/produkty\/uncategorized\/%ed%94%bc%eb%a1%a4%eb%a1%9c%ed%80%b4%eb%86%80%eb%a6%b0-%ed%80%b4%eb%85%bc-%ec%9d%b4%eb%82%98%ed%8a%b8%eb%a5%a8%ec%97%bc-pqq\/"},"modified":"2025-08-07T16:07:25","modified_gmt":"2025-08-07T14:07:25","slug":"%ed%94%bc%eb%a1%a4%eb%a1%9c%ed%80%b4%eb%86%80%eb%a6%b0-%ed%80%b4%eb%85%bc-%ec%9d%b4%eb%82%98%ed%8a%b8%eb%a5%a8%ec%97%bc-pqq","status":"publish","type":"product","link":"https:\/\/naturalpoland.com\/ko\/je-pum\/ui-yak-pum-won-ryo\/geon-gang-gi-neung-sig-pum-cheom-ga-mul\/%ed%94%bc%eb%a1%a4%eb%a1%9c%ed%80%b4%eb%86%80%eb%a6%b0-%ed%80%b4%eb%85%bc-%ec%9d%b4%eb%82%98%ed%8a%b8%eb%a5%a8%ec%97%bc-pqq\/","title":{"rendered":"\ud53c\ub864\ub85c\ud034\ub180\ub9b0 \ud034\ub17c \uc774\ub098\ud2b8\ub968\uc5fc (PQQ)"},"content":{"rendered":"<p>PQQ\ub294 \ubc1c\ud6a8 \uc2dd\ud488, \ucc44\uc18c, \uacfc\uc77c \ub4f1 \ub9ce\uc740 \uc2dd\ud488\uc5d0 \uc790\uc5f0\uc801\uc73c\ub85c \uc874\uc7ac\ud558\uc9c0\ub9cc, \uc77c\ubd80 \uc2dd\ub2e8\uc5d0\uc11c\ub294 \uadf8 \ub18d\ub3c4\uac00 \ub108\ubb34 \ub0ae\uc744 \uc218 \uc788\uc2b5\ub2c8\ub2e4.<\/p>\n<h2>PQQ\uc758 \ud2b9\uc131:<\/h2>\n<p>PQQ\ub294 \uc138\ud3ec\ub97c \uc190\uc0c1\uc2dc\ud0a4\ub294 \uc218\ub9ce\uc740 \uc0b0\ud654\ud658\uc6d0 \ubc18\uc751\uc744 \ucd09\ub9e4\ud558\uace0 \uc790\uc720 \ub77c\ub514\uce7c\uc744 \uc911\ud654\ud558\uc5ec \ub9e4\uc6b0 \uac15\ub825\ud55c <strong>\ud56d\uc0b0\ud654 \uc791\uc6a9<\/strong>\uc744 \ub098\ud0c0\ub0c5\ub2c8\ub2e4. PQQ\ub294 \ub3d9\uc77c\ud55c \uc870\uac74\uc5d0\uc11c \ube44\ud0c0\ubbfc C\uac00 \uc218\ud589\ud558\ub294 \ub2e8 4\uac1c\uc758 \ubc18\uc751\uc5d0 \ube44\ud574 \uc57d 20,000\uac1c\uc758 \ucd09\ub9e4 \ubc18\uc751\uc744 \uc218\ud589\ud560 \uc218 \uc788\uc2b5\ub2c8\ub2e4. <\/p>\n<p>\uc5f0\uad6c\uc5d0 \ub530\ub974\uba74 PQQ\ub294 <strong>\uc2e0\uacbd \uc138\ud3ec \ubc1c\ub2ec\uc744 \uc9c0\uc6d0<\/strong>\ud558\uc5ec \uc778\uc9c0 \uc7a5\uc560 \ubc0f \uce58\ub9e4 \uce58\ub8cc\uc5d0 \uc720\uc775\ud560 \uc218 \uc788\uc2b5\ub2c8\ub2e4. PQQ\ub294 \ub274\ub7f0\uc758 \uc131\uc7a5\uc744 \ucd09\uc9c4\ud558\uc5ec \ud569\uc131\uc744 \ucd5c\ub300 40\ubc30\uae4c\uc9c0 \uc99d\uac00\uc2dc\ud0b5\ub2c8\ub2e4. <\/p>\n<p>PQQ\ub294 \ub610\ud55c \ub178\ud654\ub41c \uc138\ud3ec\uc5d0\uc11c <strong>\ubbf8\ud1a0\ucf58\ub4dc\ub9ac\uc544 \uc7ac\uc0dd<\/strong> \uacfc\uc815\uc758 \ubcf4\uc870 \uc778\uc790\ub85c \uc791\uc6a9\ud558\uc5ec \ubbf8\ud1a0\ucf58\ub4dc\ub9ac\uc544 \uad00\ub828 \ud6a8\uc18c\uc758 \ud65c\ub3d9\uc744 \uc99d\uac00\uc2dc\ud0a4\uace0 \uc131\uc7a5\uc744 \ucd09\uc9c4\ud569\ub2c8\ub2e4. \uc5f0\uad6c\uc5d0 \ub530\ub974\uba74 PQQ \ubcf4\ucda9\uc81c\ub294 \uac04\uc758 \ubbf8\ud1a0\ucf58\ub4dc\ub9ac\uc544 \uc218\ub97c 20-30% \uc99d\uac00\uc2dc\ud0ac \uc218 \uc788\uc2b5\ub2c8\ub2e4. <\/p>\n<h2>PQQ\uc758 \ud65c\uc6a9:<\/h2>\n<p>\ud53c\ub864\ub85c\ud034\ub180\ub9b0 \ud034\ub17c \uc774\ub098\ud2b8\ub968\uc5fc\uc740 \uc2ec\uc7a5 \uac74\uac15, \uc778\uc9c0 \uae30\ub2a5, \uc218\uba74\uc758 \uc9c8 \uac1c\uc120 \ubc0f \ud53c\ub85c \uac10\uc18c\ub97c \uc9c0\uc6d0\ud558\ub294 \uc778\uae30 \uc788\ub294 \uac74\uac15 \ubcf4\uc870 \uc2dd\ud488 \uc131\ubd84\uc785\ub2c8\ub2e4. \ubbf8\uad6d\uc5d0\uc11c\ub294 \uc5d0\ub108\uc9c0 \uc74c\ub8cc, \uc2a4\ud3ec\uce20 \uc74c\ub8cc, \uc804\ud574\uc9c8 \uc74c\ub8cc \ubc0f \uc0dd\uc218\uc758 \uc131\ubd84\uc73c\ub85c \uc0ac\uc6a9\ub429\ub2c8\ub2e4. \uc720\ub7fd \uc5f0\ud569\uacfc \uce90\ub098\ub2e4\uc5d0\uc11c\ub294 \uac74\uac15 \ubcf4\uc870 \uc2dd\ud488 \ub610\ub294 \ucc9c\uc5f0 \uac74\uac15 \uc81c\ud488\uc73c\ub85c \uc81c\uacf5\ub429\ub2c8\ub2e4.  <\/p>\n<p>&nbsp;<\/p>\n","protected":false},"excerpt":{"rendered":"<p><strong>\ud53c\ub864\ub85c\ud034\ub180\ub9b0 \ud034\ub17c \uc774\ub098\ud2b8\ub968\uc5fc(PQQ)<\/strong>\uc740 \uac15\ub825\ud55c \ud56d\uc0b0\ud654 \ud2b9\uc131\uc744 \uc9c0\ub2cc \uace0\uae09 \ud654\ud559 \ud654\ud569\ubb3c\uc785\ub2c8\ub2e4. \uc774\ub294 \ub300\uc0ac \uacfc\uc815\uc744 \uc9c0\uc6d0\ud558\uace0 \uc0b0\ud654 \uc190\uc0c1\uc73c\ub85c\ubd80\ud130 \uc138\ud3ec\ub97c \ubcf4\ud638\ud558\ub294 \uc0b0\ud654\ud658\uc6d0 \ubcf4\uc870 \uc778\uc790\uc785\ub2c8\ub2e4. <\/p>\n","protected":false},"featured_media":42676,"template":"","meta":{"_acf_changed":false},"product_brand":[],"product_cat":[8143],"product_tag":[],"class_list":{"0":"post-42675","1":"product","2":"type-product","3":"status-publish","4":"has-post-thumbnail","6":"product_cat-geon-gang-gi-neung-sig-pum-cheom-ga-mul","7":"pa_grupa-substancji-8226","9":"first","10":"instock","11":"shipping-taxable","12":"product-type-simple"},"acf":[],"yoast_head":"<!-- This site is optimized with the Yoast SEO plugin v27.5 - https:\/\/yoast.com\/product\/yoast-seo-wordpress\/ -->\n<title>NATURAL POLAND &#8211; Hurtowy Dystrybutor Surowc\u00f3w<\/title>\n<meta name=\"description\" content=\"\ud53c\ub864\ub85c\ud034\ub180\ub9b0 \ud034\ub17c \uc774\ub098\ud2b8\ub968\uc5fc(PQQ)\uc740 \uc138\ud3ec \uac74\uac15, \uc778\uc9c0 \uae30\ub2a5 \ubc0f \uc2ec\uc7a5 \uac74\uac15\uc744 \uc9c0\uc6d0\ud558\ub294 \uac15\ub825\ud55c \ud56d\uc0b0\ud654\uc81c\uc785\ub2c8\ub2e4.\" \/>\n<meta name=\"robots\" content=\"index, follow, max-snippet:-1, max-image-preview:large, max-video-preview:-1\" \/>\n<link rel=\"canonical\" href=\"https:\/\/naturalpoland.com\/ko\/je-pum\/ui-yak-pum-won-ryo\/geon-gang-gi-neung-sig-pum-cheom-ga-mul\/%ed%94%bc%eb%a1%a4%eb%a1%9c%ed%80%b4%eb%86%80%eb%a6%b0-%ed%80%b4%eb%85%bc-%ec%9d%b4%eb%82%98%ed%8a%b8%eb%a5%a8%ec%97%bc-pqq\/\" \/>\n<meta property=\"og:locale\" content=\"ko_KR\" \/>\n<meta property=\"og:type\" content=\"article\" \/>\n<meta property=\"og:description\" content=\"\ud53c\ub864\ub85c\ud034\ub180\ub9b0 \ud034\ub17c \uc774\ub098\ud2b8\ub968\uc5fc(PQQ)\uc740 \uc138\ud3ec \uac74\uac15, \uc778\uc9c0 \uae30\ub2a5 \ubc0f \uc2ec\uc7a5 \uac74\uac15\uc744 \uc9c0\uc6d0\ud558\ub294 \uac15\ub825\ud55c \ud56d\uc0b0\ud654\uc81c\uc785\ub2c8\ub2e4.\" \/>\n<meta property=\"og:url\" content=\"https:\/\/naturalpoland.com\/ko\/je-pum\/ui-yak-pum-won-ryo\/geon-gang-gi-neung-sig-pum-cheom-ga-mul\/%ed%94%bc%eb%a1%a4%eb%a1%9c%ed%80%b4%eb%86%80%eb%a6%b0-%ed%80%b4%eb%85%bc-%ec%9d%b4%eb%82%98%ed%8a%b8%eb%a5%a8%ec%97%bc-pqq\/\" \/>\n<meta property=\"og:site_name\" content=\"NATURAL POLAND - Hurtowy Dystrybutor Surowc\u00f3w\" \/>\n<meta property=\"article:publisher\" content=\"https:\/\/www.facebook.com\/naturalpoland.b2b\" \/>\n<meta property=\"article:modified_time\" content=\"2025-08-07T14:07:25+00:00\" \/>\n<meta property=\"og:image\" content=\"https:\/\/naturalpoland.com\/wp-content\/uploads\/pqq.webp\" \/>\n\t<meta property=\"og:image:width\" content=\"618\" \/>\n\t<meta property=\"og:image:height\" content=\"618\" \/>\n\t<meta property=\"og:image:type\" content=\"image\/webp\" \/>\n<script type=\"application\/ld+json\" class=\"yoast-schema-graph\">{\"@context\":\"https:\\\/\\\/schema.org\",\"@graph\":[{\"@type\":\"WebPage\",\"@id\":\"https:\\\/\\\/naturalpoland.com\\\/ko\\\/je-pum\\\/ui-yak-pum-won-ryo\\\/geon-gang-gi-neung-sig-pum-cheom-ga-mul\\\/%ed%94%bc%eb%a1%a4%eb%a1%9c%ed%80%b4%eb%86%80%eb%a6%b0-%ed%80%b4%eb%85%bc-%ec%9d%b4%eb%82%98%ed%8a%b8%eb%a5%a8%ec%97%bc-pqq\\\/\",\"url\":\"https:\\\/\\\/naturalpoland.com\\\/ko\\\/je-pum\\\/ui-yak-pum-won-ryo\\\/geon-gang-gi-neung-sig-pum-cheom-ga-mul\\\/%ed%94%bc%eb%a1%a4%eb%a1%9c%ed%80%b4%eb%86%80%eb%a6%b0-%ed%80%b4%eb%85%bc-%ec%9d%b4%eb%82%98%ed%8a%b8%eb%a5%a8%ec%97%bc-pqq\\\/\",\"name\":\"\",\"isPartOf\":{\"@id\":\"https:\\\/\\\/naturalpoland.com\\\/ko\\\/#website\"},\"primaryImageOfPage\":{\"@id\":\"https:\\\/\\\/naturalpoland.com\\\/ko\\\/je-pum\\\/ui-yak-pum-won-ryo\\\/geon-gang-gi-neung-sig-pum-cheom-ga-mul\\\/%ed%94%bc%eb%a1%a4%eb%a1%9c%ed%80%b4%eb%86%80%eb%a6%b0-%ed%80%b4%eb%85%bc-%ec%9d%b4%eb%82%98%ed%8a%b8%eb%a5%a8%ec%97%bc-pqq\\\/#primaryimage\"},\"image\":{\"@id\":\"https:\\\/\\\/naturalpoland.com\\\/ko\\\/je-pum\\\/ui-yak-pum-won-ryo\\\/geon-gang-gi-neung-sig-pum-cheom-ga-mul\\\/%ed%94%bc%eb%a1%a4%eb%a1%9c%ed%80%b4%eb%86%80%eb%a6%b0-%ed%80%b4%eb%85%bc-%ec%9d%b4%eb%82%98%ed%8a%b8%eb%a5%a8%ec%97%bc-pqq\\\/#primaryimage\"},\"thumbnailUrl\":\"https:\\\/\\\/naturalpoland.com\\\/wp-content\\\/uploads\\\/pqq.webp\",\"datePublished\":\"2024-08-30T09:45:49+00:00\",\"dateModified\":\"2025-08-07T14:07:25+00:00\",\"description\":\"\ud53c\ub864\ub85c\ud034\ub180\ub9b0 \ud034\ub17c \uc774\ub098\ud2b8\ub968\uc5fc(PQQ)\uc740 \uc138\ud3ec \uac74\uac15, \uc778\uc9c0 \uae30\ub2a5 \ubc0f \uc2ec\uc7a5 \uac74\uac15\uc744 \uc9c0\uc6d0\ud558\ub294 \uac15\ub825\ud55c \ud56d\uc0b0\ud654\uc81c\uc785\ub2c8\ub2e4.\",\"breadcrumb\":{\"@id\":\"https:\\\/\\\/naturalpoland.com\\\/ko\\\/je-pum\\\/ui-yak-pum-won-ryo\\\/geon-gang-gi-neung-sig-pum-cheom-ga-mul\\\/%ed%94%bc%eb%a1%a4%eb%a1%9c%ed%80%b4%eb%86%80%eb%a6%b0-%ed%80%b4%eb%85%bc-%ec%9d%b4%eb%82%98%ed%8a%b8%eb%a5%a8%ec%97%bc-pqq\\\/#breadcrumb\"},\"inLanguage\":\"ko-KR\",\"potentialAction\":[{\"@type\":\"ReadAction\",\"target\":[\"https:\\\/\\\/naturalpoland.com\\\/ko\\\/je-pum\\\/ui-yak-pum-won-ryo\\\/geon-gang-gi-neung-sig-pum-cheom-ga-mul\\\/%ed%94%bc%eb%a1%a4%eb%a1%9c%ed%80%b4%eb%86%80%eb%a6%b0-%ed%80%b4%eb%85%bc-%ec%9d%b4%eb%82%98%ed%8a%b8%eb%a5%a8%ec%97%bc-pqq\\\/\"]}]},{\"@type\":\"ImageObject\",\"inLanguage\":\"ko-KR\",\"@id\":\"https:\\\/\\\/naturalpoland.com\\\/ko\\\/je-pum\\\/ui-yak-pum-won-ryo\\\/geon-gang-gi-neung-sig-pum-cheom-ga-mul\\\/%ed%94%bc%eb%a1%a4%eb%a1%9c%ed%80%b4%eb%86%80%eb%a6%b0-%ed%80%b4%eb%85%bc-%ec%9d%b4%eb%82%98%ed%8a%b8%eb%a5%a8%ec%97%bc-pqq\\\/#primaryimage\",\"url\":\"https:\\\/\\\/naturalpoland.com\\\/wp-content\\\/uploads\\\/pqq.webp\",\"contentUrl\":\"https:\\\/\\\/naturalpoland.com\\\/wp-content\\\/uploads\\\/pqq.webp\",\"width\":618,\"height\":618,\"caption\":\"S\u00f3l disodowa chinonu pirolochinoliny\"},{\"@type\":\"BreadcrumbList\",\"@id\":\"https:\\\/\\\/naturalpoland.com\\\/ko\\\/je-pum\\\/ui-yak-pum-won-ryo\\\/geon-gang-gi-neung-sig-pum-cheom-ga-mul\\\/%ed%94%bc%eb%a1%a4%eb%a1%9c%ed%80%b4%eb%86%80%eb%a6%b0-%ed%80%b4%eb%85%bc-%ec%9d%b4%eb%82%98%ed%8a%b8%eb%a5%a8%ec%97%bc-pqq\\\/#breadcrumb\",\"itemListElement\":[{\"@type\":\"ListItem\",\"position\":1,\"name\":\"\ud648\",\"item\":\"https:\\\/\\\/naturalpoland.com\\\/ko\\\/\"},{\"@type\":\"ListItem\",\"position\":2,\"name\":\"\uc81c\ud488\",\"item\":\"https:\\\/\\\/naturalpoland.com\\\/ko\\\/%ec%a0%9c%ed%92%88\\\/\"},{\"@type\":\"ListItem\",\"position\":3,\"name\":\"\ud53c\ub864\ub85c\ud034\ub180\ub9b0 \ud034\ub17c \uc774\ub098\ud2b8\ub968\uc5fc (PQQ)\"}]},{\"@type\":\"WebSite\",\"@id\":\"https:\\\/\\\/naturalpoland.com\\\/ko\\\/#website\",\"url\":\"https:\\\/\\\/naturalpoland.com\\\/ko\\\/\",\"name\":\"NATURAL POLAND - Hurtowy Dystrybutor Surowc\u00f3w\",\"description\":\"Surowce dla przemys\u0142u spo\u017cywczego, kosmetycznego i farmaceutycznego\",\"publisher\":{\"@id\":\"https:\\\/\\\/naturalpoland.com\\\/ko\\\/#organization\"},\"potentialAction\":[{\"@type\":\"SearchAction\",\"target\":{\"@type\":\"EntryPoint\",\"urlTemplate\":\"https:\\\/\\\/naturalpoland.com\\\/ko\\\/?s={search_term_string}\"},\"query-input\":{\"@type\":\"PropertyValueSpecification\",\"valueRequired\":true,\"valueName\":\"search_term_string\"}}],\"inLanguage\":\"ko-KR\"},{\"@type\":\"Organization\",\"@id\":\"https:\\\/\\\/naturalpoland.com\\\/ko\\\/#organization\",\"name\":\"Natural Poland\",\"url\":\"https:\\\/\\\/naturalpoland.com\\\/ko\\\/\",\"logo\":{\"@type\":\"ImageObject\",\"inLanguage\":\"ko-KR\",\"@id\":\"https:\\\/\\\/naturalpoland.com\\\/ko\\\/#\\\/schema\\\/logo\\\/image\\\/\",\"url\":\"https:\\\/\\\/naturalpoland.com\\\/wp-content\\\/uploads\\\/2021\\\/05\\\/natural-poland-icon.png\",\"contentUrl\":\"https:\\\/\\\/naturalpoland.com\\\/wp-content\\\/uploads\\\/2021\\\/05\\\/natural-poland-icon.png\",\"width\":512,\"height\":512,\"caption\":\"Natural Poland\"},\"image\":{\"@id\":\"https:\\\/\\\/naturalpoland.com\\\/ko\\\/#\\\/schema\\\/logo\\\/image\\\/\"},\"sameAs\":[\"https:\\\/\\\/www.facebook.com\\\/naturalpoland.b2b\",\"https:\\\/\\\/pl.linkedin.com\\\/company\\\/natural-poland\",\"https:\\\/\\\/www.youtube.com\\\/channel\\\/UCgeGGkvOMahZo-xu_MSEWxg\"]}]}<\/script>\n<!-- \/ Yoast SEO plugin. -->","yoast_head_json":{"title":"NATURAL POLAND &#8211; Hurtowy Dystrybutor Surowc\u00f3w","description":"\ud53c\ub864\ub85c\ud034\ub180\ub9b0 \ud034\ub17c \uc774\ub098\ud2b8\ub968\uc5fc(PQQ)\uc740 \uc138\ud3ec \uac74\uac15, \uc778\uc9c0 \uae30\ub2a5 \ubc0f \uc2ec\uc7a5 \uac74\uac15\uc744 \uc9c0\uc6d0\ud558\ub294 \uac15\ub825\ud55c \ud56d\uc0b0\ud654\uc81c\uc785\ub2c8\ub2e4.","robots":{"index":"index","follow":"follow","max-snippet":"max-snippet:-1","max-image-preview":"max-image-preview:large","max-video-preview":"max-video-preview:-1"},"canonical":"https:\/\/naturalpoland.com\/ko\/je-pum\/ui-yak-pum-won-ryo\/geon-gang-gi-neung-sig-pum-cheom-ga-mul\/%ed%94%bc%eb%a1%a4%eb%a1%9c%ed%80%b4%eb%86%80%eb%a6%b0-%ed%80%b4%eb%85%bc-%ec%9d%b4%eb%82%98%ed%8a%b8%eb%a5%a8%ec%97%bc-pqq\/","og_locale":"ko_KR","og_type":"article","og_description":"\ud53c\ub864\ub85c\ud034\ub180\ub9b0 \ud034\ub17c \uc774\ub098\ud2b8\ub968\uc5fc(PQQ)\uc740 \uc138\ud3ec \uac74\uac15, \uc778\uc9c0 \uae30\ub2a5 \ubc0f \uc2ec\uc7a5 \uac74\uac15\uc744 \uc9c0\uc6d0\ud558\ub294 \uac15\ub825\ud55c \ud56d\uc0b0\ud654\uc81c\uc785\ub2c8\ub2e4.","og_url":"https:\/\/naturalpoland.com\/ko\/je-pum\/ui-yak-pum-won-ryo\/geon-gang-gi-neung-sig-pum-cheom-ga-mul\/%ed%94%bc%eb%a1%a4%eb%a1%9c%ed%80%b4%eb%86%80%eb%a6%b0-%ed%80%b4%eb%85%bc-%ec%9d%b4%eb%82%98%ed%8a%b8%eb%a5%a8%ec%97%bc-pqq\/","og_site_name":"NATURAL POLAND - Hurtowy Dystrybutor Surowc\u00f3w","article_publisher":"https:\/\/www.facebook.com\/naturalpoland.b2b","article_modified_time":"2025-08-07T14:07:25+00:00","og_image":[{"width":618,"height":618,"url":"https:\/\/naturalpoland.com\/wp-content\/uploads\/pqq.webp","type":"image\/webp"}],"schema":{"@context":"https:\/\/schema.org","@graph":[{"@type":"WebPage","@id":"https:\/\/naturalpoland.com\/ko\/je-pum\/ui-yak-pum-won-ryo\/geon-gang-gi-neung-sig-pum-cheom-ga-mul\/%ed%94%bc%eb%a1%a4%eb%a1%9c%ed%80%b4%eb%86%80%eb%a6%b0-%ed%80%b4%eb%85%bc-%ec%9d%b4%eb%82%98%ed%8a%b8%eb%a5%a8%ec%97%bc-pqq\/","url":"https:\/\/naturalpoland.com\/ko\/je-pum\/ui-yak-pum-won-ryo\/geon-gang-gi-neung-sig-pum-cheom-ga-mul\/%ed%94%bc%eb%a1%a4%eb%a1%9c%ed%80%b4%eb%86%80%eb%a6%b0-%ed%80%b4%eb%85%bc-%ec%9d%b4%eb%82%98%ed%8a%b8%eb%a5%a8%ec%97%bc-pqq\/","name":"","isPartOf":{"@id":"https:\/\/naturalpoland.com\/ko\/#website"},"primaryImageOfPage":{"@id":"https:\/\/naturalpoland.com\/ko\/je-pum\/ui-yak-pum-won-ryo\/geon-gang-gi-neung-sig-pum-cheom-ga-mul\/%ed%94%bc%eb%a1%a4%eb%a1%9c%ed%80%b4%eb%86%80%eb%a6%b0-%ed%80%b4%eb%85%bc-%ec%9d%b4%eb%82%98%ed%8a%b8%eb%a5%a8%ec%97%bc-pqq\/#primaryimage"},"image":{"@id":"https:\/\/naturalpoland.com\/ko\/je-pum\/ui-yak-pum-won-ryo\/geon-gang-gi-neung-sig-pum-cheom-ga-mul\/%ed%94%bc%eb%a1%a4%eb%a1%9c%ed%80%b4%eb%86%80%eb%a6%b0-%ed%80%b4%eb%85%bc-%ec%9d%b4%eb%82%98%ed%8a%b8%eb%a5%a8%ec%97%bc-pqq\/#primaryimage"},"thumbnailUrl":"https:\/\/naturalpoland.com\/wp-content\/uploads\/pqq.webp","datePublished":"2024-08-30T09:45:49+00:00","dateModified":"2025-08-07T14:07:25+00:00","description":"\ud53c\ub864\ub85c\ud034\ub180\ub9b0 \ud034\ub17c \uc774\ub098\ud2b8\ub968\uc5fc(PQQ)\uc740 \uc138\ud3ec \uac74\uac15, \uc778\uc9c0 \uae30\ub2a5 \ubc0f \uc2ec\uc7a5 \uac74\uac15\uc744 \uc9c0\uc6d0\ud558\ub294 \uac15\ub825\ud55c \ud56d\uc0b0\ud654\uc81c\uc785\ub2c8\ub2e4.","breadcrumb":{"@id":"https:\/\/naturalpoland.com\/ko\/je-pum\/ui-yak-pum-won-ryo\/geon-gang-gi-neung-sig-pum-cheom-ga-mul\/%ed%94%bc%eb%a1%a4%eb%a1%9c%ed%80%b4%eb%86%80%eb%a6%b0-%ed%80%b4%eb%85%bc-%ec%9d%b4%eb%82%98%ed%8a%b8%eb%a5%a8%ec%97%bc-pqq\/#breadcrumb"},"inLanguage":"ko-KR","potentialAction":[{"@type":"ReadAction","target":["https:\/\/naturalpoland.com\/ko\/je-pum\/ui-yak-pum-won-ryo\/geon-gang-gi-neung-sig-pum-cheom-ga-mul\/%ed%94%bc%eb%a1%a4%eb%a1%9c%ed%80%b4%eb%86%80%eb%a6%b0-%ed%80%b4%eb%85%bc-%ec%9d%b4%eb%82%98%ed%8a%b8%eb%a5%a8%ec%97%bc-pqq\/"]}]},{"@type":"ImageObject","inLanguage":"ko-KR","@id":"https:\/\/naturalpoland.com\/ko\/je-pum\/ui-yak-pum-won-ryo\/geon-gang-gi-neung-sig-pum-cheom-ga-mul\/%ed%94%bc%eb%a1%a4%eb%a1%9c%ed%80%b4%eb%86%80%eb%a6%b0-%ed%80%b4%eb%85%bc-%ec%9d%b4%eb%82%98%ed%8a%b8%eb%a5%a8%ec%97%bc-pqq\/#primaryimage","url":"https:\/\/naturalpoland.com\/wp-content\/uploads\/pqq.webp","contentUrl":"https:\/\/naturalpoland.com\/wp-content\/uploads\/pqq.webp","width":618,"height":618,"caption":"S\u00f3l disodowa chinonu pirolochinoliny"},{"@type":"BreadcrumbList","@id":"https:\/\/naturalpoland.com\/ko\/je-pum\/ui-yak-pum-won-ryo\/geon-gang-gi-neung-sig-pum-cheom-ga-mul\/%ed%94%bc%eb%a1%a4%eb%a1%9c%ed%80%b4%eb%86%80%eb%a6%b0-%ed%80%b4%eb%85%bc-%ec%9d%b4%eb%82%98%ed%8a%b8%eb%a5%a8%ec%97%bc-pqq\/#breadcrumb","itemListElement":[{"@type":"ListItem","position":1,"name":"\ud648","item":"https:\/\/naturalpoland.com\/ko\/"},{"@type":"ListItem","position":2,"name":"\uc81c\ud488","item":"https:\/\/naturalpoland.com\/ko\/%ec%a0%9c%ed%92%88\/"},{"@type":"ListItem","position":3,"name":"\ud53c\ub864\ub85c\ud034\ub180\ub9b0 \ud034\ub17c \uc774\ub098\ud2b8\ub968\uc5fc (PQQ)"}]},{"@type":"WebSite","@id":"https:\/\/naturalpoland.com\/ko\/#website","url":"https:\/\/naturalpoland.com\/ko\/","name":"NATURAL POLAND - Hurtowy Dystrybutor Surowc\u00f3w","description":"Surowce dla przemys\u0142u spo\u017cywczego, kosmetycznego i farmaceutycznego","publisher":{"@id":"https:\/\/naturalpoland.com\/ko\/#organization"},"potentialAction":[{"@type":"SearchAction","target":{"@type":"EntryPoint","urlTemplate":"https:\/\/naturalpoland.com\/ko\/?s={search_term_string}"},"query-input":{"@type":"PropertyValueSpecification","valueRequired":true,"valueName":"search_term_string"}}],"inLanguage":"ko-KR"},{"@type":"Organization","@id":"https:\/\/naturalpoland.com\/ko\/#organization","name":"Natural Poland","url":"https:\/\/naturalpoland.com\/ko\/","logo":{"@type":"ImageObject","inLanguage":"ko-KR","@id":"https:\/\/naturalpoland.com\/ko\/#\/schema\/logo\/image\/","url":"https:\/\/naturalpoland.com\/wp-content\/uploads\/2021\/05\/natural-poland-icon.png","contentUrl":"https:\/\/naturalpoland.com\/wp-content\/uploads\/2021\/05\/natural-poland-icon.png","width":512,"height":512,"caption":"Natural Poland"},"image":{"@id":"https:\/\/naturalpoland.com\/ko\/#\/schema\/logo\/image\/"},"sameAs":["https:\/\/www.facebook.com\/naturalpoland.b2b","https:\/\/pl.linkedin.com\/company\/natural-poland","https:\/\/www.youtube.com\/channel\/UCgeGGkvOMahZo-xu_MSEWxg"]}]}},"_links":{"self":[{"href":"https:\/\/naturalpoland.com\/ko\/wp-json\/wp\/v2\/product\/42675","targetHints":{"allow":["GET"]}}],"collection":[{"href":"https:\/\/naturalpoland.com\/ko\/wp-json\/wp\/v2\/product"}],"about":[{"href":"https:\/\/naturalpoland.com\/ko\/wp-json\/wp\/v2\/types\/product"}],"wp:featuredmedia":[{"embeddable":true,"href":"https:\/\/naturalpoland.com\/ko\/wp-json\/wp\/v2\/media\/42676"}],"wp:attachment":[{"href":"https:\/\/naturalpoland.com\/ko\/wp-json\/wp\/v2\/media?parent=42675"}],"wp:term":[{"taxonomy":"product_brand","embeddable":true,"href":"https:\/\/naturalpoland.com\/ko\/wp-json\/wp\/v2\/product_brand?post=42675"},{"taxonomy":"product_cat","embeddable":true,"href":"https:\/\/naturalpoland.com\/ko\/wp-json\/wp\/v2\/product_cat?post=42675"},{"taxonomy":"product_tag","embeddable":true,"href":"https:\/\/naturalpoland.com\/ko\/wp-json\/wp\/v2\/product_tag?post=42675"}],"curies":[{"name":"wp","href":"https:\/\/api.w.org\/{rel}","templated":true}]}}