{"id":42677,"date":"2024-10-03T15:02:37","date_gmt":"2024-10-03T13:02:37","guid":{"rendered":"https:\/\/naturalpoland.com\/produkty\/uncategorized\/%ea%b8%80%eb%a3%a8%ec%bd%98%ec%82%b0-%ea%b5%ac%eb%a6%ac\/"},"modified":"2025-08-07T16:07:30","modified_gmt":"2025-08-07T14:07:30","slug":"%ea%b8%80%eb%a3%a8%ec%bd%98%ec%82%b0-%ea%b5%ac%eb%a6%ac","status":"publish","type":"product","link":"https:\/\/naturalpoland.com\/ko\/je-pum\/hwa-jang-pum-won-ryo\/hwa-jang-pum-won-ryo-ko\/%ea%b8%80%eb%a3%a8%ec%bd%98%ec%82%b0-%ea%b5%ac%eb%a6%ac\/","title":{"rendered":"\uae00\ub8e8\ucf58\uc0b0 \uad6c\ub9ac"},"content":{"rendered":"<p>\uae00\ub8e8\ucf58\uc0b0 \uad6c\ub9ac\ub294 \ub3c5\uc131\uc774 \ub0ae\uace0 \uc0ac\uc6a9\uacfc \uad00\ub828\ub41c \uc911\uc694\ud55c \uc704\ud5d8\uc774 \uc5c6\uc2b5\ub2c8\ub2e4.<\/p>\n<h2>\uc801\uc6a9 \ubd84\uc57c:<\/h2>\n<p>\uae00\ub8e8\ucf58\uc0b0 \uad6c\ub9ac\ub294 <strong>\ud53c\ubd80 \uad00\ub9ac<\/strong> \uc81c\ud488\uc758 \ud575\uc2ec \uc131\ubd84\uc73c\ub85c, \ucf5c\ub77c\uac90 \uc0dd\uc131\uc744 \ub3d5\uace0 \ud53c\ubd80 \ud0c4\ub825\uc744 \uac1c\uc120\ud558\uba70 \uc0c1\ucc98 \uce58\uc720 \uacfc\uc815\uc744 \uc9c0\uc6d0\ud569\ub2c8\ub2e4. \ud53c\ubd80 \uc138\ud3ec\uc5d0 \ub300\ud55c \uc791\uc6a9\uacfc \uc5fc\uc99d \uac10\uc18c \ub2a5\ub825 \ub355\ubd84\uc5d0 \ub178\ud654 \ubc29\uc9c0 \ud3ec\ubbac\ub7ec\uc5d0 \ub110\ub9ac \uc0ac\uc6a9\ub429\ub2c8\ub2e4. <\/p>\n<p>\ub610\ud55c \ucca0 \ub300\uc0ac \ubc0f \ud56d\uc0b0\ud654 \ubc29\uc5b4\ub97c \ud3ec\ud568\ud55c \uc2e0\uccb4\uc758 \ub9ce\uc740 \ud6a8\uc18c \uacfc\uc815\uc5d0 \ud544\uc218\uc801\uc778 <strong>\uad6c\ub9ac \uacf5\uae09\uc6d0<\/strong>\uc73c\ub85c \uc2dd\uc774 \ubcf4\ucda9\uc81c\uc5d0\ub3c4 \uc0ac\uc6a9\ub429\ub2c8\ub2e4.<\/p>\n","protected":false},"excerpt":{"rendered":"<p>\uae00\ub8e8\ucf58\uc0b0 \uad6c\ub9ac\ub294 \ubbf8\uc138\ud55c \ud30c\ub780\uc0c9 \uacb0\uc815\uc131 \ubd84\ub9d0 \ud615\ud0dc\ub85c \uc874\uc7ac\ud569\ub2c8\ub2e4. \ud654\uc7a5\ud488 \ubc0f \ud5e4\uc5b4 \ucf00\uc5b4 \uc81c\ud488\uc5d0 \uc0ac\uc6a9\ub429\ub2c8\ub2e4. <\/p>\n","protected":false},"featured_media":42678,"template":"","meta":{"_acf_changed":false},"product_brand":[],"product_cat":[8143,8160],"product_tag":[],"class_list":{"0":"post-42677","1":"product","2":"type-product","3":"status-publish","4":"has-post-thumbnail","6":"product_cat-geon-gang-gi-neung-sig-pum-cheom-ga-mul","7":"product_cat-hwa-jang-pum-won-ryo-ko","9":"first","10":"instock","11":"shipping-taxable","12":"product-type-simple"},"acf":[],"yoast_head":"<!-- This site is optimized with the Yoast SEO plugin v27.6 - https:\/\/yoast.com\/product\/yoast-seo-wordpress\/ -->\n<title>NATURAL POLAND &#8211; Hurtowy Dystrybutor Surowc\u00f3w<\/title>\n<meta name=\"description\" content=\"\uae00\ub8e8\ucf58\uc0b0 \uad6c\ub9ac\ub294 \ubbf8\uc138\ud55c \ud30c\ub780\uc0c9 \uacb0\uc815\uc131 \ubd84\ub9d0\ub85c, \ud654\uc7a5\ud488 \ubc0f \uc81c\uc57d\uacfc \uac19\uc740 \ub2e4\uc591\ud55c \uc0b0\uc5c5\uc5d0\uc11c \uc0ac\uc6a9\ub429\ub2c8\ub2e4.\" \/>\n<meta name=\"robots\" content=\"index, follow, max-snippet:-1, max-image-preview:large, max-video-preview:-1\" \/>\n<link rel=\"canonical\" href=\"https:\/\/naturalpoland.com\/ko\/je-pum\/hwa-jang-pum-won-ryo\/hwa-jang-pum-won-ryo-ko\/%ea%b8%80%eb%a3%a8%ec%bd%98%ec%82%b0-%ea%b5%ac%eb%a6%ac\/\" \/>\n<meta property=\"og:locale\" content=\"ko_KR\" \/>\n<meta property=\"og:type\" content=\"article\" \/>\n<meta property=\"og:description\" content=\"\uae00\ub8e8\ucf58\uc0b0 \uad6c\ub9ac\ub294 \ubbf8\uc138\ud55c \ud30c\ub780\uc0c9 \uacb0\uc815\uc131 \ubd84\ub9d0\ub85c, \ud654\uc7a5\ud488 \ubc0f \uc81c\uc57d\uacfc \uac19\uc740 \ub2e4\uc591\ud55c \uc0b0\uc5c5\uc5d0\uc11c \uc0ac\uc6a9\ub429\ub2c8\ub2e4.\" \/>\n<meta property=\"og:url\" content=\"https:\/\/naturalpoland.com\/ko\/je-pum\/hwa-jang-pum-won-ryo\/hwa-jang-pum-won-ryo-ko\/%ea%b8%80%eb%a3%a8%ec%bd%98%ec%82%b0-%ea%b5%ac%eb%a6%ac\/\" \/>\n<meta property=\"og:site_name\" content=\"NATURAL POLAND - Hurtowy Dystrybutor Surowc\u00f3w\" \/>\n<meta property=\"article:publisher\" content=\"https:\/\/www.facebook.com\/naturalpoland.b2b\" \/>\n<meta property=\"article:modified_time\" content=\"2025-08-07T14:07:30+00:00\" \/>\n<meta property=\"og:image\" content=\"https:\/\/naturalpoland.com\/wp-content\/uploads\/glukonian-miedzi.webp\" \/>\n\t<meta property=\"og:image:width\" content=\"619\" \/>\n\t<meta property=\"og:image:height\" content=\"619\" \/>\n\t<meta property=\"og:image:type\" content=\"image\/webp\" \/>\n<script type=\"application\/ld+json\" class=\"yoast-schema-graph\">{\"@context\":\"https:\\\/\\\/schema.org\",\"@graph\":[{\"@type\":\"WebPage\",\"@id\":\"https:\\\/\\\/naturalpoland.com\\\/ko\\\/je-pum\\\/hwa-jang-pum-won-ryo\\\/hwa-jang-pum-won-ryo-ko\\\/%ea%b8%80%eb%a3%a8%ec%bd%98%ec%82%b0-%ea%b5%ac%eb%a6%ac\\\/\",\"url\":\"https:\\\/\\\/naturalpoland.com\\\/ko\\\/je-pum\\\/hwa-jang-pum-won-ryo\\\/hwa-jang-pum-won-ryo-ko\\\/%ea%b8%80%eb%a3%a8%ec%bd%98%ec%82%b0-%ea%b5%ac%eb%a6%ac\\\/\",\"name\":\"\",\"isPartOf\":{\"@id\":\"https:\\\/\\\/naturalpoland.com\\\/ko\\\/#website\"},\"primaryImageOfPage\":{\"@id\":\"https:\\\/\\\/naturalpoland.com\\\/ko\\\/je-pum\\\/hwa-jang-pum-won-ryo\\\/hwa-jang-pum-won-ryo-ko\\\/%ea%b8%80%eb%a3%a8%ec%bd%98%ec%82%b0-%ea%b5%ac%eb%a6%ac\\\/#primaryimage\"},\"image\":{\"@id\":\"https:\\\/\\\/naturalpoland.com\\\/ko\\\/je-pum\\\/hwa-jang-pum-won-ryo\\\/hwa-jang-pum-won-ryo-ko\\\/%ea%b8%80%eb%a3%a8%ec%bd%98%ec%82%b0-%ea%b5%ac%eb%a6%ac\\\/#primaryimage\"},\"thumbnailUrl\":\"https:\\\/\\\/naturalpoland.com\\\/wp-content\\\/uploads\\\/glukonian-miedzi.webp\",\"datePublished\":\"2024-10-03T13:02:37+00:00\",\"dateModified\":\"2025-08-07T14:07:30+00:00\",\"description\":\"\uae00\ub8e8\ucf58\uc0b0 \uad6c\ub9ac\ub294 \ubbf8\uc138\ud55c \ud30c\ub780\uc0c9 \uacb0\uc815\uc131 \ubd84\ub9d0\ub85c, \ud654\uc7a5\ud488 \ubc0f \uc81c\uc57d\uacfc \uac19\uc740 \ub2e4\uc591\ud55c \uc0b0\uc5c5\uc5d0\uc11c \uc0ac\uc6a9\ub429\ub2c8\ub2e4.\",\"breadcrumb\":{\"@id\":\"https:\\\/\\\/naturalpoland.com\\\/ko\\\/je-pum\\\/hwa-jang-pum-won-ryo\\\/hwa-jang-pum-won-ryo-ko\\\/%ea%b8%80%eb%a3%a8%ec%bd%98%ec%82%b0-%ea%b5%ac%eb%a6%ac\\\/#breadcrumb\"},\"inLanguage\":\"ko-KR\",\"potentialAction\":[{\"@type\":\"ReadAction\",\"target\":[\"https:\\\/\\\/naturalpoland.com\\\/ko\\\/je-pum\\\/hwa-jang-pum-won-ryo\\\/hwa-jang-pum-won-ryo-ko\\\/%ea%b8%80%eb%a3%a8%ec%bd%98%ec%82%b0-%ea%b5%ac%eb%a6%ac\\\/\"]}]},{\"@type\":\"ImageObject\",\"inLanguage\":\"ko-KR\",\"@id\":\"https:\\\/\\\/naturalpoland.com\\\/ko\\\/je-pum\\\/hwa-jang-pum-won-ryo\\\/hwa-jang-pum-won-ryo-ko\\\/%ea%b8%80%eb%a3%a8%ec%bd%98%ec%82%b0-%ea%b5%ac%eb%a6%ac\\\/#primaryimage\",\"url\":\"https:\\\/\\\/naturalpoland.com\\\/wp-content\\\/uploads\\\/glukonian-miedzi.webp\",\"contentUrl\":\"https:\\\/\\\/naturalpoland.com\\\/wp-content\\\/uploads\\\/glukonian-miedzi.webp\",\"width\":619,\"height\":619,\"caption\":\"glukonian miedzi\"},{\"@type\":\"BreadcrumbList\",\"@id\":\"https:\\\/\\\/naturalpoland.com\\\/ko\\\/je-pum\\\/hwa-jang-pum-won-ryo\\\/hwa-jang-pum-won-ryo-ko\\\/%ea%b8%80%eb%a3%a8%ec%bd%98%ec%82%b0-%ea%b5%ac%eb%a6%ac\\\/#breadcrumb\",\"itemListElement\":[{\"@type\":\"ListItem\",\"position\":1,\"name\":\"\ud648\",\"item\":\"https:\\\/\\\/naturalpoland.com\\\/ko\\\/\"},{\"@type\":\"ListItem\",\"position\":2,\"name\":\"\uc81c\ud488\",\"item\":\"https:\\\/\\\/naturalpoland.com\\\/ko\\\/%ec%a0%9c%ed%92%88\\\/\"},{\"@type\":\"ListItem\",\"position\":3,\"name\":\"\uae00\ub8e8\ucf58\uc0b0 \uad6c\ub9ac\"}]},{\"@type\":\"WebSite\",\"@id\":\"https:\\\/\\\/naturalpoland.com\\\/ko\\\/#website\",\"url\":\"https:\\\/\\\/naturalpoland.com\\\/ko\\\/\",\"name\":\"NATURAL POLAND - Hurtowy Dystrybutor Surowc\u00f3w\",\"description\":\"Surowce dla przemys\u0142u spo\u017cywczego, kosmetycznego i farmaceutycznego\",\"publisher\":{\"@id\":\"https:\\\/\\\/naturalpoland.com\\\/ko\\\/#organization\"},\"potentialAction\":[{\"@type\":\"SearchAction\",\"target\":{\"@type\":\"EntryPoint\",\"urlTemplate\":\"https:\\\/\\\/naturalpoland.com\\\/ko\\\/?s={search_term_string}\"},\"query-input\":{\"@type\":\"PropertyValueSpecification\",\"valueRequired\":true,\"valueName\":\"search_term_string\"}}],\"inLanguage\":\"ko-KR\"},{\"@type\":\"Organization\",\"@id\":\"https:\\\/\\\/naturalpoland.com\\\/ko\\\/#organization\",\"name\":\"Natural Poland\",\"url\":\"https:\\\/\\\/naturalpoland.com\\\/ko\\\/\",\"logo\":{\"@type\":\"ImageObject\",\"inLanguage\":\"ko-KR\",\"@id\":\"https:\\\/\\\/naturalpoland.com\\\/ko\\\/#\\\/schema\\\/logo\\\/image\\\/\",\"url\":\"https:\\\/\\\/naturalpoland.com\\\/wp-content\\\/uploads\\\/2021\\\/05\\\/natural-poland-icon.png\",\"contentUrl\":\"https:\\\/\\\/naturalpoland.com\\\/wp-content\\\/uploads\\\/2021\\\/05\\\/natural-poland-icon.png\",\"width\":512,\"height\":512,\"caption\":\"Natural Poland\"},\"image\":{\"@id\":\"https:\\\/\\\/naturalpoland.com\\\/ko\\\/#\\\/schema\\\/logo\\\/image\\\/\"},\"sameAs\":[\"https:\\\/\\\/www.facebook.com\\\/naturalpoland.b2b\",\"https:\\\/\\\/pl.linkedin.com\\\/company\\\/natural-poland\",\"https:\\\/\\\/www.youtube.com\\\/channel\\\/UCgeGGkvOMahZo-xu_MSEWxg\"]}]}<\/script>\n<!-- \/ Yoast SEO plugin. -->","yoast_head_json":{"title":"NATURAL POLAND &#8211; Hurtowy Dystrybutor Surowc\u00f3w","description":"\uae00\ub8e8\ucf58\uc0b0 \uad6c\ub9ac\ub294 \ubbf8\uc138\ud55c \ud30c\ub780\uc0c9 \uacb0\uc815\uc131 \ubd84\ub9d0\ub85c, \ud654\uc7a5\ud488 \ubc0f \uc81c\uc57d\uacfc \uac19\uc740 \ub2e4\uc591\ud55c \uc0b0\uc5c5\uc5d0\uc11c \uc0ac\uc6a9\ub429\ub2c8\ub2e4.","robots":{"index":"index","follow":"follow","max-snippet":"max-snippet:-1","max-image-preview":"max-image-preview:large","max-video-preview":"max-video-preview:-1"},"canonical":"https:\/\/naturalpoland.com\/ko\/je-pum\/hwa-jang-pum-won-ryo\/hwa-jang-pum-won-ryo-ko\/%ea%b8%80%eb%a3%a8%ec%bd%98%ec%82%b0-%ea%b5%ac%eb%a6%ac\/","og_locale":"ko_KR","og_type":"article","og_description":"\uae00\ub8e8\ucf58\uc0b0 \uad6c\ub9ac\ub294 \ubbf8\uc138\ud55c \ud30c\ub780\uc0c9 \uacb0\uc815\uc131 \ubd84\ub9d0\ub85c, \ud654\uc7a5\ud488 \ubc0f \uc81c\uc57d\uacfc \uac19\uc740 \ub2e4\uc591\ud55c \uc0b0\uc5c5\uc5d0\uc11c \uc0ac\uc6a9\ub429\ub2c8\ub2e4.","og_url":"https:\/\/naturalpoland.com\/ko\/je-pum\/hwa-jang-pum-won-ryo\/hwa-jang-pum-won-ryo-ko\/%ea%b8%80%eb%a3%a8%ec%bd%98%ec%82%b0-%ea%b5%ac%eb%a6%ac\/","og_site_name":"NATURAL POLAND - Hurtowy Dystrybutor Surowc\u00f3w","article_publisher":"https:\/\/www.facebook.com\/naturalpoland.b2b","article_modified_time":"2025-08-07T14:07:30+00:00","og_image":[{"width":619,"height":619,"url":"https:\/\/naturalpoland.com\/wp-content\/uploads\/glukonian-miedzi.webp","type":"image\/webp"}],"schema":{"@context":"https:\/\/schema.org","@graph":[{"@type":"WebPage","@id":"https:\/\/naturalpoland.com\/ko\/je-pum\/hwa-jang-pum-won-ryo\/hwa-jang-pum-won-ryo-ko\/%ea%b8%80%eb%a3%a8%ec%bd%98%ec%82%b0-%ea%b5%ac%eb%a6%ac\/","url":"https:\/\/naturalpoland.com\/ko\/je-pum\/hwa-jang-pum-won-ryo\/hwa-jang-pum-won-ryo-ko\/%ea%b8%80%eb%a3%a8%ec%bd%98%ec%82%b0-%ea%b5%ac%eb%a6%ac\/","name":"","isPartOf":{"@id":"https:\/\/naturalpoland.com\/ko\/#website"},"primaryImageOfPage":{"@id":"https:\/\/naturalpoland.com\/ko\/je-pum\/hwa-jang-pum-won-ryo\/hwa-jang-pum-won-ryo-ko\/%ea%b8%80%eb%a3%a8%ec%bd%98%ec%82%b0-%ea%b5%ac%eb%a6%ac\/#primaryimage"},"image":{"@id":"https:\/\/naturalpoland.com\/ko\/je-pum\/hwa-jang-pum-won-ryo\/hwa-jang-pum-won-ryo-ko\/%ea%b8%80%eb%a3%a8%ec%bd%98%ec%82%b0-%ea%b5%ac%eb%a6%ac\/#primaryimage"},"thumbnailUrl":"https:\/\/naturalpoland.com\/wp-content\/uploads\/glukonian-miedzi.webp","datePublished":"2024-10-03T13:02:37+00:00","dateModified":"2025-08-07T14:07:30+00:00","description":"\uae00\ub8e8\ucf58\uc0b0 \uad6c\ub9ac\ub294 \ubbf8\uc138\ud55c \ud30c\ub780\uc0c9 \uacb0\uc815\uc131 \ubd84\ub9d0\ub85c, \ud654\uc7a5\ud488 \ubc0f \uc81c\uc57d\uacfc \uac19\uc740 \ub2e4\uc591\ud55c \uc0b0\uc5c5\uc5d0\uc11c \uc0ac\uc6a9\ub429\ub2c8\ub2e4.","breadcrumb":{"@id":"https:\/\/naturalpoland.com\/ko\/je-pum\/hwa-jang-pum-won-ryo\/hwa-jang-pum-won-ryo-ko\/%ea%b8%80%eb%a3%a8%ec%bd%98%ec%82%b0-%ea%b5%ac%eb%a6%ac\/#breadcrumb"},"inLanguage":"ko-KR","potentialAction":[{"@type":"ReadAction","target":["https:\/\/naturalpoland.com\/ko\/je-pum\/hwa-jang-pum-won-ryo\/hwa-jang-pum-won-ryo-ko\/%ea%b8%80%eb%a3%a8%ec%bd%98%ec%82%b0-%ea%b5%ac%eb%a6%ac\/"]}]},{"@type":"ImageObject","inLanguage":"ko-KR","@id":"https:\/\/naturalpoland.com\/ko\/je-pum\/hwa-jang-pum-won-ryo\/hwa-jang-pum-won-ryo-ko\/%ea%b8%80%eb%a3%a8%ec%bd%98%ec%82%b0-%ea%b5%ac%eb%a6%ac\/#primaryimage","url":"https:\/\/naturalpoland.com\/wp-content\/uploads\/glukonian-miedzi.webp","contentUrl":"https:\/\/naturalpoland.com\/wp-content\/uploads\/glukonian-miedzi.webp","width":619,"height":619,"caption":"glukonian miedzi"},{"@type":"BreadcrumbList","@id":"https:\/\/naturalpoland.com\/ko\/je-pum\/hwa-jang-pum-won-ryo\/hwa-jang-pum-won-ryo-ko\/%ea%b8%80%eb%a3%a8%ec%bd%98%ec%82%b0-%ea%b5%ac%eb%a6%ac\/#breadcrumb","itemListElement":[{"@type":"ListItem","position":1,"name":"\ud648","item":"https:\/\/naturalpoland.com\/ko\/"},{"@type":"ListItem","position":2,"name":"\uc81c\ud488","item":"https:\/\/naturalpoland.com\/ko\/%ec%a0%9c%ed%92%88\/"},{"@type":"ListItem","position":3,"name":"\uae00\ub8e8\ucf58\uc0b0 \uad6c\ub9ac"}]},{"@type":"WebSite","@id":"https:\/\/naturalpoland.com\/ko\/#website","url":"https:\/\/naturalpoland.com\/ko\/","name":"NATURAL POLAND - Hurtowy Dystrybutor Surowc\u00f3w","description":"Surowce dla przemys\u0142u spo\u017cywczego, kosmetycznego i farmaceutycznego","publisher":{"@id":"https:\/\/naturalpoland.com\/ko\/#organization"},"potentialAction":[{"@type":"SearchAction","target":{"@type":"EntryPoint","urlTemplate":"https:\/\/naturalpoland.com\/ko\/?s={search_term_string}"},"query-input":{"@type":"PropertyValueSpecification","valueRequired":true,"valueName":"search_term_string"}}],"inLanguage":"ko-KR"},{"@type":"Organization","@id":"https:\/\/naturalpoland.com\/ko\/#organization","name":"Natural Poland","url":"https:\/\/naturalpoland.com\/ko\/","logo":{"@type":"ImageObject","inLanguage":"ko-KR","@id":"https:\/\/naturalpoland.com\/ko\/#\/schema\/logo\/image\/","url":"https:\/\/naturalpoland.com\/wp-content\/uploads\/2021\/05\/natural-poland-icon.png","contentUrl":"https:\/\/naturalpoland.com\/wp-content\/uploads\/2021\/05\/natural-poland-icon.png","width":512,"height":512,"caption":"Natural Poland"},"image":{"@id":"https:\/\/naturalpoland.com\/ko\/#\/schema\/logo\/image\/"},"sameAs":["https:\/\/www.facebook.com\/naturalpoland.b2b","https:\/\/pl.linkedin.com\/company\/natural-poland","https:\/\/www.youtube.com\/channel\/UCgeGGkvOMahZo-xu_MSEWxg"]}]}},"_links":{"self":[{"href":"https:\/\/naturalpoland.com\/ko\/wp-json\/wp\/v2\/product\/42677","targetHints":{"allow":["GET"]}}],"collection":[{"href":"https:\/\/naturalpoland.com\/ko\/wp-json\/wp\/v2\/product"}],"about":[{"href":"https:\/\/naturalpoland.com\/ko\/wp-json\/wp\/v2\/types\/product"}],"wp:featuredmedia":[{"embeddable":true,"href":"https:\/\/naturalpoland.com\/ko\/wp-json\/wp\/v2\/media\/42678"}],"wp:attachment":[{"href":"https:\/\/naturalpoland.com\/ko\/wp-json\/wp\/v2\/media?parent=42677"}],"wp:term":[{"taxonomy":"product_brand","embeddable":true,"href":"https:\/\/naturalpoland.com\/ko\/wp-json\/wp\/v2\/product_brand?post=42677"},{"taxonomy":"product_cat","embeddable":true,"href":"https:\/\/naturalpoland.com\/ko\/wp-json\/wp\/v2\/product_cat?post=42677"},{"taxonomy":"product_tag","embeddable":true,"href":"https:\/\/naturalpoland.com\/ko\/wp-json\/wp\/v2\/product_tag?post=42677"}],"curies":[{"name":"wp","href":"https:\/\/api.w.org\/{rel}","templated":true}]}}