{"id":42681,"date":"2024-07-08T13:40:06","date_gmt":"2024-07-08T11:40:06","guid":{"rendered":"https:\/\/naturalpoland.com\/produkty\/uncategorized\/thymopro-%ed%8b%b0%eb%aa%a8%ed%80%b4%eb%85%bc\/"},"modified":"2025-08-07T16:07:51","modified_gmt":"2025-08-07T14:07:51","slug":"thymopro-%ed%8b%b0%eb%aa%a8%ed%80%b4%eb%85%bc","status":"publish","type":"product","link":"https:\/\/naturalpoland.com\/ko\/je-pum\/ui-yak-pum-won-ryo\/geon-gang-gi-neung-sig-pum-cheom-ga-mul\/thymopro-%ed%8b%b0%eb%aa%a8%ed%80%b4%eb%85%bc\/","title":{"rendered":"ThymoPro\u2122 (\ud2f0\ubaa8\ud034\ub17c)"},"content":{"rendered":"<h2>BioSNEDS\u2122 \uae30\uc220\uc758 \uc7a5\uc810<\/h2>\n<ul>\n<li>ThymoPro\u2122\ub294 \uae30\uc874 \ud2f0\ubaa8\ud034\ub17c\uc5d0 \ube44\ud574 \uc0dd\uccb4 \uc774\uc6a9\ub960\uc774 14\ubc30 \ub354 \ub192\uc2b5\ub2c8\ub2e4. \uc774\ub294 BioSNEDS\u2122\uc758 \ud65c\uc131 \ud2f0\ubaa8\ud034\ub17c 4mg\uc774 \uae30\uc874 \ud2f0\ubaa8\ud034\ub17c 50mg\uacfc \uc0dd\uccb4 \ub3d9\ub4f1\ud558\ub2e4\ub294 \uac83\uc744 \uc758\ubbf8\ud569\ub2c8\ub2e4.<\/li>\n<li> \ud0ac\ub85c\uadf8\ub7a8\ub2f9 \ub354 \ub9ce\uc740 \uc6a9\ub7c9 &#8211; \uae30\uc874 \ud2f0\ubaa8\ud034\ub17c 600\ud68c \uc6a9\ub7c9 \ub300\ube44 \ud0ac\ub85c\uadf8\ub7a8\ub2f9 25,000\ud68c \uc6a9\ub7c9.<\/li>\n<li>\uc911\uc131\uc801\uc778 \ub9db\uacfc \ubb34\ucde8\uc758 \ubd84\ub9d0 \ubc0f \uc5d0\uba40\uc804 \ud615\ud0dc\ub85c \uc81c\uacf5\ub429\ub2c8\ub2e4.<\/li>\n<\/ul>\n<h2>\uac74\uac15\uc0c1\uc758 \uc774\uc810<\/h2>\n<ul>\n<li>\uc2e0\uccb4\uc758 \uba74\uc5ed \uae30\ub2a5\uc744 \uac15\ud654\ud569\ub2c8\ub2e4.<\/li>\n<li>\uccb4\ub0b4 \uc5fc\uc99d\uc744 \ud6a8\uacfc\uc801\uc73c\ub85c \uac10\uc18c\uc2dc\ud0b5\ub2c8\ub2e4.<\/li>\n<li>\uc2ec\ud608\uad00 \uac74\uac15\uc744 \uc9c0\uc6d0\ud569\ub2c8\ub2e4.<\/li>\n<li>\uc0b0\ud654 \uc2a4\ud2b8\ub808\uc2a4\ub85c\ubd80\ud130 \uc138\ud3ec\ub97c \ubcf4\ud638\ud569\ub2c8\ub2e4.<\/li>\n<li>\ud53c\ubd80 \uac74\uac15 \uac1c\uc120 \ubc0f \ub178\ud654 \uc9d5\ud6c4 \uac10\uc18c\uc5d0 \ub3c4\uc6c0\uc744 \uc90d\ub2c8\ub2e4.<\/li>\n<li>\uac74\uac15\ud55c \uc2e0\uc9c4\ub300\uc0ac \ubc0f \ud608\ub2f9 \uc218\uce58 \uc870\uc808\uc744 \uc9c0\uc6d0\ud569\ub2c8\ub2e4.<\/li>\n<li>\ub1cc \uac74\uac15 \ubc0f \uc2e0\uacbd \uae30\ub2a5\uc744 \uc9c0\uc6d0\ud569\ub2c8\ub2e4.<\/li>\n<li>\uccb4\uc911 \uad00\ub9ac\uc5d0 \ub3c4\uc6c0\uc744 \uc90d\ub2c8\ub2e4.<\/li>\n<li>\uc6b4\ub3d9 \ud6c4 \ud68c\ubcf5\uc5d0 \ub3c4\uc6c0\uc744 \uc90d\ub2c8\ub2e4.<\/li>\n<\/ul>\n","protected":false},"excerpt":{"rendered":"<p><strong>ThymoPro\u2122 <\/strong>\ub294 \ub2c8\uac94\ub77c \uc0ac\ud2f0\ubc14(\ube14\ub799 \ucee4\ubbfc) \uc528\uc557\uc5d0\uc11c \ucd94\ucd9c\ub41c \ud575\uc2ec \uc131\ubd84\uc778 \ud2f0\ubaa8\ud034\ub17c\uc758 \uc0dd\uccb4 \uc774\uc6a9\ub960\uc744 \ud06c\uac8c \ub192\uc774\ub294 BioSNEDS\u2122 \uae30\uc220\uc744 \ud65c\uc6a9\ud55c \uace0\uae09 \uc81c\ud488\uc73c\ub85c, \ud56d\uc5fc \ubc0f \ud56d\uc0b0\ud654 \ud2b9\uc131\uc744 \ud3ec\ud568\ud55c \uad11\ubc94\uc704\ud55c \uac74\uac15\uc0c1\uc758 \uc774\uc810\uc73c\ub85c \uc54c\ub824\uc838 \uc788\uc2b5\ub2c8\ub2e4.<\/p>\n","protected":false},"featured_media":42682,"template":"","meta":{"_acf_changed":false},"product_brand":[],"product_cat":[8143],"product_tag":[],"class_list":{"0":"post-42681","1":"product","2":"type-product","3":"status-publish","4":"has-post-thumbnail","6":"product_cat-geon-gang-gi-neung-sig-pum-cheom-ga-mul","7":"pa_technologia-biosneds-","9":"first","10":"instock","11":"shipping-taxable","12":"product-type-simple"},"acf":[],"yoast_head":"<!-- This site is optimized with the Yoast SEO plugin v27.6 - https:\/\/yoast.com\/product\/yoast-seo-wordpress\/ -->\n<title>NATURAL POLAND &#8211; Hurtowy Dystrybutor Surowc\u00f3w<\/title>\n<meta name=\"description\" content=\"ThymoPro\ub294 \uba74\uc5ed \uccb4\uacc4 \uac74\uac15, \uc2e0\uacbd \uae30\ub2a5, \ud56d\uc5fc \uc791\uc6a9\uc744 \ube44\ub86f\ud55c \ub2e4\uc591\ud55c \uac74\uac15 \uce21\uba74\uc744 \uc9c0\uc6d0\ud558\ub294 \uc81c\ud488\uc785\ub2c8\ub2e4.\" \/>\n<meta name=\"robots\" content=\"index, follow, max-snippet:-1, max-image-preview:large, max-video-preview:-1\" \/>\n<link rel=\"canonical\" href=\"https:\/\/naturalpoland.com\/ko\/je-pum\/ui-yak-pum-won-ryo\/geon-gang-gi-neung-sig-pum-cheom-ga-mul\/thymopro-%ed%8b%b0%eb%aa%a8%ed%80%b4%eb%85%bc\/\" \/>\n<meta property=\"og:locale\" content=\"ko_KR\" \/>\n<meta property=\"og:type\" content=\"article\" \/>\n<meta property=\"og:description\" content=\"ThymoPro\ub294 \uba74\uc5ed \uccb4\uacc4 \uac74\uac15, \uc2e0\uacbd \uae30\ub2a5, \ud56d\uc5fc \uc791\uc6a9\uc744 \ube44\ub86f\ud55c \ub2e4\uc591\ud55c \uac74\uac15 \uce21\uba74\uc744 \uc9c0\uc6d0\ud558\ub294 \uc81c\ud488\uc785\ub2c8\ub2e4.\" \/>\n<meta property=\"og:url\" content=\"https:\/\/naturalpoland.com\/ko\/je-pum\/ui-yak-pum-won-ryo\/geon-gang-gi-neung-sig-pum-cheom-ga-mul\/thymopro-%ed%8b%b0%eb%aa%a8%ed%80%b4%eb%85%bc\/\" \/>\n<meta property=\"og:site_name\" content=\"NATURAL POLAND - Hurtowy Dystrybutor Surowc\u00f3w\" \/>\n<meta property=\"article:publisher\" content=\"https:\/\/www.facebook.com\/naturalpoland.b2b\" \/>\n<meta property=\"article:modified_time\" content=\"2025-08-07T14:07:51+00:00\" \/>\n<meta property=\"og:image\" content=\"https:\/\/naturalpoland.com\/wp-content\/uploads\/hymoquinone.webp\" \/>\n\t<meta property=\"og:image:width\" content=\"613\" \/>\n\t<meta property=\"og:image:height\" content=\"613\" \/>\n\t<meta property=\"og:image:type\" content=\"image\/webp\" \/>\n<script type=\"application\/ld+json\" class=\"yoast-schema-graph\">{\"@context\":\"https:\\\/\\\/schema.org\",\"@graph\":[{\"@type\":\"WebPage\",\"@id\":\"https:\\\/\\\/naturalpoland.com\\\/ko\\\/je-pum\\\/ui-yak-pum-won-ryo\\\/geon-gang-gi-neung-sig-pum-cheom-ga-mul\\\/thymopro-%ed%8b%b0%eb%aa%a8%ed%80%b4%eb%85%bc\\\/\",\"url\":\"https:\\\/\\\/naturalpoland.com\\\/ko\\\/je-pum\\\/ui-yak-pum-won-ryo\\\/geon-gang-gi-neung-sig-pum-cheom-ga-mul\\\/thymopro-%ed%8b%b0%eb%aa%a8%ed%80%b4%eb%85%bc\\\/\",\"name\":\"\",\"isPartOf\":{\"@id\":\"https:\\\/\\\/naturalpoland.com\\\/ko\\\/#website\"},\"primaryImageOfPage\":{\"@id\":\"https:\\\/\\\/naturalpoland.com\\\/ko\\\/je-pum\\\/ui-yak-pum-won-ryo\\\/geon-gang-gi-neung-sig-pum-cheom-ga-mul\\\/thymopro-%ed%8b%b0%eb%aa%a8%ed%80%b4%eb%85%bc\\\/#primaryimage\"},\"image\":{\"@id\":\"https:\\\/\\\/naturalpoland.com\\\/ko\\\/je-pum\\\/ui-yak-pum-won-ryo\\\/geon-gang-gi-neung-sig-pum-cheom-ga-mul\\\/thymopro-%ed%8b%b0%eb%aa%a8%ed%80%b4%eb%85%bc\\\/#primaryimage\"},\"thumbnailUrl\":\"https:\\\/\\\/naturalpoland.com\\\/wp-content\\\/uploads\\\/hymoquinone.webp\",\"datePublished\":\"2024-07-08T11:40:06+00:00\",\"dateModified\":\"2025-08-07T14:07:51+00:00\",\"description\":\"ThymoPro\ub294 \uba74\uc5ed \uccb4\uacc4 \uac74\uac15, \uc2e0\uacbd \uae30\ub2a5, \ud56d\uc5fc \uc791\uc6a9\uc744 \ube44\ub86f\ud55c \ub2e4\uc591\ud55c \uac74\uac15 \uce21\uba74\uc744 \uc9c0\uc6d0\ud558\ub294 \uc81c\ud488\uc785\ub2c8\ub2e4.\",\"breadcrumb\":{\"@id\":\"https:\\\/\\\/naturalpoland.com\\\/ko\\\/je-pum\\\/ui-yak-pum-won-ryo\\\/geon-gang-gi-neung-sig-pum-cheom-ga-mul\\\/thymopro-%ed%8b%b0%eb%aa%a8%ed%80%b4%eb%85%bc\\\/#breadcrumb\"},\"inLanguage\":\"ko-KR\",\"potentialAction\":[{\"@type\":\"ReadAction\",\"target\":[\"https:\\\/\\\/naturalpoland.com\\\/ko\\\/je-pum\\\/ui-yak-pum-won-ryo\\\/geon-gang-gi-neung-sig-pum-cheom-ga-mul\\\/thymopro-%ed%8b%b0%eb%aa%a8%ed%80%b4%eb%85%bc\\\/\"]}]},{\"@type\":\"ImageObject\",\"inLanguage\":\"ko-KR\",\"@id\":\"https:\\\/\\\/naturalpoland.com\\\/ko\\\/je-pum\\\/ui-yak-pum-won-ryo\\\/geon-gang-gi-neung-sig-pum-cheom-ga-mul\\\/thymopro-%ed%8b%b0%eb%aa%a8%ed%80%b4%eb%85%bc\\\/#primaryimage\",\"url\":\"https:\\\/\\\/naturalpoland.com\\\/wp-content\\\/uploads\\\/hymoquinone.webp\",\"contentUrl\":\"https:\\\/\\\/naturalpoland.com\\\/wp-content\\\/uploads\\\/hymoquinone.webp\",\"width\":613,\"height\":613,\"caption\":\"Tymochinon w postaci wolnoprzep\u0142ywowej emulsji w kolorze be\u017cowym do r\u00f3\u017cowego\"},{\"@type\":\"BreadcrumbList\",\"@id\":\"https:\\\/\\\/naturalpoland.com\\\/ko\\\/je-pum\\\/ui-yak-pum-won-ryo\\\/geon-gang-gi-neung-sig-pum-cheom-ga-mul\\\/thymopro-%ed%8b%b0%eb%aa%a8%ed%80%b4%eb%85%bc\\\/#breadcrumb\",\"itemListElement\":[{\"@type\":\"ListItem\",\"position\":1,\"name\":\"\ud648\",\"item\":\"https:\\\/\\\/naturalpoland.com\\\/ko\\\/\"},{\"@type\":\"ListItem\",\"position\":2,\"name\":\"\uc81c\ud488\",\"item\":\"https:\\\/\\\/naturalpoland.com\\\/ko\\\/%ec%a0%9c%ed%92%88\\\/\"},{\"@type\":\"ListItem\",\"position\":3,\"name\":\"ThymoPro\u2122 (\ud2f0\ubaa8\ud034\ub17c)\"}]},{\"@type\":\"WebSite\",\"@id\":\"https:\\\/\\\/naturalpoland.com\\\/ko\\\/#website\",\"url\":\"https:\\\/\\\/naturalpoland.com\\\/ko\\\/\",\"name\":\"NATURAL POLAND - Hurtowy Dystrybutor Surowc\u00f3w\",\"description\":\"Surowce dla przemys\u0142u spo\u017cywczego, kosmetycznego i farmaceutycznego\",\"publisher\":{\"@id\":\"https:\\\/\\\/naturalpoland.com\\\/ko\\\/#organization\"},\"potentialAction\":[{\"@type\":\"SearchAction\",\"target\":{\"@type\":\"EntryPoint\",\"urlTemplate\":\"https:\\\/\\\/naturalpoland.com\\\/ko\\\/?s={search_term_string}\"},\"query-input\":{\"@type\":\"PropertyValueSpecification\",\"valueRequired\":true,\"valueName\":\"search_term_string\"}}],\"inLanguage\":\"ko-KR\"},{\"@type\":\"Organization\",\"@id\":\"https:\\\/\\\/naturalpoland.com\\\/ko\\\/#organization\",\"name\":\"Natural Poland\",\"url\":\"https:\\\/\\\/naturalpoland.com\\\/ko\\\/\",\"logo\":{\"@type\":\"ImageObject\",\"inLanguage\":\"ko-KR\",\"@id\":\"https:\\\/\\\/naturalpoland.com\\\/ko\\\/#\\\/schema\\\/logo\\\/image\\\/\",\"url\":\"https:\\\/\\\/naturalpoland.com\\\/wp-content\\\/uploads\\\/2021\\\/05\\\/natural-poland-icon.png\",\"contentUrl\":\"https:\\\/\\\/naturalpoland.com\\\/wp-content\\\/uploads\\\/2021\\\/05\\\/natural-poland-icon.png\",\"width\":512,\"height\":512,\"caption\":\"Natural Poland\"},\"image\":{\"@id\":\"https:\\\/\\\/naturalpoland.com\\\/ko\\\/#\\\/schema\\\/logo\\\/image\\\/\"},\"sameAs\":[\"https:\\\/\\\/www.facebook.com\\\/naturalpoland.b2b\",\"https:\\\/\\\/pl.linkedin.com\\\/company\\\/natural-poland\",\"https:\\\/\\\/www.youtube.com\\\/channel\\\/UCgeGGkvOMahZo-xu_MSEWxg\"]}]}<\/script>\n<!-- \/ Yoast SEO plugin. -->","yoast_head_json":{"title":"NATURAL POLAND &#8211; Hurtowy Dystrybutor Surowc\u00f3w","description":"ThymoPro\ub294 \uba74\uc5ed \uccb4\uacc4 \uac74\uac15, \uc2e0\uacbd \uae30\ub2a5, \ud56d\uc5fc \uc791\uc6a9\uc744 \ube44\ub86f\ud55c \ub2e4\uc591\ud55c \uac74\uac15 \uce21\uba74\uc744 \uc9c0\uc6d0\ud558\ub294 \uc81c\ud488\uc785\ub2c8\ub2e4.","robots":{"index":"index","follow":"follow","max-snippet":"max-snippet:-1","max-image-preview":"max-image-preview:large","max-video-preview":"max-video-preview:-1"},"canonical":"https:\/\/naturalpoland.com\/ko\/je-pum\/ui-yak-pum-won-ryo\/geon-gang-gi-neung-sig-pum-cheom-ga-mul\/thymopro-%ed%8b%b0%eb%aa%a8%ed%80%b4%eb%85%bc\/","og_locale":"ko_KR","og_type":"article","og_description":"ThymoPro\ub294 \uba74\uc5ed \uccb4\uacc4 \uac74\uac15, \uc2e0\uacbd \uae30\ub2a5, \ud56d\uc5fc \uc791\uc6a9\uc744 \ube44\ub86f\ud55c \ub2e4\uc591\ud55c \uac74\uac15 \uce21\uba74\uc744 \uc9c0\uc6d0\ud558\ub294 \uc81c\ud488\uc785\ub2c8\ub2e4.","og_url":"https:\/\/naturalpoland.com\/ko\/je-pum\/ui-yak-pum-won-ryo\/geon-gang-gi-neung-sig-pum-cheom-ga-mul\/thymopro-%ed%8b%b0%eb%aa%a8%ed%80%b4%eb%85%bc\/","og_site_name":"NATURAL POLAND - Hurtowy Dystrybutor Surowc\u00f3w","article_publisher":"https:\/\/www.facebook.com\/naturalpoland.b2b","article_modified_time":"2025-08-07T14:07:51+00:00","og_image":[{"width":613,"height":613,"url":"https:\/\/naturalpoland.com\/wp-content\/uploads\/hymoquinone.webp","type":"image\/webp"}],"schema":{"@context":"https:\/\/schema.org","@graph":[{"@type":"WebPage","@id":"https:\/\/naturalpoland.com\/ko\/je-pum\/ui-yak-pum-won-ryo\/geon-gang-gi-neung-sig-pum-cheom-ga-mul\/thymopro-%ed%8b%b0%eb%aa%a8%ed%80%b4%eb%85%bc\/","url":"https:\/\/naturalpoland.com\/ko\/je-pum\/ui-yak-pum-won-ryo\/geon-gang-gi-neung-sig-pum-cheom-ga-mul\/thymopro-%ed%8b%b0%eb%aa%a8%ed%80%b4%eb%85%bc\/","name":"","isPartOf":{"@id":"https:\/\/naturalpoland.com\/ko\/#website"},"primaryImageOfPage":{"@id":"https:\/\/naturalpoland.com\/ko\/je-pum\/ui-yak-pum-won-ryo\/geon-gang-gi-neung-sig-pum-cheom-ga-mul\/thymopro-%ed%8b%b0%eb%aa%a8%ed%80%b4%eb%85%bc\/#primaryimage"},"image":{"@id":"https:\/\/naturalpoland.com\/ko\/je-pum\/ui-yak-pum-won-ryo\/geon-gang-gi-neung-sig-pum-cheom-ga-mul\/thymopro-%ed%8b%b0%eb%aa%a8%ed%80%b4%eb%85%bc\/#primaryimage"},"thumbnailUrl":"https:\/\/naturalpoland.com\/wp-content\/uploads\/hymoquinone.webp","datePublished":"2024-07-08T11:40:06+00:00","dateModified":"2025-08-07T14:07:51+00:00","description":"ThymoPro\ub294 \uba74\uc5ed \uccb4\uacc4 \uac74\uac15, \uc2e0\uacbd \uae30\ub2a5, \ud56d\uc5fc \uc791\uc6a9\uc744 \ube44\ub86f\ud55c \ub2e4\uc591\ud55c \uac74\uac15 \uce21\uba74\uc744 \uc9c0\uc6d0\ud558\ub294 \uc81c\ud488\uc785\ub2c8\ub2e4.","breadcrumb":{"@id":"https:\/\/naturalpoland.com\/ko\/je-pum\/ui-yak-pum-won-ryo\/geon-gang-gi-neung-sig-pum-cheom-ga-mul\/thymopro-%ed%8b%b0%eb%aa%a8%ed%80%b4%eb%85%bc\/#breadcrumb"},"inLanguage":"ko-KR","potentialAction":[{"@type":"ReadAction","target":["https:\/\/naturalpoland.com\/ko\/je-pum\/ui-yak-pum-won-ryo\/geon-gang-gi-neung-sig-pum-cheom-ga-mul\/thymopro-%ed%8b%b0%eb%aa%a8%ed%80%b4%eb%85%bc\/"]}]},{"@type":"ImageObject","inLanguage":"ko-KR","@id":"https:\/\/naturalpoland.com\/ko\/je-pum\/ui-yak-pum-won-ryo\/geon-gang-gi-neung-sig-pum-cheom-ga-mul\/thymopro-%ed%8b%b0%eb%aa%a8%ed%80%b4%eb%85%bc\/#primaryimage","url":"https:\/\/naturalpoland.com\/wp-content\/uploads\/hymoquinone.webp","contentUrl":"https:\/\/naturalpoland.com\/wp-content\/uploads\/hymoquinone.webp","width":613,"height":613,"caption":"Tymochinon w postaci wolnoprzep\u0142ywowej emulsji w kolorze be\u017cowym do r\u00f3\u017cowego"},{"@type":"BreadcrumbList","@id":"https:\/\/naturalpoland.com\/ko\/je-pum\/ui-yak-pum-won-ryo\/geon-gang-gi-neung-sig-pum-cheom-ga-mul\/thymopro-%ed%8b%b0%eb%aa%a8%ed%80%b4%eb%85%bc\/#breadcrumb","itemListElement":[{"@type":"ListItem","position":1,"name":"\ud648","item":"https:\/\/naturalpoland.com\/ko\/"},{"@type":"ListItem","position":2,"name":"\uc81c\ud488","item":"https:\/\/naturalpoland.com\/ko\/%ec%a0%9c%ed%92%88\/"},{"@type":"ListItem","position":3,"name":"ThymoPro\u2122 (\ud2f0\ubaa8\ud034\ub17c)"}]},{"@type":"WebSite","@id":"https:\/\/naturalpoland.com\/ko\/#website","url":"https:\/\/naturalpoland.com\/ko\/","name":"NATURAL POLAND - Hurtowy Dystrybutor Surowc\u00f3w","description":"Surowce dla przemys\u0142u spo\u017cywczego, kosmetycznego i farmaceutycznego","publisher":{"@id":"https:\/\/naturalpoland.com\/ko\/#organization"},"potentialAction":[{"@type":"SearchAction","target":{"@type":"EntryPoint","urlTemplate":"https:\/\/naturalpoland.com\/ko\/?s={search_term_string}"},"query-input":{"@type":"PropertyValueSpecification","valueRequired":true,"valueName":"search_term_string"}}],"inLanguage":"ko-KR"},{"@type":"Organization","@id":"https:\/\/naturalpoland.com\/ko\/#organization","name":"Natural Poland","url":"https:\/\/naturalpoland.com\/ko\/","logo":{"@type":"ImageObject","inLanguage":"ko-KR","@id":"https:\/\/naturalpoland.com\/ko\/#\/schema\/logo\/image\/","url":"https:\/\/naturalpoland.com\/wp-content\/uploads\/2021\/05\/natural-poland-icon.png","contentUrl":"https:\/\/naturalpoland.com\/wp-content\/uploads\/2021\/05\/natural-poland-icon.png","width":512,"height":512,"caption":"Natural Poland"},"image":{"@id":"https:\/\/naturalpoland.com\/ko\/#\/schema\/logo\/image\/"},"sameAs":["https:\/\/www.facebook.com\/naturalpoland.b2b","https:\/\/pl.linkedin.com\/company\/natural-poland","https:\/\/www.youtube.com\/channel\/UCgeGGkvOMahZo-xu_MSEWxg"]}]}},"_links":{"self":[{"href":"https:\/\/naturalpoland.com\/ko\/wp-json\/wp\/v2\/product\/42681","targetHints":{"allow":["GET"]}}],"collection":[{"href":"https:\/\/naturalpoland.com\/ko\/wp-json\/wp\/v2\/product"}],"about":[{"href":"https:\/\/naturalpoland.com\/ko\/wp-json\/wp\/v2\/types\/product"}],"wp:featuredmedia":[{"embeddable":true,"href":"https:\/\/naturalpoland.com\/ko\/wp-json\/wp\/v2\/media\/42682"}],"wp:attachment":[{"href":"https:\/\/naturalpoland.com\/ko\/wp-json\/wp\/v2\/media?parent=42681"}],"wp:term":[{"taxonomy":"product_brand","embeddable":true,"href":"https:\/\/naturalpoland.com\/ko\/wp-json\/wp\/v2\/product_brand?post=42681"},{"taxonomy":"product_cat","embeddable":true,"href":"https:\/\/naturalpoland.com\/ko\/wp-json\/wp\/v2\/product_cat?post=42681"},{"taxonomy":"product_tag","embeddable":true,"href":"https:\/\/naturalpoland.com\/ko\/wp-json\/wp\/v2\/product_tag?post=42681"}],"curies":[{"name":"wp","href":"https:\/\/api.w.org\/{rel}","templated":true}]}}