{"id":42683,"date":"2024-07-04T14:51:18","date_gmt":"2024-07-04T12:51:18","guid":{"rendered":"https:\/\/naturalpoland.com\/produkty\/uncategorized\/resverasol-%eb%a0%88%ec%8a%a4%eb%b2%a0%eb%9d%bc%ed%8a%b8%eb%a1%a4\/"},"modified":"2025-08-07T16:07:55","modified_gmt":"2025-08-07T14:07:55","slug":"resverasol-%eb%a0%88%ec%8a%a4%eb%b2%a0%eb%9d%bc%ed%8a%b8%eb%a1%a4","status":"publish","type":"product","link":"https:\/\/naturalpoland.com\/ko\/je-pum\/ui-yak-pum-won-ryo\/geon-gang-gi-neung-sig-pum-cheom-ga-mul\/resverasol-%eb%a0%88%ec%8a%a4%eb%b2%a0%eb%9d%bc%ed%8a%b8%eb%a1%a4\/","title":{"rendered":"ResveraSol\u2122 (\ub808\uc2a4\ubca0\ub77c\ud2b8\ub864)"},"content":{"rendered":"<h2>BioSNEDS\u2122 \uae30\uc220\uc758 \uc7a5\uc810<\/h2>\n<ul>\n<li>ResveraSol\u2122\uc740 \uae30\uc874 \ub808\uc2a4\ubca0\ub77c\ud2b8\ub864\uc5d0 \ube44\ud574 \uc0dd\uccb4 \uc774\uc6a9\ub960\uc774 48\ubc30 \ub354 \ub192\uc2b5\ub2c8\ub2e4. \uc774\ub294 BioSNEDS\u2122\uc5d0 \ud568\uc720\ub41c 16mg\uc758 \ud65c\uc131 \ub808\uc2a4\ubca0\ub77c\ud2b8\ub864\uc774 \uae30\uc874 \ub808\uc2a4\ubca0\ub77c\ud2b8\ub864 750mg\uacfc \uc0dd\uccb4 \ub3d9\ub4f1\ud558\ub2e4\ub294 \uac83\uc744 \uc758\ubbf8\ud569\ub2c8\ub2e4.<\/li>\n<li>\ud0ac\ub85c\uadf8\ub7a8\ub2f9 \ub354 \ub9ce\uc740 \uc6a9\ub7c9 &#8211; \uae30\uc874 \ub808\uc2a4\ubca0\ub77c\ud2b8\ub864 1,306\ud68c \uc6a9\ub7c9\uacfc \ube44\uad50\ud558\uc5ec \ud0ac\ub85c\uadf8\ub7a8\ub2f9 6,250\ud68c \uc6a9\ub7c9.<\/li>\n<li>\uc911\uc131\uc801\uc778 \ub9db\uacfc \ubb34\ucde8\uc758 \ubd84\ub9d0 \ubc0f \uc5d0\uba40\uc804 \ud615\ud0dc\ub85c \uc81c\uacf5\ub429\ub2c8\ub2e4.<\/li>\n<\/ul>\n<h2>\uac74\uac15\uc0c1\uc758 \uc774\uc810<\/h2>\n<ul>\n<li>\ub808\uc2a4\ubca0\ub77c\ud2b8\ub864\uc740 \uc2ec\uc7a5 \ubc0f \uc21c\ud658\uacc4 \uac74\uac15\uc744 \uc9c0\uc6d0\ud569\ub2c8\ub2e4.<\/li>\n<li>\uc138\ud3ec \uc5d0\ub108\uc9c0 \uc0dd\uc0b0\uc744 \uc9c0\uc6d0\ud558\uba70, \uc774\ub294 \uadfc\uc721 \uac74\uac15\uacfc \uc9c0\uad6c\ub825\uc5d0 \uc911\uc694\ud569\ub2c8\ub2e4.<\/li>\n<li>\uccb4\ub0b4 \uc5fc\uc99d\uc744 \uc904\uc785\ub2c8\ub2e4.<\/li>\n<li>\ub1cc \uac74\uac15 \ubc0f \uc2e0\uacbd \uae30\ub2a5\uc744 \uc9c0\uc6d0\ud569\ub2c8\ub2e4.<\/li>\n<li>\uc0b0\ud654 \uc2a4\ud2b8\ub808\uc2a4\ub85c\ubd80\ud130 \uc138\ud3ec\ub97c \ubcf4\ud638\ud558\uc5ec \ub178\ud654 \ubc0f \ub9cc\uc131 \uc9c8\ud658\uc744 \uc608\ubc29\ud560 \uc218 \uc788\uc2b5\ub2c8\ub2e4.<\/li>\n<li>\ud53c\ubd80 \uac74\uac15\uc744 \uac1c\uc120\ud558\uace0 \ub178\ud654 \uc9d5\ud6c4\ub97c \uc904\uc77c \uc218 \uc788\uc2b5\ub2c8\ub2e4.<\/li>\n<\/ul>\n<h2>\uc801\uc6a9 \ubd84\uc57c:<\/h2>\n<p>\uac74\uac15 \ubcf4\uc870 \uc2dd\ud488, \uae30\ub2a5\uc131 \uc2dd\ud488, \uad6d\uc18c\uc6a9 \ud654\uc7a5\ud488, \ub3d9\ubb3c \uc0ac\ub8cc.<\/p>\n","protected":false},"excerpt":{"rendered":"<p><strong>ResveraSol\u2122<\/strong>\uc740 BioSNEDS\u2122 \uae30\uc220\uc744 \ud65c\uc6a9\ud55c \uace0\uae09 \uc81c\ud488\uc73c\ub85c, \ud56d\uc0b0\ud654, \ud56d\uc5fc\uc99d \ubc0f \uc2ec\ud608\uad00 \uac74\uac15 \uc9c0\uc6d0 \ud2b9\uc131\uc744 \ud3ec\ud568\ud558\uc5ec \uad11\ubc94\uc704\ud55c \uac74\uac15\uc0c1\uc758 \uc774\uc810\uc73c\ub85c \uc54c\ub824\uc9c4 \uac15\ub825\ud55c \ud3f4\ub9ac\ud398\ub180\uc778 \ub808\uc2a4\ubca0\ub77c\ud2b8\ub864\uc758 \uc0dd\uccb4 \uc774\uc6a9\ub960\uc744 \ud06c\uac8c \ub192\uc785\ub2c8\ub2e4.<\/p>\n","protected":false},"featured_media":42684,"template":"","meta":[],"product_brand":[],"product_cat":[8143],"product_tag":[],"class_list":{"0":"post-42683","1":"product","2":"type-product","3":"status-publish","4":"has-post-thumbnail","6":"product_cat-geon-gang-gi-neung-sig-pum-cheom-ga-mul","7":"pa_grupa-substancji-8516","8":"pa_technologia-biosneds-","10":"first","11":"instock","12":"shipping-taxable","13":"product-type-simple"},"yoast_head":"<!-- This site is optimized with the Yoast SEO plugin v27.3 - https:\/\/yoast.com\/product\/yoast-seo-wordpress\/ -->\n<title>NATURAL POLAND &#8211; Hurtowy Dystrybutor Surowc\u00f3w<\/title>\n<meta name=\"description\" content=\"ResveraSol\u2122\uc740 \uc2ec\ud608\uad00 \uac74\uac15, \uc2e0\uacbd \uae30\ub2a5, \ud56d\uc5fc\uc99d \uc791\uc6a9 \ubc0f \uae30\ud0c0 \uc5ec\ub7ec \uac74\uac15 \uce21\uba74\uc744 \uc9c0\uc6d0\ud569\ub2c8\ub2e4.\" \/>\n<meta name=\"robots\" content=\"index, follow, max-snippet:-1, max-image-preview:large, max-video-preview:-1\" \/>\n<link rel=\"canonical\" href=\"https:\/\/naturalpoland.com\/ko\/je-pum\/ui-yak-pum-won-ryo\/geon-gang-gi-neung-sig-pum-cheom-ga-mul\/resverasol-%eb%a0%88%ec%8a%a4%eb%b2%a0%eb%9d%bc%ed%8a%b8%eb%a1%a4\/\" \/>\n<meta property=\"og:locale\" content=\"ko_KR\" \/>\n<meta property=\"og:type\" content=\"article\" \/>\n<meta property=\"og:description\" content=\"ResveraSol\u2122\uc740 \uc2ec\ud608\uad00 \uac74\uac15, \uc2e0\uacbd \uae30\ub2a5, \ud56d\uc5fc\uc99d \uc791\uc6a9 \ubc0f \uae30\ud0c0 \uc5ec\ub7ec \uac74\uac15 \uce21\uba74\uc744 \uc9c0\uc6d0\ud569\ub2c8\ub2e4.\" \/>\n<meta property=\"og:url\" content=\"https:\/\/naturalpoland.com\/ko\/je-pum\/ui-yak-pum-won-ryo\/geon-gang-gi-neung-sig-pum-cheom-ga-mul\/resverasol-%eb%a0%88%ec%8a%a4%eb%b2%a0%eb%9d%bc%ed%8a%b8%eb%a1%a4\/\" \/>\n<meta property=\"og:site_name\" content=\"NATURAL POLAND - Hurtowy Dystrybutor Surowc\u00f3w\" \/>\n<meta property=\"article:publisher\" content=\"https:\/\/www.facebook.com\/naturalpoland.b2b\" \/>\n<meta property=\"article:modified_time\" content=\"2025-08-07T14:07:55+00:00\" \/>\n<meta property=\"og:image\" content=\"https:\/\/naturalpoland.com\/wp-content\/uploads\/resweratrol.webp\" \/>\n\t<meta property=\"og:image:width\" content=\"606\" \/>\n\t<meta property=\"og:image:height\" content=\"606\" \/>\n\t<meta property=\"og:image:type\" content=\"image\/webp\" \/>\n<script type=\"application\/ld+json\" class=\"yoast-schema-graph\">{\"@context\":\"https:\\\/\\\/schema.org\",\"@graph\":[{\"@type\":\"WebPage\",\"@id\":\"https:\\\/\\\/naturalpoland.com\\\/ko\\\/je-pum\\\/ui-yak-pum-won-ryo\\\/geon-gang-gi-neung-sig-pum-cheom-ga-mul\\\/resverasol-%eb%a0%88%ec%8a%a4%eb%b2%a0%eb%9d%bc%ed%8a%b8%eb%a1%a4\\\/\",\"url\":\"https:\\\/\\\/naturalpoland.com\\\/ko\\\/je-pum\\\/ui-yak-pum-won-ryo\\\/geon-gang-gi-neung-sig-pum-cheom-ga-mul\\\/resverasol-%eb%a0%88%ec%8a%a4%eb%b2%a0%eb%9d%bc%ed%8a%b8%eb%a1%a4\\\/\",\"name\":\"\",\"isPartOf\":{\"@id\":\"https:\\\/\\\/naturalpoland.com\\\/ko\\\/#website\"},\"primaryImageOfPage\":{\"@id\":\"https:\\\/\\\/naturalpoland.com\\\/ko\\\/je-pum\\\/ui-yak-pum-won-ryo\\\/geon-gang-gi-neung-sig-pum-cheom-ga-mul\\\/resverasol-%eb%a0%88%ec%8a%a4%eb%b2%a0%eb%9d%bc%ed%8a%b8%eb%a1%a4\\\/#primaryimage\"},\"image\":{\"@id\":\"https:\\\/\\\/naturalpoland.com\\\/ko\\\/je-pum\\\/ui-yak-pum-won-ryo\\\/geon-gang-gi-neung-sig-pum-cheom-ga-mul\\\/resverasol-%eb%a0%88%ec%8a%a4%eb%b2%a0%eb%9d%bc%ed%8a%b8%eb%a1%a4\\\/#primaryimage\"},\"thumbnailUrl\":\"https:\\\/\\\/naturalpoland.com\\\/wp-content\\\/uploads\\\/resweratrol.webp\",\"datePublished\":\"2024-07-04T12:51:18+00:00\",\"dateModified\":\"2025-08-07T14:07:55+00:00\",\"description\":\"ResveraSol\u2122\uc740 \uc2ec\ud608\uad00 \uac74\uac15, \uc2e0\uacbd \uae30\ub2a5, \ud56d\uc5fc\uc99d \uc791\uc6a9 \ubc0f \uae30\ud0c0 \uc5ec\ub7ec \uac74\uac15 \uce21\uba74\uc744 \uc9c0\uc6d0\ud569\ub2c8\ub2e4.\",\"breadcrumb\":{\"@id\":\"https:\\\/\\\/naturalpoland.com\\\/ko\\\/je-pum\\\/ui-yak-pum-won-ryo\\\/geon-gang-gi-neung-sig-pum-cheom-ga-mul\\\/resverasol-%eb%a0%88%ec%8a%a4%eb%b2%a0%eb%9d%bc%ed%8a%b8%eb%a1%a4\\\/#breadcrumb\"},\"inLanguage\":\"ko-KR\",\"potentialAction\":[{\"@type\":\"ReadAction\",\"target\":[\"https:\\\/\\\/naturalpoland.com\\\/ko\\\/je-pum\\\/ui-yak-pum-won-ryo\\\/geon-gang-gi-neung-sig-pum-cheom-ga-mul\\\/resverasol-%eb%a0%88%ec%8a%a4%eb%b2%a0%eb%9d%bc%ed%8a%b8%eb%a1%a4\\\/\"]}]},{\"@type\":\"ImageObject\",\"inLanguage\":\"ko-KR\",\"@id\":\"https:\\\/\\\/naturalpoland.com\\\/ko\\\/je-pum\\\/ui-yak-pum-won-ryo\\\/geon-gang-gi-neung-sig-pum-cheom-ga-mul\\\/resverasol-%eb%a0%88%ec%8a%a4%eb%b2%a0%eb%9d%bc%ed%8a%b8%eb%a1%a4\\\/#primaryimage\",\"url\":\"https:\\\/\\\/naturalpoland.com\\\/wp-content\\\/uploads\\\/resweratrol.webp\",\"contentUrl\":\"https:\\\/\\\/naturalpoland.com\\\/wp-content\\\/uploads\\\/resweratrol.webp\",\"width\":606,\"height\":606,\"caption\":\"Resweratrol\"},{\"@type\":\"BreadcrumbList\",\"@id\":\"https:\\\/\\\/naturalpoland.com\\\/ko\\\/je-pum\\\/ui-yak-pum-won-ryo\\\/geon-gang-gi-neung-sig-pum-cheom-ga-mul\\\/resverasol-%eb%a0%88%ec%8a%a4%eb%b2%a0%eb%9d%bc%ed%8a%b8%eb%a1%a4\\\/#breadcrumb\",\"itemListElement\":[{\"@type\":\"ListItem\",\"position\":1,\"name\":\"\ud648\",\"item\":\"https:\\\/\\\/naturalpoland.com\\\/ko\\\/\"},{\"@type\":\"ListItem\",\"position\":2,\"name\":\"\uc81c\ud488\",\"item\":\"https:\\\/\\\/naturalpoland.com\\\/ko\\\/%ec%a0%9c%ed%92%88\\\/\"},{\"@type\":\"ListItem\",\"position\":3,\"name\":\"ResveraSol\u2122 (\ub808\uc2a4\ubca0\ub77c\ud2b8\ub864)\"}]},{\"@type\":\"WebSite\",\"@id\":\"https:\\\/\\\/naturalpoland.com\\\/ko\\\/#website\",\"url\":\"https:\\\/\\\/naturalpoland.com\\\/ko\\\/\",\"name\":\"NATURAL POLAND - Hurtowy Dystrybutor Surowc\u00f3w\",\"description\":\"Surowce dla przemys\u0142u spo\u017cywczego, kosmetycznego i farmaceutycznego\",\"publisher\":{\"@id\":\"https:\\\/\\\/naturalpoland.com\\\/ko\\\/#organization\"},\"potentialAction\":[{\"@type\":\"SearchAction\",\"target\":{\"@type\":\"EntryPoint\",\"urlTemplate\":\"https:\\\/\\\/naturalpoland.com\\\/ko\\\/?s={search_term_string}\"},\"query-input\":{\"@type\":\"PropertyValueSpecification\",\"valueRequired\":true,\"valueName\":\"search_term_string\"}}],\"inLanguage\":\"ko-KR\"},{\"@type\":\"Organization\",\"@id\":\"https:\\\/\\\/naturalpoland.com\\\/ko\\\/#organization\",\"name\":\"Natural Poland\",\"url\":\"https:\\\/\\\/naturalpoland.com\\\/ko\\\/\",\"logo\":{\"@type\":\"ImageObject\",\"inLanguage\":\"ko-KR\",\"@id\":\"https:\\\/\\\/naturalpoland.com\\\/ko\\\/#\\\/schema\\\/logo\\\/image\\\/\",\"url\":\"https:\\\/\\\/naturalpoland.com\\\/wp-content\\\/uploads\\\/2021\\\/05\\\/natural-poland-icon.png\",\"contentUrl\":\"https:\\\/\\\/naturalpoland.com\\\/wp-content\\\/uploads\\\/2021\\\/05\\\/natural-poland-icon.png\",\"width\":512,\"height\":512,\"caption\":\"Natural Poland\"},\"image\":{\"@id\":\"https:\\\/\\\/naturalpoland.com\\\/ko\\\/#\\\/schema\\\/logo\\\/image\\\/\"},\"sameAs\":[\"https:\\\/\\\/www.facebook.com\\\/naturalpoland.b2b\",\"https:\\\/\\\/pl.linkedin.com\\\/company\\\/natural-poland\",\"https:\\\/\\\/www.youtube.com\\\/channel\\\/UCgeGGkvOMahZo-xu_MSEWxg\"]}]}<\/script>\n<!-- \/ Yoast SEO plugin. -->","yoast_head_json":{"title":"NATURAL POLAND &#8211; Hurtowy Dystrybutor Surowc\u00f3w","description":"ResveraSol\u2122\uc740 \uc2ec\ud608\uad00 \uac74\uac15, \uc2e0\uacbd \uae30\ub2a5, \ud56d\uc5fc\uc99d \uc791\uc6a9 \ubc0f \uae30\ud0c0 \uc5ec\ub7ec \uac74\uac15 \uce21\uba74\uc744 \uc9c0\uc6d0\ud569\ub2c8\ub2e4.","robots":{"index":"index","follow":"follow","max-snippet":"max-snippet:-1","max-image-preview":"max-image-preview:large","max-video-preview":"max-video-preview:-1"},"canonical":"https:\/\/naturalpoland.com\/ko\/je-pum\/ui-yak-pum-won-ryo\/geon-gang-gi-neung-sig-pum-cheom-ga-mul\/resverasol-%eb%a0%88%ec%8a%a4%eb%b2%a0%eb%9d%bc%ed%8a%b8%eb%a1%a4\/","og_locale":"ko_KR","og_type":"article","og_description":"ResveraSol\u2122\uc740 \uc2ec\ud608\uad00 \uac74\uac15, \uc2e0\uacbd \uae30\ub2a5, \ud56d\uc5fc\uc99d \uc791\uc6a9 \ubc0f \uae30\ud0c0 \uc5ec\ub7ec \uac74\uac15 \uce21\uba74\uc744 \uc9c0\uc6d0\ud569\ub2c8\ub2e4.","og_url":"https:\/\/naturalpoland.com\/ko\/je-pum\/ui-yak-pum-won-ryo\/geon-gang-gi-neung-sig-pum-cheom-ga-mul\/resverasol-%eb%a0%88%ec%8a%a4%eb%b2%a0%eb%9d%bc%ed%8a%b8%eb%a1%a4\/","og_site_name":"NATURAL POLAND - Hurtowy Dystrybutor Surowc\u00f3w","article_publisher":"https:\/\/www.facebook.com\/naturalpoland.b2b","article_modified_time":"2025-08-07T14:07:55+00:00","og_image":[{"width":606,"height":606,"url":"https:\/\/naturalpoland.com\/wp-content\/uploads\/resweratrol.webp","type":"image\/webp"}],"schema":{"@context":"https:\/\/schema.org","@graph":[{"@type":"WebPage","@id":"https:\/\/naturalpoland.com\/ko\/je-pum\/ui-yak-pum-won-ryo\/geon-gang-gi-neung-sig-pum-cheom-ga-mul\/resverasol-%eb%a0%88%ec%8a%a4%eb%b2%a0%eb%9d%bc%ed%8a%b8%eb%a1%a4\/","url":"https:\/\/naturalpoland.com\/ko\/je-pum\/ui-yak-pum-won-ryo\/geon-gang-gi-neung-sig-pum-cheom-ga-mul\/resverasol-%eb%a0%88%ec%8a%a4%eb%b2%a0%eb%9d%bc%ed%8a%b8%eb%a1%a4\/","name":"","isPartOf":{"@id":"https:\/\/naturalpoland.com\/ko\/#website"},"primaryImageOfPage":{"@id":"https:\/\/naturalpoland.com\/ko\/je-pum\/ui-yak-pum-won-ryo\/geon-gang-gi-neung-sig-pum-cheom-ga-mul\/resverasol-%eb%a0%88%ec%8a%a4%eb%b2%a0%eb%9d%bc%ed%8a%b8%eb%a1%a4\/#primaryimage"},"image":{"@id":"https:\/\/naturalpoland.com\/ko\/je-pum\/ui-yak-pum-won-ryo\/geon-gang-gi-neung-sig-pum-cheom-ga-mul\/resverasol-%eb%a0%88%ec%8a%a4%eb%b2%a0%eb%9d%bc%ed%8a%b8%eb%a1%a4\/#primaryimage"},"thumbnailUrl":"https:\/\/naturalpoland.com\/wp-content\/uploads\/resweratrol.webp","datePublished":"2024-07-04T12:51:18+00:00","dateModified":"2025-08-07T14:07:55+00:00","description":"ResveraSol\u2122\uc740 \uc2ec\ud608\uad00 \uac74\uac15, \uc2e0\uacbd \uae30\ub2a5, \ud56d\uc5fc\uc99d \uc791\uc6a9 \ubc0f \uae30\ud0c0 \uc5ec\ub7ec \uac74\uac15 \uce21\uba74\uc744 \uc9c0\uc6d0\ud569\ub2c8\ub2e4.","breadcrumb":{"@id":"https:\/\/naturalpoland.com\/ko\/je-pum\/ui-yak-pum-won-ryo\/geon-gang-gi-neung-sig-pum-cheom-ga-mul\/resverasol-%eb%a0%88%ec%8a%a4%eb%b2%a0%eb%9d%bc%ed%8a%b8%eb%a1%a4\/#breadcrumb"},"inLanguage":"ko-KR","potentialAction":[{"@type":"ReadAction","target":["https:\/\/naturalpoland.com\/ko\/je-pum\/ui-yak-pum-won-ryo\/geon-gang-gi-neung-sig-pum-cheom-ga-mul\/resverasol-%eb%a0%88%ec%8a%a4%eb%b2%a0%eb%9d%bc%ed%8a%b8%eb%a1%a4\/"]}]},{"@type":"ImageObject","inLanguage":"ko-KR","@id":"https:\/\/naturalpoland.com\/ko\/je-pum\/ui-yak-pum-won-ryo\/geon-gang-gi-neung-sig-pum-cheom-ga-mul\/resverasol-%eb%a0%88%ec%8a%a4%eb%b2%a0%eb%9d%bc%ed%8a%b8%eb%a1%a4\/#primaryimage","url":"https:\/\/naturalpoland.com\/wp-content\/uploads\/resweratrol.webp","contentUrl":"https:\/\/naturalpoland.com\/wp-content\/uploads\/resweratrol.webp","width":606,"height":606,"caption":"Resweratrol"},{"@type":"BreadcrumbList","@id":"https:\/\/naturalpoland.com\/ko\/je-pum\/ui-yak-pum-won-ryo\/geon-gang-gi-neung-sig-pum-cheom-ga-mul\/resverasol-%eb%a0%88%ec%8a%a4%eb%b2%a0%eb%9d%bc%ed%8a%b8%eb%a1%a4\/#breadcrumb","itemListElement":[{"@type":"ListItem","position":1,"name":"\ud648","item":"https:\/\/naturalpoland.com\/ko\/"},{"@type":"ListItem","position":2,"name":"\uc81c\ud488","item":"https:\/\/naturalpoland.com\/ko\/%ec%a0%9c%ed%92%88\/"},{"@type":"ListItem","position":3,"name":"ResveraSol\u2122 (\ub808\uc2a4\ubca0\ub77c\ud2b8\ub864)"}]},{"@type":"WebSite","@id":"https:\/\/naturalpoland.com\/ko\/#website","url":"https:\/\/naturalpoland.com\/ko\/","name":"NATURAL POLAND - Hurtowy Dystrybutor Surowc\u00f3w","description":"Surowce dla przemys\u0142u spo\u017cywczego, kosmetycznego i farmaceutycznego","publisher":{"@id":"https:\/\/naturalpoland.com\/ko\/#organization"},"potentialAction":[{"@type":"SearchAction","target":{"@type":"EntryPoint","urlTemplate":"https:\/\/naturalpoland.com\/ko\/?s={search_term_string}"},"query-input":{"@type":"PropertyValueSpecification","valueRequired":true,"valueName":"search_term_string"}}],"inLanguage":"ko-KR"},{"@type":"Organization","@id":"https:\/\/naturalpoland.com\/ko\/#organization","name":"Natural Poland","url":"https:\/\/naturalpoland.com\/ko\/","logo":{"@type":"ImageObject","inLanguage":"ko-KR","@id":"https:\/\/naturalpoland.com\/ko\/#\/schema\/logo\/image\/","url":"https:\/\/naturalpoland.com\/wp-content\/uploads\/2021\/05\/natural-poland-icon.png","contentUrl":"https:\/\/naturalpoland.com\/wp-content\/uploads\/2021\/05\/natural-poland-icon.png","width":512,"height":512,"caption":"Natural Poland"},"image":{"@id":"https:\/\/naturalpoland.com\/ko\/#\/schema\/logo\/image\/"},"sameAs":["https:\/\/www.facebook.com\/naturalpoland.b2b","https:\/\/pl.linkedin.com\/company\/natural-poland","https:\/\/www.youtube.com\/channel\/UCgeGGkvOMahZo-xu_MSEWxg"]}]}},"_links":{"self":[{"href":"https:\/\/naturalpoland.com\/ko\/wp-json\/wp\/v2\/product\/42683","targetHints":{"allow":["GET"]}}],"collection":[{"href":"https:\/\/naturalpoland.com\/ko\/wp-json\/wp\/v2\/product"}],"about":[{"href":"https:\/\/naturalpoland.com\/ko\/wp-json\/wp\/v2\/types\/product"}],"wp:featuredmedia":[{"embeddable":true,"href":"https:\/\/naturalpoland.com\/ko\/wp-json\/wp\/v2\/media\/42684"}],"wp:attachment":[{"href":"https:\/\/naturalpoland.com\/ko\/wp-json\/wp\/v2\/media?parent=42683"}],"wp:term":[{"taxonomy":"product_brand","embeddable":true,"href":"https:\/\/naturalpoland.com\/ko\/wp-json\/wp\/v2\/product_brand?post=42683"},{"taxonomy":"product_cat","embeddable":true,"href":"https:\/\/naturalpoland.com\/ko\/wp-json\/wp\/v2\/product_cat?post=42683"},{"taxonomy":"product_tag","embeddable":true,"href":"https:\/\/naturalpoland.com\/ko\/wp-json\/wp\/v2\/product_tag?post=42683"}],"curies":[{"name":"wp","href":"https:\/\/api.w.org\/{rel}","templated":true}]}}