{"id":42698,"date":"2023-10-24T13:08:48","date_gmt":"2023-10-24T11:08:48","guid":{"rendered":"https:\/\/naturalpoland.com\/produkty\/uncategorized\/l-%ed%8a%b8%eb%a0%88%ec%98%a8%ec%82%b0-%eb%a7%88%ea%b7%b8%eb%84%a4%ec%8a%98\/"},"modified":"2025-08-08T15:42:53","modified_gmt":"2025-08-08T13:42:53","slug":"l-%ed%8a%b8%eb%a0%88%ec%98%a8%ec%82%b0-%eb%a7%88%ea%b7%b8%eb%84%a4%ec%8a%98","status":"publish","type":"product","link":"https:\/\/naturalpoland.com\/ko\/je-pum\/ui-yak-pum-won-ryo\/geon-gang-gi-neung-sig-pum-cheom-ga-mul\/l-%ed%8a%b8%eb%a0%88%ec%98%a8%ec%82%b0-%eb%a7%88%ea%b7%b8%eb%84%a4%ec%8a%98\/","title":{"rendered":"L-\ud2b8\ub808\uc628\uc0b0 \ub9c8\uadf8\ub124\uc298"},"content":{"rendered":"<p>L-\ud2b8\ub808\uc628\uc0b0 \ub9c8\uadf8\ub124\uc298\uc740 L-\ud2b8\ub808\uc624\ub2cc\uacfc \ub9c8\uadf8\ub124\uc298\uc758 \ub3c5\ud2b9\ud55c \uc870\ud569\uc785\ub2c8\ub2e4. \uc774\ub294 \ub1cc\uc758 \uc8fc\uc694 \uc601\uc5ed\uc5d0 \ub3c4\ub2ec\ud558\uc5ec \ucd5c\uc801\uc758 \uae30\ub2a5\uc744 \uc9c0\uc6d0\ud558\ub294 \ub9e4\uc6b0 \ub192\uc740 \uc0dd\uccb4 \uc774\uc6a9\ub960\uc744 \uac00\uc9c4 \ud3ec\ubbac\ub7ec\ub97c \ub9cc\ub4ed\ub2c8\ub2e4. <\/p>\n<h2>\ud2b9\uc131:<\/h2>\n<p>L-\ud2b8\ub808\uc628\uc0b0 \ub9c8\uadf8\ub124\uc298\uc740 \uc778\uc9c0 \uae30\ub2a5\uc744 \uc9c0\uc6d0\ud558\ub294 \ud2b9\ud788 \ud6a8\uacfc\uc801\uc778 \ud615\ud0dc\uc758 \ub9c8\uadf8\ub124\uc298\uc785\ub2c8\ub2e4. \uc5f0\uad6c\uc5d0 \ub530\ub974\uba74 \uae30\uc5b5\ub825, \uc9d1\uc911\ub825 \ubc0f \ud559\uc2b5 \ub2a5\ub825\uc744 \ud5a5\uc0c1\uc2dc\ud0ac \uc218 \uc788\uc2b5\ub2c8\ub2e4. \ud608\ub1cc \uc7a5\ubcbd\uc744 \ud1b5\uacfc\ud558\ub294 \ub2a5\ub825 \ub355\ubd84\uc5d0 L-\ud2b8\ub808\uc628\uc0b0 \ub9c8\uadf8\ub124\uc298\uc740 \uc2e0\uacbd\uacc4\uc5d0 \uc9c1\uc811 \uc601\ud5a5\uc744 \ubbf8\uccd0 \uc2e0\uacbd \uac00\uc18c\uc131\uc744 \uc9c0\uc6d0\ud569\ub2c8\ub2e4.  <\/p>\n<p>\ub610\ud55c \ub9c8\uadf8\ub124\uc298\uc740 \ub2e8\ubc31\uc9c8 \ud569\uc131, \uadfc\uc721 \uae30\ub2a5, \ud608\uc555 \uc870\uc808 \ubc0f \ud608\ub2f9 \uc218\uce58 \uc870\uc808\uacfc \uac19\uc740 <strong>\ub9ce\uc740 \uc0dd\ud654\ud559\uc801 \uacfc\uc815\uc5d0\uc11c \uc911\uc694\ud55c \uc5ed\ud560\uc744 \ud569\ub2c8\ub2e4<\/strong>. L-\ud2b8\ub808\uc628\uc0b0 \ub9c8\uadf8\ub124\uc298 \ud615\ud0dc\ub294 <strong>\uc2e0\uccb4\uc5d0 \uc798 \ud761\uc218\ub418\uc5b4<\/strong> \ub2e4\ub978 \ud615\ud0dc\uc758 \ub9c8\uadf8\ub124\uc298\uc5d0\uc11c \ubc1c\uc0dd\ud560 \uc218 \uc788\ub294 \uc704\uc7a5 \ubd88\ud3b8\uc758 \uc704\ud5d8\uc744 \ucd5c\uc18c\ud654\ud569\ub2c8\ub2e4. <\/p>\n<h2>\uc801\uc6a9 \ubd84\uc57c:<\/h2>\n<p>L-\ud2b8\ub808\uc628\uc0b0 \ub9c8\uadf8\ub124\uc298\uc740 \ub178\uc778 \ubc0f \uae30\uc5b5\ub825\uacfc \uc9d1\uc911\ub825 \uc9c0\uc6d0\uc774 \ud544\uc694\ud55c \uc0ac\ub78c\ub4e4\uc744 \uc704\ud55c \uc2dd\uc774 \ubcf4\ucda9\uc81c\uc5d0 \uc0ac\uc6a9\ub429\ub2c8\ub2e4. \uc774 \uc6d0\ub8cc\ub294 \uc2e0\uacbd\uacc4 \uc9c0\uc6d0, \uc2a4\ud2b8\ub808\uc2a4 \uac10\uc18c, \uc218\uba74 \uac1c\uc120 \ubc0f \uc804\ubc18\uc801\uc778 \ub1cc \uae30\ub2a5 \uac1c\uc120\uc744 \ubaa9\ud45c\ub85c \ud558\ub294 \uc81c\uc81c\uc5d0\ub3c4 \uc0ac\uc6a9\ub420 \uc218 \uc788\uc2b5\ub2c8\ub2e4. <\/p>\n<h2>L-\ud2b8\ub808\uc628\uc0b0 \ub9c8\uadf8\ub124\uc298 \uc0ac\uc6a9\uc758 \uc774\uc810:<\/h2>\n<ul>\n<li><strong>\ub192\uc740 \uc0dd\uccb4 \uc774\uc6a9\ub960:<\/strong> \ub3c5\ud2b9\ud55c \ud3ec\ubbac\ub7ec \ub355\ubd84\uc5d0 L-\ud2b8\ub808\uc628\uc0b0 \ub9c8\uadf8\ub124\uc298\uc740 \uc2e0\uccb4\uc5d0 \uc798 \ud761\uc218\ub418\uc5b4 \ub9c8\uadf8\ub124\uc298\uc744 \uc138\ud3ec\uc5d0 \ub354 \ud6a8\uacfc\uc801\uc73c\ub85c \uc804\ub2ec\ud569\ub2c8\ub2e4.<\/li>\n<li><strong>\uc778\uc9c0 \uae30\ub2a5 \uc9c0\uc6d0:<\/strong> \ub9c8\uadf8\ub124\uc298\uc740 \uc2e0\uacbd \uc138\ud3ec\uc640 \uc2dc\ub0c5\uc2a4\uc758 \uc801\uc808\ud55c \uae30\ub2a5\uc5d0 \ud544\uc218\uc801\uc785\ub2c8\ub2e4. \uc801\uc808\ud55c \ub18d\ub3c4\ub294 \uc9d1\uc911\ub825, \uae30\uc5b5\ub825 \ubc0f \ud559\uc2b5 \ub2a5\ub825 \ud5a5\uc0c1\uc5d0 \uae30\uc5ec\ud569\ub2c8\ub2e4. <\/li>\n<li><strong>\uc2e0\uacbd\uacc4 \ubcf4\ud638:<\/strong> L-\ud2b8\ub808\uc628\uc0b0 \ub9c8\uadf8\ub124\uc298\uc740 \ub274\ub7f0\uc758 \uc138\ud3ec\ub9c9\uc744 \uc548\uc815\ud654\ud558\uc5ec \ubcf4\ud638 \ubc0f \uc801\uc808\ud55c \uc138\ud3ec \uac04 \ud1b5\uc2e0\uc744 \ubcf4\uc7a5\ud569\ub2c8\ub2e4.<\/li>\n<li><strong>\uadfc\uc721 \uae30\ub2a5 \uc9c0\uc6d0:<\/strong> \ub9c8\uadf8\ub124\uc298\uc740 \uadfc\uc721\uc758 \uc801\uc808\ud55c \uae30\ub2a5\uc5d0 \uc911\uc694\ud558\uba70, \uc218\ucd95 \ubc0f \uc774\uc644\uc744 \uc9c0\uc6d0\ud569\ub2c8\ub2e4.<\/li>\n<\/ul>\n","protected":false},"excerpt":{"rendered":"<p>L-\ud2b8\ub808\uc628\uc0b0 \ub9c8\uadf8\ub124\uc298\uc740 \uadfc\uc721 \uae30\ub2a5\ubfd0\ub9cc \uc544\ub2c8\ub77c \uc778\uc9c0 \uae30\ub2a5 \ubc0f \uc2e0\uacbd\uacc4 \uc9c0\uc6d0\uc744 \ucc3e\ub294 \uc0ac\ub78c\ub4e4\uc744 \uc704\ud574 \ub9cc\ub4e4\uc5b4\uc9c4 \ud601\uc2e0\uc801\uc778 \ud615\ud0dc\uc758 \ub9c8\uadf8\ub124\uc298\uc785\ub2c8\ub2e4.<\/p>\n","protected":false},"featured_media":42699,"template":"","meta":[],"product_brand":[],"product_cat":[8143],"product_tag":[],"class_list":{"0":"post-42698","1":"product","2":"type-product","3":"status-publish","4":"has-post-thumbnail","6":"product_cat-geon-gang-gi-neung-sig-pum-cheom-ga-mul","8":"first","9":"instock","10":"shipping-taxable","11":"product-type-simple"},"yoast_head":"<!-- This site is optimized with the Yoast SEO plugin v27.3 - https:\/\/yoast.com\/product\/yoast-seo-wordpress\/ -->\n<title>NATURAL POLAND &#8211; Hurtowy Dystrybutor Surowc\u00f3w<\/title>\n<meta name=\"description\" content=\"L-\ud2b8\ub808\uc628\uc0b0 \ub9c8\uadf8\ub124\uc298\uc744 \uc120\ud0dd\ud558\ub294 \uac83\uc740 \ub1cc\uc640 \uc804\uccb4 \uc2e0\uacbd\uacc4\uc5d0 \ub300\ud55c \uace0\uae09 \uc9c0\uc6d0\uc744 \uc120\ud0dd\ud558\ub294 \uac83\uc785\ub2c8\ub2e4. \ud488\uc9c8\uacfc \ud601\uc2e0\uc744 \uc120\ud0dd\ud558\uc2ed\uc2dc\uc624.\" \/>\n<meta name=\"robots\" content=\"index, follow, max-snippet:-1, max-image-preview:large, max-video-preview:-1\" \/>\n<link rel=\"canonical\" href=\"https:\/\/naturalpoland.com\/ko\/je-pum\/ui-yak-pum-won-ryo\/geon-gang-gi-neung-sig-pum-cheom-ga-mul\/l-%ed%8a%b8%eb%a0%88%ec%98%a8%ec%82%b0-%eb%a7%88%ea%b7%b8%eb%84%a4%ec%8a%98\/\" \/>\n<meta property=\"og:locale\" content=\"ko_KR\" \/>\n<meta property=\"og:type\" content=\"article\" \/>\n<meta property=\"og:description\" content=\"L-\ud2b8\ub808\uc628\uc0b0 \ub9c8\uadf8\ub124\uc298\uc744 \uc120\ud0dd\ud558\ub294 \uac83\uc740 \ub1cc\uc640 \uc804\uccb4 \uc2e0\uacbd\uacc4\uc5d0 \ub300\ud55c \uace0\uae09 \uc9c0\uc6d0\uc744 \uc120\ud0dd\ud558\ub294 \uac83\uc785\ub2c8\ub2e4. \ud488\uc9c8\uacfc \ud601\uc2e0\uc744 \uc120\ud0dd\ud558\uc2ed\uc2dc\uc624.\" \/>\n<meta property=\"og:url\" content=\"https:\/\/naturalpoland.com\/ko\/je-pum\/ui-yak-pum-won-ryo\/geon-gang-gi-neung-sig-pum-cheom-ga-mul\/l-%ed%8a%b8%eb%a0%88%ec%98%a8%ec%82%b0-%eb%a7%88%ea%b7%b8%eb%84%a4%ec%8a%98\/\" \/>\n<meta property=\"og:site_name\" content=\"NATURAL POLAND - Hurtowy Dystrybutor Surowc\u00f3w\" \/>\n<meta property=\"article:publisher\" content=\"https:\/\/www.facebook.com\/naturalpoland.b2b\" \/>\n<meta property=\"article:modified_time\" content=\"2025-08-08T13:42:53+00:00\" \/>\n<meta property=\"og:image\" content=\"https:\/\/naturalpoland.com\/wp-content\/uploads\/magnesium-l-threonate.png\" \/>\n\t<meta property=\"og:image:width\" content=\"618\" \/>\n\t<meta property=\"og:image:height\" content=\"618\" \/>\n\t<meta property=\"og:image:type\" content=\"image\/png\" \/>\n<script type=\"application\/ld+json\" class=\"yoast-schema-graph\">{\"@context\":\"https:\\\/\\\/schema.org\",\"@graph\":[{\"@type\":\"WebPage\",\"@id\":\"https:\\\/\\\/naturalpoland.com\\\/ko\\\/je-pum\\\/ui-yak-pum-won-ryo\\\/geon-gang-gi-neung-sig-pum-cheom-ga-mul\\\/l-%ed%8a%b8%eb%a0%88%ec%98%a8%ec%82%b0-%eb%a7%88%ea%b7%b8%eb%84%a4%ec%8a%98\\\/\",\"url\":\"https:\\\/\\\/naturalpoland.com\\\/ko\\\/je-pum\\\/ui-yak-pum-won-ryo\\\/geon-gang-gi-neung-sig-pum-cheom-ga-mul\\\/l-%ed%8a%b8%eb%a0%88%ec%98%a8%ec%82%b0-%eb%a7%88%ea%b7%b8%eb%84%a4%ec%8a%98\\\/\",\"name\":\"\",\"isPartOf\":{\"@id\":\"https:\\\/\\\/naturalpoland.com\\\/ko\\\/#website\"},\"primaryImageOfPage\":{\"@id\":\"https:\\\/\\\/naturalpoland.com\\\/ko\\\/je-pum\\\/ui-yak-pum-won-ryo\\\/geon-gang-gi-neung-sig-pum-cheom-ga-mul\\\/l-%ed%8a%b8%eb%a0%88%ec%98%a8%ec%82%b0-%eb%a7%88%ea%b7%b8%eb%84%a4%ec%8a%98\\\/#primaryimage\"},\"image\":{\"@id\":\"https:\\\/\\\/naturalpoland.com\\\/ko\\\/je-pum\\\/ui-yak-pum-won-ryo\\\/geon-gang-gi-neung-sig-pum-cheom-ga-mul\\\/l-%ed%8a%b8%eb%a0%88%ec%98%a8%ec%82%b0-%eb%a7%88%ea%b7%b8%eb%84%a4%ec%8a%98\\\/#primaryimage\"},\"thumbnailUrl\":\"https:\\\/\\\/naturalpoland.com\\\/wp-content\\\/uploads\\\/magnesium-l-threonate.png\",\"datePublished\":\"2023-10-24T11:08:48+00:00\",\"dateModified\":\"2025-08-08T13:42:53+00:00\",\"description\":\"L-\ud2b8\ub808\uc628\uc0b0 \ub9c8\uadf8\ub124\uc298\uc744 \uc120\ud0dd\ud558\ub294 \uac83\uc740 \ub1cc\uc640 \uc804\uccb4 \uc2e0\uacbd\uacc4\uc5d0 \ub300\ud55c \uace0\uae09 \uc9c0\uc6d0\uc744 \uc120\ud0dd\ud558\ub294 \uac83\uc785\ub2c8\ub2e4. \ud488\uc9c8\uacfc \ud601\uc2e0\uc744 \uc120\ud0dd\ud558\uc2ed\uc2dc\uc624.\",\"breadcrumb\":{\"@id\":\"https:\\\/\\\/naturalpoland.com\\\/ko\\\/je-pum\\\/ui-yak-pum-won-ryo\\\/geon-gang-gi-neung-sig-pum-cheom-ga-mul\\\/l-%ed%8a%b8%eb%a0%88%ec%98%a8%ec%82%b0-%eb%a7%88%ea%b7%b8%eb%84%a4%ec%8a%98\\\/#breadcrumb\"},\"inLanguage\":\"ko-KR\",\"potentialAction\":[{\"@type\":\"ReadAction\",\"target\":[\"https:\\\/\\\/naturalpoland.com\\\/ko\\\/je-pum\\\/ui-yak-pum-won-ryo\\\/geon-gang-gi-neung-sig-pum-cheom-ga-mul\\\/l-%ed%8a%b8%eb%a0%88%ec%98%a8%ec%82%b0-%eb%a7%88%ea%b7%b8%eb%84%a4%ec%8a%98\\\/\"]}]},{\"@type\":\"ImageObject\",\"inLanguage\":\"ko-KR\",\"@id\":\"https:\\\/\\\/naturalpoland.com\\\/ko\\\/je-pum\\\/ui-yak-pum-won-ryo\\\/geon-gang-gi-neung-sig-pum-cheom-ga-mul\\\/l-%ed%8a%b8%eb%a0%88%ec%98%a8%ec%82%b0-%eb%a7%88%ea%b7%b8%eb%84%a4%ec%8a%98\\\/#primaryimage\",\"url\":\"https:\\\/\\\/naturalpoland.com\\\/wp-content\\\/uploads\\\/magnesium-l-threonate.png\",\"contentUrl\":\"https:\\\/\\\/naturalpoland.com\\\/wp-content\\\/uploads\\\/magnesium-l-threonate.png\",\"width\":618,\"height\":618,\"caption\":\"L-Treonian Magnezu\"},{\"@type\":\"BreadcrumbList\",\"@id\":\"https:\\\/\\\/naturalpoland.com\\\/ko\\\/je-pum\\\/ui-yak-pum-won-ryo\\\/geon-gang-gi-neung-sig-pum-cheom-ga-mul\\\/l-%ed%8a%b8%eb%a0%88%ec%98%a8%ec%82%b0-%eb%a7%88%ea%b7%b8%eb%84%a4%ec%8a%98\\\/#breadcrumb\",\"itemListElement\":[{\"@type\":\"ListItem\",\"position\":1,\"name\":\"\ud648\",\"item\":\"https:\\\/\\\/naturalpoland.com\\\/ko\\\/\"},{\"@type\":\"ListItem\",\"position\":2,\"name\":\"\uc81c\ud488\",\"item\":\"https:\\\/\\\/naturalpoland.com\\\/ko\\\/%ec%a0%9c%ed%92%88\\\/\"},{\"@type\":\"ListItem\",\"position\":3,\"name\":\"L-\ud2b8\ub808\uc628\uc0b0 \ub9c8\uadf8\ub124\uc298\"}]},{\"@type\":\"WebSite\",\"@id\":\"https:\\\/\\\/naturalpoland.com\\\/ko\\\/#website\",\"url\":\"https:\\\/\\\/naturalpoland.com\\\/ko\\\/\",\"name\":\"NATURAL POLAND - Hurtowy Dystrybutor Surowc\u00f3w\",\"description\":\"Surowce dla przemys\u0142u spo\u017cywczego, kosmetycznego i farmaceutycznego\",\"publisher\":{\"@id\":\"https:\\\/\\\/naturalpoland.com\\\/ko\\\/#organization\"},\"potentialAction\":[{\"@type\":\"SearchAction\",\"target\":{\"@type\":\"EntryPoint\",\"urlTemplate\":\"https:\\\/\\\/naturalpoland.com\\\/ko\\\/?s={search_term_string}\"},\"query-input\":{\"@type\":\"PropertyValueSpecification\",\"valueRequired\":true,\"valueName\":\"search_term_string\"}}],\"inLanguage\":\"ko-KR\"},{\"@type\":\"Organization\",\"@id\":\"https:\\\/\\\/naturalpoland.com\\\/ko\\\/#organization\",\"name\":\"Natural Poland\",\"url\":\"https:\\\/\\\/naturalpoland.com\\\/ko\\\/\",\"logo\":{\"@type\":\"ImageObject\",\"inLanguage\":\"ko-KR\",\"@id\":\"https:\\\/\\\/naturalpoland.com\\\/ko\\\/#\\\/schema\\\/logo\\\/image\\\/\",\"url\":\"https:\\\/\\\/naturalpoland.com\\\/wp-content\\\/uploads\\\/2021\\\/05\\\/natural-poland-icon.png\",\"contentUrl\":\"https:\\\/\\\/naturalpoland.com\\\/wp-content\\\/uploads\\\/2021\\\/05\\\/natural-poland-icon.png\",\"width\":512,\"height\":512,\"caption\":\"Natural Poland\"},\"image\":{\"@id\":\"https:\\\/\\\/naturalpoland.com\\\/ko\\\/#\\\/schema\\\/logo\\\/image\\\/\"},\"sameAs\":[\"https:\\\/\\\/www.facebook.com\\\/naturalpoland.b2b\",\"https:\\\/\\\/pl.linkedin.com\\\/company\\\/natural-poland\",\"https:\\\/\\\/www.youtube.com\\\/channel\\\/UCgeGGkvOMahZo-xu_MSEWxg\"]}]}<\/script>\n<!-- \/ Yoast SEO plugin. -->","yoast_head_json":{"title":"NATURAL POLAND &#8211; Hurtowy Dystrybutor Surowc\u00f3w","description":"L-\ud2b8\ub808\uc628\uc0b0 \ub9c8\uadf8\ub124\uc298\uc744 \uc120\ud0dd\ud558\ub294 \uac83\uc740 \ub1cc\uc640 \uc804\uccb4 \uc2e0\uacbd\uacc4\uc5d0 \ub300\ud55c \uace0\uae09 \uc9c0\uc6d0\uc744 \uc120\ud0dd\ud558\ub294 \uac83\uc785\ub2c8\ub2e4. \ud488\uc9c8\uacfc \ud601\uc2e0\uc744 \uc120\ud0dd\ud558\uc2ed\uc2dc\uc624.","robots":{"index":"index","follow":"follow","max-snippet":"max-snippet:-1","max-image-preview":"max-image-preview:large","max-video-preview":"max-video-preview:-1"},"canonical":"https:\/\/naturalpoland.com\/ko\/je-pum\/ui-yak-pum-won-ryo\/geon-gang-gi-neung-sig-pum-cheom-ga-mul\/l-%ed%8a%b8%eb%a0%88%ec%98%a8%ec%82%b0-%eb%a7%88%ea%b7%b8%eb%84%a4%ec%8a%98\/","og_locale":"ko_KR","og_type":"article","og_description":"L-\ud2b8\ub808\uc628\uc0b0 \ub9c8\uadf8\ub124\uc298\uc744 \uc120\ud0dd\ud558\ub294 \uac83\uc740 \ub1cc\uc640 \uc804\uccb4 \uc2e0\uacbd\uacc4\uc5d0 \ub300\ud55c \uace0\uae09 \uc9c0\uc6d0\uc744 \uc120\ud0dd\ud558\ub294 \uac83\uc785\ub2c8\ub2e4. \ud488\uc9c8\uacfc \ud601\uc2e0\uc744 \uc120\ud0dd\ud558\uc2ed\uc2dc\uc624.","og_url":"https:\/\/naturalpoland.com\/ko\/je-pum\/ui-yak-pum-won-ryo\/geon-gang-gi-neung-sig-pum-cheom-ga-mul\/l-%ed%8a%b8%eb%a0%88%ec%98%a8%ec%82%b0-%eb%a7%88%ea%b7%b8%eb%84%a4%ec%8a%98\/","og_site_name":"NATURAL POLAND - Hurtowy Dystrybutor Surowc\u00f3w","article_publisher":"https:\/\/www.facebook.com\/naturalpoland.b2b","article_modified_time":"2025-08-08T13:42:53+00:00","og_image":[{"width":618,"height":618,"url":"https:\/\/naturalpoland.com\/wp-content\/uploads\/magnesium-l-threonate.png","type":"image\/png"}],"schema":{"@context":"https:\/\/schema.org","@graph":[{"@type":"WebPage","@id":"https:\/\/naturalpoland.com\/ko\/je-pum\/ui-yak-pum-won-ryo\/geon-gang-gi-neung-sig-pum-cheom-ga-mul\/l-%ed%8a%b8%eb%a0%88%ec%98%a8%ec%82%b0-%eb%a7%88%ea%b7%b8%eb%84%a4%ec%8a%98\/","url":"https:\/\/naturalpoland.com\/ko\/je-pum\/ui-yak-pum-won-ryo\/geon-gang-gi-neung-sig-pum-cheom-ga-mul\/l-%ed%8a%b8%eb%a0%88%ec%98%a8%ec%82%b0-%eb%a7%88%ea%b7%b8%eb%84%a4%ec%8a%98\/","name":"","isPartOf":{"@id":"https:\/\/naturalpoland.com\/ko\/#website"},"primaryImageOfPage":{"@id":"https:\/\/naturalpoland.com\/ko\/je-pum\/ui-yak-pum-won-ryo\/geon-gang-gi-neung-sig-pum-cheom-ga-mul\/l-%ed%8a%b8%eb%a0%88%ec%98%a8%ec%82%b0-%eb%a7%88%ea%b7%b8%eb%84%a4%ec%8a%98\/#primaryimage"},"image":{"@id":"https:\/\/naturalpoland.com\/ko\/je-pum\/ui-yak-pum-won-ryo\/geon-gang-gi-neung-sig-pum-cheom-ga-mul\/l-%ed%8a%b8%eb%a0%88%ec%98%a8%ec%82%b0-%eb%a7%88%ea%b7%b8%eb%84%a4%ec%8a%98\/#primaryimage"},"thumbnailUrl":"https:\/\/naturalpoland.com\/wp-content\/uploads\/magnesium-l-threonate.png","datePublished":"2023-10-24T11:08:48+00:00","dateModified":"2025-08-08T13:42:53+00:00","description":"L-\ud2b8\ub808\uc628\uc0b0 \ub9c8\uadf8\ub124\uc298\uc744 \uc120\ud0dd\ud558\ub294 \uac83\uc740 \ub1cc\uc640 \uc804\uccb4 \uc2e0\uacbd\uacc4\uc5d0 \ub300\ud55c \uace0\uae09 \uc9c0\uc6d0\uc744 \uc120\ud0dd\ud558\ub294 \uac83\uc785\ub2c8\ub2e4. \ud488\uc9c8\uacfc \ud601\uc2e0\uc744 \uc120\ud0dd\ud558\uc2ed\uc2dc\uc624.","breadcrumb":{"@id":"https:\/\/naturalpoland.com\/ko\/je-pum\/ui-yak-pum-won-ryo\/geon-gang-gi-neung-sig-pum-cheom-ga-mul\/l-%ed%8a%b8%eb%a0%88%ec%98%a8%ec%82%b0-%eb%a7%88%ea%b7%b8%eb%84%a4%ec%8a%98\/#breadcrumb"},"inLanguage":"ko-KR","potentialAction":[{"@type":"ReadAction","target":["https:\/\/naturalpoland.com\/ko\/je-pum\/ui-yak-pum-won-ryo\/geon-gang-gi-neung-sig-pum-cheom-ga-mul\/l-%ed%8a%b8%eb%a0%88%ec%98%a8%ec%82%b0-%eb%a7%88%ea%b7%b8%eb%84%a4%ec%8a%98\/"]}]},{"@type":"ImageObject","inLanguage":"ko-KR","@id":"https:\/\/naturalpoland.com\/ko\/je-pum\/ui-yak-pum-won-ryo\/geon-gang-gi-neung-sig-pum-cheom-ga-mul\/l-%ed%8a%b8%eb%a0%88%ec%98%a8%ec%82%b0-%eb%a7%88%ea%b7%b8%eb%84%a4%ec%8a%98\/#primaryimage","url":"https:\/\/naturalpoland.com\/wp-content\/uploads\/magnesium-l-threonate.png","contentUrl":"https:\/\/naturalpoland.com\/wp-content\/uploads\/magnesium-l-threonate.png","width":618,"height":618,"caption":"L-Treonian Magnezu"},{"@type":"BreadcrumbList","@id":"https:\/\/naturalpoland.com\/ko\/je-pum\/ui-yak-pum-won-ryo\/geon-gang-gi-neung-sig-pum-cheom-ga-mul\/l-%ed%8a%b8%eb%a0%88%ec%98%a8%ec%82%b0-%eb%a7%88%ea%b7%b8%eb%84%a4%ec%8a%98\/#breadcrumb","itemListElement":[{"@type":"ListItem","position":1,"name":"\ud648","item":"https:\/\/naturalpoland.com\/ko\/"},{"@type":"ListItem","position":2,"name":"\uc81c\ud488","item":"https:\/\/naturalpoland.com\/ko\/%ec%a0%9c%ed%92%88\/"},{"@type":"ListItem","position":3,"name":"L-\ud2b8\ub808\uc628\uc0b0 \ub9c8\uadf8\ub124\uc298"}]},{"@type":"WebSite","@id":"https:\/\/naturalpoland.com\/ko\/#website","url":"https:\/\/naturalpoland.com\/ko\/","name":"NATURAL POLAND - Hurtowy Dystrybutor Surowc\u00f3w","description":"Surowce dla przemys\u0142u spo\u017cywczego, kosmetycznego i farmaceutycznego","publisher":{"@id":"https:\/\/naturalpoland.com\/ko\/#organization"},"potentialAction":[{"@type":"SearchAction","target":{"@type":"EntryPoint","urlTemplate":"https:\/\/naturalpoland.com\/ko\/?s={search_term_string}"},"query-input":{"@type":"PropertyValueSpecification","valueRequired":true,"valueName":"search_term_string"}}],"inLanguage":"ko-KR"},{"@type":"Organization","@id":"https:\/\/naturalpoland.com\/ko\/#organization","name":"Natural Poland","url":"https:\/\/naturalpoland.com\/ko\/","logo":{"@type":"ImageObject","inLanguage":"ko-KR","@id":"https:\/\/naturalpoland.com\/ko\/#\/schema\/logo\/image\/","url":"https:\/\/naturalpoland.com\/wp-content\/uploads\/2021\/05\/natural-poland-icon.png","contentUrl":"https:\/\/naturalpoland.com\/wp-content\/uploads\/2021\/05\/natural-poland-icon.png","width":512,"height":512,"caption":"Natural Poland"},"image":{"@id":"https:\/\/naturalpoland.com\/ko\/#\/schema\/logo\/image\/"},"sameAs":["https:\/\/www.facebook.com\/naturalpoland.b2b","https:\/\/pl.linkedin.com\/company\/natural-poland","https:\/\/www.youtube.com\/channel\/UCgeGGkvOMahZo-xu_MSEWxg"]}]}},"_links":{"self":[{"href":"https:\/\/naturalpoland.com\/ko\/wp-json\/wp\/v2\/product\/42698","targetHints":{"allow":["GET"]}}],"collection":[{"href":"https:\/\/naturalpoland.com\/ko\/wp-json\/wp\/v2\/product"}],"about":[{"href":"https:\/\/naturalpoland.com\/ko\/wp-json\/wp\/v2\/types\/product"}],"wp:featuredmedia":[{"embeddable":true,"href":"https:\/\/naturalpoland.com\/ko\/wp-json\/wp\/v2\/media\/42699"}],"wp:attachment":[{"href":"https:\/\/naturalpoland.com\/ko\/wp-json\/wp\/v2\/media?parent=42698"}],"wp:term":[{"taxonomy":"product_brand","embeddable":true,"href":"https:\/\/naturalpoland.com\/ko\/wp-json\/wp\/v2\/product_brand?post=42698"},{"taxonomy":"product_cat","embeddable":true,"href":"https:\/\/naturalpoland.com\/ko\/wp-json\/wp\/v2\/product_cat?post=42698"},{"taxonomy":"product_tag","embeddable":true,"href":"https:\/\/naturalpoland.com\/ko\/wp-json\/wp\/v2\/product_tag?post=42698"}],"curies":[{"name":"wp","href":"https:\/\/api.w.org\/{rel}","templated":true}]}}