{"id":42700,"date":"2023-11-13T11:23:04","date_gmt":"2023-11-13T10:23:04","guid":{"rendered":"https:\/\/naturalpoland.com\/produkty\/uncategorized\/l-%ec%95%84%eb%a5%b4%ea%b8%b0%eb%8b%8c-%ec%95%8c%ed%8c%8c-%ec%bc%80%ed%86%a0%ea%b8%80%eb%a3%a8%ed%83%80%eb%a0%88%ec%9d%b4%ed%8a%b8\/"},"modified":"2025-08-08T15:42:58","modified_gmt":"2025-08-08T13:42:58","slug":"l-%ec%95%84%eb%a5%b4%ea%b8%b0%eb%8b%8c-%ec%95%8c%ed%8c%8c-%ec%bc%80%ed%86%a0%ea%b8%80%eb%a3%a8%ed%83%80%eb%a0%88%ec%9d%b4%ed%8a%b8","status":"publish","type":"product","link":"https:\/\/naturalpoland.com\/ko\/je-pum\/ui-yak-pum-won-ryo\/geon-gang-gi-neung-sig-pum-cheom-ga-mul\/l-%ec%95%84%eb%a5%b4%ea%b8%b0%eb%8b%8c-%ec%95%8c%ed%8c%8c-%ec%bc%80%ed%86%a0%ea%b8%80%eb%a3%a8%ed%83%80%eb%a0%88%ec%9d%b4%ed%8a%b8\/","title":{"rendered":"L-\uc544\ub974\uae30\ub2cc \uc54c\ud30c-\ucf00\ud1a0\uae00\ub8e8\ud0c0\ub808\uc774\ud2b8"},"content":{"rendered":"<p>L-\uc544\ub974\uae30\ub2cc \uc54c\ud30c-\ucf00\ud1a0\uae00\ub8e8\ud0c0\ub808\uc774\ud2b8\ub294 \uc6b4\ub3d9\uc120\uc218, \ud65c\ubc1c\ud558\uac8c \ud6c8\ub828\ud558\ub294 \uc0ac\ub78c, \uadf8\ub9ac\uace0 \uc88b\uc740 \uc2e0\uccb4 \uc0c1\ud0dc\ub97c \uc720\uc9c0\ud558\uae30 \uc704\ud574 \ubab8\uc744 \uc9c0\uc6d0\ud558\uace0\uc790 \ud558\ub294 \uc0ac\ub78c\ub4e4\uc5d0\uac8c \ud2b9\ud788 \uad8c\uc7a5\ub429\ub2c8\ub2e4. \uc774\ub294 \ud3ec\uad04\uc801\uc778 \uc5d0\ub108\uc9c0 \uc9c0\uc6d0\uacfc \uc131\ub2a5 \ud5a5\uc0c1\uc744 \ucd94\uad6c\ud558\ub294 \uc0ac\ub78c\ub4e4\uc5d0\uac8c \uc774\uc0c1\uc801\uc778 \uc81c\ud488\uc785\ub2c8\ub2e4. <\/p>\n<h3>L-\uc544\ub974\uae30\ub2cc \uc54c\ud30c-\ucf00\ud1a0\uae00\ub8e8\ud0c0\ub808\uc774\ud2b8 \uc0ac\uc6a9\uc758 \uc774\uc810<\/h3>\n<ol>\n<li><strong>\uc0b0\ud654\uc9c8\uc18c \uc0dd\uc131 \uc9c0\uc6d0:<\/strong> L-\uc544\ub974\uae30\ub2cc\uc740 \ud608\ub958 \uc870\uc808, \uc0b0\uc18c \uc6b4\ubc18 \ubc0f \uadfc\uc721 \uae30\ub2a5\uc5d0 \uc911\uc694\ud55c \uc5ed\ud560\uc744 \ud558\ub294 \uc0b0\ud654\uc9c8\uc18c\uc758 \uc804\uad6c\uccb4\uc785\ub2c8\ub2e4. L-\uc544\ub974\uae30\ub2cc \uc54c\ud30c-\ucf00\ud1a0\uae00\ub8e8\ud0c0\ub808\uc774\ud2b8 \ubcf4\ucda9\uc740 \uc774 \uacfc\uc815\uc744 \uc9c0\uc6d0\ud558\uc5ec \uc131\ub2a5 \ubc0f \uc2e0\uccb4 \uc0c1\ud0dc \uac1c\uc120\uc73c\ub85c \uc774\uc5b4\uc9c8 \uc218 \uc788\uc2b5\ub2c8\ub2e4. <\/li>\n<li><strong>\uc5d0\ub108\uc9c0 \ud6a8\uc728\uc131:<\/strong> \uc54c\ud30c-\ucf00\ud1a0\uae00\ub8e8\ud0c0\ub808\uc774\ud2b8\ub294 \ud06c\ub819\uc2a4 \ud68c\ub85c\uc758 \uad6c\uc131 \uc694\uc18c\ub85c\uc11c \uc2e0\uccb4\uc758 \uc5d0\ub108\uc9c0 \uacfc\uc815\uc744 \ucd5c\uc801\ud654\ud558\ub294 \ub370 \uae30\uc5ec\ud558\uba70, \uc774\ub294 \ud2b9\ud788 \uaca9\ub82c\ud55c \uc2e0\uccb4 \ud65c\ub3d9 \uc911\uc5d0 \uc911\uc694\ud569\ub2c8\ub2e4.<\/li>\n<li><strong>\ud68c\ubcf5 \ubc0f \uadfc\uc721 \uc131\ub2a5 \ud5a5\uc0c1:<\/strong> L-\uc544\ub974\uae30\ub2cc \uc54c\ud30c-\ucf00\ud1a0\uae00\ub8e8\ud0c0\ub808\uc774\ud2b8\ub294 \uadf8 \ud2b9\uc131 \ub355\ubd84\uc5d0 \ub354 \ube60\ub978 \uadfc\uc721 \ud68c\ubcf5\uacfc \ub354 \ub098\uc740 \uc601\uc591 \uacf5\uae09\uc5d0 \uae30\uc5ec\ud560 \uc218 \uc788\uc73c\uba70, \uc774\ub294 \uc6b4\ub3d9\uc120\uc218\uc640 \uc2e0\uccb4 \ud65c\ub3d9\uc774 \ud65c\ubc1c\ud55c \uc0ac\ub78c\ub4e4\uc5d0\uac8c \ub9e4\uc6b0 \uc911\uc694\ud569\ub2c8\ub2e4.<\/li>\n<\/ol>\n<p>L-\uc544\ub974\uae30\ub2cc \uc54c\ud30c-\ucf00\ud1a0\uae00\ub8e8\ud0c0\ub808\uc774\ud2b8\ub294 \uc2e0\uccb4 \uae30\ub2a5 \ucd5c\uc801\ud654\ub97c \uc704\ud55c \ud575\uc2ec \uc131\ubd84\uc744 \uacb0\ud569\ud55c \uace0\ub3c4\ub85c \ubc1c\uc804\ub41c \ubcf4\ucda9\uc81c\uc785\ub2c8\ub2e4. \uc774\ub294 \ud6c8\ub828 \ubc0f \ud68c\ubcf5 \ub2a5\ub825\uc744 \uc790\uc5f0\uc2a4\ub7fd\uac8c \uc9c0\uc6d0\ud558\uace0\uc790 \ud558\ub294 \uc0ac\ub78c\ub4e4\uc5d0\uac8c \uc774\uc0c1\uc801\uc778 \uc120\ud0dd\uc785\ub2c8\ub2e4. <\/p>\n","protected":false},"excerpt":{"rendered":"<p>L-\uc544\ub974\uae30\ub2cc \uc54c\ud30c-\ucf00\ud1a0\uae00\ub8e8\ud0c0\ub808\uc774\ud2b8\ub294 \ub450 \uac00\uc9c0 \ud575\uc2ec \ubb3c\uc9c8\uc744 \uacb0\ud569\ud55c \uace0\uae09 \uac74\uac15 \ubcf4\uc870 \uc2dd\ud488\uc785\ub2c8\ub2e4: \uc2e0\uccb4 \ub0b4 \uc5ec\ub7ec \uacfc\uc815\uc5d0 \ub9e4\uc6b0 \uc911\uc694\ud55c \uc544\ubbf8\ub178\uc0b0\uc778 L-\uc544\ub974\uae30\ub2cc\uacfc \ud06c\ub819\uc2a4 \ud68c\ub85c\uc5d0 \uad00\uc5ec\ud558\uba70 \uc138\ud3ec \uc218\uc900\uc5d0\uc11c \uc5d0\ub108\uc9c0 \uc0dd\uc131 \uacfc\uc815\uc758 \ud575\uc2ec \uc694\uc18c\uc778 \uc54c\ud30c-\ucf00\ud1a0\uae00\ub8e8\ud0c0\ub808\uc774\ud2b8\uc785\ub2c8\ub2e4.<\/p>\n","protected":false},"featured_media":42703,"template":"","meta":[],"product_brand":[],"product_cat":[8143],"product_tag":[],"class_list":{"0":"post-42700","1":"product","2":"type-product","3":"status-publish","4":"has-post-thumbnail","6":"product_cat-geon-gang-gi-neung-sig-pum-cheom-ga-mul","8":"first","9":"instock","10":"shipping-taxable","11":"product-type-simple"},"yoast_head":"<!-- This site is optimized with the Yoast SEO plugin v27.3 - https:\/\/yoast.com\/product\/yoast-seo-wordpress\/ -->\n<title>L-\uc544\ub974\uae30\ub2cc \uc54c\ud30c-\ucf00\ud1a0\uae00\ub8e8\ud0c0\ub808\uc774\ud2b8 - Hurtowy Dystrybutor<\/title>\n<meta name=\"description\" content=\"L-\uc544\ub974\uae30\ub2cc \uc54c\ud30c-\ucf00\ud1a0\uae00\ub8e8\ud0c0\ub808\uc774\ud2b8\ub294 \uc6b4\ub3d9\uc120\uc218, \ud65c\ubc1c\ud558\uac8c \ud6c8\ub828\ud558\ub294 \uc0ac\ub78c, \uadf8\ub9ac\uace0 \uc2e0\uccb4 \uac74\uac15\uc5d0 \uc2e0\uacbd \uc4f0\ub294 \uc0ac\ub78c\ub4e4\uc5d0\uac8c \ud2b9\ud788 \uad8c\uc7a5\ub429\ub2c8\ub2e4.\" \/>\n<meta name=\"robots\" content=\"index, follow, max-snippet:-1, max-image-preview:large, max-video-preview:-1\" \/>\n<link rel=\"canonical\" href=\"https:\/\/naturalpoland.com\/ko\/je-pum\/ui-yak-pum-won-ryo\/geon-gang-gi-neung-sig-pum-cheom-ga-mul\/l-%ec%95%84%eb%a5%b4%ea%b8%b0%eb%8b%8c-%ec%95%8c%ed%8c%8c-%ec%bc%80%ed%86%a0%ea%b8%80%eb%a3%a8%ed%83%80%eb%a0%88%ec%9d%b4%ed%8a%b8\/\" \/>\n<meta property=\"og:locale\" content=\"ko_KR\" \/>\n<meta property=\"og:type\" content=\"article\" \/>\n<meta property=\"og:title\" content=\"L-\uc544\ub974\uae30\ub2cc \uc54c\ud30c-\ucf00\ud1a0\uae00\ub8e8\ud0c0\ub808\uc774\ud2b8 - Hurtowy Dystrybutor\" \/>\n<meta property=\"og:description\" content=\"L-\uc544\ub974\uae30\ub2cc \uc54c\ud30c-\ucf00\ud1a0\uae00\ub8e8\ud0c0\ub808\uc774\ud2b8\ub294 \uc6b4\ub3d9\uc120\uc218, \ud65c\ubc1c\ud558\uac8c \ud6c8\ub828\ud558\ub294 \uc0ac\ub78c, \uadf8\ub9ac\uace0 \uc2e0\uccb4 \uac74\uac15\uc5d0 \uc2e0\uacbd \uc4f0\ub294 \uc0ac\ub78c\ub4e4\uc5d0\uac8c \ud2b9\ud788 \uad8c\uc7a5\ub429\ub2c8\ub2e4.\" \/>\n<meta property=\"og:url\" content=\"https:\/\/naturalpoland.com\/ko\/je-pum\/ui-yak-pum-won-ryo\/geon-gang-gi-neung-sig-pum-cheom-ga-mul\/l-%ec%95%84%eb%a5%b4%ea%b8%b0%eb%8b%8c-%ec%95%8c%ed%8c%8c-%ec%bc%80%ed%86%a0%ea%b8%80%eb%a3%a8%ed%83%80%eb%a0%88%ec%9d%b4%ed%8a%b8\/\" \/>\n<meta property=\"og:site_name\" content=\"NATURAL POLAND - Hurtowy Dystrybutor Surowc\u00f3w\" \/>\n<meta property=\"article:publisher\" content=\"https:\/\/www.facebook.com\/naturalpoland.b2b\" \/>\n<meta property=\"article:modified_time\" content=\"2025-08-08T13:42:58+00:00\" \/>\n<meta property=\"og:image\" content=\"https:\/\/naturalpoland.com\/wp-content\/uploads\/alfa-ketoglutaran-l-argininy.png\" \/>\n\t<meta property=\"og:image:width\" content=\"618\" \/>\n\t<meta property=\"og:image:height\" content=\"618\" \/>\n\t<meta property=\"og:image:type\" content=\"image\/png\" \/>\n<script type=\"application\/ld+json\" class=\"yoast-schema-graph\">{\"@context\":\"https:\\\/\\\/schema.org\",\"@graph\":[{\"@type\":\"WebPage\",\"@id\":\"https:\\\/\\\/naturalpoland.com\\\/ko\\\/je-pum\\\/ui-yak-pum-won-ryo\\\/geon-gang-gi-neung-sig-pum-cheom-ga-mul\\\/l-%ec%95%84%eb%a5%b4%ea%b8%b0%eb%8b%8c-%ec%95%8c%ed%8c%8c-%ec%bc%80%ed%86%a0%ea%b8%80%eb%a3%a8%ed%83%80%eb%a0%88%ec%9d%b4%ed%8a%b8\\\/\",\"url\":\"https:\\\/\\\/naturalpoland.com\\\/ko\\\/je-pum\\\/ui-yak-pum-won-ryo\\\/geon-gang-gi-neung-sig-pum-cheom-ga-mul\\\/l-%ec%95%84%eb%a5%b4%ea%b8%b0%eb%8b%8c-%ec%95%8c%ed%8c%8c-%ec%bc%80%ed%86%a0%ea%b8%80%eb%a3%a8%ed%83%80%eb%a0%88%ec%9d%b4%ed%8a%b8\\\/\",\"name\":\"L-\uc544\ub974\uae30\ub2cc \uc54c\ud30c-\ucf00\ud1a0\uae00\ub8e8\ud0c0\ub808\uc774\ud2b8 - Hurtowy Dystrybutor\",\"isPartOf\":{\"@id\":\"https:\\\/\\\/naturalpoland.com\\\/ko\\\/#website\"},\"primaryImageOfPage\":{\"@id\":\"https:\\\/\\\/naturalpoland.com\\\/ko\\\/je-pum\\\/ui-yak-pum-won-ryo\\\/geon-gang-gi-neung-sig-pum-cheom-ga-mul\\\/l-%ec%95%84%eb%a5%b4%ea%b8%b0%eb%8b%8c-%ec%95%8c%ed%8c%8c-%ec%bc%80%ed%86%a0%ea%b8%80%eb%a3%a8%ed%83%80%eb%a0%88%ec%9d%b4%ed%8a%b8\\\/#primaryimage\"},\"image\":{\"@id\":\"https:\\\/\\\/naturalpoland.com\\\/ko\\\/je-pum\\\/ui-yak-pum-won-ryo\\\/geon-gang-gi-neung-sig-pum-cheom-ga-mul\\\/l-%ec%95%84%eb%a5%b4%ea%b8%b0%eb%8b%8c-%ec%95%8c%ed%8c%8c-%ec%bc%80%ed%86%a0%ea%b8%80%eb%a3%a8%ed%83%80%eb%a0%88%ec%9d%b4%ed%8a%b8\\\/#primaryimage\"},\"thumbnailUrl\":\"https:\\\/\\\/naturalpoland.com\\\/wp-content\\\/uploads\\\/alfa-ketoglutaran-l-argininy.png\",\"datePublished\":\"2023-11-13T10:23:04+00:00\",\"dateModified\":\"2025-08-08T13:42:58+00:00\",\"description\":\"L-\uc544\ub974\uae30\ub2cc \uc54c\ud30c-\ucf00\ud1a0\uae00\ub8e8\ud0c0\ub808\uc774\ud2b8\ub294 \uc6b4\ub3d9\uc120\uc218, \ud65c\ubc1c\ud558\uac8c \ud6c8\ub828\ud558\ub294 \uc0ac\ub78c, \uadf8\ub9ac\uace0 \uc2e0\uccb4 \uac74\uac15\uc5d0 \uc2e0\uacbd \uc4f0\ub294 \uc0ac\ub78c\ub4e4\uc5d0\uac8c \ud2b9\ud788 \uad8c\uc7a5\ub429\ub2c8\ub2e4.\",\"breadcrumb\":{\"@id\":\"https:\\\/\\\/naturalpoland.com\\\/ko\\\/je-pum\\\/ui-yak-pum-won-ryo\\\/geon-gang-gi-neung-sig-pum-cheom-ga-mul\\\/l-%ec%95%84%eb%a5%b4%ea%b8%b0%eb%8b%8c-%ec%95%8c%ed%8c%8c-%ec%bc%80%ed%86%a0%ea%b8%80%eb%a3%a8%ed%83%80%eb%a0%88%ec%9d%b4%ed%8a%b8\\\/#breadcrumb\"},\"inLanguage\":\"ko-KR\",\"potentialAction\":[{\"@type\":\"ReadAction\",\"target\":[\"https:\\\/\\\/naturalpoland.com\\\/ko\\\/je-pum\\\/ui-yak-pum-won-ryo\\\/geon-gang-gi-neung-sig-pum-cheom-ga-mul\\\/l-%ec%95%84%eb%a5%b4%ea%b8%b0%eb%8b%8c-%ec%95%8c%ed%8c%8c-%ec%bc%80%ed%86%a0%ea%b8%80%eb%a3%a8%ed%83%80%eb%a0%88%ec%9d%b4%ed%8a%b8\\\/\"]}]},{\"@type\":\"ImageObject\",\"inLanguage\":\"ko-KR\",\"@id\":\"https:\\\/\\\/naturalpoland.com\\\/ko\\\/je-pum\\\/ui-yak-pum-won-ryo\\\/geon-gang-gi-neung-sig-pum-cheom-ga-mul\\\/l-%ec%95%84%eb%a5%b4%ea%b8%b0%eb%8b%8c-%ec%95%8c%ed%8c%8c-%ec%bc%80%ed%86%a0%ea%b8%80%eb%a3%a8%ed%83%80%eb%a0%88%ec%9d%b4%ed%8a%b8\\\/#primaryimage\",\"url\":\"https:\\\/\\\/naturalpoland.com\\\/wp-content\\\/uploads\\\/alfa-ketoglutaran-l-argininy.png\",\"contentUrl\":\"https:\\\/\\\/naturalpoland.com\\\/wp-content\\\/uploads\\\/alfa-ketoglutaran-l-argininy.png\",\"width\":618,\"height\":618,\"caption\":\"Alfa-ketoglutaran L-argininy\"},{\"@type\":\"BreadcrumbList\",\"@id\":\"https:\\\/\\\/naturalpoland.com\\\/ko\\\/je-pum\\\/ui-yak-pum-won-ryo\\\/geon-gang-gi-neung-sig-pum-cheom-ga-mul\\\/l-%ec%95%84%eb%a5%b4%ea%b8%b0%eb%8b%8c-%ec%95%8c%ed%8c%8c-%ec%bc%80%ed%86%a0%ea%b8%80%eb%a3%a8%ed%83%80%eb%a0%88%ec%9d%b4%ed%8a%b8\\\/#breadcrumb\",\"itemListElement\":[{\"@type\":\"ListItem\",\"position\":1,\"name\":\"\ud648\",\"item\":\"https:\\\/\\\/naturalpoland.com\\\/ko\\\/\"},{\"@type\":\"ListItem\",\"position\":2,\"name\":\"\uc81c\ud488\",\"item\":\"https:\\\/\\\/naturalpoland.com\\\/ko\\\/%ec%a0%9c%ed%92%88\\\/\"},{\"@type\":\"ListItem\",\"position\":3,\"name\":\"L-\uc544\ub974\uae30\ub2cc \uc54c\ud30c-\ucf00\ud1a0\uae00\ub8e8\ud0c0\ub808\uc774\ud2b8\"}]},{\"@type\":\"WebSite\",\"@id\":\"https:\\\/\\\/naturalpoland.com\\\/ko\\\/#website\",\"url\":\"https:\\\/\\\/naturalpoland.com\\\/ko\\\/\",\"name\":\"NATURAL POLAND - Hurtowy Dystrybutor Surowc\u00f3w\",\"description\":\"Surowce dla przemys\u0142u spo\u017cywczego, kosmetycznego i farmaceutycznego\",\"publisher\":{\"@id\":\"https:\\\/\\\/naturalpoland.com\\\/ko\\\/#organization\"},\"potentialAction\":[{\"@type\":\"SearchAction\",\"target\":{\"@type\":\"EntryPoint\",\"urlTemplate\":\"https:\\\/\\\/naturalpoland.com\\\/ko\\\/?s={search_term_string}\"},\"query-input\":{\"@type\":\"PropertyValueSpecification\",\"valueRequired\":true,\"valueName\":\"search_term_string\"}}],\"inLanguage\":\"ko-KR\"},{\"@type\":\"Organization\",\"@id\":\"https:\\\/\\\/naturalpoland.com\\\/ko\\\/#organization\",\"name\":\"Natural Poland\",\"url\":\"https:\\\/\\\/naturalpoland.com\\\/ko\\\/\",\"logo\":{\"@type\":\"ImageObject\",\"inLanguage\":\"ko-KR\",\"@id\":\"https:\\\/\\\/naturalpoland.com\\\/ko\\\/#\\\/schema\\\/logo\\\/image\\\/\",\"url\":\"https:\\\/\\\/naturalpoland.com\\\/wp-content\\\/uploads\\\/2021\\\/05\\\/natural-poland-icon.png\",\"contentUrl\":\"https:\\\/\\\/naturalpoland.com\\\/wp-content\\\/uploads\\\/2021\\\/05\\\/natural-poland-icon.png\",\"width\":512,\"height\":512,\"caption\":\"Natural Poland\"},\"image\":{\"@id\":\"https:\\\/\\\/naturalpoland.com\\\/ko\\\/#\\\/schema\\\/logo\\\/image\\\/\"},\"sameAs\":[\"https:\\\/\\\/www.facebook.com\\\/naturalpoland.b2b\",\"https:\\\/\\\/pl.linkedin.com\\\/company\\\/natural-poland\",\"https:\\\/\\\/www.youtube.com\\\/channel\\\/UCgeGGkvOMahZo-xu_MSEWxg\"]}]}<\/script>\n<!-- \/ Yoast SEO plugin. -->","yoast_head_json":{"title":"L-\uc544\ub974\uae30\ub2cc \uc54c\ud30c-\ucf00\ud1a0\uae00\ub8e8\ud0c0\ub808\uc774\ud2b8 - Hurtowy Dystrybutor","description":"L-\uc544\ub974\uae30\ub2cc \uc54c\ud30c-\ucf00\ud1a0\uae00\ub8e8\ud0c0\ub808\uc774\ud2b8\ub294 \uc6b4\ub3d9\uc120\uc218, \ud65c\ubc1c\ud558\uac8c \ud6c8\ub828\ud558\ub294 \uc0ac\ub78c, \uadf8\ub9ac\uace0 \uc2e0\uccb4 \uac74\uac15\uc5d0 \uc2e0\uacbd \uc4f0\ub294 \uc0ac\ub78c\ub4e4\uc5d0\uac8c \ud2b9\ud788 \uad8c\uc7a5\ub429\ub2c8\ub2e4.","robots":{"index":"index","follow":"follow","max-snippet":"max-snippet:-1","max-image-preview":"max-image-preview:large","max-video-preview":"max-video-preview:-1"},"canonical":"https:\/\/naturalpoland.com\/ko\/je-pum\/ui-yak-pum-won-ryo\/geon-gang-gi-neung-sig-pum-cheom-ga-mul\/l-%ec%95%84%eb%a5%b4%ea%b8%b0%eb%8b%8c-%ec%95%8c%ed%8c%8c-%ec%bc%80%ed%86%a0%ea%b8%80%eb%a3%a8%ed%83%80%eb%a0%88%ec%9d%b4%ed%8a%b8\/","og_locale":"ko_KR","og_type":"article","og_title":"L-\uc544\ub974\uae30\ub2cc \uc54c\ud30c-\ucf00\ud1a0\uae00\ub8e8\ud0c0\ub808\uc774\ud2b8 - Hurtowy Dystrybutor","og_description":"L-\uc544\ub974\uae30\ub2cc \uc54c\ud30c-\ucf00\ud1a0\uae00\ub8e8\ud0c0\ub808\uc774\ud2b8\ub294 \uc6b4\ub3d9\uc120\uc218, \ud65c\ubc1c\ud558\uac8c \ud6c8\ub828\ud558\ub294 \uc0ac\ub78c, \uadf8\ub9ac\uace0 \uc2e0\uccb4 \uac74\uac15\uc5d0 \uc2e0\uacbd \uc4f0\ub294 \uc0ac\ub78c\ub4e4\uc5d0\uac8c \ud2b9\ud788 \uad8c\uc7a5\ub429\ub2c8\ub2e4.","og_url":"https:\/\/naturalpoland.com\/ko\/je-pum\/ui-yak-pum-won-ryo\/geon-gang-gi-neung-sig-pum-cheom-ga-mul\/l-%ec%95%84%eb%a5%b4%ea%b8%b0%eb%8b%8c-%ec%95%8c%ed%8c%8c-%ec%bc%80%ed%86%a0%ea%b8%80%eb%a3%a8%ed%83%80%eb%a0%88%ec%9d%b4%ed%8a%b8\/","og_site_name":"NATURAL POLAND - Hurtowy Dystrybutor Surowc\u00f3w","article_publisher":"https:\/\/www.facebook.com\/naturalpoland.b2b","article_modified_time":"2025-08-08T13:42:58+00:00","og_image":[{"width":618,"height":618,"url":"https:\/\/naturalpoland.com\/wp-content\/uploads\/alfa-ketoglutaran-l-argininy.png","type":"image\/png"}],"schema":{"@context":"https:\/\/schema.org","@graph":[{"@type":"WebPage","@id":"https:\/\/naturalpoland.com\/ko\/je-pum\/ui-yak-pum-won-ryo\/geon-gang-gi-neung-sig-pum-cheom-ga-mul\/l-%ec%95%84%eb%a5%b4%ea%b8%b0%eb%8b%8c-%ec%95%8c%ed%8c%8c-%ec%bc%80%ed%86%a0%ea%b8%80%eb%a3%a8%ed%83%80%eb%a0%88%ec%9d%b4%ed%8a%b8\/","url":"https:\/\/naturalpoland.com\/ko\/je-pum\/ui-yak-pum-won-ryo\/geon-gang-gi-neung-sig-pum-cheom-ga-mul\/l-%ec%95%84%eb%a5%b4%ea%b8%b0%eb%8b%8c-%ec%95%8c%ed%8c%8c-%ec%bc%80%ed%86%a0%ea%b8%80%eb%a3%a8%ed%83%80%eb%a0%88%ec%9d%b4%ed%8a%b8\/","name":"L-\uc544\ub974\uae30\ub2cc \uc54c\ud30c-\ucf00\ud1a0\uae00\ub8e8\ud0c0\ub808\uc774\ud2b8 - Hurtowy Dystrybutor","isPartOf":{"@id":"https:\/\/naturalpoland.com\/ko\/#website"},"primaryImageOfPage":{"@id":"https:\/\/naturalpoland.com\/ko\/je-pum\/ui-yak-pum-won-ryo\/geon-gang-gi-neung-sig-pum-cheom-ga-mul\/l-%ec%95%84%eb%a5%b4%ea%b8%b0%eb%8b%8c-%ec%95%8c%ed%8c%8c-%ec%bc%80%ed%86%a0%ea%b8%80%eb%a3%a8%ed%83%80%eb%a0%88%ec%9d%b4%ed%8a%b8\/#primaryimage"},"image":{"@id":"https:\/\/naturalpoland.com\/ko\/je-pum\/ui-yak-pum-won-ryo\/geon-gang-gi-neung-sig-pum-cheom-ga-mul\/l-%ec%95%84%eb%a5%b4%ea%b8%b0%eb%8b%8c-%ec%95%8c%ed%8c%8c-%ec%bc%80%ed%86%a0%ea%b8%80%eb%a3%a8%ed%83%80%eb%a0%88%ec%9d%b4%ed%8a%b8\/#primaryimage"},"thumbnailUrl":"https:\/\/naturalpoland.com\/wp-content\/uploads\/alfa-ketoglutaran-l-argininy.png","datePublished":"2023-11-13T10:23:04+00:00","dateModified":"2025-08-08T13:42:58+00:00","description":"L-\uc544\ub974\uae30\ub2cc \uc54c\ud30c-\ucf00\ud1a0\uae00\ub8e8\ud0c0\ub808\uc774\ud2b8\ub294 \uc6b4\ub3d9\uc120\uc218, \ud65c\ubc1c\ud558\uac8c \ud6c8\ub828\ud558\ub294 \uc0ac\ub78c, \uadf8\ub9ac\uace0 \uc2e0\uccb4 \uac74\uac15\uc5d0 \uc2e0\uacbd \uc4f0\ub294 \uc0ac\ub78c\ub4e4\uc5d0\uac8c \ud2b9\ud788 \uad8c\uc7a5\ub429\ub2c8\ub2e4.","breadcrumb":{"@id":"https:\/\/naturalpoland.com\/ko\/je-pum\/ui-yak-pum-won-ryo\/geon-gang-gi-neung-sig-pum-cheom-ga-mul\/l-%ec%95%84%eb%a5%b4%ea%b8%b0%eb%8b%8c-%ec%95%8c%ed%8c%8c-%ec%bc%80%ed%86%a0%ea%b8%80%eb%a3%a8%ed%83%80%eb%a0%88%ec%9d%b4%ed%8a%b8\/#breadcrumb"},"inLanguage":"ko-KR","potentialAction":[{"@type":"ReadAction","target":["https:\/\/naturalpoland.com\/ko\/je-pum\/ui-yak-pum-won-ryo\/geon-gang-gi-neung-sig-pum-cheom-ga-mul\/l-%ec%95%84%eb%a5%b4%ea%b8%b0%eb%8b%8c-%ec%95%8c%ed%8c%8c-%ec%bc%80%ed%86%a0%ea%b8%80%eb%a3%a8%ed%83%80%eb%a0%88%ec%9d%b4%ed%8a%b8\/"]}]},{"@type":"ImageObject","inLanguage":"ko-KR","@id":"https:\/\/naturalpoland.com\/ko\/je-pum\/ui-yak-pum-won-ryo\/geon-gang-gi-neung-sig-pum-cheom-ga-mul\/l-%ec%95%84%eb%a5%b4%ea%b8%b0%eb%8b%8c-%ec%95%8c%ed%8c%8c-%ec%bc%80%ed%86%a0%ea%b8%80%eb%a3%a8%ed%83%80%eb%a0%88%ec%9d%b4%ed%8a%b8\/#primaryimage","url":"https:\/\/naturalpoland.com\/wp-content\/uploads\/alfa-ketoglutaran-l-argininy.png","contentUrl":"https:\/\/naturalpoland.com\/wp-content\/uploads\/alfa-ketoglutaran-l-argininy.png","width":618,"height":618,"caption":"Alfa-ketoglutaran L-argininy"},{"@type":"BreadcrumbList","@id":"https:\/\/naturalpoland.com\/ko\/je-pum\/ui-yak-pum-won-ryo\/geon-gang-gi-neung-sig-pum-cheom-ga-mul\/l-%ec%95%84%eb%a5%b4%ea%b8%b0%eb%8b%8c-%ec%95%8c%ed%8c%8c-%ec%bc%80%ed%86%a0%ea%b8%80%eb%a3%a8%ed%83%80%eb%a0%88%ec%9d%b4%ed%8a%b8\/#breadcrumb","itemListElement":[{"@type":"ListItem","position":1,"name":"\ud648","item":"https:\/\/naturalpoland.com\/ko\/"},{"@type":"ListItem","position":2,"name":"\uc81c\ud488","item":"https:\/\/naturalpoland.com\/ko\/%ec%a0%9c%ed%92%88\/"},{"@type":"ListItem","position":3,"name":"L-\uc544\ub974\uae30\ub2cc \uc54c\ud30c-\ucf00\ud1a0\uae00\ub8e8\ud0c0\ub808\uc774\ud2b8"}]},{"@type":"WebSite","@id":"https:\/\/naturalpoland.com\/ko\/#website","url":"https:\/\/naturalpoland.com\/ko\/","name":"NATURAL POLAND - Hurtowy Dystrybutor Surowc\u00f3w","description":"Surowce dla przemys\u0142u spo\u017cywczego, kosmetycznego i farmaceutycznego","publisher":{"@id":"https:\/\/naturalpoland.com\/ko\/#organization"},"potentialAction":[{"@type":"SearchAction","target":{"@type":"EntryPoint","urlTemplate":"https:\/\/naturalpoland.com\/ko\/?s={search_term_string}"},"query-input":{"@type":"PropertyValueSpecification","valueRequired":true,"valueName":"search_term_string"}}],"inLanguage":"ko-KR"},{"@type":"Organization","@id":"https:\/\/naturalpoland.com\/ko\/#organization","name":"Natural Poland","url":"https:\/\/naturalpoland.com\/ko\/","logo":{"@type":"ImageObject","inLanguage":"ko-KR","@id":"https:\/\/naturalpoland.com\/ko\/#\/schema\/logo\/image\/","url":"https:\/\/naturalpoland.com\/wp-content\/uploads\/2021\/05\/natural-poland-icon.png","contentUrl":"https:\/\/naturalpoland.com\/wp-content\/uploads\/2021\/05\/natural-poland-icon.png","width":512,"height":512,"caption":"Natural Poland"},"image":{"@id":"https:\/\/naturalpoland.com\/ko\/#\/schema\/logo\/image\/"},"sameAs":["https:\/\/www.facebook.com\/naturalpoland.b2b","https:\/\/pl.linkedin.com\/company\/natural-poland","https:\/\/www.youtube.com\/channel\/UCgeGGkvOMahZo-xu_MSEWxg"]}]}},"_links":{"self":[{"href":"https:\/\/naturalpoland.com\/ko\/wp-json\/wp\/v2\/product\/42700","targetHints":{"allow":["GET"]}}],"collection":[{"href":"https:\/\/naturalpoland.com\/ko\/wp-json\/wp\/v2\/product"}],"about":[{"href":"https:\/\/naturalpoland.com\/ko\/wp-json\/wp\/v2\/types\/product"}],"wp:featuredmedia":[{"embeddable":true,"href":"https:\/\/naturalpoland.com\/ko\/wp-json\/wp\/v2\/media\/42703"}],"wp:attachment":[{"href":"https:\/\/naturalpoland.com\/ko\/wp-json\/wp\/v2\/media?parent=42700"}],"wp:term":[{"taxonomy":"product_brand","embeddable":true,"href":"https:\/\/naturalpoland.com\/ko\/wp-json\/wp\/v2\/product_brand?post=42700"},{"taxonomy":"product_cat","embeddable":true,"href":"https:\/\/naturalpoland.com\/ko\/wp-json\/wp\/v2\/product_cat?post=42700"},{"taxonomy":"product_tag","embeddable":true,"href":"https:\/\/naturalpoland.com\/ko\/wp-json\/wp\/v2\/product_tag?post=42700"}],"curies":[{"name":"wp","href":"https:\/\/api.w.org\/{rel}","templated":true}]}}