{"id":42704,"date":"2024-04-29T12:41:44","date_gmt":"2024-04-29T10:41:44","guid":{"rendered":"https:\/\/naturalpoland.com\/produkty\/uncategorized\/%eb%b2%a0%ed%83%80-%ec%82%ac%ec%9d%b4%ed%81%b4%eb%a1%9c%eb%8d%b1%ec%8a%a4%ed%8a%b8%eb%a6%b0\/"},"modified":"2025-08-08T15:43:01","modified_gmt":"2025-08-08T13:43:01","slug":"%eb%b2%a0%ed%83%80-%ec%82%ac%ec%9d%b4%ed%81%b4%eb%a1%9c%eb%8d%b1%ec%8a%a4%ed%8a%b8%eb%a6%b0","status":"publish","type":"product","link":"https:\/\/naturalpoland.com\/ko\/je-pum\/ui-yak-pum-won-ryo\/geon-gang-gi-neung-sig-pum-cheom-ga-mul\/%eb%b2%a0%ed%83%80-%ec%82%ac%ec%9d%b4%ed%81%b4%eb%a1%9c%eb%8d%b1%ec%8a%a4%ed%8a%b8%eb%a6%b0\/","title":{"rendered":"\ubca0\ud0c0-\uc0ac\uc774\ud074\ub85c\ub371\uc2a4\ud2b8\ub9b0"},"content":{"rendered":"<p>\ubca0\ud0c0-\uc0ac\uc774\ud074\ub85c\ub371\uc2a4\ud2b8\ub9b0\uc740 \uac00\uacf5\ub41c \uc804\ubd84 \uc6d0\ub8cc\uc5d0\uc11c \uc5bb\uc5b4\uc9c0\uba70, 99.7%\uc758 \ub192\uc740 \uc21c\ub3c4\ub97c \uc790\ub791\ud569\ub2c8\ub2e4. \ud2b9\uc720\uc758 \uad6c\uc870 \ub355\ubd84\uc5d0 \uc18c\ud654\uac00 \uc6a9\uc774\ud558\uba70, \ub2e4\ub978 \ube60\ub974\uac8c \ub300\uc0ac\ub418\ub294 \ud0c4\uc218\ud654\ubb3c\uc5d0\uc11c \ud754\ud788 \ubc1c\uc0dd\ud558\ub294 \ub354\ubd80\ub8e9\ud568\uc744 \uc720\ubc1c\ud558\uc9c0 \uc54a\uc2b5\ub2c8\ub2e4. \uc911\uc131\uc801\uc778 \ub9db\uacfc \ub192\uc740 \uc6a9\ud574\ub3c4\ub97c \uc9c0\ub2cc \ubca0\ud0c0-\uc0ac\uc774\ud074\ub85c\ub371\uc2a4\ud2b8\ub9b0\uc740 \ub9db\uc5d0 \uc601\ud5a5\uc744 \uc8fc\uc9c0 \uc54a\uc73c\uba74\uc11c \uc2dd\ub2e8\uc5d0 \uc27d\uac8c \ud3ec\ud568\ub420 \uc218 \uc788\uc2b5\ub2c8\ub2e4.   <\/p>\n<h2>\ubcf4\ucda9\uc81c\uc5d0 \ubca0\ud0c0-\uc0ac\uc774\ud074\ub85c\ub371\uc2a4\ud2b8\ub9b0 \ud65c\uc6a9<\/h2>\n<ol>\n<li><strong>\uc5d0\ub108\uc9c0\uc6d0<\/strong><br \/>\n\uace0\uac15\ub3c4 \uc6b4\ub3d9 \uc2dc \ud6a8\uc728\uc131\uc5d0 \ud544\uc218\uc801\uc778 \ud3ec\ub3c4\ub2f9\uc744 \uc7a5\uc2dc\uac04 \ubc29\ucd9c\ud558\ub294 \uace0\uc5d0\ub108\uc9c0 \ud0c4\uc218\ud654\ubb3c\uc6d0\uc785\ub2c8\ub2e4.<\/li>\n<li><strong>\ud3ec\ub3c4\ub2f9 \uc548\uc815\uc131<\/strong><br \/>\n\uc810\uc9c4\uc801\uc778 \ub300\uc0ac \ub355\ubd84\uc5d0 \ubca0\ud0c0-\uc0ac\uc774\ud074\ub85c\ub371\uc2a4\ud2b8\ub9b0\uc740 \ud608\ub2f9 \uc2a4\ud30c\uc774\ud06c\ub97c \uc720\ubc1c\ud558\uc9c0 \uc54a\uc544 \uc548\uc815\uc801\uc778 \uc5d0\ub108\uc9c0 \uc218\uc900\uc744 \uc720\uc9c0\ud558\ub824\ub294 \uc6b4\ub3d9\uc120\uc218\uc5d0\uac8c \uc911\uc694\ud569\ub2c8\ub2e4.<\/li>\n<li><strong>\ud6c8\ub828 \uc9c0\uc6d0<\/strong><br \/>\n\uc6b4\ub3d9 \uc804 \ubcf4\ucda9\uc81c\uc5d0 \ucca8\uac00\ub418\uc5b4 \ud6c8\ub828 \ud6a8\uc728\uc131\uacfc \uc6b4\ub3d9 \ud6c4 \ud68c\ubcf5\uc744 \ub3d5\uc2b5\ub2c8\ub2e4.<\/li>\n<li><strong>\ub2e4\uc6a9\ub3c4\uc131<br \/>\n<\/strong>\ubca0\ud0c0-\uc0ac\uc774\ud074\ub85c\ub371\uc2a4\ud2b8\ub9b0\uc740 \uc815\uc81c\ubd80\ud130 \uc74c\ub8cc\uc6a9 \ubd84\ub9d0, \uc5d0\ub108\uc9c0 \uc824\uc5d0 \uc774\ub974\uae30\uae4c\uc9c0 \ub2e4\uc591\ud55c \ud615\ud0dc\uc758 \ubcf4\ucda9\uc81c\uc5d0 \ud65c\uc6a9\ub420 \uc218 \uc788\uc2b5\ub2c8\ub2e4.<\/li>\n<\/ol>\n<p>\ubca0\ud0c0-\uc0ac\uc774\ud074\ub85c\ub371\uc2a4\ud2b8\ub9b0\uc740 \ub3c5\ud2b9\ud55c \ud2b9\uc131 \ub355\ubd84\uc5d0 \uc6b4\ub3d9\uc120\uc218\uc758 \uc2dd\ub2e8\uc744 \ubcf4\uc644\ud558\ub294 \uadc0\uc911\ud55c \uc131\ubd84\uc73c\ub85c, \uc6b4\ub3d9 \ub2a5\ub825\uc744 \uc9c0\uc6d0\ud558\ub294 \ud604\ub300\uc801\uc778 \uc131\ubd84\uc785\ub2c8\ub2e4.<\/p>\n","protected":false},"excerpt":{"rendered":"<p><strong>\uc0ac\uc774\ud074\ub9ad \ub371\uc2a4\ud2b8\ub9b0<\/strong>, \ud2b9\ud788 <strong>\ubca0\ud0c0-\uc0ac\uc774\ud074\ub85c\ub371\uc2a4\ud2b8\ub9b0<\/strong>\uc740 \ud2b9\ubcc4\ud55c \uc885\ub958\uc758 \ud0c4\uc218\ud654\ubb3c\uc785\ub2c8\ub2e4. \ud3ec\ub3c4\ub2f9 \ubd84\uc790\ub4e4\uc774 \uace0\ub9ac\ud615 \uc62c\ub9ac\uace0\ub2f9\uc73c\ub85c \uacb0\ud569\ub418\uc5b4 \uc788\uc2b5\ub2c8\ub2e4. <\/p>\n","protected":false},"featured_media":42705,"template":"","meta":[],"product_brand":[],"product_cat":[8143],"product_tag":[],"class_list":{"0":"post-42704","1":"product","2":"type-product","3":"status-publish","4":"has-post-thumbnail","6":"product_cat-geon-gang-gi-neung-sig-pum-cheom-ga-mul","7":"pa_grupa-substancji-8959","9":"first","10":"instock","11":"shipping-taxable","12":"product-type-simple"},"yoast_head":"<!-- This site is optimized with the Yoast SEO plugin v27.3 - https:\/\/yoast.com\/product\/yoast-seo-wordpress\/ -->\n<title>\ubca0\ud0c0-\uc0ac\uc774\ud074\ub85c\ub371\uc2a4\ud2b8\ub9b0 - Hurtowy Dystrybutor<\/title>\n<meta name=\"description\" content=\"\uc0ac\uc774\ud074\ub9ad \ub371\uc2a4\ud2b8\ub9b0, \ud2b9\ud788 \ubca0\ud0c0-\uc0ac\uc774\ud074\ub85c\ub371\uc2a4\ud2b8\ub9b0\uc740 \ubcf4\ucda9\uc81c \ubc0f \uae30\ub2a5\uc131 \uc2dd\ud488 \ubd84\uc57c\uc5d0\uc11c \ud601\uc2e0\uc801\uc778 \uc131\ubd84\uc73c\ub85c, \uc6b4\ub3d9\uc120\uc218\ub4e4\uc5d0\uac8c \ub192\uc774 \ud3c9\uac00\ubc1b\uace0 \uc788\uc2b5\ub2c8\ub2e4.\" \/>\n<meta name=\"robots\" content=\"index, follow, max-snippet:-1, max-image-preview:large, max-video-preview:-1\" \/>\n<link rel=\"canonical\" href=\"https:\/\/naturalpoland.com\/ko\/je-pum\/ui-yak-pum-won-ryo\/geon-gang-gi-neung-sig-pum-cheom-ga-mul\/%eb%b2%a0%ed%83%80-%ec%82%ac%ec%9d%b4%ed%81%b4%eb%a1%9c%eb%8d%b1%ec%8a%a4%ed%8a%b8%eb%a6%b0\/\" \/>\n<meta property=\"og:locale\" content=\"ko_KR\" \/>\n<meta property=\"og:type\" content=\"article\" \/>\n<meta property=\"og:title\" content=\"\ubca0\ud0c0-\uc0ac\uc774\ud074\ub85c\ub371\uc2a4\ud2b8\ub9b0 - Hurtowy Dystrybutor\" \/>\n<meta property=\"og:description\" content=\"\uc0ac\uc774\ud074\ub9ad \ub371\uc2a4\ud2b8\ub9b0, \ud2b9\ud788 \ubca0\ud0c0-\uc0ac\uc774\ud074\ub85c\ub371\uc2a4\ud2b8\ub9b0\uc740 \ubcf4\ucda9\uc81c \ubc0f \uae30\ub2a5\uc131 \uc2dd\ud488 \ubd84\uc57c\uc5d0\uc11c \ud601\uc2e0\uc801\uc778 \uc131\ubd84\uc73c\ub85c, \uc6b4\ub3d9\uc120\uc218\ub4e4\uc5d0\uac8c \ub192\uc774 \ud3c9\uac00\ubc1b\uace0 \uc788\uc2b5\ub2c8\ub2e4.\" \/>\n<meta property=\"og:url\" content=\"https:\/\/naturalpoland.com\/ko\/je-pum\/ui-yak-pum-won-ryo\/geon-gang-gi-neung-sig-pum-cheom-ga-mul\/%eb%b2%a0%ed%83%80-%ec%82%ac%ec%9d%b4%ed%81%b4%eb%a1%9c%eb%8d%b1%ec%8a%a4%ed%8a%b8%eb%a6%b0\/\" \/>\n<meta property=\"og:site_name\" content=\"NATURAL POLAND - Hurtowy Dystrybutor Surowc\u00f3w\" \/>\n<meta property=\"article:publisher\" content=\"https:\/\/www.facebook.com\/naturalpoland.b2b\" \/>\n<meta property=\"article:modified_time\" content=\"2025-08-08T13:43:01+00:00\" \/>\n<meta property=\"og:image\" content=\"https:\/\/naturalpoland.com\/wp-content\/uploads\/beta-cyklodekstryna.webp\" \/>\n\t<meta property=\"og:image:width\" content=\"614\" \/>\n\t<meta property=\"og:image:height\" content=\"614\" \/>\n\t<meta property=\"og:image:type\" content=\"image\/webp\" \/>\n<script type=\"application\/ld+json\" class=\"yoast-schema-graph\">{\"@context\":\"https:\\\/\\\/schema.org\",\"@graph\":[{\"@type\":\"WebPage\",\"@id\":\"https:\\\/\\\/naturalpoland.com\\\/ko\\\/je-pum\\\/ui-yak-pum-won-ryo\\\/geon-gang-gi-neung-sig-pum-cheom-ga-mul\\\/%eb%b2%a0%ed%83%80-%ec%82%ac%ec%9d%b4%ed%81%b4%eb%a1%9c%eb%8d%b1%ec%8a%a4%ed%8a%b8%eb%a6%b0\\\/\",\"url\":\"https:\\\/\\\/naturalpoland.com\\\/ko\\\/je-pum\\\/ui-yak-pum-won-ryo\\\/geon-gang-gi-neung-sig-pum-cheom-ga-mul\\\/%eb%b2%a0%ed%83%80-%ec%82%ac%ec%9d%b4%ed%81%b4%eb%a1%9c%eb%8d%b1%ec%8a%a4%ed%8a%b8%eb%a6%b0\\\/\",\"name\":\"\ubca0\ud0c0-\uc0ac\uc774\ud074\ub85c\ub371\uc2a4\ud2b8\ub9b0 - Hurtowy Dystrybutor\",\"isPartOf\":{\"@id\":\"https:\\\/\\\/naturalpoland.com\\\/ko\\\/#website\"},\"primaryImageOfPage\":{\"@id\":\"https:\\\/\\\/naturalpoland.com\\\/ko\\\/je-pum\\\/ui-yak-pum-won-ryo\\\/geon-gang-gi-neung-sig-pum-cheom-ga-mul\\\/%eb%b2%a0%ed%83%80-%ec%82%ac%ec%9d%b4%ed%81%b4%eb%a1%9c%eb%8d%b1%ec%8a%a4%ed%8a%b8%eb%a6%b0\\\/#primaryimage\"},\"image\":{\"@id\":\"https:\\\/\\\/naturalpoland.com\\\/ko\\\/je-pum\\\/ui-yak-pum-won-ryo\\\/geon-gang-gi-neung-sig-pum-cheom-ga-mul\\\/%eb%b2%a0%ed%83%80-%ec%82%ac%ec%9d%b4%ed%81%b4%eb%a1%9c%eb%8d%b1%ec%8a%a4%ed%8a%b8%eb%a6%b0\\\/#primaryimage\"},\"thumbnailUrl\":\"https:\\\/\\\/naturalpoland.com\\\/wp-content\\\/uploads\\\/beta-cyklodekstryna.webp\",\"datePublished\":\"2024-04-29T10:41:44+00:00\",\"dateModified\":\"2025-08-08T13:43:01+00:00\",\"description\":\"\uc0ac\uc774\ud074\ub9ad \ub371\uc2a4\ud2b8\ub9b0, \ud2b9\ud788 \ubca0\ud0c0-\uc0ac\uc774\ud074\ub85c\ub371\uc2a4\ud2b8\ub9b0\uc740 \ubcf4\ucda9\uc81c \ubc0f \uae30\ub2a5\uc131 \uc2dd\ud488 \ubd84\uc57c\uc5d0\uc11c \ud601\uc2e0\uc801\uc778 \uc131\ubd84\uc73c\ub85c, \uc6b4\ub3d9\uc120\uc218\ub4e4\uc5d0\uac8c \ub192\uc774 \ud3c9\uac00\ubc1b\uace0 \uc788\uc2b5\ub2c8\ub2e4.\",\"breadcrumb\":{\"@id\":\"https:\\\/\\\/naturalpoland.com\\\/ko\\\/je-pum\\\/ui-yak-pum-won-ryo\\\/geon-gang-gi-neung-sig-pum-cheom-ga-mul\\\/%eb%b2%a0%ed%83%80-%ec%82%ac%ec%9d%b4%ed%81%b4%eb%a1%9c%eb%8d%b1%ec%8a%a4%ed%8a%b8%eb%a6%b0\\\/#breadcrumb\"},\"inLanguage\":\"ko-KR\",\"potentialAction\":[{\"@type\":\"ReadAction\",\"target\":[\"https:\\\/\\\/naturalpoland.com\\\/ko\\\/je-pum\\\/ui-yak-pum-won-ryo\\\/geon-gang-gi-neung-sig-pum-cheom-ga-mul\\\/%eb%b2%a0%ed%83%80-%ec%82%ac%ec%9d%b4%ed%81%b4%eb%a1%9c%eb%8d%b1%ec%8a%a4%ed%8a%b8%eb%a6%b0\\\/\"]}]},{\"@type\":\"ImageObject\",\"inLanguage\":\"ko-KR\",\"@id\":\"https:\\\/\\\/naturalpoland.com\\\/ko\\\/je-pum\\\/ui-yak-pum-won-ryo\\\/geon-gang-gi-neung-sig-pum-cheom-ga-mul\\\/%eb%b2%a0%ed%83%80-%ec%82%ac%ec%9d%b4%ed%81%b4%eb%a1%9c%eb%8d%b1%ec%8a%a4%ed%8a%b8%eb%a6%b0\\\/#primaryimage\",\"url\":\"https:\\\/\\\/naturalpoland.com\\\/wp-content\\\/uploads\\\/beta-cyklodekstryna.webp\",\"contentUrl\":\"https:\\\/\\\/naturalpoland.com\\\/wp-content\\\/uploads\\\/beta-cyklodekstryna.webp\",\"width\":614,\"height\":614,\"caption\":\"beta-cyklodekstryna\"},{\"@type\":\"BreadcrumbList\",\"@id\":\"https:\\\/\\\/naturalpoland.com\\\/ko\\\/je-pum\\\/ui-yak-pum-won-ryo\\\/geon-gang-gi-neung-sig-pum-cheom-ga-mul\\\/%eb%b2%a0%ed%83%80-%ec%82%ac%ec%9d%b4%ed%81%b4%eb%a1%9c%eb%8d%b1%ec%8a%a4%ed%8a%b8%eb%a6%b0\\\/#breadcrumb\",\"itemListElement\":[{\"@type\":\"ListItem\",\"position\":1,\"name\":\"\ud648\",\"item\":\"https:\\\/\\\/naturalpoland.com\\\/ko\\\/\"},{\"@type\":\"ListItem\",\"position\":2,\"name\":\"\uc81c\ud488\",\"item\":\"https:\\\/\\\/naturalpoland.com\\\/ko\\\/%ec%a0%9c%ed%92%88\\\/\"},{\"@type\":\"ListItem\",\"position\":3,\"name\":\"\ubca0\ud0c0-\uc0ac\uc774\ud074\ub85c\ub371\uc2a4\ud2b8\ub9b0\"}]},{\"@type\":\"WebSite\",\"@id\":\"https:\\\/\\\/naturalpoland.com\\\/ko\\\/#website\",\"url\":\"https:\\\/\\\/naturalpoland.com\\\/ko\\\/\",\"name\":\"NATURAL POLAND - Hurtowy Dystrybutor Surowc\u00f3w\",\"description\":\"Surowce dla przemys\u0142u spo\u017cywczego, kosmetycznego i farmaceutycznego\",\"publisher\":{\"@id\":\"https:\\\/\\\/naturalpoland.com\\\/ko\\\/#organization\"},\"potentialAction\":[{\"@type\":\"SearchAction\",\"target\":{\"@type\":\"EntryPoint\",\"urlTemplate\":\"https:\\\/\\\/naturalpoland.com\\\/ko\\\/?s={search_term_string}\"},\"query-input\":{\"@type\":\"PropertyValueSpecification\",\"valueRequired\":true,\"valueName\":\"search_term_string\"}}],\"inLanguage\":\"ko-KR\"},{\"@type\":\"Organization\",\"@id\":\"https:\\\/\\\/naturalpoland.com\\\/ko\\\/#organization\",\"name\":\"Natural Poland\",\"url\":\"https:\\\/\\\/naturalpoland.com\\\/ko\\\/\",\"logo\":{\"@type\":\"ImageObject\",\"inLanguage\":\"ko-KR\",\"@id\":\"https:\\\/\\\/naturalpoland.com\\\/ko\\\/#\\\/schema\\\/logo\\\/image\\\/\",\"url\":\"https:\\\/\\\/naturalpoland.com\\\/wp-content\\\/uploads\\\/2021\\\/05\\\/natural-poland-icon.png\",\"contentUrl\":\"https:\\\/\\\/naturalpoland.com\\\/wp-content\\\/uploads\\\/2021\\\/05\\\/natural-poland-icon.png\",\"width\":512,\"height\":512,\"caption\":\"Natural Poland\"},\"image\":{\"@id\":\"https:\\\/\\\/naturalpoland.com\\\/ko\\\/#\\\/schema\\\/logo\\\/image\\\/\"},\"sameAs\":[\"https:\\\/\\\/www.facebook.com\\\/naturalpoland.b2b\",\"https:\\\/\\\/pl.linkedin.com\\\/company\\\/natural-poland\",\"https:\\\/\\\/www.youtube.com\\\/channel\\\/UCgeGGkvOMahZo-xu_MSEWxg\"]}]}<\/script>\n<!-- \/ Yoast SEO plugin. -->","yoast_head_json":{"title":"\ubca0\ud0c0-\uc0ac\uc774\ud074\ub85c\ub371\uc2a4\ud2b8\ub9b0 - Hurtowy Dystrybutor","description":"\uc0ac\uc774\ud074\ub9ad \ub371\uc2a4\ud2b8\ub9b0, \ud2b9\ud788 \ubca0\ud0c0-\uc0ac\uc774\ud074\ub85c\ub371\uc2a4\ud2b8\ub9b0\uc740 \ubcf4\ucda9\uc81c \ubc0f \uae30\ub2a5\uc131 \uc2dd\ud488 \ubd84\uc57c\uc5d0\uc11c \ud601\uc2e0\uc801\uc778 \uc131\ubd84\uc73c\ub85c, \uc6b4\ub3d9\uc120\uc218\ub4e4\uc5d0\uac8c \ub192\uc774 \ud3c9\uac00\ubc1b\uace0 \uc788\uc2b5\ub2c8\ub2e4.","robots":{"index":"index","follow":"follow","max-snippet":"max-snippet:-1","max-image-preview":"max-image-preview:large","max-video-preview":"max-video-preview:-1"},"canonical":"https:\/\/naturalpoland.com\/ko\/je-pum\/ui-yak-pum-won-ryo\/geon-gang-gi-neung-sig-pum-cheom-ga-mul\/%eb%b2%a0%ed%83%80-%ec%82%ac%ec%9d%b4%ed%81%b4%eb%a1%9c%eb%8d%b1%ec%8a%a4%ed%8a%b8%eb%a6%b0\/","og_locale":"ko_KR","og_type":"article","og_title":"\ubca0\ud0c0-\uc0ac\uc774\ud074\ub85c\ub371\uc2a4\ud2b8\ub9b0 - Hurtowy Dystrybutor","og_description":"\uc0ac\uc774\ud074\ub9ad \ub371\uc2a4\ud2b8\ub9b0, \ud2b9\ud788 \ubca0\ud0c0-\uc0ac\uc774\ud074\ub85c\ub371\uc2a4\ud2b8\ub9b0\uc740 \ubcf4\ucda9\uc81c \ubc0f \uae30\ub2a5\uc131 \uc2dd\ud488 \ubd84\uc57c\uc5d0\uc11c \ud601\uc2e0\uc801\uc778 \uc131\ubd84\uc73c\ub85c, \uc6b4\ub3d9\uc120\uc218\ub4e4\uc5d0\uac8c \ub192\uc774 \ud3c9\uac00\ubc1b\uace0 \uc788\uc2b5\ub2c8\ub2e4.","og_url":"https:\/\/naturalpoland.com\/ko\/je-pum\/ui-yak-pum-won-ryo\/geon-gang-gi-neung-sig-pum-cheom-ga-mul\/%eb%b2%a0%ed%83%80-%ec%82%ac%ec%9d%b4%ed%81%b4%eb%a1%9c%eb%8d%b1%ec%8a%a4%ed%8a%b8%eb%a6%b0\/","og_site_name":"NATURAL POLAND - Hurtowy Dystrybutor Surowc\u00f3w","article_publisher":"https:\/\/www.facebook.com\/naturalpoland.b2b","article_modified_time":"2025-08-08T13:43:01+00:00","og_image":[{"width":614,"height":614,"url":"https:\/\/naturalpoland.com\/wp-content\/uploads\/beta-cyklodekstryna.webp","type":"image\/webp"}],"schema":{"@context":"https:\/\/schema.org","@graph":[{"@type":"WebPage","@id":"https:\/\/naturalpoland.com\/ko\/je-pum\/ui-yak-pum-won-ryo\/geon-gang-gi-neung-sig-pum-cheom-ga-mul\/%eb%b2%a0%ed%83%80-%ec%82%ac%ec%9d%b4%ed%81%b4%eb%a1%9c%eb%8d%b1%ec%8a%a4%ed%8a%b8%eb%a6%b0\/","url":"https:\/\/naturalpoland.com\/ko\/je-pum\/ui-yak-pum-won-ryo\/geon-gang-gi-neung-sig-pum-cheom-ga-mul\/%eb%b2%a0%ed%83%80-%ec%82%ac%ec%9d%b4%ed%81%b4%eb%a1%9c%eb%8d%b1%ec%8a%a4%ed%8a%b8%eb%a6%b0\/","name":"\ubca0\ud0c0-\uc0ac\uc774\ud074\ub85c\ub371\uc2a4\ud2b8\ub9b0 - Hurtowy Dystrybutor","isPartOf":{"@id":"https:\/\/naturalpoland.com\/ko\/#website"},"primaryImageOfPage":{"@id":"https:\/\/naturalpoland.com\/ko\/je-pum\/ui-yak-pum-won-ryo\/geon-gang-gi-neung-sig-pum-cheom-ga-mul\/%eb%b2%a0%ed%83%80-%ec%82%ac%ec%9d%b4%ed%81%b4%eb%a1%9c%eb%8d%b1%ec%8a%a4%ed%8a%b8%eb%a6%b0\/#primaryimage"},"image":{"@id":"https:\/\/naturalpoland.com\/ko\/je-pum\/ui-yak-pum-won-ryo\/geon-gang-gi-neung-sig-pum-cheom-ga-mul\/%eb%b2%a0%ed%83%80-%ec%82%ac%ec%9d%b4%ed%81%b4%eb%a1%9c%eb%8d%b1%ec%8a%a4%ed%8a%b8%eb%a6%b0\/#primaryimage"},"thumbnailUrl":"https:\/\/naturalpoland.com\/wp-content\/uploads\/beta-cyklodekstryna.webp","datePublished":"2024-04-29T10:41:44+00:00","dateModified":"2025-08-08T13:43:01+00:00","description":"\uc0ac\uc774\ud074\ub9ad \ub371\uc2a4\ud2b8\ub9b0, \ud2b9\ud788 \ubca0\ud0c0-\uc0ac\uc774\ud074\ub85c\ub371\uc2a4\ud2b8\ub9b0\uc740 \ubcf4\ucda9\uc81c \ubc0f \uae30\ub2a5\uc131 \uc2dd\ud488 \ubd84\uc57c\uc5d0\uc11c \ud601\uc2e0\uc801\uc778 \uc131\ubd84\uc73c\ub85c, \uc6b4\ub3d9\uc120\uc218\ub4e4\uc5d0\uac8c \ub192\uc774 \ud3c9\uac00\ubc1b\uace0 \uc788\uc2b5\ub2c8\ub2e4.","breadcrumb":{"@id":"https:\/\/naturalpoland.com\/ko\/je-pum\/ui-yak-pum-won-ryo\/geon-gang-gi-neung-sig-pum-cheom-ga-mul\/%eb%b2%a0%ed%83%80-%ec%82%ac%ec%9d%b4%ed%81%b4%eb%a1%9c%eb%8d%b1%ec%8a%a4%ed%8a%b8%eb%a6%b0\/#breadcrumb"},"inLanguage":"ko-KR","potentialAction":[{"@type":"ReadAction","target":["https:\/\/naturalpoland.com\/ko\/je-pum\/ui-yak-pum-won-ryo\/geon-gang-gi-neung-sig-pum-cheom-ga-mul\/%eb%b2%a0%ed%83%80-%ec%82%ac%ec%9d%b4%ed%81%b4%eb%a1%9c%eb%8d%b1%ec%8a%a4%ed%8a%b8%eb%a6%b0\/"]}]},{"@type":"ImageObject","inLanguage":"ko-KR","@id":"https:\/\/naturalpoland.com\/ko\/je-pum\/ui-yak-pum-won-ryo\/geon-gang-gi-neung-sig-pum-cheom-ga-mul\/%eb%b2%a0%ed%83%80-%ec%82%ac%ec%9d%b4%ed%81%b4%eb%a1%9c%eb%8d%b1%ec%8a%a4%ed%8a%b8%eb%a6%b0\/#primaryimage","url":"https:\/\/naturalpoland.com\/wp-content\/uploads\/beta-cyklodekstryna.webp","contentUrl":"https:\/\/naturalpoland.com\/wp-content\/uploads\/beta-cyklodekstryna.webp","width":614,"height":614,"caption":"beta-cyklodekstryna"},{"@type":"BreadcrumbList","@id":"https:\/\/naturalpoland.com\/ko\/je-pum\/ui-yak-pum-won-ryo\/geon-gang-gi-neung-sig-pum-cheom-ga-mul\/%eb%b2%a0%ed%83%80-%ec%82%ac%ec%9d%b4%ed%81%b4%eb%a1%9c%eb%8d%b1%ec%8a%a4%ed%8a%b8%eb%a6%b0\/#breadcrumb","itemListElement":[{"@type":"ListItem","position":1,"name":"\ud648","item":"https:\/\/naturalpoland.com\/ko\/"},{"@type":"ListItem","position":2,"name":"\uc81c\ud488","item":"https:\/\/naturalpoland.com\/ko\/%ec%a0%9c%ed%92%88\/"},{"@type":"ListItem","position":3,"name":"\ubca0\ud0c0-\uc0ac\uc774\ud074\ub85c\ub371\uc2a4\ud2b8\ub9b0"}]},{"@type":"WebSite","@id":"https:\/\/naturalpoland.com\/ko\/#website","url":"https:\/\/naturalpoland.com\/ko\/","name":"NATURAL POLAND - Hurtowy Dystrybutor Surowc\u00f3w","description":"Surowce dla przemys\u0142u spo\u017cywczego, kosmetycznego i farmaceutycznego","publisher":{"@id":"https:\/\/naturalpoland.com\/ko\/#organization"},"potentialAction":[{"@type":"SearchAction","target":{"@type":"EntryPoint","urlTemplate":"https:\/\/naturalpoland.com\/ko\/?s={search_term_string}"},"query-input":{"@type":"PropertyValueSpecification","valueRequired":true,"valueName":"search_term_string"}}],"inLanguage":"ko-KR"},{"@type":"Organization","@id":"https:\/\/naturalpoland.com\/ko\/#organization","name":"Natural Poland","url":"https:\/\/naturalpoland.com\/ko\/","logo":{"@type":"ImageObject","inLanguage":"ko-KR","@id":"https:\/\/naturalpoland.com\/ko\/#\/schema\/logo\/image\/","url":"https:\/\/naturalpoland.com\/wp-content\/uploads\/2021\/05\/natural-poland-icon.png","contentUrl":"https:\/\/naturalpoland.com\/wp-content\/uploads\/2021\/05\/natural-poland-icon.png","width":512,"height":512,"caption":"Natural Poland"},"image":{"@id":"https:\/\/naturalpoland.com\/ko\/#\/schema\/logo\/image\/"},"sameAs":["https:\/\/www.facebook.com\/naturalpoland.b2b","https:\/\/pl.linkedin.com\/company\/natural-poland","https:\/\/www.youtube.com\/channel\/UCgeGGkvOMahZo-xu_MSEWxg"]}]}},"_links":{"self":[{"href":"https:\/\/naturalpoland.com\/ko\/wp-json\/wp\/v2\/product\/42704","targetHints":{"allow":["GET"]}}],"collection":[{"href":"https:\/\/naturalpoland.com\/ko\/wp-json\/wp\/v2\/product"}],"about":[{"href":"https:\/\/naturalpoland.com\/ko\/wp-json\/wp\/v2\/types\/product"}],"wp:featuredmedia":[{"embeddable":true,"href":"https:\/\/naturalpoland.com\/ko\/wp-json\/wp\/v2\/media\/42705"}],"wp:attachment":[{"href":"https:\/\/naturalpoland.com\/ko\/wp-json\/wp\/v2\/media?parent=42704"}],"wp:term":[{"taxonomy":"product_brand","embeddable":true,"href":"https:\/\/naturalpoland.com\/ko\/wp-json\/wp\/v2\/product_brand?post=42704"},{"taxonomy":"product_cat","embeddable":true,"href":"https:\/\/naturalpoland.com\/ko\/wp-json\/wp\/v2\/product_cat?post=42704"},{"taxonomy":"product_tag","embeddable":true,"href":"https:\/\/naturalpoland.com\/ko\/wp-json\/wp\/v2\/product_tag?post=42704"}],"curies":[{"name":"wp","href":"https:\/\/api.w.org\/{rel}","templated":true}]}}