{"id":42717,"date":"2023-10-02T13:36:26","date_gmt":"2023-10-02T11:36:26","guid":{"rendered":"https:\/\/naturalpoland.com\/produkty\/uncategorized\/%ec%8c%80-%eb%8b%a8%eb%b0%b1%ec%a7%88\/"},"modified":"2025-08-08T15:55:36","modified_gmt":"2025-08-08T13:55:36","slug":"%ec%8c%80-%eb%8b%a8%eb%b0%b1%ec%a7%88","status":"publish","type":"product","link":"https:\/\/naturalpoland.com\/ko\/je-pum\/sig-pum-won-ryo\/sig-mul-seong-dan-baek-jil\/%ec%8c%80-%eb%8b%a8%eb%b0%b1%ec%a7%88\/","title":{"rendered":"\uc300 \ub2e8\ubc31\uc9c8"},"content":{"rendered":"<h2>\ubc31\ubbf8 \ubc0f \ud604\ubbf8 \uc300 \ub2e8\ubc31\uc9c8<\/h2>\n<p>\uc300 \ub2e8\ubc31\uc9c8\uc740 <strong>\ubc31\ubbf8 \ubc84\uc804<\/strong>(\ub2e8\ubc31\uc9c8 \ud568\ub7c9 80%)\uacfc <strong>\ud604\ubbf8 \ubc84\uc804<\/strong>(\ub2e8\ubc31\uc9c8 \ud568\ub7c9 80%)\uc73c\ub85c \uc81c\uacf5\ub429\ub2c8\ub2e4. \ubc31\ubbf8 \uc300 \ub2e8\ubc31\uc9c8\uc740 \ub9db\uc774 \ub354 \ubd80\ub4dc\ub7fd\uace0 \uc9c8\uac10\uc774 \ub354 \ubca8\ubcb3 \uac19\uc544\uc11c \uc250\uc774\ud06c\uc640 \uc2a4\ubb34\ub514\uc5d0 \ucca8\uac00\ud558\uae30\uc5d0 \uc88b\uc2b5\ub2c8\ub2e4. \ubc18\uba74 \ud604\ubbf8 \ubc84\uc804\uc740 \ub9db\uc774 \uc57d\uac04 \ub354 \uac15\ud558\uace0 \uc12c\uc720\uc9c8 \ud568\ub7c9\uc774 \ub192\uc544 \uc18c\ud654\uae30 \uac74\uac15\uc5d0 \uc88b\uc2b5\ub2c8\ub2e4.  <\/p>\n<h2>\uc300 \ub2e8\ubc31\uc9c8\uc758 \ud2b9\uc131<\/h2>\n<p>\ub450 \uc81c\ud488 \ubc84\uc804 \ubaa8\ub450 \uc2e0\uccb4\uc758 \uc801\uc808\ud55c \uae30\ub2a5\uc5d0 \ud544\uc694\ud55c \uc5d0\ub108\uc9c0\uc640 \uc601\uc591\uc18c\uc758 \uc6d0\ucc9c\uc785\ub2c8\ub2e4. \uc300 \ub2e8\ubc31\uc9c8\uc740 \uadfc\uc721\ub7c9 \ud615\uc131 \ubc0f \uc7ac\uc0dd \uacfc\uc815\uc744 \uc9c0\uc6d0\ud558\uba70, \uc774\ub294 \uc6b4\ub3d9\uc120\uc218, \uc2e0\uccb4 \ud65c\ub3d9\uc774 \ud65c\ubc1c\ud55c \uc0ac\ub78c, \uadf8\ub9ac\uace0 \ub300\uccb4 \ub2e8\ubc31\uc9c8 \uacf5\uae09\uc6d0\uc744 \ucc3e\ub294 \ube44\uac74 \ubc0f \ucc44\uc2dd\uc8fc\uc758\uc790\uc5d0\uac8c \ub9e4\uc6b0 \uc911\uc694\ud569\ub2c8\ub2e4. <\/p>\n<p>\uc774 \uc81c\ud488\uc740 \ub610\ud55c \uc911\uc131\uc801\uc778 \ub9db\uacfc \uc694\ub9ac\uc5d0\uc11c\uc758 \ub2e4\uc6a9\ub3c4\ub85c \ub192\uc774 \ud3c9\uac00\ub429\ub2c8\ub2e4. \ub2e8\ubc31\uc9c8 \uc250\uc774\ud06c\ubd80\ud130 \ud32c\ucf00\uc774\ud06c, \ud06c\ub808\uc774\ud504, \ub2e4\uc591\ud55c \uc885\ub958\uc758 \ucf00\uc774\ud06c\uc640 \ub514\uc800\ud2b8\uc5d0 \uc774\ub974\uae30\uae4c\uc9c0 \ub2e4\uc591\ud55c \uc694\ub9ac\uc5d0 \ucca8\uac00\ud560 \uc218 \uc788\uc2b5\ub2c8\ub2e4. \uc911\uc131\uc801\uc778 \ub9db \ud504\ub85c\ud544 \ub355\ubd84\uc5d0 \ub2e4\ub978 \uc7ac\ub8cc\uc640 \uc644\ubcbd\ud558\uac8c \uc5b4\uc6b0\ub7ec\uc838 \uc790\uc5f0\uc2a4\ub7ec\uc6b4 \ub9db\uc744 \ubc29\ud574\ud558\uc9c0 \uc54a\uc2b5\ub2c8\ub2e4.  <\/p>\n<p>\ub610\ud55c \uc300 \ub2e8\ubc31\uc9c8\uc740 \uc720\ub2f9, \ucf69 \ub610\ub294 \uae30\ud0c0 \uc54c\ub808\ub974\uac90\uc744 \ud3ec\ud568\ud558\uc9c0 \uc54a\uc73c\ubbc0\ub85c \ub2e4\uc591\ud55c \uc2dd\ud488 \ubd88\ub0b4\uc99d\uc774 \uc788\ub294 \uc0ac\ub78c\ub4e4\uc5d0\uac8c \uc548\uc804\ud55c \uc81c\ud488\uc785\ub2c8\ub2e4. \uac74\uac15\uc2dd\ud488 \ubc0f \uc2dd\uc774 \ubcf4\ucda9\uc81c \uc2dc\uc7a5\uc5d0\uc11c \ub9e4\uc6b0 \uac00\uce58 \uc788\ub294 \uc81c\ud488\uc774\uba70, \uac74\uac15\ud55c \uc0dd\ud65c \ubc29\uc2dd\uacfc \uc601\uc591\uc5d0 \ub300\ud55c \uc18c\ube44\uc790 \uc778\uc2dd\uc774 \ub192\uc544\uc9d0\uc5d0 \ub530\ub77c \uc778\uae30\uac00 \uacc4\uc18d \uc99d\uac00\ud558\uace0 \uc788\uc2b5\ub2c8\ub2e4. <\/p>\n","protected":false},"excerpt":{"rendered":"<p>\uc300 \ub2e8\ubc31\uc9c8\uc740 \ud2b9\ubcc4\ud55c \uc2dd\uc774 \ubcf4\ucda9\uc81c\uc785\ub2c8\ub2e4. \ucd5c\uace0 \ud488\uc9c8\uc758 \uc300\ub85c \uc0dd\uc0b0\ub41c \uc774 \ub2e8\ubc31\uc9c8\uc740 \uc2e0\uccb4\uc5d0 \ud544\uc218 \uc544\ubbf8\ub178\uc0b0\uc744 \uacf5\uae09\ud569\ub2c8\ub2e4. \uae00\ub8e8\ud150\uc744 \ud568\uc720\ud558\uc9c0 \uc54a\uc544 \uae00\ub8e8\ud150 \ubd88\ub0b4\uc99d \ubc0f \uc140\ub9ac\uc545\ubcd1 \ud658\uc790\uc5d0\uac8c \ud0c1\uc6d4\ud55c \uc120\ud0dd\uc785\ub2c8\ub2e4.  <\/p>\n","protected":false},"featured_media":42719,"template":"","meta":{"_acf_changed":false},"product_brand":[],"product_cat":[8170,8143],"product_tag":[],"class_list":{"0":"post-42717","1":"product","2":"type-product","3":"status-publish","4":"has-post-thumbnail","6":"product_cat-sig-mul-seong-dan-baek-jil","7":"product_cat-geon-gang-gi-neung-sig-pum-cheom-ga-mul","9":"first","10":"instock","11":"shipping-taxable","12":"product-type-simple"},"acf":[],"yoast_head":"<!-- This site is optimized with the Yoast SEO plugin v27.6 - https:\/\/yoast.com\/product\/yoast-seo-wordpress\/ -->\n<title>\uc300 \ub2e8\ubc31\uc9c8 - Hurtowy Dystrybutor<\/title>\n<meta name=\"description\" content=\"\uc300 \ub2e8\ubc31\uc9c8\uc740 \ud2b9\ubcc4\ud55c \uc2dd\uc774 \ubcf4\ucda9\uc81c\uc785\ub2c8\ub2e4. \ucd5c\uace0 \ud488\uc9c8\uc758 \uc300\ub85c \uc0dd\uc0b0\ub41c \uc774 \ub2e8\ubc31\uc9c8\uc740 \uc2e0\uccb4\uc5d0 \ud544\uc218 \uc544\ubbf8\ub178\uc0b0\uc744 \uacf5\uae09\ud569\ub2c8\ub2e4.\" \/>\n<meta name=\"robots\" content=\"index, follow, max-snippet:-1, max-image-preview:large, max-video-preview:-1\" \/>\n<link rel=\"canonical\" href=\"https:\/\/naturalpoland.com\/ko\/je-pum\/sig-pum-won-ryo\/sig-mul-seong-dan-baek-jil\/%ec%8c%80-%eb%8b%a8%eb%b0%b1%ec%a7%88\/\" \/>\n<meta property=\"og:locale\" content=\"ko_KR\" \/>\n<meta property=\"og:type\" content=\"article\" \/>\n<meta property=\"og:title\" content=\"\uc300 \ub2e8\ubc31\uc9c8 - Hurtowy Dystrybutor\" \/>\n<meta property=\"og:description\" content=\"\uc300 \ub2e8\ubc31\uc9c8\uc740 \ud2b9\ubcc4\ud55c \uc2dd\uc774 \ubcf4\ucda9\uc81c\uc785\ub2c8\ub2e4. \ucd5c\uace0 \ud488\uc9c8\uc758 \uc300\ub85c \uc0dd\uc0b0\ub41c \uc774 \ub2e8\ubc31\uc9c8\uc740 \uc2e0\uccb4\uc5d0 \ud544\uc218 \uc544\ubbf8\ub178\uc0b0\uc744 \uacf5\uae09\ud569\ub2c8\ub2e4.\" \/>\n<meta property=\"og:url\" content=\"https:\/\/naturalpoland.com\/ko\/je-pum\/sig-pum-won-ryo\/sig-mul-seong-dan-baek-jil\/%ec%8c%80-%eb%8b%a8%eb%b0%b1%ec%a7%88\/\" \/>\n<meta property=\"og:site_name\" content=\"NATURAL POLAND - Hurtowy Dystrybutor Surowc\u00f3w\" \/>\n<meta property=\"article:publisher\" content=\"https:\/\/www.facebook.com\/naturalpoland.b2b\" \/>\n<meta property=\"article:modified_time\" content=\"2025-08-08T13:55:36+00:00\" \/>\n<meta property=\"og:image\" content=\"https:\/\/naturalpoland.com\/wp-content\/uploads\/bialko-ryzowe.jpg\" \/>\n\t<meta property=\"og:image:width\" content=\"650\" \/>\n\t<meta property=\"og:image:height\" content=\"650\" \/>\n\t<meta property=\"og:image:type\" content=\"image\/jpeg\" \/>\n<script type=\"application\/ld+json\" class=\"yoast-schema-graph\">{\"@context\":\"https:\\\/\\\/schema.org\",\"@graph\":[{\"@type\":\"WebPage\",\"@id\":\"https:\\\/\\\/naturalpoland.com\\\/ko\\\/je-pum\\\/sig-pum-won-ryo\\\/sig-mul-seong-dan-baek-jil\\\/%ec%8c%80-%eb%8b%a8%eb%b0%b1%ec%a7%88\\\/\",\"url\":\"https:\\\/\\\/naturalpoland.com\\\/ko\\\/je-pum\\\/sig-pum-won-ryo\\\/sig-mul-seong-dan-baek-jil\\\/%ec%8c%80-%eb%8b%a8%eb%b0%b1%ec%a7%88\\\/\",\"name\":\"\uc300 \ub2e8\ubc31\uc9c8 - Hurtowy Dystrybutor\",\"isPartOf\":{\"@id\":\"https:\\\/\\\/naturalpoland.com\\\/ko\\\/#website\"},\"primaryImageOfPage\":{\"@id\":\"https:\\\/\\\/naturalpoland.com\\\/ko\\\/je-pum\\\/sig-pum-won-ryo\\\/sig-mul-seong-dan-baek-jil\\\/%ec%8c%80-%eb%8b%a8%eb%b0%b1%ec%a7%88\\\/#primaryimage\"},\"image\":{\"@id\":\"https:\\\/\\\/naturalpoland.com\\\/ko\\\/je-pum\\\/sig-pum-won-ryo\\\/sig-mul-seong-dan-baek-jil\\\/%ec%8c%80-%eb%8b%a8%eb%b0%b1%ec%a7%88\\\/#primaryimage\"},\"thumbnailUrl\":\"https:\\\/\\\/naturalpoland.com\\\/wp-content\\\/uploads\\\/bialko-ryzowe.jpg\",\"datePublished\":\"2023-10-02T11:36:26+00:00\",\"dateModified\":\"2025-08-08T13:55:36+00:00\",\"description\":\"\uc300 \ub2e8\ubc31\uc9c8\uc740 \ud2b9\ubcc4\ud55c \uc2dd\uc774 \ubcf4\ucda9\uc81c\uc785\ub2c8\ub2e4. \ucd5c\uace0 \ud488\uc9c8\uc758 \uc300\ub85c \uc0dd\uc0b0\ub41c \uc774 \ub2e8\ubc31\uc9c8\uc740 \uc2e0\uccb4\uc5d0 \ud544\uc218 \uc544\ubbf8\ub178\uc0b0\uc744 \uacf5\uae09\ud569\ub2c8\ub2e4.\",\"breadcrumb\":{\"@id\":\"https:\\\/\\\/naturalpoland.com\\\/ko\\\/je-pum\\\/sig-pum-won-ryo\\\/sig-mul-seong-dan-baek-jil\\\/%ec%8c%80-%eb%8b%a8%eb%b0%b1%ec%a7%88\\\/#breadcrumb\"},\"inLanguage\":\"ko-KR\",\"potentialAction\":[{\"@type\":\"ReadAction\",\"target\":[\"https:\\\/\\\/naturalpoland.com\\\/ko\\\/je-pum\\\/sig-pum-won-ryo\\\/sig-mul-seong-dan-baek-jil\\\/%ec%8c%80-%eb%8b%a8%eb%b0%b1%ec%a7%88\\\/\"]}]},{\"@type\":\"ImageObject\",\"inLanguage\":\"ko-KR\",\"@id\":\"https:\\\/\\\/naturalpoland.com\\\/ko\\\/je-pum\\\/sig-pum-won-ryo\\\/sig-mul-seong-dan-baek-jil\\\/%ec%8c%80-%eb%8b%a8%eb%b0%b1%ec%a7%88\\\/#primaryimage\",\"url\":\"https:\\\/\\\/naturalpoland.com\\\/wp-content\\\/uploads\\\/bialko-ryzowe.jpg\",\"contentUrl\":\"https:\\\/\\\/naturalpoland.com\\\/wp-content\\\/uploads\\\/bialko-ryzowe.jpg\",\"width\":650,\"height\":650,\"caption\":\"bia\u0142ko ry\u017cowe\"},{\"@type\":\"BreadcrumbList\",\"@id\":\"https:\\\/\\\/naturalpoland.com\\\/ko\\\/je-pum\\\/sig-pum-won-ryo\\\/sig-mul-seong-dan-baek-jil\\\/%ec%8c%80-%eb%8b%a8%eb%b0%b1%ec%a7%88\\\/#breadcrumb\",\"itemListElement\":[{\"@type\":\"ListItem\",\"position\":1,\"name\":\"\ud648\",\"item\":\"https:\\\/\\\/naturalpoland.com\\\/ko\\\/\"},{\"@type\":\"ListItem\",\"position\":2,\"name\":\"\uc81c\ud488\",\"item\":\"https:\\\/\\\/naturalpoland.com\\\/ko\\\/%ec%a0%9c%ed%92%88\\\/\"},{\"@type\":\"ListItem\",\"position\":3,\"name\":\"\uc300 \ub2e8\ubc31\uc9c8\"}]},{\"@type\":\"WebSite\",\"@id\":\"https:\\\/\\\/naturalpoland.com\\\/ko\\\/#website\",\"url\":\"https:\\\/\\\/naturalpoland.com\\\/ko\\\/\",\"name\":\"NATURAL POLAND - Hurtowy Dystrybutor Surowc\u00f3w\",\"description\":\"Surowce dla przemys\u0142u spo\u017cywczego, kosmetycznego i farmaceutycznego\",\"publisher\":{\"@id\":\"https:\\\/\\\/naturalpoland.com\\\/ko\\\/#organization\"},\"potentialAction\":[{\"@type\":\"SearchAction\",\"target\":{\"@type\":\"EntryPoint\",\"urlTemplate\":\"https:\\\/\\\/naturalpoland.com\\\/ko\\\/?s={search_term_string}\"},\"query-input\":{\"@type\":\"PropertyValueSpecification\",\"valueRequired\":true,\"valueName\":\"search_term_string\"}}],\"inLanguage\":\"ko-KR\"},{\"@type\":\"Organization\",\"@id\":\"https:\\\/\\\/naturalpoland.com\\\/ko\\\/#organization\",\"name\":\"Natural Poland\",\"url\":\"https:\\\/\\\/naturalpoland.com\\\/ko\\\/\",\"logo\":{\"@type\":\"ImageObject\",\"inLanguage\":\"ko-KR\",\"@id\":\"https:\\\/\\\/naturalpoland.com\\\/ko\\\/#\\\/schema\\\/logo\\\/image\\\/\",\"url\":\"https:\\\/\\\/naturalpoland.com\\\/wp-content\\\/uploads\\\/2021\\\/05\\\/natural-poland-icon.png\",\"contentUrl\":\"https:\\\/\\\/naturalpoland.com\\\/wp-content\\\/uploads\\\/2021\\\/05\\\/natural-poland-icon.png\",\"width\":512,\"height\":512,\"caption\":\"Natural Poland\"},\"image\":{\"@id\":\"https:\\\/\\\/naturalpoland.com\\\/ko\\\/#\\\/schema\\\/logo\\\/image\\\/\"},\"sameAs\":[\"https:\\\/\\\/www.facebook.com\\\/naturalpoland.b2b\",\"https:\\\/\\\/pl.linkedin.com\\\/company\\\/natural-poland\",\"https:\\\/\\\/www.youtube.com\\\/channel\\\/UCgeGGkvOMahZo-xu_MSEWxg\"]}]}<\/script>\n<!-- \/ Yoast SEO plugin. -->","yoast_head_json":{"title":"\uc300 \ub2e8\ubc31\uc9c8 - Hurtowy Dystrybutor","description":"\uc300 \ub2e8\ubc31\uc9c8\uc740 \ud2b9\ubcc4\ud55c \uc2dd\uc774 \ubcf4\ucda9\uc81c\uc785\ub2c8\ub2e4. \ucd5c\uace0 \ud488\uc9c8\uc758 \uc300\ub85c \uc0dd\uc0b0\ub41c \uc774 \ub2e8\ubc31\uc9c8\uc740 \uc2e0\uccb4\uc5d0 \ud544\uc218 \uc544\ubbf8\ub178\uc0b0\uc744 \uacf5\uae09\ud569\ub2c8\ub2e4.","robots":{"index":"index","follow":"follow","max-snippet":"max-snippet:-1","max-image-preview":"max-image-preview:large","max-video-preview":"max-video-preview:-1"},"canonical":"https:\/\/naturalpoland.com\/ko\/je-pum\/sig-pum-won-ryo\/sig-mul-seong-dan-baek-jil\/%ec%8c%80-%eb%8b%a8%eb%b0%b1%ec%a7%88\/","og_locale":"ko_KR","og_type":"article","og_title":"\uc300 \ub2e8\ubc31\uc9c8 - Hurtowy Dystrybutor","og_description":"\uc300 \ub2e8\ubc31\uc9c8\uc740 \ud2b9\ubcc4\ud55c \uc2dd\uc774 \ubcf4\ucda9\uc81c\uc785\ub2c8\ub2e4. \ucd5c\uace0 \ud488\uc9c8\uc758 \uc300\ub85c \uc0dd\uc0b0\ub41c \uc774 \ub2e8\ubc31\uc9c8\uc740 \uc2e0\uccb4\uc5d0 \ud544\uc218 \uc544\ubbf8\ub178\uc0b0\uc744 \uacf5\uae09\ud569\ub2c8\ub2e4.","og_url":"https:\/\/naturalpoland.com\/ko\/je-pum\/sig-pum-won-ryo\/sig-mul-seong-dan-baek-jil\/%ec%8c%80-%eb%8b%a8%eb%b0%b1%ec%a7%88\/","og_site_name":"NATURAL POLAND - Hurtowy Dystrybutor Surowc\u00f3w","article_publisher":"https:\/\/www.facebook.com\/naturalpoland.b2b","article_modified_time":"2025-08-08T13:55:36+00:00","og_image":[{"width":650,"height":650,"url":"https:\/\/naturalpoland.com\/wp-content\/uploads\/bialko-ryzowe.jpg","type":"image\/jpeg"}],"schema":{"@context":"https:\/\/schema.org","@graph":[{"@type":"WebPage","@id":"https:\/\/naturalpoland.com\/ko\/je-pum\/sig-pum-won-ryo\/sig-mul-seong-dan-baek-jil\/%ec%8c%80-%eb%8b%a8%eb%b0%b1%ec%a7%88\/","url":"https:\/\/naturalpoland.com\/ko\/je-pum\/sig-pum-won-ryo\/sig-mul-seong-dan-baek-jil\/%ec%8c%80-%eb%8b%a8%eb%b0%b1%ec%a7%88\/","name":"\uc300 \ub2e8\ubc31\uc9c8 - Hurtowy Dystrybutor","isPartOf":{"@id":"https:\/\/naturalpoland.com\/ko\/#website"},"primaryImageOfPage":{"@id":"https:\/\/naturalpoland.com\/ko\/je-pum\/sig-pum-won-ryo\/sig-mul-seong-dan-baek-jil\/%ec%8c%80-%eb%8b%a8%eb%b0%b1%ec%a7%88\/#primaryimage"},"image":{"@id":"https:\/\/naturalpoland.com\/ko\/je-pum\/sig-pum-won-ryo\/sig-mul-seong-dan-baek-jil\/%ec%8c%80-%eb%8b%a8%eb%b0%b1%ec%a7%88\/#primaryimage"},"thumbnailUrl":"https:\/\/naturalpoland.com\/wp-content\/uploads\/bialko-ryzowe.jpg","datePublished":"2023-10-02T11:36:26+00:00","dateModified":"2025-08-08T13:55:36+00:00","description":"\uc300 \ub2e8\ubc31\uc9c8\uc740 \ud2b9\ubcc4\ud55c \uc2dd\uc774 \ubcf4\ucda9\uc81c\uc785\ub2c8\ub2e4. \ucd5c\uace0 \ud488\uc9c8\uc758 \uc300\ub85c \uc0dd\uc0b0\ub41c \uc774 \ub2e8\ubc31\uc9c8\uc740 \uc2e0\uccb4\uc5d0 \ud544\uc218 \uc544\ubbf8\ub178\uc0b0\uc744 \uacf5\uae09\ud569\ub2c8\ub2e4.","breadcrumb":{"@id":"https:\/\/naturalpoland.com\/ko\/je-pum\/sig-pum-won-ryo\/sig-mul-seong-dan-baek-jil\/%ec%8c%80-%eb%8b%a8%eb%b0%b1%ec%a7%88\/#breadcrumb"},"inLanguage":"ko-KR","potentialAction":[{"@type":"ReadAction","target":["https:\/\/naturalpoland.com\/ko\/je-pum\/sig-pum-won-ryo\/sig-mul-seong-dan-baek-jil\/%ec%8c%80-%eb%8b%a8%eb%b0%b1%ec%a7%88\/"]}]},{"@type":"ImageObject","inLanguage":"ko-KR","@id":"https:\/\/naturalpoland.com\/ko\/je-pum\/sig-pum-won-ryo\/sig-mul-seong-dan-baek-jil\/%ec%8c%80-%eb%8b%a8%eb%b0%b1%ec%a7%88\/#primaryimage","url":"https:\/\/naturalpoland.com\/wp-content\/uploads\/bialko-ryzowe.jpg","contentUrl":"https:\/\/naturalpoland.com\/wp-content\/uploads\/bialko-ryzowe.jpg","width":650,"height":650,"caption":"bia\u0142ko ry\u017cowe"},{"@type":"BreadcrumbList","@id":"https:\/\/naturalpoland.com\/ko\/je-pum\/sig-pum-won-ryo\/sig-mul-seong-dan-baek-jil\/%ec%8c%80-%eb%8b%a8%eb%b0%b1%ec%a7%88\/#breadcrumb","itemListElement":[{"@type":"ListItem","position":1,"name":"\ud648","item":"https:\/\/naturalpoland.com\/ko\/"},{"@type":"ListItem","position":2,"name":"\uc81c\ud488","item":"https:\/\/naturalpoland.com\/ko\/%ec%a0%9c%ed%92%88\/"},{"@type":"ListItem","position":3,"name":"\uc300 \ub2e8\ubc31\uc9c8"}]},{"@type":"WebSite","@id":"https:\/\/naturalpoland.com\/ko\/#website","url":"https:\/\/naturalpoland.com\/ko\/","name":"NATURAL POLAND - Hurtowy Dystrybutor Surowc\u00f3w","description":"Surowce dla przemys\u0142u spo\u017cywczego, kosmetycznego i farmaceutycznego","publisher":{"@id":"https:\/\/naturalpoland.com\/ko\/#organization"},"potentialAction":[{"@type":"SearchAction","target":{"@type":"EntryPoint","urlTemplate":"https:\/\/naturalpoland.com\/ko\/?s={search_term_string}"},"query-input":{"@type":"PropertyValueSpecification","valueRequired":true,"valueName":"search_term_string"}}],"inLanguage":"ko-KR"},{"@type":"Organization","@id":"https:\/\/naturalpoland.com\/ko\/#organization","name":"Natural Poland","url":"https:\/\/naturalpoland.com\/ko\/","logo":{"@type":"ImageObject","inLanguage":"ko-KR","@id":"https:\/\/naturalpoland.com\/ko\/#\/schema\/logo\/image\/","url":"https:\/\/naturalpoland.com\/wp-content\/uploads\/2021\/05\/natural-poland-icon.png","contentUrl":"https:\/\/naturalpoland.com\/wp-content\/uploads\/2021\/05\/natural-poland-icon.png","width":512,"height":512,"caption":"Natural Poland"},"image":{"@id":"https:\/\/naturalpoland.com\/ko\/#\/schema\/logo\/image\/"},"sameAs":["https:\/\/www.facebook.com\/naturalpoland.b2b","https:\/\/pl.linkedin.com\/company\/natural-poland","https:\/\/www.youtube.com\/channel\/UCgeGGkvOMahZo-xu_MSEWxg"]}]}},"_links":{"self":[{"href":"https:\/\/naturalpoland.com\/ko\/wp-json\/wp\/v2\/product\/42717","targetHints":{"allow":["GET"]}}],"collection":[{"href":"https:\/\/naturalpoland.com\/ko\/wp-json\/wp\/v2\/product"}],"about":[{"href":"https:\/\/naturalpoland.com\/ko\/wp-json\/wp\/v2\/types\/product"}],"wp:featuredmedia":[{"embeddable":true,"href":"https:\/\/naturalpoland.com\/ko\/wp-json\/wp\/v2\/media\/42719"}],"wp:attachment":[{"href":"https:\/\/naturalpoland.com\/ko\/wp-json\/wp\/v2\/media?parent=42717"}],"wp:term":[{"taxonomy":"product_brand","embeddable":true,"href":"https:\/\/naturalpoland.com\/ko\/wp-json\/wp\/v2\/product_brand?post=42717"},{"taxonomy":"product_cat","embeddable":true,"href":"https:\/\/naturalpoland.com\/ko\/wp-json\/wp\/v2\/product_cat?post=42717"},{"taxonomy":"product_tag","embeddable":true,"href":"https:\/\/naturalpoland.com\/ko\/wp-json\/wp\/v2\/product_tag?post=42717"}],"curies":[{"name":"wp","href":"https:\/\/api.w.org\/{rel}","templated":true}]}}