{"id":42718,"date":"2023-10-02T15:24:23","date_gmt":"2023-10-02T13:24:23","guid":{"rendered":"https:\/\/naturalpoland.com\/produkty\/uncategorized\/%ed%98%b8%eb%b0%95-%eb%8b%a8%eb%b0%b1%ec%a7%88\/"},"modified":"2025-08-08T15:55:36","modified_gmt":"2025-08-08T13:55:36","slug":"%ed%98%b8%eb%b0%95-%eb%8b%a8%eb%b0%b1%ec%a7%88","status":"publish","type":"product","link":"https:\/\/naturalpoland.com\/ko\/je-pum\/sig-pum-won-ryo\/sig-mul-seong-dan-baek-jil\/%ed%98%b8%eb%b0%95-%eb%8b%a8%eb%b0%b1%ec%a7%88\/","title":{"rendered":"\ud638\ubc15 \ub2e8\ubc31\uc9c8"},"content":{"rendered":"<h3>\ud638\ubc15 \ub2e8\ubc31\uc9c8\uc758 \ud2b9\uc131<\/h3>\n<ol>\n<li><strong>\ud48d\ubd80\ud55c \uc601\uc591\uc18c:<\/strong> \ud638\ubc15 \ub2e8\ubc31\uc9c8\uc740 \uc544\ub974\uae30\ub2cc\uacfc \uae00\ub8e8\ud0c0\ubbfc\uc744 \ud3ec\ud568\ud55c \uad11\ubc94\uc704\ud55c \uc544\ubbf8\ub178\uc0b0\uc744 \uc81c\uacf5\ud558\uba70, \ud3ec\ud654 \uc9c0\ubc29\uacfc \uc124\ud0d5 \ud568\ub7c9\uc774 \ub9e4\uc6b0 \uc801\uc2b5\ub2c8\ub2e4.<\/li>\n<li><strong>\uc2e0\uc9c4\ub300\uc0ac \ucd09\uc9c4:<\/strong> \uac74\uac15\ud55c \uc2e0\uc9c4\ub300\uc0ac\ub97c \uc720\uc9c0\ud558\ub294 \ub370 \ud544\uc218\uc801\uc778 \ub9c8\uadf8\ub124\uc298, \ucca0, \uc544\uc5f0\uc744 \ud568\uc720\ud558\uace0 \uc788\uc2b5\ub2c8\ub2e4.<\/li>\n<li><strong>\ud56d\uc0b0\ud654 \uc791\uc6a9:<\/strong> \ud638\ubc15 \ub2e8\ubc31\uc9c8\uc740 \ud56d\uc0b0\ud654 \ubb3c\uc9c8\uc774 \ud48d\ubd80\ud558\uc5ec \uba74\uc5ed \uccb4\uacc4\ub97c \uc9c0\uc6d0\ud558\uace0 \uc2e0\uccb4 \ud65c\ub3d9 \ud6c4 \ud68c\ubcf5\uc744 \ucd09\uc9c4\ud569\ub2c8\ub2e4.<\/li>\n<li><strong>\ube44\uac74 \uce5c\ud654\uc801:<\/strong> \uc2dd\ubb3c\uc131 \ub2e8\ubc31\uc9c8\ub85c\uc11c \ube44\uac74, \ucc44\uc2dd\uc8fc\uc758\uc790 \ubc0f \uc720\ub2f9 \ubd88\ub0b4\uc99d\uc774 \uc788\ub294 \uc0ac\ub78c\ub4e4\uc5d0\uac8c \ud6cc\ub96d\ud55c \uc120\ud0dd\uc785\ub2c8\ub2e4.<\/li>\n<\/ol>\n<p>\ud638\ubc15 \ub2e8\ubc31\uc9c8\uc740 \uc601\uc591\ud559\uc801 \ud2b9\uc131\uacfc \ub192\uc740 \ub2e8\ubc31\uc9c8 \ud568\ub7c9\uc73c\ub85c \uc778\ud574 \uac74\uac15 \ubcf4\uc870 \uc2dd\ud488, \ud53c\ud2b8\ub2c8\uc2a4 \uc81c\ud488\uc758 \uc778\uae30 \uc788\ub294 \uc131\ubd84\uc774\uba70 \uc170\uc774\ud06c\uc640 \uc2a4\ubb34\ub514\uc5d0 \ucca8\uac00\ub429\ub2c8\ub2e4. \uc911\ub9bd\uc801\uc778 \ub9db\uacfc \uc9c8\uac10 \ub355\ubd84\uc5d0 \ubca0\uc774\ud0b9, \uc2dc\ub9ac\uc5bc \ubc0f \uae30\ud0c0 \uc694\ub9ac\uc5d0 \ud6cc\ub96d\ud55c \ucca8\uac00\ubb3c\uc785\ub2c8\ub2e4. <\/p>\n<p>\ud638\ubc15 \ub2e8\ubc31\uc9c8 \uc81c\ud488\uc740 \ud65c\ub3d9\uc801\uc778 \uc0dd\ud65c \ubc29\uc2dd\uc744 \uac00\uc9c4 \uc0ac\ub78c, \ube44\uac74, \ucc44\uc2dd\uc8fc\uc758\uc790 \ubc0f \ub3d9\ubb3c\uc131 \ub2e8\ubc31\uc9c8\uc758 \ub300\uc548\uc744 \ucc3e\ub294 \ubaa8\ub4e0 \uc0ac\ub78c\uc5d0\uac8c \ud6a8\uacfc\uc801\uc73c\ub85c \uc81c\uacf5\ub420 \uc218 \uc788\uc2b5\ub2c8\ub2e4.<\/p>\n","protected":false},"excerpt":{"rendered":"<p>\uc57d 60%\uc758 \ub2e8\ubc31\uc9c8\uc744 \ud568\uc720\ud55c \ud638\ubc15 \ub2e8\ubc31\uc9c8\uc740 \ub2e4\uc591\ud55c \uc2dd\ud488\uc5d0 \uc0ac\uc6a9\ub418\ub294 \ud6cc\ub96d\ud55c \uc601\uc591 \ubcf4\ucda9\uc81c\uc785\ub2c8\ub2e4. \ub9d0\ub9b0 \ud638\ubc15\uc528\ub97c \uc555\ucc29\ud558\uc5ec \ub2e8\ubc31\uc9c8 \ub18d\ucd95\uc561\uc744 \uc5bb\ub294 \uc2dd\ubb3c\uc131 \ub2e8\ubc31\uc9c8\uc758 \uc77c\uc885\uc785\ub2c8\ub2e4. <\/p>\n","protected":false},"featured_media":42720,"template":"","meta":{"_acf_changed":false},"product_brand":[],"product_cat":[8170,8143],"product_tag":[],"class_list":{"0":"post-42718","1":"product","2":"type-product","3":"status-publish","4":"has-post-thumbnail","6":"product_cat-sig-mul-seong-dan-baek-jil","7":"product_cat-geon-gang-gi-neung-sig-pum-cheom-ga-mul","9":"first","10":"instock","11":"shipping-taxable","12":"product-type-simple"},"acf":[],"yoast_head":"<!-- This site is optimized with the Yoast SEO plugin v27.6 - https:\/\/yoast.com\/product\/yoast-seo-wordpress\/ -->\n<title>\ud638\ubc15 \ub2e8\ubc31\uc9c8 - Hurtowy Dystrybutor<\/title>\n<meta name=\"description\" content=\"\ud638\ubc15 \ub2e8\ubc31\uc9c8\uc740 \uc57d 60%\uc758 \ub2e8\ubc31\uc9c8\uc744 \ud568\uc720\ud558\uace0 \uc788\uc73c\uba70, \ub9d0\ub9b0 \ud638\ubc15\uc528\ub97c \uc555\ucc29\ud558\uc5ec \uc5bb\ub294 \uc2dd\ubb3c\uc131 \ub2e8\ubc31\uc9c8\uc758 \uc77c\uc885\uc785\ub2c8\ub2e4.\" \/>\n<meta name=\"robots\" content=\"index, follow, max-snippet:-1, max-image-preview:large, max-video-preview:-1\" \/>\n<link rel=\"canonical\" href=\"https:\/\/naturalpoland.com\/ko\/je-pum\/sig-pum-won-ryo\/sig-mul-seong-dan-baek-jil\/%ed%98%b8%eb%b0%95-%eb%8b%a8%eb%b0%b1%ec%a7%88\/\" \/>\n<meta property=\"og:locale\" content=\"ko_KR\" \/>\n<meta property=\"og:type\" content=\"article\" \/>\n<meta property=\"og:title\" content=\"\ud638\ubc15 \ub2e8\ubc31\uc9c8 - Hurtowy Dystrybutor\" \/>\n<meta property=\"og:description\" content=\"\ud638\ubc15 \ub2e8\ubc31\uc9c8\uc740 \uc57d 60%\uc758 \ub2e8\ubc31\uc9c8\uc744 \ud568\uc720\ud558\uace0 \uc788\uc73c\uba70, \ub9d0\ub9b0 \ud638\ubc15\uc528\ub97c \uc555\ucc29\ud558\uc5ec \uc5bb\ub294 \uc2dd\ubb3c\uc131 \ub2e8\ubc31\uc9c8\uc758 \uc77c\uc885\uc785\ub2c8\ub2e4.\" \/>\n<meta property=\"og:url\" content=\"https:\/\/naturalpoland.com\/ko\/je-pum\/sig-pum-won-ryo\/sig-mul-seong-dan-baek-jil\/%ed%98%b8%eb%b0%95-%eb%8b%a8%eb%b0%b1%ec%a7%88\/\" \/>\n<meta property=\"og:site_name\" content=\"NATURAL POLAND - Hurtowy Dystrybutor Surowc\u00f3w\" \/>\n<meta property=\"article:publisher\" content=\"https:\/\/www.facebook.com\/naturalpoland.b2b\" \/>\n<meta property=\"article:modified_time\" content=\"2025-08-08T13:55:36+00:00\" \/>\n<meta property=\"og:image\" content=\"https:\/\/naturalpoland.com\/wp-content\/uploads\/bialko-dyni.jpg\" \/>\n\t<meta property=\"og:image:width\" content=\"650\" \/>\n\t<meta property=\"og:image:height\" content=\"650\" \/>\n\t<meta property=\"og:image:type\" content=\"image\/jpeg\" \/>\n<script type=\"application\/ld+json\" class=\"yoast-schema-graph\">{\"@context\":\"https:\\\/\\\/schema.org\",\"@graph\":[{\"@type\":\"WebPage\",\"@id\":\"https:\\\/\\\/naturalpoland.com\\\/ko\\\/je-pum\\\/sig-pum-won-ryo\\\/sig-mul-seong-dan-baek-jil\\\/%ed%98%b8%eb%b0%95-%eb%8b%a8%eb%b0%b1%ec%a7%88\\\/\",\"url\":\"https:\\\/\\\/naturalpoland.com\\\/ko\\\/je-pum\\\/sig-pum-won-ryo\\\/sig-mul-seong-dan-baek-jil\\\/%ed%98%b8%eb%b0%95-%eb%8b%a8%eb%b0%b1%ec%a7%88\\\/\",\"name\":\"\ud638\ubc15 \ub2e8\ubc31\uc9c8 - Hurtowy Dystrybutor\",\"isPartOf\":{\"@id\":\"https:\\\/\\\/naturalpoland.com\\\/ko\\\/#website\"},\"primaryImageOfPage\":{\"@id\":\"https:\\\/\\\/naturalpoland.com\\\/ko\\\/je-pum\\\/sig-pum-won-ryo\\\/sig-mul-seong-dan-baek-jil\\\/%ed%98%b8%eb%b0%95-%eb%8b%a8%eb%b0%b1%ec%a7%88\\\/#primaryimage\"},\"image\":{\"@id\":\"https:\\\/\\\/naturalpoland.com\\\/ko\\\/je-pum\\\/sig-pum-won-ryo\\\/sig-mul-seong-dan-baek-jil\\\/%ed%98%b8%eb%b0%95-%eb%8b%a8%eb%b0%b1%ec%a7%88\\\/#primaryimage\"},\"thumbnailUrl\":\"https:\\\/\\\/naturalpoland.com\\\/wp-content\\\/uploads\\\/bialko-dyni.jpg\",\"datePublished\":\"2023-10-02T13:24:23+00:00\",\"dateModified\":\"2025-08-08T13:55:36+00:00\",\"description\":\"\ud638\ubc15 \ub2e8\ubc31\uc9c8\uc740 \uc57d 60%\uc758 \ub2e8\ubc31\uc9c8\uc744 \ud568\uc720\ud558\uace0 \uc788\uc73c\uba70, \ub9d0\ub9b0 \ud638\ubc15\uc528\ub97c \uc555\ucc29\ud558\uc5ec \uc5bb\ub294 \uc2dd\ubb3c\uc131 \ub2e8\ubc31\uc9c8\uc758 \uc77c\uc885\uc785\ub2c8\ub2e4.\",\"breadcrumb\":{\"@id\":\"https:\\\/\\\/naturalpoland.com\\\/ko\\\/je-pum\\\/sig-pum-won-ryo\\\/sig-mul-seong-dan-baek-jil\\\/%ed%98%b8%eb%b0%95-%eb%8b%a8%eb%b0%b1%ec%a7%88\\\/#breadcrumb\"},\"inLanguage\":\"ko-KR\",\"potentialAction\":[{\"@type\":\"ReadAction\",\"target\":[\"https:\\\/\\\/naturalpoland.com\\\/ko\\\/je-pum\\\/sig-pum-won-ryo\\\/sig-mul-seong-dan-baek-jil\\\/%ed%98%b8%eb%b0%95-%eb%8b%a8%eb%b0%b1%ec%a7%88\\\/\"]}]},{\"@type\":\"ImageObject\",\"inLanguage\":\"ko-KR\",\"@id\":\"https:\\\/\\\/naturalpoland.com\\\/ko\\\/je-pum\\\/sig-pum-won-ryo\\\/sig-mul-seong-dan-baek-jil\\\/%ed%98%b8%eb%b0%95-%eb%8b%a8%eb%b0%b1%ec%a7%88\\\/#primaryimage\",\"url\":\"https:\\\/\\\/naturalpoland.com\\\/wp-content\\\/uploads\\\/bialko-dyni.jpg\",\"contentUrl\":\"https:\\\/\\\/naturalpoland.com\\\/wp-content\\\/uploads\\\/bialko-dyni.jpg\",\"width\":650,\"height\":650,\"caption\":\"bia\u0142ko z dyni\"},{\"@type\":\"BreadcrumbList\",\"@id\":\"https:\\\/\\\/naturalpoland.com\\\/ko\\\/je-pum\\\/sig-pum-won-ryo\\\/sig-mul-seong-dan-baek-jil\\\/%ed%98%b8%eb%b0%95-%eb%8b%a8%eb%b0%b1%ec%a7%88\\\/#breadcrumb\",\"itemListElement\":[{\"@type\":\"ListItem\",\"position\":1,\"name\":\"\ud648\",\"item\":\"https:\\\/\\\/naturalpoland.com\\\/ko\\\/\"},{\"@type\":\"ListItem\",\"position\":2,\"name\":\"\uc81c\ud488\",\"item\":\"https:\\\/\\\/naturalpoland.com\\\/ko\\\/%ec%a0%9c%ed%92%88\\\/\"},{\"@type\":\"ListItem\",\"position\":3,\"name\":\"\ud638\ubc15 \ub2e8\ubc31\uc9c8\"}]},{\"@type\":\"WebSite\",\"@id\":\"https:\\\/\\\/naturalpoland.com\\\/ko\\\/#website\",\"url\":\"https:\\\/\\\/naturalpoland.com\\\/ko\\\/\",\"name\":\"NATURAL POLAND - Hurtowy Dystrybutor Surowc\u00f3w\",\"description\":\"Surowce dla przemys\u0142u spo\u017cywczego, kosmetycznego i farmaceutycznego\",\"publisher\":{\"@id\":\"https:\\\/\\\/naturalpoland.com\\\/ko\\\/#organization\"},\"potentialAction\":[{\"@type\":\"SearchAction\",\"target\":{\"@type\":\"EntryPoint\",\"urlTemplate\":\"https:\\\/\\\/naturalpoland.com\\\/ko\\\/?s={search_term_string}\"},\"query-input\":{\"@type\":\"PropertyValueSpecification\",\"valueRequired\":true,\"valueName\":\"search_term_string\"}}],\"inLanguage\":\"ko-KR\"},{\"@type\":\"Organization\",\"@id\":\"https:\\\/\\\/naturalpoland.com\\\/ko\\\/#organization\",\"name\":\"Natural Poland\",\"url\":\"https:\\\/\\\/naturalpoland.com\\\/ko\\\/\",\"logo\":{\"@type\":\"ImageObject\",\"inLanguage\":\"ko-KR\",\"@id\":\"https:\\\/\\\/naturalpoland.com\\\/ko\\\/#\\\/schema\\\/logo\\\/image\\\/\",\"url\":\"https:\\\/\\\/naturalpoland.com\\\/wp-content\\\/uploads\\\/2021\\\/05\\\/natural-poland-icon.png\",\"contentUrl\":\"https:\\\/\\\/naturalpoland.com\\\/wp-content\\\/uploads\\\/2021\\\/05\\\/natural-poland-icon.png\",\"width\":512,\"height\":512,\"caption\":\"Natural Poland\"},\"image\":{\"@id\":\"https:\\\/\\\/naturalpoland.com\\\/ko\\\/#\\\/schema\\\/logo\\\/image\\\/\"},\"sameAs\":[\"https:\\\/\\\/www.facebook.com\\\/naturalpoland.b2b\",\"https:\\\/\\\/pl.linkedin.com\\\/company\\\/natural-poland\",\"https:\\\/\\\/www.youtube.com\\\/channel\\\/UCgeGGkvOMahZo-xu_MSEWxg\"]}]}<\/script>\n<!-- \/ Yoast SEO plugin. -->","yoast_head_json":{"title":"\ud638\ubc15 \ub2e8\ubc31\uc9c8 - Hurtowy Dystrybutor","description":"\ud638\ubc15 \ub2e8\ubc31\uc9c8\uc740 \uc57d 60%\uc758 \ub2e8\ubc31\uc9c8\uc744 \ud568\uc720\ud558\uace0 \uc788\uc73c\uba70, \ub9d0\ub9b0 \ud638\ubc15\uc528\ub97c \uc555\ucc29\ud558\uc5ec \uc5bb\ub294 \uc2dd\ubb3c\uc131 \ub2e8\ubc31\uc9c8\uc758 \uc77c\uc885\uc785\ub2c8\ub2e4.","robots":{"index":"index","follow":"follow","max-snippet":"max-snippet:-1","max-image-preview":"max-image-preview:large","max-video-preview":"max-video-preview:-1"},"canonical":"https:\/\/naturalpoland.com\/ko\/je-pum\/sig-pum-won-ryo\/sig-mul-seong-dan-baek-jil\/%ed%98%b8%eb%b0%95-%eb%8b%a8%eb%b0%b1%ec%a7%88\/","og_locale":"ko_KR","og_type":"article","og_title":"\ud638\ubc15 \ub2e8\ubc31\uc9c8 - Hurtowy Dystrybutor","og_description":"\ud638\ubc15 \ub2e8\ubc31\uc9c8\uc740 \uc57d 60%\uc758 \ub2e8\ubc31\uc9c8\uc744 \ud568\uc720\ud558\uace0 \uc788\uc73c\uba70, \ub9d0\ub9b0 \ud638\ubc15\uc528\ub97c \uc555\ucc29\ud558\uc5ec \uc5bb\ub294 \uc2dd\ubb3c\uc131 \ub2e8\ubc31\uc9c8\uc758 \uc77c\uc885\uc785\ub2c8\ub2e4.","og_url":"https:\/\/naturalpoland.com\/ko\/je-pum\/sig-pum-won-ryo\/sig-mul-seong-dan-baek-jil\/%ed%98%b8%eb%b0%95-%eb%8b%a8%eb%b0%b1%ec%a7%88\/","og_site_name":"NATURAL POLAND - Hurtowy Dystrybutor Surowc\u00f3w","article_publisher":"https:\/\/www.facebook.com\/naturalpoland.b2b","article_modified_time":"2025-08-08T13:55:36+00:00","og_image":[{"width":650,"height":650,"url":"https:\/\/naturalpoland.com\/wp-content\/uploads\/bialko-dyni.jpg","type":"image\/jpeg"}],"schema":{"@context":"https:\/\/schema.org","@graph":[{"@type":"WebPage","@id":"https:\/\/naturalpoland.com\/ko\/je-pum\/sig-pum-won-ryo\/sig-mul-seong-dan-baek-jil\/%ed%98%b8%eb%b0%95-%eb%8b%a8%eb%b0%b1%ec%a7%88\/","url":"https:\/\/naturalpoland.com\/ko\/je-pum\/sig-pum-won-ryo\/sig-mul-seong-dan-baek-jil\/%ed%98%b8%eb%b0%95-%eb%8b%a8%eb%b0%b1%ec%a7%88\/","name":"\ud638\ubc15 \ub2e8\ubc31\uc9c8 - Hurtowy Dystrybutor","isPartOf":{"@id":"https:\/\/naturalpoland.com\/ko\/#website"},"primaryImageOfPage":{"@id":"https:\/\/naturalpoland.com\/ko\/je-pum\/sig-pum-won-ryo\/sig-mul-seong-dan-baek-jil\/%ed%98%b8%eb%b0%95-%eb%8b%a8%eb%b0%b1%ec%a7%88\/#primaryimage"},"image":{"@id":"https:\/\/naturalpoland.com\/ko\/je-pum\/sig-pum-won-ryo\/sig-mul-seong-dan-baek-jil\/%ed%98%b8%eb%b0%95-%eb%8b%a8%eb%b0%b1%ec%a7%88\/#primaryimage"},"thumbnailUrl":"https:\/\/naturalpoland.com\/wp-content\/uploads\/bialko-dyni.jpg","datePublished":"2023-10-02T13:24:23+00:00","dateModified":"2025-08-08T13:55:36+00:00","description":"\ud638\ubc15 \ub2e8\ubc31\uc9c8\uc740 \uc57d 60%\uc758 \ub2e8\ubc31\uc9c8\uc744 \ud568\uc720\ud558\uace0 \uc788\uc73c\uba70, \ub9d0\ub9b0 \ud638\ubc15\uc528\ub97c \uc555\ucc29\ud558\uc5ec \uc5bb\ub294 \uc2dd\ubb3c\uc131 \ub2e8\ubc31\uc9c8\uc758 \uc77c\uc885\uc785\ub2c8\ub2e4.","breadcrumb":{"@id":"https:\/\/naturalpoland.com\/ko\/je-pum\/sig-pum-won-ryo\/sig-mul-seong-dan-baek-jil\/%ed%98%b8%eb%b0%95-%eb%8b%a8%eb%b0%b1%ec%a7%88\/#breadcrumb"},"inLanguage":"ko-KR","potentialAction":[{"@type":"ReadAction","target":["https:\/\/naturalpoland.com\/ko\/je-pum\/sig-pum-won-ryo\/sig-mul-seong-dan-baek-jil\/%ed%98%b8%eb%b0%95-%eb%8b%a8%eb%b0%b1%ec%a7%88\/"]}]},{"@type":"ImageObject","inLanguage":"ko-KR","@id":"https:\/\/naturalpoland.com\/ko\/je-pum\/sig-pum-won-ryo\/sig-mul-seong-dan-baek-jil\/%ed%98%b8%eb%b0%95-%eb%8b%a8%eb%b0%b1%ec%a7%88\/#primaryimage","url":"https:\/\/naturalpoland.com\/wp-content\/uploads\/bialko-dyni.jpg","contentUrl":"https:\/\/naturalpoland.com\/wp-content\/uploads\/bialko-dyni.jpg","width":650,"height":650,"caption":"bia\u0142ko z dyni"},{"@type":"BreadcrumbList","@id":"https:\/\/naturalpoland.com\/ko\/je-pum\/sig-pum-won-ryo\/sig-mul-seong-dan-baek-jil\/%ed%98%b8%eb%b0%95-%eb%8b%a8%eb%b0%b1%ec%a7%88\/#breadcrumb","itemListElement":[{"@type":"ListItem","position":1,"name":"\ud648","item":"https:\/\/naturalpoland.com\/ko\/"},{"@type":"ListItem","position":2,"name":"\uc81c\ud488","item":"https:\/\/naturalpoland.com\/ko\/%ec%a0%9c%ed%92%88\/"},{"@type":"ListItem","position":3,"name":"\ud638\ubc15 \ub2e8\ubc31\uc9c8"}]},{"@type":"WebSite","@id":"https:\/\/naturalpoland.com\/ko\/#website","url":"https:\/\/naturalpoland.com\/ko\/","name":"NATURAL POLAND - Hurtowy Dystrybutor Surowc\u00f3w","description":"Surowce dla przemys\u0142u spo\u017cywczego, kosmetycznego i farmaceutycznego","publisher":{"@id":"https:\/\/naturalpoland.com\/ko\/#organization"},"potentialAction":[{"@type":"SearchAction","target":{"@type":"EntryPoint","urlTemplate":"https:\/\/naturalpoland.com\/ko\/?s={search_term_string}"},"query-input":{"@type":"PropertyValueSpecification","valueRequired":true,"valueName":"search_term_string"}}],"inLanguage":"ko-KR"},{"@type":"Organization","@id":"https:\/\/naturalpoland.com\/ko\/#organization","name":"Natural Poland","url":"https:\/\/naturalpoland.com\/ko\/","logo":{"@type":"ImageObject","inLanguage":"ko-KR","@id":"https:\/\/naturalpoland.com\/ko\/#\/schema\/logo\/image\/","url":"https:\/\/naturalpoland.com\/wp-content\/uploads\/2021\/05\/natural-poland-icon.png","contentUrl":"https:\/\/naturalpoland.com\/wp-content\/uploads\/2021\/05\/natural-poland-icon.png","width":512,"height":512,"caption":"Natural Poland"},"image":{"@id":"https:\/\/naturalpoland.com\/ko\/#\/schema\/logo\/image\/"},"sameAs":["https:\/\/www.facebook.com\/naturalpoland.b2b","https:\/\/pl.linkedin.com\/company\/natural-poland","https:\/\/www.youtube.com\/channel\/UCgeGGkvOMahZo-xu_MSEWxg"]}]}},"_links":{"self":[{"href":"https:\/\/naturalpoland.com\/ko\/wp-json\/wp\/v2\/product\/42718","targetHints":{"allow":["GET"]}}],"collection":[{"href":"https:\/\/naturalpoland.com\/ko\/wp-json\/wp\/v2\/product"}],"about":[{"href":"https:\/\/naturalpoland.com\/ko\/wp-json\/wp\/v2\/types\/product"}],"wp:featuredmedia":[{"embeddable":true,"href":"https:\/\/naturalpoland.com\/ko\/wp-json\/wp\/v2\/media\/42720"}],"wp:attachment":[{"href":"https:\/\/naturalpoland.com\/ko\/wp-json\/wp\/v2\/media?parent=42718"}],"wp:term":[{"taxonomy":"product_brand","embeddable":true,"href":"https:\/\/naturalpoland.com\/ko\/wp-json\/wp\/v2\/product_brand?post=42718"},{"taxonomy":"product_cat","embeddable":true,"href":"https:\/\/naturalpoland.com\/ko\/wp-json\/wp\/v2\/product_cat?post=42718"},{"taxonomy":"product_tag","embeddable":true,"href":"https:\/\/naturalpoland.com\/ko\/wp-json\/wp\/v2\/product_tag?post=42718"}],"curies":[{"name":"wp","href":"https:\/\/api.w.org\/{rel}","templated":true}]}}