{"id":42723,"date":"2023-10-02T14:54:20","date_gmt":"2023-10-02T12:54:20","guid":{"rendered":"https:\/\/naturalpoland.com\/produkty\/uncategorized\/%ec%95%84%eb%a7%88%ec%94%a8-%eb%8b%a8%eb%b0%b1%ec%a7%88\/"},"modified":"2025-08-08T15:55:43","modified_gmt":"2025-08-08T13:55:43","slug":"%ec%95%84%eb%a7%88%ec%94%a8-%eb%8b%a8%eb%b0%b1%ec%a7%88","status":"publish","type":"product","link":"https:\/\/naturalpoland.com\/ko\/je-pum\/sig-pum-won-ryo\/sig-mul-seong-dan-baek-jil\/%ec%95%84%eb%a7%88%ec%94%a8-%eb%8b%a8%eb%b0%b1%ec%a7%88\/","title":{"rendered":"\uc544\ub9c8\uc528 \ub2e8\ubc31\uc9c8"},"content":{"rendered":"<p>\uc774 \uc81c\ud488\uc740 <strong>\ud669\uae08 \uc544\ub9c8\uc528 \ub2e8\ubc31\uc9c8<\/strong>\uacfc <strong>\uac08\uc0c9<\/strong> (\uac01\uac01 \ub2e8\ubc31\uc9c8 \ud568\ub7c9 30%) \ud615\ud0dc\ub85c \uc81c\uacf5\ub418\uba70, \uc2dd\ub2e8\uc744 \ubcf4\uc644\ud558\uace0 \ub2e4\uc591\ud55c \uc2dd\ud488\uc5d0 \ud65c\uc6a9\ud558\uae30\uc5d0 \ud0c1\uc6d4\ud569\ub2c8\ub2e4.<\/p>\n<h2>\uc544\ub9c8\uc528 \ub2e8\ubc31\uc9c8\uc758 \ud2b9\uc131<\/h2>\n<ol>\n<li><strong>\ud48d\ubd80\ud55c \ub2e8\ubc31\uc9c8 \uacf5\uae09\uc6d0:<\/strong> \uc2dd\ubb3c\uc131 \ub2e8\ubc31\uc9c8 \uacf5\uae09\uc6d0\uc778 \uc544\ub9c8\uc528\ub294 \uc2e0\uccb4\uc5d0 \ud544\uc218 \uc544\ubbf8\ub178\uc0b0\uc744 \uc81c\uacf5\ud558\uc5ec \uac74\uac15\uacfc \uc815\uc0c1\uc801\uc778 \uc2e0\uccb4 \uae30\ub2a5\uc744 \uc9c0\uc6d0\ud569\ub2c8\ub2e4.<\/li>\n<li><strong>\ub192\uc740 \uc12c\uc720\uc9c8 \ud568\ub7c9:<\/strong> \uc544\ub9c8\uc528 \ub2e8\ubc31\uc9c8\uc740 \uc18c\ud654\ub97c \ub3d5\uace0 \uc801\uc808\ud55c \ucf5c\ub808\uc2a4\ud14c\ub864 \uc218\uce58\ub97c \uc720\uc9c0\ud558\ub294 \ub370 \uae30\uc5ec\ud558\ub294 \ub192\uc740 \uc12c\uc720\uc9c8 \ud568\ub7c9\uc73c\ub85c \uc798 \uc54c\ub824\uc838 \uc788\uc2b5\ub2c8\ub2e4.<\/li>\n<li><strong>\uc2dd\ud488 \uc0b0\uc5c5\uc5d0\uc11c\uc758 \ud65c\uc6a9:<\/strong> \uc5d0\ub108\uc9c0\ubc14, \ubba4\uc990\ub9ac, \ub2e8\ubc31\uc9c8 \uc170\uc774\ud06c, \uc81c\ube75 \uc81c\ud488 \ub4f1 \ub2e4\uc591\ud55c \uc2dd\ud488\uc5d0 \ucca8\uac00\uc81c\ub85c \ud0c1\uc6d4\ud569\ub2c8\ub2e4. \ub610\ud55c \ucc44\uc2dd\uc8fc\uc758 \ubc0f \ube44\uac74 \uc2dd\ub2e8\uc5d0 \ud6cc\ub96d\ud55c \ubcf4\ucda9\uc81c\uac00 \ub429\ub2c8\ub2e4. <\/li>\n<li><strong>\uac74\uac15 \uc99d\uc9c4 \ud2b9\uc131:<\/strong> \uc544\ub9c8\uc528 \ub2e8\ubc31\uc9c8\uc740 \ud56d\uc5fc\uc99d, \ud56d\uc0b0\ud654 \ud2b9\uc131\uc744 \uac00\uc9c0\uba70 \uba74\uc5ed \uccb4\uacc4\ub97c \uc9c0\uc6d0\ud560 \uc218 \uc788\uc2b5\ub2c8\ub2e4.<\/li>\n<li><strong>\uccb4\uc911 \uac10\ub7c9 \uc9c0\uc6d0:<\/strong> \ub192\uc740 \uc12c\uc720\uc9c8 \ud568\ub7c9 \ub355\ubd84\uc5d0 \uc544\ub9c8\uc528 \ub2e8\ubc31\uc9c8 \uae30\ubc18 \uc81c\ud488\uc740 \ud3ec\ub9cc\uac10\uc744 \uc81c\uacf5\ud558\uace0 \uc2dd\uc695\uc744 \uc624\ub7ab\ub3d9\uc548 \ucda9\uc871\uc2dc\ucf1c \uccb4\uc911 \uac10\ub7c9\uc5d0 \ub3c4\uc6c0\uc744 \uc904 \uc218 \uc788\uc2b5\ub2c8\ub2e4.<\/li>\n<\/ol>\n<p>\uc544\ub9c8\uc528 \ub2e8\ubc31\uc9c8\uc740 \uc2dd\ud488, \ubcf4\ucda9\uc81c \ubc0f \ud654\uc7a5\ud488 \uc0b0\uc5c5\uc5d0\uc11c \uad11\ubc94\uc704\ud558\uac8c \ud65c\uc6a9\ub429\ub2c8\ub2e4. \uae00\ub8e8\ud150 \ud504\ub9ac, \ube44\uac74, \ucc44\uc2dd\uc8fc\uc758 \uc81c\ud488\uc758 \uc131\ubd84\uc73c\ub85c \uc0ac\uc6a9\ub418\uba70, \ub2e4\uc591\ud55c \uae30\ub2a5\uc131 \uc2dd\ud488\uc758 \uc601\uc591 \uac15\ud654 \ucca8\uac00\uc81c\ub85c\ub3c4 \ud65c\uc6a9\ub429\ub2c8\ub2e4. <\/p>\n","protected":false},"excerpt":{"rendered":"<p>\uc544\ub9c8\uc528\uc5d0\uc11c \ucd94\ucd9c\ud55c \uc544\ub9c8\uc528 \ub2e8\ubc31\uc9c8\uc740 \ub2e4\uc591\ud55c \uac74\uac15\uc0c1\uc758 \uc774\uc810\uacfc \uae30\ub2a5\uc801 \ud2b9\uc131\uc744 \uc81c\uacf5\ud558\ub294 \ub9e4\uc6b0 \uadc0\uc911\ud55c \uc601\uc591 \uc131\ubd84\uc785\ub2c8\ub2e4.<\/p>\n","protected":false},"featured_media":42724,"template":"","meta":{"_acf_changed":false},"product_brand":[],"product_cat":[8170,8143],"product_tag":[],"class_list":{"0":"post-42723","1":"product","2":"type-product","3":"status-publish","4":"has-post-thumbnail","6":"product_cat-sig-mul-seong-dan-baek-jil","7":"product_cat-geon-gang-gi-neung-sig-pum-cheom-ga-mul","9":"first","10":"instock","11":"shipping-taxable","12":"product-type-simple"},"acf":[],"yoast_head":"<!-- This site is optimized with the Yoast SEO plugin v27.6 - https:\/\/yoast.com\/product\/yoast-seo-wordpress\/ -->\n<title>\uc544\ub9c8\uc528 \ub2e8\ubc31\uc9c8 - Hurtowy Dystrybutor<\/title>\n<meta name=\"description\" content=\"\uc544\ub9c8\uc528\uc5d0\uc11c \ucd94\ucd9c\ud55c \uc544\ub9c8\uc528 \ub2e8\ubc31\uc9c8\uc740 \ub2e4\uc591\ud55c \uac74\uac15\uc0c1\uc758 \uc774\uc810\uc744 \uc81c\uacf5\ud558\ub294 \uadc0\uc911\ud55c \uc601\uc591 \uc131\ubd84\uc785\ub2c8\ub2e4.\" \/>\n<meta name=\"robots\" content=\"index, follow, max-snippet:-1, max-image-preview:large, max-video-preview:-1\" \/>\n<link rel=\"canonical\" href=\"https:\/\/naturalpoland.com\/ko\/je-pum\/sig-pum-won-ryo\/sig-mul-seong-dan-baek-jil\/%ec%95%84%eb%a7%88%ec%94%a8-%eb%8b%a8%eb%b0%b1%ec%a7%88\/\" \/>\n<meta property=\"og:locale\" content=\"ko_KR\" \/>\n<meta property=\"og:type\" content=\"article\" \/>\n<meta property=\"og:title\" content=\"\uc544\ub9c8\uc528 \ub2e8\ubc31\uc9c8 - Hurtowy Dystrybutor\" \/>\n<meta property=\"og:description\" content=\"\uc544\ub9c8\uc528\uc5d0\uc11c \ucd94\ucd9c\ud55c \uc544\ub9c8\uc528 \ub2e8\ubc31\uc9c8\uc740 \ub2e4\uc591\ud55c \uac74\uac15\uc0c1\uc758 \uc774\uc810\uc744 \uc81c\uacf5\ud558\ub294 \uadc0\uc911\ud55c \uc601\uc591 \uc131\ubd84\uc785\ub2c8\ub2e4.\" \/>\n<meta property=\"og:url\" content=\"https:\/\/naturalpoland.com\/ko\/je-pum\/sig-pum-won-ryo\/sig-mul-seong-dan-baek-jil\/%ec%95%84%eb%a7%88%ec%94%a8-%eb%8b%a8%eb%b0%b1%ec%a7%88\/\" \/>\n<meta property=\"og:site_name\" content=\"NATURAL POLAND - Hurtowy Dystrybutor Surowc\u00f3w\" \/>\n<meta property=\"article:publisher\" content=\"https:\/\/www.facebook.com\/naturalpoland.b2b\" \/>\n<meta property=\"article:modified_time\" content=\"2025-08-08T13:55:43+00:00\" \/>\n<meta property=\"og:image\" content=\"https:\/\/naturalpoland.com\/wp-content\/uploads\/bialko-siemienia-lnianego.jpg\" \/>\n\t<meta property=\"og:image:width\" content=\"650\" \/>\n\t<meta property=\"og:image:height\" content=\"650\" \/>\n\t<meta property=\"og:image:type\" content=\"image\/jpeg\" \/>\n<script type=\"application\/ld+json\" class=\"yoast-schema-graph\">{\"@context\":\"https:\\\/\\\/schema.org\",\"@graph\":[{\"@type\":\"WebPage\",\"@id\":\"https:\\\/\\\/naturalpoland.com\\\/ko\\\/je-pum\\\/sig-pum-won-ryo\\\/sig-mul-seong-dan-baek-jil\\\/%ec%95%84%eb%a7%88%ec%94%a8-%eb%8b%a8%eb%b0%b1%ec%a7%88\\\/\",\"url\":\"https:\\\/\\\/naturalpoland.com\\\/ko\\\/je-pum\\\/sig-pum-won-ryo\\\/sig-mul-seong-dan-baek-jil\\\/%ec%95%84%eb%a7%88%ec%94%a8-%eb%8b%a8%eb%b0%b1%ec%a7%88\\\/\",\"name\":\"\uc544\ub9c8\uc528 \ub2e8\ubc31\uc9c8 - Hurtowy Dystrybutor\",\"isPartOf\":{\"@id\":\"https:\\\/\\\/naturalpoland.com\\\/ko\\\/#website\"},\"primaryImageOfPage\":{\"@id\":\"https:\\\/\\\/naturalpoland.com\\\/ko\\\/je-pum\\\/sig-pum-won-ryo\\\/sig-mul-seong-dan-baek-jil\\\/%ec%95%84%eb%a7%88%ec%94%a8-%eb%8b%a8%eb%b0%b1%ec%a7%88\\\/#primaryimage\"},\"image\":{\"@id\":\"https:\\\/\\\/naturalpoland.com\\\/ko\\\/je-pum\\\/sig-pum-won-ryo\\\/sig-mul-seong-dan-baek-jil\\\/%ec%95%84%eb%a7%88%ec%94%a8-%eb%8b%a8%eb%b0%b1%ec%a7%88\\\/#primaryimage\"},\"thumbnailUrl\":\"https:\\\/\\\/naturalpoland.com\\\/wp-content\\\/uploads\\\/bialko-siemienia-lnianego.jpg\",\"datePublished\":\"2023-10-02T12:54:20+00:00\",\"dateModified\":\"2025-08-08T13:55:43+00:00\",\"description\":\"\uc544\ub9c8\uc528\uc5d0\uc11c \ucd94\ucd9c\ud55c \uc544\ub9c8\uc528 \ub2e8\ubc31\uc9c8\uc740 \ub2e4\uc591\ud55c \uac74\uac15\uc0c1\uc758 \uc774\uc810\uc744 \uc81c\uacf5\ud558\ub294 \uadc0\uc911\ud55c \uc601\uc591 \uc131\ubd84\uc785\ub2c8\ub2e4.\",\"breadcrumb\":{\"@id\":\"https:\\\/\\\/naturalpoland.com\\\/ko\\\/je-pum\\\/sig-pum-won-ryo\\\/sig-mul-seong-dan-baek-jil\\\/%ec%95%84%eb%a7%88%ec%94%a8-%eb%8b%a8%eb%b0%b1%ec%a7%88\\\/#breadcrumb\"},\"inLanguage\":\"ko-KR\",\"potentialAction\":[{\"@type\":\"ReadAction\",\"target\":[\"https:\\\/\\\/naturalpoland.com\\\/ko\\\/je-pum\\\/sig-pum-won-ryo\\\/sig-mul-seong-dan-baek-jil\\\/%ec%95%84%eb%a7%88%ec%94%a8-%eb%8b%a8%eb%b0%b1%ec%a7%88\\\/\"]}]},{\"@type\":\"ImageObject\",\"inLanguage\":\"ko-KR\",\"@id\":\"https:\\\/\\\/naturalpoland.com\\\/ko\\\/je-pum\\\/sig-pum-won-ryo\\\/sig-mul-seong-dan-baek-jil\\\/%ec%95%84%eb%a7%88%ec%94%a8-%eb%8b%a8%eb%b0%b1%ec%a7%88\\\/#primaryimage\",\"url\":\"https:\\\/\\\/naturalpoland.com\\\/wp-content\\\/uploads\\\/bialko-siemienia-lnianego.jpg\",\"contentUrl\":\"https:\\\/\\\/naturalpoland.com\\\/wp-content\\\/uploads\\\/bialko-siemienia-lnianego.jpg\",\"width\":650,\"height\":650,\"caption\":\"bia\u0142ko siemienia lnianego\"},{\"@type\":\"BreadcrumbList\",\"@id\":\"https:\\\/\\\/naturalpoland.com\\\/ko\\\/je-pum\\\/sig-pum-won-ryo\\\/sig-mul-seong-dan-baek-jil\\\/%ec%95%84%eb%a7%88%ec%94%a8-%eb%8b%a8%eb%b0%b1%ec%a7%88\\\/#breadcrumb\",\"itemListElement\":[{\"@type\":\"ListItem\",\"position\":1,\"name\":\"\ud648\",\"item\":\"https:\\\/\\\/naturalpoland.com\\\/ko\\\/\"},{\"@type\":\"ListItem\",\"position\":2,\"name\":\"\uc81c\ud488\",\"item\":\"https:\\\/\\\/naturalpoland.com\\\/ko\\\/%ec%a0%9c%ed%92%88\\\/\"},{\"@type\":\"ListItem\",\"position\":3,\"name\":\"\uc544\ub9c8\uc528 \ub2e8\ubc31\uc9c8\"}]},{\"@type\":\"WebSite\",\"@id\":\"https:\\\/\\\/naturalpoland.com\\\/ko\\\/#website\",\"url\":\"https:\\\/\\\/naturalpoland.com\\\/ko\\\/\",\"name\":\"NATURAL POLAND - Hurtowy Dystrybutor Surowc\u00f3w\",\"description\":\"Surowce dla przemys\u0142u spo\u017cywczego, kosmetycznego i farmaceutycznego\",\"publisher\":{\"@id\":\"https:\\\/\\\/naturalpoland.com\\\/ko\\\/#organization\"},\"potentialAction\":[{\"@type\":\"SearchAction\",\"target\":{\"@type\":\"EntryPoint\",\"urlTemplate\":\"https:\\\/\\\/naturalpoland.com\\\/ko\\\/?s={search_term_string}\"},\"query-input\":{\"@type\":\"PropertyValueSpecification\",\"valueRequired\":true,\"valueName\":\"search_term_string\"}}],\"inLanguage\":\"ko-KR\"},{\"@type\":\"Organization\",\"@id\":\"https:\\\/\\\/naturalpoland.com\\\/ko\\\/#organization\",\"name\":\"Natural Poland\",\"url\":\"https:\\\/\\\/naturalpoland.com\\\/ko\\\/\",\"logo\":{\"@type\":\"ImageObject\",\"inLanguage\":\"ko-KR\",\"@id\":\"https:\\\/\\\/naturalpoland.com\\\/ko\\\/#\\\/schema\\\/logo\\\/image\\\/\",\"url\":\"https:\\\/\\\/naturalpoland.com\\\/wp-content\\\/uploads\\\/2021\\\/05\\\/natural-poland-icon.png\",\"contentUrl\":\"https:\\\/\\\/naturalpoland.com\\\/wp-content\\\/uploads\\\/2021\\\/05\\\/natural-poland-icon.png\",\"width\":512,\"height\":512,\"caption\":\"Natural Poland\"},\"image\":{\"@id\":\"https:\\\/\\\/naturalpoland.com\\\/ko\\\/#\\\/schema\\\/logo\\\/image\\\/\"},\"sameAs\":[\"https:\\\/\\\/www.facebook.com\\\/naturalpoland.b2b\",\"https:\\\/\\\/pl.linkedin.com\\\/company\\\/natural-poland\",\"https:\\\/\\\/www.youtube.com\\\/channel\\\/UCgeGGkvOMahZo-xu_MSEWxg\"]}]}<\/script>\n<!-- \/ Yoast SEO plugin. -->","yoast_head_json":{"title":"\uc544\ub9c8\uc528 \ub2e8\ubc31\uc9c8 - Hurtowy Dystrybutor","description":"\uc544\ub9c8\uc528\uc5d0\uc11c \ucd94\ucd9c\ud55c \uc544\ub9c8\uc528 \ub2e8\ubc31\uc9c8\uc740 \ub2e4\uc591\ud55c \uac74\uac15\uc0c1\uc758 \uc774\uc810\uc744 \uc81c\uacf5\ud558\ub294 \uadc0\uc911\ud55c \uc601\uc591 \uc131\ubd84\uc785\ub2c8\ub2e4.","robots":{"index":"index","follow":"follow","max-snippet":"max-snippet:-1","max-image-preview":"max-image-preview:large","max-video-preview":"max-video-preview:-1"},"canonical":"https:\/\/naturalpoland.com\/ko\/je-pum\/sig-pum-won-ryo\/sig-mul-seong-dan-baek-jil\/%ec%95%84%eb%a7%88%ec%94%a8-%eb%8b%a8%eb%b0%b1%ec%a7%88\/","og_locale":"ko_KR","og_type":"article","og_title":"\uc544\ub9c8\uc528 \ub2e8\ubc31\uc9c8 - Hurtowy Dystrybutor","og_description":"\uc544\ub9c8\uc528\uc5d0\uc11c \ucd94\ucd9c\ud55c \uc544\ub9c8\uc528 \ub2e8\ubc31\uc9c8\uc740 \ub2e4\uc591\ud55c \uac74\uac15\uc0c1\uc758 \uc774\uc810\uc744 \uc81c\uacf5\ud558\ub294 \uadc0\uc911\ud55c \uc601\uc591 \uc131\ubd84\uc785\ub2c8\ub2e4.","og_url":"https:\/\/naturalpoland.com\/ko\/je-pum\/sig-pum-won-ryo\/sig-mul-seong-dan-baek-jil\/%ec%95%84%eb%a7%88%ec%94%a8-%eb%8b%a8%eb%b0%b1%ec%a7%88\/","og_site_name":"NATURAL POLAND - Hurtowy Dystrybutor Surowc\u00f3w","article_publisher":"https:\/\/www.facebook.com\/naturalpoland.b2b","article_modified_time":"2025-08-08T13:55:43+00:00","og_image":[{"width":650,"height":650,"url":"https:\/\/naturalpoland.com\/wp-content\/uploads\/bialko-siemienia-lnianego.jpg","type":"image\/jpeg"}],"schema":{"@context":"https:\/\/schema.org","@graph":[{"@type":"WebPage","@id":"https:\/\/naturalpoland.com\/ko\/je-pum\/sig-pum-won-ryo\/sig-mul-seong-dan-baek-jil\/%ec%95%84%eb%a7%88%ec%94%a8-%eb%8b%a8%eb%b0%b1%ec%a7%88\/","url":"https:\/\/naturalpoland.com\/ko\/je-pum\/sig-pum-won-ryo\/sig-mul-seong-dan-baek-jil\/%ec%95%84%eb%a7%88%ec%94%a8-%eb%8b%a8%eb%b0%b1%ec%a7%88\/","name":"\uc544\ub9c8\uc528 \ub2e8\ubc31\uc9c8 - Hurtowy Dystrybutor","isPartOf":{"@id":"https:\/\/naturalpoland.com\/ko\/#website"},"primaryImageOfPage":{"@id":"https:\/\/naturalpoland.com\/ko\/je-pum\/sig-pum-won-ryo\/sig-mul-seong-dan-baek-jil\/%ec%95%84%eb%a7%88%ec%94%a8-%eb%8b%a8%eb%b0%b1%ec%a7%88\/#primaryimage"},"image":{"@id":"https:\/\/naturalpoland.com\/ko\/je-pum\/sig-pum-won-ryo\/sig-mul-seong-dan-baek-jil\/%ec%95%84%eb%a7%88%ec%94%a8-%eb%8b%a8%eb%b0%b1%ec%a7%88\/#primaryimage"},"thumbnailUrl":"https:\/\/naturalpoland.com\/wp-content\/uploads\/bialko-siemienia-lnianego.jpg","datePublished":"2023-10-02T12:54:20+00:00","dateModified":"2025-08-08T13:55:43+00:00","description":"\uc544\ub9c8\uc528\uc5d0\uc11c \ucd94\ucd9c\ud55c \uc544\ub9c8\uc528 \ub2e8\ubc31\uc9c8\uc740 \ub2e4\uc591\ud55c \uac74\uac15\uc0c1\uc758 \uc774\uc810\uc744 \uc81c\uacf5\ud558\ub294 \uadc0\uc911\ud55c \uc601\uc591 \uc131\ubd84\uc785\ub2c8\ub2e4.","breadcrumb":{"@id":"https:\/\/naturalpoland.com\/ko\/je-pum\/sig-pum-won-ryo\/sig-mul-seong-dan-baek-jil\/%ec%95%84%eb%a7%88%ec%94%a8-%eb%8b%a8%eb%b0%b1%ec%a7%88\/#breadcrumb"},"inLanguage":"ko-KR","potentialAction":[{"@type":"ReadAction","target":["https:\/\/naturalpoland.com\/ko\/je-pum\/sig-pum-won-ryo\/sig-mul-seong-dan-baek-jil\/%ec%95%84%eb%a7%88%ec%94%a8-%eb%8b%a8%eb%b0%b1%ec%a7%88\/"]}]},{"@type":"ImageObject","inLanguage":"ko-KR","@id":"https:\/\/naturalpoland.com\/ko\/je-pum\/sig-pum-won-ryo\/sig-mul-seong-dan-baek-jil\/%ec%95%84%eb%a7%88%ec%94%a8-%eb%8b%a8%eb%b0%b1%ec%a7%88\/#primaryimage","url":"https:\/\/naturalpoland.com\/wp-content\/uploads\/bialko-siemienia-lnianego.jpg","contentUrl":"https:\/\/naturalpoland.com\/wp-content\/uploads\/bialko-siemienia-lnianego.jpg","width":650,"height":650,"caption":"bia\u0142ko siemienia lnianego"},{"@type":"BreadcrumbList","@id":"https:\/\/naturalpoland.com\/ko\/je-pum\/sig-pum-won-ryo\/sig-mul-seong-dan-baek-jil\/%ec%95%84%eb%a7%88%ec%94%a8-%eb%8b%a8%eb%b0%b1%ec%a7%88\/#breadcrumb","itemListElement":[{"@type":"ListItem","position":1,"name":"\ud648","item":"https:\/\/naturalpoland.com\/ko\/"},{"@type":"ListItem","position":2,"name":"\uc81c\ud488","item":"https:\/\/naturalpoland.com\/ko\/%ec%a0%9c%ed%92%88\/"},{"@type":"ListItem","position":3,"name":"\uc544\ub9c8\uc528 \ub2e8\ubc31\uc9c8"}]},{"@type":"WebSite","@id":"https:\/\/naturalpoland.com\/ko\/#website","url":"https:\/\/naturalpoland.com\/ko\/","name":"NATURAL POLAND - Hurtowy Dystrybutor Surowc\u00f3w","description":"Surowce dla przemys\u0142u spo\u017cywczego, kosmetycznego i farmaceutycznego","publisher":{"@id":"https:\/\/naturalpoland.com\/ko\/#organization"},"potentialAction":[{"@type":"SearchAction","target":{"@type":"EntryPoint","urlTemplate":"https:\/\/naturalpoland.com\/ko\/?s={search_term_string}"},"query-input":{"@type":"PropertyValueSpecification","valueRequired":true,"valueName":"search_term_string"}}],"inLanguage":"ko-KR"},{"@type":"Organization","@id":"https:\/\/naturalpoland.com\/ko\/#organization","name":"Natural Poland","url":"https:\/\/naturalpoland.com\/ko\/","logo":{"@type":"ImageObject","inLanguage":"ko-KR","@id":"https:\/\/naturalpoland.com\/ko\/#\/schema\/logo\/image\/","url":"https:\/\/naturalpoland.com\/wp-content\/uploads\/2021\/05\/natural-poland-icon.png","contentUrl":"https:\/\/naturalpoland.com\/wp-content\/uploads\/2021\/05\/natural-poland-icon.png","width":512,"height":512,"caption":"Natural Poland"},"image":{"@id":"https:\/\/naturalpoland.com\/ko\/#\/schema\/logo\/image\/"},"sameAs":["https:\/\/www.facebook.com\/naturalpoland.b2b","https:\/\/pl.linkedin.com\/company\/natural-poland","https:\/\/www.youtube.com\/channel\/UCgeGGkvOMahZo-xu_MSEWxg"]}]}},"_links":{"self":[{"href":"https:\/\/naturalpoland.com\/ko\/wp-json\/wp\/v2\/product\/42723","targetHints":{"allow":["GET"]}}],"collection":[{"href":"https:\/\/naturalpoland.com\/ko\/wp-json\/wp\/v2\/product"}],"about":[{"href":"https:\/\/naturalpoland.com\/ko\/wp-json\/wp\/v2\/types\/product"}],"wp:featuredmedia":[{"embeddable":true,"href":"https:\/\/naturalpoland.com\/ko\/wp-json\/wp\/v2\/media\/42724"}],"wp:attachment":[{"href":"https:\/\/naturalpoland.com\/ko\/wp-json\/wp\/v2\/media?parent=42723"}],"wp:term":[{"taxonomy":"product_brand","embeddable":true,"href":"https:\/\/naturalpoland.com\/ko\/wp-json\/wp\/v2\/product_brand?post=42723"},{"taxonomy":"product_cat","embeddable":true,"href":"https:\/\/naturalpoland.com\/ko\/wp-json\/wp\/v2\/product_cat?post=42723"},{"taxonomy":"product_tag","embeddable":true,"href":"https:\/\/naturalpoland.com\/ko\/wp-json\/wp\/v2\/product_tag?post=42723"}],"curies":[{"name":"wp","href":"https:\/\/api.w.org\/{rel}","templated":true}]}}