{"id":42725,"date":"2023-10-02T14:15:36","date_gmt":"2023-10-02T12:15:36","guid":{"rendered":"https:\/\/naturalpoland.com\/produkty\/uncategorized\/%ed%95%b4%eb%b0%94%eb%9d%bc%ea%b8%b0-%eb%8b%a8%eb%b0%b1%ec%a7%88\/"},"modified":"2025-08-08T15:55:47","modified_gmt":"2025-08-08T13:55:47","slug":"%ed%95%b4%eb%b0%94%eb%9d%bc%ea%b8%b0-%eb%8b%a8%eb%b0%b1%ec%a7%88","status":"publish","type":"product","link":"https:\/\/naturalpoland.com\/ko\/je-pum\/sig-pum-won-ryo\/sig-mul-seong-dan-baek-jil\/%ed%95%b4%eb%b0%94%eb%9d%bc%ea%b8%b0-%eb%8b%a8%eb%b0%b1%ec%a7%88\/","title":{"rendered":"\ud574\ubc14\ub77c\uae30 \ub2e8\ubc31\uc9c8"},"content":{"rendered":"<p>\ud574\ubc14\ub77c\uae30 \ub2e8\ubc31\uc9c8\uc740 \ubaa8\ub4e0 \ud544\uc218 \uc544\ubbf8\ub178\uc0b0\uc744 \ud3ec\ud568\ud558\ub294 \uc6b0\uc218\ud55c \uc544\ubbf8\ub178\uc0b0 \ud504\ub85c\ud544\uc744 \ud2b9\uc9d5\uc73c\ub85c \ud558\uc5ec \uc644\uc804\ud55c \ub2e8\ubc31\uc9c8 \uacf5\uae09\uc6d0\uc785\ub2c8\ub2e4. \ub610\ud55c, \ud574\ubc14\ub77c\uae30 \ub2e8\ubc31\uc9c8\uc740 \uae00\ub8e8\ud150\uc774\ub098 \ucf69\uacfc \uac19\uc740 \uc54c\ub808\ub974\uac90\uc774 \uc5c6\uc5b4 \uc2dd\ud488 \ubd88\ub0b4\uc99d\uc774\ub098 \uc54c\ub808\ub974\uae30\uac00 \uc788\ub294 \uc0ac\ub78c\ub4e4\uc5d0\uac8c \ud0c1\uc6d4\ud55c \uc120\ud0dd\uc785\ub2c8\ub2e4. <\/p>\n<p>\ub0ae\uc740 \uc9c0\ubc29 \ud568\ub7c9\uacfc \ucf5c\ub808\uc2a4\ud14c\ub864 \ubd80\uc7ac\ub294 \uac74\uac15\uc744 \uc0dd\uac01\ud558\ub294 \uc0ac\ub78c\ub4e4\uc5d0\uac8c \uc774\uc810\uc785\ub2c8\ub2e4. \uc774\ub294 \ud608\uc911 \ucf5c\ub808\uc2a4\ud14c\ub864 \uc218\uce58\ub97c \uc801\uc808\ud558\uac8c \uc720\uc9c0\ud558\uace0 \uc2ec\ud608\uad00 \uac74\uac15\uc744 \uc9c0\uc6d0\ud558\ub294 \ub370 \ub3c4\uc6c0\uc774 \ub429\ub2c8\ub2e4. <\/p>\n<p>\ud574\ubc14\ub77c\uae30 \ub2e8\ubc31\uc9c8\uc740 \uc18c\ud654 \ud761\uc218\uac00 \uc6a9\uc774\ud558\uba70, \uc2e0\uccb4\uac00 \uadfc\uc721 \uc870\uc9c1\uc744 \ud615\uc131\ud558\uace0 \ubcf5\uad6c\ud558\ub294 \ub370 \ud6a8\uacfc\uc801\uc73c\ub85c \ud65c\uc6a9\ub420 \uc218 \uc788\uc2b5\ub2c8\ub2e4. \ub610\ud55c \ud56d\uc0b0\ud654 \ubb3c\uc9c8\uc774 \ud48d\ubd80\ud558\uc5ec \ud65c\uc131 \uc0b0\uc18c\uc640 \uc2f8\uc6b0\uace0 \uc804\ubc18\uc801\uc778 \uc2e0\uccb4 \uba74\uc5ed\ub825\uc744 \uc9c0\uc6d0\ud558\ub294 \ub370 \ub3c4\uc6c0\uc774 \ub429\ub2c8\ub2e4. <\/p>\n<p>\ud574\ubc14\ub77c\uae30 \ub2e8\ubc31\uc9c8\uc740 \uc911\ub9bd\uc801\uc778 \ub9db\uacfc \uc9c8\uac10 \ub355\ubd84\uc5d0 \uc74c\ub8cc\uc640 \uc2a4\ubb34\ub514\ubd80\ud130 \uc81c\ube75 \uc81c\ud488 \ubc0f \ud30c\uc2a4\ud0c0\uc5d0 \uc774\ub974\uae30\uae4c\uc9c0 \ub2e4\uc591\ud55c \uc2dd\ud488\uc5d0 \ucca8\uac00\ud560 \uc218 \uc788\ub294 \ub2e4\uc6a9\ub3c4 \uc131\ubd84\uc785\ub2c8\ub2e4. \ub610\ud55c \ucc44\uc2dd\uc8fc\uc758 \ubc0f \ube44\uac74 \uc2dd\ub2e8\uc5d0 \uc801\ud569\ud55c \ucca8\uac00\ubb3c\ub85c, \uc801\uc808\ud55c \uc591\uc758 \ub2e8\ubc31\uc9c8 \uc12d\ucde8\ub97c \uc6a9\uc774\ud558\uac8c \ud569\ub2c8\ub2e4. <\/p>\n<p>\uc9c0\uc18d \uac00\ub2a5\ud558\uace0 \uce5c\ud658\uacbd\uc801\uc778 \ubc29\uc2dd\uc73c\ub85c \uc0dd\uc0b0\ub418\ub294 \ud574\ubc14\ub77c\uae30 \ub2e8\ubc31\uc9c8\uc740 \ucc45\uc784\uac10 \uc788\uace0 \uc9c0\uc18d \uac00\ub2a5\ud55c \uac1c\ubc1c \uc6d0\uce59\uc5d0 \ubd80\ud569\ud558\ub294 \uc120\ud0dd\uc785\ub2c8\ub2e4. \uc7ac\ubc30 \uc2dc \uac15\ub825\ud55c \ud654\ud559 \ubb3c\uc9c8\uc744 \uc0ac\uc6a9\ud560 \ud544\uc694\uac00 \uc5c6\uc73c\uba70, \uc2dd\ubb3c \uc790\uccb4\uac00 \ub2e4\uc591\ud55c \uae30\ud6c4 \uc870\uac74\uc5d0 \uac15\ud558\uc5ec \uc9d1\uc911\uc801\uc778 \uad00\uac1c \ubc0f \uae30\ud0c0 \ub18d\uc5c5 \uad00\ud589\uc758 \ud544\uc694\uc131\uc744 \ucd5c\uc18c\ud654\ud569\ub2c8\ub2e4. <\/p>\n","protected":false},"excerpt":{"rendered":"<p>\ud574\ubc14\ub77c\uae30 \ub2e8\ubc31\uc9c8\uc740 \ud544\uc218 \uc601\uc591\uc18c\ub97c \uc81c\uacf5\ud558\ub294 \uadc0\uc911\ud55c \uc601\uc591 \ubcf4\ucda9\uc81c\ub85c, \ub2e8\ubc31\uc9c8 \ud568\ub7c9\uc740 \ub2e4\uc74c\uacfc \uac19\uc2b5\ub2c8\ub2e4:<strong> 45%, 50%<\/strong> \ubc0f <strong>60%<\/strong>. \ud574\ubc14\ub77c\uae30 \uc528\uc557\uc5d0\uc11c \ucd94\ucd9c\ud55c \uc774 \uc81c\ud488\uc740 \ub3d9\ubb3c\uc131 \ub2e8\ubc31\uc9c8\ubfd0\ub9cc \uc544\ub2c8\ub77c \ub2e4\ub978 \uc2dd\ubb3c\uc131 \ub2e8\ubc31\uc9c8\uc758 \ub300\uc548\uc774 \ub429\ub2c8\ub2e4. <\/p>\n","protected":false},"featured_media":42726,"template":"","meta":[],"product_brand":[],"product_cat":[8170,8143],"product_tag":[],"class_list":{"0":"post-42725","1":"product","2":"type-product","3":"status-publish","4":"has-post-thumbnail","6":"product_cat-sig-mul-seong-dan-baek-jil","7":"product_cat-geon-gang-gi-neung-sig-pum-cheom-ga-mul","9":"first","10":"instock","11":"shipping-taxable","12":"product-type-simple"},"yoast_head":"<!-- This site is optimized with the Yoast SEO plugin v27.3 - https:\/\/yoast.com\/product\/yoast-seo-wordpress\/ -->\n<title>\ud574\ubc14\ub77c\uae30 \ub2e8\ubc31\uc9c8 - Hurtowy Dystrybutor<\/title>\n<meta name=\"description\" content=\"\ud574\ubc14\ub77c\uae30 \ub2e8\ubc31\uc9c8\uc740 45%, 50%, 60% \ub4f1 \ub2e4\uc591\ud55c \ub2e8\ubc31\uc9c8 \ud568\ub7c9\uc744 \uc81c\uacf5\ud558\uba70, \ud544\uc218 \uc601\uc591\uc18c\ub97c \uacf5\uae09\ud558\ub294 \uadc0\uc911\ud55c \uc601\uc591 \ubcf4\ucda9\uc81c\uc785\ub2c8\ub2e4.\" \/>\n<meta name=\"robots\" content=\"index, follow, max-snippet:-1, max-image-preview:large, max-video-preview:-1\" \/>\n<link rel=\"canonical\" href=\"https:\/\/naturalpoland.com\/ko\/je-pum\/sig-pum-won-ryo\/sig-mul-seong-dan-baek-jil\/%ed%95%b4%eb%b0%94%eb%9d%bc%ea%b8%b0-%eb%8b%a8%eb%b0%b1%ec%a7%88\/\" \/>\n<meta property=\"og:locale\" content=\"ko_KR\" \/>\n<meta property=\"og:type\" content=\"article\" \/>\n<meta property=\"og:title\" content=\"\ud574\ubc14\ub77c\uae30 \ub2e8\ubc31\uc9c8 - Hurtowy Dystrybutor\" \/>\n<meta property=\"og:description\" content=\"\ud574\ubc14\ub77c\uae30 \ub2e8\ubc31\uc9c8\uc740 45%, 50%, 60% \ub4f1 \ub2e4\uc591\ud55c \ub2e8\ubc31\uc9c8 \ud568\ub7c9\uc744 \uc81c\uacf5\ud558\uba70, \ud544\uc218 \uc601\uc591\uc18c\ub97c \uacf5\uae09\ud558\ub294 \uadc0\uc911\ud55c \uc601\uc591 \ubcf4\ucda9\uc81c\uc785\ub2c8\ub2e4.\" \/>\n<meta property=\"og:url\" content=\"https:\/\/naturalpoland.com\/ko\/je-pum\/sig-pum-won-ryo\/sig-mul-seong-dan-baek-jil\/%ed%95%b4%eb%b0%94%eb%9d%bc%ea%b8%b0-%eb%8b%a8%eb%b0%b1%ec%a7%88\/\" \/>\n<meta property=\"og:site_name\" content=\"NATURAL POLAND - Hurtowy Dystrybutor Surowc\u00f3w\" \/>\n<meta property=\"article:publisher\" content=\"https:\/\/www.facebook.com\/naturalpoland.b2b\" \/>\n<meta property=\"article:modified_time\" content=\"2025-08-08T13:55:47+00:00\" \/>\n<meta property=\"og:image\" content=\"https:\/\/naturalpoland.com\/wp-content\/uploads\/bialko-slonecznikowe.jpg\" \/>\n\t<meta property=\"og:image:width\" content=\"650\" \/>\n\t<meta property=\"og:image:height\" content=\"650\" \/>\n\t<meta property=\"og:image:type\" content=\"image\/jpeg\" \/>\n<script type=\"application\/ld+json\" class=\"yoast-schema-graph\">{\"@context\":\"https:\\\/\\\/schema.org\",\"@graph\":[{\"@type\":\"WebPage\",\"@id\":\"https:\\\/\\\/naturalpoland.com\\\/ko\\\/je-pum\\\/sig-pum-won-ryo\\\/sig-mul-seong-dan-baek-jil\\\/%ed%95%b4%eb%b0%94%eb%9d%bc%ea%b8%b0-%eb%8b%a8%eb%b0%b1%ec%a7%88\\\/\",\"url\":\"https:\\\/\\\/naturalpoland.com\\\/ko\\\/je-pum\\\/sig-pum-won-ryo\\\/sig-mul-seong-dan-baek-jil\\\/%ed%95%b4%eb%b0%94%eb%9d%bc%ea%b8%b0-%eb%8b%a8%eb%b0%b1%ec%a7%88\\\/\",\"name\":\"\ud574\ubc14\ub77c\uae30 \ub2e8\ubc31\uc9c8 - Hurtowy Dystrybutor\",\"isPartOf\":{\"@id\":\"https:\\\/\\\/naturalpoland.com\\\/ko\\\/#website\"},\"primaryImageOfPage\":{\"@id\":\"https:\\\/\\\/naturalpoland.com\\\/ko\\\/je-pum\\\/sig-pum-won-ryo\\\/sig-mul-seong-dan-baek-jil\\\/%ed%95%b4%eb%b0%94%eb%9d%bc%ea%b8%b0-%eb%8b%a8%eb%b0%b1%ec%a7%88\\\/#primaryimage\"},\"image\":{\"@id\":\"https:\\\/\\\/naturalpoland.com\\\/ko\\\/je-pum\\\/sig-pum-won-ryo\\\/sig-mul-seong-dan-baek-jil\\\/%ed%95%b4%eb%b0%94%eb%9d%bc%ea%b8%b0-%eb%8b%a8%eb%b0%b1%ec%a7%88\\\/#primaryimage\"},\"thumbnailUrl\":\"https:\\\/\\\/naturalpoland.com\\\/wp-content\\\/uploads\\\/bialko-slonecznikowe.jpg\",\"datePublished\":\"2023-10-02T12:15:36+00:00\",\"dateModified\":\"2025-08-08T13:55:47+00:00\",\"description\":\"\ud574\ubc14\ub77c\uae30 \ub2e8\ubc31\uc9c8\uc740 45%, 50%, 60% \ub4f1 \ub2e4\uc591\ud55c \ub2e8\ubc31\uc9c8 \ud568\ub7c9\uc744 \uc81c\uacf5\ud558\uba70, \ud544\uc218 \uc601\uc591\uc18c\ub97c \uacf5\uae09\ud558\ub294 \uadc0\uc911\ud55c \uc601\uc591 \ubcf4\ucda9\uc81c\uc785\ub2c8\ub2e4.\",\"breadcrumb\":{\"@id\":\"https:\\\/\\\/naturalpoland.com\\\/ko\\\/je-pum\\\/sig-pum-won-ryo\\\/sig-mul-seong-dan-baek-jil\\\/%ed%95%b4%eb%b0%94%eb%9d%bc%ea%b8%b0-%eb%8b%a8%eb%b0%b1%ec%a7%88\\\/#breadcrumb\"},\"inLanguage\":\"ko-KR\",\"potentialAction\":[{\"@type\":\"ReadAction\",\"target\":[\"https:\\\/\\\/naturalpoland.com\\\/ko\\\/je-pum\\\/sig-pum-won-ryo\\\/sig-mul-seong-dan-baek-jil\\\/%ed%95%b4%eb%b0%94%eb%9d%bc%ea%b8%b0-%eb%8b%a8%eb%b0%b1%ec%a7%88\\\/\"]}]},{\"@type\":\"ImageObject\",\"inLanguage\":\"ko-KR\",\"@id\":\"https:\\\/\\\/naturalpoland.com\\\/ko\\\/je-pum\\\/sig-pum-won-ryo\\\/sig-mul-seong-dan-baek-jil\\\/%ed%95%b4%eb%b0%94%eb%9d%bc%ea%b8%b0-%eb%8b%a8%eb%b0%b1%ec%a7%88\\\/#primaryimage\",\"url\":\"https:\\\/\\\/naturalpoland.com\\\/wp-content\\\/uploads\\\/bialko-slonecznikowe.jpg\",\"contentUrl\":\"https:\\\/\\\/naturalpoland.com\\\/wp-content\\\/uploads\\\/bialko-slonecznikowe.jpg\",\"width\":650,\"height\":650,\"caption\":\"bia\u0142ko s\u0142onecznikowe\"},{\"@type\":\"BreadcrumbList\",\"@id\":\"https:\\\/\\\/naturalpoland.com\\\/ko\\\/je-pum\\\/sig-pum-won-ryo\\\/sig-mul-seong-dan-baek-jil\\\/%ed%95%b4%eb%b0%94%eb%9d%bc%ea%b8%b0-%eb%8b%a8%eb%b0%b1%ec%a7%88\\\/#breadcrumb\",\"itemListElement\":[{\"@type\":\"ListItem\",\"position\":1,\"name\":\"\ud648\",\"item\":\"https:\\\/\\\/naturalpoland.com\\\/ko\\\/\"},{\"@type\":\"ListItem\",\"position\":2,\"name\":\"\uc81c\ud488\",\"item\":\"https:\\\/\\\/naturalpoland.com\\\/ko\\\/%ec%a0%9c%ed%92%88\\\/\"},{\"@type\":\"ListItem\",\"position\":3,\"name\":\"\ud574\ubc14\ub77c\uae30 \ub2e8\ubc31\uc9c8\"}]},{\"@type\":\"WebSite\",\"@id\":\"https:\\\/\\\/naturalpoland.com\\\/ko\\\/#website\",\"url\":\"https:\\\/\\\/naturalpoland.com\\\/ko\\\/\",\"name\":\"NATURAL POLAND - Hurtowy Dystrybutor Surowc\u00f3w\",\"description\":\"Surowce dla przemys\u0142u spo\u017cywczego, kosmetycznego i farmaceutycznego\",\"publisher\":{\"@id\":\"https:\\\/\\\/naturalpoland.com\\\/ko\\\/#organization\"},\"potentialAction\":[{\"@type\":\"SearchAction\",\"target\":{\"@type\":\"EntryPoint\",\"urlTemplate\":\"https:\\\/\\\/naturalpoland.com\\\/ko\\\/?s={search_term_string}\"},\"query-input\":{\"@type\":\"PropertyValueSpecification\",\"valueRequired\":true,\"valueName\":\"search_term_string\"}}],\"inLanguage\":\"ko-KR\"},{\"@type\":\"Organization\",\"@id\":\"https:\\\/\\\/naturalpoland.com\\\/ko\\\/#organization\",\"name\":\"Natural Poland\",\"url\":\"https:\\\/\\\/naturalpoland.com\\\/ko\\\/\",\"logo\":{\"@type\":\"ImageObject\",\"inLanguage\":\"ko-KR\",\"@id\":\"https:\\\/\\\/naturalpoland.com\\\/ko\\\/#\\\/schema\\\/logo\\\/image\\\/\",\"url\":\"https:\\\/\\\/naturalpoland.com\\\/wp-content\\\/uploads\\\/2021\\\/05\\\/natural-poland-icon.png\",\"contentUrl\":\"https:\\\/\\\/naturalpoland.com\\\/wp-content\\\/uploads\\\/2021\\\/05\\\/natural-poland-icon.png\",\"width\":512,\"height\":512,\"caption\":\"Natural Poland\"},\"image\":{\"@id\":\"https:\\\/\\\/naturalpoland.com\\\/ko\\\/#\\\/schema\\\/logo\\\/image\\\/\"},\"sameAs\":[\"https:\\\/\\\/www.facebook.com\\\/naturalpoland.b2b\",\"https:\\\/\\\/pl.linkedin.com\\\/company\\\/natural-poland\",\"https:\\\/\\\/www.youtube.com\\\/channel\\\/UCgeGGkvOMahZo-xu_MSEWxg\"]}]}<\/script>\n<!-- \/ Yoast SEO plugin. -->","yoast_head_json":{"title":"\ud574\ubc14\ub77c\uae30 \ub2e8\ubc31\uc9c8 - Hurtowy Dystrybutor","description":"\ud574\ubc14\ub77c\uae30 \ub2e8\ubc31\uc9c8\uc740 45%, 50%, 60% \ub4f1 \ub2e4\uc591\ud55c \ub2e8\ubc31\uc9c8 \ud568\ub7c9\uc744 \uc81c\uacf5\ud558\uba70, \ud544\uc218 \uc601\uc591\uc18c\ub97c \uacf5\uae09\ud558\ub294 \uadc0\uc911\ud55c \uc601\uc591 \ubcf4\ucda9\uc81c\uc785\ub2c8\ub2e4.","robots":{"index":"index","follow":"follow","max-snippet":"max-snippet:-1","max-image-preview":"max-image-preview:large","max-video-preview":"max-video-preview:-1"},"canonical":"https:\/\/naturalpoland.com\/ko\/je-pum\/sig-pum-won-ryo\/sig-mul-seong-dan-baek-jil\/%ed%95%b4%eb%b0%94%eb%9d%bc%ea%b8%b0-%eb%8b%a8%eb%b0%b1%ec%a7%88\/","og_locale":"ko_KR","og_type":"article","og_title":"\ud574\ubc14\ub77c\uae30 \ub2e8\ubc31\uc9c8 - Hurtowy Dystrybutor","og_description":"\ud574\ubc14\ub77c\uae30 \ub2e8\ubc31\uc9c8\uc740 45%, 50%, 60% \ub4f1 \ub2e4\uc591\ud55c \ub2e8\ubc31\uc9c8 \ud568\ub7c9\uc744 \uc81c\uacf5\ud558\uba70, \ud544\uc218 \uc601\uc591\uc18c\ub97c \uacf5\uae09\ud558\ub294 \uadc0\uc911\ud55c \uc601\uc591 \ubcf4\ucda9\uc81c\uc785\ub2c8\ub2e4.","og_url":"https:\/\/naturalpoland.com\/ko\/je-pum\/sig-pum-won-ryo\/sig-mul-seong-dan-baek-jil\/%ed%95%b4%eb%b0%94%eb%9d%bc%ea%b8%b0-%eb%8b%a8%eb%b0%b1%ec%a7%88\/","og_site_name":"NATURAL POLAND - Hurtowy Dystrybutor Surowc\u00f3w","article_publisher":"https:\/\/www.facebook.com\/naturalpoland.b2b","article_modified_time":"2025-08-08T13:55:47+00:00","og_image":[{"width":650,"height":650,"url":"https:\/\/naturalpoland.com\/wp-content\/uploads\/bialko-slonecznikowe.jpg","type":"image\/jpeg"}],"schema":{"@context":"https:\/\/schema.org","@graph":[{"@type":"WebPage","@id":"https:\/\/naturalpoland.com\/ko\/je-pum\/sig-pum-won-ryo\/sig-mul-seong-dan-baek-jil\/%ed%95%b4%eb%b0%94%eb%9d%bc%ea%b8%b0-%eb%8b%a8%eb%b0%b1%ec%a7%88\/","url":"https:\/\/naturalpoland.com\/ko\/je-pum\/sig-pum-won-ryo\/sig-mul-seong-dan-baek-jil\/%ed%95%b4%eb%b0%94%eb%9d%bc%ea%b8%b0-%eb%8b%a8%eb%b0%b1%ec%a7%88\/","name":"\ud574\ubc14\ub77c\uae30 \ub2e8\ubc31\uc9c8 - Hurtowy Dystrybutor","isPartOf":{"@id":"https:\/\/naturalpoland.com\/ko\/#website"},"primaryImageOfPage":{"@id":"https:\/\/naturalpoland.com\/ko\/je-pum\/sig-pum-won-ryo\/sig-mul-seong-dan-baek-jil\/%ed%95%b4%eb%b0%94%eb%9d%bc%ea%b8%b0-%eb%8b%a8%eb%b0%b1%ec%a7%88\/#primaryimage"},"image":{"@id":"https:\/\/naturalpoland.com\/ko\/je-pum\/sig-pum-won-ryo\/sig-mul-seong-dan-baek-jil\/%ed%95%b4%eb%b0%94%eb%9d%bc%ea%b8%b0-%eb%8b%a8%eb%b0%b1%ec%a7%88\/#primaryimage"},"thumbnailUrl":"https:\/\/naturalpoland.com\/wp-content\/uploads\/bialko-slonecznikowe.jpg","datePublished":"2023-10-02T12:15:36+00:00","dateModified":"2025-08-08T13:55:47+00:00","description":"\ud574\ubc14\ub77c\uae30 \ub2e8\ubc31\uc9c8\uc740 45%, 50%, 60% \ub4f1 \ub2e4\uc591\ud55c \ub2e8\ubc31\uc9c8 \ud568\ub7c9\uc744 \uc81c\uacf5\ud558\uba70, \ud544\uc218 \uc601\uc591\uc18c\ub97c \uacf5\uae09\ud558\ub294 \uadc0\uc911\ud55c \uc601\uc591 \ubcf4\ucda9\uc81c\uc785\ub2c8\ub2e4.","breadcrumb":{"@id":"https:\/\/naturalpoland.com\/ko\/je-pum\/sig-pum-won-ryo\/sig-mul-seong-dan-baek-jil\/%ed%95%b4%eb%b0%94%eb%9d%bc%ea%b8%b0-%eb%8b%a8%eb%b0%b1%ec%a7%88\/#breadcrumb"},"inLanguage":"ko-KR","potentialAction":[{"@type":"ReadAction","target":["https:\/\/naturalpoland.com\/ko\/je-pum\/sig-pum-won-ryo\/sig-mul-seong-dan-baek-jil\/%ed%95%b4%eb%b0%94%eb%9d%bc%ea%b8%b0-%eb%8b%a8%eb%b0%b1%ec%a7%88\/"]}]},{"@type":"ImageObject","inLanguage":"ko-KR","@id":"https:\/\/naturalpoland.com\/ko\/je-pum\/sig-pum-won-ryo\/sig-mul-seong-dan-baek-jil\/%ed%95%b4%eb%b0%94%eb%9d%bc%ea%b8%b0-%eb%8b%a8%eb%b0%b1%ec%a7%88\/#primaryimage","url":"https:\/\/naturalpoland.com\/wp-content\/uploads\/bialko-slonecznikowe.jpg","contentUrl":"https:\/\/naturalpoland.com\/wp-content\/uploads\/bialko-slonecznikowe.jpg","width":650,"height":650,"caption":"bia\u0142ko s\u0142onecznikowe"},{"@type":"BreadcrumbList","@id":"https:\/\/naturalpoland.com\/ko\/je-pum\/sig-pum-won-ryo\/sig-mul-seong-dan-baek-jil\/%ed%95%b4%eb%b0%94%eb%9d%bc%ea%b8%b0-%eb%8b%a8%eb%b0%b1%ec%a7%88\/#breadcrumb","itemListElement":[{"@type":"ListItem","position":1,"name":"\ud648","item":"https:\/\/naturalpoland.com\/ko\/"},{"@type":"ListItem","position":2,"name":"\uc81c\ud488","item":"https:\/\/naturalpoland.com\/ko\/%ec%a0%9c%ed%92%88\/"},{"@type":"ListItem","position":3,"name":"\ud574\ubc14\ub77c\uae30 \ub2e8\ubc31\uc9c8"}]},{"@type":"WebSite","@id":"https:\/\/naturalpoland.com\/ko\/#website","url":"https:\/\/naturalpoland.com\/ko\/","name":"NATURAL POLAND - Hurtowy Dystrybutor Surowc\u00f3w","description":"Surowce dla przemys\u0142u spo\u017cywczego, kosmetycznego i farmaceutycznego","publisher":{"@id":"https:\/\/naturalpoland.com\/ko\/#organization"},"potentialAction":[{"@type":"SearchAction","target":{"@type":"EntryPoint","urlTemplate":"https:\/\/naturalpoland.com\/ko\/?s={search_term_string}"},"query-input":{"@type":"PropertyValueSpecification","valueRequired":true,"valueName":"search_term_string"}}],"inLanguage":"ko-KR"},{"@type":"Organization","@id":"https:\/\/naturalpoland.com\/ko\/#organization","name":"Natural Poland","url":"https:\/\/naturalpoland.com\/ko\/","logo":{"@type":"ImageObject","inLanguage":"ko-KR","@id":"https:\/\/naturalpoland.com\/ko\/#\/schema\/logo\/image\/","url":"https:\/\/naturalpoland.com\/wp-content\/uploads\/2021\/05\/natural-poland-icon.png","contentUrl":"https:\/\/naturalpoland.com\/wp-content\/uploads\/2021\/05\/natural-poland-icon.png","width":512,"height":512,"caption":"Natural Poland"},"image":{"@id":"https:\/\/naturalpoland.com\/ko\/#\/schema\/logo\/image\/"},"sameAs":["https:\/\/www.facebook.com\/naturalpoland.b2b","https:\/\/pl.linkedin.com\/company\/natural-poland","https:\/\/www.youtube.com\/channel\/UCgeGGkvOMahZo-xu_MSEWxg"]}]}},"_links":{"self":[{"href":"https:\/\/naturalpoland.com\/ko\/wp-json\/wp\/v2\/product\/42725","targetHints":{"allow":["GET"]}}],"collection":[{"href":"https:\/\/naturalpoland.com\/ko\/wp-json\/wp\/v2\/product"}],"about":[{"href":"https:\/\/naturalpoland.com\/ko\/wp-json\/wp\/v2\/types\/product"}],"wp:featuredmedia":[{"embeddable":true,"href":"https:\/\/naturalpoland.com\/ko\/wp-json\/wp\/v2\/media\/42726"}],"wp:attachment":[{"href":"https:\/\/naturalpoland.com\/ko\/wp-json\/wp\/v2\/media?parent=42725"}],"wp:term":[{"taxonomy":"product_brand","embeddable":true,"href":"https:\/\/naturalpoland.com\/ko\/wp-json\/wp\/v2\/product_brand?post=42725"},{"taxonomy":"product_cat","embeddable":true,"href":"https:\/\/naturalpoland.com\/ko\/wp-json\/wp\/v2\/product_cat?post=42725"},{"taxonomy":"product_tag","embeddable":true,"href":"https:\/\/naturalpoland.com\/ko\/wp-json\/wp\/v2\/product_tag?post=42725"}],"curies":[{"name":"wp","href":"https:\/\/api.w.org\/{rel}","templated":true}]}}