{"id":42729,"date":"2023-10-11T10:25:55","date_gmt":"2023-10-11T08:25:55","guid":{"rendered":"https:\/\/naturalpoland.com\/produkty\/uncategorized\/%ed%83%80%ec%9a%b0%eb%a1%9c%ec%9a%b0%ec%8a%a4%eb%8d%b0%ec%98%a5%ec%8b%9c%ec%bd%9c%ec%82%b0-tudca\/"},"modified":"2025-08-08T15:56:07","modified_gmt":"2025-08-08T13:56:07","slug":"%ed%83%80%ec%9a%b0%eb%a1%9c%ec%9a%b0%ec%8a%a4%eb%8d%b0%ec%98%a5%ec%8b%9c%ec%bd%9c%ec%82%b0-tudca","status":"publish","type":"product","link":"https:\/\/naturalpoland.com\/ko\/je-pum\/ui-yak-pum-won-ryo\/geon-gang-gi-neung-sig-pum-cheom-ga-mul\/%ed%83%80%ec%9a%b0%eb%a1%9c%ec%9a%b0%ec%8a%a4%eb%8d%b0%ec%98%a5%ec%8b%9c%ec%bd%9c%ec%82%b0-tudca\/","title":{"rendered":"\ud0c0\uc6b0\ub85c\uc6b0\uc2a4\ub370\uc625\uc2dc\ucf5c\uc0b0 (TUDCA)"},"content":{"rendered":"<p>\ud0c0\uc6b0\ub85c\uc6b0\uc2a4\ub370\uc625\uc2dc\ucf5c\uc0b0(TUDCA)\uc740 \uc6b0\ub974\uc18c\ub370\uc625\uc2dc\ucf5c\uc0b0(UDCA)\uc758 \uc811\ud569 \ud615\ud0dc\uc774\uba70, \uac04\uc5d0\uc11c \uc0dd\uc131\ub418\ub294 \ub2f4\uc999\uc758 \ucc9c\uc5f0 \uc131\ubd84\uc778 \ub2f4\uc999\uc0b0\uc5d0\uc11c \uc720\ub798\ud569\ub2c8\ub2e4. \uc774 \uc81c\ud488\uc740 \ud2b9\ud788 \uc6b4\ub3d9\uc120\uc218\uc640 \ud65c\ub3d9\uc801\uc778 \uc0dd\ud65c \ubc29\uc2dd\uc744 \uac00\uc9c4 \uc0ac\ub78c\ub4e4 \uc0ac\uc774\uc5d0\uc11c \uc2dd\uc774 \ubcf4\ucda9\uc81c\ub85c \ub110\ub9ac \uc0ac\uc6a9\ub429\ub2c8\ub2e4. <\/p>\n<h3><strong>TUDCA\uc758 \ud2b9\uc131 \ubc0f \uc6a9\ub3c4:<\/strong><\/h3>\n<ul>\n<li><strong>\uac04 \uc9c0\uc6d0: <\/strong>TUDCA\ub294 \uac04 \ud574\ub3c5 \ubc0f \ubcf4\ud638\ub97c \uc9c0\uc6d0\ud558\ub294 \ud575\uc2ec \uc131\ubd84\uc73c\ub85c, \uac04\uc758 \uc815\uc0c1\uc801\uc778 \uae30\ub2a5\uc744 \ubcf4\uc7a5\ud558\uace0 \uc190\uc0c1\uc744 \uc608\ubc29\ud569\ub2c8\ub2e4. \ud2b9\ud788 \uac04\uc5d0 \ubd80\ub2f4\uc744 \uc904 \uc218 \uc788\ub294 \ubcf4\ucda9\uc81c\ub098 \uc57d\ubb3c(\uc608: \uc544\ub098\ubcfc\ub9ad \uc2a4\ud14c\ub85c\uc774\ub4dc)\uc744 \uc0ac\uc6a9\ud558\ub294 \uc6b4\ub3d9\uc120\uc218\ub4e4 \uc0ac\uc774\uc5d0\uc11c \uc778\uae30 \uc788\ub294 \uc81c\ud488\uc785\ub2c8\ub2e4. <\/li>\n<li><strong>\uc2e0\uacbd \uc138\ud3ec \ubcf4\ud638: <\/strong>\uc2e0\uacbd \uc138\ud3ec\ub97c \uc0b0\ud654 \uc2a4\ud2b8\ub808\uc2a4\uc640 \ub3c5\uc131(\uc608: \uc2e0\uccb4 \ud65c\ub3d9 \uc911)\uc73c\ub85c\ubd80\ud130 \ubcf4\ud638\ud558\ub294 \ub2a5\ub825\uc744 \ubcf4\uc5ec\uc8fc\uba70, \uc774\ub294 \ub2e4\uc591\ud55c \uc2e0\uacbd\ud559\uc801 \uc9c8\ud658\uacfc \uad00\ub828\ud558\uc5ec \uc720\uc775\ud560 \uc218 \uc788\uc2b5\ub2c8\ub2e4.<\/li>\n<li><strong>\ub208 \uac74\uac15: <\/strong>TUDCA\ub294 \ub9dd\ub9c9 \uac74\uac15\uc744 \uc9c0\uc6d0\ud558\uba70, \ub9dd\ub9c9\ubcd1\uc99d \ubc0f \ud669\ubc18\ubcc0\uc131\uc744 \ud3ec\ud568\ud55c \ub2e4\uc591\ud55c \uc548\uacfc \uc9c8\ud658\uc758 \uc704\ud5d8\uc744 \ucd5c\uc18c\ud654\ud560 \uac00\ub2a5\uc131\uc5d0 \ub300\ud574 \uc5f0\uad6c\ub418\uace0 \uc788\uc2b5\ub2c8\ub2e4.<\/li>\n<li><strong>\ud56d\uc5fc\uc99d \uc791\uc6a9: <\/strong>\uaddc\uce59\uc801\uc778 \uc6b4\ub3d9\uc740 \uc2e0\uccb4\uc5d0 \uc5fc\uc99d\uc744 \uc720\ubc1c\ud560 \uc218 \uc788\uc2b5\ub2c8\ub2e4. TUDCA\ub294 \ud56d\uc5fc\uc99d \uc791\uc6a9\uc744 \ub098\ud0c0\ub0b4\uba70, \uc774\ub294 \ube60\ub978 \ud68c\ubcf5\uacfc \ub9cc\uc131 \uc5fc\uc99d \uc608\ubc29\uc744 \ubaa9\ud45c\ub85c \ud558\ub294 \uc6b4\ub3d9\uc120\uc218\uc5d0\uac8c \uc720\uc775\ud569\ub2c8\ub2e4. <\/li>\n<\/ul>\n<h3><strong>\ubcf4\ucda9\uc81c\ub85c\uc11c\uc758 TUDCA \uc0ac\uc6a9:<\/strong><\/h3>\n<ul>\n<li>TUDCA\ub294 \uac04 \uae30\ub2a5\uc744 \uc9c0\uc6d0\ud558\ub294 \uc2dd\uc774 \ubcf4\ucda9\uc81c\uc5d0 \ub110\ub9ac \uc0ac\uc6a9\ub418\uba70, \ud2b9\ud788 \ud574\ub3c5 \uc694\ubc95\uacfc \uac04\uc5d0 \ubd80\ub2f4\uc744 \uc8fc\ub294 \ub2e4\uc591\ud55c \ubcf4\ucda9\uc81c \ubc0f \uc57d\ubb3c \uc0ac\uc6a9 \uc2dc \uac04\uc744 \uc9c0\uc6d0\ud558\ub294 \ub370 \ud65c\uc6a9\ub429\ub2c8\ub2e4.<\/li>\n<li>\ub3c5\ud2b9\ud55c \ud2b9\uc131 \ub355\ubd84\uc5d0 TUDCA\ub294 \uc2e0\uacbd\ud1f4\ud589\uc131 \uc9c8\ud658\uacfc \uad00\ub828\ud55c \ubcf4\uc870 \uc694\ubc95 \ubc0f \ub208 \ubcf4\ud638\uc5d0 \ud65c\uc6a9\ub420 \uac00\ub2a5\uc131\uc5d0 \ub300\ud574\uc11c\ub3c4 \uc5f0\uad6c\ub418\uace0 \uc788\uc2b5\ub2c8\ub2e4.<\/li>\n<\/ul>\n","protected":false},"excerpt":{"rendered":"<p>\ud0c0\uc6b0\ub85c\uc6b0\uc2a4\ub370\uc625\uc2dc\ucf5c\uc0b0(TUDCA)\uc740 \uac74\uac15\ud55c \uac04 \uae30\ub2a5\uacfc \uc804\ubc18\uc801\uc778 \uc2e0\uccb4 \ud56d\uc0c1\uc131\uc744 \uc9c0\uc6d0\ud558\ub294 \uac00\uc7a5 \uac00\uce58 \uc788\uace0 \ud6a8\uacfc\uc801\uc778 \uc131\ubd84 \uc911 \ud558\ub098\uc785\ub2c8\ub2e4.<\/p>\n","protected":false},"featured_media":42731,"template":"","meta":{"_acf_changed":false},"product_brand":[],"product_cat":[8143],"product_tag":[],"class_list":{"0":"post-42729","1":"product","2":"type-product","3":"status-publish","4":"has-post-thumbnail","6":"product_cat-geon-gang-gi-neung-sig-pum-cheom-ga-mul","8":"first","9":"instock","10":"shipping-taxable","11":"product-type-simple"},"acf":[],"yoast_head":"<!-- This site is optimized with the Yoast SEO plugin v27.6 - https:\/\/yoast.com\/product\/yoast-seo-wordpress\/ -->\n<title>\ud0c0\uc6b0\ub85c\uc6b0\uc2a4\ub370\uc625\uc2dc\ucf5c\uc0b0 (TUDCA) - Hurtowy Dystrybutor<\/title>\n<meta name=\"description\" content=\"TUDCA\ub294 \uaca9\ub82c\ud55c \uc2e0\uccb4 \ud65c\ub3d9 \uc2dc \uac04 \uac74\uac15, \ud68c\ubcf5 \ubc0f \uc804\ubc18\uc801\uc778 \uc2e0\uccb4 \ud56d\uc0c1\uc131\uc744 \uc9c0\uc6d0\ud558\ub294 \ub370 \uc720\uc6a9\ud55c \ub3c4\uad6c\uc785\ub2c8\ub2e4.\" \/>\n<meta name=\"robots\" content=\"index, follow, max-snippet:-1, max-image-preview:large, max-video-preview:-1\" \/>\n<link rel=\"canonical\" href=\"https:\/\/naturalpoland.com\/ko\/je-pum\/ui-yak-pum-won-ryo\/geon-gang-gi-neung-sig-pum-cheom-ga-mul\/%ed%83%80%ec%9a%b0%eb%a1%9c%ec%9a%b0%ec%8a%a4%eb%8d%b0%ec%98%a5%ec%8b%9c%ec%bd%9c%ec%82%b0-tudca\/\" \/>\n<meta property=\"og:locale\" content=\"ko_KR\" \/>\n<meta property=\"og:type\" content=\"article\" \/>\n<meta property=\"og:title\" content=\"\ud0c0\uc6b0\ub85c\uc6b0\uc2a4\ub370\uc625\uc2dc\ucf5c\uc0b0 (TUDCA) - Hurtowy Dystrybutor\" \/>\n<meta property=\"og:description\" content=\"TUDCA\ub294 \uaca9\ub82c\ud55c \uc2e0\uccb4 \ud65c\ub3d9 \uc2dc \uac04 \uac74\uac15, \ud68c\ubcf5 \ubc0f \uc804\ubc18\uc801\uc778 \uc2e0\uccb4 \ud56d\uc0c1\uc131\uc744 \uc9c0\uc6d0\ud558\ub294 \ub370 \uc720\uc6a9\ud55c \ub3c4\uad6c\uc785\ub2c8\ub2e4.\" \/>\n<meta property=\"og:url\" content=\"https:\/\/naturalpoland.com\/ko\/je-pum\/ui-yak-pum-won-ryo\/geon-gang-gi-neung-sig-pum-cheom-ga-mul\/%ed%83%80%ec%9a%b0%eb%a1%9c%ec%9a%b0%ec%8a%a4%eb%8d%b0%ec%98%a5%ec%8b%9c%ec%bd%9c%ec%82%b0-tudca\/\" \/>\n<meta property=\"og:site_name\" content=\"NATURAL POLAND - Hurtowy Dystrybutor Surowc\u00f3w\" \/>\n<meta property=\"article:publisher\" content=\"https:\/\/www.facebook.com\/naturalpoland.b2b\" \/>\n<meta property=\"article:modified_time\" content=\"2025-08-08T13:56:07+00:00\" \/>\n<meta property=\"og:image\" content=\"https:\/\/naturalpoland.com\/wp-content\/uploads\/tauroursodeoxycholic-acid.jpg\" \/>\n\t<meta property=\"og:image:width\" content=\"500\" \/>\n\t<meta property=\"og:image:height\" content=\"500\" \/>\n\t<meta property=\"og:image:type\" content=\"image\/jpeg\" \/>\n<script type=\"application\/ld+json\" class=\"yoast-schema-graph\">{\"@context\":\"https:\\\/\\\/schema.org\",\"@graph\":[{\"@type\":\"WebPage\",\"@id\":\"https:\\\/\\\/naturalpoland.com\\\/ko\\\/je-pum\\\/ui-yak-pum-won-ryo\\\/geon-gang-gi-neung-sig-pum-cheom-ga-mul\\\/%ed%83%80%ec%9a%b0%eb%a1%9c%ec%9a%b0%ec%8a%a4%eb%8d%b0%ec%98%a5%ec%8b%9c%ec%bd%9c%ec%82%b0-tudca\\\/\",\"url\":\"https:\\\/\\\/naturalpoland.com\\\/ko\\\/je-pum\\\/ui-yak-pum-won-ryo\\\/geon-gang-gi-neung-sig-pum-cheom-ga-mul\\\/%ed%83%80%ec%9a%b0%eb%a1%9c%ec%9a%b0%ec%8a%a4%eb%8d%b0%ec%98%a5%ec%8b%9c%ec%bd%9c%ec%82%b0-tudca\\\/\",\"name\":\"\ud0c0\uc6b0\ub85c\uc6b0\uc2a4\ub370\uc625\uc2dc\ucf5c\uc0b0 (TUDCA) - Hurtowy Dystrybutor\",\"isPartOf\":{\"@id\":\"https:\\\/\\\/naturalpoland.com\\\/ko\\\/#website\"},\"primaryImageOfPage\":{\"@id\":\"https:\\\/\\\/naturalpoland.com\\\/ko\\\/je-pum\\\/ui-yak-pum-won-ryo\\\/geon-gang-gi-neung-sig-pum-cheom-ga-mul\\\/%ed%83%80%ec%9a%b0%eb%a1%9c%ec%9a%b0%ec%8a%a4%eb%8d%b0%ec%98%a5%ec%8b%9c%ec%bd%9c%ec%82%b0-tudca\\\/#primaryimage\"},\"image\":{\"@id\":\"https:\\\/\\\/naturalpoland.com\\\/ko\\\/je-pum\\\/ui-yak-pum-won-ryo\\\/geon-gang-gi-neung-sig-pum-cheom-ga-mul\\\/%ed%83%80%ec%9a%b0%eb%a1%9c%ec%9a%b0%ec%8a%a4%eb%8d%b0%ec%98%a5%ec%8b%9c%ec%bd%9c%ec%82%b0-tudca\\\/#primaryimage\"},\"thumbnailUrl\":\"https:\\\/\\\/naturalpoland.com\\\/wp-content\\\/uploads\\\/tauroursodeoxycholic-acid.jpg\",\"datePublished\":\"2023-10-11T08:25:55+00:00\",\"dateModified\":\"2025-08-08T13:56:07+00:00\",\"description\":\"TUDCA\ub294 \uaca9\ub82c\ud55c \uc2e0\uccb4 \ud65c\ub3d9 \uc2dc \uac04 \uac74\uac15, \ud68c\ubcf5 \ubc0f \uc804\ubc18\uc801\uc778 \uc2e0\uccb4 \ud56d\uc0c1\uc131\uc744 \uc9c0\uc6d0\ud558\ub294 \ub370 \uc720\uc6a9\ud55c \ub3c4\uad6c\uc785\ub2c8\ub2e4.\",\"breadcrumb\":{\"@id\":\"https:\\\/\\\/naturalpoland.com\\\/ko\\\/je-pum\\\/ui-yak-pum-won-ryo\\\/geon-gang-gi-neung-sig-pum-cheom-ga-mul\\\/%ed%83%80%ec%9a%b0%eb%a1%9c%ec%9a%b0%ec%8a%a4%eb%8d%b0%ec%98%a5%ec%8b%9c%ec%bd%9c%ec%82%b0-tudca\\\/#breadcrumb\"},\"inLanguage\":\"ko-KR\",\"potentialAction\":[{\"@type\":\"ReadAction\",\"target\":[\"https:\\\/\\\/naturalpoland.com\\\/ko\\\/je-pum\\\/ui-yak-pum-won-ryo\\\/geon-gang-gi-neung-sig-pum-cheom-ga-mul\\\/%ed%83%80%ec%9a%b0%eb%a1%9c%ec%9a%b0%ec%8a%a4%eb%8d%b0%ec%98%a5%ec%8b%9c%ec%bd%9c%ec%82%b0-tudca\\\/\"]}]},{\"@type\":\"ImageObject\",\"inLanguage\":\"ko-KR\",\"@id\":\"https:\\\/\\\/naturalpoland.com\\\/ko\\\/je-pum\\\/ui-yak-pum-won-ryo\\\/geon-gang-gi-neung-sig-pum-cheom-ga-mul\\\/%ed%83%80%ec%9a%b0%eb%a1%9c%ec%9a%b0%ec%8a%a4%eb%8d%b0%ec%98%a5%ec%8b%9c%ec%bd%9c%ec%82%b0-tudca\\\/#primaryimage\",\"url\":\"https:\\\/\\\/naturalpoland.com\\\/wp-content\\\/uploads\\\/tauroursodeoxycholic-acid.jpg\",\"contentUrl\":\"https:\\\/\\\/naturalpoland.com\\\/wp-content\\\/uploads\\\/tauroursodeoxycholic-acid.jpg\",\"width\":500,\"height\":500,\"caption\":\"tauroursodeoxycholic acid\"},{\"@type\":\"BreadcrumbList\",\"@id\":\"https:\\\/\\\/naturalpoland.com\\\/ko\\\/je-pum\\\/ui-yak-pum-won-ryo\\\/geon-gang-gi-neung-sig-pum-cheom-ga-mul\\\/%ed%83%80%ec%9a%b0%eb%a1%9c%ec%9a%b0%ec%8a%a4%eb%8d%b0%ec%98%a5%ec%8b%9c%ec%bd%9c%ec%82%b0-tudca\\\/#breadcrumb\",\"itemListElement\":[{\"@type\":\"ListItem\",\"position\":1,\"name\":\"\ud648\",\"item\":\"https:\\\/\\\/naturalpoland.com\\\/ko\\\/\"},{\"@type\":\"ListItem\",\"position\":2,\"name\":\"\uc81c\ud488\",\"item\":\"https:\\\/\\\/naturalpoland.com\\\/ko\\\/%ec%a0%9c%ed%92%88\\\/\"},{\"@type\":\"ListItem\",\"position\":3,\"name\":\"\ud0c0\uc6b0\ub85c\uc6b0\uc2a4\ub370\uc625\uc2dc\ucf5c\uc0b0 (TUDCA)\"}]},{\"@type\":\"WebSite\",\"@id\":\"https:\\\/\\\/naturalpoland.com\\\/ko\\\/#website\",\"url\":\"https:\\\/\\\/naturalpoland.com\\\/ko\\\/\",\"name\":\"NATURAL POLAND - Hurtowy Dystrybutor Surowc\u00f3w\",\"description\":\"Surowce dla przemys\u0142u spo\u017cywczego, kosmetycznego i farmaceutycznego\",\"publisher\":{\"@id\":\"https:\\\/\\\/naturalpoland.com\\\/ko\\\/#organization\"},\"potentialAction\":[{\"@type\":\"SearchAction\",\"target\":{\"@type\":\"EntryPoint\",\"urlTemplate\":\"https:\\\/\\\/naturalpoland.com\\\/ko\\\/?s={search_term_string}\"},\"query-input\":{\"@type\":\"PropertyValueSpecification\",\"valueRequired\":true,\"valueName\":\"search_term_string\"}}],\"inLanguage\":\"ko-KR\"},{\"@type\":\"Organization\",\"@id\":\"https:\\\/\\\/naturalpoland.com\\\/ko\\\/#organization\",\"name\":\"Natural Poland\",\"url\":\"https:\\\/\\\/naturalpoland.com\\\/ko\\\/\",\"logo\":{\"@type\":\"ImageObject\",\"inLanguage\":\"ko-KR\",\"@id\":\"https:\\\/\\\/naturalpoland.com\\\/ko\\\/#\\\/schema\\\/logo\\\/image\\\/\",\"url\":\"https:\\\/\\\/naturalpoland.com\\\/wp-content\\\/uploads\\\/2021\\\/05\\\/natural-poland-icon.png\",\"contentUrl\":\"https:\\\/\\\/naturalpoland.com\\\/wp-content\\\/uploads\\\/2021\\\/05\\\/natural-poland-icon.png\",\"width\":512,\"height\":512,\"caption\":\"Natural Poland\"},\"image\":{\"@id\":\"https:\\\/\\\/naturalpoland.com\\\/ko\\\/#\\\/schema\\\/logo\\\/image\\\/\"},\"sameAs\":[\"https:\\\/\\\/www.facebook.com\\\/naturalpoland.b2b\",\"https:\\\/\\\/pl.linkedin.com\\\/company\\\/natural-poland\",\"https:\\\/\\\/www.youtube.com\\\/channel\\\/UCgeGGkvOMahZo-xu_MSEWxg\"]}]}<\/script>\n<!-- \/ Yoast SEO plugin. -->","yoast_head_json":{"title":"\ud0c0\uc6b0\ub85c\uc6b0\uc2a4\ub370\uc625\uc2dc\ucf5c\uc0b0 (TUDCA) - Hurtowy Dystrybutor","description":"TUDCA\ub294 \uaca9\ub82c\ud55c \uc2e0\uccb4 \ud65c\ub3d9 \uc2dc \uac04 \uac74\uac15, \ud68c\ubcf5 \ubc0f \uc804\ubc18\uc801\uc778 \uc2e0\uccb4 \ud56d\uc0c1\uc131\uc744 \uc9c0\uc6d0\ud558\ub294 \ub370 \uc720\uc6a9\ud55c \ub3c4\uad6c\uc785\ub2c8\ub2e4.","robots":{"index":"index","follow":"follow","max-snippet":"max-snippet:-1","max-image-preview":"max-image-preview:large","max-video-preview":"max-video-preview:-1"},"canonical":"https:\/\/naturalpoland.com\/ko\/je-pum\/ui-yak-pum-won-ryo\/geon-gang-gi-neung-sig-pum-cheom-ga-mul\/%ed%83%80%ec%9a%b0%eb%a1%9c%ec%9a%b0%ec%8a%a4%eb%8d%b0%ec%98%a5%ec%8b%9c%ec%bd%9c%ec%82%b0-tudca\/","og_locale":"ko_KR","og_type":"article","og_title":"\ud0c0\uc6b0\ub85c\uc6b0\uc2a4\ub370\uc625\uc2dc\ucf5c\uc0b0 (TUDCA) - Hurtowy Dystrybutor","og_description":"TUDCA\ub294 \uaca9\ub82c\ud55c \uc2e0\uccb4 \ud65c\ub3d9 \uc2dc \uac04 \uac74\uac15, \ud68c\ubcf5 \ubc0f \uc804\ubc18\uc801\uc778 \uc2e0\uccb4 \ud56d\uc0c1\uc131\uc744 \uc9c0\uc6d0\ud558\ub294 \ub370 \uc720\uc6a9\ud55c \ub3c4\uad6c\uc785\ub2c8\ub2e4.","og_url":"https:\/\/naturalpoland.com\/ko\/je-pum\/ui-yak-pum-won-ryo\/geon-gang-gi-neung-sig-pum-cheom-ga-mul\/%ed%83%80%ec%9a%b0%eb%a1%9c%ec%9a%b0%ec%8a%a4%eb%8d%b0%ec%98%a5%ec%8b%9c%ec%bd%9c%ec%82%b0-tudca\/","og_site_name":"NATURAL POLAND - Hurtowy Dystrybutor Surowc\u00f3w","article_publisher":"https:\/\/www.facebook.com\/naturalpoland.b2b","article_modified_time":"2025-08-08T13:56:07+00:00","og_image":[{"width":500,"height":500,"url":"https:\/\/naturalpoland.com\/wp-content\/uploads\/tauroursodeoxycholic-acid.jpg","type":"image\/jpeg"}],"schema":{"@context":"https:\/\/schema.org","@graph":[{"@type":"WebPage","@id":"https:\/\/naturalpoland.com\/ko\/je-pum\/ui-yak-pum-won-ryo\/geon-gang-gi-neung-sig-pum-cheom-ga-mul\/%ed%83%80%ec%9a%b0%eb%a1%9c%ec%9a%b0%ec%8a%a4%eb%8d%b0%ec%98%a5%ec%8b%9c%ec%bd%9c%ec%82%b0-tudca\/","url":"https:\/\/naturalpoland.com\/ko\/je-pum\/ui-yak-pum-won-ryo\/geon-gang-gi-neung-sig-pum-cheom-ga-mul\/%ed%83%80%ec%9a%b0%eb%a1%9c%ec%9a%b0%ec%8a%a4%eb%8d%b0%ec%98%a5%ec%8b%9c%ec%bd%9c%ec%82%b0-tudca\/","name":"\ud0c0\uc6b0\ub85c\uc6b0\uc2a4\ub370\uc625\uc2dc\ucf5c\uc0b0 (TUDCA) - Hurtowy Dystrybutor","isPartOf":{"@id":"https:\/\/naturalpoland.com\/ko\/#website"},"primaryImageOfPage":{"@id":"https:\/\/naturalpoland.com\/ko\/je-pum\/ui-yak-pum-won-ryo\/geon-gang-gi-neung-sig-pum-cheom-ga-mul\/%ed%83%80%ec%9a%b0%eb%a1%9c%ec%9a%b0%ec%8a%a4%eb%8d%b0%ec%98%a5%ec%8b%9c%ec%bd%9c%ec%82%b0-tudca\/#primaryimage"},"image":{"@id":"https:\/\/naturalpoland.com\/ko\/je-pum\/ui-yak-pum-won-ryo\/geon-gang-gi-neung-sig-pum-cheom-ga-mul\/%ed%83%80%ec%9a%b0%eb%a1%9c%ec%9a%b0%ec%8a%a4%eb%8d%b0%ec%98%a5%ec%8b%9c%ec%bd%9c%ec%82%b0-tudca\/#primaryimage"},"thumbnailUrl":"https:\/\/naturalpoland.com\/wp-content\/uploads\/tauroursodeoxycholic-acid.jpg","datePublished":"2023-10-11T08:25:55+00:00","dateModified":"2025-08-08T13:56:07+00:00","description":"TUDCA\ub294 \uaca9\ub82c\ud55c \uc2e0\uccb4 \ud65c\ub3d9 \uc2dc \uac04 \uac74\uac15, \ud68c\ubcf5 \ubc0f \uc804\ubc18\uc801\uc778 \uc2e0\uccb4 \ud56d\uc0c1\uc131\uc744 \uc9c0\uc6d0\ud558\ub294 \ub370 \uc720\uc6a9\ud55c \ub3c4\uad6c\uc785\ub2c8\ub2e4.","breadcrumb":{"@id":"https:\/\/naturalpoland.com\/ko\/je-pum\/ui-yak-pum-won-ryo\/geon-gang-gi-neung-sig-pum-cheom-ga-mul\/%ed%83%80%ec%9a%b0%eb%a1%9c%ec%9a%b0%ec%8a%a4%eb%8d%b0%ec%98%a5%ec%8b%9c%ec%bd%9c%ec%82%b0-tudca\/#breadcrumb"},"inLanguage":"ko-KR","potentialAction":[{"@type":"ReadAction","target":["https:\/\/naturalpoland.com\/ko\/je-pum\/ui-yak-pum-won-ryo\/geon-gang-gi-neung-sig-pum-cheom-ga-mul\/%ed%83%80%ec%9a%b0%eb%a1%9c%ec%9a%b0%ec%8a%a4%eb%8d%b0%ec%98%a5%ec%8b%9c%ec%bd%9c%ec%82%b0-tudca\/"]}]},{"@type":"ImageObject","inLanguage":"ko-KR","@id":"https:\/\/naturalpoland.com\/ko\/je-pum\/ui-yak-pum-won-ryo\/geon-gang-gi-neung-sig-pum-cheom-ga-mul\/%ed%83%80%ec%9a%b0%eb%a1%9c%ec%9a%b0%ec%8a%a4%eb%8d%b0%ec%98%a5%ec%8b%9c%ec%bd%9c%ec%82%b0-tudca\/#primaryimage","url":"https:\/\/naturalpoland.com\/wp-content\/uploads\/tauroursodeoxycholic-acid.jpg","contentUrl":"https:\/\/naturalpoland.com\/wp-content\/uploads\/tauroursodeoxycholic-acid.jpg","width":500,"height":500,"caption":"tauroursodeoxycholic acid"},{"@type":"BreadcrumbList","@id":"https:\/\/naturalpoland.com\/ko\/je-pum\/ui-yak-pum-won-ryo\/geon-gang-gi-neung-sig-pum-cheom-ga-mul\/%ed%83%80%ec%9a%b0%eb%a1%9c%ec%9a%b0%ec%8a%a4%eb%8d%b0%ec%98%a5%ec%8b%9c%ec%bd%9c%ec%82%b0-tudca\/#breadcrumb","itemListElement":[{"@type":"ListItem","position":1,"name":"\ud648","item":"https:\/\/naturalpoland.com\/ko\/"},{"@type":"ListItem","position":2,"name":"\uc81c\ud488","item":"https:\/\/naturalpoland.com\/ko\/%ec%a0%9c%ed%92%88\/"},{"@type":"ListItem","position":3,"name":"\ud0c0\uc6b0\ub85c\uc6b0\uc2a4\ub370\uc625\uc2dc\ucf5c\uc0b0 (TUDCA)"}]},{"@type":"WebSite","@id":"https:\/\/naturalpoland.com\/ko\/#website","url":"https:\/\/naturalpoland.com\/ko\/","name":"NATURAL POLAND - Hurtowy Dystrybutor Surowc\u00f3w","description":"Surowce dla przemys\u0142u spo\u017cywczego, kosmetycznego i farmaceutycznego","publisher":{"@id":"https:\/\/naturalpoland.com\/ko\/#organization"},"potentialAction":[{"@type":"SearchAction","target":{"@type":"EntryPoint","urlTemplate":"https:\/\/naturalpoland.com\/ko\/?s={search_term_string}"},"query-input":{"@type":"PropertyValueSpecification","valueRequired":true,"valueName":"search_term_string"}}],"inLanguage":"ko-KR"},{"@type":"Organization","@id":"https:\/\/naturalpoland.com\/ko\/#organization","name":"Natural Poland","url":"https:\/\/naturalpoland.com\/ko\/","logo":{"@type":"ImageObject","inLanguage":"ko-KR","@id":"https:\/\/naturalpoland.com\/ko\/#\/schema\/logo\/image\/","url":"https:\/\/naturalpoland.com\/wp-content\/uploads\/2021\/05\/natural-poland-icon.png","contentUrl":"https:\/\/naturalpoland.com\/wp-content\/uploads\/2021\/05\/natural-poland-icon.png","width":512,"height":512,"caption":"Natural Poland"},"image":{"@id":"https:\/\/naturalpoland.com\/ko\/#\/schema\/logo\/image\/"},"sameAs":["https:\/\/www.facebook.com\/naturalpoland.b2b","https:\/\/pl.linkedin.com\/company\/natural-poland","https:\/\/www.youtube.com\/channel\/UCgeGGkvOMahZo-xu_MSEWxg"]}]}},"_links":{"self":[{"href":"https:\/\/naturalpoland.com\/ko\/wp-json\/wp\/v2\/product\/42729","targetHints":{"allow":["GET"]}}],"collection":[{"href":"https:\/\/naturalpoland.com\/ko\/wp-json\/wp\/v2\/product"}],"about":[{"href":"https:\/\/naturalpoland.com\/ko\/wp-json\/wp\/v2\/types\/product"}],"wp:featuredmedia":[{"embeddable":true,"href":"https:\/\/naturalpoland.com\/ko\/wp-json\/wp\/v2\/media\/42731"}],"wp:attachment":[{"href":"https:\/\/naturalpoland.com\/ko\/wp-json\/wp\/v2\/media?parent=42729"}],"wp:term":[{"taxonomy":"product_brand","embeddable":true,"href":"https:\/\/naturalpoland.com\/ko\/wp-json\/wp\/v2\/product_brand?post=42729"},{"taxonomy":"product_cat","embeddable":true,"href":"https:\/\/naturalpoland.com\/ko\/wp-json\/wp\/v2\/product_cat?post=42729"},{"taxonomy":"product_tag","embeddable":true,"href":"https:\/\/naturalpoland.com\/ko\/wp-json\/wp\/v2\/product_tag?post=42729"}],"curies":[{"name":"wp","href":"https:\/\/api.w.org\/{rel}","templated":true}]}}