{"id":42732,"date":"2023-10-17T13:36:47","date_gmt":"2023-10-17T11:36:47","guid":{"rendered":"https:\/\/naturalpoland.com\/produkty\/uncategorized\/%ec%95%84%ed%94%bc%ea%b2%8c%eb%8b%8c\/"},"modified":"2025-08-08T15:56:11","modified_gmt":"2025-08-08T13:56:11","slug":"%ec%95%84%ed%94%bc%ea%b2%8c%eb%8b%8c","status":"publish","type":"product","link":"https:\/\/naturalpoland.com\/ko\/je-pum\/ui-yak-pum-won-ryo\/geon-gang-gi-neung-sig-pum-cheom-ga-mul\/%ec%95%84%ed%94%bc%ea%b2%8c%eb%8b%8c\/","title":{"rendered":"\uc544\ud53c\uac8c\ub2cc"},"content":{"rendered":"<h3><strong>\uc544\ud53c\uac8c\ub2cc \ubcf4\ucda9\uc81c\uc758 \uc8fc\uc694 \uc774\uc810:<\/strong><\/h3>\n<ol>\n<li><strong>\ud56d\uc0b0\ud654 \ud2b9\uc131:<\/strong> \uc138\ud3ec \uc190\uc0c1 \ubc0f \ub178\ud654 \uacfc\uc815\uc5d0 \uae30\uc5ec\ud560 \uc218 \uc788\ub294 \uccb4\ub0b4 \ud65c\uc131 \uc0b0\uc18c \uc81c\uac70\uc5d0 \ub3c4\uc6c0\uc744 \uc90d\ub2c8\ub2e4.<\/li>\n<li><strong>\ub1cc \uac74\uac15 \uc9c0\uc6d0:<\/strong> \uc608\ube44 \uc5f0\uad6c\uc5d0 \ub530\ub974\uba74 \uc544\ud53c\uac8c\ub2cc\uc740 \uc2e0\uacbd \uc138\ud3ec \ubcf4\ud638 \ubc0f \ub274\ub7f0 \uc131\uc7a5\uc744 \ucd09\uc9c4\ud568\uc73c\ub85c\uc368 \uc2e0\uacbd \uac74\uac15\uc744 \uc9c0\uc6d0\ud560 \uc218 \uc788\uc2b5\ub2c8\ub2e4.<\/li>\n<li><strong>\ud56d\uc5fc\uc99d \ud2b9\uc131:<\/strong> \uccb4\ub0b4 \uc5fc\uc99d \uac10\uc18c\uc5d0 \ub3c4\uc6c0\uc744 \uc904 \uc218 \uc788\uc73c\uba70, \uc804\ubc18\uc801\uc778 \uac74\uac15 \uac1c\uc120\uc5d0 \uae30\uc5ec\ud569\ub2c8\ub2e4.<\/li>\n<li><strong>\uc2ec\uc7a5 \uac74\uac15 \uc9c0\uc6d0:<\/strong> \uac74\uac15\ud55c \ud608\uc555 \uc218\uc900\uacfc \ud608\uad00 \uae30\ub2a5\uc744 \uc9c0\uc6d0\ud568\uc73c\ub85c\uc368 \uc2ec\ud608\uad00 \uac74\uac15 \uc720\uc9c0\uc5d0 \ub3c4\uc6c0\uc744 \uc904 \uc218 \uc788\uc2b5\ub2c8\ub2e4.<\/li>\n<li><strong>\ud53c\ubd80 \uac74\uac15 \uc9c0\uc6d0:<\/strong> \ud56d\uc0b0\ud654 \ud2b9\uc131 \ub355\ubd84\uc5d0 \uc790\uc678\uc120\uacfc \uac19\uc740 \uc678\ubd80 \uc720\ud574 \uc694\uc778\uc73c\ub85c\ubd80\ud130 \ud53c\ubd80\ub97c \ubcf4\ud638\ud558\ub294 \ub370 \ub3c4\uc6c0\uc744 \uc904 \uc218 \uc788\uc2b5\ub2c8\ub2e4.<\/li>\n<\/ol>\n<p>&nbsp;<\/p>\n<p>\uc544\ud53c\uac8c\ub2cc\uc740 \ub3c5\ud2b9\ud55c \ud56d\uc0b0\ud654, \ud56d\uc5fc\uc99d \ubc0f \uc2e0\uacbd \ubcf4\ud638 \ud2b9\uc131\uc744 \ud1b5\ud574 \uc804\ubc18\uc801\uc778 \uac74\uac15 \uc9c0\uc6d0\uc5d0 \uc911\uc810\uc744 \ub450\ub294 \ub2e4\uc7ac\ub2e4\ub2a5\ud55c \uac74\uac15 \ubcf4\uc870 \uc2dd\ud488\uc785\ub2c8\ub2e4. \uc138\ud3ec \uc218\uc900\uc5d0\uc11c \uac74\uac15\uc744 \uc9c0\uc6d0\ud558\ub294 \uc790\uc5f0\uc801\uc778 \ubc29\ubc95\uc744 \ucc3e\ub294 \uc0ac\ub78c\ub4e4\uc5d0\uac8c \uc774\uc0c1\uc801\uc778 \uc120\ud0dd\uc785\ub2c8\ub2e4. <\/p>\n","protected":false},"excerpt":{"rendered":"<p>\uc544\ud53c\uac8c\ub2cc\uc740 \ud30c\uc2ac\ub9ac, \uc140\ub7ec\ub9ac \ub4f1 \ub2e4\uc591\ud55c \uc2dd\ubb3c\uc5d0\uc11c \ubc1c\uacac\ub418\ub294 \ucc9c\uc5f0 <strong><a href=\"https:\/\/naturalpoland.com\/artykuly\/produkty-naturalne\/czym-sa-i-jak-dzialaja-flawonoidy\/\">\ud50c\ub77c\ubcf4\ub178\uc774\ub4dc<\/a><\/strong>\uc785\ub2c8\ub2e4. \ub3c5\ud2b9\ud55c \ud56d\uc0b0\ud654, \ud56d\uc5fc\uc99d \ubc0f \uc2e0\uacbd \ubcf4\ud638 \ud2b9\uc131 \ub355\ubd84\uc5d0, \uc544\ud53c\uac8c\ub2cc\uc740 \uc804\ubc18\uc801\uc778 \uac74\uac15\uacfc \uc6f0\ube59\uc744 \uc704\ud55c \uc7a0\uc7ac\uc801\uc778 \uc9c0\uc6d0\uc73c\ub85c\uc11c \ubcf4\ucda9\uc81c \ubd84\uc57c\uc5d0\uc11c \uc810\uc810 \ub354 \uc778\uc815\ubc1b\uace0 \uc788\uc2b5\ub2c8\ub2e4. <\/p>\n","protected":false},"featured_media":42733,"template":"","meta":{"_acf_changed":false},"product_brand":[],"product_cat":[8143],"product_tag":[],"class_list":{"0":"post-42732","1":"product","2":"type-product","3":"status-publish","4":"has-post-thumbnail","6":"product_cat-geon-gang-gi-neung-sig-pum-cheom-ga-mul","7":"pa_grupa-substancji-8226","9":"first","10":"instock","11":"shipping-taxable","12":"product-type-simple"},"acf":[],"yoast_head":"<!-- This site is optimized with the Yoast SEO plugin v27.6 - https:\/\/yoast.com\/product\/yoast-seo-wordpress\/ -->\n<title>\uc544\ud53c\uac8c\ub2cc - Hurtowy Dystrybutor<\/title>\n<meta name=\"description\" content=\"\uc544\ud53c\uac8c\ub2cc\uc740 \ub3c5\ud2b9\ud55c \ud56d\uc0b0\ud654, \ud56d\uc5fc\uc99d \ubc0f \uc2e0\uacbd \ubcf4\ud638 \ud2b9\uc131\uc744 \ud1b5\ud574 \uc804\ubc18\uc801\uc778 \uac74\uac15 \uc9c0\uc6d0\uc5d0 \uc911\uc810\uc744 \ub461\ub2c8\ub2e4.\" \/>\n<meta name=\"robots\" content=\"index, follow, max-snippet:-1, max-image-preview:large, max-video-preview:-1\" \/>\n<link rel=\"canonical\" href=\"https:\/\/naturalpoland.com\/ko\/je-pum\/ui-yak-pum-won-ryo\/geon-gang-gi-neung-sig-pum-cheom-ga-mul\/%ec%95%84%ed%94%bc%ea%b2%8c%eb%8b%8c\/\" \/>\n<meta property=\"og:locale\" content=\"ko_KR\" \/>\n<meta property=\"og:type\" content=\"article\" \/>\n<meta property=\"og:title\" content=\"\uc544\ud53c\uac8c\ub2cc - Hurtowy Dystrybutor\" \/>\n<meta property=\"og:description\" content=\"\uc544\ud53c\uac8c\ub2cc\uc740 \ub3c5\ud2b9\ud55c \ud56d\uc0b0\ud654, \ud56d\uc5fc\uc99d \ubc0f \uc2e0\uacbd \ubcf4\ud638 \ud2b9\uc131\uc744 \ud1b5\ud574 \uc804\ubc18\uc801\uc778 \uac74\uac15 \uc9c0\uc6d0\uc5d0 \uc911\uc810\uc744 \ub461\ub2c8\ub2e4.\" \/>\n<meta property=\"og:url\" content=\"https:\/\/naturalpoland.com\/ko\/je-pum\/ui-yak-pum-won-ryo\/geon-gang-gi-neung-sig-pum-cheom-ga-mul\/%ec%95%84%ed%94%bc%ea%b2%8c%eb%8b%8c\/\" \/>\n<meta property=\"og:site_name\" content=\"NATURAL POLAND - Hurtowy Dystrybutor Surowc\u00f3w\" \/>\n<meta property=\"article:publisher\" content=\"https:\/\/www.facebook.com\/naturalpoland.b2b\" \/>\n<meta property=\"article:modified_time\" content=\"2025-08-08T13:56:11+00:00\" \/>\n<meta property=\"og:image\" content=\"https:\/\/naturalpoland.com\/wp-content\/uploads\/apigenina.jpg\" \/>\n\t<meta property=\"og:image:width\" content=\"650\" \/>\n\t<meta property=\"og:image:height\" content=\"650\" \/>\n\t<meta property=\"og:image:type\" content=\"image\/jpeg\" \/>\n<script type=\"application\/ld+json\" class=\"yoast-schema-graph\">{\"@context\":\"https:\\\/\\\/schema.org\",\"@graph\":[{\"@type\":\"WebPage\",\"@id\":\"https:\\\/\\\/naturalpoland.com\\\/ko\\\/je-pum\\\/ui-yak-pum-won-ryo\\\/geon-gang-gi-neung-sig-pum-cheom-ga-mul\\\/%ec%95%84%ed%94%bc%ea%b2%8c%eb%8b%8c\\\/\",\"url\":\"https:\\\/\\\/naturalpoland.com\\\/ko\\\/je-pum\\\/ui-yak-pum-won-ryo\\\/geon-gang-gi-neung-sig-pum-cheom-ga-mul\\\/%ec%95%84%ed%94%bc%ea%b2%8c%eb%8b%8c\\\/\",\"name\":\"\uc544\ud53c\uac8c\ub2cc - Hurtowy Dystrybutor\",\"isPartOf\":{\"@id\":\"https:\\\/\\\/naturalpoland.com\\\/ko\\\/#website\"},\"primaryImageOfPage\":{\"@id\":\"https:\\\/\\\/naturalpoland.com\\\/ko\\\/je-pum\\\/ui-yak-pum-won-ryo\\\/geon-gang-gi-neung-sig-pum-cheom-ga-mul\\\/%ec%95%84%ed%94%bc%ea%b2%8c%eb%8b%8c\\\/#primaryimage\"},\"image\":{\"@id\":\"https:\\\/\\\/naturalpoland.com\\\/ko\\\/je-pum\\\/ui-yak-pum-won-ryo\\\/geon-gang-gi-neung-sig-pum-cheom-ga-mul\\\/%ec%95%84%ed%94%bc%ea%b2%8c%eb%8b%8c\\\/#primaryimage\"},\"thumbnailUrl\":\"https:\\\/\\\/naturalpoland.com\\\/wp-content\\\/uploads\\\/apigenina.jpg\",\"datePublished\":\"2023-10-17T11:36:47+00:00\",\"dateModified\":\"2025-08-08T13:56:11+00:00\",\"description\":\"\uc544\ud53c\uac8c\ub2cc\uc740 \ub3c5\ud2b9\ud55c \ud56d\uc0b0\ud654, \ud56d\uc5fc\uc99d \ubc0f \uc2e0\uacbd \ubcf4\ud638 \ud2b9\uc131\uc744 \ud1b5\ud574 \uc804\ubc18\uc801\uc778 \uac74\uac15 \uc9c0\uc6d0\uc5d0 \uc911\uc810\uc744 \ub461\ub2c8\ub2e4.\",\"breadcrumb\":{\"@id\":\"https:\\\/\\\/naturalpoland.com\\\/ko\\\/je-pum\\\/ui-yak-pum-won-ryo\\\/geon-gang-gi-neung-sig-pum-cheom-ga-mul\\\/%ec%95%84%ed%94%bc%ea%b2%8c%eb%8b%8c\\\/#breadcrumb\"},\"inLanguage\":\"ko-KR\",\"potentialAction\":[{\"@type\":\"ReadAction\",\"target\":[\"https:\\\/\\\/naturalpoland.com\\\/ko\\\/je-pum\\\/ui-yak-pum-won-ryo\\\/geon-gang-gi-neung-sig-pum-cheom-ga-mul\\\/%ec%95%84%ed%94%bc%ea%b2%8c%eb%8b%8c\\\/\"]}]},{\"@type\":\"ImageObject\",\"inLanguage\":\"ko-KR\",\"@id\":\"https:\\\/\\\/naturalpoland.com\\\/ko\\\/je-pum\\\/ui-yak-pum-won-ryo\\\/geon-gang-gi-neung-sig-pum-cheom-ga-mul\\\/%ec%95%84%ed%94%bc%ea%b2%8c%eb%8b%8c\\\/#primaryimage\",\"url\":\"https:\\\/\\\/naturalpoland.com\\\/wp-content\\\/uploads\\\/apigenina.jpg\",\"contentUrl\":\"https:\\\/\\\/naturalpoland.com\\\/wp-content\\\/uploads\\\/apigenina.jpg\",\"width\":650,\"height\":650,\"caption\":\"apigenina\"},{\"@type\":\"BreadcrumbList\",\"@id\":\"https:\\\/\\\/naturalpoland.com\\\/ko\\\/je-pum\\\/ui-yak-pum-won-ryo\\\/geon-gang-gi-neung-sig-pum-cheom-ga-mul\\\/%ec%95%84%ed%94%bc%ea%b2%8c%eb%8b%8c\\\/#breadcrumb\",\"itemListElement\":[{\"@type\":\"ListItem\",\"position\":1,\"name\":\"\ud648\",\"item\":\"https:\\\/\\\/naturalpoland.com\\\/ko\\\/\"},{\"@type\":\"ListItem\",\"position\":2,\"name\":\"\uc81c\ud488\",\"item\":\"https:\\\/\\\/naturalpoland.com\\\/ko\\\/%ec%a0%9c%ed%92%88\\\/\"},{\"@type\":\"ListItem\",\"position\":3,\"name\":\"\uc544\ud53c\uac8c\ub2cc\"}]},{\"@type\":\"WebSite\",\"@id\":\"https:\\\/\\\/naturalpoland.com\\\/ko\\\/#website\",\"url\":\"https:\\\/\\\/naturalpoland.com\\\/ko\\\/\",\"name\":\"NATURAL POLAND - Hurtowy Dystrybutor Surowc\u00f3w\",\"description\":\"Surowce dla przemys\u0142u spo\u017cywczego, kosmetycznego i farmaceutycznego\",\"publisher\":{\"@id\":\"https:\\\/\\\/naturalpoland.com\\\/ko\\\/#organization\"},\"potentialAction\":[{\"@type\":\"SearchAction\",\"target\":{\"@type\":\"EntryPoint\",\"urlTemplate\":\"https:\\\/\\\/naturalpoland.com\\\/ko\\\/?s={search_term_string}\"},\"query-input\":{\"@type\":\"PropertyValueSpecification\",\"valueRequired\":true,\"valueName\":\"search_term_string\"}}],\"inLanguage\":\"ko-KR\"},{\"@type\":\"Organization\",\"@id\":\"https:\\\/\\\/naturalpoland.com\\\/ko\\\/#organization\",\"name\":\"Natural Poland\",\"url\":\"https:\\\/\\\/naturalpoland.com\\\/ko\\\/\",\"logo\":{\"@type\":\"ImageObject\",\"inLanguage\":\"ko-KR\",\"@id\":\"https:\\\/\\\/naturalpoland.com\\\/ko\\\/#\\\/schema\\\/logo\\\/image\\\/\",\"url\":\"https:\\\/\\\/naturalpoland.com\\\/wp-content\\\/uploads\\\/2021\\\/05\\\/natural-poland-icon.png\",\"contentUrl\":\"https:\\\/\\\/naturalpoland.com\\\/wp-content\\\/uploads\\\/2021\\\/05\\\/natural-poland-icon.png\",\"width\":512,\"height\":512,\"caption\":\"Natural Poland\"},\"image\":{\"@id\":\"https:\\\/\\\/naturalpoland.com\\\/ko\\\/#\\\/schema\\\/logo\\\/image\\\/\"},\"sameAs\":[\"https:\\\/\\\/www.facebook.com\\\/naturalpoland.b2b\",\"https:\\\/\\\/pl.linkedin.com\\\/company\\\/natural-poland\",\"https:\\\/\\\/www.youtube.com\\\/channel\\\/UCgeGGkvOMahZo-xu_MSEWxg\"]}]}<\/script>\n<!-- \/ Yoast SEO plugin. -->","yoast_head_json":{"title":"\uc544\ud53c\uac8c\ub2cc - Hurtowy Dystrybutor","description":"\uc544\ud53c\uac8c\ub2cc\uc740 \ub3c5\ud2b9\ud55c \ud56d\uc0b0\ud654, \ud56d\uc5fc\uc99d \ubc0f \uc2e0\uacbd \ubcf4\ud638 \ud2b9\uc131\uc744 \ud1b5\ud574 \uc804\ubc18\uc801\uc778 \uac74\uac15 \uc9c0\uc6d0\uc5d0 \uc911\uc810\uc744 \ub461\ub2c8\ub2e4.","robots":{"index":"index","follow":"follow","max-snippet":"max-snippet:-1","max-image-preview":"max-image-preview:large","max-video-preview":"max-video-preview:-1"},"canonical":"https:\/\/naturalpoland.com\/ko\/je-pum\/ui-yak-pum-won-ryo\/geon-gang-gi-neung-sig-pum-cheom-ga-mul\/%ec%95%84%ed%94%bc%ea%b2%8c%eb%8b%8c\/","og_locale":"ko_KR","og_type":"article","og_title":"\uc544\ud53c\uac8c\ub2cc - Hurtowy Dystrybutor","og_description":"\uc544\ud53c\uac8c\ub2cc\uc740 \ub3c5\ud2b9\ud55c \ud56d\uc0b0\ud654, \ud56d\uc5fc\uc99d \ubc0f \uc2e0\uacbd \ubcf4\ud638 \ud2b9\uc131\uc744 \ud1b5\ud574 \uc804\ubc18\uc801\uc778 \uac74\uac15 \uc9c0\uc6d0\uc5d0 \uc911\uc810\uc744 \ub461\ub2c8\ub2e4.","og_url":"https:\/\/naturalpoland.com\/ko\/je-pum\/ui-yak-pum-won-ryo\/geon-gang-gi-neung-sig-pum-cheom-ga-mul\/%ec%95%84%ed%94%bc%ea%b2%8c%eb%8b%8c\/","og_site_name":"NATURAL POLAND - Hurtowy Dystrybutor Surowc\u00f3w","article_publisher":"https:\/\/www.facebook.com\/naturalpoland.b2b","article_modified_time":"2025-08-08T13:56:11+00:00","og_image":[{"width":650,"height":650,"url":"https:\/\/naturalpoland.com\/wp-content\/uploads\/apigenina.jpg","type":"image\/jpeg"}],"schema":{"@context":"https:\/\/schema.org","@graph":[{"@type":"WebPage","@id":"https:\/\/naturalpoland.com\/ko\/je-pum\/ui-yak-pum-won-ryo\/geon-gang-gi-neung-sig-pum-cheom-ga-mul\/%ec%95%84%ed%94%bc%ea%b2%8c%eb%8b%8c\/","url":"https:\/\/naturalpoland.com\/ko\/je-pum\/ui-yak-pum-won-ryo\/geon-gang-gi-neung-sig-pum-cheom-ga-mul\/%ec%95%84%ed%94%bc%ea%b2%8c%eb%8b%8c\/","name":"\uc544\ud53c\uac8c\ub2cc - Hurtowy Dystrybutor","isPartOf":{"@id":"https:\/\/naturalpoland.com\/ko\/#website"},"primaryImageOfPage":{"@id":"https:\/\/naturalpoland.com\/ko\/je-pum\/ui-yak-pum-won-ryo\/geon-gang-gi-neung-sig-pum-cheom-ga-mul\/%ec%95%84%ed%94%bc%ea%b2%8c%eb%8b%8c\/#primaryimage"},"image":{"@id":"https:\/\/naturalpoland.com\/ko\/je-pum\/ui-yak-pum-won-ryo\/geon-gang-gi-neung-sig-pum-cheom-ga-mul\/%ec%95%84%ed%94%bc%ea%b2%8c%eb%8b%8c\/#primaryimage"},"thumbnailUrl":"https:\/\/naturalpoland.com\/wp-content\/uploads\/apigenina.jpg","datePublished":"2023-10-17T11:36:47+00:00","dateModified":"2025-08-08T13:56:11+00:00","description":"\uc544\ud53c\uac8c\ub2cc\uc740 \ub3c5\ud2b9\ud55c \ud56d\uc0b0\ud654, \ud56d\uc5fc\uc99d \ubc0f \uc2e0\uacbd \ubcf4\ud638 \ud2b9\uc131\uc744 \ud1b5\ud574 \uc804\ubc18\uc801\uc778 \uac74\uac15 \uc9c0\uc6d0\uc5d0 \uc911\uc810\uc744 \ub461\ub2c8\ub2e4.","breadcrumb":{"@id":"https:\/\/naturalpoland.com\/ko\/je-pum\/ui-yak-pum-won-ryo\/geon-gang-gi-neung-sig-pum-cheom-ga-mul\/%ec%95%84%ed%94%bc%ea%b2%8c%eb%8b%8c\/#breadcrumb"},"inLanguage":"ko-KR","potentialAction":[{"@type":"ReadAction","target":["https:\/\/naturalpoland.com\/ko\/je-pum\/ui-yak-pum-won-ryo\/geon-gang-gi-neung-sig-pum-cheom-ga-mul\/%ec%95%84%ed%94%bc%ea%b2%8c%eb%8b%8c\/"]}]},{"@type":"ImageObject","inLanguage":"ko-KR","@id":"https:\/\/naturalpoland.com\/ko\/je-pum\/ui-yak-pum-won-ryo\/geon-gang-gi-neung-sig-pum-cheom-ga-mul\/%ec%95%84%ed%94%bc%ea%b2%8c%eb%8b%8c\/#primaryimage","url":"https:\/\/naturalpoland.com\/wp-content\/uploads\/apigenina.jpg","contentUrl":"https:\/\/naturalpoland.com\/wp-content\/uploads\/apigenina.jpg","width":650,"height":650,"caption":"apigenina"},{"@type":"BreadcrumbList","@id":"https:\/\/naturalpoland.com\/ko\/je-pum\/ui-yak-pum-won-ryo\/geon-gang-gi-neung-sig-pum-cheom-ga-mul\/%ec%95%84%ed%94%bc%ea%b2%8c%eb%8b%8c\/#breadcrumb","itemListElement":[{"@type":"ListItem","position":1,"name":"\ud648","item":"https:\/\/naturalpoland.com\/ko\/"},{"@type":"ListItem","position":2,"name":"\uc81c\ud488","item":"https:\/\/naturalpoland.com\/ko\/%ec%a0%9c%ed%92%88\/"},{"@type":"ListItem","position":3,"name":"\uc544\ud53c\uac8c\ub2cc"}]},{"@type":"WebSite","@id":"https:\/\/naturalpoland.com\/ko\/#website","url":"https:\/\/naturalpoland.com\/ko\/","name":"NATURAL POLAND - Hurtowy Dystrybutor Surowc\u00f3w","description":"Surowce dla przemys\u0142u spo\u017cywczego, kosmetycznego i farmaceutycznego","publisher":{"@id":"https:\/\/naturalpoland.com\/ko\/#organization"},"potentialAction":[{"@type":"SearchAction","target":{"@type":"EntryPoint","urlTemplate":"https:\/\/naturalpoland.com\/ko\/?s={search_term_string}"},"query-input":{"@type":"PropertyValueSpecification","valueRequired":true,"valueName":"search_term_string"}}],"inLanguage":"ko-KR"},{"@type":"Organization","@id":"https:\/\/naturalpoland.com\/ko\/#organization","name":"Natural Poland","url":"https:\/\/naturalpoland.com\/ko\/","logo":{"@type":"ImageObject","inLanguage":"ko-KR","@id":"https:\/\/naturalpoland.com\/ko\/#\/schema\/logo\/image\/","url":"https:\/\/naturalpoland.com\/wp-content\/uploads\/2021\/05\/natural-poland-icon.png","contentUrl":"https:\/\/naturalpoland.com\/wp-content\/uploads\/2021\/05\/natural-poland-icon.png","width":512,"height":512,"caption":"Natural Poland"},"image":{"@id":"https:\/\/naturalpoland.com\/ko\/#\/schema\/logo\/image\/"},"sameAs":["https:\/\/www.facebook.com\/naturalpoland.b2b","https:\/\/pl.linkedin.com\/company\/natural-poland","https:\/\/www.youtube.com\/channel\/UCgeGGkvOMahZo-xu_MSEWxg"]}]}},"_links":{"self":[{"href":"https:\/\/naturalpoland.com\/ko\/wp-json\/wp\/v2\/product\/42732","targetHints":{"allow":["GET"]}}],"collection":[{"href":"https:\/\/naturalpoland.com\/ko\/wp-json\/wp\/v2\/product"}],"about":[{"href":"https:\/\/naturalpoland.com\/ko\/wp-json\/wp\/v2\/types\/product"}],"wp:featuredmedia":[{"embeddable":true,"href":"https:\/\/naturalpoland.com\/ko\/wp-json\/wp\/v2\/media\/42733"}],"wp:attachment":[{"href":"https:\/\/naturalpoland.com\/ko\/wp-json\/wp\/v2\/media?parent=42732"}],"wp:term":[{"taxonomy":"product_brand","embeddable":true,"href":"https:\/\/naturalpoland.com\/ko\/wp-json\/wp\/v2\/product_brand?post=42732"},{"taxonomy":"product_cat","embeddable":true,"href":"https:\/\/naturalpoland.com\/ko\/wp-json\/wp\/v2\/product_cat?post=42732"},{"taxonomy":"product_tag","embeddable":true,"href":"https:\/\/naturalpoland.com\/ko\/wp-json\/wp\/v2\/product_tag?post=42732"}],"curies":[{"name":"wp","href":"https:\/\/api.w.org\/{rel}","templated":true}]}}