{"id":42736,"date":"2021-05-11T13:57:46","date_gmt":"2021-05-11T11:57:46","guid":{"rendered":"https:\/\/naturalpoland.com\/produkty\/uncategorized\/%ec%bd%9c%eb%a6%b0-%ed%83%80%eb%a5%b4%ed%8a%b8%eb%a0%88%ec%9d%b4%ed%8a%b8\/"},"modified":"2025-08-08T16:03:16","modified_gmt":"2025-08-08T14:03:16","slug":"%ec%bd%9c%eb%a6%b0-%ed%83%80%eb%a5%b4%ed%8a%b8%eb%a0%88%ec%9d%b4%ed%8a%b8","status":"publish","type":"product","link":"https:\/\/naturalpoland.com\/ko\/je-pum\/ui-yak-pum-won-ryo\/geon-gang-gi-neung-sig-pum-cheom-ga-mul\/%ec%bd%9c%eb%a6%b0-%ed%83%80%eb%a5%b4%ed%8a%b8%eb%a0%88%ec%9d%b4%ed%8a%b8\/","title":{"rendered":"\ucf5c\ub9b0 \ud0c0\ub974\ud2b8\ub808\uc774\ud2b8"},"content":{"rendered":"<p>\ucf5c\ub9b0 \ud0c0\ub974\ud2b8\ub808\uc774\ud2b8\ub294 \uc77c\ubc18\uc801\uc73c\ub85c \uc720\uc81c\ud488, \ub2ec\uac40, \uc0dd\uc120, \ubc29\uc6b8\uc591\ubc30\ucd94, \ub545\ucf69\uc744 \ud1b5\ud574 \uc12d\ucde8\ub429\ub2c8\ub2e4. \ud558\uc9c0\ub9cc \uc774\ub7ec\ud55c \uc2dd\ud488\ub9cc\uc73c\ub85c\ub294 \uc2e0\uccb4\uc5d0 \ud544\uc694\ud55c \ucda9\ubd84\ud55c \uc591\uc744 \uacf5\uae09\ud558\uae30 \uc5b4\ub835\uae30 \ub54c\ubb38\uc5d0 \ubcf4\ucda9\uc81c\ub97c \ud1b5\ud574 \uc12d\ucde8\ud558\ub294 \uac83\uc774 \ud544\uc694\ud569\ub2c8\ub2e4. \ucf5c\ub9b0 \ud0c0\ub974\ud2b8\ub808\uc774\ud2b8\ub294 \uae30\ubd84 \ubcc0\ud654\ub97c \uc608\ubc29\ud558\uace0 \ucf5c\ub808\uc2a4\ud14c\ub864 \uc218\uce58\ub97c \ub0ae\ucd94\uba70 \ud608\uc555\uc744 \ub0ae\ucd94\ub294 \ub370\ub3c4 \ub3c4\uc6c0\uc774 \ub420 \uc218 \uc788\uc2b5\ub2c8\ub2e4.  <\/p>\n","protected":false},"excerpt":{"rendered":"<p>\ucf5c\ub9b0 \ud0c0\ub974\ud2b8\ub808\uc774\ud2b8\ub294 \uc2e0\uccb4 \ub2a5\ub825\uc744 \ud5a5\uc0c1\uc2dc\ud0a4\ub824\ub294 \uc0ac\ub78c\ub4e4\uc744 \uc704\ud55c \uc911\uc694\ud55c \uc2dd\uc774 \ubcf4\ucda9\uc81c \uc131\ubd84\uc785\ub2c8\ub2e4. \ud5ec\uc2a4\uc7a5\uc5d0\uc11c \uc6b4\ub3d9\ud558\ub294 \uc0ac\ub78c\ub4e4\uacfc \uc911\uc694\ud55c \uc2dc\ud5d8\uc744 \uc900\ube44\ud558\ub294 \uc0ac\ub78c\ub4e4\uc5d0\uac8c \uad8c\uc7a5\ub429\ub2c8\ub2e4. \ucf5c\ub9b0 \ud0c0\ub974\ud2b8\ub808\uc774\ud2b8\ub294 \uadfc\uc721 \uc131\ub2a5\uc744 \ub192\uc774\uace0 \uadfc\uc721\ub7c9 \uc99d\uac00\ub97c \uc870\uc808\ud560 \ubfd0\ub9cc \uc544\ub2c8\ub77c \uae30\uc5b5\ub825\ub3c4 \uc9c0\uc6d0\ud569\ub2c8\ub2e4. \uc54c\uce20\ud558\uc774\uba38\ubcd1\uc744 \uc553\uace0 \uc788\ub294 \uc0ac\ub78c\ub4e4\uc5d0\uac8c\ub3c4 \uad8c\uc7a5\ub429\ub2c8\ub2e4.   <\/p>\n","protected":false},"featured_media":42738,"template":"","meta":{"_acf_changed":false},"product_brand":[],"product_cat":[8143],"product_tag":[],"class_list":{"0":"post-42736","1":"product","2":"type-product","3":"status-publish","4":"has-post-thumbnail","6":"product_cat-geon-gang-gi-neung-sig-pum-cheom-ga-mul","8":"first","9":"instock","10":"shipping-taxable","11":"product-type-simple"},"acf":[],"yoast_head":"<!-- This site is optimized with the Yoast SEO plugin v27.6 - https:\/\/yoast.com\/product\/yoast-seo-wordpress\/ -->\n<title>\ucf5c\ub9b0 \ud0c0\ub974\ud2b8\ub808\uc774\ud2b8 - Hurtowy Dystrybutor<\/title>\n<meta name=\"robots\" content=\"index, follow, max-snippet:-1, max-image-preview:large, max-video-preview:-1\" \/>\n<link rel=\"canonical\" href=\"https:\/\/naturalpoland.com\/ko\/je-pum\/ui-yak-pum-won-ryo\/geon-gang-gi-neung-sig-pum-cheom-ga-mul\/%ec%bd%9c%eb%a6%b0-%ed%83%80%eb%a5%b4%ed%8a%b8%eb%a0%88%ec%9d%b4%ed%8a%b8\/\" \/>\n<meta property=\"og:locale\" content=\"ko_KR\" \/>\n<meta property=\"og:type\" content=\"article\" \/>\n<meta property=\"og:title\" content=\"\ucf5c\ub9b0 \ud0c0\ub974\ud2b8\ub808\uc774\ud2b8 - Hurtowy Dystrybutor\" \/>\n<meta property=\"og:description\" content=\"\ucf5c\ub9b0 \ud0c0\ub974\ud2b8\ub808\uc774\ud2b8\ub294 \uc2e0\uccb4 \ub2a5\ub825\uc744 \ud5a5\uc0c1\uc2dc\ud0a4\ub824\ub294 \uc0ac\ub78c\ub4e4\uc744 \uc704\ud55c \uc911\uc694\ud55c \uc2dd\uc774 \ubcf4\ucda9\uc81c \uc131\ubd84\uc785\ub2c8\ub2e4. \ud5ec\uc2a4\uc7a5\uc5d0\uc11c \uc6b4\ub3d9\ud558\ub294 \uc0ac\ub78c\ub4e4\uacfc \uc911\uc694\ud55c \uc2dc\ud5d8\uc744 \uc900\ube44\ud558\ub294 \uc0ac\ub78c\ub4e4\uc5d0\uac8c \uad8c\uc7a5\ub429\ub2c8\ub2e4. \ucf5c\ub9b0 \ud0c0\ub974\ud2b8\ub808\uc774\ud2b8\ub294 \uadfc\uc721 \uc131\ub2a5\uc744 \ub192\uc774\uace0 \uadfc\uc721\ub7c9 \uc99d\uac00\ub97c \uc870\uc808\ud560 \ubfd0\ub9cc \uc544\ub2c8\ub77c \uae30\uc5b5\ub825\ub3c4 \uc9c0\uc6d0\ud569\ub2c8\ub2e4. \uc54c\uce20\ud558\uc774\uba38\ubcd1\uc744 \uc553\uace0 \uc788\ub294 \uc0ac\ub78c\ub4e4\uc5d0\uac8c\ub3c4 \uad8c\uc7a5\ub429\ub2c8\ub2e4.\" \/>\n<meta property=\"og:url\" content=\"https:\/\/naturalpoland.com\/ko\/je-pum\/ui-yak-pum-won-ryo\/geon-gang-gi-neung-sig-pum-cheom-ga-mul\/%ec%bd%9c%eb%a6%b0-%ed%83%80%eb%a5%b4%ed%8a%b8%eb%a0%88%ec%9d%b4%ed%8a%b8\/\" \/>\n<meta property=\"og:site_name\" content=\"NATURAL POLAND - Hurtowy Dystrybutor Surowc\u00f3w\" \/>\n<meta property=\"article:publisher\" content=\"https:\/\/www.facebook.com\/naturalpoland.b2b\" \/>\n<meta property=\"article:modified_time\" content=\"2025-08-08T14:03:16+00:00\" \/>\n<meta property=\"og:image\" content=\"https:\/\/naturalpoland.com\/wp-content\/uploads\/2021\/05\/choline-tartrate.png\" \/>\n\t<meta property=\"og:image:width\" content=\"1414\" \/>\n\t<meta property=\"og:image:height\" content=\"586\" \/>\n\t<meta property=\"og:image:type\" content=\"image\/png\" \/>\n<script type=\"application\/ld+json\" class=\"yoast-schema-graph\">{\"@context\":\"https:\\\/\\\/schema.org\",\"@graph\":[{\"@type\":\"WebPage\",\"@id\":\"https:\\\/\\\/naturalpoland.com\\\/ko\\\/je-pum\\\/ui-yak-pum-won-ryo\\\/geon-gang-gi-neung-sig-pum-cheom-ga-mul\\\/%ec%bd%9c%eb%a6%b0-%ed%83%80%eb%a5%b4%ed%8a%b8%eb%a0%88%ec%9d%b4%ed%8a%b8\\\/\",\"url\":\"https:\\\/\\\/naturalpoland.com\\\/ko\\\/je-pum\\\/ui-yak-pum-won-ryo\\\/geon-gang-gi-neung-sig-pum-cheom-ga-mul\\\/%ec%bd%9c%eb%a6%b0-%ed%83%80%eb%a5%b4%ed%8a%b8%eb%a0%88%ec%9d%b4%ed%8a%b8\\\/\",\"name\":\"\ucf5c\ub9b0 \ud0c0\ub974\ud2b8\ub808\uc774\ud2b8 - Hurtowy Dystrybutor\",\"isPartOf\":{\"@id\":\"https:\\\/\\\/naturalpoland.com\\\/ko\\\/#website\"},\"primaryImageOfPage\":{\"@id\":\"https:\\\/\\\/naturalpoland.com\\\/ko\\\/je-pum\\\/ui-yak-pum-won-ryo\\\/geon-gang-gi-neung-sig-pum-cheom-ga-mul\\\/%ec%bd%9c%eb%a6%b0-%ed%83%80%eb%a5%b4%ed%8a%b8%eb%a0%88%ec%9d%b4%ed%8a%b8\\\/#primaryimage\"},\"image\":{\"@id\":\"https:\\\/\\\/naturalpoland.com\\\/ko\\\/je-pum\\\/ui-yak-pum-won-ryo\\\/geon-gang-gi-neung-sig-pum-cheom-ga-mul\\\/%ec%bd%9c%eb%a6%b0-%ed%83%80%eb%a5%b4%ed%8a%b8%eb%a0%88%ec%9d%b4%ed%8a%b8\\\/#primaryimage\"},\"thumbnailUrl\":\"https:\\\/\\\/naturalpoland.com\\\/wp-content\\\/uploads\\\/2021\\\/05\\\/choline-tartrate.png\",\"datePublished\":\"2021-05-11T11:57:46+00:00\",\"dateModified\":\"2025-08-08T14:03:16+00:00\",\"breadcrumb\":{\"@id\":\"https:\\\/\\\/naturalpoland.com\\\/ko\\\/je-pum\\\/ui-yak-pum-won-ryo\\\/geon-gang-gi-neung-sig-pum-cheom-ga-mul\\\/%ec%bd%9c%eb%a6%b0-%ed%83%80%eb%a5%b4%ed%8a%b8%eb%a0%88%ec%9d%b4%ed%8a%b8\\\/#breadcrumb\"},\"inLanguage\":\"ko-KR\",\"potentialAction\":[{\"@type\":\"ReadAction\",\"target\":[\"https:\\\/\\\/naturalpoland.com\\\/ko\\\/je-pum\\\/ui-yak-pum-won-ryo\\\/geon-gang-gi-neung-sig-pum-cheom-ga-mul\\\/%ec%bd%9c%eb%a6%b0-%ed%83%80%eb%a5%b4%ed%8a%b8%eb%a0%88%ec%9d%b4%ed%8a%b8\\\/\"]}]},{\"@type\":\"ImageObject\",\"inLanguage\":\"ko-KR\",\"@id\":\"https:\\\/\\\/naturalpoland.com\\\/ko\\\/je-pum\\\/ui-yak-pum-won-ryo\\\/geon-gang-gi-neung-sig-pum-cheom-ga-mul\\\/%ec%bd%9c%eb%a6%b0-%ed%83%80%eb%a5%b4%ed%8a%b8%eb%a0%88%ec%9d%b4%ed%8a%b8\\\/#primaryimage\",\"url\":\"https:\\\/\\\/naturalpoland.com\\\/wp-content\\\/uploads\\\/2021\\\/05\\\/choline-tartrate.png\",\"contentUrl\":\"https:\\\/\\\/naturalpoland.com\\\/wp-content\\\/uploads\\\/2021\\\/05\\\/choline-tartrate.png\",\"width\":1414,\"height\":586,\"caption\":\"Winian choliny\"},{\"@type\":\"BreadcrumbList\",\"@id\":\"https:\\\/\\\/naturalpoland.com\\\/ko\\\/je-pum\\\/ui-yak-pum-won-ryo\\\/geon-gang-gi-neung-sig-pum-cheom-ga-mul\\\/%ec%bd%9c%eb%a6%b0-%ed%83%80%eb%a5%b4%ed%8a%b8%eb%a0%88%ec%9d%b4%ed%8a%b8\\\/#breadcrumb\",\"itemListElement\":[{\"@type\":\"ListItem\",\"position\":1,\"name\":\"\ud648\",\"item\":\"https:\\\/\\\/naturalpoland.com\\\/ko\\\/\"},{\"@type\":\"ListItem\",\"position\":2,\"name\":\"\uc81c\ud488\",\"item\":\"https:\\\/\\\/naturalpoland.com\\\/ko\\\/%ec%a0%9c%ed%92%88\\\/\"},{\"@type\":\"ListItem\",\"position\":3,\"name\":\"\ucf5c\ub9b0 \ud0c0\ub974\ud2b8\ub808\uc774\ud2b8\"}]},{\"@type\":\"WebSite\",\"@id\":\"https:\\\/\\\/naturalpoland.com\\\/ko\\\/#website\",\"url\":\"https:\\\/\\\/naturalpoland.com\\\/ko\\\/\",\"name\":\"NATURAL POLAND - Hurtowy Dystrybutor Surowc\u00f3w\",\"description\":\"Surowce dla przemys\u0142u spo\u017cywczego, kosmetycznego i farmaceutycznego\",\"publisher\":{\"@id\":\"https:\\\/\\\/naturalpoland.com\\\/ko\\\/#organization\"},\"potentialAction\":[{\"@type\":\"SearchAction\",\"target\":{\"@type\":\"EntryPoint\",\"urlTemplate\":\"https:\\\/\\\/naturalpoland.com\\\/ko\\\/?s={search_term_string}\"},\"query-input\":{\"@type\":\"PropertyValueSpecification\",\"valueRequired\":true,\"valueName\":\"search_term_string\"}}],\"inLanguage\":\"ko-KR\"},{\"@type\":\"Organization\",\"@id\":\"https:\\\/\\\/naturalpoland.com\\\/ko\\\/#organization\",\"name\":\"Natural Poland\",\"url\":\"https:\\\/\\\/naturalpoland.com\\\/ko\\\/\",\"logo\":{\"@type\":\"ImageObject\",\"inLanguage\":\"ko-KR\",\"@id\":\"https:\\\/\\\/naturalpoland.com\\\/ko\\\/#\\\/schema\\\/logo\\\/image\\\/\",\"url\":\"https:\\\/\\\/naturalpoland.com\\\/wp-content\\\/uploads\\\/2021\\\/05\\\/natural-poland-icon.png\",\"contentUrl\":\"https:\\\/\\\/naturalpoland.com\\\/wp-content\\\/uploads\\\/2021\\\/05\\\/natural-poland-icon.png\",\"width\":512,\"height\":512,\"caption\":\"Natural Poland\"},\"image\":{\"@id\":\"https:\\\/\\\/naturalpoland.com\\\/ko\\\/#\\\/schema\\\/logo\\\/image\\\/\"},\"sameAs\":[\"https:\\\/\\\/www.facebook.com\\\/naturalpoland.b2b\",\"https:\\\/\\\/pl.linkedin.com\\\/company\\\/natural-poland\",\"https:\\\/\\\/www.youtube.com\\\/channel\\\/UCgeGGkvOMahZo-xu_MSEWxg\"]}]}<\/script>\n<!-- \/ Yoast SEO plugin. -->","yoast_head_json":{"title":"\ucf5c\ub9b0 \ud0c0\ub974\ud2b8\ub808\uc774\ud2b8 - Hurtowy Dystrybutor","robots":{"index":"index","follow":"follow","max-snippet":"max-snippet:-1","max-image-preview":"max-image-preview:large","max-video-preview":"max-video-preview:-1"},"canonical":"https:\/\/naturalpoland.com\/ko\/je-pum\/ui-yak-pum-won-ryo\/geon-gang-gi-neung-sig-pum-cheom-ga-mul\/%ec%bd%9c%eb%a6%b0-%ed%83%80%eb%a5%b4%ed%8a%b8%eb%a0%88%ec%9d%b4%ed%8a%b8\/","og_locale":"ko_KR","og_type":"article","og_title":"\ucf5c\ub9b0 \ud0c0\ub974\ud2b8\ub808\uc774\ud2b8 - Hurtowy Dystrybutor","og_description":"\ucf5c\ub9b0 \ud0c0\ub974\ud2b8\ub808\uc774\ud2b8\ub294 \uc2e0\uccb4 \ub2a5\ub825\uc744 \ud5a5\uc0c1\uc2dc\ud0a4\ub824\ub294 \uc0ac\ub78c\ub4e4\uc744 \uc704\ud55c \uc911\uc694\ud55c \uc2dd\uc774 \ubcf4\ucda9\uc81c \uc131\ubd84\uc785\ub2c8\ub2e4. \ud5ec\uc2a4\uc7a5\uc5d0\uc11c \uc6b4\ub3d9\ud558\ub294 \uc0ac\ub78c\ub4e4\uacfc \uc911\uc694\ud55c \uc2dc\ud5d8\uc744 \uc900\ube44\ud558\ub294 \uc0ac\ub78c\ub4e4\uc5d0\uac8c \uad8c\uc7a5\ub429\ub2c8\ub2e4. \ucf5c\ub9b0 \ud0c0\ub974\ud2b8\ub808\uc774\ud2b8\ub294 \uadfc\uc721 \uc131\ub2a5\uc744 \ub192\uc774\uace0 \uadfc\uc721\ub7c9 \uc99d\uac00\ub97c \uc870\uc808\ud560 \ubfd0\ub9cc \uc544\ub2c8\ub77c \uae30\uc5b5\ub825\ub3c4 \uc9c0\uc6d0\ud569\ub2c8\ub2e4. \uc54c\uce20\ud558\uc774\uba38\ubcd1\uc744 \uc553\uace0 \uc788\ub294 \uc0ac\ub78c\ub4e4\uc5d0\uac8c\ub3c4 \uad8c\uc7a5\ub429\ub2c8\ub2e4.","og_url":"https:\/\/naturalpoland.com\/ko\/je-pum\/ui-yak-pum-won-ryo\/geon-gang-gi-neung-sig-pum-cheom-ga-mul\/%ec%bd%9c%eb%a6%b0-%ed%83%80%eb%a5%b4%ed%8a%b8%eb%a0%88%ec%9d%b4%ed%8a%b8\/","og_site_name":"NATURAL POLAND - Hurtowy Dystrybutor Surowc\u00f3w","article_publisher":"https:\/\/www.facebook.com\/naturalpoland.b2b","article_modified_time":"2025-08-08T14:03:16+00:00","og_image":[{"width":1414,"height":586,"url":"https:\/\/naturalpoland.com\/wp-content\/uploads\/2021\/05\/choline-tartrate.png","type":"image\/png"}],"schema":{"@context":"https:\/\/schema.org","@graph":[{"@type":"WebPage","@id":"https:\/\/naturalpoland.com\/ko\/je-pum\/ui-yak-pum-won-ryo\/geon-gang-gi-neung-sig-pum-cheom-ga-mul\/%ec%bd%9c%eb%a6%b0-%ed%83%80%eb%a5%b4%ed%8a%b8%eb%a0%88%ec%9d%b4%ed%8a%b8\/","url":"https:\/\/naturalpoland.com\/ko\/je-pum\/ui-yak-pum-won-ryo\/geon-gang-gi-neung-sig-pum-cheom-ga-mul\/%ec%bd%9c%eb%a6%b0-%ed%83%80%eb%a5%b4%ed%8a%b8%eb%a0%88%ec%9d%b4%ed%8a%b8\/","name":"\ucf5c\ub9b0 \ud0c0\ub974\ud2b8\ub808\uc774\ud2b8 - Hurtowy Dystrybutor","isPartOf":{"@id":"https:\/\/naturalpoland.com\/ko\/#website"},"primaryImageOfPage":{"@id":"https:\/\/naturalpoland.com\/ko\/je-pum\/ui-yak-pum-won-ryo\/geon-gang-gi-neung-sig-pum-cheom-ga-mul\/%ec%bd%9c%eb%a6%b0-%ed%83%80%eb%a5%b4%ed%8a%b8%eb%a0%88%ec%9d%b4%ed%8a%b8\/#primaryimage"},"image":{"@id":"https:\/\/naturalpoland.com\/ko\/je-pum\/ui-yak-pum-won-ryo\/geon-gang-gi-neung-sig-pum-cheom-ga-mul\/%ec%bd%9c%eb%a6%b0-%ed%83%80%eb%a5%b4%ed%8a%b8%eb%a0%88%ec%9d%b4%ed%8a%b8\/#primaryimage"},"thumbnailUrl":"https:\/\/naturalpoland.com\/wp-content\/uploads\/2021\/05\/choline-tartrate.png","datePublished":"2021-05-11T11:57:46+00:00","dateModified":"2025-08-08T14:03:16+00:00","breadcrumb":{"@id":"https:\/\/naturalpoland.com\/ko\/je-pum\/ui-yak-pum-won-ryo\/geon-gang-gi-neung-sig-pum-cheom-ga-mul\/%ec%bd%9c%eb%a6%b0-%ed%83%80%eb%a5%b4%ed%8a%b8%eb%a0%88%ec%9d%b4%ed%8a%b8\/#breadcrumb"},"inLanguage":"ko-KR","potentialAction":[{"@type":"ReadAction","target":["https:\/\/naturalpoland.com\/ko\/je-pum\/ui-yak-pum-won-ryo\/geon-gang-gi-neung-sig-pum-cheom-ga-mul\/%ec%bd%9c%eb%a6%b0-%ed%83%80%eb%a5%b4%ed%8a%b8%eb%a0%88%ec%9d%b4%ed%8a%b8\/"]}]},{"@type":"ImageObject","inLanguage":"ko-KR","@id":"https:\/\/naturalpoland.com\/ko\/je-pum\/ui-yak-pum-won-ryo\/geon-gang-gi-neung-sig-pum-cheom-ga-mul\/%ec%bd%9c%eb%a6%b0-%ed%83%80%eb%a5%b4%ed%8a%b8%eb%a0%88%ec%9d%b4%ed%8a%b8\/#primaryimage","url":"https:\/\/naturalpoland.com\/wp-content\/uploads\/2021\/05\/choline-tartrate.png","contentUrl":"https:\/\/naturalpoland.com\/wp-content\/uploads\/2021\/05\/choline-tartrate.png","width":1414,"height":586,"caption":"Winian choliny"},{"@type":"BreadcrumbList","@id":"https:\/\/naturalpoland.com\/ko\/je-pum\/ui-yak-pum-won-ryo\/geon-gang-gi-neung-sig-pum-cheom-ga-mul\/%ec%bd%9c%eb%a6%b0-%ed%83%80%eb%a5%b4%ed%8a%b8%eb%a0%88%ec%9d%b4%ed%8a%b8\/#breadcrumb","itemListElement":[{"@type":"ListItem","position":1,"name":"\ud648","item":"https:\/\/naturalpoland.com\/ko\/"},{"@type":"ListItem","position":2,"name":"\uc81c\ud488","item":"https:\/\/naturalpoland.com\/ko\/%ec%a0%9c%ed%92%88\/"},{"@type":"ListItem","position":3,"name":"\ucf5c\ub9b0 \ud0c0\ub974\ud2b8\ub808\uc774\ud2b8"}]},{"@type":"WebSite","@id":"https:\/\/naturalpoland.com\/ko\/#website","url":"https:\/\/naturalpoland.com\/ko\/","name":"NATURAL POLAND - Hurtowy Dystrybutor Surowc\u00f3w","description":"Surowce dla przemys\u0142u spo\u017cywczego, kosmetycznego i farmaceutycznego","publisher":{"@id":"https:\/\/naturalpoland.com\/ko\/#organization"},"potentialAction":[{"@type":"SearchAction","target":{"@type":"EntryPoint","urlTemplate":"https:\/\/naturalpoland.com\/ko\/?s={search_term_string}"},"query-input":{"@type":"PropertyValueSpecification","valueRequired":true,"valueName":"search_term_string"}}],"inLanguage":"ko-KR"},{"@type":"Organization","@id":"https:\/\/naturalpoland.com\/ko\/#organization","name":"Natural Poland","url":"https:\/\/naturalpoland.com\/ko\/","logo":{"@type":"ImageObject","inLanguage":"ko-KR","@id":"https:\/\/naturalpoland.com\/ko\/#\/schema\/logo\/image\/","url":"https:\/\/naturalpoland.com\/wp-content\/uploads\/2021\/05\/natural-poland-icon.png","contentUrl":"https:\/\/naturalpoland.com\/wp-content\/uploads\/2021\/05\/natural-poland-icon.png","width":512,"height":512,"caption":"Natural Poland"},"image":{"@id":"https:\/\/naturalpoland.com\/ko\/#\/schema\/logo\/image\/"},"sameAs":["https:\/\/www.facebook.com\/naturalpoland.b2b","https:\/\/pl.linkedin.com\/company\/natural-poland","https:\/\/www.youtube.com\/channel\/UCgeGGkvOMahZo-xu_MSEWxg"]}]}},"_links":{"self":[{"href":"https:\/\/naturalpoland.com\/ko\/wp-json\/wp\/v2\/product\/42736","targetHints":{"allow":["GET"]}}],"collection":[{"href":"https:\/\/naturalpoland.com\/ko\/wp-json\/wp\/v2\/product"}],"about":[{"href":"https:\/\/naturalpoland.com\/ko\/wp-json\/wp\/v2\/types\/product"}],"wp:featuredmedia":[{"embeddable":true,"href":"https:\/\/naturalpoland.com\/ko\/wp-json\/wp\/v2\/media\/42738"}],"wp:attachment":[{"href":"https:\/\/naturalpoland.com\/ko\/wp-json\/wp\/v2\/media?parent=42736"}],"wp:term":[{"taxonomy":"product_brand","embeddable":true,"href":"https:\/\/naturalpoland.com\/ko\/wp-json\/wp\/v2\/product_brand?post=42736"},{"taxonomy":"product_cat","embeddable":true,"href":"https:\/\/naturalpoland.com\/ko\/wp-json\/wp\/v2\/product_cat?post=42736"},{"taxonomy":"product_tag","embeddable":true,"href":"https:\/\/naturalpoland.com\/ko\/wp-json\/wp\/v2\/product_tag?post=42736"}],"curies":[{"name":"wp","href":"https:\/\/api.w.org\/{rel}","templated":true}]}}