{"id":42737,"date":"2023-04-21T13:54:11","date_gmt":"2023-04-21T11:54:11","guid":{"rendered":"https:\/\/naturalpoland.com\/produkty\/uncategorized\/%ea%b8%80%eb%a3%a8%ec%bd%94%ec%8b%a4%ec%84%b8%eb%9d%bc%eb%a7%88%ec%9d%b4%eb%93%9c5-%ed%95%a8%eb%9f%89%ec%9c%bc%eb%a1%9c-%ed%91%9c%ec%a4%80%ed%99%94%eb%90%9c-%eb%a6%ac%eb%b9%84%ec%97%90%eb%9d%bc\/"},"modified":"2025-08-08T16:03:16","modified_gmt":"2025-08-08T14:03:16","slug":"%ea%b8%80%eb%a3%a8%ec%bd%94%ec%8b%a4%ec%84%b8%eb%9d%bc%eb%a7%88%ec%9d%b4%eb%93%9c5-%ed%95%a8%eb%9f%89%ec%9c%bc%eb%a1%9c-%ed%91%9c%ec%a4%80%ed%99%94%eb%90%9c-%eb%a6%ac%eb%b9%84%ec%97%90%eb%9d%bc","status":"publish","type":"product","link":"https:\/\/naturalpoland.com\/ko\/je-pum\/ui-yak-pum-won-ryo\/geon-gang-gi-neung-sig-pum-cheom-ga-mul\/%ea%b8%80%eb%a3%a8%ec%bd%94%ec%8b%a4%ec%84%b8%eb%9d%bc%eb%a7%88%ec%9d%b4%eb%93%9c5-%ed%95%a8%eb%9f%89%ec%9c%bc%eb%a1%9c-%ed%91%9c%ec%a4%80%ed%99%94%eb%90%9c-%eb%a6%ac%eb%b9%84%ec%97%90%eb%9d%bc\/","title":{"rendered":"\uae00\ub8e8\ucf54\uc2e4\uc138\ub77c\ub9c8\uc774\ub4dc(5%) \ud568\ub7c9\uc73c\ub85c \ud45c\uc900\ud654\ub41c \ub9ac\ube44\uc5d0\ub77c \uace4\uc57d \ucd94\ucd9c\ubb3c"},"content":{"rendered":"<p>\uace4\uc57d \ucd94\ucd9c\ubb3c(<em>Konjac potato extract<\/em>)\uc758 \uc57d\uc6a9 \ubc0f \ubbf8\uc6a9 \ud2b9\uc131\uc740 \uc8fc\ub85c \uae00\ub8e8\ucf54\ub9cc\ub09c\uacfc \uae00\ub8e8\ucf54\uc2e4\uc138\ub77c\ub9c8\uc774\ub4dc\uc758 \uc874\uc7ac\uc640 \uad00\ub828\uc774 \uc788\uc73c\uba70, \ub2f9\uc0ac \uc81c\ud488\uc740 \uc774\uc5d0 \ub530\ub77c \ud45c\uc900\ud654\ub418\uc5b4 \uc788\uc2b5\ub2c8\ub2e4(<strong>\ucd5c\uc18c 5% \ud568\uc720<\/strong>). \uccb4\uc911 \uac10\ub7c9\uc744 \uc6d0\ud558\uac70\ub098 \uacfc\uccb4\uc911\uc73c\ub85c \uc778\ud55c \uac74\uac15\uc0c1\uc758 \ubd80\uc815\uc801\uc778 \uc601\ud5a5\uacfc \uc2f8\uc6b0\ub294 \uc0ac\ub78c\ub4e4\uc744 \uc704\ud55c \uac74\uac15 \ubcf4\uc870 \uc2dd\ud488\uc5d0 \uc0ac\uc6a9\ub420 \uc218 \uc788\uc2b5\ub2c8\ub2e4. \uc2dd\uc695\uc744 \uc5b5\uc81c\ud558\uace0 \uc2e0\uc9c4\ub300\uc0ac\ub97c \uac1c\uc120\ud558\uba70 \ubab8\uc758 \ub3c5\uc18c\ub97c \uc81c\uac70\ud558\uace0 \ud608\uc911 \ucf5c\ub808\uc2a4\ud14c\ub864\uacfc \uc911\uc131\uc9c0\ubc29 \uc218\uce58\ub97c \ub0ae\ucd94\uba70 \uc815\uc0c1\uc801\uc778 \ud3ec\ub3c4\ub2f9 \uc218\uce58\ub97c \uc720\uc9c0\ud558\ub294 \ub370 \ub3c4\uc6c0\uc744 \uc90d\ub2c8\ub2e4. \ub610\ud55c \uace4\uc57d \ucd94\ucd9c\ubb3c\uc740 \uc21c\ud658\uacc4\uc640 \ud638\ud761\uae30\ub97c \uc9c0\uc6d0\ud558\uace0 \uc554 \uc608\ubc29\uc5d0 \ub3c4\uc6c0\uc744 \uc90d\ub2c8\ub2e4.   <\/p>\n","protected":false},"excerpt":{"rendered":"<p><strong>\ub9ac\ube44\uc5d0\ub77c \uace4\uc57d(<em>Amorphophallus konjac<\/em>)<\/strong>\uc740 \uc911\uad6d\uc5d0\uc11c \uc720\ub798\ud558\uc5ec \ud604\uc7ac \ub2e4\ub978 \uc544\uc2dc\uc544 \uad6d\uac00\uc5d0\uc11c\ub3c4 \ub110\ub9ac \ud37c\uc838 \uc788\ub294 \uc774\uad6d\uc801\uc778 \uc2dd\ubb3c\uc785\ub2c8\ub2e4. \ud070 \uaf43\uacfc \ub3c5\ud2b9\ud55c \uc678\uad00\uc73c\ub85c \uc778\ud574 \uc2dd\ubb3c\uc6d0\uc5d0\uc11c \uc790\uc5f0\uc801\uc778 \ud638\uae30\uc2ec\uc744 \uc790\uc544\ub0b4\uba70 \uad00\uc0c1\uc6a9 \uc2dd\ubb3c\ub85c\ub3c4 \uc0ac\uc6a9\ub420 \uc218 \uc788\uc2b5\ub2c8\ub2e4. \uadf8\ub7ec\ub098 \uc774 \uc2dd\ubb3c\uc758 \ub369\uc774\uc904\uae30\uc640 \uadf8\ub85c\ubd80\ud130 \uc5bb\uc740 \ucd94\ucd9c\ubb3c\uc740 \uc2dd\ud488, \uc81c\uc57d \ubc0f \ud654\uc7a5\ud488 \uc0b0\uc5c5\uc5d0\uc11c\ub3c4 \uc0ac\uc6a9\ub429\ub2c8\ub2e4.  <\/p>\n","protected":false},"featured_media":42740,"template":"","meta":{"_acf_changed":false},"product_brand":[],"product_cat":[8134,8143],"product_tag":[],"class_list":{"0":"post-42737","1":"product","2":"type-product","3":"status-publish","4":"has-post-thumbnail","6":"product_cat-sig-mul-chu-chul-mul","7":"product_cat-geon-gang-gi-neung-sig-pum-cheom-ga-mul","8":"pa_certyfikaty-8218","9":"pa_certyfikaty-8219","11":"first","12":"instock","13":"shipping-taxable","14":"product-type-simple"},"acf":[],"yoast_head":"<!-- This site is optimized with the Yoast SEO plugin v27.6 - https:\/\/yoast.com\/product\/yoast-seo-wordpress\/ -->\n<title>\ub9ac\ube44\uc5d0\ub77c \uace4\uc57d \ucd94\ucd9c\ubb3c - Natural Poland<\/title>\n<meta name=\"robots\" content=\"index, follow, max-snippet:-1, max-image-preview:large, max-video-preview:-1\" \/>\n<link rel=\"canonical\" href=\"https:\/\/naturalpoland.com\/ko\/je-pum\/ui-yak-pum-won-ryo\/geon-gang-gi-neung-sig-pum-cheom-ga-mul\/%ea%b8%80%eb%a3%a8%ec%bd%94%ec%8b%a4%ec%84%b8%eb%9d%bc%eb%a7%88%ec%9d%b4%eb%93%9c5-%ed%95%a8%eb%9f%89%ec%9c%bc%eb%a1%9c-%ed%91%9c%ec%a4%80%ed%99%94%eb%90%9c-%eb%a6%ac%eb%b9%84%ec%97%90%eb%9d%bc\/\" \/>\n<meta property=\"og:locale\" content=\"ko_KR\" \/>\n<meta property=\"og:type\" content=\"article\" \/>\n<meta property=\"og:title\" content=\"\ub9ac\ube44\uc5d0\ub77c \uace4\uc57d \ucd94\ucd9c\ubb3c - Natural Poland\" \/>\n<meta property=\"og:description\" content=\"\ub9ac\ube44\uc5d0\ub77c \uace4\uc57d(Amorphophallus konjac)\uc740 \uc911\uad6d\uc5d0\uc11c \uc720\ub798\ud558\uc5ec \ud604\uc7ac \ub2e4\ub978 \uc544\uc2dc\uc544 \uad6d\uac00\uc5d0\uc11c\ub3c4 \ub110\ub9ac \ud37c\uc838 \uc788\ub294 \uc774\uad6d\uc801\uc778 \uc2dd\ubb3c\uc785\ub2c8\ub2e4. \ud070 \uaf43\uacfc \ub3c5\ud2b9\ud55c \uc678\uad00\uc73c\ub85c \uc778\ud574 \uc2dd\ubb3c\uc6d0\uc5d0\uc11c \uc790\uc5f0\uc801\uc778 \ud638\uae30\uc2ec\uc744 \uc790\uc544\ub0b4\uba70 \uad00\uc0c1\uc6a9 \uc2dd\ubb3c\ub85c\ub3c4 \uc0ac\uc6a9\ub420 \uc218 \uc788\uc2b5\ub2c8\ub2e4. \uadf8\ub7ec\ub098 \uc774 \uc2dd\ubb3c\uc758 \ub369\uc774\uc904\uae30\uc640 \uadf8\ub85c\ubd80\ud130 \uc5bb\uc740 \ucd94\ucd9c\ubb3c\uc740 \uc2dd\ud488, \uc81c\uc57d \ubc0f \ud654\uc7a5\ud488 \uc0b0\uc5c5\uc5d0\uc11c\ub3c4 \uc0ac\uc6a9\ub429\ub2c8\ub2e4.\" \/>\n<meta property=\"og:url\" content=\"https:\/\/naturalpoland.com\/ko\/je-pum\/ui-yak-pum-won-ryo\/geon-gang-gi-neung-sig-pum-cheom-ga-mul\/%ea%b8%80%eb%a3%a8%ec%bd%94%ec%8b%a4%ec%84%b8%eb%9d%bc%eb%a7%88%ec%9d%b4%eb%93%9c5-%ed%95%a8%eb%9f%89%ec%9c%bc%eb%a1%9c-%ed%91%9c%ec%a4%80%ed%99%94%eb%90%9c-%eb%a6%ac%eb%b9%84%ec%97%90%eb%9d%bc\/\" \/>\n<meta property=\"og:site_name\" content=\"NATURAL POLAND - Hurtowy Dystrybutor Surowc\u00f3w\" \/>\n<meta property=\"article:publisher\" content=\"https:\/\/www.facebook.com\/naturalpoland.b2b\" \/>\n<meta property=\"article:modified_time\" content=\"2025-08-08T14:03:16+00:00\" \/>\n<meta property=\"og:image\" content=\"https:\/\/naturalpoland.com\/wp-content\/uploads\/ekstrakt-z-dziwidla-riviera.jpg\" \/>\n\t<meta property=\"og:image:width\" content=\"500\" \/>\n\t<meta property=\"og:image:height\" content=\"500\" \/>\n\t<meta property=\"og:image:type\" content=\"image\/jpeg\" \/>\n<script type=\"application\/ld+json\" class=\"yoast-schema-graph\">{\"@context\":\"https:\\\/\\\/schema.org\",\"@graph\":[{\"@type\":\"WebPage\",\"@id\":\"https:\\\/\\\/naturalpoland.com\\\/ko\\\/je-pum\\\/ui-yak-pum-won-ryo\\\/geon-gang-gi-neung-sig-pum-cheom-ga-mul\\\/%ea%b8%80%eb%a3%a8%ec%bd%94%ec%8b%a4%ec%84%b8%eb%9d%bc%eb%a7%88%ec%9d%b4%eb%93%9c5-%ed%95%a8%eb%9f%89%ec%9c%bc%eb%a1%9c-%ed%91%9c%ec%a4%80%ed%99%94%eb%90%9c-%eb%a6%ac%eb%b9%84%ec%97%90%eb%9d%bc\\\/\",\"url\":\"https:\\\/\\\/naturalpoland.com\\\/ko\\\/je-pum\\\/ui-yak-pum-won-ryo\\\/geon-gang-gi-neung-sig-pum-cheom-ga-mul\\\/%ea%b8%80%eb%a3%a8%ec%bd%94%ec%8b%a4%ec%84%b8%eb%9d%bc%eb%a7%88%ec%9d%b4%eb%93%9c5-%ed%95%a8%eb%9f%89%ec%9c%bc%eb%a1%9c-%ed%91%9c%ec%a4%80%ed%99%94%eb%90%9c-%eb%a6%ac%eb%b9%84%ec%97%90%eb%9d%bc\\\/\",\"name\":\"\ub9ac\ube44\uc5d0\ub77c \uace4\uc57d \ucd94\ucd9c\ubb3c - Natural Poland\",\"isPartOf\":{\"@id\":\"https:\\\/\\\/naturalpoland.com\\\/ko\\\/#website\"},\"primaryImageOfPage\":{\"@id\":\"https:\\\/\\\/naturalpoland.com\\\/ko\\\/je-pum\\\/ui-yak-pum-won-ryo\\\/geon-gang-gi-neung-sig-pum-cheom-ga-mul\\\/%ea%b8%80%eb%a3%a8%ec%bd%94%ec%8b%a4%ec%84%b8%eb%9d%bc%eb%a7%88%ec%9d%b4%eb%93%9c5-%ed%95%a8%eb%9f%89%ec%9c%bc%eb%a1%9c-%ed%91%9c%ec%a4%80%ed%99%94%eb%90%9c-%eb%a6%ac%eb%b9%84%ec%97%90%eb%9d%bc\\\/#primaryimage\"},\"image\":{\"@id\":\"https:\\\/\\\/naturalpoland.com\\\/ko\\\/je-pum\\\/ui-yak-pum-won-ryo\\\/geon-gang-gi-neung-sig-pum-cheom-ga-mul\\\/%ea%b8%80%eb%a3%a8%ec%bd%94%ec%8b%a4%ec%84%b8%eb%9d%bc%eb%a7%88%ec%9d%b4%eb%93%9c5-%ed%95%a8%eb%9f%89%ec%9c%bc%eb%a1%9c-%ed%91%9c%ec%a4%80%ed%99%94%eb%90%9c-%eb%a6%ac%eb%b9%84%ec%97%90%eb%9d%bc\\\/#primaryimage\"},\"thumbnailUrl\":\"https:\\\/\\\/naturalpoland.com\\\/wp-content\\\/uploads\\\/ekstrakt-z-dziwidla-riviera.jpg\",\"datePublished\":\"2023-04-21T11:54:11+00:00\",\"dateModified\":\"2025-08-08T14:03:16+00:00\",\"breadcrumb\":{\"@id\":\"https:\\\/\\\/naturalpoland.com\\\/ko\\\/je-pum\\\/ui-yak-pum-won-ryo\\\/geon-gang-gi-neung-sig-pum-cheom-ga-mul\\\/%ea%b8%80%eb%a3%a8%ec%bd%94%ec%8b%a4%ec%84%b8%eb%9d%bc%eb%a7%88%ec%9d%b4%eb%93%9c5-%ed%95%a8%eb%9f%89%ec%9c%bc%eb%a1%9c-%ed%91%9c%ec%a4%80%ed%99%94%eb%90%9c-%eb%a6%ac%eb%b9%84%ec%97%90%eb%9d%bc\\\/#breadcrumb\"},\"inLanguage\":\"ko-KR\",\"potentialAction\":[{\"@type\":\"ReadAction\",\"target\":[\"https:\\\/\\\/naturalpoland.com\\\/ko\\\/je-pum\\\/ui-yak-pum-won-ryo\\\/geon-gang-gi-neung-sig-pum-cheom-ga-mul\\\/%ea%b8%80%eb%a3%a8%ec%bd%94%ec%8b%a4%ec%84%b8%eb%9d%bc%eb%a7%88%ec%9d%b4%eb%93%9c5-%ed%95%a8%eb%9f%89%ec%9c%bc%eb%a1%9c-%ed%91%9c%ec%a4%80%ed%99%94%eb%90%9c-%eb%a6%ac%eb%b9%84%ec%97%90%eb%9d%bc\\\/\"]}]},{\"@type\":\"ImageObject\",\"inLanguage\":\"ko-KR\",\"@id\":\"https:\\\/\\\/naturalpoland.com\\\/ko\\\/je-pum\\\/ui-yak-pum-won-ryo\\\/geon-gang-gi-neung-sig-pum-cheom-ga-mul\\\/%ea%b8%80%eb%a3%a8%ec%bd%94%ec%8b%a4%ec%84%b8%eb%9d%bc%eb%a7%88%ec%9d%b4%eb%93%9c5-%ed%95%a8%eb%9f%89%ec%9c%bc%eb%a1%9c-%ed%91%9c%ec%a4%80%ed%99%94%eb%90%9c-%eb%a6%ac%eb%b9%84%ec%97%90%eb%9d%bc\\\/#primaryimage\",\"url\":\"https:\\\/\\\/naturalpoland.com\\\/wp-content\\\/uploads\\\/ekstrakt-z-dziwidla-riviera.jpg\",\"contentUrl\":\"https:\\\/\\\/naturalpoland.com\\\/wp-content\\\/uploads\\\/ekstrakt-z-dziwidla-riviera.jpg\",\"width\":500,\"height\":500,\"caption\":\"Ekstrakt z dziwid\u0142a Riviera\"},{\"@type\":\"BreadcrumbList\",\"@id\":\"https:\\\/\\\/naturalpoland.com\\\/ko\\\/je-pum\\\/ui-yak-pum-won-ryo\\\/geon-gang-gi-neung-sig-pum-cheom-ga-mul\\\/%ea%b8%80%eb%a3%a8%ec%bd%94%ec%8b%a4%ec%84%b8%eb%9d%bc%eb%a7%88%ec%9d%b4%eb%93%9c5-%ed%95%a8%eb%9f%89%ec%9c%bc%eb%a1%9c-%ed%91%9c%ec%a4%80%ed%99%94%eb%90%9c-%eb%a6%ac%eb%b9%84%ec%97%90%eb%9d%bc\\\/#breadcrumb\",\"itemListElement\":[{\"@type\":\"ListItem\",\"position\":1,\"name\":\"\ud648\",\"item\":\"https:\\\/\\\/naturalpoland.com\\\/ko\\\/\"},{\"@type\":\"ListItem\",\"position\":2,\"name\":\"\uc81c\ud488\",\"item\":\"https:\\\/\\\/naturalpoland.com\\\/ko\\\/%ec%a0%9c%ed%92%88\\\/\"},{\"@type\":\"ListItem\",\"position\":3,\"name\":\"\uae00\ub8e8\ucf54\uc2e4\uc138\ub77c\ub9c8\uc774\ub4dc(5%) \ud568\ub7c9\uc73c\ub85c \ud45c\uc900\ud654\ub41c \ub9ac\ube44\uc5d0\ub77c \uace4\uc57d \ucd94\ucd9c\ubb3c\"}]},{\"@type\":\"WebSite\",\"@id\":\"https:\\\/\\\/naturalpoland.com\\\/ko\\\/#website\",\"url\":\"https:\\\/\\\/naturalpoland.com\\\/ko\\\/\",\"name\":\"NATURAL POLAND - Hurtowy Dystrybutor Surowc\u00f3w\",\"description\":\"Surowce dla przemys\u0142u spo\u017cywczego, kosmetycznego i farmaceutycznego\",\"publisher\":{\"@id\":\"https:\\\/\\\/naturalpoland.com\\\/ko\\\/#organization\"},\"potentialAction\":[{\"@type\":\"SearchAction\",\"target\":{\"@type\":\"EntryPoint\",\"urlTemplate\":\"https:\\\/\\\/naturalpoland.com\\\/ko\\\/?s={search_term_string}\"},\"query-input\":{\"@type\":\"PropertyValueSpecification\",\"valueRequired\":true,\"valueName\":\"search_term_string\"}}],\"inLanguage\":\"ko-KR\"},{\"@type\":\"Organization\",\"@id\":\"https:\\\/\\\/naturalpoland.com\\\/ko\\\/#organization\",\"name\":\"Natural Poland\",\"url\":\"https:\\\/\\\/naturalpoland.com\\\/ko\\\/\",\"logo\":{\"@type\":\"ImageObject\",\"inLanguage\":\"ko-KR\",\"@id\":\"https:\\\/\\\/naturalpoland.com\\\/ko\\\/#\\\/schema\\\/logo\\\/image\\\/\",\"url\":\"https:\\\/\\\/naturalpoland.com\\\/wp-content\\\/uploads\\\/2021\\\/05\\\/natural-poland-icon.png\",\"contentUrl\":\"https:\\\/\\\/naturalpoland.com\\\/wp-content\\\/uploads\\\/2021\\\/05\\\/natural-poland-icon.png\",\"width\":512,\"height\":512,\"caption\":\"Natural Poland\"},\"image\":{\"@id\":\"https:\\\/\\\/naturalpoland.com\\\/ko\\\/#\\\/schema\\\/logo\\\/image\\\/\"},\"sameAs\":[\"https:\\\/\\\/www.facebook.com\\\/naturalpoland.b2b\",\"https:\\\/\\\/pl.linkedin.com\\\/company\\\/natural-poland\",\"https:\\\/\\\/www.youtube.com\\\/channel\\\/UCgeGGkvOMahZo-xu_MSEWxg\"]}]}<\/script>\n<!-- \/ Yoast SEO plugin. -->","yoast_head_json":{"title":"\ub9ac\ube44\uc5d0\ub77c \uace4\uc57d \ucd94\ucd9c\ubb3c - Natural Poland","robots":{"index":"index","follow":"follow","max-snippet":"max-snippet:-1","max-image-preview":"max-image-preview:large","max-video-preview":"max-video-preview:-1"},"canonical":"https:\/\/naturalpoland.com\/ko\/je-pum\/ui-yak-pum-won-ryo\/geon-gang-gi-neung-sig-pum-cheom-ga-mul\/%ea%b8%80%eb%a3%a8%ec%bd%94%ec%8b%a4%ec%84%b8%eb%9d%bc%eb%a7%88%ec%9d%b4%eb%93%9c5-%ed%95%a8%eb%9f%89%ec%9c%bc%eb%a1%9c-%ed%91%9c%ec%a4%80%ed%99%94%eb%90%9c-%eb%a6%ac%eb%b9%84%ec%97%90%eb%9d%bc\/","og_locale":"ko_KR","og_type":"article","og_title":"\ub9ac\ube44\uc5d0\ub77c \uace4\uc57d \ucd94\ucd9c\ubb3c - Natural Poland","og_description":"\ub9ac\ube44\uc5d0\ub77c \uace4\uc57d(Amorphophallus konjac)\uc740 \uc911\uad6d\uc5d0\uc11c \uc720\ub798\ud558\uc5ec \ud604\uc7ac \ub2e4\ub978 \uc544\uc2dc\uc544 \uad6d\uac00\uc5d0\uc11c\ub3c4 \ub110\ub9ac \ud37c\uc838 \uc788\ub294 \uc774\uad6d\uc801\uc778 \uc2dd\ubb3c\uc785\ub2c8\ub2e4. \ud070 \uaf43\uacfc \ub3c5\ud2b9\ud55c \uc678\uad00\uc73c\ub85c \uc778\ud574 \uc2dd\ubb3c\uc6d0\uc5d0\uc11c \uc790\uc5f0\uc801\uc778 \ud638\uae30\uc2ec\uc744 \uc790\uc544\ub0b4\uba70 \uad00\uc0c1\uc6a9 \uc2dd\ubb3c\ub85c\ub3c4 \uc0ac\uc6a9\ub420 \uc218 \uc788\uc2b5\ub2c8\ub2e4. \uadf8\ub7ec\ub098 \uc774 \uc2dd\ubb3c\uc758 \ub369\uc774\uc904\uae30\uc640 \uadf8\ub85c\ubd80\ud130 \uc5bb\uc740 \ucd94\ucd9c\ubb3c\uc740 \uc2dd\ud488, \uc81c\uc57d \ubc0f \ud654\uc7a5\ud488 \uc0b0\uc5c5\uc5d0\uc11c\ub3c4 \uc0ac\uc6a9\ub429\ub2c8\ub2e4.","og_url":"https:\/\/naturalpoland.com\/ko\/je-pum\/ui-yak-pum-won-ryo\/geon-gang-gi-neung-sig-pum-cheom-ga-mul\/%ea%b8%80%eb%a3%a8%ec%bd%94%ec%8b%a4%ec%84%b8%eb%9d%bc%eb%a7%88%ec%9d%b4%eb%93%9c5-%ed%95%a8%eb%9f%89%ec%9c%bc%eb%a1%9c-%ed%91%9c%ec%a4%80%ed%99%94%eb%90%9c-%eb%a6%ac%eb%b9%84%ec%97%90%eb%9d%bc\/","og_site_name":"NATURAL POLAND - Hurtowy Dystrybutor Surowc\u00f3w","article_publisher":"https:\/\/www.facebook.com\/naturalpoland.b2b","article_modified_time":"2025-08-08T14:03:16+00:00","og_image":[{"width":500,"height":500,"url":"https:\/\/naturalpoland.com\/wp-content\/uploads\/ekstrakt-z-dziwidla-riviera.jpg","type":"image\/jpeg"}],"schema":{"@context":"https:\/\/schema.org","@graph":[{"@type":"WebPage","@id":"https:\/\/naturalpoland.com\/ko\/je-pum\/ui-yak-pum-won-ryo\/geon-gang-gi-neung-sig-pum-cheom-ga-mul\/%ea%b8%80%eb%a3%a8%ec%bd%94%ec%8b%a4%ec%84%b8%eb%9d%bc%eb%a7%88%ec%9d%b4%eb%93%9c5-%ed%95%a8%eb%9f%89%ec%9c%bc%eb%a1%9c-%ed%91%9c%ec%a4%80%ed%99%94%eb%90%9c-%eb%a6%ac%eb%b9%84%ec%97%90%eb%9d%bc\/","url":"https:\/\/naturalpoland.com\/ko\/je-pum\/ui-yak-pum-won-ryo\/geon-gang-gi-neung-sig-pum-cheom-ga-mul\/%ea%b8%80%eb%a3%a8%ec%bd%94%ec%8b%a4%ec%84%b8%eb%9d%bc%eb%a7%88%ec%9d%b4%eb%93%9c5-%ed%95%a8%eb%9f%89%ec%9c%bc%eb%a1%9c-%ed%91%9c%ec%a4%80%ed%99%94%eb%90%9c-%eb%a6%ac%eb%b9%84%ec%97%90%eb%9d%bc\/","name":"\ub9ac\ube44\uc5d0\ub77c \uace4\uc57d \ucd94\ucd9c\ubb3c - Natural Poland","isPartOf":{"@id":"https:\/\/naturalpoland.com\/ko\/#website"},"primaryImageOfPage":{"@id":"https:\/\/naturalpoland.com\/ko\/je-pum\/ui-yak-pum-won-ryo\/geon-gang-gi-neung-sig-pum-cheom-ga-mul\/%ea%b8%80%eb%a3%a8%ec%bd%94%ec%8b%a4%ec%84%b8%eb%9d%bc%eb%a7%88%ec%9d%b4%eb%93%9c5-%ed%95%a8%eb%9f%89%ec%9c%bc%eb%a1%9c-%ed%91%9c%ec%a4%80%ed%99%94%eb%90%9c-%eb%a6%ac%eb%b9%84%ec%97%90%eb%9d%bc\/#primaryimage"},"image":{"@id":"https:\/\/naturalpoland.com\/ko\/je-pum\/ui-yak-pum-won-ryo\/geon-gang-gi-neung-sig-pum-cheom-ga-mul\/%ea%b8%80%eb%a3%a8%ec%bd%94%ec%8b%a4%ec%84%b8%eb%9d%bc%eb%a7%88%ec%9d%b4%eb%93%9c5-%ed%95%a8%eb%9f%89%ec%9c%bc%eb%a1%9c-%ed%91%9c%ec%a4%80%ed%99%94%eb%90%9c-%eb%a6%ac%eb%b9%84%ec%97%90%eb%9d%bc\/#primaryimage"},"thumbnailUrl":"https:\/\/naturalpoland.com\/wp-content\/uploads\/ekstrakt-z-dziwidla-riviera.jpg","datePublished":"2023-04-21T11:54:11+00:00","dateModified":"2025-08-08T14:03:16+00:00","breadcrumb":{"@id":"https:\/\/naturalpoland.com\/ko\/je-pum\/ui-yak-pum-won-ryo\/geon-gang-gi-neung-sig-pum-cheom-ga-mul\/%ea%b8%80%eb%a3%a8%ec%bd%94%ec%8b%a4%ec%84%b8%eb%9d%bc%eb%a7%88%ec%9d%b4%eb%93%9c5-%ed%95%a8%eb%9f%89%ec%9c%bc%eb%a1%9c-%ed%91%9c%ec%a4%80%ed%99%94%eb%90%9c-%eb%a6%ac%eb%b9%84%ec%97%90%eb%9d%bc\/#breadcrumb"},"inLanguage":"ko-KR","potentialAction":[{"@type":"ReadAction","target":["https:\/\/naturalpoland.com\/ko\/je-pum\/ui-yak-pum-won-ryo\/geon-gang-gi-neung-sig-pum-cheom-ga-mul\/%ea%b8%80%eb%a3%a8%ec%bd%94%ec%8b%a4%ec%84%b8%eb%9d%bc%eb%a7%88%ec%9d%b4%eb%93%9c5-%ed%95%a8%eb%9f%89%ec%9c%bc%eb%a1%9c-%ed%91%9c%ec%a4%80%ed%99%94%eb%90%9c-%eb%a6%ac%eb%b9%84%ec%97%90%eb%9d%bc\/"]}]},{"@type":"ImageObject","inLanguage":"ko-KR","@id":"https:\/\/naturalpoland.com\/ko\/je-pum\/ui-yak-pum-won-ryo\/geon-gang-gi-neung-sig-pum-cheom-ga-mul\/%ea%b8%80%eb%a3%a8%ec%bd%94%ec%8b%a4%ec%84%b8%eb%9d%bc%eb%a7%88%ec%9d%b4%eb%93%9c5-%ed%95%a8%eb%9f%89%ec%9c%bc%eb%a1%9c-%ed%91%9c%ec%a4%80%ed%99%94%eb%90%9c-%eb%a6%ac%eb%b9%84%ec%97%90%eb%9d%bc\/#primaryimage","url":"https:\/\/naturalpoland.com\/wp-content\/uploads\/ekstrakt-z-dziwidla-riviera.jpg","contentUrl":"https:\/\/naturalpoland.com\/wp-content\/uploads\/ekstrakt-z-dziwidla-riviera.jpg","width":500,"height":500,"caption":"Ekstrakt z dziwid\u0142a Riviera"},{"@type":"BreadcrumbList","@id":"https:\/\/naturalpoland.com\/ko\/je-pum\/ui-yak-pum-won-ryo\/geon-gang-gi-neung-sig-pum-cheom-ga-mul\/%ea%b8%80%eb%a3%a8%ec%bd%94%ec%8b%a4%ec%84%b8%eb%9d%bc%eb%a7%88%ec%9d%b4%eb%93%9c5-%ed%95%a8%eb%9f%89%ec%9c%bc%eb%a1%9c-%ed%91%9c%ec%a4%80%ed%99%94%eb%90%9c-%eb%a6%ac%eb%b9%84%ec%97%90%eb%9d%bc\/#breadcrumb","itemListElement":[{"@type":"ListItem","position":1,"name":"\ud648","item":"https:\/\/naturalpoland.com\/ko\/"},{"@type":"ListItem","position":2,"name":"\uc81c\ud488","item":"https:\/\/naturalpoland.com\/ko\/%ec%a0%9c%ed%92%88\/"},{"@type":"ListItem","position":3,"name":"\uae00\ub8e8\ucf54\uc2e4\uc138\ub77c\ub9c8\uc774\ub4dc(5%) \ud568\ub7c9\uc73c\ub85c \ud45c\uc900\ud654\ub41c \ub9ac\ube44\uc5d0\ub77c \uace4\uc57d \ucd94\ucd9c\ubb3c"}]},{"@type":"WebSite","@id":"https:\/\/naturalpoland.com\/ko\/#website","url":"https:\/\/naturalpoland.com\/ko\/","name":"NATURAL POLAND - Hurtowy Dystrybutor Surowc\u00f3w","description":"Surowce dla przemys\u0142u spo\u017cywczego, kosmetycznego i farmaceutycznego","publisher":{"@id":"https:\/\/naturalpoland.com\/ko\/#organization"},"potentialAction":[{"@type":"SearchAction","target":{"@type":"EntryPoint","urlTemplate":"https:\/\/naturalpoland.com\/ko\/?s={search_term_string}"},"query-input":{"@type":"PropertyValueSpecification","valueRequired":true,"valueName":"search_term_string"}}],"inLanguage":"ko-KR"},{"@type":"Organization","@id":"https:\/\/naturalpoland.com\/ko\/#organization","name":"Natural Poland","url":"https:\/\/naturalpoland.com\/ko\/","logo":{"@type":"ImageObject","inLanguage":"ko-KR","@id":"https:\/\/naturalpoland.com\/ko\/#\/schema\/logo\/image\/","url":"https:\/\/naturalpoland.com\/wp-content\/uploads\/2021\/05\/natural-poland-icon.png","contentUrl":"https:\/\/naturalpoland.com\/wp-content\/uploads\/2021\/05\/natural-poland-icon.png","width":512,"height":512,"caption":"Natural Poland"},"image":{"@id":"https:\/\/naturalpoland.com\/ko\/#\/schema\/logo\/image\/"},"sameAs":["https:\/\/www.facebook.com\/naturalpoland.b2b","https:\/\/pl.linkedin.com\/company\/natural-poland","https:\/\/www.youtube.com\/channel\/UCgeGGkvOMahZo-xu_MSEWxg"]}]}},"_links":{"self":[{"href":"https:\/\/naturalpoland.com\/ko\/wp-json\/wp\/v2\/product\/42737","targetHints":{"allow":["GET"]}}],"collection":[{"href":"https:\/\/naturalpoland.com\/ko\/wp-json\/wp\/v2\/product"}],"about":[{"href":"https:\/\/naturalpoland.com\/ko\/wp-json\/wp\/v2\/types\/product"}],"wp:featuredmedia":[{"embeddable":true,"href":"https:\/\/naturalpoland.com\/ko\/wp-json\/wp\/v2\/media\/42740"}],"wp:attachment":[{"href":"https:\/\/naturalpoland.com\/ko\/wp-json\/wp\/v2\/media?parent=42737"}],"wp:term":[{"taxonomy":"product_brand","embeddable":true,"href":"https:\/\/naturalpoland.com\/ko\/wp-json\/wp\/v2\/product_brand?post=42737"},{"taxonomy":"product_cat","embeddable":true,"href":"https:\/\/naturalpoland.com\/ko\/wp-json\/wp\/v2\/product_cat?post=42737"},{"taxonomy":"product_tag","embeddable":true,"href":"https:\/\/naturalpoland.com\/ko\/wp-json\/wp\/v2\/product_tag?post=42737"}],"curies":[{"name":"wp","href":"https:\/\/api.w.org\/{rel}","templated":true}]}}