{"id":42745,"date":"2022-10-10T14:06:53","date_gmt":"2022-10-10T12:06:53","guid":{"rendered":"https:\/\/naturalpoland.com\/produkty\/uncategorized\/%ea%b3%84%ed%94%bc\/"},"modified":"2025-08-08T16:03:28","modified_gmt":"2025-08-08T14:03:28","slug":"%ea%b3%84%ed%94%bc","status":"publish","type":"product","link":"https:\/\/naturalpoland.com\/ko\/je-pum\/sig-pum-won-ryo\/saeng-san-yong-won-ryo\/%ea%b3%84%ed%94%bc\/","title":{"rendered":"\uacc4\ud53c"},"content":{"rendered":"<p>\uacc4\ud53c\ub294 \ub3c5\ud2b9\ud55c \ub9db\uacfc \uac74\uac15\uc0c1\uc758 \uc774\uc810\uc73c\ub85c \uc804 \uc138\uacc4\uc5d0\uc11c \uac00\uc7a5 \ub110\ub9ac \uc0ac\uc6a9\ub418\ub294 \ud5a5\uc2e0\ub8cc \uc911 \ud558\ub098\uc785\ub2c8\ub2e4. \uc774 \ud2b9\ubcc4\ud55c \uc694\ub9ac \ucca8\uac00\ubb3c\uc740 \ub9ce\uc740 \uc694\ub9ac\uc758 \ub9db\uacfc \ud5a5\uc744 \ud48d\ubd80\ud558\uac8c \ud560 \uc218 \uc788\uc73c\uba70, \uac74\uac15\uc5d0 \uc720\uc775\ud55c \ud6a8\uacfc\ub85c \uc778\ud574 \uac74\uac15\ud55c \uc2dd\ub2e8\uc758 \ud544\uc218\uc801\uc778 \uc7ac\ub8cc\uc785\ub2c8\ub2e4. <\/p>\n<p>\uacc4\ud53c\ub294 \uc5f4\ub300 \uae30\ud6c4\uc5d0\uc11c \uc790\ub77c\ub294 \uacc4\ud53c\ub098\ubb34\uc758 \uaecd\uc9c8\uc5d0\uc11c \ub098\uc635\ub2c8\ub2e4. \ub2ec\ucf64\ud558\uace0 \ub530\ub73b\ud55c \ub9db\uacfc \uac15\ub82c\ud558\uace0 \ub9e4\ucf64\ud55c \ud5a5\uc774 \ud2b9\uc9d5\uc774\uba70, \ud3b8\uc548\ud568\uacfc \ub530\ub73b\ud568\uc744 \ub290\ub07c\uac8c \ud569\ub2c8\ub2e4. \ucf00\uc774\ud06c\ub098 \ub514\uc800\ud2b8\uc640 \uac19\uc740 \ub2e8 \uc74c\uc2dd\ubfd0\ub9cc \uc544\ub2c8\ub77c \ub9e4\uc6b4 \uc74c\uc2dd\uc5d0\ub3c4 \uc0ac\uc6a9\ub418\uc5b4 \uae4a\uc774\uc640 \ubcf5\ud569\uc131\uc744 \ub354\ud569\ub2c8\ub2e4.  <\/p>\n<h2>\uacc4\ud53c\uc758 \uac74\uac15 \ud6a8\ub2a5<\/h2>\n<p>\ub9ce\uc740 \uc0ac\ub78c\ub4e4\uc774 \uacc4\ud53c\ub97c \ub9db\ubfd0\ub9cc \uc544\ub2c8\ub77c \uc7a0\uc7ac\uc801\uc778 \uac74\uac15\uc0c1\uc758 \uc774\uc810 \ub54c\ubb38\uc5d0 \ub192\uc774 \ud3c9\uac00\ud569\ub2c8\ub2e4. \uacc4\ud53c\ub294 \uc2e0\uccb4\uc758 \uc0b0\ud654 \uc2a4\ud2b8\ub808\uc2a4\ub97c \ud1f4\uce58\ud558\ub294 \ub370 \ub3c4\uc6c0\uc774 \ub418\ub294 \ud56d\uc0b0\ud654\uc81c\uac00 \ud48d\ubd80\ud569\ub2c8\ub2e4. \uc5f0\uad6c\uc5d0 \ub530\ub974\uba74 \ud608\ub2f9 \uc218\uce58\ub97c \uc870\uc808\ud558\ub294 \ub370\ub3c4 \ub3c4\uc6c0\uc774 \ub420 \uc218 \uc788\uc5b4 \ub2f9\ub1e8\ubcd1 \ud658\uc790\uc5d0\uac8c \uc720\uc775\ud569\ub2c8\ub2e4.  <\/p>\n<h2>\ud654\uc7a5\ud488 \uc18d \uacc4\ud53c<\/h2>\n<p>\uadf8\ub7ec\ub098 \uacc4\ud53c\ub294 \ub2e8\uc21c\ud788 \uc74c\uc2dd \ucca8\uac00\ubb3c\uc774 \uc544\ub2d9\ub2c8\ub2e4. <strong><a href=\"https:\/\/naturalpoland.com\/ko\/ka-te-go-ri\/hwa-jang-pum-won-ryo\/\">\ud654\uc7a5\ud488 \uc0b0\uc5c5<\/a><\/strong>\uc5d0\uc11c \uacc4\ud53c \uc624\uc77c\uc740 \ubc29\ubd80 \ubc0f \ud56d\uade0 \ud2b9\uc131\uc73c\ub85c \ub192\uc774 \ud3c9\uac00\ub429\ub2c8\ub2e4. \ub610\ud55c \uc544\ub85c\ub9c8\ud14c\ub77c\ud53c\uc5d0\uc11c\ub3c4 \uc0ac\uc6a9\ub418\uba70, \ub530\ub73b\ud558\uace0 \ub9e4\ucf64\ud55c \ud5a5\uc774 \ub9c8\uc74c\uc744 \ud3b8\uc548\ud558\uac8c \ud558\uace0 \uc9c4\uc815\uc2dc\ud0a4\ub294 \ub370 \ub3c4\uc6c0\uc774 \ub429\ub2c8\ub2e4.  <\/p>\n","protected":false},"excerpt":{"rendered":"<p>\uacc4\ud53c(<em>Cinnamomum verum<\/em>)\ub294 \uc81c2\ud615 \ub2f9\ub1e8\ubcd1 \uc608\ubc29\uc744 \uc704\ud574 \uc608\ubc29\uc801\uc73c\ub85c \uc0ac\uc6a9\ub429\ub2c8\ub2e4. \uacc4\ud53c\ub294 \uc81c\uc57d \ubc0f \ud654\uc7a5\ud488 \uc0b0\uc5c5\uc5d0\uc11c \uc0ac\uc6a9\ub429\ub2c8\ub2e4. <\/p>\n","protected":false},"featured_media":42776,"template":"","meta":{"_acf_changed":false},"product_brand":[],"product_cat":[8175,8143],"product_tag":[],"class_list":{"0":"post-42745","1":"product","2":"type-product","3":"status-publish","4":"has-post-thumbnail","6":"product_cat-saeng-san-yong-won-ryo","7":"product_cat-geon-gang-gi-neung-sig-pum-cheom-ga-mul","9":"first","10":"instock","11":"shipping-taxable","12":"product-type-simple"},"acf":[],"yoast_head":"<!-- This site is optimized with the Yoast SEO plugin v27.4 - https:\/\/yoast.com\/product\/yoast-seo-wordpress\/ -->\n<title>\uacc4\ud53c - Hurtowy Dystrybutor<\/title>\n<meta name=\"description\" content=\"\uacc4\ud53c\ub294 \ub3c5\ud2b9\ud55c \ub9db\uacfc \uac74\uac15\uc0c1\uc758 \uc774\uc810\uc73c\ub85c \uc804 \uc138\uacc4\uc5d0\uc11c \uac00\uc7a5 \ub110\ub9ac \uc0ac\uc6a9\ub418\ub294 \ud5a5\uc2e0\ub8cc \uc911 \ud558\ub098\uc785\ub2c8\ub2e4.\" \/>\n<meta name=\"robots\" content=\"index, follow, max-snippet:-1, max-image-preview:large, max-video-preview:-1\" \/>\n<link rel=\"canonical\" href=\"https:\/\/naturalpoland.com\/ko\/je-pum\/sig-pum-won-ryo\/saeng-san-yong-won-ryo\/%ea%b3%84%ed%94%bc\/\" \/>\n<meta property=\"og:locale\" content=\"ko_KR\" \/>\n<meta property=\"og:type\" content=\"article\" \/>\n<meta property=\"og:title\" content=\"\uacc4\ud53c - Hurtowy Dystrybutor\" \/>\n<meta property=\"og:description\" content=\"\uacc4\ud53c\ub294 \ub3c5\ud2b9\ud55c \ub9db\uacfc \uac74\uac15\uc0c1\uc758 \uc774\uc810\uc73c\ub85c \uc804 \uc138\uacc4\uc5d0\uc11c \uac00\uc7a5 \ub110\ub9ac \uc0ac\uc6a9\ub418\ub294 \ud5a5\uc2e0\ub8cc \uc911 \ud558\ub098\uc785\ub2c8\ub2e4.\" \/>\n<meta property=\"og:url\" content=\"https:\/\/naturalpoland.com\/ko\/je-pum\/sig-pum-won-ryo\/saeng-san-yong-won-ryo\/%ea%b3%84%ed%94%bc\/\" \/>\n<meta property=\"og:site_name\" content=\"NATURAL POLAND - Hurtowy Dystrybutor Surowc\u00f3w\" \/>\n<meta property=\"article:publisher\" content=\"https:\/\/www.facebook.com\/naturalpoland.b2b\" \/>\n<meta property=\"article:modified_time\" content=\"2025-08-08T14:03:28+00:00\" \/>\n<meta property=\"og:image\" content=\"https:\/\/naturalpoland.com\/wp-content\/uploads\/cinnamon.jpg\" \/>\n\t<meta property=\"og:image:width\" content=\"500\" \/>\n\t<meta property=\"og:image:height\" content=\"500\" \/>\n\t<meta property=\"og:image:type\" content=\"image\/jpeg\" \/>\n<script type=\"application\/ld+json\" class=\"yoast-schema-graph\">{\"@context\":\"https:\\\/\\\/schema.org\",\"@graph\":[{\"@type\":\"WebPage\",\"@id\":\"https:\\\/\\\/naturalpoland.com\\\/ko\\\/je-pum\\\/sig-pum-won-ryo\\\/saeng-san-yong-won-ryo\\\/%ea%b3%84%ed%94%bc\\\/\",\"url\":\"https:\\\/\\\/naturalpoland.com\\\/ko\\\/je-pum\\\/sig-pum-won-ryo\\\/saeng-san-yong-won-ryo\\\/%ea%b3%84%ed%94%bc\\\/\",\"name\":\"\uacc4\ud53c - Hurtowy Dystrybutor\",\"isPartOf\":{\"@id\":\"https:\\\/\\\/naturalpoland.com\\\/ko\\\/#website\"},\"primaryImageOfPage\":{\"@id\":\"https:\\\/\\\/naturalpoland.com\\\/ko\\\/je-pum\\\/sig-pum-won-ryo\\\/saeng-san-yong-won-ryo\\\/%ea%b3%84%ed%94%bc\\\/#primaryimage\"},\"image\":{\"@id\":\"https:\\\/\\\/naturalpoland.com\\\/ko\\\/je-pum\\\/sig-pum-won-ryo\\\/saeng-san-yong-won-ryo\\\/%ea%b3%84%ed%94%bc\\\/#primaryimage\"},\"thumbnailUrl\":\"https:\\\/\\\/naturalpoland.com\\\/wp-content\\\/uploads\\\/cinnamon.jpg\",\"datePublished\":\"2022-10-10T12:06:53+00:00\",\"dateModified\":\"2025-08-08T14:03:28+00:00\",\"description\":\"\uacc4\ud53c\ub294 \ub3c5\ud2b9\ud55c \ub9db\uacfc \uac74\uac15\uc0c1\uc758 \uc774\uc810\uc73c\ub85c \uc804 \uc138\uacc4\uc5d0\uc11c \uac00\uc7a5 \ub110\ub9ac \uc0ac\uc6a9\ub418\ub294 \ud5a5\uc2e0\ub8cc \uc911 \ud558\ub098\uc785\ub2c8\ub2e4.\",\"breadcrumb\":{\"@id\":\"https:\\\/\\\/naturalpoland.com\\\/ko\\\/je-pum\\\/sig-pum-won-ryo\\\/saeng-san-yong-won-ryo\\\/%ea%b3%84%ed%94%bc\\\/#breadcrumb\"},\"inLanguage\":\"ko-KR\",\"potentialAction\":[{\"@type\":\"ReadAction\",\"target\":[\"https:\\\/\\\/naturalpoland.com\\\/ko\\\/je-pum\\\/sig-pum-won-ryo\\\/saeng-san-yong-won-ryo\\\/%ea%b3%84%ed%94%bc\\\/\"]}]},{\"@type\":\"ImageObject\",\"inLanguage\":\"ko-KR\",\"@id\":\"https:\\\/\\\/naturalpoland.com\\\/ko\\\/je-pum\\\/sig-pum-won-ryo\\\/saeng-san-yong-won-ryo\\\/%ea%b3%84%ed%94%bc\\\/#primaryimage\",\"url\":\"https:\\\/\\\/naturalpoland.com\\\/wp-content\\\/uploads\\\/cinnamon.jpg\",\"contentUrl\":\"https:\\\/\\\/naturalpoland.com\\\/wp-content\\\/uploads\\\/cinnamon.jpg\",\"width\":500,\"height\":500,\"caption\":\"cynamon\"},{\"@type\":\"BreadcrumbList\",\"@id\":\"https:\\\/\\\/naturalpoland.com\\\/ko\\\/je-pum\\\/sig-pum-won-ryo\\\/saeng-san-yong-won-ryo\\\/%ea%b3%84%ed%94%bc\\\/#breadcrumb\",\"itemListElement\":[{\"@type\":\"ListItem\",\"position\":1,\"name\":\"\ud648\",\"item\":\"https:\\\/\\\/naturalpoland.com\\\/ko\\\/\"},{\"@type\":\"ListItem\",\"position\":2,\"name\":\"\uc81c\ud488\",\"item\":\"https:\\\/\\\/naturalpoland.com\\\/ko\\\/%ec%a0%9c%ed%92%88\\\/\"},{\"@type\":\"ListItem\",\"position\":3,\"name\":\"\uacc4\ud53c\"}]},{\"@type\":\"WebSite\",\"@id\":\"https:\\\/\\\/naturalpoland.com\\\/ko\\\/#website\",\"url\":\"https:\\\/\\\/naturalpoland.com\\\/ko\\\/\",\"name\":\"NATURAL POLAND - Hurtowy Dystrybutor Surowc\u00f3w\",\"description\":\"Surowce dla przemys\u0142u spo\u017cywczego, kosmetycznego i farmaceutycznego\",\"publisher\":{\"@id\":\"https:\\\/\\\/naturalpoland.com\\\/ko\\\/#organization\"},\"potentialAction\":[{\"@type\":\"SearchAction\",\"target\":{\"@type\":\"EntryPoint\",\"urlTemplate\":\"https:\\\/\\\/naturalpoland.com\\\/ko\\\/?s={search_term_string}\"},\"query-input\":{\"@type\":\"PropertyValueSpecification\",\"valueRequired\":true,\"valueName\":\"search_term_string\"}}],\"inLanguage\":\"ko-KR\"},{\"@type\":\"Organization\",\"@id\":\"https:\\\/\\\/naturalpoland.com\\\/ko\\\/#organization\",\"name\":\"Natural Poland\",\"url\":\"https:\\\/\\\/naturalpoland.com\\\/ko\\\/\",\"logo\":{\"@type\":\"ImageObject\",\"inLanguage\":\"ko-KR\",\"@id\":\"https:\\\/\\\/naturalpoland.com\\\/ko\\\/#\\\/schema\\\/logo\\\/image\\\/\",\"url\":\"https:\\\/\\\/naturalpoland.com\\\/wp-content\\\/uploads\\\/2021\\\/05\\\/natural-poland-icon.png\",\"contentUrl\":\"https:\\\/\\\/naturalpoland.com\\\/wp-content\\\/uploads\\\/2021\\\/05\\\/natural-poland-icon.png\",\"width\":512,\"height\":512,\"caption\":\"Natural Poland\"},\"image\":{\"@id\":\"https:\\\/\\\/naturalpoland.com\\\/ko\\\/#\\\/schema\\\/logo\\\/image\\\/\"},\"sameAs\":[\"https:\\\/\\\/www.facebook.com\\\/naturalpoland.b2b\",\"https:\\\/\\\/pl.linkedin.com\\\/company\\\/natural-poland\",\"https:\\\/\\\/www.youtube.com\\\/channel\\\/UCgeGGkvOMahZo-xu_MSEWxg\"]}]}<\/script>\n<!-- \/ Yoast SEO plugin. -->","yoast_head_json":{"title":"\uacc4\ud53c - Hurtowy Dystrybutor","description":"\uacc4\ud53c\ub294 \ub3c5\ud2b9\ud55c \ub9db\uacfc \uac74\uac15\uc0c1\uc758 \uc774\uc810\uc73c\ub85c \uc804 \uc138\uacc4\uc5d0\uc11c \uac00\uc7a5 \ub110\ub9ac \uc0ac\uc6a9\ub418\ub294 \ud5a5\uc2e0\ub8cc \uc911 \ud558\ub098\uc785\ub2c8\ub2e4.","robots":{"index":"index","follow":"follow","max-snippet":"max-snippet:-1","max-image-preview":"max-image-preview:large","max-video-preview":"max-video-preview:-1"},"canonical":"https:\/\/naturalpoland.com\/ko\/je-pum\/sig-pum-won-ryo\/saeng-san-yong-won-ryo\/%ea%b3%84%ed%94%bc\/","og_locale":"ko_KR","og_type":"article","og_title":"\uacc4\ud53c - Hurtowy Dystrybutor","og_description":"\uacc4\ud53c\ub294 \ub3c5\ud2b9\ud55c \ub9db\uacfc \uac74\uac15\uc0c1\uc758 \uc774\uc810\uc73c\ub85c \uc804 \uc138\uacc4\uc5d0\uc11c \uac00\uc7a5 \ub110\ub9ac \uc0ac\uc6a9\ub418\ub294 \ud5a5\uc2e0\ub8cc \uc911 \ud558\ub098\uc785\ub2c8\ub2e4.","og_url":"https:\/\/naturalpoland.com\/ko\/je-pum\/sig-pum-won-ryo\/saeng-san-yong-won-ryo\/%ea%b3%84%ed%94%bc\/","og_site_name":"NATURAL POLAND - Hurtowy Dystrybutor Surowc\u00f3w","article_publisher":"https:\/\/www.facebook.com\/naturalpoland.b2b","article_modified_time":"2025-08-08T14:03:28+00:00","og_image":[{"width":500,"height":500,"url":"https:\/\/naturalpoland.com\/wp-content\/uploads\/cinnamon.jpg","type":"image\/jpeg"}],"schema":{"@context":"https:\/\/schema.org","@graph":[{"@type":"WebPage","@id":"https:\/\/naturalpoland.com\/ko\/je-pum\/sig-pum-won-ryo\/saeng-san-yong-won-ryo\/%ea%b3%84%ed%94%bc\/","url":"https:\/\/naturalpoland.com\/ko\/je-pum\/sig-pum-won-ryo\/saeng-san-yong-won-ryo\/%ea%b3%84%ed%94%bc\/","name":"\uacc4\ud53c - Hurtowy Dystrybutor","isPartOf":{"@id":"https:\/\/naturalpoland.com\/ko\/#website"},"primaryImageOfPage":{"@id":"https:\/\/naturalpoland.com\/ko\/je-pum\/sig-pum-won-ryo\/saeng-san-yong-won-ryo\/%ea%b3%84%ed%94%bc\/#primaryimage"},"image":{"@id":"https:\/\/naturalpoland.com\/ko\/je-pum\/sig-pum-won-ryo\/saeng-san-yong-won-ryo\/%ea%b3%84%ed%94%bc\/#primaryimage"},"thumbnailUrl":"https:\/\/naturalpoland.com\/wp-content\/uploads\/cinnamon.jpg","datePublished":"2022-10-10T12:06:53+00:00","dateModified":"2025-08-08T14:03:28+00:00","description":"\uacc4\ud53c\ub294 \ub3c5\ud2b9\ud55c \ub9db\uacfc \uac74\uac15\uc0c1\uc758 \uc774\uc810\uc73c\ub85c \uc804 \uc138\uacc4\uc5d0\uc11c \uac00\uc7a5 \ub110\ub9ac \uc0ac\uc6a9\ub418\ub294 \ud5a5\uc2e0\ub8cc \uc911 \ud558\ub098\uc785\ub2c8\ub2e4.","breadcrumb":{"@id":"https:\/\/naturalpoland.com\/ko\/je-pum\/sig-pum-won-ryo\/saeng-san-yong-won-ryo\/%ea%b3%84%ed%94%bc\/#breadcrumb"},"inLanguage":"ko-KR","potentialAction":[{"@type":"ReadAction","target":["https:\/\/naturalpoland.com\/ko\/je-pum\/sig-pum-won-ryo\/saeng-san-yong-won-ryo\/%ea%b3%84%ed%94%bc\/"]}]},{"@type":"ImageObject","inLanguage":"ko-KR","@id":"https:\/\/naturalpoland.com\/ko\/je-pum\/sig-pum-won-ryo\/saeng-san-yong-won-ryo\/%ea%b3%84%ed%94%bc\/#primaryimage","url":"https:\/\/naturalpoland.com\/wp-content\/uploads\/cinnamon.jpg","contentUrl":"https:\/\/naturalpoland.com\/wp-content\/uploads\/cinnamon.jpg","width":500,"height":500,"caption":"cynamon"},{"@type":"BreadcrumbList","@id":"https:\/\/naturalpoland.com\/ko\/je-pum\/sig-pum-won-ryo\/saeng-san-yong-won-ryo\/%ea%b3%84%ed%94%bc\/#breadcrumb","itemListElement":[{"@type":"ListItem","position":1,"name":"\ud648","item":"https:\/\/naturalpoland.com\/ko\/"},{"@type":"ListItem","position":2,"name":"\uc81c\ud488","item":"https:\/\/naturalpoland.com\/ko\/%ec%a0%9c%ed%92%88\/"},{"@type":"ListItem","position":3,"name":"\uacc4\ud53c"}]},{"@type":"WebSite","@id":"https:\/\/naturalpoland.com\/ko\/#website","url":"https:\/\/naturalpoland.com\/ko\/","name":"NATURAL POLAND - Hurtowy Dystrybutor Surowc\u00f3w","description":"Surowce dla przemys\u0142u spo\u017cywczego, kosmetycznego i farmaceutycznego","publisher":{"@id":"https:\/\/naturalpoland.com\/ko\/#organization"},"potentialAction":[{"@type":"SearchAction","target":{"@type":"EntryPoint","urlTemplate":"https:\/\/naturalpoland.com\/ko\/?s={search_term_string}"},"query-input":{"@type":"PropertyValueSpecification","valueRequired":true,"valueName":"search_term_string"}}],"inLanguage":"ko-KR"},{"@type":"Organization","@id":"https:\/\/naturalpoland.com\/ko\/#organization","name":"Natural Poland","url":"https:\/\/naturalpoland.com\/ko\/","logo":{"@type":"ImageObject","inLanguage":"ko-KR","@id":"https:\/\/naturalpoland.com\/ko\/#\/schema\/logo\/image\/","url":"https:\/\/naturalpoland.com\/wp-content\/uploads\/2021\/05\/natural-poland-icon.png","contentUrl":"https:\/\/naturalpoland.com\/wp-content\/uploads\/2021\/05\/natural-poland-icon.png","width":512,"height":512,"caption":"Natural Poland"},"image":{"@id":"https:\/\/naturalpoland.com\/ko\/#\/schema\/logo\/image\/"},"sameAs":["https:\/\/www.facebook.com\/naturalpoland.b2b","https:\/\/pl.linkedin.com\/company\/natural-poland","https:\/\/www.youtube.com\/channel\/UCgeGGkvOMahZo-xu_MSEWxg"]}]}},"_links":{"self":[{"href":"https:\/\/naturalpoland.com\/ko\/wp-json\/wp\/v2\/product\/42745","targetHints":{"allow":["GET"]}}],"collection":[{"href":"https:\/\/naturalpoland.com\/ko\/wp-json\/wp\/v2\/product"}],"about":[{"href":"https:\/\/naturalpoland.com\/ko\/wp-json\/wp\/v2\/types\/product"}],"wp:featuredmedia":[{"embeddable":true,"href":"https:\/\/naturalpoland.com\/ko\/wp-json\/wp\/v2\/media\/42776"}],"wp:attachment":[{"href":"https:\/\/naturalpoland.com\/ko\/wp-json\/wp\/v2\/media?parent=42745"}],"wp:term":[{"taxonomy":"product_brand","embeddable":true,"href":"https:\/\/naturalpoland.com\/ko\/wp-json\/wp\/v2\/product_brand?post=42745"},{"taxonomy":"product_cat","embeddable":true,"href":"https:\/\/naturalpoland.com\/ko\/wp-json\/wp\/v2\/product_cat?post=42745"},{"taxonomy":"product_tag","embeddable":true,"href":"https:\/\/naturalpoland.com\/ko\/wp-json\/wp\/v2\/product_tag?post=42745"}],"curies":[{"name":"wp","href":"https:\/\/api.w.org\/{rel}","templated":true}]}}