{"id":42777,"date":"2023-02-15T15:04:34","date_gmt":"2023-02-15T14:04:34","guid":{"rendered":"https:\/\/naturalpoland.com\/produkty\/uncategorized\/%ed%8a%b8%eb%a0%88%eb%a9%9c%eb%9d%bc-%eb%b2%84%ec%84%af-tremella-fuciformis-%ed%9d%b0%eb%aa%a9%ec%9d%b4%eb%b2%84%ec%84%af-%ec%b9%a8%ec%b6%9c%ec%95%a1\/"},"modified":"2025-08-08T16:03:35","modified_gmt":"2025-08-08T14:03:35","slug":"%ed%8a%b8%eb%a0%88%eb%a9%9c%eb%9d%bc-%eb%b2%84%ec%84%af-tremella-fuciformis-%ed%9d%b0%eb%aa%a9%ec%9d%b4%eb%b2%84%ec%84%af-%ec%b9%a8%ec%b6%9c%ec%95%a1","status":"publish","type":"product","link":"https:\/\/naturalpoland.com\/ko\/je-pum\/sig-pum-won-ryo\/saeng-san-yong-won-ryo\/%ed%8a%b8%eb%a0%88%eb%a9%9c%eb%9d%bc-%eb%b2%84%ec%84%af-tremella-fuciformis-%ed%9d%b0%eb%aa%a9%ec%9d%b4%eb%b2%84%ec%84%af-%ec%b9%a8%ec%b6%9c%ec%95%a1\/","title":{"rendered":"\ud2b8\ub808\uba5c\ub77c \ubc84\uc12f &#8211; Tremella fuciformis, \ud770\ubaa9\uc774\ubc84\uc12f \u2013 \uce68\ucd9c\uc561"},"content":{"rendered":"<p>\ud2b8\ub808\uba5c\ub77c \ubc84\uc12f\uc740 \uae30\ubd84 \uc88b\uc740 \ub9db\uacfc \ud5a5\uc73c\ub85c \uc778\ud574 \ub2e4\uc591\ud55c \uc694\ub9ac\uc640 \ub514\uc800\ud2b8\uc758 \uc7ac\ub8cc\ub85c \uc0ac\uc6a9\ub429\ub2c8\ub2e4. \ud558\uc9c0\ub9cc \uc2dd\uc774\uc694\ubc95 \ubc0f \uc81c\uc57d \uc0b0\uc5c5\uc758 \uad00\uc810\uc5d0\uc11c \uac00\uc7a5 \uc911\uc694\ud55c \uac83\uc740 \ud06c\uc2e4\ub85c\uc2a4, \ub9cc\ub178\uc2a4, \uae00\ub8e8\ucfe0\ub860\uc0b0\uc774 \u03b1-1,3-\uae00\ub9ac\ucf54\uc2dc\ub4dc \uacb0\ud569\uc73c\ub85c \uc5f0\uacb0\ub418\uc5b4 \uc788\uace0 \uac08\ub77d\ud1a0\uc2a4, \uc544\ub77c\ube44\ub178\uc2a4, \uc18c\ub7c9\uc758 \ud478\ucf54\uc2a4\ub85c \uad6c\uc131\ub41c \uce21\uc1c4\ub97c \uac00\uc9c4 \ub2e4\ub2f9\ub958 \ubd84\ud68d\uc785\ub2c8\ub2e4. <\/p>\n<p>\uc5ec\uae30\uc11c \uc5bb\uc740 \uce68\ucd9c\uc561\uc740 \uac15\ub825\ud55c \ubcf4\uc2b5 \ubc0f \ub178\ud654 \ubc29\uc9c0 \ud2b9\uc131\uc744 \uac00\uc9c0\uace0 \uc788\uae30 \ub54c\ubb38\uc5d0 \ud654\uc7a5\ud488 \ubd84\uc57c\uc5d0\uc11c <strong>\ucc9c\uc5f0 <a href=\"https:\/\/naturalpoland.pl\/produkty\/produkty-dla-przemyslu-kosmetycznego\/surowce-kosmetyczne\/kwas-hialuronowy\/\">\ud788\uc54c\ub8e8\ub860\uc0b0<\/a> \ub300\uccb4\uc81c<\/strong>\ub85c \uc54c\ub824\uc838 \uc788\uc2b5\ub2c8\ub2e4.<\/p>\n<p>\ud55c\ud3b8, \uc758\uc57d\ud488 \ubc0f \uac74\uac15 \ubcf4\uc870 \uc2dd\ud488\uc5d0\uc11c\ub294 \ud770\ubaa9\uc774\ubc84\uc12f\uc758 \uc544\ub2f5\ud1a0\uc820 \ud2b9\uc131\uc774 \ub192\uc774 \ud3c9\uac00\ub429\ub2c8\ub2e4. \uc774\ub294 \uc2a4\ud2b8\ub808\uc2a4\uc758 \ubd80\uc815\uc801\uc778 \uc601\ud5a5\uc73c\ub85c\ubd80\ud130 \uc2e0\uccb4\ub97c \ubcf4\ud638\ud558\uace0 \uc9d1\uc911\ub825\uacfc \uae30\uc5b5\ub825\uc744 \ud5a5\uc0c1\uc2dc\ud0b5\ub2c8\ub2e4. \ub610\ud55c \ubb38\uba85\ubcd1 \uc608\ubc29\uc5d0 \uc720\uc775\ud55c \uad11\ubc94\uc704\ud55c \ud65c\uc131\ub3c4 \uc54c\ub824\uc838 \uc788\uc2b5\ub2c8\ub2e4. \ucd94\ucd9c\ubb3c\uc5d0 \ud568\uc720\ub41c \ubb3c\uc9c8\uc740 \ud608\ub2f9\uacfc \ucf5c\ub808\uc2a4\ud14c\ub864 \uc218\uce58\ub97c \ub0ae\ucd94\uace0, \uc2e0\uccb4 \ud574\ub3c5\uc744 \ub3d5\uace0, \uc7a5\uc758 \uc815\uc0c1\uc801\uc778 \uae30\ub2a5\uc744 \uc9c0\uc6d0\ud569\ub2c8\ub2e4.  <\/p>\n","protected":false},"excerpt":{"rendered":"<p>\ud2b8\ub808\uba5c\ub77c \ubc84\uc12f\uc740 <em>Tremella fuciformis<\/em> \ub610\ub294 \ud770\ubaa9\uc774\ubc84\uc12f\uc73c\ub85c\ub3c4 \uc54c\ub824\uc838 \uc788\uc73c\uba70, \uc544\uc2dc\uc544\uc5d0\uc11c \uc720\ub798\ud558\uc5ec \ud55c\uc758\ud559\uc5d0\uc11c \uc0ac\uc6a9\ub418\ub294 \uc2dd\ubb3c\uc131 \uc6d0\ub8cc\uc785\ub2c8\ub2e4. \ub2e4\ubc29\uba74\uc758 \uc791\uc6a9 \ub355\ubd84\uc5d0 <strong><a href=\"https:\/\/naturalpoland.com\/ko\/ka-te-go-ri\/hwa-jang-pum-won-ryo\/\">\ud654\uc7a5\ud488 \uc0b0\uc5c5<\/a><\/strong>\ubfd0\ub9cc \uc544\ub2c8\ub77c <strong><a href=\"https:\/\/naturalpoland.com\/ko\/ka-te-go-ri\/sig-pum-won-ryo\/\">\uc2dd\ud488 \uc0b0\uc5c5<\/a><\/strong> \ubc0f <strong><a href=\"https:\/\/naturalpoland.com\/ko\/ka-te-go-ri\/ui-yak-pum-won-ryo\/\">\uc81c\uc57d \uc0b0\uc5c5<\/a><\/strong>\uc5d0\uc11c\ub3c4 \uc0ac\uc6a9\ub420 \uc218 \uc788\uc2b5\ub2c8\ub2e4. <\/p>\n","protected":false},"featured_media":42778,"template":"","meta":[],"product_brand":[],"product_cat":[8175,8143,8152],"product_tag":[],"class_list":{"0":"post-42777","1":"product","2":"type-product","3":"status-publish","4":"has-post-thumbnail","6":"product_cat-saeng-san-yong-won-ryo","7":"product_cat-geon-gang-gi-neung-sig-pum-cheom-ga-mul","8":"product_cat-ma-se-re-i-teu","10":"first","11":"instock","12":"shipping-taxable","13":"product-type-simple"},"yoast_head":"<!-- This site is optimized with the Yoast SEO plugin v27.3 - https:\/\/yoast.com\/product\/yoast-seo-wordpress\/ -->\n<title>\ud2b8\ub808\uba5c\ub77c \ubc84\uc12f - Tremella fuciformis - Natural Poland<\/title>\n<meta name=\"robots\" content=\"index, follow, max-snippet:-1, max-image-preview:large, max-video-preview:-1\" \/>\n<link rel=\"canonical\" href=\"https:\/\/naturalpoland.com\/ko\/je-pum\/sig-pum-won-ryo\/saeng-san-yong-won-ryo\/%ed%8a%b8%eb%a0%88%eb%a9%9c%eb%9d%bc-%eb%b2%84%ec%84%af-tremella-fuciformis-%ed%9d%b0%eb%aa%a9%ec%9d%b4%eb%b2%84%ec%84%af-%ec%b9%a8%ec%b6%9c%ec%95%a1\/\" \/>\n<meta property=\"og:locale\" content=\"ko_KR\" \/>\n<meta property=\"og:type\" content=\"article\" \/>\n<meta property=\"og:title\" content=\"\ud2b8\ub808\uba5c\ub77c \ubc84\uc12f - Tremella fuciformis - Natural Poland\" \/>\n<meta property=\"og:description\" content=\"\ud2b8\ub808\uba5c\ub77c \ubc84\uc12f\uc740 Tremella fuciformis \ub610\ub294 \ud770\ubaa9\uc774\ubc84\uc12f\uc73c\ub85c\ub3c4 \uc54c\ub824\uc838 \uc788\uc73c\uba70, \uc544\uc2dc\uc544\uc5d0\uc11c \uc720\ub798\ud558\uc5ec \ud55c\uc758\ud559\uc5d0\uc11c \uc0ac\uc6a9\ub418\ub294 \uc2dd\ubb3c\uc131 \uc6d0\ub8cc\uc785\ub2c8\ub2e4. \ub2e4\ubc29\uba74\uc758 \uc791\uc6a9 \ub355\ubd84\uc5d0 \ud654\uc7a5\ud488 \uc0b0\uc5c5\ubfd0\ub9cc \uc544\ub2c8\ub77c \uc2dd\ud488 \uc0b0\uc5c5 \ubc0f \uc81c\uc57d \uc0b0\uc5c5\uc5d0\uc11c\ub3c4 \uc0ac\uc6a9\ub420 \uc218 \uc788\uc2b5\ub2c8\ub2e4.\" \/>\n<meta property=\"og:url\" content=\"https:\/\/naturalpoland.com\/ko\/je-pum\/sig-pum-won-ryo\/saeng-san-yong-won-ryo\/%ed%8a%b8%eb%a0%88%eb%a9%9c%eb%9d%bc-%eb%b2%84%ec%84%af-tremella-fuciformis-%ed%9d%b0%eb%aa%a9%ec%9d%b4%eb%b2%84%ec%84%af-%ec%b9%a8%ec%b6%9c%ec%95%a1\/\" \/>\n<meta property=\"og:site_name\" content=\"NATURAL POLAND - Hurtowy Dystrybutor Surowc\u00f3w\" \/>\n<meta property=\"article:publisher\" content=\"https:\/\/www.facebook.com\/naturalpoland.b2b\" \/>\n<meta property=\"article:modified_time\" content=\"2025-08-08T14:03:35+00:00\" \/>\n<meta property=\"og:image\" content=\"https:\/\/naturalpoland.com\/wp-content\/uploads\/Grzyb-tremella-Tremella-fuciformis-trzesak-morszczynowaty-macerat.jpg\" \/>\n\t<meta property=\"og:image:width\" content=\"600\" \/>\n\t<meta property=\"og:image:height\" content=\"600\" \/>\n\t<meta property=\"og:image:type\" content=\"image\/jpeg\" \/>\n<script type=\"application\/ld+json\" class=\"yoast-schema-graph\">{\"@context\":\"https:\\\/\\\/schema.org\",\"@graph\":[{\"@type\":\"WebPage\",\"@id\":\"https:\\\/\\\/naturalpoland.com\\\/ko\\\/je-pum\\\/sig-pum-won-ryo\\\/saeng-san-yong-won-ryo\\\/%ed%8a%b8%eb%a0%88%eb%a9%9c%eb%9d%bc-%eb%b2%84%ec%84%af-tremella-fuciformis-%ed%9d%b0%eb%aa%a9%ec%9d%b4%eb%b2%84%ec%84%af-%ec%b9%a8%ec%b6%9c%ec%95%a1\\\/\",\"url\":\"https:\\\/\\\/naturalpoland.com\\\/ko\\\/je-pum\\\/sig-pum-won-ryo\\\/saeng-san-yong-won-ryo\\\/%ed%8a%b8%eb%a0%88%eb%a9%9c%eb%9d%bc-%eb%b2%84%ec%84%af-tremella-fuciformis-%ed%9d%b0%eb%aa%a9%ec%9d%b4%eb%b2%84%ec%84%af-%ec%b9%a8%ec%b6%9c%ec%95%a1\\\/\",\"name\":\"\ud2b8\ub808\uba5c\ub77c \ubc84\uc12f - Tremella fuciformis - Natural Poland\",\"isPartOf\":{\"@id\":\"https:\\\/\\\/naturalpoland.com\\\/ko\\\/#website\"},\"primaryImageOfPage\":{\"@id\":\"https:\\\/\\\/naturalpoland.com\\\/ko\\\/je-pum\\\/sig-pum-won-ryo\\\/saeng-san-yong-won-ryo\\\/%ed%8a%b8%eb%a0%88%eb%a9%9c%eb%9d%bc-%eb%b2%84%ec%84%af-tremella-fuciformis-%ed%9d%b0%eb%aa%a9%ec%9d%b4%eb%b2%84%ec%84%af-%ec%b9%a8%ec%b6%9c%ec%95%a1\\\/#primaryimage\"},\"image\":{\"@id\":\"https:\\\/\\\/naturalpoland.com\\\/ko\\\/je-pum\\\/sig-pum-won-ryo\\\/saeng-san-yong-won-ryo\\\/%ed%8a%b8%eb%a0%88%eb%a9%9c%eb%9d%bc-%eb%b2%84%ec%84%af-tremella-fuciformis-%ed%9d%b0%eb%aa%a9%ec%9d%b4%eb%b2%84%ec%84%af-%ec%b9%a8%ec%b6%9c%ec%95%a1\\\/#primaryimage\"},\"thumbnailUrl\":\"https:\\\/\\\/naturalpoland.com\\\/wp-content\\\/uploads\\\/Grzyb-tremella-Tremella-fuciformis-trzesak-morszczynowaty-macerat.jpg\",\"datePublished\":\"2023-02-15T14:04:34+00:00\",\"dateModified\":\"2025-08-08T14:03:35+00:00\",\"breadcrumb\":{\"@id\":\"https:\\\/\\\/naturalpoland.com\\\/ko\\\/je-pum\\\/sig-pum-won-ryo\\\/saeng-san-yong-won-ryo\\\/%ed%8a%b8%eb%a0%88%eb%a9%9c%eb%9d%bc-%eb%b2%84%ec%84%af-tremella-fuciformis-%ed%9d%b0%eb%aa%a9%ec%9d%b4%eb%b2%84%ec%84%af-%ec%b9%a8%ec%b6%9c%ec%95%a1\\\/#breadcrumb\"},\"inLanguage\":\"ko-KR\",\"potentialAction\":[{\"@type\":\"ReadAction\",\"target\":[\"https:\\\/\\\/naturalpoland.com\\\/ko\\\/je-pum\\\/sig-pum-won-ryo\\\/saeng-san-yong-won-ryo\\\/%ed%8a%b8%eb%a0%88%eb%a9%9c%eb%9d%bc-%eb%b2%84%ec%84%af-tremella-fuciformis-%ed%9d%b0%eb%aa%a9%ec%9d%b4%eb%b2%84%ec%84%af-%ec%b9%a8%ec%b6%9c%ec%95%a1\\\/\"]}]},{\"@type\":\"ImageObject\",\"inLanguage\":\"ko-KR\",\"@id\":\"https:\\\/\\\/naturalpoland.com\\\/ko\\\/je-pum\\\/sig-pum-won-ryo\\\/saeng-san-yong-won-ryo\\\/%ed%8a%b8%eb%a0%88%eb%a9%9c%eb%9d%bc-%eb%b2%84%ec%84%af-tremella-fuciformis-%ed%9d%b0%eb%aa%a9%ec%9d%b4%eb%b2%84%ec%84%af-%ec%b9%a8%ec%b6%9c%ec%95%a1\\\/#primaryimage\",\"url\":\"https:\\\/\\\/naturalpoland.com\\\/wp-content\\\/uploads\\\/Grzyb-tremella-Tremella-fuciformis-trzesak-morszczynowaty-macerat.jpg\",\"contentUrl\":\"https:\\\/\\\/naturalpoland.com\\\/wp-content\\\/uploads\\\/Grzyb-tremella-Tremella-fuciformis-trzesak-morszczynowaty-macerat.jpg\",\"width\":600,\"height\":600,\"caption\":\"Grzyb tremella - Tremella fuciformis, trz\u0119sak morszczynowaty \u2013 macerat\"},{\"@type\":\"BreadcrumbList\",\"@id\":\"https:\\\/\\\/naturalpoland.com\\\/ko\\\/je-pum\\\/sig-pum-won-ryo\\\/saeng-san-yong-won-ryo\\\/%ed%8a%b8%eb%a0%88%eb%a9%9c%eb%9d%bc-%eb%b2%84%ec%84%af-tremella-fuciformis-%ed%9d%b0%eb%aa%a9%ec%9d%b4%eb%b2%84%ec%84%af-%ec%b9%a8%ec%b6%9c%ec%95%a1\\\/#breadcrumb\",\"itemListElement\":[{\"@type\":\"ListItem\",\"position\":1,\"name\":\"\ud648\",\"item\":\"https:\\\/\\\/naturalpoland.com\\\/ko\\\/\"},{\"@type\":\"ListItem\",\"position\":2,\"name\":\"\uc81c\ud488\",\"item\":\"https:\\\/\\\/naturalpoland.com\\\/ko\\\/%ec%a0%9c%ed%92%88\\\/\"},{\"@type\":\"ListItem\",\"position\":3,\"name\":\"\ud2b8\ub808\uba5c\ub77c \ubc84\uc12f &#8211; Tremella fuciformis, \ud770\ubaa9\uc774\ubc84\uc12f \u2013 \uce68\ucd9c\uc561\"}]},{\"@type\":\"WebSite\",\"@id\":\"https:\\\/\\\/naturalpoland.com\\\/ko\\\/#website\",\"url\":\"https:\\\/\\\/naturalpoland.com\\\/ko\\\/\",\"name\":\"NATURAL POLAND - Hurtowy Dystrybutor Surowc\u00f3w\",\"description\":\"Surowce dla przemys\u0142u spo\u017cywczego, kosmetycznego i farmaceutycznego\",\"publisher\":{\"@id\":\"https:\\\/\\\/naturalpoland.com\\\/ko\\\/#organization\"},\"potentialAction\":[{\"@type\":\"SearchAction\",\"target\":{\"@type\":\"EntryPoint\",\"urlTemplate\":\"https:\\\/\\\/naturalpoland.com\\\/ko\\\/?s={search_term_string}\"},\"query-input\":{\"@type\":\"PropertyValueSpecification\",\"valueRequired\":true,\"valueName\":\"search_term_string\"}}],\"inLanguage\":\"ko-KR\"},{\"@type\":\"Organization\",\"@id\":\"https:\\\/\\\/naturalpoland.com\\\/ko\\\/#organization\",\"name\":\"Natural Poland\",\"url\":\"https:\\\/\\\/naturalpoland.com\\\/ko\\\/\",\"logo\":{\"@type\":\"ImageObject\",\"inLanguage\":\"ko-KR\",\"@id\":\"https:\\\/\\\/naturalpoland.com\\\/ko\\\/#\\\/schema\\\/logo\\\/image\\\/\",\"url\":\"https:\\\/\\\/naturalpoland.com\\\/wp-content\\\/uploads\\\/2021\\\/05\\\/natural-poland-icon.png\",\"contentUrl\":\"https:\\\/\\\/naturalpoland.com\\\/wp-content\\\/uploads\\\/2021\\\/05\\\/natural-poland-icon.png\",\"width\":512,\"height\":512,\"caption\":\"Natural Poland\"},\"image\":{\"@id\":\"https:\\\/\\\/naturalpoland.com\\\/ko\\\/#\\\/schema\\\/logo\\\/image\\\/\"},\"sameAs\":[\"https:\\\/\\\/www.facebook.com\\\/naturalpoland.b2b\",\"https:\\\/\\\/pl.linkedin.com\\\/company\\\/natural-poland\",\"https:\\\/\\\/www.youtube.com\\\/channel\\\/UCgeGGkvOMahZo-xu_MSEWxg\"]}]}<\/script>\n<!-- \/ Yoast SEO plugin. -->","yoast_head_json":{"title":"\ud2b8\ub808\uba5c\ub77c \ubc84\uc12f - Tremella fuciformis - Natural Poland","robots":{"index":"index","follow":"follow","max-snippet":"max-snippet:-1","max-image-preview":"max-image-preview:large","max-video-preview":"max-video-preview:-1"},"canonical":"https:\/\/naturalpoland.com\/ko\/je-pum\/sig-pum-won-ryo\/saeng-san-yong-won-ryo\/%ed%8a%b8%eb%a0%88%eb%a9%9c%eb%9d%bc-%eb%b2%84%ec%84%af-tremella-fuciformis-%ed%9d%b0%eb%aa%a9%ec%9d%b4%eb%b2%84%ec%84%af-%ec%b9%a8%ec%b6%9c%ec%95%a1\/","og_locale":"ko_KR","og_type":"article","og_title":"\ud2b8\ub808\uba5c\ub77c \ubc84\uc12f - Tremella fuciformis - Natural Poland","og_description":"\ud2b8\ub808\uba5c\ub77c \ubc84\uc12f\uc740 Tremella fuciformis \ub610\ub294 \ud770\ubaa9\uc774\ubc84\uc12f\uc73c\ub85c\ub3c4 \uc54c\ub824\uc838 \uc788\uc73c\uba70, \uc544\uc2dc\uc544\uc5d0\uc11c \uc720\ub798\ud558\uc5ec \ud55c\uc758\ud559\uc5d0\uc11c \uc0ac\uc6a9\ub418\ub294 \uc2dd\ubb3c\uc131 \uc6d0\ub8cc\uc785\ub2c8\ub2e4. \ub2e4\ubc29\uba74\uc758 \uc791\uc6a9 \ub355\ubd84\uc5d0 \ud654\uc7a5\ud488 \uc0b0\uc5c5\ubfd0\ub9cc \uc544\ub2c8\ub77c \uc2dd\ud488 \uc0b0\uc5c5 \ubc0f \uc81c\uc57d \uc0b0\uc5c5\uc5d0\uc11c\ub3c4 \uc0ac\uc6a9\ub420 \uc218 \uc788\uc2b5\ub2c8\ub2e4.","og_url":"https:\/\/naturalpoland.com\/ko\/je-pum\/sig-pum-won-ryo\/saeng-san-yong-won-ryo\/%ed%8a%b8%eb%a0%88%eb%a9%9c%eb%9d%bc-%eb%b2%84%ec%84%af-tremella-fuciformis-%ed%9d%b0%eb%aa%a9%ec%9d%b4%eb%b2%84%ec%84%af-%ec%b9%a8%ec%b6%9c%ec%95%a1\/","og_site_name":"NATURAL POLAND - Hurtowy Dystrybutor Surowc\u00f3w","article_publisher":"https:\/\/www.facebook.com\/naturalpoland.b2b","article_modified_time":"2025-08-08T14:03:35+00:00","og_image":[{"width":600,"height":600,"url":"https:\/\/naturalpoland.com\/wp-content\/uploads\/Grzyb-tremella-Tremella-fuciformis-trzesak-morszczynowaty-macerat.jpg","type":"image\/jpeg"}],"schema":{"@context":"https:\/\/schema.org","@graph":[{"@type":"WebPage","@id":"https:\/\/naturalpoland.com\/ko\/je-pum\/sig-pum-won-ryo\/saeng-san-yong-won-ryo\/%ed%8a%b8%eb%a0%88%eb%a9%9c%eb%9d%bc-%eb%b2%84%ec%84%af-tremella-fuciformis-%ed%9d%b0%eb%aa%a9%ec%9d%b4%eb%b2%84%ec%84%af-%ec%b9%a8%ec%b6%9c%ec%95%a1\/","url":"https:\/\/naturalpoland.com\/ko\/je-pum\/sig-pum-won-ryo\/saeng-san-yong-won-ryo\/%ed%8a%b8%eb%a0%88%eb%a9%9c%eb%9d%bc-%eb%b2%84%ec%84%af-tremella-fuciformis-%ed%9d%b0%eb%aa%a9%ec%9d%b4%eb%b2%84%ec%84%af-%ec%b9%a8%ec%b6%9c%ec%95%a1\/","name":"\ud2b8\ub808\uba5c\ub77c \ubc84\uc12f - Tremella fuciformis - Natural Poland","isPartOf":{"@id":"https:\/\/naturalpoland.com\/ko\/#website"},"primaryImageOfPage":{"@id":"https:\/\/naturalpoland.com\/ko\/je-pum\/sig-pum-won-ryo\/saeng-san-yong-won-ryo\/%ed%8a%b8%eb%a0%88%eb%a9%9c%eb%9d%bc-%eb%b2%84%ec%84%af-tremella-fuciformis-%ed%9d%b0%eb%aa%a9%ec%9d%b4%eb%b2%84%ec%84%af-%ec%b9%a8%ec%b6%9c%ec%95%a1\/#primaryimage"},"image":{"@id":"https:\/\/naturalpoland.com\/ko\/je-pum\/sig-pum-won-ryo\/saeng-san-yong-won-ryo\/%ed%8a%b8%eb%a0%88%eb%a9%9c%eb%9d%bc-%eb%b2%84%ec%84%af-tremella-fuciformis-%ed%9d%b0%eb%aa%a9%ec%9d%b4%eb%b2%84%ec%84%af-%ec%b9%a8%ec%b6%9c%ec%95%a1\/#primaryimage"},"thumbnailUrl":"https:\/\/naturalpoland.com\/wp-content\/uploads\/Grzyb-tremella-Tremella-fuciformis-trzesak-morszczynowaty-macerat.jpg","datePublished":"2023-02-15T14:04:34+00:00","dateModified":"2025-08-08T14:03:35+00:00","breadcrumb":{"@id":"https:\/\/naturalpoland.com\/ko\/je-pum\/sig-pum-won-ryo\/saeng-san-yong-won-ryo\/%ed%8a%b8%eb%a0%88%eb%a9%9c%eb%9d%bc-%eb%b2%84%ec%84%af-tremella-fuciformis-%ed%9d%b0%eb%aa%a9%ec%9d%b4%eb%b2%84%ec%84%af-%ec%b9%a8%ec%b6%9c%ec%95%a1\/#breadcrumb"},"inLanguage":"ko-KR","potentialAction":[{"@type":"ReadAction","target":["https:\/\/naturalpoland.com\/ko\/je-pum\/sig-pum-won-ryo\/saeng-san-yong-won-ryo\/%ed%8a%b8%eb%a0%88%eb%a9%9c%eb%9d%bc-%eb%b2%84%ec%84%af-tremella-fuciformis-%ed%9d%b0%eb%aa%a9%ec%9d%b4%eb%b2%84%ec%84%af-%ec%b9%a8%ec%b6%9c%ec%95%a1\/"]}]},{"@type":"ImageObject","inLanguage":"ko-KR","@id":"https:\/\/naturalpoland.com\/ko\/je-pum\/sig-pum-won-ryo\/saeng-san-yong-won-ryo\/%ed%8a%b8%eb%a0%88%eb%a9%9c%eb%9d%bc-%eb%b2%84%ec%84%af-tremella-fuciformis-%ed%9d%b0%eb%aa%a9%ec%9d%b4%eb%b2%84%ec%84%af-%ec%b9%a8%ec%b6%9c%ec%95%a1\/#primaryimage","url":"https:\/\/naturalpoland.com\/wp-content\/uploads\/Grzyb-tremella-Tremella-fuciformis-trzesak-morszczynowaty-macerat.jpg","contentUrl":"https:\/\/naturalpoland.com\/wp-content\/uploads\/Grzyb-tremella-Tremella-fuciformis-trzesak-morszczynowaty-macerat.jpg","width":600,"height":600,"caption":"Grzyb tremella - Tremella fuciformis, trz\u0119sak morszczynowaty \u2013 macerat"},{"@type":"BreadcrumbList","@id":"https:\/\/naturalpoland.com\/ko\/je-pum\/sig-pum-won-ryo\/saeng-san-yong-won-ryo\/%ed%8a%b8%eb%a0%88%eb%a9%9c%eb%9d%bc-%eb%b2%84%ec%84%af-tremella-fuciformis-%ed%9d%b0%eb%aa%a9%ec%9d%b4%eb%b2%84%ec%84%af-%ec%b9%a8%ec%b6%9c%ec%95%a1\/#breadcrumb","itemListElement":[{"@type":"ListItem","position":1,"name":"\ud648","item":"https:\/\/naturalpoland.com\/ko\/"},{"@type":"ListItem","position":2,"name":"\uc81c\ud488","item":"https:\/\/naturalpoland.com\/ko\/%ec%a0%9c%ed%92%88\/"},{"@type":"ListItem","position":3,"name":"\ud2b8\ub808\uba5c\ub77c \ubc84\uc12f &#8211; Tremella fuciformis, \ud770\ubaa9\uc774\ubc84\uc12f \u2013 \uce68\ucd9c\uc561"}]},{"@type":"WebSite","@id":"https:\/\/naturalpoland.com\/ko\/#website","url":"https:\/\/naturalpoland.com\/ko\/","name":"NATURAL POLAND - Hurtowy Dystrybutor Surowc\u00f3w","description":"Surowce dla przemys\u0142u spo\u017cywczego, kosmetycznego i farmaceutycznego","publisher":{"@id":"https:\/\/naturalpoland.com\/ko\/#organization"},"potentialAction":[{"@type":"SearchAction","target":{"@type":"EntryPoint","urlTemplate":"https:\/\/naturalpoland.com\/ko\/?s={search_term_string}"},"query-input":{"@type":"PropertyValueSpecification","valueRequired":true,"valueName":"search_term_string"}}],"inLanguage":"ko-KR"},{"@type":"Organization","@id":"https:\/\/naturalpoland.com\/ko\/#organization","name":"Natural Poland","url":"https:\/\/naturalpoland.com\/ko\/","logo":{"@type":"ImageObject","inLanguage":"ko-KR","@id":"https:\/\/naturalpoland.com\/ko\/#\/schema\/logo\/image\/","url":"https:\/\/naturalpoland.com\/wp-content\/uploads\/2021\/05\/natural-poland-icon.png","contentUrl":"https:\/\/naturalpoland.com\/wp-content\/uploads\/2021\/05\/natural-poland-icon.png","width":512,"height":512,"caption":"Natural Poland"},"image":{"@id":"https:\/\/naturalpoland.com\/ko\/#\/schema\/logo\/image\/"},"sameAs":["https:\/\/www.facebook.com\/naturalpoland.b2b","https:\/\/pl.linkedin.com\/company\/natural-poland","https:\/\/www.youtube.com\/channel\/UCgeGGkvOMahZo-xu_MSEWxg"]}]}},"_links":{"self":[{"href":"https:\/\/naturalpoland.com\/ko\/wp-json\/wp\/v2\/product\/42777","targetHints":{"allow":["GET"]}}],"collection":[{"href":"https:\/\/naturalpoland.com\/ko\/wp-json\/wp\/v2\/product"}],"about":[{"href":"https:\/\/naturalpoland.com\/ko\/wp-json\/wp\/v2\/types\/product"}],"wp:featuredmedia":[{"embeddable":true,"href":"https:\/\/naturalpoland.com\/ko\/wp-json\/wp\/v2\/media\/42778"}],"wp:attachment":[{"href":"https:\/\/naturalpoland.com\/ko\/wp-json\/wp\/v2\/media?parent=42777"}],"wp:term":[{"taxonomy":"product_brand","embeddable":true,"href":"https:\/\/naturalpoland.com\/ko\/wp-json\/wp\/v2\/product_brand?post=42777"},{"taxonomy":"product_cat","embeddable":true,"href":"https:\/\/naturalpoland.com\/ko\/wp-json\/wp\/v2\/product_cat?post=42777"},{"taxonomy":"product_tag","embeddable":true,"href":"https:\/\/naturalpoland.com\/ko\/wp-json\/wp\/v2\/product_tag?post=42777"}],"curies":[{"name":"wp","href":"https:\/\/api.w.org\/{rel}","templated":true}]}}