{"id":42779,"date":"2021-05-11T13:56:36","date_gmt":"2021-05-11T11:56:36","guid":{"rendered":"https:\/\/naturalpoland.com\/produkty\/uncategorized\/%ec%8a%a4%ed%94%bc%eb%a3%a8%eb%a6%ac%eb%82%98\/"},"modified":"2025-08-08T16:03:57","modified_gmt":"2025-08-08T14:03:57","slug":"%ec%8a%a4%ed%94%bc%eb%a3%a8%eb%a6%ac%eb%82%98","status":"publish","type":"product","link":"https:\/\/naturalpoland.com\/ko\/je-pum\/ui-yak-pum-won-ryo\/geon-gang-gi-neung-sig-pum-cheom-ga-mul\/%ec%8a%a4%ed%94%bc%eb%a3%a8%eb%a6%ac%eb%82%98\/","title":{"rendered":"\uc2a4\ud53c\ub8e8\ub9ac\ub098"},"content":{"rendered":"<p>\ubd84\ub9d0 \uc2a4\ud53c\ub8e8\ub9ac\ub098\ub294 \ud2b9\uc720\uc758 \uc740\uc740\ud55c \ud5a5\uc774 \ub098\ub294 \ubbf8\uc138\ud55c \uc554\ub179\uc0c9 \ubd84\ub9d0 \ud615\ud0dc\uc785\ub2c8\ub2e4. \uc774 \uc81c\ud488\uc740 100% \ucc9c\uc5f0\uc774\uba70 \uc5b4\ub5a0\ud55c \ucca8\uac00\ubb3c\uc774\ub098 \ubc29\ubd80\uc81c\ub3c4 \ud3ec\ud568\ud558\uc9c0 \uc54a\uc2b5\ub2c8\ub2e4. <\/p>\n<h2>\ud2b9\uc131<\/h2>\n<p>\uc2a4\ud53c\ub8e8\ub9ac\ub098\ub294 \uc0c1\ub2f9 \ubd80\ubd84 \ub2e8\ubc31\uc9c8(\uac74\uc870 \uc911\ub7c9\uc758 60% \uc774\uc0c1)\ub85c \uad6c\uc131\ub418\uc5b4 \uc788\uc73c\uba70, \uc778\uccb4\ub294 \uc2a4\uc2a4\ub85c \uc0dd\uc0b0\ud560 \uc218 \uc5c6\ub294 \uc544\ubbf8\ub178\uc0b0\uc774 \ud48d\ubd80\ud569\ub2c8\ub2e4. \ub530\ub77c\uc11c \uc77c\uc0c1 \uc2dd\ub2e8\uc5d0\uc11c \uc721\ub958 \ubc0f \ub3d9\ubb3c\uc131 \uc81c\ud488\uc744 \uc81c\uc678\ud558\ub294 \uc0ac\ub78c\ub4e4\uc774 \uc2a4\ud53c\ub8e8\ub9ac\ub098 \ud568\uc720 \uc81c\uc81c\ub97c \ub9e4\uc6b0 \uc120\ud638\ud569\ub2c8\ub2e4. <\/p>\n<p>\ub098\uba38\uc9c0 \uc57d 30%\uc758 \ubb3c\uc9c8\uc740 \uc778\uccb4\uc5d0 \ud544\uc218\uc801\uc778 \ubd88\ud3ec\ud654 \uc9c0\ubc29\uc0b0, \ube44\ud0c0\ubbfc \ubc0f \ubbf8\ub124\ub784(\uc608: \uc5fd\ub85d\uc18c \ubc0f \uce74\ub85c\ud2f0\ub178\uc774\ub4dc)\uc785\ub2c8\ub2e4. \uc2a4\ud53c\ub8e8\ub9ac\ub098\ub294 \uc8fc\ub85c <strong><a href=\"https:\/\/naturalpoland.com\/ko\/je-pum\/hwa-jang-pum-won-ryo\/hwa-jang-pum-won-ryo-ko\/bitamin-a\/\">\ube44\ud0c0\ubbfc A<\/a><\/strong>, B, C, D, E, K\ubfd0\ub9cc \uc544\ub2c8\ub77c \ub9c8\uadf8\ub124\uc298, \ucca0\ubd84 \ub610\ub294 \uc544\ub77c\ud0a4\ub3c8\uc0b0\ub3c4 \ud3ec\ud568\ud569\ub2c8\ub2e4. <\/p>\n<p>\ub530\ub77c\uc11c \uc0ac\ub78c\ub4e4\uc774 \uc2a4\ud53c\ub8e8\ub9ac\ub098\ub97c \uc5bc\ub9c8\ub098 \uc120\ud638\ud558\ub294\uc9c0 \uc27d\uac8c \uc9d0\uc791\ud560 \uc218 \uc788\uc2b5\ub2c8\ub2e4. \uadf8\ub7ec\ub098 \ud48d\ubd80\ud55c \uc790\uc6d0\uc5d0\ub3c4 \ubd88\uad6c\ud558\uace0, \uc2a4\ud53c\ub8e8\ub9ac\ub098 \uc0ac\uc6a9\uc5d0\ub294 \uc911\uc694\ud55c \uae08\uae30 \uc0ac\ud56d\uc774 \uc788\uc2b5\ub2c8\ub2e4. \uc784\uc0b0\ubd80\uc640 \uc218\uc720\ubd80, \uc5b4\ub9b0\uc774\ub294 \uc2a4\ud53c\ub8e8\ub9ac\ub098 \ud568\uc720 \uc81c\uc81c\ub97c \uc12d\ucde8\ud560 \uc218 \uc5c6\uc73c\uba70, \uc790\uac00\uba74\uc5ed \uc9c8\ud658, \ud398\ub2d0\ucf00\ud1a4\ub1e8\uc99d\uc744 \uc553\ub294 \uc0ac\ub78c\uc774\ub098 \uba74\uc5ed\uc5b5\uc81c\uc81c \ub610\ub294 \ud608\uc561 \uc751\uace0 \ucd09\uc9c4\uc81c\ub97c \ubcf5\uc6a9\ud558\ub294 \ud658\uc790\ub3c4 \ub9c8\ucc2c\uac00\uc9c0\uc785\ub2c8\ub2e4.  <\/p>\n<h2>\uc801\uc6a9 \ubd84\uc57c:<\/h2>\n<p>\ubd84\ub9d0 \uc2a4\ud53c\ub8e8\ub9ac\ub098\ub294 \uc2a4\ubb34\ub514, \uc8fc\uc2a4\uc5d0 \ucca8\uac00\uc81c\ub85c \ub110\ub9ac \uc0ac\uc6a9\ub418\uba70 \uc2dd\uc774 \ubcf4\ucda9\uc81c \uc815\uc81c \ubc0f \ucea1\uc290\uc758 \uc131\ubd84\uc73c\ub85c\ub3c4 \uc0ac\uc6a9\ub429\ub2c8\ub2e4. \ub610\ud55c \uc5d0\ub108\uc9c0 \ubc14, \uac74\uac15 \uc74c\ub8cc, \ub514\uc800\ud2b8\uc640 \uac19\uc740 \ub2e4\uc591\ud55c \uc2dd\ud488\uc5d0 \ucca8\uac00\ub418\uc5b4 \ucd94\uac00\uc801\uc778 \uc601\uc591\uac00\ub97c \ub192\uc77c \uc218 \uc788\uc2b5\ub2c8\ub2e4. <\/p>\n<p>\ud56d\uc0b0\ud654 \ubc0f \ud574\ub3c5 \ud2b9\uc131\uc73c\ub85c \uc778\ud574 \uc2a4\ud53c\ub8e8\ub9ac\ub098\ub294 \uc5bc\uad74 \ub9c8\uc2a4\ud06c, \ud06c\ub9bc \ubc0f \ud5e4\uc5b4 \ucf00\uc5b4 \uc81c\ud488\uacfc \uac19\uc740 \ud654\uc7a5\ud488 \uc81c\ud615\uc5d0\ub3c4 \uc0ac\uc6a9\ub429\ub2c8\ub2e4.<\/p>\n","protected":false},"excerpt":{"rendered":"<p>\uc800\ud76c\ub294 \uae30\uc5c5\uc5d0 \uace0\ud488\uc9c8 \uc2a4\ud53c\ub8e8\ub9ac\ub098\ub97c \uacf5\uae09\ud569\ub2c8\ub2e4. \uc774\uac83\uc740 \ub179\uccad\uc0c9\uc744 \ub760\ub294 \uc870\ub958\uc758 \uc804\uccb4 \ubc14\uc774\uc624\ub9e4\uc2a4\uc5d0\uc11c \uc0dd\uc131\ub418\ub294 \ub9e4\uc6b0 \uc778\uae30 \uc788\ub294 \ubb3c\uc9c8\uc785\ub2c8\ub2e4. \uc2a4\ud53c\ub8e8\ub9ac\ub098\ub97c \uae30\ubc18\uc73c\ub85c \ud558\ub294 \uc81c\uc81c\ub294 \uad11\ubc94\uc704\ud55c \uc751\uc6a9 \ubd84\uc57c\ub97c \uac00\uc9c0\uace0 \uc788\uc73c\uba70, \uadf8 \ub355\ubd84\uc5d0 \uc2a4\ud53c\ub8e8\ub9ac\ub098\ub294 \ud654\uc7a5\ud488\uacfc \uc798 \uc54c\ub824\uc9c4 \uc2dd\uc774 \ubcf4\ucda9\uc81c\uc758 \uc131\ubd84\uc73c\ub85c \ubaa8\ub450 \uc0ac\uc6a9\ub429\ub2c8\ub2e4.  <\/p>\n","protected":false},"featured_media":42780,"template":"","meta":{"_acf_changed":false},"product_brand":[],"product_cat":[8143],"product_tag":[],"class_list":{"0":"post-42779","1":"product","2":"type-product","3":"status-publish","4":"has-post-thumbnail","6":"product_cat-geon-gang-gi-neung-sig-pum-cheom-ga-mul","7":"pa_czesc-rosliny-8912","9":"first","10":"instock","11":"shipping-taxable","12":"product-type-simple"},"acf":[],"yoast_head":"<!-- This site is optimized with the Yoast SEO plugin v27.6 - https:\/\/yoast.com\/product\/yoast-seo-wordpress\/ -->\n<title>NATURAL POLAND &#8211; Hurtowy Dystrybutor Surowc\u00f3w<\/title>\n<meta name=\"description\" content=\"\uc2a4\ud53c\ub8e8\ub9ac\ub098\ub294 \ub2e8\ubc31\uc9c8, \uc5fd\ub85d\uc18c \ubc0f \uae30\ud0c0 \uadc0\uc911\ud55c \uc131\ubd84\uc774 \ud48d\ubd80\ud558\uc5ec \uc5ec\ub7ec \uc218\uc900\uc5d0\uc11c \uac74\uac15\uc744 \uc9c0\uc6d0\ud558\ub294 \uc601\uc591 \ubcf4\ucda9\uc81c\uc785\ub2c8\ub2e4.\" \/>\n<meta name=\"robots\" content=\"index, follow, max-snippet:-1, max-image-preview:large, max-video-preview:-1\" \/>\n<link rel=\"canonical\" href=\"https:\/\/naturalpoland.com\/ko\/je-pum\/ui-yak-pum-won-ryo\/geon-gang-gi-neung-sig-pum-cheom-ga-mul\/%ec%8a%a4%ed%94%bc%eb%a3%a8%eb%a6%ac%eb%82%98\/\" \/>\n<meta property=\"og:locale\" content=\"ko_KR\" \/>\n<meta property=\"og:type\" content=\"article\" \/>\n<meta property=\"og:description\" content=\"\uc2a4\ud53c\ub8e8\ub9ac\ub098\ub294 \ub2e8\ubc31\uc9c8, \uc5fd\ub85d\uc18c \ubc0f \uae30\ud0c0 \uadc0\uc911\ud55c \uc131\ubd84\uc774 \ud48d\ubd80\ud558\uc5ec \uc5ec\ub7ec \uc218\uc900\uc5d0\uc11c \uac74\uac15\uc744 \uc9c0\uc6d0\ud558\ub294 \uc601\uc591 \ubcf4\ucda9\uc81c\uc785\ub2c8\ub2e4.\" \/>\n<meta property=\"og:url\" content=\"https:\/\/naturalpoland.com\/ko\/je-pum\/ui-yak-pum-won-ryo\/geon-gang-gi-neung-sig-pum-cheom-ga-mul\/%ec%8a%a4%ed%94%bc%eb%a3%a8%eb%a6%ac%eb%82%98\/\" \/>\n<meta property=\"og:site_name\" content=\"NATURAL POLAND - Hurtowy Dystrybutor Surowc\u00f3w\" \/>\n<meta property=\"article:publisher\" content=\"https:\/\/www.facebook.com\/naturalpoland.b2b\" \/>\n<meta property=\"article:modified_time\" content=\"2025-08-08T14:03:57+00:00\" \/>\n<meta property=\"og:image\" content=\"https:\/\/naturalpoland.com\/wp-content\/uploads\/2021\/05\/spirulina.jpg\" \/>\n\t<meta property=\"og:image:width\" content=\"1000\" \/>\n\t<meta property=\"og:image:height\" content=\"1000\" \/>\n\t<meta property=\"og:image:type\" content=\"image\/jpeg\" \/>\n<script type=\"application\/ld+json\" class=\"yoast-schema-graph\">{\"@context\":\"https:\\\/\\\/schema.org\",\"@graph\":[{\"@type\":\"WebPage\",\"@id\":\"https:\\\/\\\/naturalpoland.com\\\/ko\\\/je-pum\\\/ui-yak-pum-won-ryo\\\/geon-gang-gi-neung-sig-pum-cheom-ga-mul\\\/%ec%8a%a4%ed%94%bc%eb%a3%a8%eb%a6%ac%eb%82%98\\\/\",\"url\":\"https:\\\/\\\/naturalpoland.com\\\/ko\\\/je-pum\\\/ui-yak-pum-won-ryo\\\/geon-gang-gi-neung-sig-pum-cheom-ga-mul\\\/%ec%8a%a4%ed%94%bc%eb%a3%a8%eb%a6%ac%eb%82%98\\\/\",\"name\":\"\",\"isPartOf\":{\"@id\":\"https:\\\/\\\/naturalpoland.com\\\/ko\\\/#website\"},\"primaryImageOfPage\":{\"@id\":\"https:\\\/\\\/naturalpoland.com\\\/ko\\\/je-pum\\\/ui-yak-pum-won-ryo\\\/geon-gang-gi-neung-sig-pum-cheom-ga-mul\\\/%ec%8a%a4%ed%94%bc%eb%a3%a8%eb%a6%ac%eb%82%98\\\/#primaryimage\"},\"image\":{\"@id\":\"https:\\\/\\\/naturalpoland.com\\\/ko\\\/je-pum\\\/ui-yak-pum-won-ryo\\\/geon-gang-gi-neung-sig-pum-cheom-ga-mul\\\/%ec%8a%a4%ed%94%bc%eb%a3%a8%eb%a6%ac%eb%82%98\\\/#primaryimage\"},\"thumbnailUrl\":\"https:\\\/\\\/naturalpoland.com\\\/wp-content\\\/uploads\\\/2021\\\/05\\\/spirulina.jpg\",\"datePublished\":\"2021-05-11T11:56:36+00:00\",\"dateModified\":\"2025-08-08T14:03:57+00:00\",\"description\":\"\uc2a4\ud53c\ub8e8\ub9ac\ub098\ub294 \ub2e8\ubc31\uc9c8, \uc5fd\ub85d\uc18c \ubc0f \uae30\ud0c0 \uadc0\uc911\ud55c \uc131\ubd84\uc774 \ud48d\ubd80\ud558\uc5ec \uc5ec\ub7ec \uc218\uc900\uc5d0\uc11c \uac74\uac15\uc744 \uc9c0\uc6d0\ud558\ub294 \uc601\uc591 \ubcf4\ucda9\uc81c\uc785\ub2c8\ub2e4.\",\"breadcrumb\":{\"@id\":\"https:\\\/\\\/naturalpoland.com\\\/ko\\\/je-pum\\\/ui-yak-pum-won-ryo\\\/geon-gang-gi-neung-sig-pum-cheom-ga-mul\\\/%ec%8a%a4%ed%94%bc%eb%a3%a8%eb%a6%ac%eb%82%98\\\/#breadcrumb\"},\"inLanguage\":\"ko-KR\",\"potentialAction\":[{\"@type\":\"ReadAction\",\"target\":[\"https:\\\/\\\/naturalpoland.com\\\/ko\\\/je-pum\\\/ui-yak-pum-won-ryo\\\/geon-gang-gi-neung-sig-pum-cheom-ga-mul\\\/%ec%8a%a4%ed%94%bc%eb%a3%a8%eb%a6%ac%eb%82%98\\\/\"]}]},{\"@type\":\"ImageObject\",\"inLanguage\":\"ko-KR\",\"@id\":\"https:\\\/\\\/naturalpoland.com\\\/ko\\\/je-pum\\\/ui-yak-pum-won-ryo\\\/geon-gang-gi-neung-sig-pum-cheom-ga-mul\\\/%ec%8a%a4%ed%94%bc%eb%a3%a8%eb%a6%ac%eb%82%98\\\/#primaryimage\",\"url\":\"https:\\\/\\\/naturalpoland.com\\\/wp-content\\\/uploads\\\/2021\\\/05\\\/spirulina.jpg\",\"contentUrl\":\"https:\\\/\\\/naturalpoland.com\\\/wp-content\\\/uploads\\\/2021\\\/05\\\/spirulina.jpg\",\"width\":1000,\"height\":1000,\"caption\":\"Spirulina\"},{\"@type\":\"BreadcrumbList\",\"@id\":\"https:\\\/\\\/naturalpoland.com\\\/ko\\\/je-pum\\\/ui-yak-pum-won-ryo\\\/geon-gang-gi-neung-sig-pum-cheom-ga-mul\\\/%ec%8a%a4%ed%94%bc%eb%a3%a8%eb%a6%ac%eb%82%98\\\/#breadcrumb\",\"itemListElement\":[{\"@type\":\"ListItem\",\"position\":1,\"name\":\"\ud648\",\"item\":\"https:\\\/\\\/naturalpoland.com\\\/ko\\\/\"},{\"@type\":\"ListItem\",\"position\":2,\"name\":\"\uc81c\ud488\",\"item\":\"https:\\\/\\\/naturalpoland.com\\\/ko\\\/%ec%a0%9c%ed%92%88\\\/\"},{\"@type\":\"ListItem\",\"position\":3,\"name\":\"\uc2a4\ud53c\ub8e8\ub9ac\ub098\"}]},{\"@type\":\"WebSite\",\"@id\":\"https:\\\/\\\/naturalpoland.com\\\/ko\\\/#website\",\"url\":\"https:\\\/\\\/naturalpoland.com\\\/ko\\\/\",\"name\":\"NATURAL POLAND - Hurtowy Dystrybutor Surowc\u00f3w\",\"description\":\"Surowce dla przemys\u0142u spo\u017cywczego, kosmetycznego i farmaceutycznego\",\"publisher\":{\"@id\":\"https:\\\/\\\/naturalpoland.com\\\/ko\\\/#organization\"},\"potentialAction\":[{\"@type\":\"SearchAction\",\"target\":{\"@type\":\"EntryPoint\",\"urlTemplate\":\"https:\\\/\\\/naturalpoland.com\\\/ko\\\/?s={search_term_string}\"},\"query-input\":{\"@type\":\"PropertyValueSpecification\",\"valueRequired\":true,\"valueName\":\"search_term_string\"}}],\"inLanguage\":\"ko-KR\"},{\"@type\":\"Organization\",\"@id\":\"https:\\\/\\\/naturalpoland.com\\\/ko\\\/#organization\",\"name\":\"Natural Poland\",\"url\":\"https:\\\/\\\/naturalpoland.com\\\/ko\\\/\",\"logo\":{\"@type\":\"ImageObject\",\"inLanguage\":\"ko-KR\",\"@id\":\"https:\\\/\\\/naturalpoland.com\\\/ko\\\/#\\\/schema\\\/logo\\\/image\\\/\",\"url\":\"https:\\\/\\\/naturalpoland.com\\\/wp-content\\\/uploads\\\/2021\\\/05\\\/natural-poland-icon.png\",\"contentUrl\":\"https:\\\/\\\/naturalpoland.com\\\/wp-content\\\/uploads\\\/2021\\\/05\\\/natural-poland-icon.png\",\"width\":512,\"height\":512,\"caption\":\"Natural Poland\"},\"image\":{\"@id\":\"https:\\\/\\\/naturalpoland.com\\\/ko\\\/#\\\/schema\\\/logo\\\/image\\\/\"},\"sameAs\":[\"https:\\\/\\\/www.facebook.com\\\/naturalpoland.b2b\",\"https:\\\/\\\/pl.linkedin.com\\\/company\\\/natural-poland\",\"https:\\\/\\\/www.youtube.com\\\/channel\\\/UCgeGGkvOMahZo-xu_MSEWxg\"]}]}<\/script>\n<!-- \/ Yoast SEO plugin. -->","yoast_head_json":{"title":"NATURAL POLAND &#8211; Hurtowy Dystrybutor Surowc\u00f3w","description":"\uc2a4\ud53c\ub8e8\ub9ac\ub098\ub294 \ub2e8\ubc31\uc9c8, \uc5fd\ub85d\uc18c \ubc0f \uae30\ud0c0 \uadc0\uc911\ud55c \uc131\ubd84\uc774 \ud48d\ubd80\ud558\uc5ec \uc5ec\ub7ec \uc218\uc900\uc5d0\uc11c \uac74\uac15\uc744 \uc9c0\uc6d0\ud558\ub294 \uc601\uc591 \ubcf4\ucda9\uc81c\uc785\ub2c8\ub2e4.","robots":{"index":"index","follow":"follow","max-snippet":"max-snippet:-1","max-image-preview":"max-image-preview:large","max-video-preview":"max-video-preview:-1"},"canonical":"https:\/\/naturalpoland.com\/ko\/je-pum\/ui-yak-pum-won-ryo\/geon-gang-gi-neung-sig-pum-cheom-ga-mul\/%ec%8a%a4%ed%94%bc%eb%a3%a8%eb%a6%ac%eb%82%98\/","og_locale":"ko_KR","og_type":"article","og_description":"\uc2a4\ud53c\ub8e8\ub9ac\ub098\ub294 \ub2e8\ubc31\uc9c8, \uc5fd\ub85d\uc18c \ubc0f \uae30\ud0c0 \uadc0\uc911\ud55c \uc131\ubd84\uc774 \ud48d\ubd80\ud558\uc5ec \uc5ec\ub7ec \uc218\uc900\uc5d0\uc11c \uac74\uac15\uc744 \uc9c0\uc6d0\ud558\ub294 \uc601\uc591 \ubcf4\ucda9\uc81c\uc785\ub2c8\ub2e4.","og_url":"https:\/\/naturalpoland.com\/ko\/je-pum\/ui-yak-pum-won-ryo\/geon-gang-gi-neung-sig-pum-cheom-ga-mul\/%ec%8a%a4%ed%94%bc%eb%a3%a8%eb%a6%ac%eb%82%98\/","og_site_name":"NATURAL POLAND - Hurtowy Dystrybutor Surowc\u00f3w","article_publisher":"https:\/\/www.facebook.com\/naturalpoland.b2b","article_modified_time":"2025-08-08T14:03:57+00:00","og_image":[{"width":1000,"height":1000,"url":"https:\/\/naturalpoland.com\/wp-content\/uploads\/2021\/05\/spirulina.jpg","type":"image\/jpeg"}],"schema":{"@context":"https:\/\/schema.org","@graph":[{"@type":"WebPage","@id":"https:\/\/naturalpoland.com\/ko\/je-pum\/ui-yak-pum-won-ryo\/geon-gang-gi-neung-sig-pum-cheom-ga-mul\/%ec%8a%a4%ed%94%bc%eb%a3%a8%eb%a6%ac%eb%82%98\/","url":"https:\/\/naturalpoland.com\/ko\/je-pum\/ui-yak-pum-won-ryo\/geon-gang-gi-neung-sig-pum-cheom-ga-mul\/%ec%8a%a4%ed%94%bc%eb%a3%a8%eb%a6%ac%eb%82%98\/","name":"","isPartOf":{"@id":"https:\/\/naturalpoland.com\/ko\/#website"},"primaryImageOfPage":{"@id":"https:\/\/naturalpoland.com\/ko\/je-pum\/ui-yak-pum-won-ryo\/geon-gang-gi-neung-sig-pum-cheom-ga-mul\/%ec%8a%a4%ed%94%bc%eb%a3%a8%eb%a6%ac%eb%82%98\/#primaryimage"},"image":{"@id":"https:\/\/naturalpoland.com\/ko\/je-pum\/ui-yak-pum-won-ryo\/geon-gang-gi-neung-sig-pum-cheom-ga-mul\/%ec%8a%a4%ed%94%bc%eb%a3%a8%eb%a6%ac%eb%82%98\/#primaryimage"},"thumbnailUrl":"https:\/\/naturalpoland.com\/wp-content\/uploads\/2021\/05\/spirulina.jpg","datePublished":"2021-05-11T11:56:36+00:00","dateModified":"2025-08-08T14:03:57+00:00","description":"\uc2a4\ud53c\ub8e8\ub9ac\ub098\ub294 \ub2e8\ubc31\uc9c8, \uc5fd\ub85d\uc18c \ubc0f \uae30\ud0c0 \uadc0\uc911\ud55c \uc131\ubd84\uc774 \ud48d\ubd80\ud558\uc5ec \uc5ec\ub7ec \uc218\uc900\uc5d0\uc11c \uac74\uac15\uc744 \uc9c0\uc6d0\ud558\ub294 \uc601\uc591 \ubcf4\ucda9\uc81c\uc785\ub2c8\ub2e4.","breadcrumb":{"@id":"https:\/\/naturalpoland.com\/ko\/je-pum\/ui-yak-pum-won-ryo\/geon-gang-gi-neung-sig-pum-cheom-ga-mul\/%ec%8a%a4%ed%94%bc%eb%a3%a8%eb%a6%ac%eb%82%98\/#breadcrumb"},"inLanguage":"ko-KR","potentialAction":[{"@type":"ReadAction","target":["https:\/\/naturalpoland.com\/ko\/je-pum\/ui-yak-pum-won-ryo\/geon-gang-gi-neung-sig-pum-cheom-ga-mul\/%ec%8a%a4%ed%94%bc%eb%a3%a8%eb%a6%ac%eb%82%98\/"]}]},{"@type":"ImageObject","inLanguage":"ko-KR","@id":"https:\/\/naturalpoland.com\/ko\/je-pum\/ui-yak-pum-won-ryo\/geon-gang-gi-neung-sig-pum-cheom-ga-mul\/%ec%8a%a4%ed%94%bc%eb%a3%a8%eb%a6%ac%eb%82%98\/#primaryimage","url":"https:\/\/naturalpoland.com\/wp-content\/uploads\/2021\/05\/spirulina.jpg","contentUrl":"https:\/\/naturalpoland.com\/wp-content\/uploads\/2021\/05\/spirulina.jpg","width":1000,"height":1000,"caption":"Spirulina"},{"@type":"BreadcrumbList","@id":"https:\/\/naturalpoland.com\/ko\/je-pum\/ui-yak-pum-won-ryo\/geon-gang-gi-neung-sig-pum-cheom-ga-mul\/%ec%8a%a4%ed%94%bc%eb%a3%a8%eb%a6%ac%eb%82%98\/#breadcrumb","itemListElement":[{"@type":"ListItem","position":1,"name":"\ud648","item":"https:\/\/naturalpoland.com\/ko\/"},{"@type":"ListItem","position":2,"name":"\uc81c\ud488","item":"https:\/\/naturalpoland.com\/ko\/%ec%a0%9c%ed%92%88\/"},{"@type":"ListItem","position":3,"name":"\uc2a4\ud53c\ub8e8\ub9ac\ub098"}]},{"@type":"WebSite","@id":"https:\/\/naturalpoland.com\/ko\/#website","url":"https:\/\/naturalpoland.com\/ko\/","name":"NATURAL POLAND - Hurtowy Dystrybutor Surowc\u00f3w","description":"Surowce dla przemys\u0142u spo\u017cywczego, kosmetycznego i farmaceutycznego","publisher":{"@id":"https:\/\/naturalpoland.com\/ko\/#organization"},"potentialAction":[{"@type":"SearchAction","target":{"@type":"EntryPoint","urlTemplate":"https:\/\/naturalpoland.com\/ko\/?s={search_term_string}"},"query-input":{"@type":"PropertyValueSpecification","valueRequired":true,"valueName":"search_term_string"}}],"inLanguage":"ko-KR"},{"@type":"Organization","@id":"https:\/\/naturalpoland.com\/ko\/#organization","name":"Natural Poland","url":"https:\/\/naturalpoland.com\/ko\/","logo":{"@type":"ImageObject","inLanguage":"ko-KR","@id":"https:\/\/naturalpoland.com\/ko\/#\/schema\/logo\/image\/","url":"https:\/\/naturalpoland.com\/wp-content\/uploads\/2021\/05\/natural-poland-icon.png","contentUrl":"https:\/\/naturalpoland.com\/wp-content\/uploads\/2021\/05\/natural-poland-icon.png","width":512,"height":512,"caption":"Natural Poland"},"image":{"@id":"https:\/\/naturalpoland.com\/ko\/#\/schema\/logo\/image\/"},"sameAs":["https:\/\/www.facebook.com\/naturalpoland.b2b","https:\/\/pl.linkedin.com\/company\/natural-poland","https:\/\/www.youtube.com\/channel\/UCgeGGkvOMahZo-xu_MSEWxg"]}]}},"_links":{"self":[{"href":"https:\/\/naturalpoland.com\/ko\/wp-json\/wp\/v2\/product\/42779","targetHints":{"allow":["GET"]}}],"collection":[{"href":"https:\/\/naturalpoland.com\/ko\/wp-json\/wp\/v2\/product"}],"about":[{"href":"https:\/\/naturalpoland.com\/ko\/wp-json\/wp\/v2\/types\/product"}],"wp:featuredmedia":[{"embeddable":true,"href":"https:\/\/naturalpoland.com\/ko\/wp-json\/wp\/v2\/media\/42780"}],"wp:attachment":[{"href":"https:\/\/naturalpoland.com\/ko\/wp-json\/wp\/v2\/media?parent=42779"}],"wp:term":[{"taxonomy":"product_brand","embeddable":true,"href":"https:\/\/naturalpoland.com\/ko\/wp-json\/wp\/v2\/product_brand?post=42779"},{"taxonomy":"product_cat","embeddable":true,"href":"https:\/\/naturalpoland.com\/ko\/wp-json\/wp\/v2\/product_cat?post=42779"},{"taxonomy":"product_tag","embeddable":true,"href":"https:\/\/naturalpoland.com\/ko\/wp-json\/wp\/v2\/product_tag?post=42779"}],"curies":[{"name":"wp","href":"https:\/\/api.w.org\/{rel}","templated":true}]}}