{"id":42781,"date":"2021-05-17T10:33:26","date_gmt":"2021-05-17T08:33:26","guid":{"rendered":"https:\/\/naturalpoland.com\/produkty\/uncategorized\/%ea%b7%9c%ec%a1%b0%ed%86%a0-%eb%8b%a4%ec%9d%b4%ec%95%84%ed%86%a0%eb%a7%88%ec%9d%b4%ed%8a%b8\/"},"modified":"2025-08-08T16:04:02","modified_gmt":"2025-08-08T14:04:02","slug":"%ea%b7%9c%ec%a1%b0%ed%86%a0-%eb%8b%a4%ec%9d%b4%ec%95%84%ed%86%a0%eb%a7%88%ec%9d%b4%ed%8a%b8","status":"publish","type":"product","link":"https:\/\/naturalpoland.com\/ko\/je-pum\/hwa-jang-pum-won-ryo\/hwa-jang-pum-won-ryo-ko\/%ea%b7%9c%ec%a1%b0%ed%86%a0-%eb%8b%a4%ec%9d%b4%ec%95%84%ed%86%a0%eb%a7%88%ec%9d%b4%ed%8a%b8\/","title":{"rendered":"\uaddc\uc870\ud1a0 (\ub2e4\uc774\uc544\ud1a0\ub9c8\uc774\ud2b8)"},"content":{"rendered":"<h2>\uae30\uc6d0 \ubc0f \ud2b9\uc131<\/h2>\n<p>\uaddc\uc870\ud1a0\ub294 \ubb3c \ud658\uacbd\uc5d0 \uc11c\uc2dd\ud558\ub294 \ub2e8\uc138\ud3ec \ub610\ub294 \ub2e4\uc138\ud3ec \uc870\ub958\uc778 \uaddc\uc870\ub958\uc758 \ubbf8\uc138\ud55c \uaecd\uc9c8\ub85c \uad6c\uc131\ub41c \ucc9c\uc5f0 \uad11\ubb3c\uc785\ub2c8\ub2e4. \ub274\uba55\uc2dc\ucf54\uc640 \uac19\uc740 \uc9c0\uc5ed\uc5d0 \ud2b9\ud788 \ud48d\ubd80\ud55c \ucc9c\uc5f0 \uad11\uc0c1\uc5d0\uc11c \ucc44\uad74\ub429\ub2c8\ub2e4. \uc8fc\ub85c \ube44\uc815\uc9c8 \ud615\ud0dc\uc758 \uc774\uc0b0\ud654\uaddc\uc18c(SiO\u2082)\ub85c \uad6c\uc131\ub418\uc5b4 \uc788\uc73c\uba70, \uc774\ub294 \uc0ac\ub78c\uacfc \ub3d9\ubb3c\uc5d0\uac8c \uc548\uc804\ud569\ub2c8\ub2e4. \ub2e4\uacf5\uc131 \uad6c\uc870\ub85c \uc778\ud574 \ud6a8\uacfc\uc801\uc778 \uc815\ud654 \ubc0f \uc2b5\uae30\uc640 \uc624\uc5fc \ubb3c\uc9c8 \ud761\uc218\uac00 \uac00\ub2a5\ud569\ub2c8\ub2e4.   <\/p>\n<p>\uc21c\uc218 \uaddc\uc870\ud1a0\uc5d0\ub294 \ub098\ud2b8\ub968, \uce7c\uc298, \ub9c8\uadf8\ub124\uc298, \ucca0\uacfc \uac19\uc740 \uadc0\uc911\ud55c \ubbf8\ub7c9 \uc6d0\uc18c\ub3c4 \ud3ec\ud568\ub418\uc5b4 \uc788\uc2b5\ub2c8\ub2e4. \uc774\ub7ec\ud55c \ubbf8\ub7c9 \uc6d0\uc18c\ub294 \ubf08, \ud53c\ubd80, \ubaa8\ubc1c \ubc0f \uc190\ud1b1 \uac74\uac15\uc5d0 \uc720\uc775\ud569\ub2c8\ub2e4. \ub2e4\uc774\uc544\ud1a0\ub9c8\uc774\ud2b8\ub294 \ub610\ud55c \ub2e8\uc5f4\uc131, \ub0b4\ub9c8\ubaa8\uc131 \ubc0f \ud654\ud559\uc801 \ubd88\ud65c\uc131\uc73c\ub85c \uc54c\ub824\uc838 \uc788\uc5b4 \uc0b0\uc5c5 \ubd84\uc57c\uc5d0\uc11c \uad11\ubc94\uc704\ud558\uac8c \uc0ac\uc6a9\ub429\ub2c8\ub2e4.  <\/p>\n<h2>\uaddc\uc870\ud1a0\uc758 \ud65c\uc6a9<\/h2>\n<p><strong>1. \uac74\uac15 \ubcf4\uc870 \uc2dd\ud488<\/strong><\/p>\n<p>\ub2e4\uc774\uc544\ud1a0\ub9c8\uc774\ud2b8\ub294 \ub192\uc740 \uaddc\uc18c \ud568\ub7c9\uc73c\ub85c \uc778\ud574 \uac74\uac15 \ubcf4\uc870 \uc2dd\ud488\uc5d0 \uc790\uc8fc \uc0ac\uc6a9\ub429\ub2c8\ub2e4. \uaddc\uc18c\ub294 \uacb0\ud569 \uc870\uc9c1\uc758 \uc801\uc808\ud55c \uae30\ub2a5\uc5d0 \ud544\uc218\uc801\uc774\uba70, \ud608\uad00, \ud798\uc904, \ubf08 \ubc0f \uc5f0\uace8\uc744 \uac15\ud654\ud569\ub2c8\ub2e4. <strong>\ud53c\ubd80, \uc190\ud1b1 \ubc0f \ubaa8\ubc1c \uac74\uac15<\/strong>\uc744 \uc9c0\uc6d0\ud569\ub2c8\ub2e4.  <\/p>\n<p><strong>2. \uc2e0\uccb4 \uc815\ud654<\/strong><\/p>\n<p>\ub2e4\uc774\uc544\ud1a0\ub9c8\uc774\ud2b8\ub294 \ub2e4\uacf5\uc131 \uad6c\uc870 \ub355\ubd84\uc5d0 \uac15\ub825\ud55c \uc815\ud654 \ud2b9\uc131\uc744 \ub098\ud0c0\ub0c5\ub2c8\ub2e4. \uaddc\uc870\ud1a0 \uc785\uc790\ub294 \uc591\uc804\ud558\ub97c \ub764 \ub3c5\uc18c\uc640 \ubbf8\uc0dd\ubb3c\uc744 \ub04c\uc5b4\ub2f9\uaca8 \uccb4\ub0b4\uc5d0\uc11c \uc81c\uac70\ud558\ub294 \ub370 \ub3c4\uc6c0\uc744 \uc90d\ub2c8\ub2e4. \uc774\ub294 <strong>\uc7a5 \ud574\ub3c5<\/strong>\uc5d0 \uc791\uc6a9\ud558\uc5ec \uc7a5 \ub0b4\uc758 \ub178\ud3d0\ubb3c, \uae30\uc0dd\ucda9 \ubc0f \uae30\ud0c0 \uc624\uc5fc \ubb3c\uc9c8\uc744 \uc81c\uac70\ud569\ub2c8\ub2e4. \uaddc\uc870\ud1a0\ub97c \uc815\uae30\uc801\uc73c\ub85c \uc0ac\uc6a9\ud558\uba74 \uc18c\ud654\ub97c \uac1c\uc120\ud560 \uc218 \uc788\uc2b5\ub2c8\ub2e4.   <\/p>\n<p><strong>3. \ud654\uc7a5\ud488<\/strong><\/p>\n<p>\uaddc\uc870\ud1a0\ub294 <strong>\ud074\ub80c\uc9d5 \ud654\uc7a5\ud488, <a href=\"https:\/\/naturalpoland.com\/ko\/ka-te-go-ri\/hwa-jang-pum-won-ryo\/pil-ling-je\/\">\ud544\ub9c1<\/a><\/strong> \ubc0f <strong>\ud398\uc774\uc2a4 \ub9c8\uc2a4\ud06c<\/strong>\uc758 \uc778\uae30 \uc788\ub294 \uc131\ubd84\uc785\ub2c8\ub2e4. \ud654\uc7a5\ud488\uc5d0\uc11c \ud574\ub3c5 \uc791\uc6a9\uc744 \ud558\uc5ec \uacfc\ub3c4\ud55c \ud53c\uc9c0, \ub3c5\uc18c \ubc0f \uc8fd\uc740 \ud53c\ubd80 \uc138\ud3ec\ub97c \uc81c\uac70\ud558\uc5ec \uc5ec\ub4dc\ub984 \ud1f4\uce58\uc5d0 \ub3c4\uc6c0\uc744 \uc8fc\uace0 \ud53c\ubd80 \uc678\uad00\uc744 \uac1c\uc120\ud569\ub2c8\ub2e4. \ub2e4\uc774\uc544\ud1a0\ub9c8\uc774\ud2b8\ub294 \ub610\ud55c <a href=\"https:\/\/naturalpoland.com\/ko\/je-pum\/ui-yak-pum-won-ryo\/geon-gang-gi-neung-sig-pum-cheom-ga-mul\/%ec%bd%9c%eb%9d%bc%ea%b2%90\/\">\ucf5c\ub77c\uac90<\/a>, \uc5d8\ub77c\uc2a4\ud2f4 \ubc0f \ud788\uc54c\ub8e8\ub860\uc0b0 \uc0dd\uc131\uc744 \ucd09\uc9c4\ud558\uc5ec \ud53c\ubd80\ub97c \uac74\uac15\ud558\uace0 \uc80a\uac8c \ubcf4\uc774\uac8c \ud569\ub2c8\ub2e4.  <\/p>\n<p><strong>4. \ub18d\uc5c5 \ubc0f \uc6d0\uc608<\/strong><\/p>\n<p>\ub18d\uc5c5\uc5d0\uc11c \uaddc\uc870\ud1a0\ub294 <strong>\ucc9c\uc5f0 \uc0b4\ucda9\uc81c<\/strong>\ub85c \uc0ac\uc6a9\ub429\ub2c8\ub2e4. \ubbf8\uc138\ud55c \uc785\uc790\uac00 \uace4\ucda9\uc758 \ubcf4\ud638\uce35\uc744 \ud30c\uad34\ud558\uc5ec \ud0c8\uc218 \ubc0f \uc0ac\ub9dd\uc5d0 \uc774\ub974\uac8c \ud569\ub2c8\ub2e4. \uc774\ub85c \uc778\ud574 \ub2e4\uc774\uc544\ud1a0\ub9c8\uc774\ud2b8\ub294 \ud654\ud559 \uc0b4\ucda9\uc81c\uc5d0 \ub300\ud55c \uc548\uc804\ud55c \ub300\uc548\uc73c\ub85c, \uc2e4\ub0b4\uc678 \ubaa8\ub450\uc5d0\uc11c \uc0ac\uc6a9\ub429\ub2c8\ub2e4.  <\/p>\n<p><strong>5. \uc5ec\uacfc<\/strong><\/p>\n<p>\ub2e4\uc774\uc544\ud1a0\ub9c8\uc774\ud2b8\ub294 \uc2dd\ud488, \ud654\ud559 \ubc0f \uc81c\uc57d \uc0b0\uc5c5\uc5d0\uc11c \uc5ec\uacfc \uc7ac\ub8cc\ub85c \ub110\ub9ac \uc0ac\uc6a9\ub429\ub2c8\ub2e4. \ubbf8\uc138 \uc785\uc790\ub97c \ud3ec\uc9d1\ud558\ub294 \ub2a5\ub825 \ub355\ubd84\uc5d0 \uaddc\uc870\ud1a0\ub294 <strong>\ubb3c, \ub9e5\uc8fc, \uc640\uc778<\/strong> \ubc0f \uae30\ud0c0 \uc561\uccb4\ub97c \uc815\ud654\ud558\ub294 \ub370 \uc0ac\uc6a9\ub429\ub2c8\ub2e4. <\/p>\n<p><strong>6. \ud761\uc218\uc81c<\/strong><\/p>\n<p>\ub2e4\uc774\uc544\ud1a0\ub9c8\uc774\ud2b8\ub294 \ud6a8\uacfc\uc801\uc778 <strong>\uc2b5\uae30 \ubc0f \ub0c4\uc0c8 \ud761\uc218\uc81c<\/strong>\ub85c, \ubc18\ub824\ub3d9\ubb3c \ud654\uc7a5\uc2e4 \uadfc\ucc98, \ub0c9\uc7a5\uace0, \uc2b5\ub3c4\uac00 \ub192\uc740 \uacf3\uc5d0\uc11c \uc0ac\uc6a9\ub429\ub2c8\ub2e4.<\/p>\n<h2>\uc548\uc804\uc131<\/h2>\n<p>\ube44\uc815\uc9c8 \ud615\ud0dc\uc758 \ub2e4\uc774\uc544\ud1a0\ub9c8\uc774\ud2b8\ub294 \uc548\uc804\ud558\uc9c0\ub9cc, \ubd84\ub9d0 \ud615\ud0dc\ub85c \uc0ac\uc6a9\ud560 \ub54c\ub294 \uba3c\uc9c0 \ud761\uc785\uc744 \ud53c\ud558\uae30 \uc704\ud574 \uc8fc\uc758\ub97c \uae30\uc6b8\uc774\ub294 \uac83\uc774 \uc88b\uc2b5\ub2c8\ub2e4. \uc81c\ud488\uc744 \uc0ac\uc6a9\ud558\ub294 \uc0ac\ub78c\uc740 \ub208\uacfc \ud638\ud761\uae30 \uc811\ucd09\uc744 \ud53c\ud574\uc57c \ud569\ub2c8\ub2e4. \ubd84\ub9d0 \uc791\uc5c5 \uc2dc \ubcf4\ud638 \ub9c8\uc2a4\ud06c\uc640 \ubcf4\uc548\uacbd\uc744 \ucc29\uc6a9\ud558\ub294 \uac83\ub3c4 \uad8c\uc7a5\ub429\ub2c8\ub2e4. \uc81c\ud488\uc740 \ud2b9\uc131\uc744 \uc720\uc9c0\ud558\uae30 \uc704\ud574 \uac74\uc870\ud558\uace0 \ubc00\ubd09\ub41c \uc6a9\uae30\uc5d0 \ubcf4\uad00\ud574\uc57c \ud569\ub2c8\ub2e4.   <\/p>\n","protected":false},"excerpt":{"rendered":"<p><strong>\uaddc\uc870\ud1a0<\/strong>\ub294 <strong>\ub2e4\uc774\uc544\ud1a0\ub9c8\uc774\ud2b8<\/strong>\ub77c\uace0\ub3c4 \uc54c\ub824\uc838 \uc788\uc73c\uba70, \uc2dd\ud488 \uc0b0\uc5c5\ubd80\ud130 \ud654\uc7a5\ud488 \ubc0f \ub18d\uc5c5\uc5d0 \uc774\ub974\uae30\uae4c\uc9c0 \ub2e4\uc591\ud55c \ubd84\uc57c\uc5d0\uc11c \ud65c\uc6a9\ub429\ub2c8\ub2e4.<\/p>\n","protected":false},"featured_media":42782,"template":"","meta":{"_acf_changed":false},"product_brand":[],"product_cat":[8143,8160],"product_tag":[],"class_list":{"0":"post-42781","1":"product","2":"type-product","3":"status-publish","4":"has-post-thumbnail","6":"product_cat-geon-gang-gi-neung-sig-pum-cheom-ga-mul","7":"product_cat-hwa-jang-pum-won-ryo-ko","9":"first","10":"instock","11":"shipping-taxable","12":"product-type-simple"},"acf":[],"yoast_head":"<!-- This site is optimized with the Yoast SEO plugin v27.6 - https:\/\/yoast.com\/product\/yoast-seo-wordpress\/ -->\n<title>NATURAL POLAND &#8211; Hurtowy Dystrybutor Surowc\u00f3w<\/title>\n<meta name=\"description\" content=\"\uaddc\uc870\ud1a0\ub294 \ub2e4\uc774\uc544\ud1a0\ub9c8\uc774\ud2b8\ub77c\uace0\ub3c4 \uc54c\ub824\uc838 \uc788\uc73c\uba70, \ub274\uba55\uc2dc\ucf54 \uc9c0\uc5ed\uc5d0\uc11c \uc0dd\uc0b0\ub418\ub294 \ucc9c\uc5f0 \uc81c\ud488\uc785\ub2c8\ub2e4. \uc12c\uc720\uc9c8\uacfc \uaddc\uc18c\uc758 \ud6cc\ub96d\ud55c \uacf5\uae09\uc6d0\uc785\ub2c8\ub2e4.\" \/>\n<meta name=\"robots\" content=\"index, follow, max-snippet:-1, max-image-preview:large, max-video-preview:-1\" \/>\n<link rel=\"canonical\" href=\"https:\/\/naturalpoland.com\/ko\/je-pum\/hwa-jang-pum-won-ryo\/hwa-jang-pum-won-ryo-ko\/%ea%b7%9c%ec%a1%b0%ed%86%a0-%eb%8b%a4%ec%9d%b4%ec%95%84%ed%86%a0%eb%a7%88%ec%9d%b4%ed%8a%b8\/\" \/>\n<meta property=\"og:locale\" content=\"ko_KR\" \/>\n<meta property=\"og:type\" content=\"article\" \/>\n<meta property=\"og:description\" content=\"\uaddc\uc870\ud1a0\ub294 \ub2e4\uc774\uc544\ud1a0\ub9c8\uc774\ud2b8\ub77c\uace0\ub3c4 \uc54c\ub824\uc838 \uc788\uc73c\uba70, \ub274\uba55\uc2dc\ucf54 \uc9c0\uc5ed\uc5d0\uc11c \uc0dd\uc0b0\ub418\ub294 \ucc9c\uc5f0 \uc81c\ud488\uc785\ub2c8\ub2e4. \uc12c\uc720\uc9c8\uacfc \uaddc\uc18c\uc758 \ud6cc\ub96d\ud55c \uacf5\uae09\uc6d0\uc785\ub2c8\ub2e4.\" \/>\n<meta property=\"og:url\" content=\"https:\/\/naturalpoland.com\/ko\/je-pum\/hwa-jang-pum-won-ryo\/hwa-jang-pum-won-ryo-ko\/%ea%b7%9c%ec%a1%b0%ed%86%a0-%eb%8b%a4%ec%9d%b4%ec%95%84%ed%86%a0%eb%a7%88%ec%9d%b4%ed%8a%b8\/\" \/>\n<meta property=\"og:site_name\" content=\"NATURAL POLAND - Hurtowy Dystrybutor Surowc\u00f3w\" \/>\n<meta property=\"article:publisher\" content=\"https:\/\/www.facebook.com\/naturalpoland.b2b\" \/>\n<meta property=\"article:modified_time\" content=\"2025-08-08T14:04:02+00:00\" \/>\n<meta property=\"og:image\" content=\"https:\/\/naturalpoland.com\/wp-content\/uploads\/ziemia-okrzemkowa.webp\" \/>\n\t<meta property=\"og:image:width\" content=\"1024\" \/>\n\t<meta property=\"og:image:height\" content=\"1024\" \/>\n\t<meta property=\"og:image:type\" content=\"image\/webp\" \/>\n<script type=\"application\/ld+json\" class=\"yoast-schema-graph\">{\"@context\":\"https:\\\/\\\/schema.org\",\"@graph\":[{\"@type\":\"WebPage\",\"@id\":\"https:\\\/\\\/naturalpoland.com\\\/ko\\\/je-pum\\\/hwa-jang-pum-won-ryo\\\/hwa-jang-pum-won-ryo-ko\\\/%ea%b7%9c%ec%a1%b0%ed%86%a0-%eb%8b%a4%ec%9d%b4%ec%95%84%ed%86%a0%eb%a7%88%ec%9d%b4%ed%8a%b8\\\/\",\"url\":\"https:\\\/\\\/naturalpoland.com\\\/ko\\\/je-pum\\\/hwa-jang-pum-won-ryo\\\/hwa-jang-pum-won-ryo-ko\\\/%ea%b7%9c%ec%a1%b0%ed%86%a0-%eb%8b%a4%ec%9d%b4%ec%95%84%ed%86%a0%eb%a7%88%ec%9d%b4%ed%8a%b8\\\/\",\"name\":\"\",\"isPartOf\":{\"@id\":\"https:\\\/\\\/naturalpoland.com\\\/ko\\\/#website\"},\"primaryImageOfPage\":{\"@id\":\"https:\\\/\\\/naturalpoland.com\\\/ko\\\/je-pum\\\/hwa-jang-pum-won-ryo\\\/hwa-jang-pum-won-ryo-ko\\\/%ea%b7%9c%ec%a1%b0%ed%86%a0-%eb%8b%a4%ec%9d%b4%ec%95%84%ed%86%a0%eb%a7%88%ec%9d%b4%ed%8a%b8\\\/#primaryimage\"},\"image\":{\"@id\":\"https:\\\/\\\/naturalpoland.com\\\/ko\\\/je-pum\\\/hwa-jang-pum-won-ryo\\\/hwa-jang-pum-won-ryo-ko\\\/%ea%b7%9c%ec%a1%b0%ed%86%a0-%eb%8b%a4%ec%9d%b4%ec%95%84%ed%86%a0%eb%a7%88%ec%9d%b4%ed%8a%b8\\\/#primaryimage\"},\"thumbnailUrl\":\"https:\\\/\\\/naturalpoland.com\\\/wp-content\\\/uploads\\\/ziemia-okrzemkowa.webp\",\"datePublished\":\"2021-05-17T08:33:26+00:00\",\"dateModified\":\"2025-08-08T14:04:02+00:00\",\"description\":\"\uaddc\uc870\ud1a0\ub294 \ub2e4\uc774\uc544\ud1a0\ub9c8\uc774\ud2b8\ub77c\uace0\ub3c4 \uc54c\ub824\uc838 \uc788\uc73c\uba70, \ub274\uba55\uc2dc\ucf54 \uc9c0\uc5ed\uc5d0\uc11c \uc0dd\uc0b0\ub418\ub294 \ucc9c\uc5f0 \uc81c\ud488\uc785\ub2c8\ub2e4. \uc12c\uc720\uc9c8\uacfc \uaddc\uc18c\uc758 \ud6cc\ub96d\ud55c \uacf5\uae09\uc6d0\uc785\ub2c8\ub2e4.\",\"breadcrumb\":{\"@id\":\"https:\\\/\\\/naturalpoland.com\\\/ko\\\/je-pum\\\/hwa-jang-pum-won-ryo\\\/hwa-jang-pum-won-ryo-ko\\\/%ea%b7%9c%ec%a1%b0%ed%86%a0-%eb%8b%a4%ec%9d%b4%ec%95%84%ed%86%a0%eb%a7%88%ec%9d%b4%ed%8a%b8\\\/#breadcrumb\"},\"inLanguage\":\"ko-KR\",\"potentialAction\":[{\"@type\":\"ReadAction\",\"target\":[\"https:\\\/\\\/naturalpoland.com\\\/ko\\\/je-pum\\\/hwa-jang-pum-won-ryo\\\/hwa-jang-pum-won-ryo-ko\\\/%ea%b7%9c%ec%a1%b0%ed%86%a0-%eb%8b%a4%ec%9d%b4%ec%95%84%ed%86%a0%eb%a7%88%ec%9d%b4%ed%8a%b8\\\/\"]}]},{\"@type\":\"ImageObject\",\"inLanguage\":\"ko-KR\",\"@id\":\"https:\\\/\\\/naturalpoland.com\\\/ko\\\/je-pum\\\/hwa-jang-pum-won-ryo\\\/hwa-jang-pum-won-ryo-ko\\\/%ea%b7%9c%ec%a1%b0%ed%86%a0-%eb%8b%a4%ec%9d%b4%ec%95%84%ed%86%a0%eb%a7%88%ec%9d%b4%ed%8a%b8\\\/#primaryimage\",\"url\":\"https:\\\/\\\/naturalpoland.com\\\/wp-content\\\/uploads\\\/ziemia-okrzemkowa.webp\",\"contentUrl\":\"https:\\\/\\\/naturalpoland.com\\\/wp-content\\\/uploads\\\/ziemia-okrzemkowa.webp\",\"width\":1024,\"height\":1024,\"caption\":\"ziemia okrzemkowa\"},{\"@type\":\"BreadcrumbList\",\"@id\":\"https:\\\/\\\/naturalpoland.com\\\/ko\\\/je-pum\\\/hwa-jang-pum-won-ryo\\\/hwa-jang-pum-won-ryo-ko\\\/%ea%b7%9c%ec%a1%b0%ed%86%a0-%eb%8b%a4%ec%9d%b4%ec%95%84%ed%86%a0%eb%a7%88%ec%9d%b4%ed%8a%b8\\\/#breadcrumb\",\"itemListElement\":[{\"@type\":\"ListItem\",\"position\":1,\"name\":\"\ud648\",\"item\":\"https:\\\/\\\/naturalpoland.com\\\/ko\\\/\"},{\"@type\":\"ListItem\",\"position\":2,\"name\":\"\uc81c\ud488\",\"item\":\"https:\\\/\\\/naturalpoland.com\\\/ko\\\/%ec%a0%9c%ed%92%88\\\/\"},{\"@type\":\"ListItem\",\"position\":3,\"name\":\"\uaddc\uc870\ud1a0 (\ub2e4\uc774\uc544\ud1a0\ub9c8\uc774\ud2b8)\"}]},{\"@type\":\"WebSite\",\"@id\":\"https:\\\/\\\/naturalpoland.com\\\/ko\\\/#website\",\"url\":\"https:\\\/\\\/naturalpoland.com\\\/ko\\\/\",\"name\":\"NATURAL POLAND - Hurtowy Dystrybutor Surowc\u00f3w\",\"description\":\"Surowce dla przemys\u0142u spo\u017cywczego, kosmetycznego i farmaceutycznego\",\"publisher\":{\"@id\":\"https:\\\/\\\/naturalpoland.com\\\/ko\\\/#organization\"},\"potentialAction\":[{\"@type\":\"SearchAction\",\"target\":{\"@type\":\"EntryPoint\",\"urlTemplate\":\"https:\\\/\\\/naturalpoland.com\\\/ko\\\/?s={search_term_string}\"},\"query-input\":{\"@type\":\"PropertyValueSpecification\",\"valueRequired\":true,\"valueName\":\"search_term_string\"}}],\"inLanguage\":\"ko-KR\"},{\"@type\":\"Organization\",\"@id\":\"https:\\\/\\\/naturalpoland.com\\\/ko\\\/#organization\",\"name\":\"Natural Poland\",\"url\":\"https:\\\/\\\/naturalpoland.com\\\/ko\\\/\",\"logo\":{\"@type\":\"ImageObject\",\"inLanguage\":\"ko-KR\",\"@id\":\"https:\\\/\\\/naturalpoland.com\\\/ko\\\/#\\\/schema\\\/logo\\\/image\\\/\",\"url\":\"https:\\\/\\\/naturalpoland.com\\\/wp-content\\\/uploads\\\/2021\\\/05\\\/natural-poland-icon.png\",\"contentUrl\":\"https:\\\/\\\/naturalpoland.com\\\/wp-content\\\/uploads\\\/2021\\\/05\\\/natural-poland-icon.png\",\"width\":512,\"height\":512,\"caption\":\"Natural Poland\"},\"image\":{\"@id\":\"https:\\\/\\\/naturalpoland.com\\\/ko\\\/#\\\/schema\\\/logo\\\/image\\\/\"},\"sameAs\":[\"https:\\\/\\\/www.facebook.com\\\/naturalpoland.b2b\",\"https:\\\/\\\/pl.linkedin.com\\\/company\\\/natural-poland\",\"https:\\\/\\\/www.youtube.com\\\/channel\\\/UCgeGGkvOMahZo-xu_MSEWxg\"]}]}<\/script>\n<!-- \/ Yoast SEO plugin. -->","yoast_head_json":{"title":"NATURAL POLAND &#8211; Hurtowy Dystrybutor Surowc\u00f3w","description":"\uaddc\uc870\ud1a0\ub294 \ub2e4\uc774\uc544\ud1a0\ub9c8\uc774\ud2b8\ub77c\uace0\ub3c4 \uc54c\ub824\uc838 \uc788\uc73c\uba70, \ub274\uba55\uc2dc\ucf54 \uc9c0\uc5ed\uc5d0\uc11c \uc0dd\uc0b0\ub418\ub294 \ucc9c\uc5f0 \uc81c\ud488\uc785\ub2c8\ub2e4. \uc12c\uc720\uc9c8\uacfc \uaddc\uc18c\uc758 \ud6cc\ub96d\ud55c \uacf5\uae09\uc6d0\uc785\ub2c8\ub2e4.","robots":{"index":"index","follow":"follow","max-snippet":"max-snippet:-1","max-image-preview":"max-image-preview:large","max-video-preview":"max-video-preview:-1"},"canonical":"https:\/\/naturalpoland.com\/ko\/je-pum\/hwa-jang-pum-won-ryo\/hwa-jang-pum-won-ryo-ko\/%ea%b7%9c%ec%a1%b0%ed%86%a0-%eb%8b%a4%ec%9d%b4%ec%95%84%ed%86%a0%eb%a7%88%ec%9d%b4%ed%8a%b8\/","og_locale":"ko_KR","og_type":"article","og_description":"\uaddc\uc870\ud1a0\ub294 \ub2e4\uc774\uc544\ud1a0\ub9c8\uc774\ud2b8\ub77c\uace0\ub3c4 \uc54c\ub824\uc838 \uc788\uc73c\uba70, \ub274\uba55\uc2dc\ucf54 \uc9c0\uc5ed\uc5d0\uc11c \uc0dd\uc0b0\ub418\ub294 \ucc9c\uc5f0 \uc81c\ud488\uc785\ub2c8\ub2e4. \uc12c\uc720\uc9c8\uacfc \uaddc\uc18c\uc758 \ud6cc\ub96d\ud55c \uacf5\uae09\uc6d0\uc785\ub2c8\ub2e4.","og_url":"https:\/\/naturalpoland.com\/ko\/je-pum\/hwa-jang-pum-won-ryo\/hwa-jang-pum-won-ryo-ko\/%ea%b7%9c%ec%a1%b0%ed%86%a0-%eb%8b%a4%ec%9d%b4%ec%95%84%ed%86%a0%eb%a7%88%ec%9d%b4%ed%8a%b8\/","og_site_name":"NATURAL POLAND - Hurtowy Dystrybutor Surowc\u00f3w","article_publisher":"https:\/\/www.facebook.com\/naturalpoland.b2b","article_modified_time":"2025-08-08T14:04:02+00:00","og_image":[{"width":1024,"height":1024,"url":"https:\/\/naturalpoland.com\/wp-content\/uploads\/ziemia-okrzemkowa.webp","type":"image\/webp"}],"schema":{"@context":"https:\/\/schema.org","@graph":[{"@type":"WebPage","@id":"https:\/\/naturalpoland.com\/ko\/je-pum\/hwa-jang-pum-won-ryo\/hwa-jang-pum-won-ryo-ko\/%ea%b7%9c%ec%a1%b0%ed%86%a0-%eb%8b%a4%ec%9d%b4%ec%95%84%ed%86%a0%eb%a7%88%ec%9d%b4%ed%8a%b8\/","url":"https:\/\/naturalpoland.com\/ko\/je-pum\/hwa-jang-pum-won-ryo\/hwa-jang-pum-won-ryo-ko\/%ea%b7%9c%ec%a1%b0%ed%86%a0-%eb%8b%a4%ec%9d%b4%ec%95%84%ed%86%a0%eb%a7%88%ec%9d%b4%ed%8a%b8\/","name":"","isPartOf":{"@id":"https:\/\/naturalpoland.com\/ko\/#website"},"primaryImageOfPage":{"@id":"https:\/\/naturalpoland.com\/ko\/je-pum\/hwa-jang-pum-won-ryo\/hwa-jang-pum-won-ryo-ko\/%ea%b7%9c%ec%a1%b0%ed%86%a0-%eb%8b%a4%ec%9d%b4%ec%95%84%ed%86%a0%eb%a7%88%ec%9d%b4%ed%8a%b8\/#primaryimage"},"image":{"@id":"https:\/\/naturalpoland.com\/ko\/je-pum\/hwa-jang-pum-won-ryo\/hwa-jang-pum-won-ryo-ko\/%ea%b7%9c%ec%a1%b0%ed%86%a0-%eb%8b%a4%ec%9d%b4%ec%95%84%ed%86%a0%eb%a7%88%ec%9d%b4%ed%8a%b8\/#primaryimage"},"thumbnailUrl":"https:\/\/naturalpoland.com\/wp-content\/uploads\/ziemia-okrzemkowa.webp","datePublished":"2021-05-17T08:33:26+00:00","dateModified":"2025-08-08T14:04:02+00:00","description":"\uaddc\uc870\ud1a0\ub294 \ub2e4\uc774\uc544\ud1a0\ub9c8\uc774\ud2b8\ub77c\uace0\ub3c4 \uc54c\ub824\uc838 \uc788\uc73c\uba70, \ub274\uba55\uc2dc\ucf54 \uc9c0\uc5ed\uc5d0\uc11c \uc0dd\uc0b0\ub418\ub294 \ucc9c\uc5f0 \uc81c\ud488\uc785\ub2c8\ub2e4. \uc12c\uc720\uc9c8\uacfc \uaddc\uc18c\uc758 \ud6cc\ub96d\ud55c \uacf5\uae09\uc6d0\uc785\ub2c8\ub2e4.","breadcrumb":{"@id":"https:\/\/naturalpoland.com\/ko\/je-pum\/hwa-jang-pum-won-ryo\/hwa-jang-pum-won-ryo-ko\/%ea%b7%9c%ec%a1%b0%ed%86%a0-%eb%8b%a4%ec%9d%b4%ec%95%84%ed%86%a0%eb%a7%88%ec%9d%b4%ed%8a%b8\/#breadcrumb"},"inLanguage":"ko-KR","potentialAction":[{"@type":"ReadAction","target":["https:\/\/naturalpoland.com\/ko\/je-pum\/hwa-jang-pum-won-ryo\/hwa-jang-pum-won-ryo-ko\/%ea%b7%9c%ec%a1%b0%ed%86%a0-%eb%8b%a4%ec%9d%b4%ec%95%84%ed%86%a0%eb%a7%88%ec%9d%b4%ed%8a%b8\/"]}]},{"@type":"ImageObject","inLanguage":"ko-KR","@id":"https:\/\/naturalpoland.com\/ko\/je-pum\/hwa-jang-pum-won-ryo\/hwa-jang-pum-won-ryo-ko\/%ea%b7%9c%ec%a1%b0%ed%86%a0-%eb%8b%a4%ec%9d%b4%ec%95%84%ed%86%a0%eb%a7%88%ec%9d%b4%ed%8a%b8\/#primaryimage","url":"https:\/\/naturalpoland.com\/wp-content\/uploads\/ziemia-okrzemkowa.webp","contentUrl":"https:\/\/naturalpoland.com\/wp-content\/uploads\/ziemia-okrzemkowa.webp","width":1024,"height":1024,"caption":"ziemia okrzemkowa"},{"@type":"BreadcrumbList","@id":"https:\/\/naturalpoland.com\/ko\/je-pum\/hwa-jang-pum-won-ryo\/hwa-jang-pum-won-ryo-ko\/%ea%b7%9c%ec%a1%b0%ed%86%a0-%eb%8b%a4%ec%9d%b4%ec%95%84%ed%86%a0%eb%a7%88%ec%9d%b4%ed%8a%b8\/#breadcrumb","itemListElement":[{"@type":"ListItem","position":1,"name":"\ud648","item":"https:\/\/naturalpoland.com\/ko\/"},{"@type":"ListItem","position":2,"name":"\uc81c\ud488","item":"https:\/\/naturalpoland.com\/ko\/%ec%a0%9c%ed%92%88\/"},{"@type":"ListItem","position":3,"name":"\uaddc\uc870\ud1a0 (\ub2e4\uc774\uc544\ud1a0\ub9c8\uc774\ud2b8)"}]},{"@type":"WebSite","@id":"https:\/\/naturalpoland.com\/ko\/#website","url":"https:\/\/naturalpoland.com\/ko\/","name":"NATURAL POLAND - Hurtowy Dystrybutor Surowc\u00f3w","description":"Surowce dla przemys\u0142u spo\u017cywczego, kosmetycznego i farmaceutycznego","publisher":{"@id":"https:\/\/naturalpoland.com\/ko\/#organization"},"potentialAction":[{"@type":"SearchAction","target":{"@type":"EntryPoint","urlTemplate":"https:\/\/naturalpoland.com\/ko\/?s={search_term_string}"},"query-input":{"@type":"PropertyValueSpecification","valueRequired":true,"valueName":"search_term_string"}}],"inLanguage":"ko-KR"},{"@type":"Organization","@id":"https:\/\/naturalpoland.com\/ko\/#organization","name":"Natural Poland","url":"https:\/\/naturalpoland.com\/ko\/","logo":{"@type":"ImageObject","inLanguage":"ko-KR","@id":"https:\/\/naturalpoland.com\/ko\/#\/schema\/logo\/image\/","url":"https:\/\/naturalpoland.com\/wp-content\/uploads\/2021\/05\/natural-poland-icon.png","contentUrl":"https:\/\/naturalpoland.com\/wp-content\/uploads\/2021\/05\/natural-poland-icon.png","width":512,"height":512,"caption":"Natural Poland"},"image":{"@id":"https:\/\/naturalpoland.com\/ko\/#\/schema\/logo\/image\/"},"sameAs":["https:\/\/www.facebook.com\/naturalpoland.b2b","https:\/\/pl.linkedin.com\/company\/natural-poland","https:\/\/www.youtube.com\/channel\/UCgeGGkvOMahZo-xu_MSEWxg"]}]}},"_links":{"self":[{"href":"https:\/\/naturalpoland.com\/ko\/wp-json\/wp\/v2\/product\/42781","targetHints":{"allow":["GET"]}}],"collection":[{"href":"https:\/\/naturalpoland.com\/ko\/wp-json\/wp\/v2\/product"}],"about":[{"href":"https:\/\/naturalpoland.com\/ko\/wp-json\/wp\/v2\/types\/product"}],"wp:featuredmedia":[{"embeddable":true,"href":"https:\/\/naturalpoland.com\/ko\/wp-json\/wp\/v2\/media\/42782"}],"wp:attachment":[{"href":"https:\/\/naturalpoland.com\/ko\/wp-json\/wp\/v2\/media?parent=42781"}],"wp:term":[{"taxonomy":"product_brand","embeddable":true,"href":"https:\/\/naturalpoland.com\/ko\/wp-json\/wp\/v2\/product_brand?post=42781"},{"taxonomy":"product_cat","embeddable":true,"href":"https:\/\/naturalpoland.com\/ko\/wp-json\/wp\/v2\/product_cat?post=42781"},{"taxonomy":"product_tag","embeddable":true,"href":"https:\/\/naturalpoland.com\/ko\/wp-json\/wp\/v2\/product_tag?post=42781"}],"curies":[{"name":"wp","href":"https:\/\/api.w.org\/{rel}","templated":true}]}}