{"id":42783,"date":"2021-11-18T11:19:52","date_gmt":"2021-11-18T10:19:52","guid":{"rendered":"https:\/\/naturalpoland.com\/produkty\/uncategorized\/%ea%b0%90%eb%a7%88-%ec%98%a4%eb%a6%ac%ec%9e%90%eb%86%80\/"},"modified":"2025-08-08T16:04:08","modified_gmt":"2025-08-08T14:04:08","slug":"%ea%b0%90%eb%a7%88-%ec%98%a4%eb%a6%ac%ec%9e%90%eb%86%80","status":"publish","type":"product","link":"https:\/\/naturalpoland.com\/ko\/je-pum\/sig-pum-won-ryo\/saeng-san-yong-won-ryo\/%ea%b0%90%eb%a7%88-%ec%98%a4%eb%a6%ac%ec%9e%90%eb%86%80\/","title":{"rendered":"\uac10\ub9c8 \uc624\ub9ac\uc790\ub180"},"content":{"rendered":"<h3>\uc2dd\ud488 \ubc0f \uc81c\uc57d \uc0b0\uc5c5\uc5d0\uc11c\uc758 \uc801\uc6a9:<\/h3>\n<p>\uac10\ub9c8 \uc624\ub9ac\uc790\ub180\uc740 \ucf5c\ub808\uc2a4\ud14c\ub864 \ud761\uc218\uc5d0 \uad00\uc5ec\ud558\uba70, \uc9c0\uc9c8 \ub300\uc0ac\uc5d0 \uc601\ud5a5\uc744 \ubbf8\uce58\uace0, \ub3d9\ub9e5\uacbd\ud654\uc131 \ud50c\ub77c\ud06c \ud615\uc131\uc744 \uc608\ubc29\ud558\uba70, \ub300\uc0ac \uc7a5\uc560\ub97c \uc644\ud654\ud558\uace0, \ube44\ub9cc\uc774 \uc2e0\uccb4\uc5d0 \ubbf8\uce58\ub294 \ud574\ub85c\uc6b4 \uc601\ud5a5\uc744 \uc644\ud654\ud560 \uc218 \uc788\uc2b5\ub2c8\ub2e4. \uc774 \ud654\ud569\ubb3c\uc740 \ud56d\uc0b0\ud654 \uc7a0\uc7ac\ub825\uc744 \ubcf4\uc774\uba70 \uc131\ud638\ub974\ubaac \uc218\uce58\uc5d0 \uc601\ud5a5\uc744 \ubbf8\uce69\ub2c8\ub2e4. \uac31\ub144\uae30 \uc99d\uc0c1 \uce58\ub8cc\uc5d0 \ud6a8\uacfc\uc801\uc785\ub2c8\ub2e4. \uc774 \ubcf5\ud569\uccb4\uc758 \uc911\uc694\ud55c \uc791\uc6a9\uc740 \uc6b4\ub3d9\uc120\uc218 \uc9c0\uc6d0\uc785\ub2c8\ub2e4.   <\/p>\n<p><strong>\uc2a4\ud3ec\uce20:<\/strong><\/p>\n<p>\uadf8 \ud2b9\uc131 \ub355\ubd84\uc5d0 \uc2e0\uccb4 \ud65c\ub3d9\uc73c\ub85c \uc778\ud55c \ubbf8\uc138 \uadfc\uc721 \uc190\uc0c1\uc744 \uc904\uc77c \uc218 \uc788\uc2b5\ub2c8\ub2e4. \ud68c\ubcf5\uc744 \ucd09\uc9c4\ud558\uace0 \uadfc\ub825\uc744 \uc99d\uac00\uc2dc\ud0ac \uc218 \uc788\uc73c\uba70, \uace8\uaca9\uadfc\uc758 \ud68c\ubcf5 \uacfc\uc815\uc5d0\ub3c4 \uc601\ud5a5\uc744 \ubbf8\uce69\ub2c8\ub2e4. \uc804\ubc18\uc801\uc778 \uc6f0\ube59\uacfc \uc815\uc2e0\uc801, \uc2e0\uccb4\uc801 \uc0c1\ud0dc\uc5d0 \uae0d\uc815\uc801\uc778 \uc601\ud5a5\uc744 \ubbf8\uce58\ub294 \uac83\uc73c\ub85c \ub098\ud0c0\ub0ac\uc2b5\ub2c8\ub2e4.  <\/p>\n<h3>\ud654\uc7a5\ud488 \uc0b0\uc5c5\uc5d0\uc11c\uc758 \uc801\uc6a9:<\/h3>\n<p>\uac10\ub9c8 \uc624\ub9ac\uc790\ub180\uc740 \ud56d\uc0b0\ud654\uc81c \uadf8\ub8f9\uc5d0 \uc18d\ud558\uba70, \uc774\ub294 \uc0b0\uc18c \uc790\uc720 \ub77c\ub514\uce7c\uc744 \ud3ec\ucc29\ud558\uc5ec \uadf8 \uc591\uc744 \uc904\uc778\ub2e4\ub294 \uac83\uc744 \uc758\ubbf8\ud569\ub2c8\ub2e4. \ubbfc\uac10\uc131, \uc131\uc219\uc131, \uc54c\ub808\ub974\uae30\uc131 \ud53c\ubd80 \uad00\ub9ac\uc5d0 \ud6a8\uacfc\uc801\uc785\ub2c8\ub2e4. \uc774 \ubb3c\uc9c8\uc740 \ubb34\ud5a5\uc774\uba70 \uc790\uadf9\uc744 \uc720\ubc1c\ud558\uc9c0 \uc54a\uc2b5\ub2c8\ub2e4. \uc77c\uc0c1\uc801\uc778 \ud53c\ubd80 \uad00\ub9ac\ub97c \uc704\ud55c \uc81c\ud488\uc5d0 \uc0ac\uc6a9\ub429\ub2c8\ub2e4.   <\/p>\n","protected":false},"excerpt":{"rendered":"<p>\uc800\ud76c\ub294 \uac10\ub9c8 \uc624\ub9ac\uc790\ub180\uc758 \ub3c4\ub9e4 \uc720\ud1b5\uc5c5\uccb4\uc774\uba70, \uace0\ud488\uc9c8\uc758 \uc81c\ud488\uc744 \ubcf4\uc720\ud558\uace0 \uc788\uc2b5\ub2c8\ub2e4.<b>\uac10\ub9c8 \uc624\ub9ac\uc790\ub180<\/b>\uc740 \uc300\uaca8\uc5d0\uc11c \ucd94\ucd9c\ub418\ub294 \ubb3c\uc9c8\uc774\uba70, \uac00\uc7a5 \ub9ce\uc774 \ud568\uc720\ub41c \uacf3\uc740 \uc720\uc0c9 \uc300\uc785\ub2c8\ub2e4. \uc774\ub294 \ud53c\ud1a0\uc2a4\ud14c\ub864, \ud398\ub8f0\uc0b0 \ubc0f \uae30\ud0c0 \uc720\uae30 \ud654\ud569\ubb3c\uc758 \ubcf5\ud569\uccb4\uc785\ub2c8\ub2e4. \uc804\ubb38\uac00\ub4e4\uc774 \uc218\ud589\ud55c \uc5f0\uad6c\uc5d0\uc11c \uc0ac\uc6a9 \uc2dc \uc720\uc758\ubbf8\ud55c \ubd80\uc791\uc6a9\uc740 \uad00\ucc30\ub418\uc9c0 \uc54a\uc558\uc2b5\ub2c8\ub2e4.  <\/p>\n","protected":false},"featured_media":42785,"template":"","meta":{"_acf_changed":false},"product_brand":[],"product_cat":[8175,8143,8160],"product_tag":[],"class_list":{"0":"post-42783","1":"product","2":"type-product","3":"status-publish","4":"has-post-thumbnail","6":"product_cat-saeng-san-yong-won-ryo","7":"product_cat-geon-gang-gi-neung-sig-pum-cheom-ga-mul","8":"product_cat-hwa-jang-pum-won-ryo-ko","10":"first","11":"instock","12":"shipping-taxable","13":"product-type-simple"},"acf":[],"yoast_head":"<!-- This site is optimized with the Yoast SEO plugin v27.6 - https:\/\/yoast.com\/product\/yoast-seo-wordpress\/ -->\n<title>\uac10\ub9c8 \uc624\ub9ac\uc790\ub180 - Hurtowy Dystrybutor<\/title>\n<meta name=\"description\" content=\"\uac10\ub9c8 \uc624\ub9ac\uc790\ub180\uc740 \uc2dd\ud488 \ubc0f \ud654\uc7a5\ud488 \uc0b0\uc5c5\uc744 \uc704\ud55c \ud53c\ud1a0\uc2a4\ud14c\ub864, \ud398\ub8f0\uc0b0 \ubc0f \uae30\ud0c0 \uadc0\uc911\ud55c \uc720\uae30 \ud654\ud569\ubb3c\uc758 \uace0\uae09 \ubcf5\ud569\uccb4\uc785\ub2c8\ub2e4.\" \/>\n<meta name=\"robots\" content=\"index, follow, max-snippet:-1, max-image-preview:large, max-video-preview:-1\" \/>\n<link rel=\"canonical\" href=\"https:\/\/naturalpoland.com\/ko\/je-pum\/sig-pum-won-ryo\/saeng-san-yong-won-ryo\/%ea%b0%90%eb%a7%88-%ec%98%a4%eb%a6%ac%ec%9e%90%eb%86%80\/\" \/>\n<meta property=\"og:locale\" content=\"ko_KR\" \/>\n<meta property=\"og:type\" content=\"article\" \/>\n<meta property=\"og:title\" content=\"\uac10\ub9c8 \uc624\ub9ac\uc790\ub180 - Hurtowy Dystrybutor\" \/>\n<meta property=\"og:description\" content=\"\uac10\ub9c8 \uc624\ub9ac\uc790\ub180\uc740 \uc2dd\ud488 \ubc0f \ud654\uc7a5\ud488 \uc0b0\uc5c5\uc744 \uc704\ud55c \ud53c\ud1a0\uc2a4\ud14c\ub864, \ud398\ub8f0\uc0b0 \ubc0f \uae30\ud0c0 \uadc0\uc911\ud55c \uc720\uae30 \ud654\ud569\ubb3c\uc758 \uace0\uae09 \ubcf5\ud569\uccb4\uc785\ub2c8\ub2e4.\" \/>\n<meta property=\"og:url\" content=\"https:\/\/naturalpoland.com\/ko\/je-pum\/sig-pum-won-ryo\/saeng-san-yong-won-ryo\/%ea%b0%90%eb%a7%88-%ec%98%a4%eb%a6%ac%ec%9e%90%eb%86%80\/\" \/>\n<meta property=\"og:site_name\" content=\"NATURAL POLAND - Hurtowy Dystrybutor Surowc\u00f3w\" \/>\n<meta property=\"article:publisher\" content=\"https:\/\/www.facebook.com\/naturalpoland.b2b\" \/>\n<meta property=\"article:modified_time\" content=\"2025-08-08T14:04:08+00:00\" \/>\n<meta property=\"og:image\" content=\"https:\/\/naturalpoland.com\/wp-content\/uploads\/gamma-oryzanol.webp\" \/>\n\t<meta property=\"og:image:width\" content=\"618\" \/>\n\t<meta property=\"og:image:height\" content=\"618\" \/>\n\t<meta property=\"og:image:type\" content=\"image\/webp\" \/>\n<script type=\"application\/ld+json\" class=\"yoast-schema-graph\">{\"@context\":\"https:\\\/\\\/schema.org\",\"@graph\":[{\"@type\":\"WebPage\",\"@id\":\"https:\\\/\\\/naturalpoland.com\\\/ko\\\/je-pum\\\/sig-pum-won-ryo\\\/saeng-san-yong-won-ryo\\\/%ea%b0%90%eb%a7%88-%ec%98%a4%eb%a6%ac%ec%9e%90%eb%86%80\\\/\",\"url\":\"https:\\\/\\\/naturalpoland.com\\\/ko\\\/je-pum\\\/sig-pum-won-ryo\\\/saeng-san-yong-won-ryo\\\/%ea%b0%90%eb%a7%88-%ec%98%a4%eb%a6%ac%ec%9e%90%eb%86%80\\\/\",\"name\":\"\uac10\ub9c8 \uc624\ub9ac\uc790\ub180 - Hurtowy Dystrybutor\",\"isPartOf\":{\"@id\":\"https:\\\/\\\/naturalpoland.com\\\/ko\\\/#website\"},\"primaryImageOfPage\":{\"@id\":\"https:\\\/\\\/naturalpoland.com\\\/ko\\\/je-pum\\\/sig-pum-won-ryo\\\/saeng-san-yong-won-ryo\\\/%ea%b0%90%eb%a7%88-%ec%98%a4%eb%a6%ac%ec%9e%90%eb%86%80\\\/#primaryimage\"},\"image\":{\"@id\":\"https:\\\/\\\/naturalpoland.com\\\/ko\\\/je-pum\\\/sig-pum-won-ryo\\\/saeng-san-yong-won-ryo\\\/%ea%b0%90%eb%a7%88-%ec%98%a4%eb%a6%ac%ec%9e%90%eb%86%80\\\/#primaryimage\"},\"thumbnailUrl\":\"https:\\\/\\\/naturalpoland.com\\\/wp-content\\\/uploads\\\/gamma-oryzanol.webp\",\"datePublished\":\"2021-11-18T10:19:52+00:00\",\"dateModified\":\"2025-08-08T14:04:08+00:00\",\"description\":\"\uac10\ub9c8 \uc624\ub9ac\uc790\ub180\uc740 \uc2dd\ud488 \ubc0f \ud654\uc7a5\ud488 \uc0b0\uc5c5\uc744 \uc704\ud55c \ud53c\ud1a0\uc2a4\ud14c\ub864, \ud398\ub8f0\uc0b0 \ubc0f \uae30\ud0c0 \uadc0\uc911\ud55c \uc720\uae30 \ud654\ud569\ubb3c\uc758 \uace0\uae09 \ubcf5\ud569\uccb4\uc785\ub2c8\ub2e4.\",\"breadcrumb\":{\"@id\":\"https:\\\/\\\/naturalpoland.com\\\/ko\\\/je-pum\\\/sig-pum-won-ryo\\\/saeng-san-yong-won-ryo\\\/%ea%b0%90%eb%a7%88-%ec%98%a4%eb%a6%ac%ec%9e%90%eb%86%80\\\/#breadcrumb\"},\"inLanguage\":\"ko-KR\",\"potentialAction\":[{\"@type\":\"ReadAction\",\"target\":[\"https:\\\/\\\/naturalpoland.com\\\/ko\\\/je-pum\\\/sig-pum-won-ryo\\\/saeng-san-yong-won-ryo\\\/%ea%b0%90%eb%a7%88-%ec%98%a4%eb%a6%ac%ec%9e%90%eb%86%80\\\/\"]}]},{\"@type\":\"ImageObject\",\"inLanguage\":\"ko-KR\",\"@id\":\"https:\\\/\\\/naturalpoland.com\\\/ko\\\/je-pum\\\/sig-pum-won-ryo\\\/saeng-san-yong-won-ryo\\\/%ea%b0%90%eb%a7%88-%ec%98%a4%eb%a6%ac%ec%9e%90%eb%86%80\\\/#primaryimage\",\"url\":\"https:\\\/\\\/naturalpoland.com\\\/wp-content\\\/uploads\\\/gamma-oryzanol.webp\",\"contentUrl\":\"https:\\\/\\\/naturalpoland.com\\\/wp-content\\\/uploads\\\/gamma-oryzanol.webp\",\"width\":618,\"height\":618,\"caption\":\"Gamma Oryzanol\"},{\"@type\":\"BreadcrumbList\",\"@id\":\"https:\\\/\\\/naturalpoland.com\\\/ko\\\/je-pum\\\/sig-pum-won-ryo\\\/saeng-san-yong-won-ryo\\\/%ea%b0%90%eb%a7%88-%ec%98%a4%eb%a6%ac%ec%9e%90%eb%86%80\\\/#breadcrumb\",\"itemListElement\":[{\"@type\":\"ListItem\",\"position\":1,\"name\":\"\ud648\",\"item\":\"https:\\\/\\\/naturalpoland.com\\\/ko\\\/\"},{\"@type\":\"ListItem\",\"position\":2,\"name\":\"\uc81c\ud488\",\"item\":\"https:\\\/\\\/naturalpoland.com\\\/ko\\\/%ec%a0%9c%ed%92%88\\\/\"},{\"@type\":\"ListItem\",\"position\":3,\"name\":\"\uac10\ub9c8 \uc624\ub9ac\uc790\ub180\"}]},{\"@type\":\"WebSite\",\"@id\":\"https:\\\/\\\/naturalpoland.com\\\/ko\\\/#website\",\"url\":\"https:\\\/\\\/naturalpoland.com\\\/ko\\\/\",\"name\":\"NATURAL POLAND - Hurtowy Dystrybutor Surowc\u00f3w\",\"description\":\"Surowce dla przemys\u0142u spo\u017cywczego, kosmetycznego i farmaceutycznego\",\"publisher\":{\"@id\":\"https:\\\/\\\/naturalpoland.com\\\/ko\\\/#organization\"},\"potentialAction\":[{\"@type\":\"SearchAction\",\"target\":{\"@type\":\"EntryPoint\",\"urlTemplate\":\"https:\\\/\\\/naturalpoland.com\\\/ko\\\/?s={search_term_string}\"},\"query-input\":{\"@type\":\"PropertyValueSpecification\",\"valueRequired\":true,\"valueName\":\"search_term_string\"}}],\"inLanguage\":\"ko-KR\"},{\"@type\":\"Organization\",\"@id\":\"https:\\\/\\\/naturalpoland.com\\\/ko\\\/#organization\",\"name\":\"Natural Poland\",\"url\":\"https:\\\/\\\/naturalpoland.com\\\/ko\\\/\",\"logo\":{\"@type\":\"ImageObject\",\"inLanguage\":\"ko-KR\",\"@id\":\"https:\\\/\\\/naturalpoland.com\\\/ko\\\/#\\\/schema\\\/logo\\\/image\\\/\",\"url\":\"https:\\\/\\\/naturalpoland.com\\\/wp-content\\\/uploads\\\/2021\\\/05\\\/natural-poland-icon.png\",\"contentUrl\":\"https:\\\/\\\/naturalpoland.com\\\/wp-content\\\/uploads\\\/2021\\\/05\\\/natural-poland-icon.png\",\"width\":512,\"height\":512,\"caption\":\"Natural Poland\"},\"image\":{\"@id\":\"https:\\\/\\\/naturalpoland.com\\\/ko\\\/#\\\/schema\\\/logo\\\/image\\\/\"},\"sameAs\":[\"https:\\\/\\\/www.facebook.com\\\/naturalpoland.b2b\",\"https:\\\/\\\/pl.linkedin.com\\\/company\\\/natural-poland\",\"https:\\\/\\\/www.youtube.com\\\/channel\\\/UCgeGGkvOMahZo-xu_MSEWxg\"]}]}<\/script>\n<!-- \/ Yoast SEO plugin. -->","yoast_head_json":{"title":"\uac10\ub9c8 \uc624\ub9ac\uc790\ub180 - Hurtowy Dystrybutor","description":"\uac10\ub9c8 \uc624\ub9ac\uc790\ub180\uc740 \uc2dd\ud488 \ubc0f \ud654\uc7a5\ud488 \uc0b0\uc5c5\uc744 \uc704\ud55c \ud53c\ud1a0\uc2a4\ud14c\ub864, \ud398\ub8f0\uc0b0 \ubc0f \uae30\ud0c0 \uadc0\uc911\ud55c \uc720\uae30 \ud654\ud569\ubb3c\uc758 \uace0\uae09 \ubcf5\ud569\uccb4\uc785\ub2c8\ub2e4.","robots":{"index":"index","follow":"follow","max-snippet":"max-snippet:-1","max-image-preview":"max-image-preview:large","max-video-preview":"max-video-preview:-1"},"canonical":"https:\/\/naturalpoland.com\/ko\/je-pum\/sig-pum-won-ryo\/saeng-san-yong-won-ryo\/%ea%b0%90%eb%a7%88-%ec%98%a4%eb%a6%ac%ec%9e%90%eb%86%80\/","og_locale":"ko_KR","og_type":"article","og_title":"\uac10\ub9c8 \uc624\ub9ac\uc790\ub180 - Hurtowy Dystrybutor","og_description":"\uac10\ub9c8 \uc624\ub9ac\uc790\ub180\uc740 \uc2dd\ud488 \ubc0f \ud654\uc7a5\ud488 \uc0b0\uc5c5\uc744 \uc704\ud55c \ud53c\ud1a0\uc2a4\ud14c\ub864, \ud398\ub8f0\uc0b0 \ubc0f \uae30\ud0c0 \uadc0\uc911\ud55c \uc720\uae30 \ud654\ud569\ubb3c\uc758 \uace0\uae09 \ubcf5\ud569\uccb4\uc785\ub2c8\ub2e4.","og_url":"https:\/\/naturalpoland.com\/ko\/je-pum\/sig-pum-won-ryo\/saeng-san-yong-won-ryo\/%ea%b0%90%eb%a7%88-%ec%98%a4%eb%a6%ac%ec%9e%90%eb%86%80\/","og_site_name":"NATURAL POLAND - Hurtowy Dystrybutor Surowc\u00f3w","article_publisher":"https:\/\/www.facebook.com\/naturalpoland.b2b","article_modified_time":"2025-08-08T14:04:08+00:00","og_image":[{"width":618,"height":618,"url":"https:\/\/naturalpoland.com\/wp-content\/uploads\/gamma-oryzanol.webp","type":"image\/webp"}],"schema":{"@context":"https:\/\/schema.org","@graph":[{"@type":"WebPage","@id":"https:\/\/naturalpoland.com\/ko\/je-pum\/sig-pum-won-ryo\/saeng-san-yong-won-ryo\/%ea%b0%90%eb%a7%88-%ec%98%a4%eb%a6%ac%ec%9e%90%eb%86%80\/","url":"https:\/\/naturalpoland.com\/ko\/je-pum\/sig-pum-won-ryo\/saeng-san-yong-won-ryo\/%ea%b0%90%eb%a7%88-%ec%98%a4%eb%a6%ac%ec%9e%90%eb%86%80\/","name":"\uac10\ub9c8 \uc624\ub9ac\uc790\ub180 - Hurtowy Dystrybutor","isPartOf":{"@id":"https:\/\/naturalpoland.com\/ko\/#website"},"primaryImageOfPage":{"@id":"https:\/\/naturalpoland.com\/ko\/je-pum\/sig-pum-won-ryo\/saeng-san-yong-won-ryo\/%ea%b0%90%eb%a7%88-%ec%98%a4%eb%a6%ac%ec%9e%90%eb%86%80\/#primaryimage"},"image":{"@id":"https:\/\/naturalpoland.com\/ko\/je-pum\/sig-pum-won-ryo\/saeng-san-yong-won-ryo\/%ea%b0%90%eb%a7%88-%ec%98%a4%eb%a6%ac%ec%9e%90%eb%86%80\/#primaryimage"},"thumbnailUrl":"https:\/\/naturalpoland.com\/wp-content\/uploads\/gamma-oryzanol.webp","datePublished":"2021-11-18T10:19:52+00:00","dateModified":"2025-08-08T14:04:08+00:00","description":"\uac10\ub9c8 \uc624\ub9ac\uc790\ub180\uc740 \uc2dd\ud488 \ubc0f \ud654\uc7a5\ud488 \uc0b0\uc5c5\uc744 \uc704\ud55c \ud53c\ud1a0\uc2a4\ud14c\ub864, \ud398\ub8f0\uc0b0 \ubc0f \uae30\ud0c0 \uadc0\uc911\ud55c \uc720\uae30 \ud654\ud569\ubb3c\uc758 \uace0\uae09 \ubcf5\ud569\uccb4\uc785\ub2c8\ub2e4.","breadcrumb":{"@id":"https:\/\/naturalpoland.com\/ko\/je-pum\/sig-pum-won-ryo\/saeng-san-yong-won-ryo\/%ea%b0%90%eb%a7%88-%ec%98%a4%eb%a6%ac%ec%9e%90%eb%86%80\/#breadcrumb"},"inLanguage":"ko-KR","potentialAction":[{"@type":"ReadAction","target":["https:\/\/naturalpoland.com\/ko\/je-pum\/sig-pum-won-ryo\/saeng-san-yong-won-ryo\/%ea%b0%90%eb%a7%88-%ec%98%a4%eb%a6%ac%ec%9e%90%eb%86%80\/"]}]},{"@type":"ImageObject","inLanguage":"ko-KR","@id":"https:\/\/naturalpoland.com\/ko\/je-pum\/sig-pum-won-ryo\/saeng-san-yong-won-ryo\/%ea%b0%90%eb%a7%88-%ec%98%a4%eb%a6%ac%ec%9e%90%eb%86%80\/#primaryimage","url":"https:\/\/naturalpoland.com\/wp-content\/uploads\/gamma-oryzanol.webp","contentUrl":"https:\/\/naturalpoland.com\/wp-content\/uploads\/gamma-oryzanol.webp","width":618,"height":618,"caption":"Gamma Oryzanol"},{"@type":"BreadcrumbList","@id":"https:\/\/naturalpoland.com\/ko\/je-pum\/sig-pum-won-ryo\/saeng-san-yong-won-ryo\/%ea%b0%90%eb%a7%88-%ec%98%a4%eb%a6%ac%ec%9e%90%eb%86%80\/#breadcrumb","itemListElement":[{"@type":"ListItem","position":1,"name":"\ud648","item":"https:\/\/naturalpoland.com\/ko\/"},{"@type":"ListItem","position":2,"name":"\uc81c\ud488","item":"https:\/\/naturalpoland.com\/ko\/%ec%a0%9c%ed%92%88\/"},{"@type":"ListItem","position":3,"name":"\uac10\ub9c8 \uc624\ub9ac\uc790\ub180"}]},{"@type":"WebSite","@id":"https:\/\/naturalpoland.com\/ko\/#website","url":"https:\/\/naturalpoland.com\/ko\/","name":"NATURAL POLAND - Hurtowy Dystrybutor Surowc\u00f3w","description":"Surowce dla przemys\u0142u spo\u017cywczego, kosmetycznego i farmaceutycznego","publisher":{"@id":"https:\/\/naturalpoland.com\/ko\/#organization"},"potentialAction":[{"@type":"SearchAction","target":{"@type":"EntryPoint","urlTemplate":"https:\/\/naturalpoland.com\/ko\/?s={search_term_string}"},"query-input":{"@type":"PropertyValueSpecification","valueRequired":true,"valueName":"search_term_string"}}],"inLanguage":"ko-KR"},{"@type":"Organization","@id":"https:\/\/naturalpoland.com\/ko\/#organization","name":"Natural Poland","url":"https:\/\/naturalpoland.com\/ko\/","logo":{"@type":"ImageObject","inLanguage":"ko-KR","@id":"https:\/\/naturalpoland.com\/ko\/#\/schema\/logo\/image\/","url":"https:\/\/naturalpoland.com\/wp-content\/uploads\/2021\/05\/natural-poland-icon.png","contentUrl":"https:\/\/naturalpoland.com\/wp-content\/uploads\/2021\/05\/natural-poland-icon.png","width":512,"height":512,"caption":"Natural Poland"},"image":{"@id":"https:\/\/naturalpoland.com\/ko\/#\/schema\/logo\/image\/"},"sameAs":["https:\/\/www.facebook.com\/naturalpoland.b2b","https:\/\/pl.linkedin.com\/company\/natural-poland","https:\/\/www.youtube.com\/channel\/UCgeGGkvOMahZo-xu_MSEWxg"]}]}},"_links":{"self":[{"href":"https:\/\/naturalpoland.com\/ko\/wp-json\/wp\/v2\/product\/42783","targetHints":{"allow":["GET"]}}],"collection":[{"href":"https:\/\/naturalpoland.com\/ko\/wp-json\/wp\/v2\/product"}],"about":[{"href":"https:\/\/naturalpoland.com\/ko\/wp-json\/wp\/v2\/types\/product"}],"wp:featuredmedia":[{"embeddable":true,"href":"https:\/\/naturalpoland.com\/ko\/wp-json\/wp\/v2\/media\/42785"}],"wp:attachment":[{"href":"https:\/\/naturalpoland.com\/ko\/wp-json\/wp\/v2\/media?parent=42783"}],"wp:term":[{"taxonomy":"product_brand","embeddable":true,"href":"https:\/\/naturalpoland.com\/ko\/wp-json\/wp\/v2\/product_brand?post=42783"},{"taxonomy":"product_cat","embeddable":true,"href":"https:\/\/naturalpoland.com\/ko\/wp-json\/wp\/v2\/product_cat?post=42783"},{"taxonomy":"product_tag","embeddable":true,"href":"https:\/\/naturalpoland.com\/ko\/wp-json\/wp\/v2\/product_tag?post=42783"}],"curies":[{"name":"wp","href":"https:\/\/api.w.org\/{rel}","templated":true}]}}