{"id":42786,"date":"2023-01-17T12:07:05","date_gmt":"2023-01-17T11:07:05","guid":{"rendered":"https:\/\/naturalpoland.com\/produkty\/uncategorized\/%eb%8c%80%ea%b5%ac-%ea%b0%84%ec%9c%a0\/"},"modified":"2025-08-08T16:04:16","modified_gmt":"2025-08-08T14:04:16","slug":"%eb%8c%80%ea%b5%ac-%ea%b0%84%ec%9c%a0","status":"publish","type":"product","link":"https:\/\/naturalpoland.com\/ko\/je-pum\/sig-pum-won-ryo\/sig-yong-yu\/%eb%8c%80%ea%b5%ac-%ea%b0%84%ec%9c%a0\/","title":{"rendered":"\ub300\uad6c \uac04\uc720"},"content":{"rendered":"<p>\ub300\uad6c \uac04\uc720\ub294 \ub300\uad6c \uac04\uc744 \uc12c\uc138\ud558\uac8c \uc815\uc81c\ud558\uc5ec \uc0dd\uc0b0\ub429\ub2c8\ub2e4. \uc815\ud655\ud55c \uc601\uc591 \uc131\ubd84 \ud568\ub7c9\uc740 \uc5b4\uc885\uacfc \uc5b4\ud68d \uc7a5\uc18c\uc5d0 \ub530\ub77c \ub2e4\ub985\ub2c8\ub2e4. \ucc9c\uc5f0 \ub300\uad6c \uac04\uc720\ub294 <strong>50\uac00\uc9c0 \uc774\uc0c1\uc758 \ub2e4\uc591\ud55c \uc9c0\ubc29\uc0b0<\/strong>\uc73c\ub85c \uad6c\uc131\ub418\uc5b4 \uc788\uc73c\uba70 \uadc0\uc911\ud55c <strong>\ube44\ud0c0\ubbfc D\uc640 A\uc758 \uacf5\uae09\uc6d0<\/strong>\uc785\ub2c8\ub2e4. \uc774 \ubb3c\uace0\uae30\uc758 \uac00\uc7a5 \ud070 \uacf5\uae09\uc5c5\uccb4 \uc911 \ud558\ub098\ub294 \ub178\ub974\uc6e8\uc774\uc774\uba70, \uadf8\uacf3 \uc8fc\ubbfc\ub4e4\uc740 \ube44\ud0c0\ubbfc D \uacb0\ud54d\uc744 \uc608\ubc29\ud558\uae30 \uc704\ud574 \uaca8\uc6b8\uc5d0 \ub300\uad6c \uac04\uc720\ub97c \uc12d\ucde8\ud569\ub2c8\ub2e4.   <\/p>\n<h3>\uc624\uba54\uac00-3 \uc9c0\ubc29\uc0b0\uc774 \ud48d\ubd80\ud55c \uc624\uc77c<\/h3>\n<p>\uc624\uba54\uac00-3 \ub2e4\uc911\ubd88\ud3ec\ud654 \uc9c0\ubc29\uc0b0\uc740 \uc778\uccb4\uc5d0\uc11c \ud569\uc131\ub418\uc9c0 \uc54a\uc73c\ubbc0\ub85c \uc74c\uc2dd\uc73c\ub85c \uc12d\ucde8\ud574\uc57c \ud558\ub294 \ud544\uc218 \uc601\uc591\uc18c\uc785\ub2c8\ub2e4. \uc8fc\uc694 \uc624\uba54\uac00-3 \uc9c0\ubc29\uc0b0\uc740 <strong>\uc5d0\uc774\ucf54\uc0ac\ud39c\ud0c0\uc5d4\uc0b0(EPA)<\/strong>, <strong>\ub3c4\ucf54\uc0ac\ud39c\ud0c0\uc5d4\uc0b0<\/strong>, <strong>\ub3c4\ucf54\uc0ac\ud5e5\uc0ac\uc5d4\uc0b0(DHA)<\/strong>\uc774\uba70, \ud2b9\ud788 \uc9c0\ubc29\uc774 \ub9ce\uc740 \uc0dd\uc120\uacfc \ud574\uc0b0\ubb3c\uc5d0\uc11c \ucc3e\uc744 \uc218 \uc788\uc2b5\ub2c8\ub2e4. <\/p>\n<h3>\ub300\uad6c \uac04\uc720 &#8211; \uc57d\ud6a8<\/h3>\n<p>\uc624\uba54\uac00-3 \uc9c0\ubc29\uc0b0\uc758 \ud48d\ubd80\ud55c \uacf5\uae09\uc6d0\uc778 \ub300\uad6c \uac04\uc720\ub294 \uc2ec\ud608\uad00 \uc9c8\ud658, \ub2f9\ub1e8\ubcd1, \uc6b0\uc6b8\uc99d\uc744 \ud3ec\ud568\ud55c \ub9ce\uc740 \uc9c8\ubcd1\uc5d0 \uce58\ub8cc \ud6a8\uacfc\uac00 \uc788\uc2b5\ub2c8\ub2e4. \ub610\ud55c, \ub9ce\uc740 \uacfc\ud559 \uc5f0\uad6c\uc5d0\uc11c \ub300\uad6c \uac04\uc720\uac00 \uc0c1\ucc98 \uce58\uc720\uc5d0 \uae0d\uc815\uc801\uc778 \uc601\ud5a5\uc744 \ubbf8\uce5c\ub2e4\ub294 \uac83\uc744 \ubcf4\uc5ec\uc90d\ub2c8\ub2e4. <\/p>\n","protected":false},"excerpt":{"rendered":"<p>\ub300\uad6c \uac04\uc720\ub294 <strong>\ub178\ub974\uc6e8\uc774\uc0b0 \uc57c\uc0dd \ub300\uad6c<\/strong>(<em>Gadus Morhua<\/em>) \uc885\uc73c\ub85c \uc0dd\uc0b0\ub429\ub2c8\ub2e4. \uc774 \ubb3c\uace0\uae30\uc758 \uac00\uc7a5 \ud070 \uacf5\uae09\uc5c5\uccb4 \uc911 \ud558\ub098\ub294 \ub178\ub974\uc6e8\uc774\uc785\ub2c8\ub2e4. \ub300\uad6c\ub294 MSC \uc778\uc99d\uc744 \ubc1b\uc740 \uc5b4\uc5c5\uc744 \ud1b5\ud574 \ub178\ub974\uc6e8\uc774\uc758 \uc9c0\uc18d \uac00\ub2a5\ud55c \uc5b4\uc5c5 \ubc29\uc2dd\uc73c\ub85c \uc5b4\ud68d\ub429\ub2c8\ub2e4.  <\/p>\n","protected":false},"featured_media":42787,"template":"","meta":{"_acf_changed":false},"product_brand":[],"product_cat":[8174,8143],"product_tag":[],"class_list":{"0":"post-42786","1":"product","2":"type-product","3":"status-publish","4":"has-post-thumbnail","6":"product_cat-sig-yong-yu","7":"product_cat-geon-gang-gi-neung-sig-pum-cheom-ga-mul","9":"first","10":"instock","11":"shipping-taxable","12":"product-type-simple"},"acf":[],"yoast_head":"<!-- This site is optimized with the Yoast SEO plugin v27.4 - https:\/\/yoast.com\/product\/yoast-seo-wordpress\/ -->\n<title>\ub300\uad6c \uac04\uc720 - Hurtowy Dystrybutor<\/title>\n<meta name=\"description\" content=\"\ub300\uad6c \uac04\uc720\ub294 \ub178\ub974\uc6e8\uc774\uc0b0 \uc57c\uc0dd \ub300\uad6c(Gadus Morhua) \uc885\uc73c\ub85c \uc0dd\uc0b0\ub429\ub2c8\ub2e4. \uc774 \ubb3c\uace0\uae30\uc758 \uac00\uc7a5 \ud070 \uacf5\uae09\uc5c5\uccb4 \uc911 \ud558\ub098\ub294 \ub178\ub974\uc6e8\uc774\uc785\ub2c8\ub2e4.\" \/>\n<meta name=\"robots\" content=\"index, follow, max-snippet:-1, max-image-preview:large, max-video-preview:-1\" \/>\n<link rel=\"canonical\" href=\"https:\/\/naturalpoland.com\/ko\/je-pum\/sig-pum-won-ryo\/sig-yong-yu\/%eb%8c%80%ea%b5%ac-%ea%b0%84%ec%9c%a0\/\" \/>\n<meta property=\"og:locale\" content=\"ko_KR\" \/>\n<meta property=\"og:type\" content=\"article\" \/>\n<meta property=\"og:title\" content=\"\ub300\uad6c \uac04\uc720 - Hurtowy Dystrybutor\" \/>\n<meta property=\"og:description\" content=\"\ub300\uad6c \uac04\uc720\ub294 \ub178\ub974\uc6e8\uc774\uc0b0 \uc57c\uc0dd \ub300\uad6c(Gadus Morhua) \uc885\uc73c\ub85c \uc0dd\uc0b0\ub429\ub2c8\ub2e4. \uc774 \ubb3c\uace0\uae30\uc758 \uac00\uc7a5 \ud070 \uacf5\uae09\uc5c5\uccb4 \uc911 \ud558\ub098\ub294 \ub178\ub974\uc6e8\uc774\uc785\ub2c8\ub2e4.\" \/>\n<meta property=\"og:url\" content=\"https:\/\/naturalpoland.com\/ko\/je-pum\/sig-pum-won-ryo\/sig-yong-yu\/%eb%8c%80%ea%b5%ac-%ea%b0%84%ec%9c%a0\/\" \/>\n<meta property=\"og:site_name\" content=\"NATURAL POLAND - Hurtowy Dystrybutor Surowc\u00f3w\" \/>\n<meta property=\"article:publisher\" content=\"https:\/\/www.facebook.com\/naturalpoland.b2b\" \/>\n<meta property=\"article:modified_time\" content=\"2025-08-08T14:04:16+00:00\" \/>\n<meta property=\"og:image\" content=\"https:\/\/naturalpoland.com\/wp-content\/uploads\/olej-z-watroby-dorsza.jpg\" \/>\n\t<meta property=\"og:image:width\" content=\"700\" \/>\n\t<meta property=\"og:image:height\" content=\"700\" \/>\n\t<meta property=\"og:image:type\" content=\"image\/jpeg\" \/>\n<script type=\"application\/ld+json\" class=\"yoast-schema-graph\">{\"@context\":\"https:\\\/\\\/schema.org\",\"@graph\":[{\"@type\":\"WebPage\",\"@id\":\"https:\\\/\\\/naturalpoland.com\\\/ko\\\/je-pum\\\/sig-pum-won-ryo\\\/sig-yong-yu\\\/%eb%8c%80%ea%b5%ac-%ea%b0%84%ec%9c%a0\\\/\",\"url\":\"https:\\\/\\\/naturalpoland.com\\\/ko\\\/je-pum\\\/sig-pum-won-ryo\\\/sig-yong-yu\\\/%eb%8c%80%ea%b5%ac-%ea%b0%84%ec%9c%a0\\\/\",\"name\":\"\ub300\uad6c \uac04\uc720 - Hurtowy Dystrybutor\",\"isPartOf\":{\"@id\":\"https:\\\/\\\/naturalpoland.com\\\/ko\\\/#website\"},\"primaryImageOfPage\":{\"@id\":\"https:\\\/\\\/naturalpoland.com\\\/ko\\\/je-pum\\\/sig-pum-won-ryo\\\/sig-yong-yu\\\/%eb%8c%80%ea%b5%ac-%ea%b0%84%ec%9c%a0\\\/#primaryimage\"},\"image\":{\"@id\":\"https:\\\/\\\/naturalpoland.com\\\/ko\\\/je-pum\\\/sig-pum-won-ryo\\\/sig-yong-yu\\\/%eb%8c%80%ea%b5%ac-%ea%b0%84%ec%9c%a0\\\/#primaryimage\"},\"thumbnailUrl\":\"https:\\\/\\\/naturalpoland.com\\\/wp-content\\\/uploads\\\/olej-z-watroby-dorsza.jpg\",\"datePublished\":\"2023-01-17T11:07:05+00:00\",\"dateModified\":\"2025-08-08T14:04:16+00:00\",\"description\":\"\ub300\uad6c \uac04\uc720\ub294 \ub178\ub974\uc6e8\uc774\uc0b0 \uc57c\uc0dd \ub300\uad6c(Gadus Morhua) \uc885\uc73c\ub85c \uc0dd\uc0b0\ub429\ub2c8\ub2e4. \uc774 \ubb3c\uace0\uae30\uc758 \uac00\uc7a5 \ud070 \uacf5\uae09\uc5c5\uccb4 \uc911 \ud558\ub098\ub294 \ub178\ub974\uc6e8\uc774\uc785\ub2c8\ub2e4.\",\"breadcrumb\":{\"@id\":\"https:\\\/\\\/naturalpoland.com\\\/ko\\\/je-pum\\\/sig-pum-won-ryo\\\/sig-yong-yu\\\/%eb%8c%80%ea%b5%ac-%ea%b0%84%ec%9c%a0\\\/#breadcrumb\"},\"inLanguage\":\"ko-KR\",\"potentialAction\":[{\"@type\":\"ReadAction\",\"target\":[\"https:\\\/\\\/naturalpoland.com\\\/ko\\\/je-pum\\\/sig-pum-won-ryo\\\/sig-yong-yu\\\/%eb%8c%80%ea%b5%ac-%ea%b0%84%ec%9c%a0\\\/\"]}]},{\"@type\":\"ImageObject\",\"inLanguage\":\"ko-KR\",\"@id\":\"https:\\\/\\\/naturalpoland.com\\\/ko\\\/je-pum\\\/sig-pum-won-ryo\\\/sig-yong-yu\\\/%eb%8c%80%ea%b5%ac-%ea%b0%84%ec%9c%a0\\\/#primaryimage\",\"url\":\"https:\\\/\\\/naturalpoland.com\\\/wp-content\\\/uploads\\\/olej-z-watroby-dorsza.jpg\",\"contentUrl\":\"https:\\\/\\\/naturalpoland.com\\\/wp-content\\\/uploads\\\/olej-z-watroby-dorsza.jpg\",\"width\":700,\"height\":700,\"caption\":\"olej z w\u0105troby dorsza\"},{\"@type\":\"BreadcrumbList\",\"@id\":\"https:\\\/\\\/naturalpoland.com\\\/ko\\\/je-pum\\\/sig-pum-won-ryo\\\/sig-yong-yu\\\/%eb%8c%80%ea%b5%ac-%ea%b0%84%ec%9c%a0\\\/#breadcrumb\",\"itemListElement\":[{\"@type\":\"ListItem\",\"position\":1,\"name\":\"\ud648\",\"item\":\"https:\\\/\\\/naturalpoland.com\\\/ko\\\/\"},{\"@type\":\"ListItem\",\"position\":2,\"name\":\"\uc81c\ud488\",\"item\":\"https:\\\/\\\/naturalpoland.com\\\/ko\\\/%ec%a0%9c%ed%92%88\\\/\"},{\"@type\":\"ListItem\",\"position\":3,\"name\":\"\ub300\uad6c \uac04\uc720\"}]},{\"@type\":\"WebSite\",\"@id\":\"https:\\\/\\\/naturalpoland.com\\\/ko\\\/#website\",\"url\":\"https:\\\/\\\/naturalpoland.com\\\/ko\\\/\",\"name\":\"NATURAL POLAND - Hurtowy Dystrybutor Surowc\u00f3w\",\"description\":\"Surowce dla przemys\u0142u spo\u017cywczego, kosmetycznego i farmaceutycznego\",\"publisher\":{\"@id\":\"https:\\\/\\\/naturalpoland.com\\\/ko\\\/#organization\"},\"potentialAction\":[{\"@type\":\"SearchAction\",\"target\":{\"@type\":\"EntryPoint\",\"urlTemplate\":\"https:\\\/\\\/naturalpoland.com\\\/ko\\\/?s={search_term_string}\"},\"query-input\":{\"@type\":\"PropertyValueSpecification\",\"valueRequired\":true,\"valueName\":\"search_term_string\"}}],\"inLanguage\":\"ko-KR\"},{\"@type\":\"Organization\",\"@id\":\"https:\\\/\\\/naturalpoland.com\\\/ko\\\/#organization\",\"name\":\"Natural Poland\",\"url\":\"https:\\\/\\\/naturalpoland.com\\\/ko\\\/\",\"logo\":{\"@type\":\"ImageObject\",\"inLanguage\":\"ko-KR\",\"@id\":\"https:\\\/\\\/naturalpoland.com\\\/ko\\\/#\\\/schema\\\/logo\\\/image\\\/\",\"url\":\"https:\\\/\\\/naturalpoland.com\\\/wp-content\\\/uploads\\\/2021\\\/05\\\/natural-poland-icon.png\",\"contentUrl\":\"https:\\\/\\\/naturalpoland.com\\\/wp-content\\\/uploads\\\/2021\\\/05\\\/natural-poland-icon.png\",\"width\":512,\"height\":512,\"caption\":\"Natural Poland\"},\"image\":{\"@id\":\"https:\\\/\\\/naturalpoland.com\\\/ko\\\/#\\\/schema\\\/logo\\\/image\\\/\"},\"sameAs\":[\"https:\\\/\\\/www.facebook.com\\\/naturalpoland.b2b\",\"https:\\\/\\\/pl.linkedin.com\\\/company\\\/natural-poland\",\"https:\\\/\\\/www.youtube.com\\\/channel\\\/UCgeGGkvOMahZo-xu_MSEWxg\"]}]}<\/script>\n<!-- \/ Yoast SEO plugin. -->","yoast_head_json":{"title":"\ub300\uad6c \uac04\uc720 - Hurtowy Dystrybutor","description":"\ub300\uad6c \uac04\uc720\ub294 \ub178\ub974\uc6e8\uc774\uc0b0 \uc57c\uc0dd \ub300\uad6c(Gadus Morhua) \uc885\uc73c\ub85c \uc0dd\uc0b0\ub429\ub2c8\ub2e4. \uc774 \ubb3c\uace0\uae30\uc758 \uac00\uc7a5 \ud070 \uacf5\uae09\uc5c5\uccb4 \uc911 \ud558\ub098\ub294 \ub178\ub974\uc6e8\uc774\uc785\ub2c8\ub2e4.","robots":{"index":"index","follow":"follow","max-snippet":"max-snippet:-1","max-image-preview":"max-image-preview:large","max-video-preview":"max-video-preview:-1"},"canonical":"https:\/\/naturalpoland.com\/ko\/je-pum\/sig-pum-won-ryo\/sig-yong-yu\/%eb%8c%80%ea%b5%ac-%ea%b0%84%ec%9c%a0\/","og_locale":"ko_KR","og_type":"article","og_title":"\ub300\uad6c \uac04\uc720 - Hurtowy Dystrybutor","og_description":"\ub300\uad6c \uac04\uc720\ub294 \ub178\ub974\uc6e8\uc774\uc0b0 \uc57c\uc0dd \ub300\uad6c(Gadus Morhua) \uc885\uc73c\ub85c \uc0dd\uc0b0\ub429\ub2c8\ub2e4. \uc774 \ubb3c\uace0\uae30\uc758 \uac00\uc7a5 \ud070 \uacf5\uae09\uc5c5\uccb4 \uc911 \ud558\ub098\ub294 \ub178\ub974\uc6e8\uc774\uc785\ub2c8\ub2e4.","og_url":"https:\/\/naturalpoland.com\/ko\/je-pum\/sig-pum-won-ryo\/sig-yong-yu\/%eb%8c%80%ea%b5%ac-%ea%b0%84%ec%9c%a0\/","og_site_name":"NATURAL POLAND - Hurtowy Dystrybutor Surowc\u00f3w","article_publisher":"https:\/\/www.facebook.com\/naturalpoland.b2b","article_modified_time":"2025-08-08T14:04:16+00:00","og_image":[{"width":700,"height":700,"url":"https:\/\/naturalpoland.com\/wp-content\/uploads\/olej-z-watroby-dorsza.jpg","type":"image\/jpeg"}],"schema":{"@context":"https:\/\/schema.org","@graph":[{"@type":"WebPage","@id":"https:\/\/naturalpoland.com\/ko\/je-pum\/sig-pum-won-ryo\/sig-yong-yu\/%eb%8c%80%ea%b5%ac-%ea%b0%84%ec%9c%a0\/","url":"https:\/\/naturalpoland.com\/ko\/je-pum\/sig-pum-won-ryo\/sig-yong-yu\/%eb%8c%80%ea%b5%ac-%ea%b0%84%ec%9c%a0\/","name":"\ub300\uad6c \uac04\uc720 - Hurtowy Dystrybutor","isPartOf":{"@id":"https:\/\/naturalpoland.com\/ko\/#website"},"primaryImageOfPage":{"@id":"https:\/\/naturalpoland.com\/ko\/je-pum\/sig-pum-won-ryo\/sig-yong-yu\/%eb%8c%80%ea%b5%ac-%ea%b0%84%ec%9c%a0\/#primaryimage"},"image":{"@id":"https:\/\/naturalpoland.com\/ko\/je-pum\/sig-pum-won-ryo\/sig-yong-yu\/%eb%8c%80%ea%b5%ac-%ea%b0%84%ec%9c%a0\/#primaryimage"},"thumbnailUrl":"https:\/\/naturalpoland.com\/wp-content\/uploads\/olej-z-watroby-dorsza.jpg","datePublished":"2023-01-17T11:07:05+00:00","dateModified":"2025-08-08T14:04:16+00:00","description":"\ub300\uad6c \uac04\uc720\ub294 \ub178\ub974\uc6e8\uc774\uc0b0 \uc57c\uc0dd \ub300\uad6c(Gadus Morhua) \uc885\uc73c\ub85c \uc0dd\uc0b0\ub429\ub2c8\ub2e4. \uc774 \ubb3c\uace0\uae30\uc758 \uac00\uc7a5 \ud070 \uacf5\uae09\uc5c5\uccb4 \uc911 \ud558\ub098\ub294 \ub178\ub974\uc6e8\uc774\uc785\ub2c8\ub2e4.","breadcrumb":{"@id":"https:\/\/naturalpoland.com\/ko\/je-pum\/sig-pum-won-ryo\/sig-yong-yu\/%eb%8c%80%ea%b5%ac-%ea%b0%84%ec%9c%a0\/#breadcrumb"},"inLanguage":"ko-KR","potentialAction":[{"@type":"ReadAction","target":["https:\/\/naturalpoland.com\/ko\/je-pum\/sig-pum-won-ryo\/sig-yong-yu\/%eb%8c%80%ea%b5%ac-%ea%b0%84%ec%9c%a0\/"]}]},{"@type":"ImageObject","inLanguage":"ko-KR","@id":"https:\/\/naturalpoland.com\/ko\/je-pum\/sig-pum-won-ryo\/sig-yong-yu\/%eb%8c%80%ea%b5%ac-%ea%b0%84%ec%9c%a0\/#primaryimage","url":"https:\/\/naturalpoland.com\/wp-content\/uploads\/olej-z-watroby-dorsza.jpg","contentUrl":"https:\/\/naturalpoland.com\/wp-content\/uploads\/olej-z-watroby-dorsza.jpg","width":700,"height":700,"caption":"olej z w\u0105troby dorsza"},{"@type":"BreadcrumbList","@id":"https:\/\/naturalpoland.com\/ko\/je-pum\/sig-pum-won-ryo\/sig-yong-yu\/%eb%8c%80%ea%b5%ac-%ea%b0%84%ec%9c%a0\/#breadcrumb","itemListElement":[{"@type":"ListItem","position":1,"name":"\ud648","item":"https:\/\/naturalpoland.com\/ko\/"},{"@type":"ListItem","position":2,"name":"\uc81c\ud488","item":"https:\/\/naturalpoland.com\/ko\/%ec%a0%9c%ed%92%88\/"},{"@type":"ListItem","position":3,"name":"\ub300\uad6c \uac04\uc720"}]},{"@type":"WebSite","@id":"https:\/\/naturalpoland.com\/ko\/#website","url":"https:\/\/naturalpoland.com\/ko\/","name":"NATURAL POLAND - Hurtowy Dystrybutor Surowc\u00f3w","description":"Surowce dla przemys\u0142u spo\u017cywczego, kosmetycznego i farmaceutycznego","publisher":{"@id":"https:\/\/naturalpoland.com\/ko\/#organization"},"potentialAction":[{"@type":"SearchAction","target":{"@type":"EntryPoint","urlTemplate":"https:\/\/naturalpoland.com\/ko\/?s={search_term_string}"},"query-input":{"@type":"PropertyValueSpecification","valueRequired":true,"valueName":"search_term_string"}}],"inLanguage":"ko-KR"},{"@type":"Organization","@id":"https:\/\/naturalpoland.com\/ko\/#organization","name":"Natural Poland","url":"https:\/\/naturalpoland.com\/ko\/","logo":{"@type":"ImageObject","inLanguage":"ko-KR","@id":"https:\/\/naturalpoland.com\/ko\/#\/schema\/logo\/image\/","url":"https:\/\/naturalpoland.com\/wp-content\/uploads\/2021\/05\/natural-poland-icon.png","contentUrl":"https:\/\/naturalpoland.com\/wp-content\/uploads\/2021\/05\/natural-poland-icon.png","width":512,"height":512,"caption":"Natural Poland"},"image":{"@id":"https:\/\/naturalpoland.com\/ko\/#\/schema\/logo\/image\/"},"sameAs":["https:\/\/www.facebook.com\/naturalpoland.b2b","https:\/\/pl.linkedin.com\/company\/natural-poland","https:\/\/www.youtube.com\/channel\/UCgeGGkvOMahZo-xu_MSEWxg"]}]}},"_links":{"self":[{"href":"https:\/\/naturalpoland.com\/ko\/wp-json\/wp\/v2\/product\/42786","targetHints":{"allow":["GET"]}}],"collection":[{"href":"https:\/\/naturalpoland.com\/ko\/wp-json\/wp\/v2\/product"}],"about":[{"href":"https:\/\/naturalpoland.com\/ko\/wp-json\/wp\/v2\/types\/product"}],"wp:featuredmedia":[{"embeddable":true,"href":"https:\/\/naturalpoland.com\/ko\/wp-json\/wp\/v2\/media\/42787"}],"wp:attachment":[{"href":"https:\/\/naturalpoland.com\/ko\/wp-json\/wp\/v2\/media?parent=42786"}],"wp:term":[{"taxonomy":"product_brand","embeddable":true,"href":"https:\/\/naturalpoland.com\/ko\/wp-json\/wp\/v2\/product_brand?post=42786"},{"taxonomy":"product_cat","embeddable":true,"href":"https:\/\/naturalpoland.com\/ko\/wp-json\/wp\/v2\/product_cat?post=42786"},{"taxonomy":"product_tag","embeddable":true,"href":"https:\/\/naturalpoland.com\/ko\/wp-json\/wp\/v2\/product_tag?post=42786"}],"curies":[{"name":"wp","href":"https:\/\/api.w.org\/{rel}","templated":true}]}}