{"id":42807,"date":"2025-01-14T11:44:13","date_gmt":"2025-01-14T10:44:13","guid":{"rendered":"https:\/\/naturalpoland.com\/produkty\/uncategorized\/%ed%88%b4%ec%8b%9c-%ec%b6%94%ec%b6%9c%eb%ac%bc\/"},"modified":"2025-08-21T14:44:03","modified_gmt":"2025-08-21T12:44:03","slug":"tulsi-chuchulmul","status":"publish","type":"product","link":"https:\/\/naturalpoland.com\/ko\/je-pum\/sig-mul-chu-chul-mul\/tulsi-chuchulmul\/","title":{"rendered":"\ud234\uc2dc \ucd94\ucd9c\ubb3c"},"content":{"rendered":"<h2>\ud6a8\ub2a5 \ubc0f \uac74\uac15\uc0c1\uc758 \uc774\uc810:<\/h2>\n<ul>\n<li>\ud234\uc2dc \ucd94\ucd9c\ubb3c\uc740 \uc2a4\ud2b8\ub808\uc2a4 \ud638\ub974\ubaac\uc778 \ucf54\ub974\ud2f0\uc194 \uc218\uce58\ub97c \ub0ae\ucdb0 <strong>\uc2e0\uacbd\uacc4\ub97c \uc9c0\uc6d0\ud569\ub2c8\ub2e4<\/strong>.<\/li>\n<li><strong>\uba74\uc5ed \uccb4\uacc4\ub97c \uac15\ud654\ud558\uc5ec<\/strong> \ubc14\uc774\ub7ec\uc2a4 \ubc0f \uc138\uade0 \uac10\uc5fc\uc5d0 \ub300\ud55c \uc2e0\uccb4\uc758 \uc790\uc5f0 \uc800\ud56d\ub825\uc744 \ub192\uc785\ub2c8\ub2e4.<\/li>\n<li>\uc720\uc81c\ub180 \ubc0f \ud398\ub180\uc0b0\uacfc \uac19\uc740 \ud654\ud569\ubb3c \ub355\ubd84\uc5d0 \ud234\uc2dc\ub294 <strong>\ud56d\uc5fc\uc99d \uc791\uc6a9\uc744 \ud558\uba70<\/strong> \uc138\uade0 \uac10\uc5fc\uacfc\uc758 \uc2f8\uc6c0\uc744 \ub3d5\uc2b5\ub2c8\ub2e4.<\/li>\n<li>\uc804\ud1b5\uc801\uc73c\ub85c <strong>\uc0c1\uae30\ub3c4 \uac10\uc5fc \uce58\ub8cc\uc5d0 \uc0ac\uc6a9\ub418\uc5b4<\/strong> \uae30\uce68, \ucf67\ubb3c, \uac10\uae30 \uc99d\uc0c1 \uc644\ud654\uc5d0 \ub3c4\uc6c0\uc744 \uc90d\ub2c8\ub2e4.<\/li>\n<li>\ud3f4\ub9ac\ud398\ub180 \ud568\ub7c9 \ub355\ubd84\uc5d0 <strong>\uc0b0\ud654 \uc2a4\ud2b8\ub808\uc2a4\ub85c\ubd80\ud130 \uc138\ud3ec\ub97c \ubcf4\ud638\ud558\uace0<\/strong> \ud53c\ubd80 \uac74\uac15\uc744 \uc9c0\uc6d0\ud558\uba70 \ub178\ud654 \uacfc\uc815\uc744 \uc9c0\uc5f0\uc2dc\ud0b5\ub2c8\ub2e4.<\/li>\n<li><strong>\uc2e0\uc9c4\ub300\uc0ac\uc640 \ud608\ub2f9 \uc218\uce58\ub97c \uc870\uc808\ud558\uc5ec<\/strong> \uc81c2\ud615 \ub2f9\ub1e8\ubcd1 \uc608\ubc29\uc5d0 \ub3c4\uc6c0\uc774 \ub420 \uc218 \uc788\uc2b5\ub2c8\ub2e4.<\/li>\n<li>\uc2e0\uccb4\uc758 <strong>\ud574\ub3c5 \uacfc\uc815\uc744 \ub3d5\uace0<\/strong>, \ub3c5\uc18c \uc911\ud654\ub97c \ud1b5\ud574 \uac04 \uae30\ub2a5\uc744 \uc9c0\uc6d0\ud569\ub2c8\ub2e4.<\/li>\n<\/ul>\n<h2>\ud234\uc2dc \ucd94\ucd9c\ubb3c \ud65c\uc6a9<\/h2>\n<ul>\n<li>\uba74\uc5ed\ub825 \uc99d\uc9c4, \uc2a4\ud2b8\ub808\uc2a4 \uac10\uc18c \ubc0f \uc804\ubc18\uc801\uc778 \uac74\uac15 \uac1c\uc120\uc744 \uc704\ud55c \uac74\uac15 \ubcf4\uc870 \uc2dd\ud488\uc758 \uc131\ubd84\uc73c\ub85c \uc0ac\uc6a9\ub429\ub2c8\ub2e4.<\/li>\n<li>\ud56d\uc0b0\ud654 \ubc0f \ud56d\uc5fc\uc99d \ud2b9\uc131\uc73c\ub85c \uc778\ud574 \ud654\uc7a5\ud488\uc5d0 \ucca8\uac00\ub429\ub2c8\ub2e4.<\/li>\n<li>\uac74\uac15 \uc99d\uc9c4\uc744 \uc704\ud55c \ud5c8\ube0c\ucc28\uc5d0 \ucca8\uac00\ub429\ub2c8\ub2e4.<\/li>\n<li>\uc804\ubc18\uc801\uc778 \uac74\uac15\uacfc \uc2e0\uccb4 \uade0\ud615\uc744 \uc9c0\uc6d0\ud558\ub294 \uc804\ud1b5 \uc544\uc720\ub974\ubca0\ub2e4 \uc81c\uc81c\uc5d0 \uc0ac\uc6a9\ub429\ub2c8\ub2e4.<\/li>\n<\/ul>\n","protected":false},"excerpt":{"rendered":"<p><strong>\ud234\uc2dc \ucd94\ucd9c\ubb3c<\/strong>(<em><strong>Ocimum Tenuiflorum<\/strong><\/em>)\uc740 \ud640\ub9ac \ubc14\uc9c8\uc774\ub77c\uace0 \ubd88\ub9ac\ub294 \uc57d\uc6a9 \uc2dd\ubb3c\uc758 \uc78e\uc5d0\uc11c \ucd94\ucd9c\ub429\ub2c8\ub2e4. \ud234\uc2dc\ub294 \uc218\uc138\uae30 \ub3d9\uc548 \uc544\uc720\ub974\ubca0\ub2e4 \uc790\uc5f0 \uc758\ud559\uc5d0\uc11c \uc0ac\uc6a9\ub418\uc5b4 \uc654\uc2b5\ub2c8\ub2e4. \uc774\ub294 \uc544\ub2f5\ud1a0\uac90, \ud56d\uc5fc\uc99d \ubc0f \uba74\uc5ed \uc870\uc808 \ud6a8\uacfc\ub97c \uac00\uc9c0\uace0 \uc788\uc2b5\ub2c8\ub2e4.<\/p>\n","protected":false},"featured_media":42810,"template":"","meta":[],"product_brand":[],"product_cat":[8134],"product_tag":[],"class_list":{"0":"post-42807","1":"product","2":"type-product","3":"status-publish","4":"has-post-thumbnail","6":"product_cat-sig-mul-chu-chul-mul","8":"first","9":"instock","10":"shipping-taxable","11":"product-type-simple"},"yoast_head":"<!-- This site is optimized with the Yoast SEO plugin v27.3 - https:\/\/yoast.com\/product\/yoast-seo-wordpress\/ -->\n<title>\ud234\uc2dc \ucd94\ucd9c\ubb3c - \uc6d0\uc790\uc7ac \ub3c4\ub9e4 \uc720\ud1b5\uc5c5\uccb4 - NATURAL POLAND - Hurtowy Dystrybutor Surowc\u00f3w<\/title>\n<meta name=\"description\" content=\"\ud234\uc2dc \ucd94\ucd9c\ubb3c(Ocimum Tenuiflorum)\uc740 \ud640\ub9ac \ubc14\uc9c8\ub85c\ub3c4 \uc54c\ub824\uc838 \uc788\uc73c\uba70, \uc774 \uc57d\uc6a9 \uc2dd\ubb3c\uc758 \uc78e\uc5d0\uc11c \ucd94\ucd9c\ud55c \uace0\ud488\uc9c8 \uc2dd\ubb3c\uc131 \uc6d0\ub8cc\uc785\ub2c8\ub2e4.\" \/>\n<meta name=\"robots\" content=\"index, follow, max-snippet:-1, max-image-preview:large, max-video-preview:-1\" \/>\n<link rel=\"canonical\" href=\"https:\/\/naturalpoland.com\/ko\/je-pum\/sig-mul-chu-chul-mul\/tulsi-chuchulmul\/\" \/>\n<meta property=\"og:locale\" content=\"ko_KR\" \/>\n<meta property=\"og:type\" content=\"article\" \/>\n<meta property=\"og:title\" content=\"\ud234\uc2dc \ucd94\ucd9c\ubb3c - \uc6d0\uc790\uc7ac \ub3c4\ub9e4 \uc720\ud1b5\uc5c5\uccb4 - NATURAL POLAND - Hurtowy Dystrybutor Surowc\u00f3w\" \/>\n<meta property=\"og:description\" content=\"\ud234\uc2dc \ucd94\ucd9c\ubb3c(Ocimum Tenuiflorum)\uc740 \ud640\ub9ac \ubc14\uc9c8\ub85c\ub3c4 \uc54c\ub824\uc838 \uc788\uc73c\uba70, \uc774 \uc57d\uc6a9 \uc2dd\ubb3c\uc758 \uc78e\uc5d0\uc11c \ucd94\ucd9c\ud55c \uace0\ud488\uc9c8 \uc2dd\ubb3c\uc131 \uc6d0\ub8cc\uc785\ub2c8\ub2e4.\" \/>\n<meta property=\"og:url\" content=\"https:\/\/naturalpoland.com\/ko\/je-pum\/sig-mul-chu-chul-mul\/tulsi-chuchulmul\/\" \/>\n<meta property=\"og:site_name\" content=\"NATURAL POLAND - Hurtowy Dystrybutor Surowc\u00f3w\" \/>\n<meta property=\"article:publisher\" content=\"https:\/\/www.facebook.com\/naturalpoland.b2b\" \/>\n<meta property=\"article:modified_time\" content=\"2025-08-21T12:44:03+00:00\" \/>\n<meta property=\"og:image\" content=\"https:\/\/naturalpoland.com\/wp-content\/uploads\/ekstrakt-z-tulsi.webp\" \/>\n\t<meta property=\"og:image:width\" content=\"592\" \/>\n\t<meta property=\"og:image:height\" content=\"592\" \/>\n\t<meta property=\"og:image:type\" content=\"image\/webp\" \/>\n<script type=\"application\/ld+json\" class=\"yoast-schema-graph\">{\"@context\":\"https:\\\/\\\/schema.org\",\"@graph\":[{\"@type\":\"WebPage\",\"@id\":\"https:\\\/\\\/naturalpoland.com\\\/ko\\\/je-pum\\\/sig-mul-chu-chul-mul\\\/tulsi-chuchulmul\\\/\",\"url\":\"https:\\\/\\\/naturalpoland.com\\\/ko\\\/je-pum\\\/sig-mul-chu-chul-mul\\\/tulsi-chuchulmul\\\/\",\"name\":\"\ud234\uc2dc \ucd94\ucd9c\ubb3c - \uc6d0\uc790\uc7ac \ub3c4\ub9e4 \uc720\ud1b5\uc5c5\uccb4 - NATURAL POLAND - Hurtowy Dystrybutor Surowc\u00f3w\",\"isPartOf\":{\"@id\":\"https:\\\/\\\/naturalpoland.com\\\/ko\\\/#website\"},\"primaryImageOfPage\":{\"@id\":\"https:\\\/\\\/naturalpoland.com\\\/ko\\\/je-pum\\\/sig-mul-chu-chul-mul\\\/tulsi-chuchulmul\\\/#primaryimage\"},\"image\":{\"@id\":\"https:\\\/\\\/naturalpoland.com\\\/ko\\\/je-pum\\\/sig-mul-chu-chul-mul\\\/tulsi-chuchulmul\\\/#primaryimage\"},\"thumbnailUrl\":\"https:\\\/\\\/naturalpoland.com\\\/wp-content\\\/uploads\\\/ekstrakt-z-tulsi.webp\",\"datePublished\":\"2025-01-14T10:44:13+00:00\",\"dateModified\":\"2025-08-21T12:44:03+00:00\",\"description\":\"\ud234\uc2dc \ucd94\ucd9c\ubb3c(Ocimum Tenuiflorum)\uc740 \ud640\ub9ac \ubc14\uc9c8\ub85c\ub3c4 \uc54c\ub824\uc838 \uc788\uc73c\uba70, \uc774 \uc57d\uc6a9 \uc2dd\ubb3c\uc758 \uc78e\uc5d0\uc11c \ucd94\ucd9c\ud55c \uace0\ud488\uc9c8 \uc2dd\ubb3c\uc131 \uc6d0\ub8cc\uc785\ub2c8\ub2e4.\",\"breadcrumb\":{\"@id\":\"https:\\\/\\\/naturalpoland.com\\\/ko\\\/je-pum\\\/sig-mul-chu-chul-mul\\\/tulsi-chuchulmul\\\/#breadcrumb\"},\"inLanguage\":\"ko-KR\",\"potentialAction\":[{\"@type\":\"ReadAction\",\"target\":[\"https:\\\/\\\/naturalpoland.com\\\/ko\\\/je-pum\\\/sig-mul-chu-chul-mul\\\/tulsi-chuchulmul\\\/\"]}]},{\"@type\":\"ImageObject\",\"inLanguage\":\"ko-KR\",\"@id\":\"https:\\\/\\\/naturalpoland.com\\\/ko\\\/je-pum\\\/sig-mul-chu-chul-mul\\\/tulsi-chuchulmul\\\/#primaryimage\",\"url\":\"https:\\\/\\\/naturalpoland.com\\\/wp-content\\\/uploads\\\/ekstrakt-z-tulsi.webp\",\"contentUrl\":\"https:\\\/\\\/naturalpoland.com\\\/wp-content\\\/uploads\\\/ekstrakt-z-tulsi.webp\",\"width\":592,\"height\":592,\"caption\":\"Ekstrakt z Tulsi\"},{\"@type\":\"BreadcrumbList\",\"@id\":\"https:\\\/\\\/naturalpoland.com\\\/ko\\\/je-pum\\\/sig-mul-chu-chul-mul\\\/tulsi-chuchulmul\\\/#breadcrumb\",\"itemListElement\":[{\"@type\":\"ListItem\",\"position\":1,\"name\":\"\ud648\",\"item\":\"https:\\\/\\\/naturalpoland.com\\\/ko\\\/\"},{\"@type\":\"ListItem\",\"position\":2,\"name\":\"\uc81c\ud488\",\"item\":\"https:\\\/\\\/naturalpoland.com\\\/ko\\\/%ec%a0%9c%ed%92%88\\\/\"},{\"@type\":\"ListItem\",\"position\":3,\"name\":\"\ud234\uc2dc \ucd94\ucd9c\ubb3c\"}]},{\"@type\":\"WebSite\",\"@id\":\"https:\\\/\\\/naturalpoland.com\\\/ko\\\/#website\",\"url\":\"https:\\\/\\\/naturalpoland.com\\\/ko\\\/\",\"name\":\"NATURAL POLAND - Hurtowy Dystrybutor Surowc\u00f3w\",\"description\":\"Surowce dla przemys\u0142u spo\u017cywczego, kosmetycznego i farmaceutycznego\",\"publisher\":{\"@id\":\"https:\\\/\\\/naturalpoland.com\\\/ko\\\/#organization\"},\"potentialAction\":[{\"@type\":\"SearchAction\",\"target\":{\"@type\":\"EntryPoint\",\"urlTemplate\":\"https:\\\/\\\/naturalpoland.com\\\/ko\\\/?s={search_term_string}\"},\"query-input\":{\"@type\":\"PropertyValueSpecification\",\"valueRequired\":true,\"valueName\":\"search_term_string\"}}],\"inLanguage\":\"ko-KR\"},{\"@type\":\"Organization\",\"@id\":\"https:\\\/\\\/naturalpoland.com\\\/ko\\\/#organization\",\"name\":\"Natural Poland\",\"url\":\"https:\\\/\\\/naturalpoland.com\\\/ko\\\/\",\"logo\":{\"@type\":\"ImageObject\",\"inLanguage\":\"ko-KR\",\"@id\":\"https:\\\/\\\/naturalpoland.com\\\/ko\\\/#\\\/schema\\\/logo\\\/image\\\/\",\"url\":\"https:\\\/\\\/naturalpoland.com\\\/wp-content\\\/uploads\\\/2021\\\/05\\\/natural-poland-icon.png\",\"contentUrl\":\"https:\\\/\\\/naturalpoland.com\\\/wp-content\\\/uploads\\\/2021\\\/05\\\/natural-poland-icon.png\",\"width\":512,\"height\":512,\"caption\":\"Natural Poland\"},\"image\":{\"@id\":\"https:\\\/\\\/naturalpoland.com\\\/ko\\\/#\\\/schema\\\/logo\\\/image\\\/\"},\"sameAs\":[\"https:\\\/\\\/www.facebook.com\\\/naturalpoland.b2b\",\"https:\\\/\\\/pl.linkedin.com\\\/company\\\/natural-poland\",\"https:\\\/\\\/www.youtube.com\\\/channel\\\/UCgeGGkvOMahZo-xu_MSEWxg\"]}]}<\/script>\n<!-- \/ Yoast SEO plugin. -->","yoast_head_json":{"title":"\ud234\uc2dc \ucd94\ucd9c\ubb3c - \uc6d0\uc790\uc7ac \ub3c4\ub9e4 \uc720\ud1b5\uc5c5\uccb4 - NATURAL POLAND - Hurtowy Dystrybutor Surowc\u00f3w","description":"\ud234\uc2dc \ucd94\ucd9c\ubb3c(Ocimum Tenuiflorum)\uc740 \ud640\ub9ac \ubc14\uc9c8\ub85c\ub3c4 \uc54c\ub824\uc838 \uc788\uc73c\uba70, \uc774 \uc57d\uc6a9 \uc2dd\ubb3c\uc758 \uc78e\uc5d0\uc11c \ucd94\ucd9c\ud55c \uace0\ud488\uc9c8 \uc2dd\ubb3c\uc131 \uc6d0\ub8cc\uc785\ub2c8\ub2e4.","robots":{"index":"index","follow":"follow","max-snippet":"max-snippet:-1","max-image-preview":"max-image-preview:large","max-video-preview":"max-video-preview:-1"},"canonical":"https:\/\/naturalpoland.com\/ko\/je-pum\/sig-mul-chu-chul-mul\/tulsi-chuchulmul\/","og_locale":"ko_KR","og_type":"article","og_title":"\ud234\uc2dc \ucd94\ucd9c\ubb3c - \uc6d0\uc790\uc7ac \ub3c4\ub9e4 \uc720\ud1b5\uc5c5\uccb4 - NATURAL POLAND - Hurtowy Dystrybutor Surowc\u00f3w","og_description":"\ud234\uc2dc \ucd94\ucd9c\ubb3c(Ocimum Tenuiflorum)\uc740 \ud640\ub9ac \ubc14\uc9c8\ub85c\ub3c4 \uc54c\ub824\uc838 \uc788\uc73c\uba70, \uc774 \uc57d\uc6a9 \uc2dd\ubb3c\uc758 \uc78e\uc5d0\uc11c \ucd94\ucd9c\ud55c \uace0\ud488\uc9c8 \uc2dd\ubb3c\uc131 \uc6d0\ub8cc\uc785\ub2c8\ub2e4.","og_url":"https:\/\/naturalpoland.com\/ko\/je-pum\/sig-mul-chu-chul-mul\/tulsi-chuchulmul\/","og_site_name":"NATURAL POLAND - Hurtowy Dystrybutor Surowc\u00f3w","article_publisher":"https:\/\/www.facebook.com\/naturalpoland.b2b","article_modified_time":"2025-08-21T12:44:03+00:00","og_image":[{"width":592,"height":592,"url":"https:\/\/naturalpoland.com\/wp-content\/uploads\/ekstrakt-z-tulsi.webp","type":"image\/webp"}],"schema":{"@context":"https:\/\/schema.org","@graph":[{"@type":"WebPage","@id":"https:\/\/naturalpoland.com\/ko\/je-pum\/sig-mul-chu-chul-mul\/tulsi-chuchulmul\/","url":"https:\/\/naturalpoland.com\/ko\/je-pum\/sig-mul-chu-chul-mul\/tulsi-chuchulmul\/","name":"\ud234\uc2dc \ucd94\ucd9c\ubb3c - \uc6d0\uc790\uc7ac \ub3c4\ub9e4 \uc720\ud1b5\uc5c5\uccb4 - NATURAL POLAND - Hurtowy Dystrybutor Surowc\u00f3w","isPartOf":{"@id":"https:\/\/naturalpoland.com\/ko\/#website"},"primaryImageOfPage":{"@id":"https:\/\/naturalpoland.com\/ko\/je-pum\/sig-mul-chu-chul-mul\/tulsi-chuchulmul\/#primaryimage"},"image":{"@id":"https:\/\/naturalpoland.com\/ko\/je-pum\/sig-mul-chu-chul-mul\/tulsi-chuchulmul\/#primaryimage"},"thumbnailUrl":"https:\/\/naturalpoland.com\/wp-content\/uploads\/ekstrakt-z-tulsi.webp","datePublished":"2025-01-14T10:44:13+00:00","dateModified":"2025-08-21T12:44:03+00:00","description":"\ud234\uc2dc \ucd94\ucd9c\ubb3c(Ocimum Tenuiflorum)\uc740 \ud640\ub9ac \ubc14\uc9c8\ub85c\ub3c4 \uc54c\ub824\uc838 \uc788\uc73c\uba70, \uc774 \uc57d\uc6a9 \uc2dd\ubb3c\uc758 \uc78e\uc5d0\uc11c \ucd94\ucd9c\ud55c \uace0\ud488\uc9c8 \uc2dd\ubb3c\uc131 \uc6d0\ub8cc\uc785\ub2c8\ub2e4.","breadcrumb":{"@id":"https:\/\/naturalpoland.com\/ko\/je-pum\/sig-mul-chu-chul-mul\/tulsi-chuchulmul\/#breadcrumb"},"inLanguage":"ko-KR","potentialAction":[{"@type":"ReadAction","target":["https:\/\/naturalpoland.com\/ko\/je-pum\/sig-mul-chu-chul-mul\/tulsi-chuchulmul\/"]}]},{"@type":"ImageObject","inLanguage":"ko-KR","@id":"https:\/\/naturalpoland.com\/ko\/je-pum\/sig-mul-chu-chul-mul\/tulsi-chuchulmul\/#primaryimage","url":"https:\/\/naturalpoland.com\/wp-content\/uploads\/ekstrakt-z-tulsi.webp","contentUrl":"https:\/\/naturalpoland.com\/wp-content\/uploads\/ekstrakt-z-tulsi.webp","width":592,"height":592,"caption":"Ekstrakt z Tulsi"},{"@type":"BreadcrumbList","@id":"https:\/\/naturalpoland.com\/ko\/je-pum\/sig-mul-chu-chul-mul\/tulsi-chuchulmul\/#breadcrumb","itemListElement":[{"@type":"ListItem","position":1,"name":"\ud648","item":"https:\/\/naturalpoland.com\/ko\/"},{"@type":"ListItem","position":2,"name":"\uc81c\ud488","item":"https:\/\/naturalpoland.com\/ko\/%ec%a0%9c%ed%92%88\/"},{"@type":"ListItem","position":3,"name":"\ud234\uc2dc \ucd94\ucd9c\ubb3c"}]},{"@type":"WebSite","@id":"https:\/\/naturalpoland.com\/ko\/#website","url":"https:\/\/naturalpoland.com\/ko\/","name":"NATURAL POLAND - Hurtowy Dystrybutor Surowc\u00f3w","description":"Surowce dla przemys\u0142u spo\u017cywczego, kosmetycznego i farmaceutycznego","publisher":{"@id":"https:\/\/naturalpoland.com\/ko\/#organization"},"potentialAction":[{"@type":"SearchAction","target":{"@type":"EntryPoint","urlTemplate":"https:\/\/naturalpoland.com\/ko\/?s={search_term_string}"},"query-input":{"@type":"PropertyValueSpecification","valueRequired":true,"valueName":"search_term_string"}}],"inLanguage":"ko-KR"},{"@type":"Organization","@id":"https:\/\/naturalpoland.com\/ko\/#organization","name":"Natural Poland","url":"https:\/\/naturalpoland.com\/ko\/","logo":{"@type":"ImageObject","inLanguage":"ko-KR","@id":"https:\/\/naturalpoland.com\/ko\/#\/schema\/logo\/image\/","url":"https:\/\/naturalpoland.com\/wp-content\/uploads\/2021\/05\/natural-poland-icon.png","contentUrl":"https:\/\/naturalpoland.com\/wp-content\/uploads\/2021\/05\/natural-poland-icon.png","width":512,"height":512,"caption":"Natural Poland"},"image":{"@id":"https:\/\/naturalpoland.com\/ko\/#\/schema\/logo\/image\/"},"sameAs":["https:\/\/www.facebook.com\/naturalpoland.b2b","https:\/\/pl.linkedin.com\/company\/natural-poland","https:\/\/www.youtube.com\/channel\/UCgeGGkvOMahZo-xu_MSEWxg"]}]}},"_links":{"self":[{"href":"https:\/\/naturalpoland.com\/ko\/wp-json\/wp\/v2\/product\/42807","targetHints":{"allow":["GET"]}}],"collection":[{"href":"https:\/\/naturalpoland.com\/ko\/wp-json\/wp\/v2\/product"}],"about":[{"href":"https:\/\/naturalpoland.com\/ko\/wp-json\/wp\/v2\/types\/product"}],"wp:featuredmedia":[{"embeddable":true,"href":"https:\/\/naturalpoland.com\/ko\/wp-json\/wp\/v2\/media\/42810"}],"wp:attachment":[{"href":"https:\/\/naturalpoland.com\/ko\/wp-json\/wp\/v2\/media?parent=42807"}],"wp:term":[{"taxonomy":"product_brand","embeddable":true,"href":"https:\/\/naturalpoland.com\/ko\/wp-json\/wp\/v2\/product_brand?post=42807"},{"taxonomy":"product_cat","embeddable":true,"href":"https:\/\/naturalpoland.com\/ko\/wp-json\/wp\/v2\/product_cat?post=42807"},{"taxonomy":"product_tag","embeddable":true,"href":"https:\/\/naturalpoland.com\/ko\/wp-json\/wp\/v2\/product_tag?post=42807"}],"curies":[{"name":"wp","href":"https:\/\/api.w.org\/{rel}","templated":true}]}}