{"id":42808,"date":"2025-04-15T10:55:00","date_gmt":"2025-04-15T08:55:00","guid":{"rendered":"https:\/\/naturalpoland.com\/produkty\/uncategorized\/%eb%82%9c%ec%9f%81%ec%9d%b4%ed%86%b1%ed%92%80-%ec%b6%94%ec%b6%9c%eb%ac%bc\/"},"modified":"2025-08-21T14:42:46","modified_gmt":"2025-08-21T12:42:46","slug":"nanjaengi-toppul-chuchulmul","status":"publish","type":"product","link":"https:\/\/naturalpoland.com\/ko\/je-pum\/sig-mul-chu-chul-mul\/nanjaengi-toppul-chuchulmul\/","title":{"rendered":"\ub09c\uc7c1\uc774\ud1b1\ud480 \ucd94\ucd9c\ubb3c"},"content":{"rendered":"<p><em><strong>Achillea nano<\/strong><\/em>\ub294 \ub35c \uc54c\ub824\uc838 \uc788\uc9c0\ub9cc <strong>\ud1b1\ud480<\/strong> \uc18d\uc758 \uac00\uce58 \uc788\ub294 \uc885\uc785\ub2c8\ub2e4. \ud56d\uc5fc\uc99d, \uac15\uc7a5 \ubc0f \uc18c\ud654 \ucd09\uc9c4 \uc791\uc6a9\uc744 \ud569\ub2c8\ub2e4. \uc804\ud1b5 \uc758\ud559\uc5d0\uc11c\ub294 \uac00\ubcbc\uc6b4 \uc18c\ud654 \ubd88\ub7c9\uacfc \uc2e0\uccb4 \uade0\ud615\uc744 \uc9c0\uc6d0\ud558\ub294 \uc218\ub2e8\uc73c\ub85c \uc0ac\uc6a9\ub418\uc5c8\uc2b5\ub2c8\ub2e4.<\/p>\n<p>\ud654\uc7a5\ud488\uc5d0\uc11c\ub294 \ud53c\ubd80\ub97c \uc9c4\uc815\uc2dc\ud0a4\ub294 \uc791\uc6a9\uc744 \ud560 \uc218 \uc788\uc73c\uba70, \ubbfc\uac10\ud558\uac70\ub098 \ubd89\uc5b4\uc9c0\uae30 \uc26c\uc6b4 \ud53c\ubd80\ub97c \uc704\ud55c \uc81c\uc81c\uc5d0 \uc0ac\uc6a9\ub420 \uc218 \uc788\uc2b5\ub2c8\ub2e4.<\/p>\n<h2>\ub09c\uc7c1\uc774\ud1b1\ud480\uacfc \uc11c\uc591\ud1b1\ud480\uc758 \ucc28\uc774\uc810<\/h2>\n<article class=\"text-token-text-primary w-full\" dir=\"auto\" data-testid=\"conversation-turn-364\" data-scroll-anchor=\"true\">\n<div class=\"text-base my-auto mx-auto py-5 [--thread-content-margin:--spacing(4)] @[37rem]:[--thread-content-margin:--spacing(6)] @[70rem]:[--thread-content-margin:--spacing(12)] px-(--thread-content-margin)\">\n<div class=\"[--thread-content-max-width:32rem] @[34rem]:[--thread-content-max-width:40rem] @[64rem]:[--thread-content-max-width:48rem] mx-auto flex max-w-(--thread-content-max-width) flex-1 text-base gap-4 md:gap-5 lg:gap-6 group\/turn-messages focus-visible:outline-hidden\" tabindex=\"-1\">\n<div class=\"group\/conversation-turn relative flex w-full min-w-0 flex-col agent-turn\">\n<div class=\"relative flex-col gap-1 md:gap-3\">\n<div class=\"flex max-w-full flex-col grow\">\n<div class=\"min-h-8 text-message relative flex w-full flex-col items-end gap-2 text-start break-words whitespace-normal [.text-message+&amp;]:mt-5\" dir=\"auto\" data-message-author-role=\"assistant\" data-message-id=\"7b7d6f3d-cb4b-42fa-b0d8-d0ed82fd6822\" data-message-model-slug=\"gpt-4o\">\n<div class=\"flex w-full flex-col gap-1 empty:hidden first:pt-[3px]\">\n<div class=\"markdown prose dark:prose-invert w-full break-words light\">\n<p class=\"\" data-start=\"0\" data-end=\"839\">\ube44\ub85d <strong>\ub09c\uc7c1\uc774\ud1b1\ud480<\/strong> (<em>Achillea nano Linn.<\/em>)\uacfc <a href=\"https:\/\/naturalpoland.com\/produkty\/ekstrakty-roslinne\/ekstrakt-z-krwawnika-pospolitego\/\"><strong>\uc11c\uc591\ud1b1\ud480<\/strong><\/a> (<em>Achillea millefolium<\/em>)\uc774 \ub3d9\uc77c\ud55c \uc2dd\ubb3c\ud559\uc801 \uc18d(genus)\uc5d0 \uc18d\ud558\uc9c0\ub9cc, \ud615\ud0dc\ud559\uc801 \ubc0f \ud654\ud559\uc801 \uce21\uba74\uc5d0\uc11c \uc11c\ub85c \ub2e4\ub985\ub2c8\ub2e4. Achillea millefolium\uc740 \ub354 \ub110\ub9ac \ud37c\uc838 \uc788\uc73c\uba70, \ud2b9\ud788 \uc18c\ud654\uae30, \ud53c\ubd80 \ubc0f \uc5ec\uc131 \uc9c8\ud658\uc5d0 \ub300\ud55c \uad11\ubc94\uc704\ud55c \uc2dd\ubb3c \uc694\ubc95 \uc801\uc6a9\uc73c\ub85c \uc798 \uc54c\ub824\uc838 \uc788\uc2b5\ub2c8\ub2e4.<\/p>\n<p class=\"\" data-start=\"0\" data-end=\"839\">\ubc18\uba74\uc5d0 \ub09c\uc7c1\uc774\ud1b1\ud480\uc740 \ub35c \ub300\uc911\uc801\uc774\uc9c0\ub9cc \uc720\uc0ac\ud55c \ud56d\uc5fc\uc99d \ubc0f \uac15\uc7a5 \ud2b9\uc131\uc744 \ubcf4\uc785\ub2c8\ub2e4. \uadf8\ub7ec\ub098 \ud50c\ub77c\ubcf4\ub178\uc774\ub4dc\ub098 \uc5d0\uc13c\uc15c \uc624\uc77c\uacfc \uac19\uc740 \ud65c\uc131 \ud654\ud569\ubb3c\uc758 \ud568\ub7c9 \uba74\uc5d0\uc11c \uadf8 \uc2dd\ubb3c \ud65c\uc131 \uc131\ubd84\uc740 \ub35c \uac15\ud558\uac70\ub098 \ub2e4\uc18c \ub2e4\ub97c \uc218 \uc788\uc2b5\ub2c8\ub2e4. \ub530\ub77c\uc11c \uc81c\ud615 \uc694\uad6c \uc0ac\ud56d \ubc0f \uc791\uc6a9 \ud504\ub85c\ud544\uc5d0 \ub530\ub77c \uc6d0\ub8cc\ub97c \uc120\ud0dd\ud560 \ub54c \uc774\ub4e4 \uc885 \uac04\uc758 \ucc28\uc774\ub97c \uace0\ub824\ud558\ub294 \uac83\uc774 \uc911\uc694\ud569\ub2c8\ub2e4.<\/p>\n<\/div>\n<\/div>\n<\/div>\n<\/div>\n<div class=\"flex justify-start\">\n<div class=\"touch:-me-2 touch:-ms-3.5 -ms-2.5 -me-1 flex items-center p-1 select-none -mt-1 duration-[1.5s] focus-within:transition-none hover:transition-none pointer-events-none [mask-image:linear-gradient(to_right,black_33%,transparent_66%)] [mask-position:100%_0%] [mask-size:300%_100%] motion-safe:transition-[mask-position] group-hover\/turn-messages:pointer-events-auto group-hover\/turn-messages:[mask-position:0_0] group-focus-within\/turn-messages:pointer-events-auto group-focus-within\/turn-messages:[mask-position:0_0] has-data-[state=open]:pointer-events-auto has-data-[state=open]:[mask-position:0_0]\"><\/div>\n<\/div>\n<div class=\"mt-3 w-full empty:hidden\">\n<div class=\"text-center\"><\/div>\n<\/div>\n<\/div>\n<div class=\"absolute\">\n<div class=\"flex items-center justify-center\"><\/div>\n<\/div>\n<\/div>\n<\/div>\n<\/div>\n<\/article>\n<div class=\"pointer-events-none h-px w-px\" aria-hidden=\"true\" data-edge=\"true\"><\/div>\n","protected":false},"excerpt":{"rendered":"<p><strong>\ub09c\uc7c1\uc774\ud1b1\ud480 \ucd94\ucd9c\ubb3c<\/strong> (<em>Achillea nano Linn.<\/em>)\uc740 \uc804\ucd08\ub97c \uc218\uc131 \ucd94\ucd9c\ubc95\uc73c\ub85c \uc5bb\uc2b5\ub2c8\ub2e4. \uc18c\ub7c9\uc758 \ub9d0\ud1a0\ub371\uc2a4\ud2b8\ub9b0\uc744 \ud568\uc720\ud558\uace0 \uc788\uc2b5\ub2c8\ub2e4. \ud669\uac08\uc0c9\uc758 \ubbf8\uc138 \ubd84\ub9d0\uc774\uba70 \uac74\uac15 \ubcf4\uc870 \uc2dd\ud488 \ubc0f \ucc9c\uc5f0 \ud654\uc7a5\ud488\uc5d0 \uc0ac\uc6a9\ub429\ub2c8\ub2e4.<\/p>\n","protected":false},"featured_media":42809,"template":"","meta":[],"product_brand":[],"product_cat":[8134],"product_tag":[],"class_list":{"0":"post-42808","1":"product","2":"type-product","3":"status-publish","4":"has-post-thumbnail","6":"product_cat-sig-mul-chu-chul-mul","8":"first","9":"instock","10":"shipping-taxable","11":"product-type-simple"},"yoast_head":"<!-- This site is optimized with the Yoast SEO plugin v27.3 - https:\/\/yoast.com\/product\/yoast-seo-wordpress\/ -->\n<title>\ub09c\uc7c1\uc774\ud1b1\ud480 \ucd94\ucd9c\ubb3c - Hurtowy Dystrybutor<\/title>\n<meta name=\"description\" content=\"\ub09c\uc7c1\uc774\ud1b1\ud480(Achillea nano Linn.) \ucd94\ucd9c\ubb3c\uc740 \uc804\ucd08\ub97c \uc218\uc131 \ucd94\ucd9c\ubc95\uc73c\ub85c \uc5bb\uc740 \ud669\uac08\uc0c9\uc758 \ubbf8\uc138 \ubd84\ub9d0\uc785\ub2c8\ub2e4.\" \/>\n<meta name=\"robots\" content=\"index, follow, max-snippet:-1, max-image-preview:large, max-video-preview:-1\" \/>\n<link rel=\"canonical\" href=\"https:\/\/naturalpoland.com\/ko\/je-pum\/sig-mul-chu-chul-mul\/nanjaengi-toppul-chuchulmul\/\" \/>\n<meta property=\"og:locale\" content=\"ko_KR\" \/>\n<meta property=\"og:type\" content=\"article\" \/>\n<meta property=\"og:title\" content=\"\ub09c\uc7c1\uc774\ud1b1\ud480 \ucd94\ucd9c\ubb3c - Hurtowy Dystrybutor\" \/>\n<meta property=\"og:description\" content=\"\ub09c\uc7c1\uc774\ud1b1\ud480(Achillea nano Linn.) \ucd94\ucd9c\ubb3c\uc740 \uc804\ucd08\ub97c \uc218\uc131 \ucd94\ucd9c\ubc95\uc73c\ub85c \uc5bb\uc740 \ud669\uac08\uc0c9\uc758 \ubbf8\uc138 \ubd84\ub9d0\uc785\ub2c8\ub2e4.\" \/>\n<meta property=\"og:url\" content=\"https:\/\/naturalpoland.com\/ko\/je-pum\/sig-mul-chu-chul-mul\/nanjaengi-toppul-chuchulmul\/\" \/>\n<meta property=\"og:site_name\" content=\"NATURAL POLAND - Hurtowy Dystrybutor Surowc\u00f3w\" \/>\n<meta property=\"article:publisher\" content=\"https:\/\/www.facebook.com\/naturalpoland.b2b\" \/>\n<meta property=\"article:modified_time\" content=\"2025-08-21T12:42:46+00:00\" \/>\n<meta property=\"og:image\" content=\"https:\/\/naturalpoland.com\/wp-content\/uploads\/ekstrakt-z-krwawnika-karlowatego.webp\" \/>\n\t<meta property=\"og:image:width\" content=\"1024\" \/>\n\t<meta property=\"og:image:height\" content=\"1024\" \/>\n\t<meta property=\"og:image:type\" content=\"image\/webp\" \/>\n<script type=\"application\/ld+json\" class=\"yoast-schema-graph\">{\"@context\":\"https:\\\/\\\/schema.org\",\"@graph\":[{\"@type\":\"WebPage\",\"@id\":\"https:\\\/\\\/naturalpoland.com\\\/ko\\\/je-pum\\\/sig-mul-chu-chul-mul\\\/nanjaengi-toppul-chuchulmul\\\/\",\"url\":\"https:\\\/\\\/naturalpoland.com\\\/ko\\\/je-pum\\\/sig-mul-chu-chul-mul\\\/nanjaengi-toppul-chuchulmul\\\/\",\"name\":\"\ub09c\uc7c1\uc774\ud1b1\ud480 \ucd94\ucd9c\ubb3c - Hurtowy Dystrybutor\",\"isPartOf\":{\"@id\":\"https:\\\/\\\/naturalpoland.com\\\/ko\\\/#website\"},\"primaryImageOfPage\":{\"@id\":\"https:\\\/\\\/naturalpoland.com\\\/ko\\\/je-pum\\\/sig-mul-chu-chul-mul\\\/nanjaengi-toppul-chuchulmul\\\/#primaryimage\"},\"image\":{\"@id\":\"https:\\\/\\\/naturalpoland.com\\\/ko\\\/je-pum\\\/sig-mul-chu-chul-mul\\\/nanjaengi-toppul-chuchulmul\\\/#primaryimage\"},\"thumbnailUrl\":\"https:\\\/\\\/naturalpoland.com\\\/wp-content\\\/uploads\\\/ekstrakt-z-krwawnika-karlowatego.webp\",\"datePublished\":\"2025-04-15T08:55:00+00:00\",\"dateModified\":\"2025-08-21T12:42:46+00:00\",\"description\":\"\ub09c\uc7c1\uc774\ud1b1\ud480(Achillea nano Linn.) \ucd94\ucd9c\ubb3c\uc740 \uc804\ucd08\ub97c \uc218\uc131 \ucd94\ucd9c\ubc95\uc73c\ub85c \uc5bb\uc740 \ud669\uac08\uc0c9\uc758 \ubbf8\uc138 \ubd84\ub9d0\uc785\ub2c8\ub2e4.\",\"breadcrumb\":{\"@id\":\"https:\\\/\\\/naturalpoland.com\\\/ko\\\/je-pum\\\/sig-mul-chu-chul-mul\\\/nanjaengi-toppul-chuchulmul\\\/#breadcrumb\"},\"inLanguage\":\"ko-KR\",\"potentialAction\":[{\"@type\":\"ReadAction\",\"target\":[\"https:\\\/\\\/naturalpoland.com\\\/ko\\\/je-pum\\\/sig-mul-chu-chul-mul\\\/nanjaengi-toppul-chuchulmul\\\/\"]}]},{\"@type\":\"ImageObject\",\"inLanguage\":\"ko-KR\",\"@id\":\"https:\\\/\\\/naturalpoland.com\\\/ko\\\/je-pum\\\/sig-mul-chu-chul-mul\\\/nanjaengi-toppul-chuchulmul\\\/#primaryimage\",\"url\":\"https:\\\/\\\/naturalpoland.com\\\/wp-content\\\/uploads\\\/ekstrakt-z-krwawnika-karlowatego.webp\",\"contentUrl\":\"https:\\\/\\\/naturalpoland.com\\\/wp-content\\\/uploads\\\/ekstrakt-z-krwawnika-karlowatego.webp\",\"width\":1024,\"height\":1024,\"caption\":\"Ekstrakt z krwawnika kar\u0142owatego\"},{\"@type\":\"BreadcrumbList\",\"@id\":\"https:\\\/\\\/naturalpoland.com\\\/ko\\\/je-pum\\\/sig-mul-chu-chul-mul\\\/nanjaengi-toppul-chuchulmul\\\/#breadcrumb\",\"itemListElement\":[{\"@type\":\"ListItem\",\"position\":1,\"name\":\"\ud648\",\"item\":\"https:\\\/\\\/naturalpoland.com\\\/ko\\\/\"},{\"@type\":\"ListItem\",\"position\":2,\"name\":\"\uc81c\ud488\",\"item\":\"https:\\\/\\\/naturalpoland.com\\\/ko\\\/%ec%a0%9c%ed%92%88\\\/\"},{\"@type\":\"ListItem\",\"position\":3,\"name\":\"\ub09c\uc7c1\uc774\ud1b1\ud480 \ucd94\ucd9c\ubb3c\"}]},{\"@type\":\"WebSite\",\"@id\":\"https:\\\/\\\/naturalpoland.com\\\/ko\\\/#website\",\"url\":\"https:\\\/\\\/naturalpoland.com\\\/ko\\\/\",\"name\":\"NATURAL POLAND - Hurtowy Dystrybutor Surowc\u00f3w\",\"description\":\"Surowce dla przemys\u0142u spo\u017cywczego, kosmetycznego i farmaceutycznego\",\"publisher\":{\"@id\":\"https:\\\/\\\/naturalpoland.com\\\/ko\\\/#organization\"},\"potentialAction\":[{\"@type\":\"SearchAction\",\"target\":{\"@type\":\"EntryPoint\",\"urlTemplate\":\"https:\\\/\\\/naturalpoland.com\\\/ko\\\/?s={search_term_string}\"},\"query-input\":{\"@type\":\"PropertyValueSpecification\",\"valueRequired\":true,\"valueName\":\"search_term_string\"}}],\"inLanguage\":\"ko-KR\"},{\"@type\":\"Organization\",\"@id\":\"https:\\\/\\\/naturalpoland.com\\\/ko\\\/#organization\",\"name\":\"Natural Poland\",\"url\":\"https:\\\/\\\/naturalpoland.com\\\/ko\\\/\",\"logo\":{\"@type\":\"ImageObject\",\"inLanguage\":\"ko-KR\",\"@id\":\"https:\\\/\\\/naturalpoland.com\\\/ko\\\/#\\\/schema\\\/logo\\\/image\\\/\",\"url\":\"https:\\\/\\\/naturalpoland.com\\\/wp-content\\\/uploads\\\/2021\\\/05\\\/natural-poland-icon.png\",\"contentUrl\":\"https:\\\/\\\/naturalpoland.com\\\/wp-content\\\/uploads\\\/2021\\\/05\\\/natural-poland-icon.png\",\"width\":512,\"height\":512,\"caption\":\"Natural Poland\"},\"image\":{\"@id\":\"https:\\\/\\\/naturalpoland.com\\\/ko\\\/#\\\/schema\\\/logo\\\/image\\\/\"},\"sameAs\":[\"https:\\\/\\\/www.facebook.com\\\/naturalpoland.b2b\",\"https:\\\/\\\/pl.linkedin.com\\\/company\\\/natural-poland\",\"https:\\\/\\\/www.youtube.com\\\/channel\\\/UCgeGGkvOMahZo-xu_MSEWxg\"]}]}<\/script>\n<!-- \/ Yoast SEO plugin. -->","yoast_head_json":{"title":"\ub09c\uc7c1\uc774\ud1b1\ud480 \ucd94\ucd9c\ubb3c - Hurtowy Dystrybutor","description":"\ub09c\uc7c1\uc774\ud1b1\ud480(Achillea nano Linn.) \ucd94\ucd9c\ubb3c\uc740 \uc804\ucd08\ub97c \uc218\uc131 \ucd94\ucd9c\ubc95\uc73c\ub85c \uc5bb\uc740 \ud669\uac08\uc0c9\uc758 \ubbf8\uc138 \ubd84\ub9d0\uc785\ub2c8\ub2e4.","robots":{"index":"index","follow":"follow","max-snippet":"max-snippet:-1","max-image-preview":"max-image-preview:large","max-video-preview":"max-video-preview:-1"},"canonical":"https:\/\/naturalpoland.com\/ko\/je-pum\/sig-mul-chu-chul-mul\/nanjaengi-toppul-chuchulmul\/","og_locale":"ko_KR","og_type":"article","og_title":"\ub09c\uc7c1\uc774\ud1b1\ud480 \ucd94\ucd9c\ubb3c - Hurtowy Dystrybutor","og_description":"\ub09c\uc7c1\uc774\ud1b1\ud480(Achillea nano Linn.) \ucd94\ucd9c\ubb3c\uc740 \uc804\ucd08\ub97c \uc218\uc131 \ucd94\ucd9c\ubc95\uc73c\ub85c \uc5bb\uc740 \ud669\uac08\uc0c9\uc758 \ubbf8\uc138 \ubd84\ub9d0\uc785\ub2c8\ub2e4.","og_url":"https:\/\/naturalpoland.com\/ko\/je-pum\/sig-mul-chu-chul-mul\/nanjaengi-toppul-chuchulmul\/","og_site_name":"NATURAL POLAND - Hurtowy Dystrybutor Surowc\u00f3w","article_publisher":"https:\/\/www.facebook.com\/naturalpoland.b2b","article_modified_time":"2025-08-21T12:42:46+00:00","og_image":[{"width":1024,"height":1024,"url":"https:\/\/naturalpoland.com\/wp-content\/uploads\/ekstrakt-z-krwawnika-karlowatego.webp","type":"image\/webp"}],"schema":{"@context":"https:\/\/schema.org","@graph":[{"@type":"WebPage","@id":"https:\/\/naturalpoland.com\/ko\/je-pum\/sig-mul-chu-chul-mul\/nanjaengi-toppul-chuchulmul\/","url":"https:\/\/naturalpoland.com\/ko\/je-pum\/sig-mul-chu-chul-mul\/nanjaengi-toppul-chuchulmul\/","name":"\ub09c\uc7c1\uc774\ud1b1\ud480 \ucd94\ucd9c\ubb3c - Hurtowy Dystrybutor","isPartOf":{"@id":"https:\/\/naturalpoland.com\/ko\/#website"},"primaryImageOfPage":{"@id":"https:\/\/naturalpoland.com\/ko\/je-pum\/sig-mul-chu-chul-mul\/nanjaengi-toppul-chuchulmul\/#primaryimage"},"image":{"@id":"https:\/\/naturalpoland.com\/ko\/je-pum\/sig-mul-chu-chul-mul\/nanjaengi-toppul-chuchulmul\/#primaryimage"},"thumbnailUrl":"https:\/\/naturalpoland.com\/wp-content\/uploads\/ekstrakt-z-krwawnika-karlowatego.webp","datePublished":"2025-04-15T08:55:00+00:00","dateModified":"2025-08-21T12:42:46+00:00","description":"\ub09c\uc7c1\uc774\ud1b1\ud480(Achillea nano Linn.) \ucd94\ucd9c\ubb3c\uc740 \uc804\ucd08\ub97c \uc218\uc131 \ucd94\ucd9c\ubc95\uc73c\ub85c \uc5bb\uc740 \ud669\uac08\uc0c9\uc758 \ubbf8\uc138 \ubd84\ub9d0\uc785\ub2c8\ub2e4.","breadcrumb":{"@id":"https:\/\/naturalpoland.com\/ko\/je-pum\/sig-mul-chu-chul-mul\/nanjaengi-toppul-chuchulmul\/#breadcrumb"},"inLanguage":"ko-KR","potentialAction":[{"@type":"ReadAction","target":["https:\/\/naturalpoland.com\/ko\/je-pum\/sig-mul-chu-chul-mul\/nanjaengi-toppul-chuchulmul\/"]}]},{"@type":"ImageObject","inLanguage":"ko-KR","@id":"https:\/\/naturalpoland.com\/ko\/je-pum\/sig-mul-chu-chul-mul\/nanjaengi-toppul-chuchulmul\/#primaryimage","url":"https:\/\/naturalpoland.com\/wp-content\/uploads\/ekstrakt-z-krwawnika-karlowatego.webp","contentUrl":"https:\/\/naturalpoland.com\/wp-content\/uploads\/ekstrakt-z-krwawnika-karlowatego.webp","width":1024,"height":1024,"caption":"Ekstrakt z krwawnika kar\u0142owatego"},{"@type":"BreadcrumbList","@id":"https:\/\/naturalpoland.com\/ko\/je-pum\/sig-mul-chu-chul-mul\/nanjaengi-toppul-chuchulmul\/#breadcrumb","itemListElement":[{"@type":"ListItem","position":1,"name":"\ud648","item":"https:\/\/naturalpoland.com\/ko\/"},{"@type":"ListItem","position":2,"name":"\uc81c\ud488","item":"https:\/\/naturalpoland.com\/ko\/%ec%a0%9c%ed%92%88\/"},{"@type":"ListItem","position":3,"name":"\ub09c\uc7c1\uc774\ud1b1\ud480 \ucd94\ucd9c\ubb3c"}]},{"@type":"WebSite","@id":"https:\/\/naturalpoland.com\/ko\/#website","url":"https:\/\/naturalpoland.com\/ko\/","name":"NATURAL POLAND - Hurtowy Dystrybutor Surowc\u00f3w","description":"Surowce dla przemys\u0142u spo\u017cywczego, kosmetycznego i farmaceutycznego","publisher":{"@id":"https:\/\/naturalpoland.com\/ko\/#organization"},"potentialAction":[{"@type":"SearchAction","target":{"@type":"EntryPoint","urlTemplate":"https:\/\/naturalpoland.com\/ko\/?s={search_term_string}"},"query-input":{"@type":"PropertyValueSpecification","valueRequired":true,"valueName":"search_term_string"}}],"inLanguage":"ko-KR"},{"@type":"Organization","@id":"https:\/\/naturalpoland.com\/ko\/#organization","name":"Natural Poland","url":"https:\/\/naturalpoland.com\/ko\/","logo":{"@type":"ImageObject","inLanguage":"ko-KR","@id":"https:\/\/naturalpoland.com\/ko\/#\/schema\/logo\/image\/","url":"https:\/\/naturalpoland.com\/wp-content\/uploads\/2021\/05\/natural-poland-icon.png","contentUrl":"https:\/\/naturalpoland.com\/wp-content\/uploads\/2021\/05\/natural-poland-icon.png","width":512,"height":512,"caption":"Natural Poland"},"image":{"@id":"https:\/\/naturalpoland.com\/ko\/#\/schema\/logo\/image\/"},"sameAs":["https:\/\/www.facebook.com\/naturalpoland.b2b","https:\/\/pl.linkedin.com\/company\/natural-poland","https:\/\/www.youtube.com\/channel\/UCgeGGkvOMahZo-xu_MSEWxg"]}]}},"_links":{"self":[{"href":"https:\/\/naturalpoland.com\/ko\/wp-json\/wp\/v2\/product\/42808","targetHints":{"allow":["GET"]}}],"collection":[{"href":"https:\/\/naturalpoland.com\/ko\/wp-json\/wp\/v2\/product"}],"about":[{"href":"https:\/\/naturalpoland.com\/ko\/wp-json\/wp\/v2\/types\/product"}],"wp:featuredmedia":[{"embeddable":true,"href":"https:\/\/naturalpoland.com\/ko\/wp-json\/wp\/v2\/media\/42809"}],"wp:attachment":[{"href":"https:\/\/naturalpoland.com\/ko\/wp-json\/wp\/v2\/media?parent=42808"}],"wp:term":[{"taxonomy":"product_brand","embeddable":true,"href":"https:\/\/naturalpoland.com\/ko\/wp-json\/wp\/v2\/product_brand?post=42808"},{"taxonomy":"product_cat","embeddable":true,"href":"https:\/\/naturalpoland.com\/ko\/wp-json\/wp\/v2\/product_cat?post=42808"},{"taxonomy":"product_tag","embeddable":true,"href":"https:\/\/naturalpoland.com\/ko\/wp-json\/wp\/v2\/product_tag?post=42808"}],"curies":[{"name":"wp","href":"https:\/\/api.w.org\/{rel}","templated":true}]}}