{"id":42811,"date":"2025-01-14T13:08:30","date_gmt":"2025-01-14T12:08:30","guid":{"rendered":"https:\/\/naturalpoland.com\/produkty\/uncategorized\/convolvulus-pluricaulis-%ec%b6%94%ec%b6%9c%eb%ac%bc-%ec%83%b9%ed%81%ac%ed%91%b8%ec%89%ac%ed%94%bc\/"},"modified":"2025-08-21T14:43:45","modified_gmt":"2025-08-21T12:43:45","slug":"convolvulus-pluricaulis-chuchulmul-syangkeupuswipi","status":"publish","type":"product","link":"https:\/\/naturalpoland.com\/ko\/je-pum\/sig-mul-chu-chul-mul\/convolvulus-pluricaulis-chuchulmul-syangkeupuswipi\/","title":{"rendered":"Convolvulus pluricaulis \ucd94\ucd9c\ubb3c (\uc0f9\ud06c\ud478\uc26c\ud53c)"},"content":{"rendered":"<h2>\uc0f9\ud06c\ud478\uc26c\ud53c\uc758 \ud6a8\ub2a5<\/h2>\n<p>Convolvulus pluricaulis \ucd94\ucd9c\ubb3c\uc740 \uc218\uc138\uae30 \ub3d9\uc548 \uc544\uc720\ub974\ubca0\ub2e4 \uc758\ud559\uc5d0\uc11c \uc0ac\uc6a9\ub418\uc5b4 \uc654\uc73c\uba70, \uc8fc\ub85c \uc2e0\uacbd\uacc4 \uac74\uac15\uacfc \uc815\uc2e0\uc801 \uc6f0\ube59\uc744 \uc9c0\uc6d0\ud558\ub294 \ud2b9\uc131 \ub54c\ubb38\uc785\ub2c8\ub2e4. \uc774\ub294 \uc9d1\uc911\ub825, \uae30\uc5b5\ub825 \ubc0f \uc0ac\uace0 \uacfc\uc815\uc744 \uc9c0\uc6d0\ud558\ub294 <strong>\ub204\ud2b8\ub85c\ud53d \uc81c\uc81c<\/strong>\ub85c \uac04\uc8fc\ub429\ub2c8\ub2e4. <strong>\uc544\ub2f5\ud1a0\uc820 \ud2b9\uc131<\/strong>\uc744 \ubcf4\uc5ec \uc2a4\ud2b8\ub808\uc2a4\uc640 \uc815\uc11c\uc801 \uae34\uc7a5\uc5d0 \ub300\ucc98\ud558\ub294 \ub370 \ub3c4\uc6c0\uc744 \uc90d\ub2c8\ub2e4. <strong>\uc9c4\uc815 \ud6a8\uacfc<\/strong>\uac00 \uc788\uc73c\uba70 \ubd88\uc548 \uc7a5\uc560 \ubc0f \ubd88\uba74\uc99d \uce58\ub8cc\uc5d0 \ub3c4\uc6c0\uc774 \ub420 \uc218 \uc788\uc73c\ubbc0\ub85c, \uc544\uc720\ub974\ubca0\ub2e4\uc5d0\uc11c\ub294 \uc804\ud1b5\uc801\uc73c\ub85c \uc774\uc644\uc81c\ub85c \uc0ac\uc6a9\ub429\ub2c8\ub2e4.<\/p>\n<p>\uc2dd\ubb3c\uc5d0 \ud568\uc720\ub41c \uc0dd\uccb4 \ud65c\uc131 \ud654\ud569\ubb3c\uc740 <strong>\ud65c\uc131 \uc0b0\uc18c\ub97c \uc911\ud654<\/strong>\ud558\uc5ec \uc138\ud3ec \uac74\uac15\uc744 \uc9c0\uc6d0\ud558\uba70, \uc7a0\uc7ac\uc801\uc778 <strong>\ud56d\uc5fc\uc99d \uc791\uc6a9<\/strong>\uc740 \ub9cc\uc131 \uc9c8\ud658 \uce58\ub8cc\uc5d0 \uc720\uc775\ud560 \uc218 \uc788\uc2b5\ub2c8\ub2e4. Convolvulus pluricaulis \ucd94\ucd9c\ubb3c\uc740 \ud2b9\ud788 \ucf54\ub974\ud2f0\uc194 \uc218\uce58 \uac10\uc18c\uc640 \uad00\ub828\ud558\uc5ec <strong>\ud638\ub974\ubaac\uacc4 \uac74\uac15<\/strong>\uc744 \uc9c0\uc6d0\ud558\ub294 \uc218\ub2e8\uc73c\ub85c \uc790\uc5f0 \uc758\ud559\uc5d0\uc11c\ub3c4 \uc0ac\uc6a9\ub429\ub2c8\ub2e4.<\/p>\n<p>Convolvulus pluricaulis \ucd94\ucd9c\ubb3c\uc740 \ucea1\uc290, \uc815\uc81c, \ud5c8\ube0c\ucc28 \ub4f1 \ub2e4\uc591\ud55c \ubcf4\ucda9\uc81c \ud615\ud0dc\ub85c \uc0ac\uc6a9\ub420 \uc218 \uc788\uc2b5\ub2c8\ub2e4. \uc784\uc0b0\ubd80 \ubc0f \uc218\uc720\ubd80\uc5d0\uac8c\ub294 \uc774 \ucd94\ucd9c\ubb3c\uc774 \uad8c\uc7a5\ub418\uc9c0 \uc54a\uc73c\uba70, \uc815\uc2e0\uacfc \uc57d\ubb3c\uc774\ub098 \uc9c4\uc815\uc81c\ub97c \ubcf5\uc6a9 \uc911\uc778 \uc0ac\ub78c\uc740 \ubcf4\ucda9\uc81c \uc12d\ucde8 \uc804\uc5d0 \uc758\uc0ac\uc640 \uc0c1\ub2f4\ud574\uc57c \ud569\ub2c8\ub2e4.<\/p>\n","protected":false},"excerpt":{"rendered":"<p><strong>Convolvulus pluricaulis \ucd94\ucd9c\ubb3c<\/strong>\uc740 <strong>\uc0f9\ud06c\ud478\uc26c\ud53c<\/strong>\ub85c\ub3c4 \uc54c\ub824\uc838 \uc788\uc73c\uba70, \uc911\uad6d\uc5d0\uc11c \uc720\ub798\ud55c \uc774 \uc544\uc720\ub974\ubca0\ub2e4 \uc2dd\ubb3c\uc758 \uaf43\uc5d0\uc11c \ucd94\ucd9c\ub429\ub2c8\ub2e4. \uc774 \uc81c\ud488\uc740 \ud2b9\uc720\uc758 \ud5a5\uacfc \ub9db\uc744 \uc9c0\ub2cc \ubbf8\uc138 \ubd84\ub9d0 \ud615\ud0dc\ub85c \uc81c\uacf5\ub429\ub2c8\ub2e4.<\/p>\n","protected":false},"featured_media":42814,"template":"","meta":[],"product_brand":[],"product_cat":[8134],"product_tag":[],"class_list":{"0":"post-42811","1":"product","2":"type-product","3":"status-publish","4":"has-post-thumbnail","6":"product_cat-sig-mul-chu-chul-mul","8":"first","9":"instock","10":"shipping-taxable","11":"product-type-simple"},"yoast_head":"<!-- This site is optimized with the Yoast SEO plugin v27.3 - https:\/\/yoast.com\/product\/yoast-seo-wordpress\/ -->\n<title>Convolvulus pluricaulis \ucd94\ucd9c\ubb3c (\uc0f9\ud06c\ud478\uc26c\ud53c)<\/title>\n<meta name=\"description\" content=\"Convolvulus pluricaulis \ucd94\ucd9c\ubb3c\uc740 \uc0f9\ud06c\ud478\uc26c\ud53c\ub85c\ub3c4 \uc54c\ub824\uc838 \uc788\uc73c\uba70, \uc774 \uc544\uc720\ub974\ubca0\ub2e4 \uc2dd\ubb3c\uc758 \uaf43\uc5d0\uc11c \ucd94\ucd9c\ub418\ub294 \uace0\ud488\uc9c8 \uc2dd\ubb3c\uc131 \uc6d0\ub8cc\uc785\ub2c8\ub2e4.\" \/>\n<meta name=\"robots\" content=\"index, follow, max-snippet:-1, max-image-preview:large, max-video-preview:-1\" \/>\n<link rel=\"canonical\" href=\"https:\/\/naturalpoland.com\/ko\/je-pum\/sig-mul-chu-chul-mul\/convolvulus-pluricaulis-chuchulmul-syangkeupuswipi\/\" \/>\n<meta property=\"og:locale\" content=\"ko_KR\" \/>\n<meta property=\"og:type\" content=\"article\" \/>\n<meta property=\"og:title\" content=\"Convolvulus pluricaulis \ucd94\ucd9c\ubb3c (\uc0f9\ud06c\ud478\uc26c\ud53c)\" \/>\n<meta property=\"og:description\" content=\"Convolvulus pluricaulis \ucd94\ucd9c\ubb3c\uc740 \uc0f9\ud06c\ud478\uc26c\ud53c\ub85c\ub3c4 \uc54c\ub824\uc838 \uc788\uc73c\uba70, \uc774 \uc544\uc720\ub974\ubca0\ub2e4 \uc2dd\ubb3c\uc758 \uaf43\uc5d0\uc11c \ucd94\ucd9c\ub418\ub294 \uace0\ud488\uc9c8 \uc2dd\ubb3c\uc131 \uc6d0\ub8cc\uc785\ub2c8\ub2e4.\" \/>\n<meta property=\"og:url\" content=\"https:\/\/naturalpoland.com\/ko\/je-pum\/sig-mul-chu-chul-mul\/convolvulus-pluricaulis-chuchulmul-syangkeupuswipi\/\" \/>\n<meta property=\"og:site_name\" content=\"NATURAL POLAND - Hurtowy Dystrybutor Surowc\u00f3w\" \/>\n<meta property=\"article:publisher\" content=\"https:\/\/www.facebook.com\/naturalpoland.b2b\" \/>\n<meta property=\"article:modified_time\" content=\"2025-08-21T12:43:45+00:00\" \/>\n<meta property=\"og:image\" content=\"https:\/\/naturalpoland.com\/wp-content\/uploads\/shankhpushpi.webp\" \/>\n\t<meta property=\"og:image:width\" content=\"592\" \/>\n\t<meta property=\"og:image:height\" content=\"592\" \/>\n\t<meta property=\"og:image:type\" content=\"image\/webp\" \/>\n<script type=\"application\/ld+json\" class=\"yoast-schema-graph\">{\"@context\":\"https:\\\/\\\/schema.org\",\"@graph\":[{\"@type\":\"WebPage\",\"@id\":\"https:\\\/\\\/naturalpoland.com\\\/ko\\\/je-pum\\\/sig-mul-chu-chul-mul\\\/convolvulus-pluricaulis-chuchulmul-syangkeupuswipi\\\/\",\"url\":\"https:\\\/\\\/naturalpoland.com\\\/ko\\\/je-pum\\\/sig-mul-chu-chul-mul\\\/convolvulus-pluricaulis-chuchulmul-syangkeupuswipi\\\/\",\"name\":\"Convolvulus pluricaulis \ucd94\ucd9c\ubb3c (\uc0f9\ud06c\ud478\uc26c\ud53c)\",\"isPartOf\":{\"@id\":\"https:\\\/\\\/naturalpoland.com\\\/ko\\\/#website\"},\"primaryImageOfPage\":{\"@id\":\"https:\\\/\\\/naturalpoland.com\\\/ko\\\/je-pum\\\/sig-mul-chu-chul-mul\\\/convolvulus-pluricaulis-chuchulmul-syangkeupuswipi\\\/#primaryimage\"},\"image\":{\"@id\":\"https:\\\/\\\/naturalpoland.com\\\/ko\\\/je-pum\\\/sig-mul-chu-chul-mul\\\/convolvulus-pluricaulis-chuchulmul-syangkeupuswipi\\\/#primaryimage\"},\"thumbnailUrl\":\"https:\\\/\\\/naturalpoland.com\\\/wp-content\\\/uploads\\\/shankhpushpi.webp\",\"datePublished\":\"2025-01-14T12:08:30+00:00\",\"dateModified\":\"2025-08-21T12:43:45+00:00\",\"description\":\"Convolvulus pluricaulis \ucd94\ucd9c\ubb3c\uc740 \uc0f9\ud06c\ud478\uc26c\ud53c\ub85c\ub3c4 \uc54c\ub824\uc838 \uc788\uc73c\uba70, \uc774 \uc544\uc720\ub974\ubca0\ub2e4 \uc2dd\ubb3c\uc758 \uaf43\uc5d0\uc11c \ucd94\ucd9c\ub418\ub294 \uace0\ud488\uc9c8 \uc2dd\ubb3c\uc131 \uc6d0\ub8cc\uc785\ub2c8\ub2e4.\",\"breadcrumb\":{\"@id\":\"https:\\\/\\\/naturalpoland.com\\\/ko\\\/je-pum\\\/sig-mul-chu-chul-mul\\\/convolvulus-pluricaulis-chuchulmul-syangkeupuswipi\\\/#breadcrumb\"},\"inLanguage\":\"ko-KR\",\"potentialAction\":[{\"@type\":\"ReadAction\",\"target\":[\"https:\\\/\\\/naturalpoland.com\\\/ko\\\/je-pum\\\/sig-mul-chu-chul-mul\\\/convolvulus-pluricaulis-chuchulmul-syangkeupuswipi\\\/\"]}]},{\"@type\":\"ImageObject\",\"inLanguage\":\"ko-KR\",\"@id\":\"https:\\\/\\\/naturalpoland.com\\\/ko\\\/je-pum\\\/sig-mul-chu-chul-mul\\\/convolvulus-pluricaulis-chuchulmul-syangkeupuswipi\\\/#primaryimage\",\"url\":\"https:\\\/\\\/naturalpoland.com\\\/wp-content\\\/uploads\\\/shankhpushpi.webp\",\"contentUrl\":\"https:\\\/\\\/naturalpoland.com\\\/wp-content\\\/uploads\\\/shankhpushpi.webp\",\"width\":592,\"height\":592,\"caption\":\"Shankhpushpi\"},{\"@type\":\"BreadcrumbList\",\"@id\":\"https:\\\/\\\/naturalpoland.com\\\/ko\\\/je-pum\\\/sig-mul-chu-chul-mul\\\/convolvulus-pluricaulis-chuchulmul-syangkeupuswipi\\\/#breadcrumb\",\"itemListElement\":[{\"@type\":\"ListItem\",\"position\":1,\"name\":\"\ud648\",\"item\":\"https:\\\/\\\/naturalpoland.com\\\/ko\\\/\"},{\"@type\":\"ListItem\",\"position\":2,\"name\":\"\uc81c\ud488\",\"item\":\"https:\\\/\\\/naturalpoland.com\\\/ko\\\/%ec%a0%9c%ed%92%88\\\/\"},{\"@type\":\"ListItem\",\"position\":3,\"name\":\"Convolvulus pluricaulis \ucd94\ucd9c\ubb3c (\uc0f9\ud06c\ud478\uc26c\ud53c)\"}]},{\"@type\":\"WebSite\",\"@id\":\"https:\\\/\\\/naturalpoland.com\\\/ko\\\/#website\",\"url\":\"https:\\\/\\\/naturalpoland.com\\\/ko\\\/\",\"name\":\"NATURAL POLAND - Hurtowy Dystrybutor Surowc\u00f3w\",\"description\":\"Surowce dla przemys\u0142u spo\u017cywczego, kosmetycznego i farmaceutycznego\",\"publisher\":{\"@id\":\"https:\\\/\\\/naturalpoland.com\\\/ko\\\/#organization\"},\"potentialAction\":[{\"@type\":\"SearchAction\",\"target\":{\"@type\":\"EntryPoint\",\"urlTemplate\":\"https:\\\/\\\/naturalpoland.com\\\/ko\\\/?s={search_term_string}\"},\"query-input\":{\"@type\":\"PropertyValueSpecification\",\"valueRequired\":true,\"valueName\":\"search_term_string\"}}],\"inLanguage\":\"ko-KR\"},{\"@type\":\"Organization\",\"@id\":\"https:\\\/\\\/naturalpoland.com\\\/ko\\\/#organization\",\"name\":\"Natural Poland\",\"url\":\"https:\\\/\\\/naturalpoland.com\\\/ko\\\/\",\"logo\":{\"@type\":\"ImageObject\",\"inLanguage\":\"ko-KR\",\"@id\":\"https:\\\/\\\/naturalpoland.com\\\/ko\\\/#\\\/schema\\\/logo\\\/image\\\/\",\"url\":\"https:\\\/\\\/naturalpoland.com\\\/wp-content\\\/uploads\\\/2021\\\/05\\\/natural-poland-icon.png\",\"contentUrl\":\"https:\\\/\\\/naturalpoland.com\\\/wp-content\\\/uploads\\\/2021\\\/05\\\/natural-poland-icon.png\",\"width\":512,\"height\":512,\"caption\":\"Natural Poland\"},\"image\":{\"@id\":\"https:\\\/\\\/naturalpoland.com\\\/ko\\\/#\\\/schema\\\/logo\\\/image\\\/\"},\"sameAs\":[\"https:\\\/\\\/www.facebook.com\\\/naturalpoland.b2b\",\"https:\\\/\\\/pl.linkedin.com\\\/company\\\/natural-poland\",\"https:\\\/\\\/www.youtube.com\\\/channel\\\/UCgeGGkvOMahZo-xu_MSEWxg\"]}]}<\/script>\n<!-- \/ Yoast SEO plugin. -->","yoast_head_json":{"title":"Convolvulus pluricaulis \ucd94\ucd9c\ubb3c (\uc0f9\ud06c\ud478\uc26c\ud53c)","description":"Convolvulus pluricaulis \ucd94\ucd9c\ubb3c\uc740 \uc0f9\ud06c\ud478\uc26c\ud53c\ub85c\ub3c4 \uc54c\ub824\uc838 \uc788\uc73c\uba70, \uc774 \uc544\uc720\ub974\ubca0\ub2e4 \uc2dd\ubb3c\uc758 \uaf43\uc5d0\uc11c \ucd94\ucd9c\ub418\ub294 \uace0\ud488\uc9c8 \uc2dd\ubb3c\uc131 \uc6d0\ub8cc\uc785\ub2c8\ub2e4.","robots":{"index":"index","follow":"follow","max-snippet":"max-snippet:-1","max-image-preview":"max-image-preview:large","max-video-preview":"max-video-preview:-1"},"canonical":"https:\/\/naturalpoland.com\/ko\/je-pum\/sig-mul-chu-chul-mul\/convolvulus-pluricaulis-chuchulmul-syangkeupuswipi\/","og_locale":"ko_KR","og_type":"article","og_title":"Convolvulus pluricaulis \ucd94\ucd9c\ubb3c (\uc0f9\ud06c\ud478\uc26c\ud53c)","og_description":"Convolvulus pluricaulis \ucd94\ucd9c\ubb3c\uc740 \uc0f9\ud06c\ud478\uc26c\ud53c\ub85c\ub3c4 \uc54c\ub824\uc838 \uc788\uc73c\uba70, \uc774 \uc544\uc720\ub974\ubca0\ub2e4 \uc2dd\ubb3c\uc758 \uaf43\uc5d0\uc11c \ucd94\ucd9c\ub418\ub294 \uace0\ud488\uc9c8 \uc2dd\ubb3c\uc131 \uc6d0\ub8cc\uc785\ub2c8\ub2e4.","og_url":"https:\/\/naturalpoland.com\/ko\/je-pum\/sig-mul-chu-chul-mul\/convolvulus-pluricaulis-chuchulmul-syangkeupuswipi\/","og_site_name":"NATURAL POLAND - Hurtowy Dystrybutor Surowc\u00f3w","article_publisher":"https:\/\/www.facebook.com\/naturalpoland.b2b","article_modified_time":"2025-08-21T12:43:45+00:00","og_image":[{"width":592,"height":592,"url":"https:\/\/naturalpoland.com\/wp-content\/uploads\/shankhpushpi.webp","type":"image\/webp"}],"schema":{"@context":"https:\/\/schema.org","@graph":[{"@type":"WebPage","@id":"https:\/\/naturalpoland.com\/ko\/je-pum\/sig-mul-chu-chul-mul\/convolvulus-pluricaulis-chuchulmul-syangkeupuswipi\/","url":"https:\/\/naturalpoland.com\/ko\/je-pum\/sig-mul-chu-chul-mul\/convolvulus-pluricaulis-chuchulmul-syangkeupuswipi\/","name":"Convolvulus pluricaulis \ucd94\ucd9c\ubb3c (\uc0f9\ud06c\ud478\uc26c\ud53c)","isPartOf":{"@id":"https:\/\/naturalpoland.com\/ko\/#website"},"primaryImageOfPage":{"@id":"https:\/\/naturalpoland.com\/ko\/je-pum\/sig-mul-chu-chul-mul\/convolvulus-pluricaulis-chuchulmul-syangkeupuswipi\/#primaryimage"},"image":{"@id":"https:\/\/naturalpoland.com\/ko\/je-pum\/sig-mul-chu-chul-mul\/convolvulus-pluricaulis-chuchulmul-syangkeupuswipi\/#primaryimage"},"thumbnailUrl":"https:\/\/naturalpoland.com\/wp-content\/uploads\/shankhpushpi.webp","datePublished":"2025-01-14T12:08:30+00:00","dateModified":"2025-08-21T12:43:45+00:00","description":"Convolvulus pluricaulis \ucd94\ucd9c\ubb3c\uc740 \uc0f9\ud06c\ud478\uc26c\ud53c\ub85c\ub3c4 \uc54c\ub824\uc838 \uc788\uc73c\uba70, \uc774 \uc544\uc720\ub974\ubca0\ub2e4 \uc2dd\ubb3c\uc758 \uaf43\uc5d0\uc11c \ucd94\ucd9c\ub418\ub294 \uace0\ud488\uc9c8 \uc2dd\ubb3c\uc131 \uc6d0\ub8cc\uc785\ub2c8\ub2e4.","breadcrumb":{"@id":"https:\/\/naturalpoland.com\/ko\/je-pum\/sig-mul-chu-chul-mul\/convolvulus-pluricaulis-chuchulmul-syangkeupuswipi\/#breadcrumb"},"inLanguage":"ko-KR","potentialAction":[{"@type":"ReadAction","target":["https:\/\/naturalpoland.com\/ko\/je-pum\/sig-mul-chu-chul-mul\/convolvulus-pluricaulis-chuchulmul-syangkeupuswipi\/"]}]},{"@type":"ImageObject","inLanguage":"ko-KR","@id":"https:\/\/naturalpoland.com\/ko\/je-pum\/sig-mul-chu-chul-mul\/convolvulus-pluricaulis-chuchulmul-syangkeupuswipi\/#primaryimage","url":"https:\/\/naturalpoland.com\/wp-content\/uploads\/shankhpushpi.webp","contentUrl":"https:\/\/naturalpoland.com\/wp-content\/uploads\/shankhpushpi.webp","width":592,"height":592,"caption":"Shankhpushpi"},{"@type":"BreadcrumbList","@id":"https:\/\/naturalpoland.com\/ko\/je-pum\/sig-mul-chu-chul-mul\/convolvulus-pluricaulis-chuchulmul-syangkeupuswipi\/#breadcrumb","itemListElement":[{"@type":"ListItem","position":1,"name":"\ud648","item":"https:\/\/naturalpoland.com\/ko\/"},{"@type":"ListItem","position":2,"name":"\uc81c\ud488","item":"https:\/\/naturalpoland.com\/ko\/%ec%a0%9c%ed%92%88\/"},{"@type":"ListItem","position":3,"name":"Convolvulus pluricaulis \ucd94\ucd9c\ubb3c (\uc0f9\ud06c\ud478\uc26c\ud53c)"}]},{"@type":"WebSite","@id":"https:\/\/naturalpoland.com\/ko\/#website","url":"https:\/\/naturalpoland.com\/ko\/","name":"NATURAL POLAND - Hurtowy Dystrybutor Surowc\u00f3w","description":"Surowce dla przemys\u0142u spo\u017cywczego, kosmetycznego i farmaceutycznego","publisher":{"@id":"https:\/\/naturalpoland.com\/ko\/#organization"},"potentialAction":[{"@type":"SearchAction","target":{"@type":"EntryPoint","urlTemplate":"https:\/\/naturalpoland.com\/ko\/?s={search_term_string}"},"query-input":{"@type":"PropertyValueSpecification","valueRequired":true,"valueName":"search_term_string"}}],"inLanguage":"ko-KR"},{"@type":"Organization","@id":"https:\/\/naturalpoland.com\/ko\/#organization","name":"Natural Poland","url":"https:\/\/naturalpoland.com\/ko\/","logo":{"@type":"ImageObject","inLanguage":"ko-KR","@id":"https:\/\/naturalpoland.com\/ko\/#\/schema\/logo\/image\/","url":"https:\/\/naturalpoland.com\/wp-content\/uploads\/2021\/05\/natural-poland-icon.png","contentUrl":"https:\/\/naturalpoland.com\/wp-content\/uploads\/2021\/05\/natural-poland-icon.png","width":512,"height":512,"caption":"Natural Poland"},"image":{"@id":"https:\/\/naturalpoland.com\/ko\/#\/schema\/logo\/image\/"},"sameAs":["https:\/\/www.facebook.com\/naturalpoland.b2b","https:\/\/pl.linkedin.com\/company\/natural-poland","https:\/\/www.youtube.com\/channel\/UCgeGGkvOMahZo-xu_MSEWxg"]}]}},"_links":{"self":[{"href":"https:\/\/naturalpoland.com\/ko\/wp-json\/wp\/v2\/product\/42811","targetHints":{"allow":["GET"]}}],"collection":[{"href":"https:\/\/naturalpoland.com\/ko\/wp-json\/wp\/v2\/product"}],"about":[{"href":"https:\/\/naturalpoland.com\/ko\/wp-json\/wp\/v2\/types\/product"}],"wp:featuredmedia":[{"embeddable":true,"href":"https:\/\/naturalpoland.com\/ko\/wp-json\/wp\/v2\/media\/42814"}],"wp:attachment":[{"href":"https:\/\/naturalpoland.com\/ko\/wp-json\/wp\/v2\/media?parent=42811"}],"wp:term":[{"taxonomy":"product_brand","embeddable":true,"href":"https:\/\/naturalpoland.com\/ko\/wp-json\/wp\/v2\/product_brand?post=42811"},{"taxonomy":"product_cat","embeddable":true,"href":"https:\/\/naturalpoland.com\/ko\/wp-json\/wp\/v2\/product_cat?post=42811"},{"taxonomy":"product_tag","embeddable":true,"href":"https:\/\/naturalpoland.com\/ko\/wp-json\/wp\/v2\/product_tag?post=42811"}],"curies":[{"name":"wp","href":"https:\/\/api.w.org\/{rel}","templated":true}]}}