{"id":42815,"date":"2025-05-29T14:10:51","date_gmt":"2025-05-29T12:10:51","guid":{"rendered":"https:\/\/naturalpoland.com\/produkty\/uncategorized\/%ed%83%80%ed%8a%b8%ec%b2%b4%eb%a6%ac-%ec%b6%94%ec%b6%9c%eb%ac%bc\/"},"modified":"2025-08-21T14:42:08","modified_gmt":"2025-08-21T12:42:08","slug":"tateu-cheri-chuchulmul","status":"publish","type":"product","link":"https:\/\/naturalpoland.com\/ko\/je-pum\/sig-mul-chu-chul-mul\/tateu-cheri-chuchulmul\/","title":{"rendered":"\ud0c0\ud2b8\uccb4\ub9ac \ucd94\ucd9c\ubb3c"},"content":{"rendered":"<h2>\ud0c0\ud2b8\uccb4\ub9ac \ucd94\ucd9c\ubb3c\uc758 \ud2b9\uc131<\/h2>\n<p>\ud0c0\ud2b8\uccb4\ub9ac \ucd94\ucd9c\ubb3c\uc740 \ucc9c\uc5f0 \ud3f4\ub9ac\ud398\ub180, \uc548\ud1a0\uc2dc\uc544\ub2cc \ubc0f \uae30\ud0c0 \ud56d\uc0b0\ud654\uc81c\ub97c \ud568\uc720\ud558\uace0 \uc788\uc5b4 \uc2e0\uccb4 \uc138\ud3ec\ub97c \ubcf4\ud638\ud558\uace0 \uc0b0\ud654 \uc2a4\ud2b8\ub808\uc2a4\uc640 \uc5fc\uc99d\uc744 \uc904\uc774\ub294 \ub370 \ub3c4\uc6c0\uc774 \ub429\ub2c8\ub2e4. \ucd94\ucd9c\ubb3c\uc744 \uafb8\uc900\ud788 \uc12d\ucde8\ud558\uba74 <strong>\uba5c\ub77c\ud1a0\ub2cc \uc218\uce58\ub97c \uc790\uc5f0\uc801\uc73c\ub85c \ub192\uc5ec<\/strong> \uc77c\uc8fc\uae30 \ub9ac\ub4ec \uc870\uc808\uc5d0 \uad00\uc5ec\ud558\ub294 \ud638\ub974\ubaac\uc744 \ubcf4\ucda9\ud560 \uc218 \uc788\uc2b5\ub2c8\ub2e4. \uc5f0\uad6c\uc5d0 \ub530\ub974\uba74 \uc6b4\ub3d9 \ud6c4 <strong>\uadfc\uc721 \ud68c\ubcf5<\/strong>\uacfc <strong>\ud1b5\ud48d \uc99d\uc0c1 \uc644\ud654<\/strong>\uc5d0\ub3c4 \uae0d\uc815\uc801\uc778 \uc601\ud5a5\uc744 \ubbf8\uce58\ub294 \uac83\uc73c\ub85c \ub098\ud0c0\ub0ac\uc2b5\ub2c8\ub2e4. \uc774 \uc81c\ud488\uc740 \ubd84\ud64d\ube5b \ubcf4\ub77c\uc0c9\uc744 \ub760\uba70, \ud2b9\uc720\uc758 \ub9db\uacfc \ud5a5, \uadf8\ub9ac\uace0 \ub9e4\uc6b0 \ubbf8\uc138\ud55c \uc785\uc790 \uad6c\uc870\ub97c \uac00\uc9c0\uace0 \uc788\uc2b5\ub2c8\ub2e4.<\/p>\n<h2>\uc801\uc6a9 \ubd84\uc57c:<\/h2>\n<p>\ud0c0\ud2b8\uccb4\ub9ac \ucd94\ucd9c\ubb3c\uc740 \uc8fc\ub85c <strong>\uac74\uac15\ud55c \uc218\uba74, \uc6b4\ub3d9 \ud6c4 \ud68c\ubcf5 \ubc0f \ud56d\uc0b0\ud654 \ubcf4\ud638\ub97c \ub3d5\ub294 \uac74\uac15\ubcf4\uc870\uc2dd\ud488<\/strong>\uc5d0 \uc0ac\uc6a9\ub429\ub2c8\ub2e4. \uc2dd\ud488 \uc0b0\uc5c5\uc5d0\uc11c\ub294 \ub2e8\ubc31\uc9c8 \ubc14, \uae30\ub2a5\uc131 \uc74c\ub8cc, \ucea1\uc290 \ubc0f \uc74c\ub8cc\uc6a9 \ubd84\ub9d0\uc758 \uc131\ubd84\uc73c\ub85c \uc0ac\uc6a9\ub420 \uc218 \uc788\uc2b5\ub2c8\ub2e4. \uc6a9\ub9e4\ub85c \ubb3c\uc744 \uc0ac\uc6a9\ud558\uace0 \ub9d0\ud1a0\ub371\uc2a4\ud2b8\ub9b0\uc744 \uc6b4\ubc18\uccb4\ub85c \uc0ac\uc6a9\ud558\uae30 \ub54c\ubb38\uc5d0 \ub2e4\uc591\ud55c \uc81c\ud615\uc5d0 \uc801\ud569\ud569\ub2c8\ub2e4. GMO\uac00 \uc5c6\uc73c\uba70, \uc794\ub958 \ub18d\uc57d \ubc0f \uc911\uae08\uc18d\uc5d0 \ub300\ud55c \uc720\ub7fd \ubc0f \ubbf8\uad6d \ud45c\uc900\uc744 \uc900\uc218\ud569\ub2c8\ub2e4.<\/p>\n","protected":false},"excerpt":{"rendered":"<p><strong>\ud0c0\ud2b8\uccb4\ub9ac \ucd94\ucd9c\ubb3c<\/strong> (<em>Tart Cherry Extract<\/em>)\uc740 <em>\ud504\ub8e8\ub204\uc2a4 \uc138\ub77c\uc218\uc2a4(Prunus cerasus)<\/em> \uc5f4\ub9e4\uc5d0\uc11c \ucd94\ucd9c\ub429\ub2c8\ub2e4. \uac74\uac15\ubcf4\uc870\uc2dd\ud488 \ubc0f \uae30\ub2a5\uc131 \uc2dd\ud488 \uc0b0\uc5c5\uc5d0\uc11c \ud65c\uc6a9\ub429\ub2c8\ub2e4.<\/p>\n","protected":false},"featured_media":42817,"template":"","meta":[],"product_brand":[],"product_cat":[8134],"product_tag":[],"class_list":{"0":"post-42815","1":"product","2":"type-product","3":"status-publish","4":"has-post-thumbnail","6":"product_cat-sig-mul-chu-chul-mul","8":"first","9":"instock","10":"shipping-taxable","11":"product-type-simple"},"yoast_head":"<!-- This site is optimized with the Yoast SEO plugin v27.4 - https:\/\/yoast.com\/product\/yoast-seo-wordpress\/ -->\n<title>\ud0c0\ud2b8\uccb4\ub9ac \ucd94\ucd9c\ubb3c - Hurtowy Dystrybutor<\/title>\n<meta name=\"description\" content=\"\ud504\ub8e8\ub204\uc2a4 \uc138\ub77c\uc218\uc2a4(Prunus cerasus) \uc5f4\ub9e4\uc5d0\uc11c \ucd94\ucd9c\ud55c \ud0c0\ud2b8\uccb4\ub9ac \ucd94\ucd9c\ubb3c\uc740 \uac74\uac15\ubcf4\uc870\uc2dd\ud488 \uc0b0\uc5c5\uc5d0\uc11c \uc8fc\ubaa9\ubc1b\ub294 \uc131\ubd84\uc785\ub2c8\ub2e4.\" \/>\n<meta name=\"robots\" content=\"index, follow, max-snippet:-1, max-image-preview:large, max-video-preview:-1\" \/>\n<link rel=\"canonical\" href=\"https:\/\/naturalpoland.com\/ko\/je-pum\/sig-mul-chu-chul-mul\/tateu-cheri-chuchulmul\/\" \/>\n<meta property=\"og:locale\" content=\"ko_KR\" \/>\n<meta property=\"og:type\" content=\"article\" \/>\n<meta property=\"og:title\" content=\"\ud0c0\ud2b8\uccb4\ub9ac \ucd94\ucd9c\ubb3c - Hurtowy Dystrybutor\" \/>\n<meta property=\"og:description\" content=\"\ud504\ub8e8\ub204\uc2a4 \uc138\ub77c\uc218\uc2a4(Prunus cerasus) \uc5f4\ub9e4\uc5d0\uc11c \ucd94\ucd9c\ud55c \ud0c0\ud2b8\uccb4\ub9ac \ucd94\ucd9c\ubb3c\uc740 \uac74\uac15\ubcf4\uc870\uc2dd\ud488 \uc0b0\uc5c5\uc5d0\uc11c \uc8fc\ubaa9\ubc1b\ub294 \uc131\ubd84\uc785\ub2c8\ub2e4.\" \/>\n<meta property=\"og:url\" content=\"https:\/\/naturalpoland.com\/ko\/je-pum\/sig-mul-chu-chul-mul\/tateu-cheri-chuchulmul\/\" \/>\n<meta property=\"og:site_name\" content=\"NATURAL POLAND - Hurtowy Dystrybutor Surowc\u00f3w\" \/>\n<meta property=\"article:publisher\" content=\"https:\/\/www.facebook.com\/naturalpoland.b2b\" \/>\n<meta property=\"article:modified_time\" content=\"2025-08-21T12:42:08+00:00\" \/>\n<meta property=\"og:image\" content=\"https:\/\/naturalpoland.com\/wp-content\/uploads\/ekstrakt-z-wisni-kwasnej.webp\" \/>\n\t<meta property=\"og:image:width\" content=\"1024\" \/>\n\t<meta property=\"og:image:height\" content=\"1024\" \/>\n\t<meta property=\"og:image:type\" content=\"image\/webp\" \/>\n<script type=\"application\/ld+json\" class=\"yoast-schema-graph\">{\"@context\":\"https:\\\/\\\/schema.org\",\"@graph\":[{\"@type\":\"WebPage\",\"@id\":\"https:\\\/\\\/naturalpoland.com\\\/ko\\\/je-pum\\\/sig-mul-chu-chul-mul\\\/tateu-cheri-chuchulmul\\\/\",\"url\":\"https:\\\/\\\/naturalpoland.com\\\/ko\\\/je-pum\\\/sig-mul-chu-chul-mul\\\/tateu-cheri-chuchulmul\\\/\",\"name\":\"\ud0c0\ud2b8\uccb4\ub9ac \ucd94\ucd9c\ubb3c - Hurtowy Dystrybutor\",\"isPartOf\":{\"@id\":\"https:\\\/\\\/naturalpoland.com\\\/ko\\\/#website\"},\"primaryImageOfPage\":{\"@id\":\"https:\\\/\\\/naturalpoland.com\\\/ko\\\/je-pum\\\/sig-mul-chu-chul-mul\\\/tateu-cheri-chuchulmul\\\/#primaryimage\"},\"image\":{\"@id\":\"https:\\\/\\\/naturalpoland.com\\\/ko\\\/je-pum\\\/sig-mul-chu-chul-mul\\\/tateu-cheri-chuchulmul\\\/#primaryimage\"},\"thumbnailUrl\":\"https:\\\/\\\/naturalpoland.com\\\/wp-content\\\/uploads\\\/ekstrakt-z-wisni-kwasnej.webp\",\"datePublished\":\"2025-05-29T12:10:51+00:00\",\"dateModified\":\"2025-08-21T12:42:08+00:00\",\"description\":\"\ud504\ub8e8\ub204\uc2a4 \uc138\ub77c\uc218\uc2a4(Prunus cerasus) \uc5f4\ub9e4\uc5d0\uc11c \ucd94\ucd9c\ud55c \ud0c0\ud2b8\uccb4\ub9ac \ucd94\ucd9c\ubb3c\uc740 \uac74\uac15\ubcf4\uc870\uc2dd\ud488 \uc0b0\uc5c5\uc5d0\uc11c \uc8fc\ubaa9\ubc1b\ub294 \uc131\ubd84\uc785\ub2c8\ub2e4.\",\"breadcrumb\":{\"@id\":\"https:\\\/\\\/naturalpoland.com\\\/ko\\\/je-pum\\\/sig-mul-chu-chul-mul\\\/tateu-cheri-chuchulmul\\\/#breadcrumb\"},\"inLanguage\":\"ko-KR\",\"potentialAction\":[{\"@type\":\"ReadAction\",\"target\":[\"https:\\\/\\\/naturalpoland.com\\\/ko\\\/je-pum\\\/sig-mul-chu-chul-mul\\\/tateu-cheri-chuchulmul\\\/\"]}]},{\"@type\":\"ImageObject\",\"inLanguage\":\"ko-KR\",\"@id\":\"https:\\\/\\\/naturalpoland.com\\\/ko\\\/je-pum\\\/sig-mul-chu-chul-mul\\\/tateu-cheri-chuchulmul\\\/#primaryimage\",\"url\":\"https:\\\/\\\/naturalpoland.com\\\/wp-content\\\/uploads\\\/ekstrakt-z-wisni-kwasnej.webp\",\"contentUrl\":\"https:\\\/\\\/naturalpoland.com\\\/wp-content\\\/uploads\\\/ekstrakt-z-wisni-kwasnej.webp\",\"width\":1024,\"height\":1024,\"caption\":\"Ekstrakt z wi\u015bni kwa\u015bnej w proszku\"},{\"@type\":\"BreadcrumbList\",\"@id\":\"https:\\\/\\\/naturalpoland.com\\\/ko\\\/je-pum\\\/sig-mul-chu-chul-mul\\\/tateu-cheri-chuchulmul\\\/#breadcrumb\",\"itemListElement\":[{\"@type\":\"ListItem\",\"position\":1,\"name\":\"\ud648\",\"item\":\"https:\\\/\\\/naturalpoland.com\\\/ko\\\/\"},{\"@type\":\"ListItem\",\"position\":2,\"name\":\"\uc81c\ud488\",\"item\":\"https:\\\/\\\/naturalpoland.com\\\/ko\\\/%ec%a0%9c%ed%92%88\\\/\"},{\"@type\":\"ListItem\",\"position\":3,\"name\":\"\ud0c0\ud2b8\uccb4\ub9ac \ucd94\ucd9c\ubb3c\"}]},{\"@type\":\"WebSite\",\"@id\":\"https:\\\/\\\/naturalpoland.com\\\/ko\\\/#website\",\"url\":\"https:\\\/\\\/naturalpoland.com\\\/ko\\\/\",\"name\":\"NATURAL POLAND - Hurtowy Dystrybutor Surowc\u00f3w\",\"description\":\"Surowce dla przemys\u0142u spo\u017cywczego, kosmetycznego i farmaceutycznego\",\"publisher\":{\"@id\":\"https:\\\/\\\/naturalpoland.com\\\/ko\\\/#organization\"},\"potentialAction\":[{\"@type\":\"SearchAction\",\"target\":{\"@type\":\"EntryPoint\",\"urlTemplate\":\"https:\\\/\\\/naturalpoland.com\\\/ko\\\/?s={search_term_string}\"},\"query-input\":{\"@type\":\"PropertyValueSpecification\",\"valueRequired\":true,\"valueName\":\"search_term_string\"}}],\"inLanguage\":\"ko-KR\"},{\"@type\":\"Organization\",\"@id\":\"https:\\\/\\\/naturalpoland.com\\\/ko\\\/#organization\",\"name\":\"Natural Poland\",\"url\":\"https:\\\/\\\/naturalpoland.com\\\/ko\\\/\",\"logo\":{\"@type\":\"ImageObject\",\"inLanguage\":\"ko-KR\",\"@id\":\"https:\\\/\\\/naturalpoland.com\\\/ko\\\/#\\\/schema\\\/logo\\\/image\\\/\",\"url\":\"https:\\\/\\\/naturalpoland.com\\\/wp-content\\\/uploads\\\/2021\\\/05\\\/natural-poland-icon.png\",\"contentUrl\":\"https:\\\/\\\/naturalpoland.com\\\/wp-content\\\/uploads\\\/2021\\\/05\\\/natural-poland-icon.png\",\"width\":512,\"height\":512,\"caption\":\"Natural Poland\"},\"image\":{\"@id\":\"https:\\\/\\\/naturalpoland.com\\\/ko\\\/#\\\/schema\\\/logo\\\/image\\\/\"},\"sameAs\":[\"https:\\\/\\\/www.facebook.com\\\/naturalpoland.b2b\",\"https:\\\/\\\/pl.linkedin.com\\\/company\\\/natural-poland\",\"https:\\\/\\\/www.youtube.com\\\/channel\\\/UCgeGGkvOMahZo-xu_MSEWxg\"]}]}<\/script>\n<!-- \/ Yoast SEO plugin. -->","yoast_head_json":{"title":"\ud0c0\ud2b8\uccb4\ub9ac \ucd94\ucd9c\ubb3c - Hurtowy Dystrybutor","description":"\ud504\ub8e8\ub204\uc2a4 \uc138\ub77c\uc218\uc2a4(Prunus cerasus) \uc5f4\ub9e4\uc5d0\uc11c \ucd94\ucd9c\ud55c \ud0c0\ud2b8\uccb4\ub9ac \ucd94\ucd9c\ubb3c\uc740 \uac74\uac15\ubcf4\uc870\uc2dd\ud488 \uc0b0\uc5c5\uc5d0\uc11c \uc8fc\ubaa9\ubc1b\ub294 \uc131\ubd84\uc785\ub2c8\ub2e4.","robots":{"index":"index","follow":"follow","max-snippet":"max-snippet:-1","max-image-preview":"max-image-preview:large","max-video-preview":"max-video-preview:-1"},"canonical":"https:\/\/naturalpoland.com\/ko\/je-pum\/sig-mul-chu-chul-mul\/tateu-cheri-chuchulmul\/","og_locale":"ko_KR","og_type":"article","og_title":"\ud0c0\ud2b8\uccb4\ub9ac \ucd94\ucd9c\ubb3c - Hurtowy Dystrybutor","og_description":"\ud504\ub8e8\ub204\uc2a4 \uc138\ub77c\uc218\uc2a4(Prunus cerasus) \uc5f4\ub9e4\uc5d0\uc11c \ucd94\ucd9c\ud55c \ud0c0\ud2b8\uccb4\ub9ac \ucd94\ucd9c\ubb3c\uc740 \uac74\uac15\ubcf4\uc870\uc2dd\ud488 \uc0b0\uc5c5\uc5d0\uc11c \uc8fc\ubaa9\ubc1b\ub294 \uc131\ubd84\uc785\ub2c8\ub2e4.","og_url":"https:\/\/naturalpoland.com\/ko\/je-pum\/sig-mul-chu-chul-mul\/tateu-cheri-chuchulmul\/","og_site_name":"NATURAL POLAND - Hurtowy Dystrybutor Surowc\u00f3w","article_publisher":"https:\/\/www.facebook.com\/naturalpoland.b2b","article_modified_time":"2025-08-21T12:42:08+00:00","og_image":[{"width":1024,"height":1024,"url":"https:\/\/naturalpoland.com\/wp-content\/uploads\/ekstrakt-z-wisni-kwasnej.webp","type":"image\/webp"}],"schema":{"@context":"https:\/\/schema.org","@graph":[{"@type":"WebPage","@id":"https:\/\/naturalpoland.com\/ko\/je-pum\/sig-mul-chu-chul-mul\/tateu-cheri-chuchulmul\/","url":"https:\/\/naturalpoland.com\/ko\/je-pum\/sig-mul-chu-chul-mul\/tateu-cheri-chuchulmul\/","name":"\ud0c0\ud2b8\uccb4\ub9ac \ucd94\ucd9c\ubb3c - Hurtowy Dystrybutor","isPartOf":{"@id":"https:\/\/naturalpoland.com\/ko\/#website"},"primaryImageOfPage":{"@id":"https:\/\/naturalpoland.com\/ko\/je-pum\/sig-mul-chu-chul-mul\/tateu-cheri-chuchulmul\/#primaryimage"},"image":{"@id":"https:\/\/naturalpoland.com\/ko\/je-pum\/sig-mul-chu-chul-mul\/tateu-cheri-chuchulmul\/#primaryimage"},"thumbnailUrl":"https:\/\/naturalpoland.com\/wp-content\/uploads\/ekstrakt-z-wisni-kwasnej.webp","datePublished":"2025-05-29T12:10:51+00:00","dateModified":"2025-08-21T12:42:08+00:00","description":"\ud504\ub8e8\ub204\uc2a4 \uc138\ub77c\uc218\uc2a4(Prunus cerasus) \uc5f4\ub9e4\uc5d0\uc11c \ucd94\ucd9c\ud55c \ud0c0\ud2b8\uccb4\ub9ac \ucd94\ucd9c\ubb3c\uc740 \uac74\uac15\ubcf4\uc870\uc2dd\ud488 \uc0b0\uc5c5\uc5d0\uc11c \uc8fc\ubaa9\ubc1b\ub294 \uc131\ubd84\uc785\ub2c8\ub2e4.","breadcrumb":{"@id":"https:\/\/naturalpoland.com\/ko\/je-pum\/sig-mul-chu-chul-mul\/tateu-cheri-chuchulmul\/#breadcrumb"},"inLanguage":"ko-KR","potentialAction":[{"@type":"ReadAction","target":["https:\/\/naturalpoland.com\/ko\/je-pum\/sig-mul-chu-chul-mul\/tateu-cheri-chuchulmul\/"]}]},{"@type":"ImageObject","inLanguage":"ko-KR","@id":"https:\/\/naturalpoland.com\/ko\/je-pum\/sig-mul-chu-chul-mul\/tateu-cheri-chuchulmul\/#primaryimage","url":"https:\/\/naturalpoland.com\/wp-content\/uploads\/ekstrakt-z-wisni-kwasnej.webp","contentUrl":"https:\/\/naturalpoland.com\/wp-content\/uploads\/ekstrakt-z-wisni-kwasnej.webp","width":1024,"height":1024,"caption":"Ekstrakt z wi\u015bni kwa\u015bnej w proszku"},{"@type":"BreadcrumbList","@id":"https:\/\/naturalpoland.com\/ko\/je-pum\/sig-mul-chu-chul-mul\/tateu-cheri-chuchulmul\/#breadcrumb","itemListElement":[{"@type":"ListItem","position":1,"name":"\ud648","item":"https:\/\/naturalpoland.com\/ko\/"},{"@type":"ListItem","position":2,"name":"\uc81c\ud488","item":"https:\/\/naturalpoland.com\/ko\/%ec%a0%9c%ed%92%88\/"},{"@type":"ListItem","position":3,"name":"\ud0c0\ud2b8\uccb4\ub9ac \ucd94\ucd9c\ubb3c"}]},{"@type":"WebSite","@id":"https:\/\/naturalpoland.com\/ko\/#website","url":"https:\/\/naturalpoland.com\/ko\/","name":"NATURAL POLAND - Hurtowy Dystrybutor Surowc\u00f3w","description":"Surowce dla przemys\u0142u spo\u017cywczego, kosmetycznego i farmaceutycznego","publisher":{"@id":"https:\/\/naturalpoland.com\/ko\/#organization"},"potentialAction":[{"@type":"SearchAction","target":{"@type":"EntryPoint","urlTemplate":"https:\/\/naturalpoland.com\/ko\/?s={search_term_string}"},"query-input":{"@type":"PropertyValueSpecification","valueRequired":true,"valueName":"search_term_string"}}],"inLanguage":"ko-KR"},{"@type":"Organization","@id":"https:\/\/naturalpoland.com\/ko\/#organization","name":"Natural Poland","url":"https:\/\/naturalpoland.com\/ko\/","logo":{"@type":"ImageObject","inLanguage":"ko-KR","@id":"https:\/\/naturalpoland.com\/ko\/#\/schema\/logo\/image\/","url":"https:\/\/naturalpoland.com\/wp-content\/uploads\/2021\/05\/natural-poland-icon.png","contentUrl":"https:\/\/naturalpoland.com\/wp-content\/uploads\/2021\/05\/natural-poland-icon.png","width":512,"height":512,"caption":"Natural Poland"},"image":{"@id":"https:\/\/naturalpoland.com\/ko\/#\/schema\/logo\/image\/"},"sameAs":["https:\/\/www.facebook.com\/naturalpoland.b2b","https:\/\/pl.linkedin.com\/company\/natural-poland","https:\/\/www.youtube.com\/channel\/UCgeGGkvOMahZo-xu_MSEWxg"]}]}},"_links":{"self":[{"href":"https:\/\/naturalpoland.com\/ko\/wp-json\/wp\/v2\/product\/42815","targetHints":{"allow":["GET"]}}],"collection":[{"href":"https:\/\/naturalpoland.com\/ko\/wp-json\/wp\/v2\/product"}],"about":[{"href":"https:\/\/naturalpoland.com\/ko\/wp-json\/wp\/v2\/types\/product"}],"wp:featuredmedia":[{"embeddable":true,"href":"https:\/\/naturalpoland.com\/ko\/wp-json\/wp\/v2\/media\/42817"}],"wp:attachment":[{"href":"https:\/\/naturalpoland.com\/ko\/wp-json\/wp\/v2\/media?parent=42815"}],"wp:term":[{"taxonomy":"product_brand","embeddable":true,"href":"https:\/\/naturalpoland.com\/ko\/wp-json\/wp\/v2\/product_brand?post=42815"},{"taxonomy":"product_cat","embeddable":true,"href":"https:\/\/naturalpoland.com\/ko\/wp-json\/wp\/v2\/product_cat?post=42815"},{"taxonomy":"product_tag","embeddable":true,"href":"https:\/\/naturalpoland.com\/ko\/wp-json\/wp\/v2\/product_tag?post=42815"}],"curies":[{"name":"wp","href":"https:\/\/api.w.org\/{rel}","templated":true}]}}